{"id":13036,"date":"2025-10-23T13:39:33","date_gmt":"2025-10-23T12:39:33","guid":{"rendered":"https:\/\/lda.be\/?post_type=product&#038;p=13036"},"modified":"2025-10-23T13:46:37","modified_gmt":"2025-10-23T12:46:37","slug":"erdp54-remote-drive","status":"publish","type":"product","link":"https:\/\/lda.be\/fr\/produit\/erdp54-remote-drive\/","title":{"rendered":"ERDP54 Remote Drive"},"content":{"rendered":"<p>Le Remote Drive g\u00e9n\u00e8re son propre air comprim\u00e9 gr\u00e2ce \u00e0 un syst\u00e8me de compression interne \u00e0 entra\u00eenement \u00e9lectrique. Cet air est ensuite utilis\u00e9 pour actionner les actionneurs pneumatiques. Qu&#8217;est-ce qui rend ce syst\u00e8me si unique ? L&#8217;air continue de circuler \u00e0 l&#8217;int\u00e9rieur du syst\u00e8me. Au lieu d&#8217;\u00eatre \u00e9vacu\u00e9 dans l&#8217;environnement comme c&#8217;est le cas avec les syst\u00e8mes pneumatiques. Lorsqu&#8217;un actionneur se d\u00e9place, l&#8217;air se d\u00e9place \u00e0 l&#8217;int\u00e9rieur du syst\u00e8me sans \u00eatre perdu.<\/p>\n","protected":false},"excerpt":{"rendered":"<p>Le Remote Drive g\u00e9n\u00e8re son propre air comprim\u00e9 gr\u00e2ce \u00e0 un syst\u00e8me de compression interne \u00e0 entra\u00eenement \u00e9lectrique. Cet air est ensuite utilis\u00e9 pour actionner les actionneurs pneumatiques. Qu&#8217;est-ce qui rend ce syst\u00e8me si unique ? L&#8217;air continue de circuler \u00e0 l&#8217;int\u00e9rieur du syst\u00e8me. Au lieu d&#8217;\u00eatre \u00e9vacu\u00e9 dans l&#8217;environnement comme c&#8217;est le cas avec [&hellip;]<\/p>\n","protected":false},"featured_media":13031,"comment_status":"closed","ping_status":"closed","template":"","meta":[],"product_brand":[1797],"product_cat":[840],"product_tag":[],"class_list":{"0":"post-13036","1":"product","2":"type-product","3":"status-publish","4":"has-post-thumbnail","6":"product_brand-tolomatic","7":"product_cat-air-a-la-demande","9":"first","10":"instock","11":"shipping-taxable","12":"product-type-simple"},"yoast_head":"<!-- This site is optimized with the Yoast SEO plugin v27.3 - https:\/\/yoast.com\/product\/yoast-seo-wordpress\/ -->\n<title>ERDP54 Remote Drive - LDA Belgique<\/title>\n<meta name=\"description\" content=\"Le remote drive EDRP54 permet un contr\u00f4le pr\u00e9cis de la pression pour les actionneurs pneumatiques. Actionnez vos actionneurs pneumatiques \u00e9lectriquement \u00e0 l&#039;aide du variateur \u00e0 distance.\" \/>\n<meta name=\"robots\" content=\"index, follow, max-snippet:-1, max-image-preview:large, max-video-preview:-1\" \/>\n<link rel=\"canonical\" href=\"https:\/\/lda.be\/fr\/produit\/erdp54-remote-drive\/\" \/>\n<meta property=\"og:locale\" content=\"fr_FR\" \/>\n<meta property=\"og:type\" content=\"article\" \/>\n<meta property=\"og:title\" content=\"ERDP54 Remote Drive - LDA Belgique\" \/>\n<meta property=\"og:description\" content=\"Le remote drive EDRP54 permet un contr\u00f4le pr\u00e9cis de la pression pour les actionneurs pneumatiques. Actionnez vos actionneurs pneumatiques \u00e9lectriquement \u00e0 l&#039;aide du variateur \u00e0 distance.\" \/>\n<meta property=\"og:url\" content=\"https:\/\/lda.be\/fr\/produit\/erdp54-remote-drive\/\" \/>\n<meta property=\"og:site_name\" content=\"LDA Belgique\" \/>\n<meta property=\"article:modified_time\" content=\"2025-10-23T12:46:37+00:00\" \/>\n<meta property=\"og:image\" content=\"https:\/\/lda.be\/wp-content\/uploads\/2025\/10\/ERDP-remote-drive.webp\" \/>\n\t<meta property=\"og:image:width\" content=\"1080\" \/>\n\t<meta property=\"og:image:height\" content=\"1080\" \/>\n\t<meta property=\"og:image:type\" content=\"image\/webp\" \/>\n<meta name=\"twitter:card\" content=\"summary_large_image\" \/>\n<meta name=\"twitter:label1\" content=\"Dur\u00e9e de lecture estim\u00e9e\" \/>\n\t<meta name=\"twitter:data1\" content=\"1 minute\" \/>\n<script type=\"application\/ld+json\" class=\"yoast-schema-graph\">{\"@context\":\"https:\\\/\\\/schema.org\",\"@graph\":[{\"@type\":\"WebPage\",\"@id\":\"https:\\\/\\\/lda.be\\\/fr\\\/produit\\\/erdp54-remote-drive\\\/\",\"url\":\"https:\\\/\\\/lda.be\\\/fr\\\/produit\\\/erdp54-remote-drive\\\/\",\"name\":\"ERDP54 Remote Drive - LDA Belgique\",\"isPartOf\":{\"@id\":\"https:\\\/\\\/lda.be\\\/fr\\\/#website\"},\"primaryImageOfPage\":{\"@id\":\"https:\\\/\\\/lda.be\\\/fr\\\/produit\\\/erdp54-remote-drive\\\/#primaryimage\"},\"image\":{\"@id\":\"https:\\\/\\\/lda.be\\\/fr\\\/produit\\\/erdp54-remote-drive\\\/#primaryimage\"},\"thumbnailUrl\":\"https:\\\/\\\/lda.be\\\/wp-content\\\/uploads\\\/2025\\\/10\\\/ERDP-remote-drive.webp\",\"datePublished\":\"2025-10-23T12:39:33+00:00\",\"dateModified\":\"2025-10-23T12:46:37+00:00\",\"description\":\"Le remote drive EDRP54 permet un contr\u00f4le pr\u00e9cis de la pression pour les actionneurs pneumatiques. Actionnez vos actionneurs pneumatiques \u00e9lectriquement \u00e0 l'aide du variateur \u00e0 distance.\",\"breadcrumb\":{\"@id\":\"https:\\\/\\\/lda.be\\\/fr\\\/produit\\\/erdp54-remote-drive\\\/#breadcrumb\"},\"inLanguage\":\"fr-FR\",\"potentialAction\":[{\"@type\":\"ReadAction\",\"target\":[\"https:\\\/\\\/lda.be\\\/fr\\\/produit\\\/erdp54-remote-drive\\\/\"]}]},{\"@type\":\"ImageObject\",\"inLanguage\":\"fr-FR\",\"@id\":\"https:\\\/\\\/lda.be\\\/fr\\\/produit\\\/erdp54-remote-drive\\\/#primaryimage\",\"url\":\"https:\\\/\\\/lda.be\\\/wp-content\\\/uploads\\\/2025\\\/10\\\/ERDP-remote-drive.webp\",\"contentUrl\":\"https:\\\/\\\/lda.be\\\/wp-content\\\/uploads\\\/2025\\\/10\\\/ERDP-remote-drive.webp\",\"width\":1080,\"height\":1080,\"caption\":\"ERDP remote drive from PHD inc\"},{\"@type\":\"BreadcrumbList\",\"@id\":\"https:\\\/\\\/lda.be\\\/fr\\\/produit\\\/erdp54-remote-drive\\\/#breadcrumb\",\"itemListElement\":[{\"@type\":\"ListItem\",\"position\":1,\"name\":\"Accueil\",\"item\":\"https:\\\/\\\/lda.be\\\/fr\\\/\"},{\"@type\":\"ListItem\",\"position\":2,\"name\":\"Produits\",\"item\":\"https:\\\/\\\/lda.be\\\/fr\\\/produits\\\/\"},{\"@type\":\"ListItem\",\"position\":3,\"name\":\"ERDP54 Remote Drive\"}]},{\"@type\":\"WebSite\",\"@id\":\"https:\\\/\\\/lda.be\\\/fr\\\/#website\",\"url\":\"https:\\\/\\\/lda.be\\\/fr\\\/\",\"name\":\"LDA Belgium\",\"description\":\"Solutions For Life\",\"publisher\":{\"@id\":\"https:\\\/\\\/lda.be\\\/fr\\\/#organization\"},\"potentialAction\":[{\"@type\":\"SearchAction\",\"target\":{\"@type\":\"EntryPoint\",\"urlTemplate\":\"https:\\\/\\\/lda.be\\\/fr\\\/?s={search_term_string}\"},\"query-input\":{\"@type\":\"PropertyValueSpecification\",\"valueRequired\":true,\"valueName\":\"search_term_string\"}}],\"inLanguage\":\"fr-FR\"},{\"@type\":\"Organization\",\"@id\":\"https:\\\/\\\/lda.be\\\/fr\\\/#organization\",\"name\":\"LDA Belgium\",\"url\":\"https:\\\/\\\/lda.be\\\/fr\\\/\",\"logo\":{\"@type\":\"ImageObject\",\"inLanguage\":\"fr-FR\",\"@id\":\"https:\\\/\\\/lda.be\\\/fr\\\/#\\\/schema\\\/logo\\\/image\\\/\",\"url\":\"https:\\\/\\\/lda.be\\\/wp-content\\\/uploads\\\/2022\\\/07\\\/Logo-LDA.webp\",\"contentUrl\":\"https:\\\/\\\/lda.be\\\/wp-content\\\/uploads\\\/2022\\\/07\\\/Logo-LDA.webp\",\"width\":311,\"height\":101,\"caption\":\"LDA Belgium\"},\"image\":{\"@id\":\"https:\\\/\\\/lda.be\\\/fr\\\/#\\\/schema\\\/logo\\\/image\\\/\"},\"sameAs\":[\"https:\\\/\\\/www.linkedin.com\\\/company\\\/lda-belgium-nv\"]}]}<\/script>\n<!-- \/ Yoast SEO plugin. -->","yoast_head_json":{"title":"ERDP54 Remote Drive - LDA Belgique","description":"Le remote drive EDRP54 permet un contr\u00f4le pr\u00e9cis de la pression pour les actionneurs pneumatiques. Actionnez vos actionneurs pneumatiques \u00e9lectriquement \u00e0 l'aide du variateur \u00e0 distance.","robots":{"index":"index","follow":"follow","max-snippet":"max-snippet:-1","max-image-preview":"max-image-preview:large","max-video-preview":"max-video-preview:-1"},"canonical":"https:\/\/lda.be\/fr\/produit\/erdp54-remote-drive\/","og_locale":"fr_FR","og_type":"article","og_title":"ERDP54 Remote Drive - LDA Belgique","og_description":"Le remote drive EDRP54 permet un contr\u00f4le pr\u00e9cis de la pression pour les actionneurs pneumatiques. Actionnez vos actionneurs pneumatiques \u00e9lectriquement \u00e0 l'aide du variateur \u00e0 distance.","og_url":"https:\/\/lda.be\/fr\/produit\/erdp54-remote-drive\/","og_site_name":"LDA Belgique","article_modified_time":"2025-10-23T12:46:37+00:00","og_image":[{"width":1080,"height":1080,"url":"https:\/\/lda.be\/wp-content\/uploads\/2025\/10\/ERDP-remote-drive.webp","type":"image\/webp"}],"twitter_card":"summary_large_image","twitter_misc":{"Dur\u00e9e de lecture estim\u00e9e":"1 minute"},"schema":{"@context":"https:\/\/schema.org","@graph":[{"@type":"WebPage","@id":"https:\/\/lda.be\/fr\/produit\/erdp54-remote-drive\/","url":"https:\/\/lda.be\/fr\/produit\/erdp54-remote-drive\/","name":"ERDP54 Remote Drive - LDA Belgique","isPartOf":{"@id":"https:\/\/lda.be\/fr\/#website"},"primaryImageOfPage":{"@id":"https:\/\/lda.be\/fr\/produit\/erdp54-remote-drive\/#primaryimage"},"image":{"@id":"https:\/\/lda.be\/fr\/produit\/erdp54-remote-drive\/#primaryimage"},"thumbnailUrl":"https:\/\/lda.be\/wp-content\/uploads\/2025\/10\/ERDP-remote-drive.webp","datePublished":"2025-10-23T12:39:33+00:00","dateModified":"2025-10-23T12:46:37+00:00","description":"Le remote drive EDRP54 permet un contr\u00f4le pr\u00e9cis de la pression pour les actionneurs pneumatiques. Actionnez vos actionneurs pneumatiques \u00e9lectriquement \u00e0 l'aide du variateur \u00e0 distance.","breadcrumb":{"@id":"https:\/\/lda.be\/fr\/produit\/erdp54-remote-drive\/#breadcrumb"},"inLanguage":"fr-FR","potentialAction":[{"@type":"ReadAction","target":["https:\/\/lda.be\/fr\/produit\/erdp54-remote-drive\/"]}]},{"@type":"ImageObject","inLanguage":"fr-FR","@id":"https:\/\/lda.be\/fr\/produit\/erdp54-remote-drive\/#primaryimage","url":"https:\/\/lda.be\/wp-content\/uploads\/2025\/10\/ERDP-remote-drive.webp","contentUrl":"https:\/\/lda.be\/wp-content\/uploads\/2025\/10\/ERDP-remote-drive.webp","width":1080,"height":1080,"caption":"ERDP remote drive from PHD inc"},{"@type":"BreadcrumbList","@id":"https:\/\/lda.be\/fr\/produit\/erdp54-remote-drive\/#breadcrumb","itemListElement":[{"@type":"ListItem","position":1,"name":"Accueil","item":"https:\/\/lda.be\/fr\/"},{"@type":"ListItem","position":2,"name":"Produits","item":"https:\/\/lda.be\/fr\/produits\/"},{"@type":"ListItem","position":3,"name":"ERDP54 Remote Drive"}]},{"@type":"WebSite","@id":"https:\/\/lda.be\/fr\/#website","url":"https:\/\/lda.be\/fr\/","name":"LDA Belgium","description":"Solutions For Life","publisher":{"@id":"https:\/\/lda.be\/fr\/#organization"},"potentialAction":[{"@type":"SearchAction","target":{"@type":"EntryPoint","urlTemplate":"https:\/\/lda.be\/fr\/?s={search_term_string}"},"query-input":{"@type":"PropertyValueSpecification","valueRequired":true,"valueName":"search_term_string"}}],"inLanguage":"fr-FR"},{"@type":"Organization","@id":"https:\/\/lda.be\/fr\/#organization","name":"LDA Belgium","url":"https:\/\/lda.be\/fr\/","logo":{"@type":"ImageObject","inLanguage":"fr-FR","@id":"https:\/\/lda.be\/fr\/#\/schema\/logo\/image\/","url":"https:\/\/lda.be\/wp-content\/uploads\/2022\/07\/Logo-LDA.webp","contentUrl":"https:\/\/lda.be\/wp-content\/uploads\/2022\/07\/Logo-LDA.webp","width":311,"height":101,"caption":"LDA Belgium"},"image":{"@id":"https:\/\/lda.be\/fr\/#\/schema\/logo\/image\/"},"sameAs":["https:\/\/www.linkedin.com\/company\/lda-belgium-nv"]}]}},"_links":{"self":[{"href":"https:\/\/lda.be\/fr\/wp-json\/wp\/v2\/product\/13036","targetHints":{"allow":["GET"]}}],"collection":[{"href":"https:\/\/lda.be\/fr\/wp-json\/wp\/v2\/product"}],"about":[{"href":"https:\/\/lda.be\/fr\/wp-json\/wp\/v2\/types\/product"}],"replies":[{"embeddable":true,"href":"https:\/\/lda.be\/fr\/wp-json\/wp\/v2\/comments?post=13036"}],"wp:featuredmedia":[{"embeddable":true,"href":"https:\/\/lda.be\/fr\/wp-json\/wp\/v2\/media\/13031"}],"wp:attachment":[{"href":"https:\/\/lda.be\/fr\/wp-json\/wp\/v2\/media?parent=13036"}],"wp:term":[{"taxonomy":"product_brand","embeddable":true,"href":"https:\/\/lda.be\/fr\/wp-json\/wp\/v2\/product_brand?post=13036"},{"taxonomy":"product_cat","embeddable":true,"href":"https:\/\/lda.be\/fr\/wp-json\/wp\/v2\/product_cat?post=13036"},{"taxonomy":"product_tag","embeddable":true,"href":"https:\/\/lda.be\/fr\/wp-json\/wp\/v2\/product_tag?post=13036"}],"curies":[{"name":"wp","href":"https:\/\/api.w.org\/{rel}","templated":true}]}}