{"id":13056,"date":"2025-10-23T15:09:18","date_gmt":"2025-10-23T14:09:18","guid":{"rendered":"https:\/\/lda.be\/?post_type=product&#038;p=13056"},"modified":"2025-12-09T16:34:37","modified_gmt":"2025-12-09T15:34:37","slug":"i1-serie-ressort-a-gaz-electrique","status":"publish","type":"product","link":"https:\/\/lda.be\/fr\/produit\/i1-serie-ressort-a-gaz-electrique\/","title":{"rendered":"i1 s\u00e9rie actionneurs lin\u00e9aires \u00e9lectrique"},"content":{"rendered":"<p>L\u2019i1 est un actionneur lin\u00e9aire ultra-compact sp\u00e9cialement con\u00e7u pour les applications o\u00f9 la pr\u00e9cision et la compacit\u00e9 sont essentielles. Avec un diam\u00e8tre maximal de seulement 16 mm, cet actionneur est id\u00e9al pour une utilisation dans des espaces restreints, tels que les robots d&#8217;inspection, les feux de navigation et autres appareils n\u00e9cessitant des performances efficaces dans des environnements limit\u00e9s. L&#8217;i1 offre une charge maximale de 50 N et une course allant jusqu&#8217;\u00e0 100 mm, ce qui en fait une solution polyvalente pour diverses applications industrielles et grand public.<\/p>\n","protected":false},"excerpt":{"rendered":"<p>L\u2019i1 est un actionneur lin\u00e9aire ultra-compact sp\u00e9cialement con\u00e7u pour les applications o\u00f9 la pr\u00e9cision et la compacit\u00e9 sont essentielles. Avec un diam\u00e8tre maximal de seulement 16 mm, cet actionneur est id\u00e9al pour une utilisation dans des espaces restreints, tels que les robots d&#8217;inspection, les feux de navigation et autres appareils n\u00e9cessitant des performances efficaces dans [&hellip;]<\/p>\n","protected":false},"featured_media":13044,"comment_status":"closed","ping_status":"closed","template":"","meta":[],"product_brand":[1808],"product_cat":[1806,880],"product_tag":[],"class_list":{"0":"post-13056","1":"product","2":"type-product","3":"status-publish","4":"has-post-thumbnail","6":"product_brand-antuator","7":"product_cat-ressorts-a-gaz-electriques","8":"product_cat-moteur-integre-a-faible-cout","10":"first","11":"instock","12":"shipping-taxable","13":"product-type-simple"},"yoast_head":"<!-- This site is optimized with the Yoast SEO plugin v27.3 - https:\/\/yoast.com\/product\/yoast-seo-wordpress\/ -->\n<title>i1 s\u00e9rie actionneurs lin\u00e9aires \u00e9lectrique - LDA Belgique<\/title>\n<meta name=\"robots\" content=\"index, follow, max-snippet:-1, max-image-preview:large, max-video-preview:-1\" \/>\n<link rel=\"canonical\" href=\"https:\/\/lda.be\/fr\/produit\/i1-serie-ressort-a-gaz-electrique\/\" \/>\n<meta property=\"og:locale\" content=\"fr_FR\" \/>\n<meta property=\"og:type\" content=\"article\" \/>\n<meta property=\"og:title\" content=\"i1 s\u00e9rie actionneurs lin\u00e9aires \u00e9lectrique - LDA Belgique\" \/>\n<meta property=\"og:description\" content=\"L\u2019i1 est un actionneur lin\u00e9aire ultra-compact sp\u00e9cialement con\u00e7u pour les applications o\u00f9 la pr\u00e9cision et la compacit\u00e9 sont essentielles. Avec un diam\u00e8tre maximal de seulement 16 mm, cet actionneur est id\u00e9al pour une utilisation dans des espaces restreints, tels que les robots d&#8217;inspection, les feux de navigation et autres appareils n\u00e9cessitant des performances efficaces dans [&hellip;]\" \/>\n<meta property=\"og:url\" content=\"https:\/\/lda.be\/fr\/produit\/i1-serie-ressort-a-gaz-electrique\/\" \/>\n<meta property=\"og:site_name\" content=\"LDA Belgique\" \/>\n<meta property=\"article:modified_time\" content=\"2025-12-09T15:34:37+00:00\" \/>\n<meta property=\"og:image\" content=\"https:\/\/lda.be\/wp-content\/uploads\/2025\/10\/ANT-16.webp\" \/>\n\t<meta property=\"og:image:width\" content=\"1080\" \/>\n\t<meta property=\"og:image:height\" content=\"1080\" \/>\n\t<meta property=\"og:image:type\" content=\"image\/webp\" \/>\n<meta name=\"twitter:card\" content=\"summary_large_image\" \/>\n<meta name=\"twitter:label1\" content=\"Dur\u00e9e de lecture estim\u00e9e\" \/>\n\t<meta name=\"twitter:data1\" content=\"1 minute\" \/>\n<script type=\"application\/ld+json\" class=\"yoast-schema-graph\">{\"@context\":\"https:\\\/\\\/schema.org\",\"@graph\":[{\"@type\":\"WebPage\",\"@id\":\"https:\\\/\\\/lda.be\\\/fr\\\/produit\\\/i1-serie-ressort-a-gaz-electrique\\\/\",\"url\":\"https:\\\/\\\/lda.be\\\/fr\\\/produit\\\/i1-serie-ressort-a-gaz-electrique\\\/\",\"name\":\"i1 s\u00e9rie actionneurs lin\u00e9aires \u00e9lectrique - LDA Belgique\",\"isPartOf\":{\"@id\":\"https:\\\/\\\/lda.be\\\/fr\\\/#website\"},\"primaryImageOfPage\":{\"@id\":\"https:\\\/\\\/lda.be\\\/fr\\\/produit\\\/i1-serie-ressort-a-gaz-electrique\\\/#primaryimage\"},\"image\":{\"@id\":\"https:\\\/\\\/lda.be\\\/fr\\\/produit\\\/i1-serie-ressort-a-gaz-electrique\\\/#primaryimage\"},\"thumbnailUrl\":\"https:\\\/\\\/lda.be\\\/wp-content\\\/uploads\\\/2025\\\/10\\\/ANT-16.webp\",\"datePublished\":\"2025-10-23T14:09:18+00:00\",\"dateModified\":\"2025-12-09T15:34:37+00:00\",\"breadcrumb\":{\"@id\":\"https:\\\/\\\/lda.be\\\/fr\\\/produit\\\/i1-serie-ressort-a-gaz-electrique\\\/#breadcrumb\"},\"inLanguage\":\"fr-FR\",\"potentialAction\":[{\"@type\":\"ReadAction\",\"target\":[\"https:\\\/\\\/lda.be\\\/fr\\\/produit\\\/i1-serie-ressort-a-gaz-electrique\\\/\"]}]},{\"@type\":\"ImageObject\",\"inLanguage\":\"fr-FR\",\"@id\":\"https:\\\/\\\/lda.be\\\/fr\\\/produit\\\/i1-serie-ressort-a-gaz-electrique\\\/#primaryimage\",\"url\":\"https:\\\/\\\/lda.be\\\/wp-content\\\/uploads\\\/2025\\\/10\\\/ANT-16.webp\",\"contentUrl\":\"https:\\\/\\\/lda.be\\\/wp-content\\\/uploads\\\/2025\\\/10\\\/ANT-16.webp\",\"width\":1080,\"height\":1080,\"caption\":\"ANT-16 elektrische gasveer\"},{\"@type\":\"BreadcrumbList\",\"@id\":\"https:\\\/\\\/lda.be\\\/fr\\\/produit\\\/i1-serie-ressort-a-gaz-electrique\\\/#breadcrumb\",\"itemListElement\":[{\"@type\":\"ListItem\",\"position\":1,\"name\":\"Accueil\",\"item\":\"https:\\\/\\\/lda.be\\\/fr\\\/\"},{\"@type\":\"ListItem\",\"position\":2,\"name\":\"Produits\",\"item\":\"https:\\\/\\\/lda.be\\\/fr\\\/produits\\\/\"},{\"@type\":\"ListItem\",\"position\":3,\"name\":\"i1 s\u00e9rie actionneurs lin\u00e9aires \u00e9lectrique\"}]},{\"@type\":\"WebSite\",\"@id\":\"https:\\\/\\\/lda.be\\\/fr\\\/#website\",\"url\":\"https:\\\/\\\/lda.be\\\/fr\\\/\",\"name\":\"LDA Belgium\",\"description\":\"Solutions For Life\",\"publisher\":{\"@id\":\"https:\\\/\\\/lda.be\\\/fr\\\/#organization\"},\"potentialAction\":[{\"@type\":\"SearchAction\",\"target\":{\"@type\":\"EntryPoint\",\"urlTemplate\":\"https:\\\/\\\/lda.be\\\/fr\\\/?s={search_term_string}\"},\"query-input\":{\"@type\":\"PropertyValueSpecification\",\"valueRequired\":true,\"valueName\":\"search_term_string\"}}],\"inLanguage\":\"fr-FR\"},{\"@type\":\"Organization\",\"@id\":\"https:\\\/\\\/lda.be\\\/fr\\\/#organization\",\"name\":\"LDA Belgium\",\"url\":\"https:\\\/\\\/lda.be\\\/fr\\\/\",\"logo\":{\"@type\":\"ImageObject\",\"inLanguage\":\"fr-FR\",\"@id\":\"https:\\\/\\\/lda.be\\\/fr\\\/#\\\/schema\\\/logo\\\/image\\\/\",\"url\":\"https:\\\/\\\/lda.be\\\/wp-content\\\/uploads\\\/2022\\\/07\\\/Logo-LDA.webp\",\"contentUrl\":\"https:\\\/\\\/lda.be\\\/wp-content\\\/uploads\\\/2022\\\/07\\\/Logo-LDA.webp\",\"width\":311,\"height\":101,\"caption\":\"LDA Belgium\"},\"image\":{\"@id\":\"https:\\\/\\\/lda.be\\\/fr\\\/#\\\/schema\\\/logo\\\/image\\\/\"},\"sameAs\":[\"https:\\\/\\\/www.linkedin.com\\\/company\\\/lda-belgium-nv\"]}]}<\/script>\n<!-- \/ Yoast SEO plugin. -->","yoast_head_json":{"title":"i1 s\u00e9rie actionneurs lin\u00e9aires \u00e9lectrique - LDA Belgique","robots":{"index":"index","follow":"follow","max-snippet":"max-snippet:-1","max-image-preview":"max-image-preview:large","max-video-preview":"max-video-preview:-1"},"canonical":"https:\/\/lda.be\/fr\/produit\/i1-serie-ressort-a-gaz-electrique\/","og_locale":"fr_FR","og_type":"article","og_title":"i1 s\u00e9rie actionneurs lin\u00e9aires \u00e9lectrique - LDA Belgique","og_description":"L\u2019i1 est un actionneur lin\u00e9aire ultra-compact sp\u00e9cialement con\u00e7u pour les applications o\u00f9 la pr\u00e9cision et la compacit\u00e9 sont essentielles. Avec un diam\u00e8tre maximal de seulement 16 mm, cet actionneur est id\u00e9al pour une utilisation dans des espaces restreints, tels que les robots d&#8217;inspection, les feux de navigation et autres appareils n\u00e9cessitant des performances efficaces dans [&hellip;]","og_url":"https:\/\/lda.be\/fr\/produit\/i1-serie-ressort-a-gaz-electrique\/","og_site_name":"LDA Belgique","article_modified_time":"2025-12-09T15:34:37+00:00","og_image":[{"width":1080,"height":1080,"url":"https:\/\/lda.be\/wp-content\/uploads\/2025\/10\/ANT-16.webp","type":"image\/webp"}],"twitter_card":"summary_large_image","twitter_misc":{"Dur\u00e9e de lecture estim\u00e9e":"1 minute"},"schema":{"@context":"https:\/\/schema.org","@graph":[{"@type":"WebPage","@id":"https:\/\/lda.be\/fr\/produit\/i1-serie-ressort-a-gaz-electrique\/","url":"https:\/\/lda.be\/fr\/produit\/i1-serie-ressort-a-gaz-electrique\/","name":"i1 s\u00e9rie actionneurs lin\u00e9aires \u00e9lectrique - LDA Belgique","isPartOf":{"@id":"https:\/\/lda.be\/fr\/#website"},"primaryImageOfPage":{"@id":"https:\/\/lda.be\/fr\/produit\/i1-serie-ressort-a-gaz-electrique\/#primaryimage"},"image":{"@id":"https:\/\/lda.be\/fr\/produit\/i1-serie-ressort-a-gaz-electrique\/#primaryimage"},"thumbnailUrl":"https:\/\/lda.be\/wp-content\/uploads\/2025\/10\/ANT-16.webp","datePublished":"2025-10-23T14:09:18+00:00","dateModified":"2025-12-09T15:34:37+00:00","breadcrumb":{"@id":"https:\/\/lda.be\/fr\/produit\/i1-serie-ressort-a-gaz-electrique\/#breadcrumb"},"inLanguage":"fr-FR","potentialAction":[{"@type":"ReadAction","target":["https:\/\/lda.be\/fr\/produit\/i1-serie-ressort-a-gaz-electrique\/"]}]},{"@type":"ImageObject","inLanguage":"fr-FR","@id":"https:\/\/lda.be\/fr\/produit\/i1-serie-ressort-a-gaz-electrique\/#primaryimage","url":"https:\/\/lda.be\/wp-content\/uploads\/2025\/10\/ANT-16.webp","contentUrl":"https:\/\/lda.be\/wp-content\/uploads\/2025\/10\/ANT-16.webp","width":1080,"height":1080,"caption":"ANT-16 elektrische gasveer"},{"@type":"BreadcrumbList","@id":"https:\/\/lda.be\/fr\/produit\/i1-serie-ressort-a-gaz-electrique\/#breadcrumb","itemListElement":[{"@type":"ListItem","position":1,"name":"Accueil","item":"https:\/\/lda.be\/fr\/"},{"@type":"ListItem","position":2,"name":"Produits","item":"https:\/\/lda.be\/fr\/produits\/"},{"@type":"ListItem","position":3,"name":"i1 s\u00e9rie actionneurs lin\u00e9aires \u00e9lectrique"}]},{"@type":"WebSite","@id":"https:\/\/lda.be\/fr\/#website","url":"https:\/\/lda.be\/fr\/","name":"LDA Belgium","description":"Solutions For Life","publisher":{"@id":"https:\/\/lda.be\/fr\/#organization"},"potentialAction":[{"@type":"SearchAction","target":{"@type":"EntryPoint","urlTemplate":"https:\/\/lda.be\/fr\/?s={search_term_string}"},"query-input":{"@type":"PropertyValueSpecification","valueRequired":true,"valueName":"search_term_string"}}],"inLanguage":"fr-FR"},{"@type":"Organization","@id":"https:\/\/lda.be\/fr\/#organization","name":"LDA Belgium","url":"https:\/\/lda.be\/fr\/","logo":{"@type":"ImageObject","inLanguage":"fr-FR","@id":"https:\/\/lda.be\/fr\/#\/schema\/logo\/image\/","url":"https:\/\/lda.be\/wp-content\/uploads\/2022\/07\/Logo-LDA.webp","contentUrl":"https:\/\/lda.be\/wp-content\/uploads\/2022\/07\/Logo-LDA.webp","width":311,"height":101,"caption":"LDA Belgium"},"image":{"@id":"https:\/\/lda.be\/fr\/#\/schema\/logo\/image\/"},"sameAs":["https:\/\/www.linkedin.com\/company\/lda-belgium-nv"]}]}},"_links":{"self":[{"href":"https:\/\/lda.be\/fr\/wp-json\/wp\/v2\/product\/13056","targetHints":{"allow":["GET"]}}],"collection":[{"href":"https:\/\/lda.be\/fr\/wp-json\/wp\/v2\/product"}],"about":[{"href":"https:\/\/lda.be\/fr\/wp-json\/wp\/v2\/types\/product"}],"replies":[{"embeddable":true,"href":"https:\/\/lda.be\/fr\/wp-json\/wp\/v2\/comments?post=13056"}],"wp:featuredmedia":[{"embeddable":true,"href":"https:\/\/lda.be\/fr\/wp-json\/wp\/v2\/media\/13044"}],"wp:attachment":[{"href":"https:\/\/lda.be\/fr\/wp-json\/wp\/v2\/media?parent=13056"}],"wp:term":[{"taxonomy":"product_brand","embeddable":true,"href":"https:\/\/lda.be\/fr\/wp-json\/wp\/v2\/product_brand?post=13056"},{"taxonomy":"product_cat","embeddable":true,"href":"https:\/\/lda.be\/fr\/wp-json\/wp\/v2\/product_cat?post=13056"},{"taxonomy":"product_tag","embeddable":true,"href":"https:\/\/lda.be\/fr\/wp-json\/wp\/v2\/product_tag?post=13056"}],"curies":[{"name":"wp","href":"https:\/\/api.w.org\/{rel}","templated":true}]}}