{"id":13102,"date":"2025-10-24T12:44:16","date_gmt":"2025-10-24T11:44:16","guid":{"rendered":"https:\/\/lda.be\/?post_type=product&#038;p=13102"},"modified":"2025-12-09T15:48:18","modified_gmt":"2025-12-09T14:48:18","slug":"i6ss-serie-actionneurs-lineaires-electrique","status":"publish","type":"product","link":"https:\/\/lda.be\/fr\/produit\/i6ss-serie-actionneurs-lineaires-electrique\/","title":{"rendered":"i6SS s\u00e9rie actionneurs lin\u00e9aires \u00e9lectrique"},"content":{"rendered":"<p>L&#8217;i6SS est con\u00e7u pour les pergolas bioclimatiques. L&#8217;\u00e9tanch\u00e9it\u00e9, le design \u00e9l\u00e9gant et le format compact sont essentiels pour des performances fluides. Avec une capacit\u00e9 de charge maximale de 2500 N et des longueurs de course personnalisables, l&#8217;i6SS assure un fonctionnement silencieux et pr\u00e9cis pour divers types de pergolas.<\/p>\n<p>L&#8217;i6 r\u00e9siste aux environnements difficiles gr\u00e2ce \u00e0 une protection IP67M et IP69K. Les mat\u00e9riaux sont adapt\u00e9s aux exigences du march\u00e9 des pergolas. Sans entretien, facile \u00e0 installer et avec une garantie de 5 ans.<\/p>\n","protected":false},"excerpt":{"rendered":"<p>L&#8217;i6SS est con\u00e7u pour les pergolas bioclimatiques. L&#8217;\u00e9tanch\u00e9it\u00e9, le design \u00e9l\u00e9gant et le format compact sont essentiels pour des performances fluides. Avec une capacit\u00e9 de charge maximale de 2500 N et des longueurs de course personnalisables, l&#8217;i6SS assure un fonctionnement silencieux et pr\u00e9cis pour divers types de pergolas. L&#8217;i6 r\u00e9siste aux environnements difficiles gr\u00e2ce \u00e0 [&hellip;]<\/p>\n","protected":false},"featured_media":13099,"comment_status":"closed","ping_status":"closed","template":"","meta":[],"product_brand":[1808],"product_cat":[880],"product_tag":[],"class_list":{"0":"post-13102","1":"product","2":"type-product","3":"status-publish","4":"has-post-thumbnail","6":"product_brand-antuator","7":"product_cat-moteur-integre-a-faible-cout","9":"first","10":"instock","11":"shipping-taxable","12":"product-type-simple"},"yoast_head":"<!-- This site is optimized with the Yoast SEO plugin v27.3 - https:\/\/yoast.com\/product\/yoast-seo-wordpress\/ -->\n<title>i6SS s\u00e9rie actionneurs lin\u00e9aires \u00e9lectrique - LDA Belgique<\/title>\n<meta name=\"description\" content=\"Actionneur lin\u00e9aire i6SS pour pergolas: charge 2500 N, course 20-400 mm, \u00e9tanche IP67M\/IP69K et garantie 5 ans.\" \/>\n<meta name=\"robots\" content=\"index, follow, max-snippet:-1, max-image-preview:large, max-video-preview:-1\" \/>\n<link rel=\"canonical\" href=\"https:\/\/lda.be\/fr\/produit\/i6ss-serie-actionneurs-lineaires-electrique\/\" \/>\n<meta property=\"og:locale\" content=\"fr_FR\" \/>\n<meta property=\"og:type\" content=\"article\" \/>\n<meta property=\"og:title\" content=\"i6SS s\u00e9rie actionneurs lin\u00e9aires \u00e9lectrique - LDA Belgique\" \/>\n<meta property=\"og:description\" content=\"Actionneur lin\u00e9aire i6SS pour pergolas: charge 2500 N, course 20-400 mm, \u00e9tanche IP67M\/IP69K et garantie 5 ans.\" \/>\n<meta property=\"og:url\" content=\"https:\/\/lda.be\/fr\/produit\/i6ss-serie-actionneurs-lineaires-electrique\/\" \/>\n<meta property=\"og:site_name\" content=\"LDA Belgique\" \/>\n<meta property=\"article:modified_time\" content=\"2025-12-09T14:48:18+00:00\" \/>\n<meta property=\"og:image\" content=\"https:\/\/lda.be\/wp-content\/uploads\/2025\/10\/ant38p.webp\" \/>\n\t<meta property=\"og:image:width\" content=\"1080\" \/>\n\t<meta property=\"og:image:height\" content=\"1080\" \/>\n\t<meta property=\"og:image:type\" content=\"image\/webp\" \/>\n<meta name=\"twitter:card\" content=\"summary_large_image\" \/>\n<meta name=\"twitter:label1\" content=\"Dur\u00e9e de lecture estim\u00e9e\" \/>\n\t<meta name=\"twitter:data1\" content=\"1 minute\" \/>\n<script type=\"application\/ld+json\" class=\"yoast-schema-graph\">{\"@context\":\"https:\\\/\\\/schema.org\",\"@graph\":[{\"@type\":\"WebPage\",\"@id\":\"https:\\\/\\\/lda.be\\\/fr\\\/produit\\\/i6ss-serie-actionneurs-lineaires-electrique\\\/\",\"url\":\"https:\\\/\\\/lda.be\\\/fr\\\/produit\\\/i6ss-serie-actionneurs-lineaires-electrique\\\/\",\"name\":\"i6SS s\u00e9rie actionneurs lin\u00e9aires \u00e9lectrique - LDA Belgique\",\"isPartOf\":{\"@id\":\"https:\\\/\\\/lda.be\\\/fr\\\/#website\"},\"primaryImageOfPage\":{\"@id\":\"https:\\\/\\\/lda.be\\\/fr\\\/produit\\\/i6ss-serie-actionneurs-lineaires-electrique\\\/#primaryimage\"},\"image\":{\"@id\":\"https:\\\/\\\/lda.be\\\/fr\\\/produit\\\/i6ss-serie-actionneurs-lineaires-electrique\\\/#primaryimage\"},\"thumbnailUrl\":\"https:\\\/\\\/lda.be\\\/wp-content\\\/uploads\\\/2025\\\/10\\\/ant38p.webp\",\"datePublished\":\"2025-10-24T11:44:16+00:00\",\"dateModified\":\"2025-12-09T14:48:18+00:00\",\"description\":\"Actionneur lin\u00e9aire i6SS pour pergolas: charge 2500 N, course 20-400 mm, \u00e9tanche IP67M\\\/IP69K et garantie 5 ans.\",\"breadcrumb\":{\"@id\":\"https:\\\/\\\/lda.be\\\/fr\\\/produit\\\/i6ss-serie-actionneurs-lineaires-electrique\\\/#breadcrumb\"},\"inLanguage\":\"fr-FR\",\"potentialAction\":[{\"@type\":\"ReadAction\",\"target\":[\"https:\\\/\\\/lda.be\\\/fr\\\/produit\\\/i6ss-serie-actionneurs-lineaires-electrique\\\/\"]}]},{\"@type\":\"ImageObject\",\"inLanguage\":\"fr-FR\",\"@id\":\"https:\\\/\\\/lda.be\\\/fr\\\/produit\\\/i6ss-serie-actionneurs-lineaires-electrique\\\/#primaryimage\",\"url\":\"https:\\\/\\\/lda.be\\\/wp-content\\\/uploads\\\/2025\\\/10\\\/ant38p.webp\",\"contentUrl\":\"https:\\\/\\\/lda.be\\\/wp-content\\\/uploads\\\/2025\\\/10\\\/ant38p.webp\",\"width\":1080,\"height\":1080,\"caption\":\"ant38p\"},{\"@type\":\"BreadcrumbList\",\"@id\":\"https:\\\/\\\/lda.be\\\/fr\\\/produit\\\/i6ss-serie-actionneurs-lineaires-electrique\\\/#breadcrumb\",\"itemListElement\":[{\"@type\":\"ListItem\",\"position\":1,\"name\":\"Accueil\",\"item\":\"https:\\\/\\\/lda.be\\\/fr\\\/\"},{\"@type\":\"ListItem\",\"position\":2,\"name\":\"Produits\",\"item\":\"https:\\\/\\\/lda.be\\\/fr\\\/produits\\\/\"},{\"@type\":\"ListItem\",\"position\":3,\"name\":\"i6SS s\u00e9rie actionneurs lin\u00e9aires \u00e9lectrique\"}]},{\"@type\":\"WebSite\",\"@id\":\"https:\\\/\\\/lda.be\\\/fr\\\/#website\",\"url\":\"https:\\\/\\\/lda.be\\\/fr\\\/\",\"name\":\"LDA Belgium\",\"description\":\"Solutions For Life\",\"publisher\":{\"@id\":\"https:\\\/\\\/lda.be\\\/fr\\\/#organization\"},\"potentialAction\":[{\"@type\":\"SearchAction\",\"target\":{\"@type\":\"EntryPoint\",\"urlTemplate\":\"https:\\\/\\\/lda.be\\\/fr\\\/?s={search_term_string}\"},\"query-input\":{\"@type\":\"PropertyValueSpecification\",\"valueRequired\":true,\"valueName\":\"search_term_string\"}}],\"inLanguage\":\"fr-FR\"},{\"@type\":\"Organization\",\"@id\":\"https:\\\/\\\/lda.be\\\/fr\\\/#organization\",\"name\":\"LDA Belgium\",\"url\":\"https:\\\/\\\/lda.be\\\/fr\\\/\",\"logo\":{\"@type\":\"ImageObject\",\"inLanguage\":\"fr-FR\",\"@id\":\"https:\\\/\\\/lda.be\\\/fr\\\/#\\\/schema\\\/logo\\\/image\\\/\",\"url\":\"https:\\\/\\\/lda.be\\\/wp-content\\\/uploads\\\/2022\\\/07\\\/Logo-LDA.webp\",\"contentUrl\":\"https:\\\/\\\/lda.be\\\/wp-content\\\/uploads\\\/2022\\\/07\\\/Logo-LDA.webp\",\"width\":311,\"height\":101,\"caption\":\"LDA Belgium\"},\"image\":{\"@id\":\"https:\\\/\\\/lda.be\\\/fr\\\/#\\\/schema\\\/logo\\\/image\\\/\"},\"sameAs\":[\"https:\\\/\\\/www.linkedin.com\\\/company\\\/lda-belgium-nv\"]}]}<\/script>\n<!-- \/ Yoast SEO plugin. -->","yoast_head_json":{"title":"i6SS s\u00e9rie actionneurs lin\u00e9aires \u00e9lectrique - LDA Belgique","description":"Actionneur lin\u00e9aire i6SS pour pergolas: charge 2500 N, course 20-400 mm, \u00e9tanche IP67M\/IP69K et garantie 5 ans.","robots":{"index":"index","follow":"follow","max-snippet":"max-snippet:-1","max-image-preview":"max-image-preview:large","max-video-preview":"max-video-preview:-1"},"canonical":"https:\/\/lda.be\/fr\/produit\/i6ss-serie-actionneurs-lineaires-electrique\/","og_locale":"fr_FR","og_type":"article","og_title":"i6SS s\u00e9rie actionneurs lin\u00e9aires \u00e9lectrique - LDA Belgique","og_description":"Actionneur lin\u00e9aire i6SS pour pergolas: charge 2500 N, course 20-400 mm, \u00e9tanche IP67M\/IP69K et garantie 5 ans.","og_url":"https:\/\/lda.be\/fr\/produit\/i6ss-serie-actionneurs-lineaires-electrique\/","og_site_name":"LDA Belgique","article_modified_time":"2025-12-09T14:48:18+00:00","og_image":[{"width":1080,"height":1080,"url":"https:\/\/lda.be\/wp-content\/uploads\/2025\/10\/ant38p.webp","type":"image\/webp"}],"twitter_card":"summary_large_image","twitter_misc":{"Dur\u00e9e de lecture estim\u00e9e":"1 minute"},"schema":{"@context":"https:\/\/schema.org","@graph":[{"@type":"WebPage","@id":"https:\/\/lda.be\/fr\/produit\/i6ss-serie-actionneurs-lineaires-electrique\/","url":"https:\/\/lda.be\/fr\/produit\/i6ss-serie-actionneurs-lineaires-electrique\/","name":"i6SS s\u00e9rie actionneurs lin\u00e9aires \u00e9lectrique - LDA Belgique","isPartOf":{"@id":"https:\/\/lda.be\/fr\/#website"},"primaryImageOfPage":{"@id":"https:\/\/lda.be\/fr\/produit\/i6ss-serie-actionneurs-lineaires-electrique\/#primaryimage"},"image":{"@id":"https:\/\/lda.be\/fr\/produit\/i6ss-serie-actionneurs-lineaires-electrique\/#primaryimage"},"thumbnailUrl":"https:\/\/lda.be\/wp-content\/uploads\/2025\/10\/ant38p.webp","datePublished":"2025-10-24T11:44:16+00:00","dateModified":"2025-12-09T14:48:18+00:00","description":"Actionneur lin\u00e9aire i6SS pour pergolas: charge 2500 N, course 20-400 mm, \u00e9tanche IP67M\/IP69K et garantie 5 ans.","breadcrumb":{"@id":"https:\/\/lda.be\/fr\/produit\/i6ss-serie-actionneurs-lineaires-electrique\/#breadcrumb"},"inLanguage":"fr-FR","potentialAction":[{"@type":"ReadAction","target":["https:\/\/lda.be\/fr\/produit\/i6ss-serie-actionneurs-lineaires-electrique\/"]}]},{"@type":"ImageObject","inLanguage":"fr-FR","@id":"https:\/\/lda.be\/fr\/produit\/i6ss-serie-actionneurs-lineaires-electrique\/#primaryimage","url":"https:\/\/lda.be\/wp-content\/uploads\/2025\/10\/ant38p.webp","contentUrl":"https:\/\/lda.be\/wp-content\/uploads\/2025\/10\/ant38p.webp","width":1080,"height":1080,"caption":"ant38p"},{"@type":"BreadcrumbList","@id":"https:\/\/lda.be\/fr\/produit\/i6ss-serie-actionneurs-lineaires-electrique\/#breadcrumb","itemListElement":[{"@type":"ListItem","position":1,"name":"Accueil","item":"https:\/\/lda.be\/fr\/"},{"@type":"ListItem","position":2,"name":"Produits","item":"https:\/\/lda.be\/fr\/produits\/"},{"@type":"ListItem","position":3,"name":"i6SS s\u00e9rie actionneurs lin\u00e9aires \u00e9lectrique"}]},{"@type":"WebSite","@id":"https:\/\/lda.be\/fr\/#website","url":"https:\/\/lda.be\/fr\/","name":"LDA Belgium","description":"Solutions For Life","publisher":{"@id":"https:\/\/lda.be\/fr\/#organization"},"potentialAction":[{"@type":"SearchAction","target":{"@type":"EntryPoint","urlTemplate":"https:\/\/lda.be\/fr\/?s={search_term_string}"},"query-input":{"@type":"PropertyValueSpecification","valueRequired":true,"valueName":"search_term_string"}}],"inLanguage":"fr-FR"},{"@type":"Organization","@id":"https:\/\/lda.be\/fr\/#organization","name":"LDA Belgium","url":"https:\/\/lda.be\/fr\/","logo":{"@type":"ImageObject","inLanguage":"fr-FR","@id":"https:\/\/lda.be\/fr\/#\/schema\/logo\/image\/","url":"https:\/\/lda.be\/wp-content\/uploads\/2022\/07\/Logo-LDA.webp","contentUrl":"https:\/\/lda.be\/wp-content\/uploads\/2022\/07\/Logo-LDA.webp","width":311,"height":101,"caption":"LDA Belgium"},"image":{"@id":"https:\/\/lda.be\/fr\/#\/schema\/logo\/image\/"},"sameAs":["https:\/\/www.linkedin.com\/company\/lda-belgium-nv"]}]}},"_links":{"self":[{"href":"https:\/\/lda.be\/fr\/wp-json\/wp\/v2\/product\/13102","targetHints":{"allow":["GET"]}}],"collection":[{"href":"https:\/\/lda.be\/fr\/wp-json\/wp\/v2\/product"}],"about":[{"href":"https:\/\/lda.be\/fr\/wp-json\/wp\/v2\/types\/product"}],"replies":[{"embeddable":true,"href":"https:\/\/lda.be\/fr\/wp-json\/wp\/v2\/comments?post=13102"}],"wp:featuredmedia":[{"embeddable":true,"href":"https:\/\/lda.be\/fr\/wp-json\/wp\/v2\/media\/13099"}],"wp:attachment":[{"href":"https:\/\/lda.be\/fr\/wp-json\/wp\/v2\/media?parent=13102"}],"wp:term":[{"taxonomy":"product_brand","embeddable":true,"href":"https:\/\/lda.be\/fr\/wp-json\/wp\/v2\/product_brand?post=13102"},{"taxonomy":"product_cat","embeddable":true,"href":"https:\/\/lda.be\/fr\/wp-json\/wp\/v2\/product_cat?post=13102"},{"taxonomy":"product_tag","embeddable":true,"href":"https:\/\/lda.be\/fr\/wp-json\/wp\/v2\/product_tag?post=13102"}],"curies":[{"name":"wp","href":"https:\/\/api.w.org\/{rel}","templated":true}]}}