{"id":13112,"date":"2025-10-27T13:44:15","date_gmt":"2025-10-27T12:44:15","guid":{"rendered":"https:\/\/lda.be\/?post_type=product&#038;p=13112"},"modified":"2025-12-09T15:16:46","modified_gmt":"2025-12-09T14:16:46","slug":"i7-serie-actionneurs-lineaires","status":"publish","type":"product","link":"https:\/\/lda.be\/fr\/produit\/i7-serie-actionneurs-lineaires\/","title":{"rendered":"i7 S\u00e9rie actionneurs lin\u00e9aires"},"content":{"rendered":"<p>L&#8217;i7\u00a0est un actionneur lin\u00e9aire \u00e9lectrique 230V AC pour un fonctionnement fluide. L&#8217;alimentation 230VAC assure une vitesse constante. \u00c9quip\u00e9 de commutateurs de fin de course r\u00e9glables pour un contr\u00f4le pr\u00e9cis et une flexibilit\u00e9 accrue.<\/p>\n<p>Le design fin et en ligne est id\u00e9al pour les installations dans des espaces restreints. L&#8217;actionneur offre une protection \u00e9tanche IP67M pour une utilisation ext\u00e9rieure fiable. Une version en acier inoxydable est disponible pour les environnements exigeants, offrant une durabilit\u00e9 accrue.<\/p>\n<p>Convient pour les fa\u00e7ades dynamiques, les syst\u00e8mes de protection solaire, les ajustements de fen\u00eatres et les syst\u00e8mes de ventilation.<\/p>\n","protected":false},"excerpt":{"rendered":"<p>L&#8217;i7\u00a0est un actionneur lin\u00e9aire \u00e9lectrique 230V AC pour un fonctionnement fluide. L&#8217;alimentation 230VAC assure une vitesse constante. \u00c9quip\u00e9 de commutateurs de fin de course r\u00e9glables pour un contr\u00f4le pr\u00e9cis et une flexibilit\u00e9 accrue. Le design fin et en ligne est id\u00e9al pour les installations dans des espaces restreints. L&#8217;actionneur offre une protection \u00e9tanche IP67M pour [&hellip;]<\/p>\n","protected":false},"featured_media":13106,"comment_status":"closed","ping_status":"closed","template":"","meta":[],"product_brand":[1808],"product_cat":[880],"product_tag":[],"class_list":{"0":"post-13112","1":"product","2":"type-product","3":"status-publish","4":"has-post-thumbnail","6":"product_brand-antuator","7":"product_cat-moteur-integre-a-faible-cout","9":"first","10":"instock","11":"shipping-taxable","12":"product-type-simple"},"yoast_head":"<!-- This site is optimized with the Yoast SEO plugin v27.3 - https:\/\/yoast.com\/product\/yoast-seo-wordpress\/ -->\n<title>i7 S\u00e9rie actionneurs lin\u00e9aires - LDA Belgique<\/title>\n<meta name=\"description\" content=\"L&#039;i7 est un actionneur lin\u00e9aire \u00e9lectrique 230V AC pour un fonctionnement fluide. L&#039;alimentation 230VAC assure une vitesse constante.\" \/>\n<meta name=\"robots\" content=\"index, follow, max-snippet:-1, max-image-preview:large, max-video-preview:-1\" \/>\n<link rel=\"canonical\" href=\"https:\/\/lda.be\/fr\/produit\/i7-serie-actionneurs-lineaires\/\" \/>\n<meta property=\"og:locale\" content=\"fr_FR\" \/>\n<meta property=\"og:type\" content=\"article\" \/>\n<meta property=\"og:title\" content=\"i7 S\u00e9rie actionneurs lin\u00e9aires - LDA Belgique\" \/>\n<meta property=\"og:description\" content=\"L&#039;i7 est un actionneur lin\u00e9aire \u00e9lectrique 230V AC pour un fonctionnement fluide. L&#039;alimentation 230VAC assure une vitesse constante.\" \/>\n<meta property=\"og:url\" content=\"https:\/\/lda.be\/fr\/produit\/i7-serie-actionneurs-lineaires\/\" \/>\n<meta property=\"og:site_name\" content=\"LDA Belgique\" \/>\n<meta property=\"article:modified_time\" content=\"2025-12-09T14:16:46+00:00\" \/>\n<meta property=\"og:image\" content=\"https:\/\/lda.be\/wp-content\/uploads\/2025\/10\/ANT-45.webp\" \/>\n\t<meta property=\"og:image:width\" content=\"1080\" \/>\n\t<meta property=\"og:image:height\" content=\"1080\" \/>\n\t<meta property=\"og:image:type\" content=\"image\/webp\" \/>\n<meta name=\"twitter:card\" content=\"summary_large_image\" \/>\n<meta name=\"twitter:label1\" content=\"Dur\u00e9e de lecture estim\u00e9e\" \/>\n\t<meta name=\"twitter:data1\" content=\"1 minute\" \/>\n<script type=\"application\/ld+json\" class=\"yoast-schema-graph\">{\"@context\":\"https:\\\/\\\/schema.org\",\"@graph\":[{\"@type\":\"WebPage\",\"@id\":\"https:\\\/\\\/lda.be\\\/fr\\\/produit\\\/i7-serie-actionneurs-lineaires\\\/\",\"url\":\"https:\\\/\\\/lda.be\\\/fr\\\/produit\\\/i7-serie-actionneurs-lineaires\\\/\",\"name\":\"i7 S\u00e9rie actionneurs lin\u00e9aires - LDA Belgique\",\"isPartOf\":{\"@id\":\"https:\\\/\\\/lda.be\\\/fr\\\/#website\"},\"primaryImageOfPage\":{\"@id\":\"https:\\\/\\\/lda.be\\\/fr\\\/produit\\\/i7-serie-actionneurs-lineaires\\\/#primaryimage\"},\"image\":{\"@id\":\"https:\\\/\\\/lda.be\\\/fr\\\/produit\\\/i7-serie-actionneurs-lineaires\\\/#primaryimage\"},\"thumbnailUrl\":\"https:\\\/\\\/lda.be\\\/wp-content\\\/uploads\\\/2025\\\/10\\\/ANT-45.webp\",\"datePublished\":\"2025-10-27T12:44:15+00:00\",\"dateModified\":\"2025-12-09T14:16:46+00:00\",\"description\":\"L'i7 est un actionneur lin\u00e9aire \u00e9lectrique 230V AC pour un fonctionnement fluide. L'alimentation 230VAC assure une vitesse constante.\",\"breadcrumb\":{\"@id\":\"https:\\\/\\\/lda.be\\\/fr\\\/produit\\\/i7-serie-actionneurs-lineaires\\\/#breadcrumb\"},\"inLanguage\":\"fr-FR\",\"potentialAction\":[{\"@type\":\"ReadAction\",\"target\":[\"https:\\\/\\\/lda.be\\\/fr\\\/produit\\\/i7-serie-actionneurs-lineaires\\\/\"]}]},{\"@type\":\"ImageObject\",\"inLanguage\":\"fr-FR\",\"@id\":\"https:\\\/\\\/lda.be\\\/fr\\\/produit\\\/i7-serie-actionneurs-lineaires\\\/#primaryimage\",\"url\":\"https:\\\/\\\/lda.be\\\/wp-content\\\/uploads\\\/2025\\\/10\\\/ANT-45.webp\",\"contentUrl\":\"https:\\\/\\\/lda.be\\\/wp-content\\\/uploads\\\/2025\\\/10\\\/ANT-45.webp\",\"width\":1080,\"height\":1080,\"caption\":\"ANT-45 serie elektrische gasveer\"},{\"@type\":\"BreadcrumbList\",\"@id\":\"https:\\\/\\\/lda.be\\\/fr\\\/produit\\\/i7-serie-actionneurs-lineaires\\\/#breadcrumb\",\"itemListElement\":[{\"@type\":\"ListItem\",\"position\":1,\"name\":\"Accueil\",\"item\":\"https:\\\/\\\/lda.be\\\/fr\\\/\"},{\"@type\":\"ListItem\",\"position\":2,\"name\":\"Produits\",\"item\":\"https:\\\/\\\/lda.be\\\/fr\\\/produits\\\/\"},{\"@type\":\"ListItem\",\"position\":3,\"name\":\"i7 S\u00e9rie actionneurs lin\u00e9aires\"}]},{\"@type\":\"WebSite\",\"@id\":\"https:\\\/\\\/lda.be\\\/fr\\\/#website\",\"url\":\"https:\\\/\\\/lda.be\\\/fr\\\/\",\"name\":\"LDA Belgium\",\"description\":\"Solutions For Life\",\"publisher\":{\"@id\":\"https:\\\/\\\/lda.be\\\/fr\\\/#organization\"},\"potentialAction\":[{\"@type\":\"SearchAction\",\"target\":{\"@type\":\"EntryPoint\",\"urlTemplate\":\"https:\\\/\\\/lda.be\\\/fr\\\/?s={search_term_string}\"},\"query-input\":{\"@type\":\"PropertyValueSpecification\",\"valueRequired\":true,\"valueName\":\"search_term_string\"}}],\"inLanguage\":\"fr-FR\"},{\"@type\":\"Organization\",\"@id\":\"https:\\\/\\\/lda.be\\\/fr\\\/#organization\",\"name\":\"LDA Belgium\",\"url\":\"https:\\\/\\\/lda.be\\\/fr\\\/\",\"logo\":{\"@type\":\"ImageObject\",\"inLanguage\":\"fr-FR\",\"@id\":\"https:\\\/\\\/lda.be\\\/fr\\\/#\\\/schema\\\/logo\\\/image\\\/\",\"url\":\"https:\\\/\\\/lda.be\\\/wp-content\\\/uploads\\\/2022\\\/07\\\/Logo-LDA.webp\",\"contentUrl\":\"https:\\\/\\\/lda.be\\\/wp-content\\\/uploads\\\/2022\\\/07\\\/Logo-LDA.webp\",\"width\":311,\"height\":101,\"caption\":\"LDA Belgium\"},\"image\":{\"@id\":\"https:\\\/\\\/lda.be\\\/fr\\\/#\\\/schema\\\/logo\\\/image\\\/\"},\"sameAs\":[\"https:\\\/\\\/www.linkedin.com\\\/company\\\/lda-belgium-nv\"]}]}<\/script>\n<!-- \/ Yoast SEO plugin. -->","yoast_head_json":{"title":"i7 S\u00e9rie actionneurs lin\u00e9aires - LDA Belgique","description":"L'i7 est un actionneur lin\u00e9aire \u00e9lectrique 230V AC pour un fonctionnement fluide. L'alimentation 230VAC assure une vitesse constante.","robots":{"index":"index","follow":"follow","max-snippet":"max-snippet:-1","max-image-preview":"max-image-preview:large","max-video-preview":"max-video-preview:-1"},"canonical":"https:\/\/lda.be\/fr\/produit\/i7-serie-actionneurs-lineaires\/","og_locale":"fr_FR","og_type":"article","og_title":"i7 S\u00e9rie actionneurs lin\u00e9aires - LDA Belgique","og_description":"L'i7 est un actionneur lin\u00e9aire \u00e9lectrique 230V AC pour un fonctionnement fluide. L'alimentation 230VAC assure une vitesse constante.","og_url":"https:\/\/lda.be\/fr\/produit\/i7-serie-actionneurs-lineaires\/","og_site_name":"LDA Belgique","article_modified_time":"2025-12-09T14:16:46+00:00","og_image":[{"width":1080,"height":1080,"url":"https:\/\/lda.be\/wp-content\/uploads\/2025\/10\/ANT-45.webp","type":"image\/webp"}],"twitter_card":"summary_large_image","twitter_misc":{"Dur\u00e9e de lecture estim\u00e9e":"1 minute"},"schema":{"@context":"https:\/\/schema.org","@graph":[{"@type":"WebPage","@id":"https:\/\/lda.be\/fr\/produit\/i7-serie-actionneurs-lineaires\/","url":"https:\/\/lda.be\/fr\/produit\/i7-serie-actionneurs-lineaires\/","name":"i7 S\u00e9rie actionneurs lin\u00e9aires - LDA Belgique","isPartOf":{"@id":"https:\/\/lda.be\/fr\/#website"},"primaryImageOfPage":{"@id":"https:\/\/lda.be\/fr\/produit\/i7-serie-actionneurs-lineaires\/#primaryimage"},"image":{"@id":"https:\/\/lda.be\/fr\/produit\/i7-serie-actionneurs-lineaires\/#primaryimage"},"thumbnailUrl":"https:\/\/lda.be\/wp-content\/uploads\/2025\/10\/ANT-45.webp","datePublished":"2025-10-27T12:44:15+00:00","dateModified":"2025-12-09T14:16:46+00:00","description":"L'i7 est un actionneur lin\u00e9aire \u00e9lectrique 230V AC pour un fonctionnement fluide. L'alimentation 230VAC assure une vitesse constante.","breadcrumb":{"@id":"https:\/\/lda.be\/fr\/produit\/i7-serie-actionneurs-lineaires\/#breadcrumb"},"inLanguage":"fr-FR","potentialAction":[{"@type":"ReadAction","target":["https:\/\/lda.be\/fr\/produit\/i7-serie-actionneurs-lineaires\/"]}]},{"@type":"ImageObject","inLanguage":"fr-FR","@id":"https:\/\/lda.be\/fr\/produit\/i7-serie-actionneurs-lineaires\/#primaryimage","url":"https:\/\/lda.be\/wp-content\/uploads\/2025\/10\/ANT-45.webp","contentUrl":"https:\/\/lda.be\/wp-content\/uploads\/2025\/10\/ANT-45.webp","width":1080,"height":1080,"caption":"ANT-45 serie elektrische gasveer"},{"@type":"BreadcrumbList","@id":"https:\/\/lda.be\/fr\/produit\/i7-serie-actionneurs-lineaires\/#breadcrumb","itemListElement":[{"@type":"ListItem","position":1,"name":"Accueil","item":"https:\/\/lda.be\/fr\/"},{"@type":"ListItem","position":2,"name":"Produits","item":"https:\/\/lda.be\/fr\/produits\/"},{"@type":"ListItem","position":3,"name":"i7 S\u00e9rie actionneurs lin\u00e9aires"}]},{"@type":"WebSite","@id":"https:\/\/lda.be\/fr\/#website","url":"https:\/\/lda.be\/fr\/","name":"LDA Belgium","description":"Solutions For Life","publisher":{"@id":"https:\/\/lda.be\/fr\/#organization"},"potentialAction":[{"@type":"SearchAction","target":{"@type":"EntryPoint","urlTemplate":"https:\/\/lda.be\/fr\/?s={search_term_string}"},"query-input":{"@type":"PropertyValueSpecification","valueRequired":true,"valueName":"search_term_string"}}],"inLanguage":"fr-FR"},{"@type":"Organization","@id":"https:\/\/lda.be\/fr\/#organization","name":"LDA Belgium","url":"https:\/\/lda.be\/fr\/","logo":{"@type":"ImageObject","inLanguage":"fr-FR","@id":"https:\/\/lda.be\/fr\/#\/schema\/logo\/image\/","url":"https:\/\/lda.be\/wp-content\/uploads\/2022\/07\/Logo-LDA.webp","contentUrl":"https:\/\/lda.be\/wp-content\/uploads\/2022\/07\/Logo-LDA.webp","width":311,"height":101,"caption":"LDA Belgium"},"image":{"@id":"https:\/\/lda.be\/fr\/#\/schema\/logo\/image\/"},"sameAs":["https:\/\/www.linkedin.com\/company\/lda-belgium-nv"]}]}},"_links":{"self":[{"href":"https:\/\/lda.be\/fr\/wp-json\/wp\/v2\/product\/13112","targetHints":{"allow":["GET"]}}],"collection":[{"href":"https:\/\/lda.be\/fr\/wp-json\/wp\/v2\/product"}],"about":[{"href":"https:\/\/lda.be\/fr\/wp-json\/wp\/v2\/types\/product"}],"replies":[{"embeddable":true,"href":"https:\/\/lda.be\/fr\/wp-json\/wp\/v2\/comments?post=13112"}],"wp:featuredmedia":[{"embeddable":true,"href":"https:\/\/lda.be\/fr\/wp-json\/wp\/v2\/media\/13106"}],"wp:attachment":[{"href":"https:\/\/lda.be\/fr\/wp-json\/wp\/v2\/media?parent=13112"}],"wp:term":[{"taxonomy":"product_brand","embeddable":true,"href":"https:\/\/lda.be\/fr\/wp-json\/wp\/v2\/product_brand?post=13112"},{"taxonomy":"product_cat","embeddable":true,"href":"https:\/\/lda.be\/fr\/wp-json\/wp\/v2\/product_cat?post=13112"},{"taxonomy":"product_tag","embeddable":true,"href":"https:\/\/lda.be\/fr\/wp-json\/wp\/v2\/product_tag?post=13112"}],"curies":[{"name":"wp","href":"https:\/\/api.w.org\/{rel}","templated":true}]}}