{"id":13123,"date":"2025-10-27T14:54:09","date_gmt":"2025-10-27T13:54:09","guid":{"rendered":"https:\/\/lda.be\/?post_type=product&#038;p=13123"},"modified":"2025-12-09T15:10:02","modified_gmt":"2025-12-09T14:10:02","slug":"i8-serie-actionneurs-lineaires","status":"publish","type":"product","link":"https:\/\/lda.be\/fr\/produit\/i8-serie-actionneurs-lineaires\/","title":{"rendered":"i8 s\u00e9rie actionneurs lin\u00e9aires"},"content":{"rendered":"<p>L\u2019i8actionneurs lin\u00e9aires est un actionneur \u00e9lectrique con\u00e7u pour les environnements industriels et ext\u00e9rieurs. Avec une capacit\u00e9 de charge maximale de 6000N et une protection IP67M, cet actionneur est adapt\u00e9 aux applications exigeantes telles que les lanterneaux, les syst\u00e8mes d\u2019\u00e9vacuation de fum\u00e9e, l\u2019automatisation des yachts et les machines agricoles. L\u2019i8 offre une solution fiable pour les mouvements lin\u00e9aires dans des conditions o\u00f9 la durabilit\u00e9 et la pr\u00e9cision sont requises.<\/p>\n<p>Le v\u00e9rin est disponible en versions 12V et 24V, ce qui le rend compatible avec diff\u00e9rents syst\u00e8mes d\u2019alimentation. Sa construction utilise des mat\u00e9riaux de haute qualit\u00e9 comme l\u2019aluminium 6063 et l\u2019acier inoxydable 316.<\/p>\n","protected":false},"excerpt":{"rendered":"<p>L\u2019i8actionneurs lin\u00e9aires est un actionneur \u00e9lectrique con\u00e7u pour les environnements industriels et ext\u00e9rieurs. Avec une capacit\u00e9 de charge maximale de 6000N et une protection IP67M, cet actionneur est adapt\u00e9 aux applications exigeantes telles que les lanterneaux, les syst\u00e8mes d\u2019\u00e9vacuation de fum\u00e9e, l\u2019automatisation des yachts et les machines agricoles. L\u2019i8 offre une solution fiable pour les [&hellip;]<\/p>\n","protected":false},"featured_media":13113,"comment_status":"closed","ping_status":"closed","template":"","meta":[],"product_brand":[1808],"product_cat":[880],"product_tag":[],"class_list":{"0":"post-13123","1":"product","2":"type-product","3":"status-publish","4":"has-post-thumbnail","6":"product_brand-antuator","7":"product_cat-moteur-integre-a-faible-cout","9":"first","10":"instock","11":"shipping-taxable","12":"product-type-simple"},"yoast_head":"<!-- This site is optimized with the Yoast SEO plugin v27.3 - https:\/\/yoast.com\/product\/yoast-seo-wordpress\/ -->\n<title>i8 s\u00e9rie actionneurs lin\u00e9aires - LDA Belgique<\/title>\n<meta name=\"description\" content=\"actionneurs lin\u00e9aires \u00e9lectrique ANT-52 avec capacit\u00e9 de 6000N, protection IP67M et options personnalisables. Id\u00e9al pour les applications industrielles. Chez LDA\" \/>\n<meta name=\"robots\" content=\"index, follow, max-snippet:-1, max-image-preview:large, max-video-preview:-1\" \/>\n<link rel=\"canonical\" href=\"https:\/\/lda.be\/fr\/produit\/i8-serie-actionneurs-lineaires\/\" \/>\n<meta property=\"og:locale\" content=\"fr_FR\" \/>\n<meta property=\"og:type\" content=\"article\" \/>\n<meta property=\"og:title\" content=\"i8 s\u00e9rie actionneurs lin\u00e9aires - LDA Belgique\" \/>\n<meta property=\"og:description\" content=\"actionneurs lin\u00e9aires \u00e9lectrique ANT-52 avec capacit\u00e9 de 6000N, protection IP67M et options personnalisables. Id\u00e9al pour les applications industrielles. Chez LDA\" \/>\n<meta property=\"og:url\" content=\"https:\/\/lda.be\/fr\/produit\/i8-serie-actionneurs-lineaires\/\" \/>\n<meta property=\"og:site_name\" content=\"LDA Belgique\" \/>\n<meta property=\"article:modified_time\" content=\"2025-12-09T14:10:02+00:00\" \/>\n<meta property=\"og:image\" content=\"https:\/\/lda.be\/wp-content\/uploads\/2025\/10\/ANT52-actuator.webp\" \/>\n\t<meta property=\"og:image:width\" content=\"1080\" \/>\n\t<meta property=\"og:image:height\" content=\"1080\" \/>\n\t<meta property=\"og:image:type\" content=\"image\/webp\" \/>\n<meta name=\"twitter:card\" content=\"summary_large_image\" \/>\n<meta name=\"twitter:label1\" content=\"Dur\u00e9e de lecture estim\u00e9e\" \/>\n\t<meta name=\"twitter:data1\" content=\"1 minute\" \/>\n<script type=\"application\/ld+json\" class=\"yoast-schema-graph\">{\"@context\":\"https:\\\/\\\/schema.org\",\"@graph\":[{\"@type\":\"WebPage\",\"@id\":\"https:\\\/\\\/lda.be\\\/fr\\\/produit\\\/i8-serie-actionneurs-lineaires\\\/\",\"url\":\"https:\\\/\\\/lda.be\\\/fr\\\/produit\\\/i8-serie-actionneurs-lineaires\\\/\",\"name\":\"i8 s\u00e9rie actionneurs lin\u00e9aires - LDA Belgique\",\"isPartOf\":{\"@id\":\"https:\\\/\\\/lda.be\\\/fr\\\/#website\"},\"primaryImageOfPage\":{\"@id\":\"https:\\\/\\\/lda.be\\\/fr\\\/produit\\\/i8-serie-actionneurs-lineaires\\\/#primaryimage\"},\"image\":{\"@id\":\"https:\\\/\\\/lda.be\\\/fr\\\/produit\\\/i8-serie-actionneurs-lineaires\\\/#primaryimage\"},\"thumbnailUrl\":\"https:\\\/\\\/lda.be\\\/wp-content\\\/uploads\\\/2025\\\/10\\\/ANT52-actuator.webp\",\"datePublished\":\"2025-10-27T13:54:09+00:00\",\"dateModified\":\"2025-12-09T14:10:02+00:00\",\"description\":\"actionneurs lin\u00e9aires \u00e9lectrique ANT-52 avec capacit\u00e9 de 6000N, protection IP67M et options personnalisables. Id\u00e9al pour les applications industrielles. Chez LDA\",\"breadcrumb\":{\"@id\":\"https:\\\/\\\/lda.be\\\/fr\\\/produit\\\/i8-serie-actionneurs-lineaires\\\/#breadcrumb\"},\"inLanguage\":\"fr-FR\",\"potentialAction\":[{\"@type\":\"ReadAction\",\"target\":[\"https:\\\/\\\/lda.be\\\/fr\\\/produit\\\/i8-serie-actionneurs-lineaires\\\/\"]}]},{\"@type\":\"ImageObject\",\"inLanguage\":\"fr-FR\",\"@id\":\"https:\\\/\\\/lda.be\\\/fr\\\/produit\\\/i8-serie-actionneurs-lineaires\\\/#primaryimage\",\"url\":\"https:\\\/\\\/lda.be\\\/wp-content\\\/uploads\\\/2025\\\/10\\\/ANT52-actuator.webp\",\"contentUrl\":\"https:\\\/\\\/lda.be\\\/wp-content\\\/uploads\\\/2025\\\/10\\\/ANT52-actuator.webp\",\"width\":1080,\"height\":1080},{\"@type\":\"BreadcrumbList\",\"@id\":\"https:\\\/\\\/lda.be\\\/fr\\\/produit\\\/i8-serie-actionneurs-lineaires\\\/#breadcrumb\",\"itemListElement\":[{\"@type\":\"ListItem\",\"position\":1,\"name\":\"Accueil\",\"item\":\"https:\\\/\\\/lda.be\\\/fr\\\/\"},{\"@type\":\"ListItem\",\"position\":2,\"name\":\"Produits\",\"item\":\"https:\\\/\\\/lda.be\\\/fr\\\/produits\\\/\"},{\"@type\":\"ListItem\",\"position\":3,\"name\":\"i8 s\u00e9rie actionneurs lin\u00e9aires\"}]},{\"@type\":\"WebSite\",\"@id\":\"https:\\\/\\\/lda.be\\\/fr\\\/#website\",\"url\":\"https:\\\/\\\/lda.be\\\/fr\\\/\",\"name\":\"LDA Belgium\",\"description\":\"Solutions For Life\",\"publisher\":{\"@id\":\"https:\\\/\\\/lda.be\\\/fr\\\/#organization\"},\"potentialAction\":[{\"@type\":\"SearchAction\",\"target\":{\"@type\":\"EntryPoint\",\"urlTemplate\":\"https:\\\/\\\/lda.be\\\/fr\\\/?s={search_term_string}\"},\"query-input\":{\"@type\":\"PropertyValueSpecification\",\"valueRequired\":true,\"valueName\":\"search_term_string\"}}],\"inLanguage\":\"fr-FR\"},{\"@type\":\"Organization\",\"@id\":\"https:\\\/\\\/lda.be\\\/fr\\\/#organization\",\"name\":\"LDA Belgium\",\"url\":\"https:\\\/\\\/lda.be\\\/fr\\\/\",\"logo\":{\"@type\":\"ImageObject\",\"inLanguage\":\"fr-FR\",\"@id\":\"https:\\\/\\\/lda.be\\\/fr\\\/#\\\/schema\\\/logo\\\/image\\\/\",\"url\":\"https:\\\/\\\/lda.be\\\/wp-content\\\/uploads\\\/2022\\\/07\\\/Logo-LDA.webp\",\"contentUrl\":\"https:\\\/\\\/lda.be\\\/wp-content\\\/uploads\\\/2022\\\/07\\\/Logo-LDA.webp\",\"width\":311,\"height\":101,\"caption\":\"LDA Belgium\"},\"image\":{\"@id\":\"https:\\\/\\\/lda.be\\\/fr\\\/#\\\/schema\\\/logo\\\/image\\\/\"},\"sameAs\":[\"https:\\\/\\\/www.linkedin.com\\\/company\\\/lda-belgium-nv\"]}]}<\/script>\n<!-- \/ Yoast SEO plugin. -->","yoast_head_json":{"title":"i8 s\u00e9rie actionneurs lin\u00e9aires - LDA Belgique","description":"actionneurs lin\u00e9aires \u00e9lectrique ANT-52 avec capacit\u00e9 de 6000N, protection IP67M et options personnalisables. Id\u00e9al pour les applications industrielles. Chez LDA","robots":{"index":"index","follow":"follow","max-snippet":"max-snippet:-1","max-image-preview":"max-image-preview:large","max-video-preview":"max-video-preview:-1"},"canonical":"https:\/\/lda.be\/fr\/produit\/i8-serie-actionneurs-lineaires\/","og_locale":"fr_FR","og_type":"article","og_title":"i8 s\u00e9rie actionneurs lin\u00e9aires - LDA Belgique","og_description":"actionneurs lin\u00e9aires \u00e9lectrique ANT-52 avec capacit\u00e9 de 6000N, protection IP67M et options personnalisables. Id\u00e9al pour les applications industrielles. Chez LDA","og_url":"https:\/\/lda.be\/fr\/produit\/i8-serie-actionneurs-lineaires\/","og_site_name":"LDA Belgique","article_modified_time":"2025-12-09T14:10:02+00:00","og_image":[{"width":1080,"height":1080,"url":"https:\/\/lda.be\/wp-content\/uploads\/2025\/10\/ANT52-actuator.webp","type":"image\/webp"}],"twitter_card":"summary_large_image","twitter_misc":{"Dur\u00e9e de lecture estim\u00e9e":"1 minute"},"schema":{"@context":"https:\/\/schema.org","@graph":[{"@type":"WebPage","@id":"https:\/\/lda.be\/fr\/produit\/i8-serie-actionneurs-lineaires\/","url":"https:\/\/lda.be\/fr\/produit\/i8-serie-actionneurs-lineaires\/","name":"i8 s\u00e9rie actionneurs lin\u00e9aires - LDA Belgique","isPartOf":{"@id":"https:\/\/lda.be\/fr\/#website"},"primaryImageOfPage":{"@id":"https:\/\/lda.be\/fr\/produit\/i8-serie-actionneurs-lineaires\/#primaryimage"},"image":{"@id":"https:\/\/lda.be\/fr\/produit\/i8-serie-actionneurs-lineaires\/#primaryimage"},"thumbnailUrl":"https:\/\/lda.be\/wp-content\/uploads\/2025\/10\/ANT52-actuator.webp","datePublished":"2025-10-27T13:54:09+00:00","dateModified":"2025-12-09T14:10:02+00:00","description":"actionneurs lin\u00e9aires \u00e9lectrique ANT-52 avec capacit\u00e9 de 6000N, protection IP67M et options personnalisables. Id\u00e9al pour les applications industrielles. Chez LDA","breadcrumb":{"@id":"https:\/\/lda.be\/fr\/produit\/i8-serie-actionneurs-lineaires\/#breadcrumb"},"inLanguage":"fr-FR","potentialAction":[{"@type":"ReadAction","target":["https:\/\/lda.be\/fr\/produit\/i8-serie-actionneurs-lineaires\/"]}]},{"@type":"ImageObject","inLanguage":"fr-FR","@id":"https:\/\/lda.be\/fr\/produit\/i8-serie-actionneurs-lineaires\/#primaryimage","url":"https:\/\/lda.be\/wp-content\/uploads\/2025\/10\/ANT52-actuator.webp","contentUrl":"https:\/\/lda.be\/wp-content\/uploads\/2025\/10\/ANT52-actuator.webp","width":1080,"height":1080},{"@type":"BreadcrumbList","@id":"https:\/\/lda.be\/fr\/produit\/i8-serie-actionneurs-lineaires\/#breadcrumb","itemListElement":[{"@type":"ListItem","position":1,"name":"Accueil","item":"https:\/\/lda.be\/fr\/"},{"@type":"ListItem","position":2,"name":"Produits","item":"https:\/\/lda.be\/fr\/produits\/"},{"@type":"ListItem","position":3,"name":"i8 s\u00e9rie actionneurs lin\u00e9aires"}]},{"@type":"WebSite","@id":"https:\/\/lda.be\/fr\/#website","url":"https:\/\/lda.be\/fr\/","name":"LDA Belgium","description":"Solutions For Life","publisher":{"@id":"https:\/\/lda.be\/fr\/#organization"},"potentialAction":[{"@type":"SearchAction","target":{"@type":"EntryPoint","urlTemplate":"https:\/\/lda.be\/fr\/?s={search_term_string}"},"query-input":{"@type":"PropertyValueSpecification","valueRequired":true,"valueName":"search_term_string"}}],"inLanguage":"fr-FR"},{"@type":"Organization","@id":"https:\/\/lda.be\/fr\/#organization","name":"LDA Belgium","url":"https:\/\/lda.be\/fr\/","logo":{"@type":"ImageObject","inLanguage":"fr-FR","@id":"https:\/\/lda.be\/fr\/#\/schema\/logo\/image\/","url":"https:\/\/lda.be\/wp-content\/uploads\/2022\/07\/Logo-LDA.webp","contentUrl":"https:\/\/lda.be\/wp-content\/uploads\/2022\/07\/Logo-LDA.webp","width":311,"height":101,"caption":"LDA Belgium"},"image":{"@id":"https:\/\/lda.be\/fr\/#\/schema\/logo\/image\/"},"sameAs":["https:\/\/www.linkedin.com\/company\/lda-belgium-nv"]}]}},"_links":{"self":[{"href":"https:\/\/lda.be\/fr\/wp-json\/wp\/v2\/product\/13123","targetHints":{"allow":["GET"]}}],"collection":[{"href":"https:\/\/lda.be\/fr\/wp-json\/wp\/v2\/product"}],"about":[{"href":"https:\/\/lda.be\/fr\/wp-json\/wp\/v2\/types\/product"}],"replies":[{"embeddable":true,"href":"https:\/\/lda.be\/fr\/wp-json\/wp\/v2\/comments?post=13123"}],"wp:featuredmedia":[{"embeddable":true,"href":"https:\/\/lda.be\/fr\/wp-json\/wp\/v2\/media\/13113"}],"wp:attachment":[{"href":"https:\/\/lda.be\/fr\/wp-json\/wp\/v2\/media?parent=13123"}],"wp:term":[{"taxonomy":"product_brand","embeddable":true,"href":"https:\/\/lda.be\/fr\/wp-json\/wp\/v2\/product_brand?post=13123"},{"taxonomy":"product_cat","embeddable":true,"href":"https:\/\/lda.be\/fr\/wp-json\/wp\/v2\/product_cat?post=13123"},{"taxonomy":"product_tag","embeddable":true,"href":"https:\/\/lda.be\/fr\/wp-json\/wp\/v2\/product_tag?post=13123"}],"curies":[{"name":"wp","href":"https:\/\/api.w.org\/{rel}","templated":true}]}}