{"id":13134,"date":"2025-10-27T15:51:54","date_gmt":"2025-10-27T14:51:54","guid":{"rendered":"https:\/\/lda.be\/?post_type=product&#038;p=13134"},"modified":"2025-12-09T14:33:31","modified_gmt":"2025-12-09T13:33:31","slug":"i9-serie-actionneurs-lineaires-electriques","status":"publish","type":"product","link":"https:\/\/lda.be\/fr\/produit\/i9-serie-actionneurs-lineaires-electriques\/","title":{"rendered":"i9 s\u00e9rie actionneurs lin\u00e9aires \u00e9lectriques"},"content":{"rendered":"<p>L&#8217;i9 est un actionneurs lin\u00e9aires \u00e9lectrique pour volets compensateurs. Cet actionneur offre une conception non hydraulique et sans entretien, \u00e9liminant ainsi le risque de fuites d&#8217;huile. L&#8217;i9 est \u00e9quip\u00e9 d&#8217;un r\u00e9ducteur plan\u00e9taire robuste. L&#8217;actionneur est enti\u00e8rement r\u00e9sistant \u00e0 la corrosion et \u00e9tanche (IP67M). Le v\u00e9rin \u00e9lectrique i9 \u00a0est donc adapt\u00e9 \u00e0 une utilisation dans des conditions maritimes difficiles.<\/p>\n<p>L&#8217;i9 est \u00e9quip\u00e9 de fins de course int\u00e9gr\u00e9s aux deux extr\u00e9mit\u00e9s pour des performances fiables et une protection optimale. Avec une charge maximale de 2300 N et une vitesse de 12 mm\/s, cet actionneur est id\u00e9al pour les applications de pr\u00e9cision. L&#8217;i9 est livr\u00e9 avec une garantie de 5 ans pour une tranquillit\u00e9 d&#8217;esprit suppl\u00e9mentaire.<\/p>\n","protected":false},"excerpt":{"rendered":"<p>L&#8217;i9 est un actionneurs lin\u00e9aires \u00e9lectrique pour volets compensateurs. Cet actionneur offre une conception non hydraulique et sans entretien, \u00e9liminant ainsi le risque de fuites d&#8217;huile. L&#8217;i9 est \u00e9quip\u00e9 d&#8217;un r\u00e9ducteur plan\u00e9taire robuste. L&#8217;actionneur est enti\u00e8rement r\u00e9sistant \u00e0 la corrosion et \u00e9tanche (IP67M). Le v\u00e9rin \u00e9lectrique i9 \u00a0est donc adapt\u00e9 \u00e0 une utilisation dans des [&hellip;]<\/p>\n","protected":false},"featured_media":13130,"comment_status":"closed","ping_status":"closed","template":"","meta":[],"product_brand":[1808],"product_cat":[880],"product_tag":[],"class_list":{"0":"post-13134","1":"product","2":"type-product","3":"status-publish","4":"has-post-thumbnail","6":"product_brand-antuator","7":"product_cat-moteur-integre-a-faible-cout","9":"first","10":"instock","11":"shipping-taxable","12":"product-type-simple"},"yoast_head":"<!-- This site is optimized with the Yoast SEO plugin v27.3 - https:\/\/yoast.com\/product\/yoast-seo-wordpress\/ -->\n<title>i9 s\u00e9rie actionneurs lin\u00e9aires \u00e9lectriques - LDA Belgique<\/title>\n<meta name=\"description\" content=\"actionneurs lin\u00e9aires \u00e9lectrique i9 pour trim tabs de yachts. Capacit\u00e9 de charge de 2300N, \u00e9tanche IP67M, sans entretien et utilisation dans des conditions maritimes difficiles.\" \/>\n<meta name=\"robots\" content=\"index, follow, max-snippet:-1, max-image-preview:large, max-video-preview:-1\" \/>\n<link rel=\"canonical\" href=\"https:\/\/lda.be\/fr\/produit\/i9-serie-actionneurs-lineaires-electriques\/\" \/>\n<meta property=\"og:locale\" content=\"fr_FR\" \/>\n<meta property=\"og:type\" content=\"article\" \/>\n<meta property=\"og:title\" content=\"i9 s\u00e9rie actionneurs lin\u00e9aires \u00e9lectriques - LDA Belgique\" \/>\n<meta property=\"og:description\" content=\"actionneurs lin\u00e9aires \u00e9lectrique i9 pour trim tabs de yachts. Capacit\u00e9 de charge de 2300N, \u00e9tanche IP67M, sans entretien et utilisation dans des conditions maritimes difficiles.\" \/>\n<meta property=\"og:url\" content=\"https:\/\/lda.be\/fr\/produit\/i9-serie-actionneurs-lineaires-electriques\/\" \/>\n<meta property=\"og:site_name\" content=\"LDA Belgique\" \/>\n<meta property=\"article:modified_time\" content=\"2025-12-09T13:33:31+00:00\" \/>\n<meta property=\"og:image\" content=\"https:\/\/lda.be\/wp-content\/uploads\/2025\/10\/ANT-63.webp\" \/>\n\t<meta property=\"og:image:width\" content=\"1080\" \/>\n\t<meta property=\"og:image:height\" content=\"1080\" \/>\n\t<meta property=\"og:image:type\" content=\"image\/webp\" \/>\n<meta name=\"twitter:card\" content=\"summary_large_image\" \/>\n<meta name=\"twitter:label1\" content=\"Dur\u00e9e de lecture estim\u00e9e\" \/>\n\t<meta name=\"twitter:data1\" content=\"1 minute\" \/>\n<script type=\"application\/ld+json\" class=\"yoast-schema-graph\">{\"@context\":\"https:\\\/\\\/schema.org\",\"@graph\":[{\"@type\":\"WebPage\",\"@id\":\"https:\\\/\\\/lda.be\\\/fr\\\/produit\\\/i9-serie-actionneurs-lineaires-electriques\\\/\",\"url\":\"https:\\\/\\\/lda.be\\\/fr\\\/produit\\\/i9-serie-actionneurs-lineaires-electriques\\\/\",\"name\":\"i9 s\u00e9rie actionneurs lin\u00e9aires \u00e9lectriques - LDA Belgique\",\"isPartOf\":{\"@id\":\"https:\\\/\\\/lda.be\\\/fr\\\/#website\"},\"primaryImageOfPage\":{\"@id\":\"https:\\\/\\\/lda.be\\\/fr\\\/produit\\\/i9-serie-actionneurs-lineaires-electriques\\\/#primaryimage\"},\"image\":{\"@id\":\"https:\\\/\\\/lda.be\\\/fr\\\/produit\\\/i9-serie-actionneurs-lineaires-electriques\\\/#primaryimage\"},\"thumbnailUrl\":\"https:\\\/\\\/lda.be\\\/wp-content\\\/uploads\\\/2025\\\/10\\\/ANT-63.webp\",\"datePublished\":\"2025-10-27T14:51:54+00:00\",\"dateModified\":\"2025-12-09T13:33:31+00:00\",\"description\":\"actionneurs lin\u00e9aires \u00e9lectrique i9 pour trim tabs de yachts. Capacit\u00e9 de charge de 2300N, \u00e9tanche IP67M, sans entretien et utilisation dans des conditions maritimes difficiles.\",\"breadcrumb\":{\"@id\":\"https:\\\/\\\/lda.be\\\/fr\\\/produit\\\/i9-serie-actionneurs-lineaires-electriques\\\/#breadcrumb\"},\"inLanguage\":\"fr-FR\",\"potentialAction\":[{\"@type\":\"ReadAction\",\"target\":[\"https:\\\/\\\/lda.be\\\/fr\\\/produit\\\/i9-serie-actionneurs-lineaires-electriques\\\/\"]}]},{\"@type\":\"ImageObject\",\"inLanguage\":\"fr-FR\",\"@id\":\"https:\\\/\\\/lda.be\\\/fr\\\/produit\\\/i9-serie-actionneurs-lineaires-electriques\\\/#primaryimage\",\"url\":\"https:\\\/\\\/lda.be\\\/wp-content\\\/uploads\\\/2025\\\/10\\\/ANT-63.webp\",\"contentUrl\":\"https:\\\/\\\/lda.be\\\/wp-content\\\/uploads\\\/2025\\\/10\\\/ANT-63.webp\",\"width\":1080,\"height\":1080,\"caption\":\"ANT-63\"},{\"@type\":\"BreadcrumbList\",\"@id\":\"https:\\\/\\\/lda.be\\\/fr\\\/produit\\\/i9-serie-actionneurs-lineaires-electriques\\\/#breadcrumb\",\"itemListElement\":[{\"@type\":\"ListItem\",\"position\":1,\"name\":\"Accueil\",\"item\":\"https:\\\/\\\/lda.be\\\/fr\\\/\"},{\"@type\":\"ListItem\",\"position\":2,\"name\":\"Produits\",\"item\":\"https:\\\/\\\/lda.be\\\/fr\\\/produits\\\/\"},{\"@type\":\"ListItem\",\"position\":3,\"name\":\"i9 s\u00e9rie actionneurs lin\u00e9aires \u00e9lectriques\"}]},{\"@type\":\"WebSite\",\"@id\":\"https:\\\/\\\/lda.be\\\/fr\\\/#website\",\"url\":\"https:\\\/\\\/lda.be\\\/fr\\\/\",\"name\":\"LDA Belgium\",\"description\":\"Solutions For Life\",\"publisher\":{\"@id\":\"https:\\\/\\\/lda.be\\\/fr\\\/#organization\"},\"potentialAction\":[{\"@type\":\"SearchAction\",\"target\":{\"@type\":\"EntryPoint\",\"urlTemplate\":\"https:\\\/\\\/lda.be\\\/fr\\\/?s={search_term_string}\"},\"query-input\":{\"@type\":\"PropertyValueSpecification\",\"valueRequired\":true,\"valueName\":\"search_term_string\"}}],\"inLanguage\":\"fr-FR\"},{\"@type\":\"Organization\",\"@id\":\"https:\\\/\\\/lda.be\\\/fr\\\/#organization\",\"name\":\"LDA Belgium\",\"url\":\"https:\\\/\\\/lda.be\\\/fr\\\/\",\"logo\":{\"@type\":\"ImageObject\",\"inLanguage\":\"fr-FR\",\"@id\":\"https:\\\/\\\/lda.be\\\/fr\\\/#\\\/schema\\\/logo\\\/image\\\/\",\"url\":\"https:\\\/\\\/lda.be\\\/wp-content\\\/uploads\\\/2022\\\/07\\\/Logo-LDA.webp\",\"contentUrl\":\"https:\\\/\\\/lda.be\\\/wp-content\\\/uploads\\\/2022\\\/07\\\/Logo-LDA.webp\",\"width\":311,\"height\":101,\"caption\":\"LDA Belgium\"},\"image\":{\"@id\":\"https:\\\/\\\/lda.be\\\/fr\\\/#\\\/schema\\\/logo\\\/image\\\/\"},\"sameAs\":[\"https:\\\/\\\/www.linkedin.com\\\/company\\\/lda-belgium-nv\"]}]}<\/script>\n<!-- \/ Yoast SEO plugin. -->","yoast_head_json":{"title":"i9 s\u00e9rie actionneurs lin\u00e9aires \u00e9lectriques - LDA Belgique","description":"actionneurs lin\u00e9aires \u00e9lectrique i9 pour trim tabs de yachts. Capacit\u00e9 de charge de 2300N, \u00e9tanche IP67M, sans entretien et utilisation dans des conditions maritimes difficiles.","robots":{"index":"index","follow":"follow","max-snippet":"max-snippet:-1","max-image-preview":"max-image-preview:large","max-video-preview":"max-video-preview:-1"},"canonical":"https:\/\/lda.be\/fr\/produit\/i9-serie-actionneurs-lineaires-electriques\/","og_locale":"fr_FR","og_type":"article","og_title":"i9 s\u00e9rie actionneurs lin\u00e9aires \u00e9lectriques - LDA Belgique","og_description":"actionneurs lin\u00e9aires \u00e9lectrique i9 pour trim tabs de yachts. Capacit\u00e9 de charge de 2300N, \u00e9tanche IP67M, sans entretien et utilisation dans des conditions maritimes difficiles.","og_url":"https:\/\/lda.be\/fr\/produit\/i9-serie-actionneurs-lineaires-electriques\/","og_site_name":"LDA Belgique","article_modified_time":"2025-12-09T13:33:31+00:00","og_image":[{"width":1080,"height":1080,"url":"https:\/\/lda.be\/wp-content\/uploads\/2025\/10\/ANT-63.webp","type":"image\/webp"}],"twitter_card":"summary_large_image","twitter_misc":{"Dur\u00e9e de lecture estim\u00e9e":"1 minute"},"schema":{"@context":"https:\/\/schema.org","@graph":[{"@type":"WebPage","@id":"https:\/\/lda.be\/fr\/produit\/i9-serie-actionneurs-lineaires-electriques\/","url":"https:\/\/lda.be\/fr\/produit\/i9-serie-actionneurs-lineaires-electriques\/","name":"i9 s\u00e9rie actionneurs lin\u00e9aires \u00e9lectriques - LDA Belgique","isPartOf":{"@id":"https:\/\/lda.be\/fr\/#website"},"primaryImageOfPage":{"@id":"https:\/\/lda.be\/fr\/produit\/i9-serie-actionneurs-lineaires-electriques\/#primaryimage"},"image":{"@id":"https:\/\/lda.be\/fr\/produit\/i9-serie-actionneurs-lineaires-electriques\/#primaryimage"},"thumbnailUrl":"https:\/\/lda.be\/wp-content\/uploads\/2025\/10\/ANT-63.webp","datePublished":"2025-10-27T14:51:54+00:00","dateModified":"2025-12-09T13:33:31+00:00","description":"actionneurs lin\u00e9aires \u00e9lectrique i9 pour trim tabs de yachts. Capacit\u00e9 de charge de 2300N, \u00e9tanche IP67M, sans entretien et utilisation dans des conditions maritimes difficiles.","breadcrumb":{"@id":"https:\/\/lda.be\/fr\/produit\/i9-serie-actionneurs-lineaires-electriques\/#breadcrumb"},"inLanguage":"fr-FR","potentialAction":[{"@type":"ReadAction","target":["https:\/\/lda.be\/fr\/produit\/i9-serie-actionneurs-lineaires-electriques\/"]}]},{"@type":"ImageObject","inLanguage":"fr-FR","@id":"https:\/\/lda.be\/fr\/produit\/i9-serie-actionneurs-lineaires-electriques\/#primaryimage","url":"https:\/\/lda.be\/wp-content\/uploads\/2025\/10\/ANT-63.webp","contentUrl":"https:\/\/lda.be\/wp-content\/uploads\/2025\/10\/ANT-63.webp","width":1080,"height":1080,"caption":"ANT-63"},{"@type":"BreadcrumbList","@id":"https:\/\/lda.be\/fr\/produit\/i9-serie-actionneurs-lineaires-electriques\/#breadcrumb","itemListElement":[{"@type":"ListItem","position":1,"name":"Accueil","item":"https:\/\/lda.be\/fr\/"},{"@type":"ListItem","position":2,"name":"Produits","item":"https:\/\/lda.be\/fr\/produits\/"},{"@type":"ListItem","position":3,"name":"i9 s\u00e9rie actionneurs lin\u00e9aires \u00e9lectriques"}]},{"@type":"WebSite","@id":"https:\/\/lda.be\/fr\/#website","url":"https:\/\/lda.be\/fr\/","name":"LDA Belgium","description":"Solutions For Life","publisher":{"@id":"https:\/\/lda.be\/fr\/#organization"},"potentialAction":[{"@type":"SearchAction","target":{"@type":"EntryPoint","urlTemplate":"https:\/\/lda.be\/fr\/?s={search_term_string}"},"query-input":{"@type":"PropertyValueSpecification","valueRequired":true,"valueName":"search_term_string"}}],"inLanguage":"fr-FR"},{"@type":"Organization","@id":"https:\/\/lda.be\/fr\/#organization","name":"LDA Belgium","url":"https:\/\/lda.be\/fr\/","logo":{"@type":"ImageObject","inLanguage":"fr-FR","@id":"https:\/\/lda.be\/fr\/#\/schema\/logo\/image\/","url":"https:\/\/lda.be\/wp-content\/uploads\/2022\/07\/Logo-LDA.webp","contentUrl":"https:\/\/lda.be\/wp-content\/uploads\/2022\/07\/Logo-LDA.webp","width":311,"height":101,"caption":"LDA Belgium"},"image":{"@id":"https:\/\/lda.be\/fr\/#\/schema\/logo\/image\/"},"sameAs":["https:\/\/www.linkedin.com\/company\/lda-belgium-nv"]}]}},"_links":{"self":[{"href":"https:\/\/lda.be\/fr\/wp-json\/wp\/v2\/product\/13134","targetHints":{"allow":["GET"]}}],"collection":[{"href":"https:\/\/lda.be\/fr\/wp-json\/wp\/v2\/product"}],"about":[{"href":"https:\/\/lda.be\/fr\/wp-json\/wp\/v2\/types\/product"}],"replies":[{"embeddable":true,"href":"https:\/\/lda.be\/fr\/wp-json\/wp\/v2\/comments?post=13134"}],"wp:featuredmedia":[{"embeddable":true,"href":"https:\/\/lda.be\/fr\/wp-json\/wp\/v2\/media\/13130"}],"wp:attachment":[{"href":"https:\/\/lda.be\/fr\/wp-json\/wp\/v2\/media?parent=13134"}],"wp:term":[{"taxonomy":"product_brand","embeddable":true,"href":"https:\/\/lda.be\/fr\/wp-json\/wp\/v2\/product_brand?post=13134"},{"taxonomy":"product_cat","embeddable":true,"href":"https:\/\/lda.be\/fr\/wp-json\/wp\/v2\/product_cat?post=13134"},{"taxonomy":"product_tag","embeddable":true,"href":"https:\/\/lda.be\/fr\/wp-json\/wp\/v2\/product_tag?post=13134"}],"curies":[{"name":"wp","href":"https:\/\/api.w.org\/{rel}","templated":true}]}}