{"id":13141,"date":"2025-10-28T13:51:26","date_gmt":"2025-10-28T12:51:26","guid":{"rendered":"https:\/\/lda.be\/?post_type=product&#038;p=13141"},"modified":"2025-10-28T14:53:35","modified_gmt":"2025-10-28T13:53:35","slug":"actionneurs-lineaires-electrique-sur-mesure","status":"publish","type":"product","link":"https:\/\/lda.be\/fr\/produit\/actionneurs-lineaires-electrique-sur-mesure\/","title":{"rendered":"actionneurs lin\u00e9aires \u00e9lectrique sur mesure"},"content":{"rendered":"<p>Ce actionneurs lin\u00e9aires \u00e9lectrique est fabriqu\u00e9 sur mesure et s&#8217;adapte \u00e0 la longueur de course et aux exigences d&#8217;installation, ce qui le rend flexible pour diff\u00e9rentes applications. L&#8217;actionneur est \u00e9quip\u00e9 d&#8217;un \u00e9crou composite haute r\u00e9sistance.<\/p>\n<p>La conception du curseur r\u00e9duit consid\u00e9rablement l&#8217;espace d&#8217;installation n\u00e9cessaire \u00e0 l&#8217;avant et \u00e0 l&#8217;arri\u00e8re, ce qui rend l&#8217;actionneur id\u00e9al pour les espaces compacts. L&#8217;arri\u00e8re de l&#8217;actionneur est pivotant pour une installation multi-angle et offre une grande adaptabilit\u00e9 aux conditions locales. Sp\u00e9cialement con\u00e7u pour les tentes de toit des camionnettes. Cet actionneur offre un format compact, un indice de protection \u00e9lev\u00e9 (IP55) et une excellente fiabilit\u00e9.<\/p>\n<p>D\u00e9couvrez le actionneurs lin\u00e9aires \u00e9lectrique sur mesure ou <a href=\"https:\/\/lda.be\/fr\/contact\/\">contactez LDA<\/a> avec vos coordonn\u00e9es ou consultez la page en savoir plus sur les <a href=\"https:\/\/lda.be\/fr\/services\/\">services de ressorts \u00e0 gaz<\/a> propos\u00e9s par LDA !<\/p>\n","protected":false},"excerpt":{"rendered":"<p>Ce actionneurs lin\u00e9aires \u00e9lectrique est fabriqu\u00e9 sur mesure et s&#8217;adapte \u00e0 la longueur de course et aux exigences d&#8217;installation, ce qui le rend flexible pour diff\u00e9rentes applications. L&#8217;actionneur est \u00e9quip\u00e9 d&#8217;un \u00e9crou composite haute r\u00e9sistance. La conception du curseur r\u00e9duit consid\u00e9rablement l&#8217;espace d&#8217;installation n\u00e9cessaire \u00e0 l&#8217;avant et \u00e0 l&#8217;arri\u00e8re, ce qui rend l&#8217;actionneur id\u00e9al pour [&hellip;]<\/p>\n","protected":false},"featured_media":13138,"comment_status":"closed","ping_status":"closed","template":"","meta":[],"product_brand":[1808],"product_cat":[880],"product_tag":[],"class_list":{"0":"post-13141","1":"product","2":"type-product","3":"status-publish","4":"has-post-thumbnail","6":"product_brand-antuator","7":"product_cat-moteur-integre-a-faible-cout","9":"first","10":"instock","11":"shipping-taxable","12":"product-type-simple"},"yoast_head":"<!-- This site is optimized with the Yoast SEO plugin v27.3 - https:\/\/yoast.com\/product\/yoast-seo-wordpress\/ -->\n<title>actionneurs lin\u00e9aires \u00e9lectrique sur mesure - LDA Belgique<\/title>\n<meta name=\"description\" content=\"actionneurs lin\u00e9aires \u00e9lectriques sur mesure pour de nombreuses applications et syst\u00e8mes. Si vous avez besoin d&#039;un actionneurs lin\u00e9aires \u00e9lectrique sur mesure, LDA Belgique est l\u00e0 pour vous !\" \/>\n<meta name=\"robots\" content=\"index, follow, max-snippet:-1, max-image-preview:large, max-video-preview:-1\" \/>\n<link rel=\"canonical\" href=\"https:\/\/lda.be\/fr\/produit\/actionneurs-lineaires-electrique-sur-mesure\/\" \/>\n<meta property=\"og:locale\" content=\"fr_FR\" \/>\n<meta property=\"og:type\" content=\"article\" \/>\n<meta property=\"og:title\" content=\"actionneurs lin\u00e9aires \u00e9lectrique sur mesure - LDA Belgique\" \/>\n<meta property=\"og:description\" content=\"actionneurs lin\u00e9aires \u00e9lectriques sur mesure pour de nombreuses applications et syst\u00e8mes. Si vous avez besoin d&#039;un actionneurs lin\u00e9aires \u00e9lectrique sur mesure, LDA Belgique est l\u00e0 pour vous !\" \/>\n<meta property=\"og:url\" content=\"https:\/\/lda.be\/fr\/produit\/actionneurs-lineaires-electrique-sur-mesure\/\" \/>\n<meta property=\"og:site_name\" content=\"LDA Belgique\" \/>\n<meta property=\"article:modified_time\" content=\"2025-10-28T13:53:35+00:00\" \/>\n<meta property=\"og:image\" content=\"https:\/\/lda.be\/wp-content\/uploads\/2025\/10\/Custom-linear-actuator.webp\" \/>\n\t<meta property=\"og:image:width\" content=\"1080\" \/>\n\t<meta property=\"og:image:height\" content=\"1080\" \/>\n\t<meta property=\"og:image:type\" content=\"image\/webp\" \/>\n<meta name=\"twitter:card\" content=\"summary_large_image\" \/>\n<meta name=\"twitter:label1\" content=\"Dur\u00e9e de lecture estim\u00e9e\" \/>\n\t<meta name=\"twitter:data1\" content=\"1 minute\" \/>\n<script type=\"application\/ld+json\" class=\"yoast-schema-graph\">{\"@context\":\"https:\\\/\\\/schema.org\",\"@graph\":[{\"@type\":\"WebPage\",\"@id\":\"https:\\\/\\\/lda.be\\\/fr\\\/produit\\\/actionneurs-lineaires-electrique-sur-mesure\\\/\",\"url\":\"https:\\\/\\\/lda.be\\\/fr\\\/produit\\\/actionneurs-lineaires-electrique-sur-mesure\\\/\",\"name\":\"actionneurs lin\u00e9aires \u00e9lectrique sur mesure - LDA Belgique\",\"isPartOf\":{\"@id\":\"https:\\\/\\\/lda.be\\\/fr\\\/#website\"},\"primaryImageOfPage\":{\"@id\":\"https:\\\/\\\/lda.be\\\/fr\\\/produit\\\/actionneurs-lineaires-electrique-sur-mesure\\\/#primaryimage\"},\"image\":{\"@id\":\"https:\\\/\\\/lda.be\\\/fr\\\/produit\\\/actionneurs-lineaires-electrique-sur-mesure\\\/#primaryimage\"},\"thumbnailUrl\":\"https:\\\/\\\/lda.be\\\/wp-content\\\/uploads\\\/2025\\\/10\\\/Custom-linear-actuator.webp\",\"datePublished\":\"2025-10-28T12:51:26+00:00\",\"dateModified\":\"2025-10-28T13:53:35+00:00\",\"description\":\"actionneurs lin\u00e9aires \u00e9lectriques sur mesure pour de nombreuses applications et syst\u00e8mes. Si vous avez besoin d'un actionneurs lin\u00e9aires \u00e9lectrique sur mesure, LDA Belgique est l\u00e0 pour vous !\",\"breadcrumb\":{\"@id\":\"https:\\\/\\\/lda.be\\\/fr\\\/produit\\\/actionneurs-lineaires-electrique-sur-mesure\\\/#breadcrumb\"},\"inLanguage\":\"fr-FR\",\"potentialAction\":[{\"@type\":\"ReadAction\",\"target\":[\"https:\\\/\\\/lda.be\\\/fr\\\/produit\\\/actionneurs-lineaires-electrique-sur-mesure\\\/\"]}]},{\"@type\":\"ImageObject\",\"inLanguage\":\"fr-FR\",\"@id\":\"https:\\\/\\\/lda.be\\\/fr\\\/produit\\\/actionneurs-lineaires-electrique-sur-mesure\\\/#primaryimage\",\"url\":\"https:\\\/\\\/lda.be\\\/wp-content\\\/uploads\\\/2025\\\/10\\\/Custom-linear-actuator.webp\",\"contentUrl\":\"https:\\\/\\\/lda.be\\\/wp-content\\\/uploads\\\/2025\\\/10\\\/Custom-linear-actuator.webp\",\"width\":1080,\"height\":1080,\"caption\":\"op maat gemaakte elektrische gasveren die LDA aanbied\"},{\"@type\":\"BreadcrumbList\",\"@id\":\"https:\\\/\\\/lda.be\\\/fr\\\/produit\\\/actionneurs-lineaires-electrique-sur-mesure\\\/#breadcrumb\",\"itemListElement\":[{\"@type\":\"ListItem\",\"position\":1,\"name\":\"Accueil\",\"item\":\"https:\\\/\\\/lda.be\\\/fr\\\/\"},{\"@type\":\"ListItem\",\"position\":2,\"name\":\"Produits\",\"item\":\"https:\\\/\\\/lda.be\\\/fr\\\/produits\\\/\"},{\"@type\":\"ListItem\",\"position\":3,\"name\":\"actionneurs lin\u00e9aires \u00e9lectrique sur mesure\"}]},{\"@type\":\"WebSite\",\"@id\":\"https:\\\/\\\/lda.be\\\/fr\\\/#website\",\"url\":\"https:\\\/\\\/lda.be\\\/fr\\\/\",\"name\":\"LDA Belgium\",\"description\":\"Solutions For Life\",\"publisher\":{\"@id\":\"https:\\\/\\\/lda.be\\\/fr\\\/#organization\"},\"potentialAction\":[{\"@type\":\"SearchAction\",\"target\":{\"@type\":\"EntryPoint\",\"urlTemplate\":\"https:\\\/\\\/lda.be\\\/fr\\\/?s={search_term_string}\"},\"query-input\":{\"@type\":\"PropertyValueSpecification\",\"valueRequired\":true,\"valueName\":\"search_term_string\"}}],\"inLanguage\":\"fr-FR\"},{\"@type\":\"Organization\",\"@id\":\"https:\\\/\\\/lda.be\\\/fr\\\/#organization\",\"name\":\"LDA Belgium\",\"url\":\"https:\\\/\\\/lda.be\\\/fr\\\/\",\"logo\":{\"@type\":\"ImageObject\",\"inLanguage\":\"fr-FR\",\"@id\":\"https:\\\/\\\/lda.be\\\/fr\\\/#\\\/schema\\\/logo\\\/image\\\/\",\"url\":\"https:\\\/\\\/lda.be\\\/wp-content\\\/uploads\\\/2022\\\/07\\\/Logo-LDA.webp\",\"contentUrl\":\"https:\\\/\\\/lda.be\\\/wp-content\\\/uploads\\\/2022\\\/07\\\/Logo-LDA.webp\",\"width\":311,\"height\":101,\"caption\":\"LDA Belgium\"},\"image\":{\"@id\":\"https:\\\/\\\/lda.be\\\/fr\\\/#\\\/schema\\\/logo\\\/image\\\/\"},\"sameAs\":[\"https:\\\/\\\/www.linkedin.com\\\/company\\\/lda-belgium-nv\"]}]}<\/script>\n<!-- \/ Yoast SEO plugin. -->","yoast_head_json":{"title":"actionneurs lin\u00e9aires \u00e9lectrique sur mesure - LDA Belgique","description":"actionneurs lin\u00e9aires \u00e9lectriques sur mesure pour de nombreuses applications et syst\u00e8mes. Si vous avez besoin d'un actionneurs lin\u00e9aires \u00e9lectrique sur mesure, LDA Belgique est l\u00e0 pour vous !","robots":{"index":"index","follow":"follow","max-snippet":"max-snippet:-1","max-image-preview":"max-image-preview:large","max-video-preview":"max-video-preview:-1"},"canonical":"https:\/\/lda.be\/fr\/produit\/actionneurs-lineaires-electrique-sur-mesure\/","og_locale":"fr_FR","og_type":"article","og_title":"actionneurs lin\u00e9aires \u00e9lectrique sur mesure - LDA Belgique","og_description":"actionneurs lin\u00e9aires \u00e9lectriques sur mesure pour de nombreuses applications et syst\u00e8mes. Si vous avez besoin d'un actionneurs lin\u00e9aires \u00e9lectrique sur mesure, LDA Belgique est l\u00e0 pour vous !","og_url":"https:\/\/lda.be\/fr\/produit\/actionneurs-lineaires-electrique-sur-mesure\/","og_site_name":"LDA Belgique","article_modified_time":"2025-10-28T13:53:35+00:00","og_image":[{"width":1080,"height":1080,"url":"https:\/\/lda.be\/wp-content\/uploads\/2025\/10\/Custom-linear-actuator.webp","type":"image\/webp"}],"twitter_card":"summary_large_image","twitter_misc":{"Dur\u00e9e de lecture estim\u00e9e":"1 minute"},"schema":{"@context":"https:\/\/schema.org","@graph":[{"@type":"WebPage","@id":"https:\/\/lda.be\/fr\/produit\/actionneurs-lineaires-electrique-sur-mesure\/","url":"https:\/\/lda.be\/fr\/produit\/actionneurs-lineaires-electrique-sur-mesure\/","name":"actionneurs lin\u00e9aires \u00e9lectrique sur mesure - LDA Belgique","isPartOf":{"@id":"https:\/\/lda.be\/fr\/#website"},"primaryImageOfPage":{"@id":"https:\/\/lda.be\/fr\/produit\/actionneurs-lineaires-electrique-sur-mesure\/#primaryimage"},"image":{"@id":"https:\/\/lda.be\/fr\/produit\/actionneurs-lineaires-electrique-sur-mesure\/#primaryimage"},"thumbnailUrl":"https:\/\/lda.be\/wp-content\/uploads\/2025\/10\/Custom-linear-actuator.webp","datePublished":"2025-10-28T12:51:26+00:00","dateModified":"2025-10-28T13:53:35+00:00","description":"actionneurs lin\u00e9aires \u00e9lectriques sur mesure pour de nombreuses applications et syst\u00e8mes. Si vous avez besoin d'un actionneurs lin\u00e9aires \u00e9lectrique sur mesure, LDA Belgique est l\u00e0 pour vous !","breadcrumb":{"@id":"https:\/\/lda.be\/fr\/produit\/actionneurs-lineaires-electrique-sur-mesure\/#breadcrumb"},"inLanguage":"fr-FR","potentialAction":[{"@type":"ReadAction","target":["https:\/\/lda.be\/fr\/produit\/actionneurs-lineaires-electrique-sur-mesure\/"]}]},{"@type":"ImageObject","inLanguage":"fr-FR","@id":"https:\/\/lda.be\/fr\/produit\/actionneurs-lineaires-electrique-sur-mesure\/#primaryimage","url":"https:\/\/lda.be\/wp-content\/uploads\/2025\/10\/Custom-linear-actuator.webp","contentUrl":"https:\/\/lda.be\/wp-content\/uploads\/2025\/10\/Custom-linear-actuator.webp","width":1080,"height":1080,"caption":"op maat gemaakte elektrische gasveren die LDA aanbied"},{"@type":"BreadcrumbList","@id":"https:\/\/lda.be\/fr\/produit\/actionneurs-lineaires-electrique-sur-mesure\/#breadcrumb","itemListElement":[{"@type":"ListItem","position":1,"name":"Accueil","item":"https:\/\/lda.be\/fr\/"},{"@type":"ListItem","position":2,"name":"Produits","item":"https:\/\/lda.be\/fr\/produits\/"},{"@type":"ListItem","position":3,"name":"actionneurs lin\u00e9aires \u00e9lectrique sur mesure"}]},{"@type":"WebSite","@id":"https:\/\/lda.be\/fr\/#website","url":"https:\/\/lda.be\/fr\/","name":"LDA Belgium","description":"Solutions For Life","publisher":{"@id":"https:\/\/lda.be\/fr\/#organization"},"potentialAction":[{"@type":"SearchAction","target":{"@type":"EntryPoint","urlTemplate":"https:\/\/lda.be\/fr\/?s={search_term_string}"},"query-input":{"@type":"PropertyValueSpecification","valueRequired":true,"valueName":"search_term_string"}}],"inLanguage":"fr-FR"},{"@type":"Organization","@id":"https:\/\/lda.be\/fr\/#organization","name":"LDA Belgium","url":"https:\/\/lda.be\/fr\/","logo":{"@type":"ImageObject","inLanguage":"fr-FR","@id":"https:\/\/lda.be\/fr\/#\/schema\/logo\/image\/","url":"https:\/\/lda.be\/wp-content\/uploads\/2022\/07\/Logo-LDA.webp","contentUrl":"https:\/\/lda.be\/wp-content\/uploads\/2022\/07\/Logo-LDA.webp","width":311,"height":101,"caption":"LDA Belgium"},"image":{"@id":"https:\/\/lda.be\/fr\/#\/schema\/logo\/image\/"},"sameAs":["https:\/\/www.linkedin.com\/company\/lda-belgium-nv"]}]}},"_links":{"self":[{"href":"https:\/\/lda.be\/fr\/wp-json\/wp\/v2\/product\/13141","targetHints":{"allow":["GET"]}}],"collection":[{"href":"https:\/\/lda.be\/fr\/wp-json\/wp\/v2\/product"}],"about":[{"href":"https:\/\/lda.be\/fr\/wp-json\/wp\/v2\/types\/product"}],"replies":[{"embeddable":true,"href":"https:\/\/lda.be\/fr\/wp-json\/wp\/v2\/comments?post=13141"}],"wp:featuredmedia":[{"embeddable":true,"href":"https:\/\/lda.be\/fr\/wp-json\/wp\/v2\/media\/13138"}],"wp:attachment":[{"href":"https:\/\/lda.be\/fr\/wp-json\/wp\/v2\/media?parent=13141"}],"wp:term":[{"taxonomy":"product_brand","embeddable":true,"href":"https:\/\/lda.be\/fr\/wp-json\/wp\/v2\/product_brand?post=13141"},{"taxonomy":"product_cat","embeddable":true,"href":"https:\/\/lda.be\/fr\/wp-json\/wp\/v2\/product_cat?post=13141"},{"taxonomy":"product_tag","embeddable":true,"href":"https:\/\/lda.be\/fr\/wp-json\/wp\/v2\/product_tag?post=13141"}],"curies":[{"name":"wp","href":"https:\/\/api.w.org\/{rel}","templated":true}]}}