{"id":13199,"date":"2025-10-29T16:32:50","date_gmt":"2025-10-29T15:32:50","guid":{"rendered":"https:\/\/lda.be\/?post_type=product&#038;p=13199"},"modified":"2025-10-29T16:39:40","modified_gmt":"2025-10-29T15:39:40","slug":"verin-rond-serie-ocg","status":"publish","type":"product","link":"https:\/\/lda.be\/fr\/produit\/verin-rond-serie-ocg\/","title":{"rendered":"V\u00e9rin rond s\u00e9rie OCG"},"content":{"rendered":"<p>La s\u00e9rie de v\u00e9rins OCG combine une construction robuste avec des fonctionnalit\u00e9s telles que des options de commutation magn\u00e9tique et un amortissement aux deux extr\u00e9mit\u00e9s. La s\u00e9rie OCG convient \u00e0 diverses applications gr\u00e2ce \u00e0 sa disponibilit\u00e9 en dimensions m\u00e9triques et imp\u00e9riales et en diff\u00e9rentes longueurs de course.<\/p>\n<p>La s\u00e9rie de v\u00e9rins pneumatiques OCG est disponible en 6 diam\u00e8tres d&#8217;al\u00e9sage et 10 courses, ce qui la rend adapt\u00e9e \u00e0 diverses applications.<\/p>\n","protected":false},"excerpt":{"rendered":"<p>La s\u00e9rie de v\u00e9rins OCG combine une construction robuste avec des fonctionnalit\u00e9s telles que des options de commutation magn\u00e9tique et un amortissement aux deux extr\u00e9mit\u00e9s. La s\u00e9rie OCG convient \u00e0 diverses applications gr\u00e2ce \u00e0 sa disponibilit\u00e9 en dimensions m\u00e9triques et imp\u00e9riales et en diff\u00e9rentes longueurs de course. La s\u00e9rie de v\u00e9rins pneumatiques OCG est disponible [&hellip;]<\/p>\n","protected":false},"featured_media":13194,"comment_status":"closed","ping_status":"closed","template":"","meta":[],"product_brand":[1816],"product_cat":[1815],"product_tag":[],"class_list":{"0":"post-13199","1":"product","2":"type-product","3":"status-publish","4":"has-post-thumbnail","6":"product_brand-round-type","7":"product_cat-verins-de-type-rond","9":"first","10":"instock","11":"shipping-taxable","12":"product-type-simple"},"yoast_head":"<!-- This site is optimized with the Yoast SEO plugin v27.3 - https:\/\/yoast.com\/product\/yoast-seo-wordpress\/ -->\n<title>V\u00e9rin rond s\u00e9rie OCG - LDA Belgique<\/title>\n<meta name=\"description\" content=\"V\u00e9rin rond OCG : solution pneumatique fiable avec dimensions m\u00e9triques et imp\u00e9riales. Convient \u00e0 diverses applications industrielles. D\u00e9couvrez les avantages\" \/>\n<meta name=\"robots\" content=\"index, follow, max-snippet:-1, max-image-preview:large, max-video-preview:-1\" \/>\n<link rel=\"canonical\" href=\"https:\/\/lda.be\/fr\/produit\/verin-rond-serie-ocg\/\" \/>\n<meta property=\"og:locale\" content=\"fr_FR\" \/>\n<meta property=\"og:type\" content=\"article\" \/>\n<meta property=\"og:title\" content=\"V\u00e9rin rond s\u00e9rie OCG - LDA Belgique\" \/>\n<meta property=\"og:description\" content=\"V\u00e9rin rond OCG : solution pneumatique fiable avec dimensions m\u00e9triques et imp\u00e9riales. Convient \u00e0 diverses applications industrielles. D\u00e9couvrez les avantages\" \/>\n<meta property=\"og:url\" content=\"https:\/\/lda.be\/fr\/produit\/verin-rond-serie-ocg\/\" \/>\n<meta property=\"og:site_name\" content=\"LDA Belgique\" \/>\n<meta property=\"article:modified_time\" content=\"2025-10-29T15:39:40+00:00\" \/>\n<meta property=\"og:image\" content=\"https:\/\/lda.be\/wp-content\/uploads\/2025\/10\/OGC-cylinder.webp\" \/>\n\t<meta property=\"og:image:width\" content=\"1080\" \/>\n\t<meta property=\"og:image:height\" content=\"1080\" \/>\n\t<meta property=\"og:image:type\" content=\"image\/webp\" \/>\n<meta name=\"twitter:card\" content=\"summary_large_image\" \/>\n<meta name=\"twitter:label1\" content=\"Dur\u00e9e de lecture estim\u00e9e\" \/>\n\t<meta name=\"twitter:data1\" content=\"1 minute\" \/>\n<script type=\"application\/ld+json\" class=\"yoast-schema-graph\">{\"@context\":\"https:\\\/\\\/schema.org\",\"@graph\":[{\"@type\":\"WebPage\",\"@id\":\"https:\\\/\\\/lda.be\\\/fr\\\/produit\\\/verin-rond-serie-ocg\\\/\",\"url\":\"https:\\\/\\\/lda.be\\\/fr\\\/produit\\\/verin-rond-serie-ocg\\\/\",\"name\":\"V\u00e9rin rond s\u00e9rie OCG - LDA Belgique\",\"isPartOf\":{\"@id\":\"https:\\\/\\\/lda.be\\\/fr\\\/#website\"},\"primaryImageOfPage\":{\"@id\":\"https:\\\/\\\/lda.be\\\/fr\\\/produit\\\/verin-rond-serie-ocg\\\/#primaryimage\"},\"image\":{\"@id\":\"https:\\\/\\\/lda.be\\\/fr\\\/produit\\\/verin-rond-serie-ocg\\\/#primaryimage\"},\"thumbnailUrl\":\"https:\\\/\\\/lda.be\\\/wp-content\\\/uploads\\\/2025\\\/10\\\/OGC-cylinder.webp\",\"datePublished\":\"2025-10-29T15:32:50+00:00\",\"dateModified\":\"2025-10-29T15:39:40+00:00\",\"description\":\"V\u00e9rin rond OCG : solution pneumatique fiable avec dimensions m\u00e9triques et imp\u00e9riales. Convient \u00e0 diverses applications industrielles. D\u00e9couvrez les avantages\",\"breadcrumb\":{\"@id\":\"https:\\\/\\\/lda.be\\\/fr\\\/produit\\\/verin-rond-serie-ocg\\\/#breadcrumb\"},\"inLanguage\":\"fr-FR\",\"potentialAction\":[{\"@type\":\"ReadAction\",\"target\":[\"https:\\\/\\\/lda.be\\\/fr\\\/produit\\\/verin-rond-serie-ocg\\\/\"]}]},{\"@type\":\"ImageObject\",\"inLanguage\":\"fr-FR\",\"@id\":\"https:\\\/\\\/lda.be\\\/fr\\\/produit\\\/verin-rond-serie-ocg\\\/#primaryimage\",\"url\":\"https:\\\/\\\/lda.be\\\/wp-content\\\/uploads\\\/2025\\\/10\\\/OGC-cylinder.webp\",\"contentUrl\":\"https:\\\/\\\/lda.be\\\/wp-content\\\/uploads\\\/2025\\\/10\\\/OGC-cylinder.webp\",\"width\":1080,\"height\":1080,\"caption\":\"OGC serie cylinder een ronde cilinder\"},{\"@type\":\"BreadcrumbList\",\"@id\":\"https:\\\/\\\/lda.be\\\/fr\\\/produit\\\/verin-rond-serie-ocg\\\/#breadcrumb\",\"itemListElement\":[{\"@type\":\"ListItem\",\"position\":1,\"name\":\"Accueil\",\"item\":\"https:\\\/\\\/lda.be\\\/fr\\\/\"},{\"@type\":\"ListItem\",\"position\":2,\"name\":\"Produits\",\"item\":\"https:\\\/\\\/lda.be\\\/fr\\\/produits\\\/\"},{\"@type\":\"ListItem\",\"position\":3,\"name\":\"V\u00e9rin rond s\u00e9rie OCG\"}]},{\"@type\":\"WebSite\",\"@id\":\"https:\\\/\\\/lda.be\\\/fr\\\/#website\",\"url\":\"https:\\\/\\\/lda.be\\\/fr\\\/\",\"name\":\"LDA Belgium\",\"description\":\"Solutions For Life\",\"publisher\":{\"@id\":\"https:\\\/\\\/lda.be\\\/fr\\\/#organization\"},\"potentialAction\":[{\"@type\":\"SearchAction\",\"target\":{\"@type\":\"EntryPoint\",\"urlTemplate\":\"https:\\\/\\\/lda.be\\\/fr\\\/?s={search_term_string}\"},\"query-input\":{\"@type\":\"PropertyValueSpecification\",\"valueRequired\":true,\"valueName\":\"search_term_string\"}}],\"inLanguage\":\"fr-FR\"},{\"@type\":\"Organization\",\"@id\":\"https:\\\/\\\/lda.be\\\/fr\\\/#organization\",\"name\":\"LDA Belgium\",\"url\":\"https:\\\/\\\/lda.be\\\/fr\\\/\",\"logo\":{\"@type\":\"ImageObject\",\"inLanguage\":\"fr-FR\",\"@id\":\"https:\\\/\\\/lda.be\\\/fr\\\/#\\\/schema\\\/logo\\\/image\\\/\",\"url\":\"https:\\\/\\\/lda.be\\\/wp-content\\\/uploads\\\/2022\\\/07\\\/Logo-LDA.webp\",\"contentUrl\":\"https:\\\/\\\/lda.be\\\/wp-content\\\/uploads\\\/2022\\\/07\\\/Logo-LDA.webp\",\"width\":311,\"height\":101,\"caption\":\"LDA Belgium\"},\"image\":{\"@id\":\"https:\\\/\\\/lda.be\\\/fr\\\/#\\\/schema\\\/logo\\\/image\\\/\"},\"sameAs\":[\"https:\\\/\\\/www.linkedin.com\\\/company\\\/lda-belgium-nv\"]}]}<\/script>\n<!-- \/ Yoast SEO plugin. -->","yoast_head_json":{"title":"V\u00e9rin rond s\u00e9rie OCG - LDA Belgique","description":"V\u00e9rin rond OCG : solution pneumatique fiable avec dimensions m\u00e9triques et imp\u00e9riales. Convient \u00e0 diverses applications industrielles. D\u00e9couvrez les avantages","robots":{"index":"index","follow":"follow","max-snippet":"max-snippet:-1","max-image-preview":"max-image-preview:large","max-video-preview":"max-video-preview:-1"},"canonical":"https:\/\/lda.be\/fr\/produit\/verin-rond-serie-ocg\/","og_locale":"fr_FR","og_type":"article","og_title":"V\u00e9rin rond s\u00e9rie OCG - LDA Belgique","og_description":"V\u00e9rin rond OCG : solution pneumatique fiable avec dimensions m\u00e9triques et imp\u00e9riales. Convient \u00e0 diverses applications industrielles. D\u00e9couvrez les avantages","og_url":"https:\/\/lda.be\/fr\/produit\/verin-rond-serie-ocg\/","og_site_name":"LDA Belgique","article_modified_time":"2025-10-29T15:39:40+00:00","og_image":[{"width":1080,"height":1080,"url":"https:\/\/lda.be\/wp-content\/uploads\/2025\/10\/OGC-cylinder.webp","type":"image\/webp"}],"twitter_card":"summary_large_image","twitter_misc":{"Dur\u00e9e de lecture estim\u00e9e":"1 minute"},"schema":{"@context":"https:\/\/schema.org","@graph":[{"@type":"WebPage","@id":"https:\/\/lda.be\/fr\/produit\/verin-rond-serie-ocg\/","url":"https:\/\/lda.be\/fr\/produit\/verin-rond-serie-ocg\/","name":"V\u00e9rin rond s\u00e9rie OCG - LDA Belgique","isPartOf":{"@id":"https:\/\/lda.be\/fr\/#website"},"primaryImageOfPage":{"@id":"https:\/\/lda.be\/fr\/produit\/verin-rond-serie-ocg\/#primaryimage"},"image":{"@id":"https:\/\/lda.be\/fr\/produit\/verin-rond-serie-ocg\/#primaryimage"},"thumbnailUrl":"https:\/\/lda.be\/wp-content\/uploads\/2025\/10\/OGC-cylinder.webp","datePublished":"2025-10-29T15:32:50+00:00","dateModified":"2025-10-29T15:39:40+00:00","description":"V\u00e9rin rond OCG : solution pneumatique fiable avec dimensions m\u00e9triques et imp\u00e9riales. Convient \u00e0 diverses applications industrielles. D\u00e9couvrez les avantages","breadcrumb":{"@id":"https:\/\/lda.be\/fr\/produit\/verin-rond-serie-ocg\/#breadcrumb"},"inLanguage":"fr-FR","potentialAction":[{"@type":"ReadAction","target":["https:\/\/lda.be\/fr\/produit\/verin-rond-serie-ocg\/"]}]},{"@type":"ImageObject","inLanguage":"fr-FR","@id":"https:\/\/lda.be\/fr\/produit\/verin-rond-serie-ocg\/#primaryimage","url":"https:\/\/lda.be\/wp-content\/uploads\/2025\/10\/OGC-cylinder.webp","contentUrl":"https:\/\/lda.be\/wp-content\/uploads\/2025\/10\/OGC-cylinder.webp","width":1080,"height":1080,"caption":"OGC serie cylinder een ronde cilinder"},{"@type":"BreadcrumbList","@id":"https:\/\/lda.be\/fr\/produit\/verin-rond-serie-ocg\/#breadcrumb","itemListElement":[{"@type":"ListItem","position":1,"name":"Accueil","item":"https:\/\/lda.be\/fr\/"},{"@type":"ListItem","position":2,"name":"Produits","item":"https:\/\/lda.be\/fr\/produits\/"},{"@type":"ListItem","position":3,"name":"V\u00e9rin rond s\u00e9rie OCG"}]},{"@type":"WebSite","@id":"https:\/\/lda.be\/fr\/#website","url":"https:\/\/lda.be\/fr\/","name":"LDA Belgium","description":"Solutions For Life","publisher":{"@id":"https:\/\/lda.be\/fr\/#organization"},"potentialAction":[{"@type":"SearchAction","target":{"@type":"EntryPoint","urlTemplate":"https:\/\/lda.be\/fr\/?s={search_term_string}"},"query-input":{"@type":"PropertyValueSpecification","valueRequired":true,"valueName":"search_term_string"}}],"inLanguage":"fr-FR"},{"@type":"Organization","@id":"https:\/\/lda.be\/fr\/#organization","name":"LDA Belgium","url":"https:\/\/lda.be\/fr\/","logo":{"@type":"ImageObject","inLanguage":"fr-FR","@id":"https:\/\/lda.be\/fr\/#\/schema\/logo\/image\/","url":"https:\/\/lda.be\/wp-content\/uploads\/2022\/07\/Logo-LDA.webp","contentUrl":"https:\/\/lda.be\/wp-content\/uploads\/2022\/07\/Logo-LDA.webp","width":311,"height":101,"caption":"LDA Belgium"},"image":{"@id":"https:\/\/lda.be\/fr\/#\/schema\/logo\/image\/"},"sameAs":["https:\/\/www.linkedin.com\/company\/lda-belgium-nv"]}]}},"_links":{"self":[{"href":"https:\/\/lda.be\/fr\/wp-json\/wp\/v2\/product\/13199","targetHints":{"allow":["GET"]}}],"collection":[{"href":"https:\/\/lda.be\/fr\/wp-json\/wp\/v2\/product"}],"about":[{"href":"https:\/\/lda.be\/fr\/wp-json\/wp\/v2\/types\/product"}],"replies":[{"embeddable":true,"href":"https:\/\/lda.be\/fr\/wp-json\/wp\/v2\/comments?post=13199"}],"wp:featuredmedia":[{"embeddable":true,"href":"https:\/\/lda.be\/fr\/wp-json\/wp\/v2\/media\/13194"}],"wp:attachment":[{"href":"https:\/\/lda.be\/fr\/wp-json\/wp\/v2\/media?parent=13199"}],"wp:term":[{"taxonomy":"product_brand","embeddable":true,"href":"https:\/\/lda.be\/fr\/wp-json\/wp\/v2\/product_brand?post=13199"},{"taxonomy":"product_cat","embeddable":true,"href":"https:\/\/lda.be\/fr\/wp-json\/wp\/v2\/product_cat?post=13199"},{"taxonomy":"product_tag","embeddable":true,"href":"https:\/\/lda.be\/fr\/wp-json\/wp\/v2\/product_tag?post=13199"}],"curies":[{"name":"wp","href":"https:\/\/api.w.org\/{rel}","templated":true}]}}