{"id":13212,"date":"2025-10-30T14:48:59","date_gmt":"2025-10-30T13:48:59","guid":{"rendered":"https:\/\/lda.be\/?post_type=product&#038;p=13212"},"modified":"2025-10-30T16:31:11","modified_gmt":"2025-10-30T15:31:11","slug":"series-a-av-hv-verins-a-tirant-hydrauliques-et-pneumatiques","status":"publish","type":"product","link":"https:\/\/lda.be\/fr\/produit\/series-a-av-hv-verins-a-tirant-hydrauliques-et-pneumatiques\/","title":{"rendered":"S\u00e9ries A, AV, HV v\u00e9rins \u00e0 tirant 3\/4&#8243;, 1&#8243;, 1-1\/8&#8243;"},"content":{"rendered":"<p>Les v\u00e9rins hydrauliques et pneumatiques NFPA des s\u00e9ries A, AV et HV avec v\u00e9rins \u00e0 tirant ont une construction \u00e0 tirant et peuvent \u00eatre r\u00e9par\u00e9s sur place. Les Port Controls\u00ae en option r\u00e9gulent la vitesse sur toute la course et l&#8217;option Rodlok maintient la tige en place \u00e0 n&#8217;importe quel endroit souhait\u00e9. Les v\u00e9rins NFPA des s\u00e9ries A, AV et HV sont con\u00e7us conform\u00e9ment aux normes NFPA et offrent de nombreuses options et possibilit\u00e9s de montage. Les v\u00e9rins \u00e0 tirant conviennent \u00e0 diverses applications industrielles gr\u00e2ce \u00e0 leur conception polyvalente et leur construction durable. La s\u00e9rie AV, par exemple, est \u00e9quip\u00e9e d&#8217;un raccord \u00e0 vide et d&#8217;une douille sp\u00e9ciale pour minimiser les particules dans la zone de la tige de piston, ce qui la rend adapt\u00e9e aux applications en salle blanche.<\/p>\n","protected":false},"excerpt":{"rendered":"<p>Les v\u00e9rins hydrauliques et pneumatiques NFPA des s\u00e9ries A, AV et HV avec v\u00e9rins \u00e0 tirant ont une construction \u00e0 tirant et peuvent \u00eatre r\u00e9par\u00e9s sur place. Les Port Controls\u00ae en option r\u00e9gulent la vitesse sur toute la course et l&#8217;option Rodlok maintient la tige en place \u00e0 n&#8217;importe quel endroit souhait\u00e9. Les v\u00e9rins NFPA [&hellip;]<\/p>\n","protected":false},"featured_media":13207,"comment_status":"closed","ping_status":"closed","template":"","meta":[],"product_brand":[1277,1820],"product_cat":[1819],"product_tag":[],"class_list":{"0":"post-13212","1":"product","2":"type-product","3":"status-publish","4":"has-post-thumbnail","6":"product_brand-phd","7":"product_brand-tie-rod","8":"product_cat-verins-a-tirants","10":"first","11":"instock","12":"shipping-taxable","13":"product-type-simple"},"yoast_head":"<!-- This site is optimized with the Yoast SEO plugin v27.3 - https:\/\/yoast.com\/product\/yoast-seo-wordpress\/ -->\n<title>S\u00e9ries A, AV, HV v\u00e9rins \u00e0 tirant 3\/4&quot;, 1&quot;, 1-1\/8&quot; - LDA Belgique<\/title>\n<meta name=\"description\" content=\"V\u00e9rins \u00e0 tirant PHD serie AV, HV, A : solutions pneumatiques et hydrauliques pour diverses applications industrielles. D\u00e9couvrez la s\u00e9rie comme vous le souhaitez\" \/>\n<meta name=\"robots\" content=\"index, follow, max-snippet:-1, max-image-preview:large, max-video-preview:-1\" \/>\n<link rel=\"canonical\" href=\"https:\/\/lda.be\/fr\/produit\/series-a-av-hv-verins-a-tirant-hydrauliques-et-pneumatiques\/\" \/>\n<meta property=\"og:locale\" content=\"fr_FR\" \/>\n<meta property=\"og:type\" content=\"article\" \/>\n<meta property=\"og:title\" content=\"S\u00e9ries A, AV, HV v\u00e9rins \u00e0 tirant 3\/4&quot;, 1&quot;, 1-1\/8&quot; - LDA Belgique\" \/>\n<meta property=\"og:description\" content=\"V\u00e9rins \u00e0 tirant PHD serie AV, HV, A : solutions pneumatiques et hydrauliques pour diverses applications industrielles. D\u00e9couvrez la s\u00e9rie comme vous le souhaitez\" \/>\n<meta property=\"og:url\" content=\"https:\/\/lda.be\/fr\/produit\/series-a-av-hv-verins-a-tirant-hydrauliques-et-pneumatiques\/\" \/>\n<meta property=\"og:site_name\" content=\"LDA Belgique\" \/>\n<meta property=\"article:modified_time\" content=\"2025-10-30T15:31:11+00:00\" \/>\n<meta property=\"og:image\" content=\"https:\/\/lda.be\/wp-content\/uploads\/2025\/10\/Serie-A-AV-HV-cylinder.webp\" \/>\n\t<meta property=\"og:image:width\" content=\"1080\" \/>\n\t<meta property=\"og:image:height\" content=\"1080\" \/>\n\t<meta property=\"og:image:type\" content=\"image\/webp\" \/>\n<meta name=\"twitter:card\" content=\"summary_large_image\" \/>\n<meta name=\"twitter:label1\" content=\"Dur\u00e9e de lecture estim\u00e9e\" \/>\n\t<meta name=\"twitter:data1\" content=\"1 minute\" \/>\n<script type=\"application\/ld+json\" class=\"yoast-schema-graph\">{\"@context\":\"https:\\\/\\\/schema.org\",\"@graph\":[{\"@type\":\"WebPage\",\"@id\":\"https:\\\/\\\/lda.be\\\/fr\\\/produit\\\/series-a-av-hv-verins-a-tirant-hydrauliques-et-pneumatiques\\\/\",\"url\":\"https:\\\/\\\/lda.be\\\/fr\\\/produit\\\/series-a-av-hv-verins-a-tirant-hydrauliques-et-pneumatiques\\\/\",\"name\":\"S\u00e9ries A, AV, HV v\u00e9rins \u00e0 tirant 3\\\/4\\\", 1\\\", 1-1\\\/8\\\" - LDA Belgique\",\"isPartOf\":{\"@id\":\"https:\\\/\\\/lda.be\\\/fr\\\/#website\"},\"primaryImageOfPage\":{\"@id\":\"https:\\\/\\\/lda.be\\\/fr\\\/produit\\\/series-a-av-hv-verins-a-tirant-hydrauliques-et-pneumatiques\\\/#primaryimage\"},\"image\":{\"@id\":\"https:\\\/\\\/lda.be\\\/fr\\\/produit\\\/series-a-av-hv-verins-a-tirant-hydrauliques-et-pneumatiques\\\/#primaryimage\"},\"thumbnailUrl\":\"https:\\\/\\\/lda.be\\\/wp-content\\\/uploads\\\/2025\\\/10\\\/Serie-A-AV-HV-cylinder.webp\",\"datePublished\":\"2025-10-30T13:48:59+00:00\",\"dateModified\":\"2025-10-30T15:31:11+00:00\",\"description\":\"V\u00e9rins \u00e0 tirant PHD serie AV, HV, A : solutions pneumatiques et hydrauliques pour diverses applications industrielles. D\u00e9couvrez la s\u00e9rie comme vous le souhaitez\",\"breadcrumb\":{\"@id\":\"https:\\\/\\\/lda.be\\\/fr\\\/produit\\\/series-a-av-hv-verins-a-tirant-hydrauliques-et-pneumatiques\\\/#breadcrumb\"},\"inLanguage\":\"fr-FR\",\"potentialAction\":[{\"@type\":\"ReadAction\",\"target\":[\"https:\\\/\\\/lda.be\\\/fr\\\/produit\\\/series-a-av-hv-verins-a-tirant-hydrauliques-et-pneumatiques\\\/\"]}]},{\"@type\":\"ImageObject\",\"inLanguage\":\"fr-FR\",\"@id\":\"https:\\\/\\\/lda.be\\\/fr\\\/produit\\\/series-a-av-hv-verins-a-tirant-hydrauliques-et-pneumatiques\\\/#primaryimage\",\"url\":\"https:\\\/\\\/lda.be\\\/wp-content\\\/uploads\\\/2025\\\/10\\\/Serie-A-AV-HV-cylinder.webp\",\"contentUrl\":\"https:\\\/\\\/lda.be\\\/wp-content\\\/uploads\\\/2025\\\/10\\\/Serie-A-AV-HV-cylinder.webp\",\"width\":1080,\"height\":1080,\"caption\":\"Serie A, AV, HV cylinder een trekstangcilinder van phdinc\"},{\"@type\":\"BreadcrumbList\",\"@id\":\"https:\\\/\\\/lda.be\\\/fr\\\/produit\\\/series-a-av-hv-verins-a-tirant-hydrauliques-et-pneumatiques\\\/#breadcrumb\",\"itemListElement\":[{\"@type\":\"ListItem\",\"position\":1,\"name\":\"Accueil\",\"item\":\"https:\\\/\\\/lda.be\\\/fr\\\/\"},{\"@type\":\"ListItem\",\"position\":2,\"name\":\"Produits\",\"item\":\"https:\\\/\\\/lda.be\\\/fr\\\/produits\\\/\"},{\"@type\":\"ListItem\",\"position\":3,\"name\":\"S\u00e9ries A, AV, HV v\u00e9rins \u00e0 tirant 3\\\/4&#8243;, 1&#8243;, 1-1\\\/8&#8243;\"}]},{\"@type\":\"WebSite\",\"@id\":\"https:\\\/\\\/lda.be\\\/fr\\\/#website\",\"url\":\"https:\\\/\\\/lda.be\\\/fr\\\/\",\"name\":\"LDA Belgium\",\"description\":\"Solutions For Life\",\"publisher\":{\"@id\":\"https:\\\/\\\/lda.be\\\/fr\\\/#organization\"},\"potentialAction\":[{\"@type\":\"SearchAction\",\"target\":{\"@type\":\"EntryPoint\",\"urlTemplate\":\"https:\\\/\\\/lda.be\\\/fr\\\/?s={search_term_string}\"},\"query-input\":{\"@type\":\"PropertyValueSpecification\",\"valueRequired\":true,\"valueName\":\"search_term_string\"}}],\"inLanguage\":\"fr-FR\"},{\"@type\":\"Organization\",\"@id\":\"https:\\\/\\\/lda.be\\\/fr\\\/#organization\",\"name\":\"LDA Belgium\",\"url\":\"https:\\\/\\\/lda.be\\\/fr\\\/\",\"logo\":{\"@type\":\"ImageObject\",\"inLanguage\":\"fr-FR\",\"@id\":\"https:\\\/\\\/lda.be\\\/fr\\\/#\\\/schema\\\/logo\\\/image\\\/\",\"url\":\"https:\\\/\\\/lda.be\\\/wp-content\\\/uploads\\\/2022\\\/07\\\/Logo-LDA.webp\",\"contentUrl\":\"https:\\\/\\\/lda.be\\\/wp-content\\\/uploads\\\/2022\\\/07\\\/Logo-LDA.webp\",\"width\":311,\"height\":101,\"caption\":\"LDA Belgium\"},\"image\":{\"@id\":\"https:\\\/\\\/lda.be\\\/fr\\\/#\\\/schema\\\/logo\\\/image\\\/\"},\"sameAs\":[\"https:\\\/\\\/www.linkedin.com\\\/company\\\/lda-belgium-nv\"]}]}<\/script>\n<!-- \/ Yoast SEO plugin. -->","yoast_head_json":{"title":"S\u00e9ries A, AV, HV v\u00e9rins \u00e0 tirant 3\/4\", 1\", 1-1\/8\" - LDA Belgique","description":"V\u00e9rins \u00e0 tirant PHD serie AV, HV, A : solutions pneumatiques et hydrauliques pour diverses applications industrielles. D\u00e9couvrez la s\u00e9rie comme vous le souhaitez","robots":{"index":"index","follow":"follow","max-snippet":"max-snippet:-1","max-image-preview":"max-image-preview:large","max-video-preview":"max-video-preview:-1"},"canonical":"https:\/\/lda.be\/fr\/produit\/series-a-av-hv-verins-a-tirant-hydrauliques-et-pneumatiques\/","og_locale":"fr_FR","og_type":"article","og_title":"S\u00e9ries A, AV, HV v\u00e9rins \u00e0 tirant 3\/4\", 1\", 1-1\/8\" - LDA Belgique","og_description":"V\u00e9rins \u00e0 tirant PHD serie AV, HV, A : solutions pneumatiques et hydrauliques pour diverses applications industrielles. D\u00e9couvrez la s\u00e9rie comme vous le souhaitez","og_url":"https:\/\/lda.be\/fr\/produit\/series-a-av-hv-verins-a-tirant-hydrauliques-et-pneumatiques\/","og_site_name":"LDA Belgique","article_modified_time":"2025-10-30T15:31:11+00:00","og_image":[{"width":1080,"height":1080,"url":"https:\/\/lda.be\/wp-content\/uploads\/2025\/10\/Serie-A-AV-HV-cylinder.webp","type":"image\/webp"}],"twitter_card":"summary_large_image","twitter_misc":{"Dur\u00e9e de lecture estim\u00e9e":"1 minute"},"schema":{"@context":"https:\/\/schema.org","@graph":[{"@type":"WebPage","@id":"https:\/\/lda.be\/fr\/produit\/series-a-av-hv-verins-a-tirant-hydrauliques-et-pneumatiques\/","url":"https:\/\/lda.be\/fr\/produit\/series-a-av-hv-verins-a-tirant-hydrauliques-et-pneumatiques\/","name":"S\u00e9ries A, AV, HV v\u00e9rins \u00e0 tirant 3\/4\", 1\", 1-1\/8\" - LDA Belgique","isPartOf":{"@id":"https:\/\/lda.be\/fr\/#website"},"primaryImageOfPage":{"@id":"https:\/\/lda.be\/fr\/produit\/series-a-av-hv-verins-a-tirant-hydrauliques-et-pneumatiques\/#primaryimage"},"image":{"@id":"https:\/\/lda.be\/fr\/produit\/series-a-av-hv-verins-a-tirant-hydrauliques-et-pneumatiques\/#primaryimage"},"thumbnailUrl":"https:\/\/lda.be\/wp-content\/uploads\/2025\/10\/Serie-A-AV-HV-cylinder.webp","datePublished":"2025-10-30T13:48:59+00:00","dateModified":"2025-10-30T15:31:11+00:00","description":"V\u00e9rins \u00e0 tirant PHD serie AV, HV, A : solutions pneumatiques et hydrauliques pour diverses applications industrielles. D\u00e9couvrez la s\u00e9rie comme vous le souhaitez","breadcrumb":{"@id":"https:\/\/lda.be\/fr\/produit\/series-a-av-hv-verins-a-tirant-hydrauliques-et-pneumatiques\/#breadcrumb"},"inLanguage":"fr-FR","potentialAction":[{"@type":"ReadAction","target":["https:\/\/lda.be\/fr\/produit\/series-a-av-hv-verins-a-tirant-hydrauliques-et-pneumatiques\/"]}]},{"@type":"ImageObject","inLanguage":"fr-FR","@id":"https:\/\/lda.be\/fr\/produit\/series-a-av-hv-verins-a-tirant-hydrauliques-et-pneumatiques\/#primaryimage","url":"https:\/\/lda.be\/wp-content\/uploads\/2025\/10\/Serie-A-AV-HV-cylinder.webp","contentUrl":"https:\/\/lda.be\/wp-content\/uploads\/2025\/10\/Serie-A-AV-HV-cylinder.webp","width":1080,"height":1080,"caption":"Serie A, AV, HV cylinder een trekstangcilinder van phdinc"},{"@type":"BreadcrumbList","@id":"https:\/\/lda.be\/fr\/produit\/series-a-av-hv-verins-a-tirant-hydrauliques-et-pneumatiques\/#breadcrumb","itemListElement":[{"@type":"ListItem","position":1,"name":"Accueil","item":"https:\/\/lda.be\/fr\/"},{"@type":"ListItem","position":2,"name":"Produits","item":"https:\/\/lda.be\/fr\/produits\/"},{"@type":"ListItem","position":3,"name":"S\u00e9ries A, AV, HV v\u00e9rins \u00e0 tirant 3\/4&#8243;, 1&#8243;, 1-1\/8&#8243;"}]},{"@type":"WebSite","@id":"https:\/\/lda.be\/fr\/#website","url":"https:\/\/lda.be\/fr\/","name":"LDA Belgium","description":"Solutions For Life","publisher":{"@id":"https:\/\/lda.be\/fr\/#organization"},"potentialAction":[{"@type":"SearchAction","target":{"@type":"EntryPoint","urlTemplate":"https:\/\/lda.be\/fr\/?s={search_term_string}"},"query-input":{"@type":"PropertyValueSpecification","valueRequired":true,"valueName":"search_term_string"}}],"inLanguage":"fr-FR"},{"@type":"Organization","@id":"https:\/\/lda.be\/fr\/#organization","name":"LDA Belgium","url":"https:\/\/lda.be\/fr\/","logo":{"@type":"ImageObject","inLanguage":"fr-FR","@id":"https:\/\/lda.be\/fr\/#\/schema\/logo\/image\/","url":"https:\/\/lda.be\/wp-content\/uploads\/2022\/07\/Logo-LDA.webp","contentUrl":"https:\/\/lda.be\/wp-content\/uploads\/2022\/07\/Logo-LDA.webp","width":311,"height":101,"caption":"LDA Belgium"},"image":{"@id":"https:\/\/lda.be\/fr\/#\/schema\/logo\/image\/"},"sameAs":["https:\/\/www.linkedin.com\/company\/lda-belgium-nv"]}]}},"_links":{"self":[{"href":"https:\/\/lda.be\/fr\/wp-json\/wp\/v2\/product\/13212","targetHints":{"allow":["GET"]}}],"collection":[{"href":"https:\/\/lda.be\/fr\/wp-json\/wp\/v2\/product"}],"about":[{"href":"https:\/\/lda.be\/fr\/wp-json\/wp\/v2\/types\/product"}],"replies":[{"embeddable":true,"href":"https:\/\/lda.be\/fr\/wp-json\/wp\/v2\/comments?post=13212"}],"wp:featuredmedia":[{"embeddable":true,"href":"https:\/\/lda.be\/fr\/wp-json\/wp\/v2\/media\/13207"}],"wp:attachment":[{"href":"https:\/\/lda.be\/fr\/wp-json\/wp\/v2\/media?parent=13212"}],"wp:term":[{"taxonomy":"product_brand","embeddable":true,"href":"https:\/\/lda.be\/fr\/wp-json\/wp\/v2\/product_brand?post=13212"},{"taxonomy":"product_cat","embeddable":true,"href":"https:\/\/lda.be\/fr\/wp-json\/wp\/v2\/product_cat?post=13212"},{"taxonomy":"product_tag","embeddable":true,"href":"https:\/\/lda.be\/fr\/wp-json\/wp\/v2\/product_tag?post=13212"}],"curies":[{"name":"wp","href":"https:\/\/api.w.org\/{rel}","templated":true}]}}