{"id":13223,"date":"2025-10-30T15:45:15","date_gmt":"2025-10-30T14:45:15","guid":{"rendered":"https:\/\/lda.be\/?post_type=product&#038;p=13223"},"modified":"2025-10-30T16:18:38","modified_gmt":"2025-10-30T15:18:38","slug":"series-a2-av2-hv2-verins-a-tirant","status":"publish","type":"product","link":"https:\/\/lda.be\/fr\/produit\/series-a2-av2-hv2-verins-a-tirant\/","title":{"rendered":"S\u00e9ries A2, AV2, HV2 v\u00e9rins \u00e0 tirant 3\/4&#8243;, 1&#8243;, 1-1\/8&#8243;, 1-3\/8&#8243;"},"content":{"rendered":"<p>Les v\u00e9rins hydrauliques et pneumatiques des s\u00e9ries AV2, HV2 et A2 NFPA sont des v\u00e9rins \u00e0 tirants. Il s&#8217;agit essentiellement de v\u00e9rins dos \u00e0 dos avec des tirants communs. Cette configuration offre jusqu&#8217;\u00e0 quatre positions de tige. Gr\u00e2ce \u00e0 la double tige de piston et \u00e0 la conception dos \u00e0 dos, cette s\u00e9rie permet d&#8217;obtenir un mouvement efficace dans des configurations complexes. Les v\u00e9rins des s\u00e9ries AV2, HV2 et A2 sont con\u00e7us pour offrir une flexibilit\u00e9 exceptionnellement \u00e9lev\u00e9e en mati\u00e8re de positionnement pneumatique. Ils sont id\u00e9aux pour des applications telles que les lignes d&#8217;automatisation ou les salles blanches.\u00a0 Avec des options telles que l&#8217;amortissement r\u00e9glable, les amortisseurs de chocs et les pistons magn\u00e9tiques, cette s\u00e9rie est pr\u00eate \u00e0 relever tous les d\u00e9fis.<\/p>\n","protected":false},"excerpt":{"rendered":"<p>Les v\u00e9rins hydrauliques et pneumatiques des s\u00e9ries AV2, HV2 et A2 NFPA sont des v\u00e9rins \u00e0 tirants. Il s&#8217;agit essentiellement de v\u00e9rins dos \u00e0 dos avec des tirants communs. Cette configuration offre jusqu&#8217;\u00e0 quatre positions de tige. Gr\u00e2ce \u00e0 la double tige de piston et \u00e0 la conception dos \u00e0 dos, cette s\u00e9rie permet d&#8217;obtenir [&hellip;]<\/p>\n","protected":false},"featured_media":13215,"comment_status":"closed","ping_status":"closed","template":"","meta":[],"product_brand":[1277,1820],"product_cat":[1819],"product_tag":[],"class_list":{"0":"post-13223","1":"product","2":"type-product","3":"status-publish","4":"has-post-thumbnail","6":"product_brand-phd","7":"product_brand-tie-rod","8":"product_cat-verins-a-tirants","10":"first","11":"instock","12":"shipping-taxable","13":"product-type-simple"},"yoast_head":"<!-- This site is optimized with the Yoast SEO plugin v27.3 - https:\/\/yoast.com\/product\/yoast-seo-wordpress\/ -->\n<title>S\u00e9ries A2, AV2, HV2 v\u00e9rins \u00e0 tirant 3\/4&quot;, 1&quot;, 1-1\/8&quot;, 1-3\/8&quot; - LDA Belgique<\/title>\n<meta name=\"description\" content=\"V\u00e9rins PHD AV2, HV2, A2 : solutions pneumatiques et hydrauliques fiables \u00e0 quatre positions lin\u00e9aires. Adapt\u00e9s \u00e0 diverses applications industrielles.\" \/>\n<meta name=\"robots\" content=\"index, follow, max-snippet:-1, max-image-preview:large, max-video-preview:-1\" \/>\n<link rel=\"canonical\" href=\"https:\/\/lda.be\/fr\/produit\/series-a2-av2-hv2-verins-a-tirant\/\" \/>\n<meta property=\"og:locale\" content=\"fr_FR\" \/>\n<meta property=\"og:type\" content=\"article\" \/>\n<meta property=\"og:title\" content=\"S\u00e9ries A2, AV2, HV2 v\u00e9rins \u00e0 tirant 3\/4&quot;, 1&quot;, 1-1\/8&quot;, 1-3\/8&quot; - LDA Belgique\" \/>\n<meta property=\"og:description\" content=\"V\u00e9rins PHD AV2, HV2, A2 : solutions pneumatiques et hydrauliques fiables \u00e0 quatre positions lin\u00e9aires. Adapt\u00e9s \u00e0 diverses applications industrielles.\" \/>\n<meta property=\"og:url\" content=\"https:\/\/lda.be\/fr\/produit\/series-a2-av2-hv2-verins-a-tirant\/\" \/>\n<meta property=\"og:site_name\" content=\"LDA Belgique\" \/>\n<meta property=\"article:modified_time\" content=\"2025-10-30T15:18:38+00:00\" \/>\n<meta property=\"og:image\" content=\"https:\/\/lda.be\/wp-content\/uploads\/2025\/10\/Series-A2-AV2-HV2-cylinders.webp\" \/>\n\t<meta property=\"og:image:width\" content=\"1080\" \/>\n\t<meta property=\"og:image:height\" content=\"1080\" \/>\n\t<meta property=\"og:image:type\" content=\"image\/webp\" \/>\n<meta name=\"twitter:card\" content=\"summary_large_image\" \/>\n<meta name=\"twitter:label1\" content=\"Dur\u00e9e de lecture estim\u00e9e\" \/>\n\t<meta name=\"twitter:data1\" content=\"1 minute\" \/>\n<script type=\"application\/ld+json\" class=\"yoast-schema-graph\">{\"@context\":\"https:\\\/\\\/schema.org\",\"@graph\":[{\"@type\":\"WebPage\",\"@id\":\"https:\\\/\\\/lda.be\\\/fr\\\/produit\\\/series-a2-av2-hv2-verins-a-tirant\\\/\",\"url\":\"https:\\\/\\\/lda.be\\\/fr\\\/produit\\\/series-a2-av2-hv2-verins-a-tirant\\\/\",\"name\":\"S\u00e9ries A2, AV2, HV2 v\u00e9rins \u00e0 tirant 3\\\/4\\\", 1\\\", 1-1\\\/8\\\", 1-3\\\/8\\\" - LDA Belgique\",\"isPartOf\":{\"@id\":\"https:\\\/\\\/lda.be\\\/fr\\\/#website\"},\"primaryImageOfPage\":{\"@id\":\"https:\\\/\\\/lda.be\\\/fr\\\/produit\\\/series-a2-av2-hv2-verins-a-tirant\\\/#primaryimage\"},\"image\":{\"@id\":\"https:\\\/\\\/lda.be\\\/fr\\\/produit\\\/series-a2-av2-hv2-verins-a-tirant\\\/#primaryimage\"},\"thumbnailUrl\":\"https:\\\/\\\/lda.be\\\/wp-content\\\/uploads\\\/2025\\\/10\\\/Series-A2-AV2-HV2-cylinders.webp\",\"datePublished\":\"2025-10-30T14:45:15+00:00\",\"dateModified\":\"2025-10-30T15:18:38+00:00\",\"description\":\"V\u00e9rins PHD AV2, HV2, A2 : solutions pneumatiques et hydrauliques fiables \u00e0 quatre positions lin\u00e9aires. Adapt\u00e9s \u00e0 diverses applications industrielles.\",\"breadcrumb\":{\"@id\":\"https:\\\/\\\/lda.be\\\/fr\\\/produit\\\/series-a2-av2-hv2-verins-a-tirant\\\/#breadcrumb\"},\"inLanguage\":\"fr-FR\",\"potentialAction\":[{\"@type\":\"ReadAction\",\"target\":[\"https:\\\/\\\/lda.be\\\/fr\\\/produit\\\/series-a2-av2-hv2-verins-a-tirant\\\/\"]}]},{\"@type\":\"ImageObject\",\"inLanguage\":\"fr-FR\",\"@id\":\"https:\\\/\\\/lda.be\\\/fr\\\/produit\\\/series-a2-av2-hv2-verins-a-tirant\\\/#primaryimage\",\"url\":\"https:\\\/\\\/lda.be\\\/wp-content\\\/uploads\\\/2025\\\/10\\\/Series-A2-AV2-HV2-cylinders.webp\",\"contentUrl\":\"https:\\\/\\\/lda.be\\\/wp-content\\\/uploads\\\/2025\\\/10\\\/Series-A2-AV2-HV2-cylinders.webp\",\"width\":1080,\"height\":1080,\"caption\":\"PHD inc series A2 AV2 HV2 trekstangcilinder\"},{\"@type\":\"BreadcrumbList\",\"@id\":\"https:\\\/\\\/lda.be\\\/fr\\\/produit\\\/series-a2-av2-hv2-verins-a-tirant\\\/#breadcrumb\",\"itemListElement\":[{\"@type\":\"ListItem\",\"position\":1,\"name\":\"Accueil\",\"item\":\"https:\\\/\\\/lda.be\\\/fr\\\/\"},{\"@type\":\"ListItem\",\"position\":2,\"name\":\"Produits\",\"item\":\"https:\\\/\\\/lda.be\\\/fr\\\/produits\\\/\"},{\"@type\":\"ListItem\",\"position\":3,\"name\":\"S\u00e9ries A2, AV2, HV2 v\u00e9rins \u00e0 tirant 3\\\/4&#8243;, 1&#8243;, 1-1\\\/8&#8243;, 1-3\\\/8&#8243;\"}]},{\"@type\":\"WebSite\",\"@id\":\"https:\\\/\\\/lda.be\\\/fr\\\/#website\",\"url\":\"https:\\\/\\\/lda.be\\\/fr\\\/\",\"name\":\"LDA Belgium\",\"description\":\"Solutions For Life\",\"publisher\":{\"@id\":\"https:\\\/\\\/lda.be\\\/fr\\\/#organization\"},\"potentialAction\":[{\"@type\":\"SearchAction\",\"target\":{\"@type\":\"EntryPoint\",\"urlTemplate\":\"https:\\\/\\\/lda.be\\\/fr\\\/?s={search_term_string}\"},\"query-input\":{\"@type\":\"PropertyValueSpecification\",\"valueRequired\":true,\"valueName\":\"search_term_string\"}}],\"inLanguage\":\"fr-FR\"},{\"@type\":\"Organization\",\"@id\":\"https:\\\/\\\/lda.be\\\/fr\\\/#organization\",\"name\":\"LDA Belgium\",\"url\":\"https:\\\/\\\/lda.be\\\/fr\\\/\",\"logo\":{\"@type\":\"ImageObject\",\"inLanguage\":\"fr-FR\",\"@id\":\"https:\\\/\\\/lda.be\\\/fr\\\/#\\\/schema\\\/logo\\\/image\\\/\",\"url\":\"https:\\\/\\\/lda.be\\\/wp-content\\\/uploads\\\/2022\\\/07\\\/Logo-LDA.webp\",\"contentUrl\":\"https:\\\/\\\/lda.be\\\/wp-content\\\/uploads\\\/2022\\\/07\\\/Logo-LDA.webp\",\"width\":311,\"height\":101,\"caption\":\"LDA Belgium\"},\"image\":{\"@id\":\"https:\\\/\\\/lda.be\\\/fr\\\/#\\\/schema\\\/logo\\\/image\\\/\"},\"sameAs\":[\"https:\\\/\\\/www.linkedin.com\\\/company\\\/lda-belgium-nv\"]}]}<\/script>\n<!-- \/ Yoast SEO plugin. -->","yoast_head_json":{"title":"S\u00e9ries A2, AV2, HV2 v\u00e9rins \u00e0 tirant 3\/4\", 1\", 1-1\/8\", 1-3\/8\" - LDA Belgique","description":"V\u00e9rins PHD AV2, HV2, A2 : solutions pneumatiques et hydrauliques fiables \u00e0 quatre positions lin\u00e9aires. Adapt\u00e9s \u00e0 diverses applications industrielles.","robots":{"index":"index","follow":"follow","max-snippet":"max-snippet:-1","max-image-preview":"max-image-preview:large","max-video-preview":"max-video-preview:-1"},"canonical":"https:\/\/lda.be\/fr\/produit\/series-a2-av2-hv2-verins-a-tirant\/","og_locale":"fr_FR","og_type":"article","og_title":"S\u00e9ries A2, AV2, HV2 v\u00e9rins \u00e0 tirant 3\/4\", 1\", 1-1\/8\", 1-3\/8\" - LDA Belgique","og_description":"V\u00e9rins PHD AV2, HV2, A2 : solutions pneumatiques et hydrauliques fiables \u00e0 quatre positions lin\u00e9aires. Adapt\u00e9s \u00e0 diverses applications industrielles.","og_url":"https:\/\/lda.be\/fr\/produit\/series-a2-av2-hv2-verins-a-tirant\/","og_site_name":"LDA Belgique","article_modified_time":"2025-10-30T15:18:38+00:00","og_image":[{"width":1080,"height":1080,"url":"https:\/\/lda.be\/wp-content\/uploads\/2025\/10\/Series-A2-AV2-HV2-cylinders.webp","type":"image\/webp"}],"twitter_card":"summary_large_image","twitter_misc":{"Dur\u00e9e de lecture estim\u00e9e":"1 minute"},"schema":{"@context":"https:\/\/schema.org","@graph":[{"@type":"WebPage","@id":"https:\/\/lda.be\/fr\/produit\/series-a2-av2-hv2-verins-a-tirant\/","url":"https:\/\/lda.be\/fr\/produit\/series-a2-av2-hv2-verins-a-tirant\/","name":"S\u00e9ries A2, AV2, HV2 v\u00e9rins \u00e0 tirant 3\/4\", 1\", 1-1\/8\", 1-3\/8\" - LDA Belgique","isPartOf":{"@id":"https:\/\/lda.be\/fr\/#website"},"primaryImageOfPage":{"@id":"https:\/\/lda.be\/fr\/produit\/series-a2-av2-hv2-verins-a-tirant\/#primaryimage"},"image":{"@id":"https:\/\/lda.be\/fr\/produit\/series-a2-av2-hv2-verins-a-tirant\/#primaryimage"},"thumbnailUrl":"https:\/\/lda.be\/wp-content\/uploads\/2025\/10\/Series-A2-AV2-HV2-cylinders.webp","datePublished":"2025-10-30T14:45:15+00:00","dateModified":"2025-10-30T15:18:38+00:00","description":"V\u00e9rins PHD AV2, HV2, A2 : solutions pneumatiques et hydrauliques fiables \u00e0 quatre positions lin\u00e9aires. Adapt\u00e9s \u00e0 diverses applications industrielles.","breadcrumb":{"@id":"https:\/\/lda.be\/fr\/produit\/series-a2-av2-hv2-verins-a-tirant\/#breadcrumb"},"inLanguage":"fr-FR","potentialAction":[{"@type":"ReadAction","target":["https:\/\/lda.be\/fr\/produit\/series-a2-av2-hv2-verins-a-tirant\/"]}]},{"@type":"ImageObject","inLanguage":"fr-FR","@id":"https:\/\/lda.be\/fr\/produit\/series-a2-av2-hv2-verins-a-tirant\/#primaryimage","url":"https:\/\/lda.be\/wp-content\/uploads\/2025\/10\/Series-A2-AV2-HV2-cylinders.webp","contentUrl":"https:\/\/lda.be\/wp-content\/uploads\/2025\/10\/Series-A2-AV2-HV2-cylinders.webp","width":1080,"height":1080,"caption":"PHD inc series A2 AV2 HV2 trekstangcilinder"},{"@type":"BreadcrumbList","@id":"https:\/\/lda.be\/fr\/produit\/series-a2-av2-hv2-verins-a-tirant\/#breadcrumb","itemListElement":[{"@type":"ListItem","position":1,"name":"Accueil","item":"https:\/\/lda.be\/fr\/"},{"@type":"ListItem","position":2,"name":"Produits","item":"https:\/\/lda.be\/fr\/produits\/"},{"@type":"ListItem","position":3,"name":"S\u00e9ries A2, AV2, HV2 v\u00e9rins \u00e0 tirant 3\/4&#8243;, 1&#8243;, 1-1\/8&#8243;, 1-3\/8&#8243;"}]},{"@type":"WebSite","@id":"https:\/\/lda.be\/fr\/#website","url":"https:\/\/lda.be\/fr\/","name":"LDA Belgium","description":"Solutions For Life","publisher":{"@id":"https:\/\/lda.be\/fr\/#organization"},"potentialAction":[{"@type":"SearchAction","target":{"@type":"EntryPoint","urlTemplate":"https:\/\/lda.be\/fr\/?s={search_term_string}"},"query-input":{"@type":"PropertyValueSpecification","valueRequired":true,"valueName":"search_term_string"}}],"inLanguage":"fr-FR"},{"@type":"Organization","@id":"https:\/\/lda.be\/fr\/#organization","name":"LDA Belgium","url":"https:\/\/lda.be\/fr\/","logo":{"@type":"ImageObject","inLanguage":"fr-FR","@id":"https:\/\/lda.be\/fr\/#\/schema\/logo\/image\/","url":"https:\/\/lda.be\/wp-content\/uploads\/2022\/07\/Logo-LDA.webp","contentUrl":"https:\/\/lda.be\/wp-content\/uploads\/2022\/07\/Logo-LDA.webp","width":311,"height":101,"caption":"LDA Belgium"},"image":{"@id":"https:\/\/lda.be\/fr\/#\/schema\/logo\/image\/"},"sameAs":["https:\/\/www.linkedin.com\/company\/lda-belgium-nv"]}]}},"_links":{"self":[{"href":"https:\/\/lda.be\/fr\/wp-json\/wp\/v2\/product\/13223","targetHints":{"allow":["GET"]}}],"collection":[{"href":"https:\/\/lda.be\/fr\/wp-json\/wp\/v2\/product"}],"about":[{"href":"https:\/\/lda.be\/fr\/wp-json\/wp\/v2\/types\/product"}],"replies":[{"embeddable":true,"href":"https:\/\/lda.be\/fr\/wp-json\/wp\/v2\/comments?post=13223"}],"wp:featuredmedia":[{"embeddable":true,"href":"https:\/\/lda.be\/fr\/wp-json\/wp\/v2\/media\/13215"}],"wp:attachment":[{"href":"https:\/\/lda.be\/fr\/wp-json\/wp\/v2\/media?parent=13223"}],"wp:term":[{"taxonomy":"product_brand","embeddable":true,"href":"https:\/\/lda.be\/fr\/wp-json\/wp\/v2\/product_brand?post=13223"},{"taxonomy":"product_cat","embeddable":true,"href":"https:\/\/lda.be\/fr\/wp-json\/wp\/v2\/product_cat?post=13223"},{"taxonomy":"product_tag","embeddable":true,"href":"https:\/\/lda.be\/fr\/wp-json\/wp\/v2\/product_tag?post=13223"}],"curies":[{"name":"wp","href":"https:\/\/api.w.org\/{rel}","templated":true}]}}