{"id":13306,"date":"2025-11-03T14:09:53","date_gmt":"2025-11-03T13:09:53","guid":{"rendered":"https:\/\/lda.be\/?post_type=product&#038;p=13306"},"modified":"2025-11-03T14:32:57","modified_gmt":"2025-11-03T13:32:57","slug":"serie-td-verins-tandem-air-huile","status":"publish","type":"product","link":"https:\/\/lda.be\/fr\/produit\/serie-td-verins-tandem-air-huile\/","title":{"rendered":"S\u00e9rie TD v\u00e9rins tandem air\/huile"},"content":{"rendered":"<p>Les v\u00e9rins tandem air-huile de la s\u00e9rie TD offrent un contr\u00f4le pr\u00e9cis de la vitesse et un fonctionnement fluide \u00e0 basse vitesse gr\u00e2ce \u00e0 l&#8217;option -C. Con\u00e7us pour une longue dur\u00e9e de vie et un entretien r\u00e9duit, ces v\u00e9rins sont r\u00e9parables selon les normes NFPA, assurant des \u00e9conomies \u00e0 long terme. Avec une large gamme d&#8217;options de montage et des fonctionnalit\u00e9s suppl\u00e9mentaires comme les pistons magn\u00e9tiques et les joints en fluoro\u00e9lastom\u00e8re, ces v\u00e9rins s&#8217;adaptent \u00e0 diverses applications industrielles. Ils conviennent aux syst\u00e8mes pneumatiques et hydrauliques et offrent une installation simple.<\/p>\n","protected":false},"excerpt":{"rendered":"<p>Les v\u00e9rins tandem air-huile de la s\u00e9rie TD offrent un contr\u00f4le pr\u00e9cis de la vitesse et un fonctionnement fluide \u00e0 basse vitesse gr\u00e2ce \u00e0 l&#8217;option -C. Con\u00e7us pour une longue dur\u00e9e de vie et un entretien r\u00e9duit, ces v\u00e9rins sont r\u00e9parables selon les normes NFPA, assurant des \u00e9conomies \u00e0 long terme. Avec une large gamme [&hellip;]<\/p>\n","protected":false},"featured_media":13300,"comment_status":"closed","ping_status":"closed","template":"","meta":[],"product_brand":[1277,1820],"product_cat":[1819],"product_tag":[],"class_list":{"0":"post-13306","1":"product","2":"type-product","3":"status-publish","4":"has-post-thumbnail","6":"product_brand-phd","7":"product_brand-tie-rod","8":"product_cat-verins-a-tirants","10":"first","11":"instock","12":"shipping-taxable","13":"product-type-simple"},"yoast_head":"<!-- This site is optimized with the Yoast SEO plugin v27.3 - https:\/\/yoast.com\/product\/yoast-seo-wordpress\/ -->\n<title>S\u00e9rie TD v\u00e9rins tandem air\/huile - LDA Belgique<\/title>\n<meta name=\"description\" content=\"D\u00e9couvrez les v\u00e9rins tandem air\/huile de la s\u00e9rie TD pour un contr\u00f4le pr\u00e9cis de la vitesse et un fonctionnement fluide. Longue dur\u00e9e de vie, r\u00e9parables selon les normes NFPA.\" \/>\n<meta name=\"robots\" content=\"index, follow, max-snippet:-1, max-image-preview:large, max-video-preview:-1\" \/>\n<link rel=\"canonical\" href=\"https:\/\/lda.be\/fr\/produit\/serie-td-verins-tandem-air-huile\/\" \/>\n<meta property=\"og:locale\" content=\"fr_FR\" \/>\n<meta property=\"og:type\" content=\"article\" \/>\n<meta property=\"og:title\" content=\"S\u00e9rie TD v\u00e9rins tandem air\/huile - LDA Belgique\" \/>\n<meta property=\"og:description\" content=\"D\u00e9couvrez les v\u00e9rins tandem air\/huile de la s\u00e9rie TD pour un contr\u00f4le pr\u00e9cis de la vitesse et un fonctionnement fluide. Longue dur\u00e9e de vie, r\u00e9parables selon les normes NFPA.\" \/>\n<meta property=\"og:url\" content=\"https:\/\/lda.be\/fr\/produit\/serie-td-verins-tandem-air-huile\/\" \/>\n<meta property=\"og:site_name\" content=\"LDA Belgique\" \/>\n<meta property=\"article:modified_time\" content=\"2025-11-03T13:32:57+00:00\" \/>\n<meta property=\"og:image\" content=\"https:\/\/lda.be\/wp-content\/uploads\/2025\/11\/air-oil-tandem.webp\" \/>\n\t<meta property=\"og:image:width\" content=\"1080\" \/>\n\t<meta property=\"og:image:height\" content=\"1080\" \/>\n\t<meta property=\"og:image:type\" content=\"image\/webp\" \/>\n<meta name=\"twitter:card\" content=\"summary_large_image\" \/>\n<meta name=\"twitter:label1\" content=\"Dur\u00e9e de lecture estim\u00e9e\" \/>\n\t<meta name=\"twitter:data1\" content=\"1 minute\" \/>\n<script type=\"application\/ld+json\" class=\"yoast-schema-graph\">{\"@context\":\"https:\\\/\\\/schema.org\",\"@graph\":[{\"@type\":\"WebPage\",\"@id\":\"https:\\\/\\\/lda.be\\\/fr\\\/produit\\\/serie-td-verins-tandem-air-huile\\\/\",\"url\":\"https:\\\/\\\/lda.be\\\/fr\\\/produit\\\/serie-td-verins-tandem-air-huile\\\/\",\"name\":\"S\u00e9rie TD v\u00e9rins tandem air\\\/huile - LDA Belgique\",\"isPartOf\":{\"@id\":\"https:\\\/\\\/lda.be\\\/fr\\\/#website\"},\"primaryImageOfPage\":{\"@id\":\"https:\\\/\\\/lda.be\\\/fr\\\/produit\\\/serie-td-verins-tandem-air-huile\\\/#primaryimage\"},\"image\":{\"@id\":\"https:\\\/\\\/lda.be\\\/fr\\\/produit\\\/serie-td-verins-tandem-air-huile\\\/#primaryimage\"},\"thumbnailUrl\":\"https:\\\/\\\/lda.be\\\/wp-content\\\/uploads\\\/2025\\\/11\\\/air-oil-tandem.webp\",\"datePublished\":\"2025-11-03T13:09:53+00:00\",\"dateModified\":\"2025-11-03T13:32:57+00:00\",\"description\":\"D\u00e9couvrez les v\u00e9rins tandem air\\\/huile de la s\u00e9rie TD pour un contr\u00f4le pr\u00e9cis de la vitesse et un fonctionnement fluide. Longue dur\u00e9e de vie, r\u00e9parables selon les normes NFPA.\",\"breadcrumb\":{\"@id\":\"https:\\\/\\\/lda.be\\\/fr\\\/produit\\\/serie-td-verins-tandem-air-huile\\\/#breadcrumb\"},\"inLanguage\":\"fr-FR\",\"potentialAction\":[{\"@type\":\"ReadAction\",\"target\":[\"https:\\\/\\\/lda.be\\\/fr\\\/produit\\\/serie-td-verins-tandem-air-huile\\\/\"]}]},{\"@type\":\"ImageObject\",\"inLanguage\":\"fr-FR\",\"@id\":\"https:\\\/\\\/lda.be\\\/fr\\\/produit\\\/serie-td-verins-tandem-air-huile\\\/#primaryimage\",\"url\":\"https:\\\/\\\/lda.be\\\/wp-content\\\/uploads\\\/2025\\\/11\\\/air-oil-tandem.webp\",\"contentUrl\":\"https:\\\/\\\/lda.be\\\/wp-content\\\/uploads\\\/2025\\\/11\\\/air-oil-tandem.webp\",\"width\":1080,\"height\":1080,\"caption\":\"Serie TD lucht\\\/olie tandemcilinder\"},{\"@type\":\"BreadcrumbList\",\"@id\":\"https:\\\/\\\/lda.be\\\/fr\\\/produit\\\/serie-td-verins-tandem-air-huile\\\/#breadcrumb\",\"itemListElement\":[{\"@type\":\"ListItem\",\"position\":1,\"name\":\"Accueil\",\"item\":\"https:\\\/\\\/lda.be\\\/fr\\\/\"},{\"@type\":\"ListItem\",\"position\":2,\"name\":\"Produits\",\"item\":\"https:\\\/\\\/lda.be\\\/fr\\\/produits\\\/\"},{\"@type\":\"ListItem\",\"position\":3,\"name\":\"S\u00e9rie TD v\u00e9rins tandem air\\\/huile\"}]},{\"@type\":\"WebSite\",\"@id\":\"https:\\\/\\\/lda.be\\\/fr\\\/#website\",\"url\":\"https:\\\/\\\/lda.be\\\/fr\\\/\",\"name\":\"LDA Belgium\",\"description\":\"Solutions For Life\",\"publisher\":{\"@id\":\"https:\\\/\\\/lda.be\\\/fr\\\/#organization\"},\"potentialAction\":[{\"@type\":\"SearchAction\",\"target\":{\"@type\":\"EntryPoint\",\"urlTemplate\":\"https:\\\/\\\/lda.be\\\/fr\\\/?s={search_term_string}\"},\"query-input\":{\"@type\":\"PropertyValueSpecification\",\"valueRequired\":true,\"valueName\":\"search_term_string\"}}],\"inLanguage\":\"fr-FR\"},{\"@type\":\"Organization\",\"@id\":\"https:\\\/\\\/lda.be\\\/fr\\\/#organization\",\"name\":\"LDA Belgium\",\"url\":\"https:\\\/\\\/lda.be\\\/fr\\\/\",\"logo\":{\"@type\":\"ImageObject\",\"inLanguage\":\"fr-FR\",\"@id\":\"https:\\\/\\\/lda.be\\\/fr\\\/#\\\/schema\\\/logo\\\/image\\\/\",\"url\":\"https:\\\/\\\/lda.be\\\/wp-content\\\/uploads\\\/2022\\\/07\\\/Logo-LDA.webp\",\"contentUrl\":\"https:\\\/\\\/lda.be\\\/wp-content\\\/uploads\\\/2022\\\/07\\\/Logo-LDA.webp\",\"width\":311,\"height\":101,\"caption\":\"LDA Belgium\"},\"image\":{\"@id\":\"https:\\\/\\\/lda.be\\\/fr\\\/#\\\/schema\\\/logo\\\/image\\\/\"},\"sameAs\":[\"https:\\\/\\\/www.linkedin.com\\\/company\\\/lda-belgium-nv\"]}]}<\/script>\n<!-- \/ Yoast SEO plugin. -->","yoast_head_json":{"title":"S\u00e9rie TD v\u00e9rins tandem air\/huile - LDA Belgique","description":"D\u00e9couvrez les v\u00e9rins tandem air\/huile de la s\u00e9rie TD pour un contr\u00f4le pr\u00e9cis de la vitesse et un fonctionnement fluide. Longue dur\u00e9e de vie, r\u00e9parables selon les normes NFPA.","robots":{"index":"index","follow":"follow","max-snippet":"max-snippet:-1","max-image-preview":"max-image-preview:large","max-video-preview":"max-video-preview:-1"},"canonical":"https:\/\/lda.be\/fr\/produit\/serie-td-verins-tandem-air-huile\/","og_locale":"fr_FR","og_type":"article","og_title":"S\u00e9rie TD v\u00e9rins tandem air\/huile - LDA Belgique","og_description":"D\u00e9couvrez les v\u00e9rins tandem air\/huile de la s\u00e9rie TD pour un contr\u00f4le pr\u00e9cis de la vitesse et un fonctionnement fluide. Longue dur\u00e9e de vie, r\u00e9parables selon les normes NFPA.","og_url":"https:\/\/lda.be\/fr\/produit\/serie-td-verins-tandem-air-huile\/","og_site_name":"LDA Belgique","article_modified_time":"2025-11-03T13:32:57+00:00","og_image":[{"width":1080,"height":1080,"url":"https:\/\/lda.be\/wp-content\/uploads\/2025\/11\/air-oil-tandem.webp","type":"image\/webp"}],"twitter_card":"summary_large_image","twitter_misc":{"Dur\u00e9e de lecture estim\u00e9e":"1 minute"},"schema":{"@context":"https:\/\/schema.org","@graph":[{"@type":"WebPage","@id":"https:\/\/lda.be\/fr\/produit\/serie-td-verins-tandem-air-huile\/","url":"https:\/\/lda.be\/fr\/produit\/serie-td-verins-tandem-air-huile\/","name":"S\u00e9rie TD v\u00e9rins tandem air\/huile - LDA Belgique","isPartOf":{"@id":"https:\/\/lda.be\/fr\/#website"},"primaryImageOfPage":{"@id":"https:\/\/lda.be\/fr\/produit\/serie-td-verins-tandem-air-huile\/#primaryimage"},"image":{"@id":"https:\/\/lda.be\/fr\/produit\/serie-td-verins-tandem-air-huile\/#primaryimage"},"thumbnailUrl":"https:\/\/lda.be\/wp-content\/uploads\/2025\/11\/air-oil-tandem.webp","datePublished":"2025-11-03T13:09:53+00:00","dateModified":"2025-11-03T13:32:57+00:00","description":"D\u00e9couvrez les v\u00e9rins tandem air\/huile de la s\u00e9rie TD pour un contr\u00f4le pr\u00e9cis de la vitesse et un fonctionnement fluide. Longue dur\u00e9e de vie, r\u00e9parables selon les normes NFPA.","breadcrumb":{"@id":"https:\/\/lda.be\/fr\/produit\/serie-td-verins-tandem-air-huile\/#breadcrumb"},"inLanguage":"fr-FR","potentialAction":[{"@type":"ReadAction","target":["https:\/\/lda.be\/fr\/produit\/serie-td-verins-tandem-air-huile\/"]}]},{"@type":"ImageObject","inLanguage":"fr-FR","@id":"https:\/\/lda.be\/fr\/produit\/serie-td-verins-tandem-air-huile\/#primaryimage","url":"https:\/\/lda.be\/wp-content\/uploads\/2025\/11\/air-oil-tandem.webp","contentUrl":"https:\/\/lda.be\/wp-content\/uploads\/2025\/11\/air-oil-tandem.webp","width":1080,"height":1080,"caption":"Serie TD lucht\/olie tandemcilinder"},{"@type":"BreadcrumbList","@id":"https:\/\/lda.be\/fr\/produit\/serie-td-verins-tandem-air-huile\/#breadcrumb","itemListElement":[{"@type":"ListItem","position":1,"name":"Accueil","item":"https:\/\/lda.be\/fr\/"},{"@type":"ListItem","position":2,"name":"Produits","item":"https:\/\/lda.be\/fr\/produits\/"},{"@type":"ListItem","position":3,"name":"S\u00e9rie TD v\u00e9rins tandem air\/huile"}]},{"@type":"WebSite","@id":"https:\/\/lda.be\/fr\/#website","url":"https:\/\/lda.be\/fr\/","name":"LDA Belgium","description":"Solutions For Life","publisher":{"@id":"https:\/\/lda.be\/fr\/#organization"},"potentialAction":[{"@type":"SearchAction","target":{"@type":"EntryPoint","urlTemplate":"https:\/\/lda.be\/fr\/?s={search_term_string}"},"query-input":{"@type":"PropertyValueSpecification","valueRequired":true,"valueName":"search_term_string"}}],"inLanguage":"fr-FR"},{"@type":"Organization","@id":"https:\/\/lda.be\/fr\/#organization","name":"LDA Belgium","url":"https:\/\/lda.be\/fr\/","logo":{"@type":"ImageObject","inLanguage":"fr-FR","@id":"https:\/\/lda.be\/fr\/#\/schema\/logo\/image\/","url":"https:\/\/lda.be\/wp-content\/uploads\/2022\/07\/Logo-LDA.webp","contentUrl":"https:\/\/lda.be\/wp-content\/uploads\/2022\/07\/Logo-LDA.webp","width":311,"height":101,"caption":"LDA Belgium"},"image":{"@id":"https:\/\/lda.be\/fr\/#\/schema\/logo\/image\/"},"sameAs":["https:\/\/www.linkedin.com\/company\/lda-belgium-nv"]}]}},"_links":{"self":[{"href":"https:\/\/lda.be\/fr\/wp-json\/wp\/v2\/product\/13306","targetHints":{"allow":["GET"]}}],"collection":[{"href":"https:\/\/lda.be\/fr\/wp-json\/wp\/v2\/product"}],"about":[{"href":"https:\/\/lda.be\/fr\/wp-json\/wp\/v2\/types\/product"}],"replies":[{"embeddable":true,"href":"https:\/\/lda.be\/fr\/wp-json\/wp\/v2\/comments?post=13306"}],"wp:featuredmedia":[{"embeddable":true,"href":"https:\/\/lda.be\/fr\/wp-json\/wp\/v2\/media\/13300"}],"wp:attachment":[{"href":"https:\/\/lda.be\/fr\/wp-json\/wp\/v2\/media?parent=13306"}],"wp:term":[{"taxonomy":"product_brand","embeddable":true,"href":"https:\/\/lda.be\/fr\/wp-json\/wp\/v2\/product_brand?post=13306"},{"taxonomy":"product_cat","embeddable":true,"href":"https:\/\/lda.be\/fr\/wp-json\/wp\/v2\/product_cat?post=13306"},{"taxonomy":"product_tag","embeddable":true,"href":"https:\/\/lda.be\/fr\/wp-json\/wp\/v2\/product_tag?post=13306"}],"curies":[{"name":"wp","href":"https:\/\/api.w.org\/{rel}","templated":true}]}}