{"id":13320,"date":"2025-11-03T16:38:32","date_gmt":"2025-11-03T15:38:32","guid":{"rendered":"https:\/\/lda.be\/?post_type=product&#038;p=13320"},"modified":"2025-11-03T16:45:19","modified_gmt":"2025-11-03T15:45:19","slug":"serie-cv-verins-pneumatiques-iso-6432","status":"publish","type":"product","link":"https:\/\/lda.be\/fr\/produit\/serie-cv-verins-pneumatiques-iso-6432\/","title":{"rendered":"S\u00e9rie CV v\u00e9rins pneumatiques ISO 6432"},"content":{"rendered":"<p>Les v\u00e9rins pneumatiques de la s\u00e9rie CV offrent une solution polyvalente pour les applications industrielles o\u00f9 pr\u00e9cision et durabilit\u00e9 sont essentielles. Con\u00e7us selon les normes ISO\/VDMA, ils s\u2019int\u00e8grent facilement dans les syst\u00e8mes existants. \u00c9quip\u00e9s de bagues en PTFE et d\u2019amortisseurs int\u00e9gr\u00e9s, ces v\u00e9rins prolongent la dur\u00e9e de vie et \u00e9vitent les contacts m\u00e9tal contre m\u00e9tal. L\u2019option Rodlok permet un verrouillage simple et fiable de la tige de piston. Des contr\u00f4les de d\u00e9bit et des amortisseurs optionnels assurent une r\u00e9gulation optimale de la vitesse et du ralentissement.<\/p>\n","protected":false},"excerpt":{"rendered":"<p>Les v\u00e9rins pneumatiques de la s\u00e9rie CV offrent une solution polyvalente pour les applications industrielles o\u00f9 pr\u00e9cision et durabilit\u00e9 sont essentielles. Con\u00e7us selon les normes ISO\/VDMA, ils s\u2019int\u00e8grent facilement dans les syst\u00e8mes existants. \u00c9quip\u00e9s de bagues en PTFE et d\u2019amortisseurs int\u00e9gr\u00e9s, ces v\u00e9rins prolongent la dur\u00e9e de vie et \u00e9vitent les contacts m\u00e9tal contre m\u00e9tal. [&hellip;]<\/p>\n","protected":false},"featured_media":13318,"comment_status":"closed","ping_status":"closed","template":"","meta":[],"product_brand":[1827,1277],"product_cat":[1138],"product_tag":[],"class_list":{"0":"post-13320","1":"product","2":"type-product","3":"status-publish","4":"has-post-thumbnail","6":"product_brand-iso-cylinders","7":"product_brand-phd","8":"product_cat-vannes-5-voies-a-grand-debit-1-500nl","10":"first","11":"instock","12":"shipping-taxable","13":"product-type-simple"},"yoast_head":"<!-- This site is optimized with the Yoast SEO plugin v27.3 - https:\/\/yoast.com\/product\/yoast-seo-wordpress\/ -->\n<title>S\u00e9rie CV v\u00e9rins pneumatiques ISO 6432 - LDA Belgique<\/title>\n<meta name=\"description\" content=\"V\u00e9rins pneumatiques s\u00e9rie CV : compatibles ISO\/VDMA, durables et polyvalents pour les applications industrielles. D\u00e9couvrez leurs avantages.\" \/>\n<meta name=\"robots\" content=\"index, follow, max-snippet:-1, max-image-preview:large, max-video-preview:-1\" \/>\n<link rel=\"canonical\" href=\"https:\/\/lda.be\/fr\/produit\/serie-cv-verins-pneumatiques-iso-6432\/\" \/>\n<meta property=\"og:locale\" content=\"fr_FR\" \/>\n<meta property=\"og:type\" content=\"article\" \/>\n<meta property=\"og:title\" content=\"S\u00e9rie CV v\u00e9rins pneumatiques ISO 6432 - LDA Belgique\" \/>\n<meta property=\"og:description\" content=\"V\u00e9rins pneumatiques s\u00e9rie CV : compatibles ISO\/VDMA, durables et polyvalents pour les applications industrielles. D\u00e9couvrez leurs avantages.\" \/>\n<meta property=\"og:url\" content=\"https:\/\/lda.be\/fr\/produit\/serie-cv-verins-pneumatiques-iso-6432\/\" \/>\n<meta property=\"og:site_name\" content=\"LDA Belgique\" \/>\n<meta property=\"article:modified_time\" content=\"2025-11-03T15:45:19+00:00\" \/>\n<meta property=\"og:image\" content=\"https:\/\/lda.be\/wp-content\/uploads\/2025\/11\/Series-CV-Pneumatic-ISO-Cylinders.webp\" \/>\n\t<meta property=\"og:image:width\" content=\"1080\" \/>\n\t<meta property=\"og:image:height\" content=\"1080\" \/>\n\t<meta property=\"og:image:type\" content=\"image\/webp\" \/>\n<meta name=\"twitter:card\" content=\"summary_large_image\" \/>\n<meta name=\"twitter:label1\" content=\"Dur\u00e9e de lecture estim\u00e9e\" \/>\n\t<meta name=\"twitter:data1\" content=\"1 minute\" \/>\n<script type=\"application\/ld+json\" class=\"yoast-schema-graph\">{\"@context\":\"https:\\\/\\\/schema.org\",\"@graph\":[{\"@type\":\"WebPage\",\"@id\":\"https:\\\/\\\/lda.be\\\/fr\\\/produit\\\/serie-cv-verins-pneumatiques-iso-6432\\\/\",\"url\":\"https:\\\/\\\/lda.be\\\/fr\\\/produit\\\/serie-cv-verins-pneumatiques-iso-6432\\\/\",\"name\":\"S\u00e9rie CV v\u00e9rins pneumatiques ISO 6432 - LDA Belgique\",\"isPartOf\":{\"@id\":\"https:\\\/\\\/lda.be\\\/fr\\\/#website\"},\"primaryImageOfPage\":{\"@id\":\"https:\\\/\\\/lda.be\\\/fr\\\/produit\\\/serie-cv-verins-pneumatiques-iso-6432\\\/#primaryimage\"},\"image\":{\"@id\":\"https:\\\/\\\/lda.be\\\/fr\\\/produit\\\/serie-cv-verins-pneumatiques-iso-6432\\\/#primaryimage\"},\"thumbnailUrl\":\"https:\\\/\\\/lda.be\\\/wp-content\\\/uploads\\\/2025\\\/11\\\/Series-CV-Pneumatic-ISO-Cylinders.webp\",\"datePublished\":\"2025-11-03T15:38:32+00:00\",\"dateModified\":\"2025-11-03T15:45:19+00:00\",\"description\":\"V\u00e9rins pneumatiques s\u00e9rie CV : compatibles ISO\\\/VDMA, durables et polyvalents pour les applications industrielles. D\u00e9couvrez leurs avantages.\",\"breadcrumb\":{\"@id\":\"https:\\\/\\\/lda.be\\\/fr\\\/produit\\\/serie-cv-verins-pneumatiques-iso-6432\\\/#breadcrumb\"},\"inLanguage\":\"fr-FR\",\"potentialAction\":[{\"@type\":\"ReadAction\",\"target\":[\"https:\\\/\\\/lda.be\\\/fr\\\/produit\\\/serie-cv-verins-pneumatiques-iso-6432\\\/\"]}]},{\"@type\":\"ImageObject\",\"inLanguage\":\"fr-FR\",\"@id\":\"https:\\\/\\\/lda.be\\\/fr\\\/produit\\\/serie-cv-verins-pneumatiques-iso-6432\\\/#primaryimage\",\"url\":\"https:\\\/\\\/lda.be\\\/wp-content\\\/uploads\\\/2025\\\/11\\\/Series-CV-Pneumatic-ISO-Cylinders.webp\",\"contentUrl\":\"https:\\\/\\\/lda.be\\\/wp-content\\\/uploads\\\/2025\\\/11\\\/Series-CV-Pneumatic-ISO-Cylinders.webp\",\"width\":1080,\"height\":1080,\"caption\":\"Series CV Pneumatic ISO Cylinders\"},{\"@type\":\"BreadcrumbList\",\"@id\":\"https:\\\/\\\/lda.be\\\/fr\\\/produit\\\/serie-cv-verins-pneumatiques-iso-6432\\\/#breadcrumb\",\"itemListElement\":[{\"@type\":\"ListItem\",\"position\":1,\"name\":\"Accueil\",\"item\":\"https:\\\/\\\/lda.be\\\/fr\\\/\"},{\"@type\":\"ListItem\",\"position\":2,\"name\":\"Produits\",\"item\":\"https:\\\/\\\/lda.be\\\/fr\\\/produits\\\/\"},{\"@type\":\"ListItem\",\"position\":3,\"name\":\"S\u00e9rie CV v\u00e9rins pneumatiques ISO 6432\"}]},{\"@type\":\"WebSite\",\"@id\":\"https:\\\/\\\/lda.be\\\/fr\\\/#website\",\"url\":\"https:\\\/\\\/lda.be\\\/fr\\\/\",\"name\":\"LDA Belgium\",\"description\":\"Solutions For Life\",\"publisher\":{\"@id\":\"https:\\\/\\\/lda.be\\\/fr\\\/#organization\"},\"potentialAction\":[{\"@type\":\"SearchAction\",\"target\":{\"@type\":\"EntryPoint\",\"urlTemplate\":\"https:\\\/\\\/lda.be\\\/fr\\\/?s={search_term_string}\"},\"query-input\":{\"@type\":\"PropertyValueSpecification\",\"valueRequired\":true,\"valueName\":\"search_term_string\"}}],\"inLanguage\":\"fr-FR\"},{\"@type\":\"Organization\",\"@id\":\"https:\\\/\\\/lda.be\\\/fr\\\/#organization\",\"name\":\"LDA Belgium\",\"url\":\"https:\\\/\\\/lda.be\\\/fr\\\/\",\"logo\":{\"@type\":\"ImageObject\",\"inLanguage\":\"fr-FR\",\"@id\":\"https:\\\/\\\/lda.be\\\/fr\\\/#\\\/schema\\\/logo\\\/image\\\/\",\"url\":\"https:\\\/\\\/lda.be\\\/wp-content\\\/uploads\\\/2022\\\/07\\\/Logo-LDA.webp\",\"contentUrl\":\"https:\\\/\\\/lda.be\\\/wp-content\\\/uploads\\\/2022\\\/07\\\/Logo-LDA.webp\",\"width\":311,\"height\":101,\"caption\":\"LDA Belgium\"},\"image\":{\"@id\":\"https:\\\/\\\/lda.be\\\/fr\\\/#\\\/schema\\\/logo\\\/image\\\/\"},\"sameAs\":[\"https:\\\/\\\/www.linkedin.com\\\/company\\\/lda-belgium-nv\"]}]}<\/script>\n<!-- \/ Yoast SEO plugin. -->","yoast_head_json":{"title":"S\u00e9rie CV v\u00e9rins pneumatiques ISO 6432 - LDA Belgique","description":"V\u00e9rins pneumatiques s\u00e9rie CV : compatibles ISO\/VDMA, durables et polyvalents pour les applications industrielles. D\u00e9couvrez leurs avantages.","robots":{"index":"index","follow":"follow","max-snippet":"max-snippet:-1","max-image-preview":"max-image-preview:large","max-video-preview":"max-video-preview:-1"},"canonical":"https:\/\/lda.be\/fr\/produit\/serie-cv-verins-pneumatiques-iso-6432\/","og_locale":"fr_FR","og_type":"article","og_title":"S\u00e9rie CV v\u00e9rins pneumatiques ISO 6432 - LDA Belgique","og_description":"V\u00e9rins pneumatiques s\u00e9rie CV : compatibles ISO\/VDMA, durables et polyvalents pour les applications industrielles. D\u00e9couvrez leurs avantages.","og_url":"https:\/\/lda.be\/fr\/produit\/serie-cv-verins-pneumatiques-iso-6432\/","og_site_name":"LDA Belgique","article_modified_time":"2025-11-03T15:45:19+00:00","og_image":[{"width":1080,"height":1080,"url":"https:\/\/lda.be\/wp-content\/uploads\/2025\/11\/Series-CV-Pneumatic-ISO-Cylinders.webp","type":"image\/webp"}],"twitter_card":"summary_large_image","twitter_misc":{"Dur\u00e9e de lecture estim\u00e9e":"1 minute"},"schema":{"@context":"https:\/\/schema.org","@graph":[{"@type":"WebPage","@id":"https:\/\/lda.be\/fr\/produit\/serie-cv-verins-pneumatiques-iso-6432\/","url":"https:\/\/lda.be\/fr\/produit\/serie-cv-verins-pneumatiques-iso-6432\/","name":"S\u00e9rie CV v\u00e9rins pneumatiques ISO 6432 - LDA Belgique","isPartOf":{"@id":"https:\/\/lda.be\/fr\/#website"},"primaryImageOfPage":{"@id":"https:\/\/lda.be\/fr\/produit\/serie-cv-verins-pneumatiques-iso-6432\/#primaryimage"},"image":{"@id":"https:\/\/lda.be\/fr\/produit\/serie-cv-verins-pneumatiques-iso-6432\/#primaryimage"},"thumbnailUrl":"https:\/\/lda.be\/wp-content\/uploads\/2025\/11\/Series-CV-Pneumatic-ISO-Cylinders.webp","datePublished":"2025-11-03T15:38:32+00:00","dateModified":"2025-11-03T15:45:19+00:00","description":"V\u00e9rins pneumatiques s\u00e9rie CV : compatibles ISO\/VDMA, durables et polyvalents pour les applications industrielles. D\u00e9couvrez leurs avantages.","breadcrumb":{"@id":"https:\/\/lda.be\/fr\/produit\/serie-cv-verins-pneumatiques-iso-6432\/#breadcrumb"},"inLanguage":"fr-FR","potentialAction":[{"@type":"ReadAction","target":["https:\/\/lda.be\/fr\/produit\/serie-cv-verins-pneumatiques-iso-6432\/"]}]},{"@type":"ImageObject","inLanguage":"fr-FR","@id":"https:\/\/lda.be\/fr\/produit\/serie-cv-verins-pneumatiques-iso-6432\/#primaryimage","url":"https:\/\/lda.be\/wp-content\/uploads\/2025\/11\/Series-CV-Pneumatic-ISO-Cylinders.webp","contentUrl":"https:\/\/lda.be\/wp-content\/uploads\/2025\/11\/Series-CV-Pneumatic-ISO-Cylinders.webp","width":1080,"height":1080,"caption":"Series CV Pneumatic ISO Cylinders"},{"@type":"BreadcrumbList","@id":"https:\/\/lda.be\/fr\/produit\/serie-cv-verins-pneumatiques-iso-6432\/#breadcrumb","itemListElement":[{"@type":"ListItem","position":1,"name":"Accueil","item":"https:\/\/lda.be\/fr\/"},{"@type":"ListItem","position":2,"name":"Produits","item":"https:\/\/lda.be\/fr\/produits\/"},{"@type":"ListItem","position":3,"name":"S\u00e9rie CV v\u00e9rins pneumatiques ISO 6432"}]},{"@type":"WebSite","@id":"https:\/\/lda.be\/fr\/#website","url":"https:\/\/lda.be\/fr\/","name":"LDA Belgium","description":"Solutions For Life","publisher":{"@id":"https:\/\/lda.be\/fr\/#organization"},"potentialAction":[{"@type":"SearchAction","target":{"@type":"EntryPoint","urlTemplate":"https:\/\/lda.be\/fr\/?s={search_term_string}"},"query-input":{"@type":"PropertyValueSpecification","valueRequired":true,"valueName":"search_term_string"}}],"inLanguage":"fr-FR"},{"@type":"Organization","@id":"https:\/\/lda.be\/fr\/#organization","name":"LDA Belgium","url":"https:\/\/lda.be\/fr\/","logo":{"@type":"ImageObject","inLanguage":"fr-FR","@id":"https:\/\/lda.be\/fr\/#\/schema\/logo\/image\/","url":"https:\/\/lda.be\/wp-content\/uploads\/2022\/07\/Logo-LDA.webp","contentUrl":"https:\/\/lda.be\/wp-content\/uploads\/2022\/07\/Logo-LDA.webp","width":311,"height":101,"caption":"LDA Belgium"},"image":{"@id":"https:\/\/lda.be\/fr\/#\/schema\/logo\/image\/"},"sameAs":["https:\/\/www.linkedin.com\/company\/lda-belgium-nv"]}]}},"_links":{"self":[{"href":"https:\/\/lda.be\/fr\/wp-json\/wp\/v2\/product\/13320","targetHints":{"allow":["GET"]}}],"collection":[{"href":"https:\/\/lda.be\/fr\/wp-json\/wp\/v2\/product"}],"about":[{"href":"https:\/\/lda.be\/fr\/wp-json\/wp\/v2\/types\/product"}],"replies":[{"embeddable":true,"href":"https:\/\/lda.be\/fr\/wp-json\/wp\/v2\/comments?post=13320"}],"wp:featuredmedia":[{"embeddable":true,"href":"https:\/\/lda.be\/fr\/wp-json\/wp\/v2\/media\/13318"}],"wp:attachment":[{"href":"https:\/\/lda.be\/fr\/wp-json\/wp\/v2\/media?parent=13320"}],"wp:term":[{"taxonomy":"product_brand","embeddable":true,"href":"https:\/\/lda.be\/fr\/wp-json\/wp\/v2\/product_brand?post=13320"},{"taxonomy":"product_cat","embeddable":true,"href":"https:\/\/lda.be\/fr\/wp-json\/wp\/v2\/product_cat?post=13320"},{"taxonomy":"product_tag","embeddable":true,"href":"https:\/\/lda.be\/fr\/wp-json\/wp\/v2\/product_tag?post=13320"}],"curies":[{"name":"wp","href":"https:\/\/api.w.org\/{rel}","templated":true}]}}