{"id":13333,"date":"2025-11-04T14:14:04","date_gmt":"2025-11-04T13:14:04","guid":{"rendered":"https:\/\/lda.be\/?post_type=product&#038;p=13333"},"modified":"2025-11-04T14:28:39","modified_gmt":"2025-11-04T13:28:39","slug":"serie-crs-verins-pneumatiques-compacts","status":"publish","type":"product","link":"https:\/\/lda.be\/fr\/produit\/serie-crs-verins-pneumatiques-compacts\/","title":{"rendered":"S\u00e9rie CRS v\u00e9rins pneumatiques compacts"},"content":{"rendered":"<p>La s\u00e9rie CRS est un v\u00e9rin compact qui se distingue par sa polyvalence et son efficacit\u00e9. Con\u00e7u pour les applications o\u00f9 l\u2019espace est limit\u00e9 mais o\u00f9 puissance et pr\u00e9cision sont requises. Avec un joint de piston en nitrile auto-lubrifiant et une tige de piston en acier chrom\u00e9 dur, ce v\u00e9rin offre une longue dur\u00e9e de vie et une usure minimale. Le v\u00e9rin est \u00e9quip\u00e9 de jusqu\u2019\u00e0 six fentes pour interrupteurs et propose diverses options de montage. Des amortisseurs optionnels dans les deux sens prolongent la dur\u00e9e de vie et r\u00e9duisent le bruit.<\/p>\n","protected":false},"excerpt":{"rendered":"<p>La s\u00e9rie CRS est un v\u00e9rin compact qui se distingue par sa polyvalence et son efficacit\u00e9. Con\u00e7u pour les applications o\u00f9 l\u2019espace est limit\u00e9 mais o\u00f9 puissance et pr\u00e9cision sont requises. Avec un joint de piston en nitrile auto-lubrifiant et une tige de piston en acier chrom\u00e9 dur, ce v\u00e9rin offre une longue dur\u00e9e de [&hellip;]<\/p>\n","protected":false},"featured_media":13327,"comment_status":"closed","ping_status":"closed","template":"","meta":[],"product_brand":[1277],"product_cat":[1830],"product_tag":[],"class_list":{"0":"post-13333","1":"product","2":"type-product","3":"status-publish","4":"has-post-thumbnail","6":"product_brand-phd","7":"product_cat-verins-compacts","9":"first","10":"instock","11":"shipping-taxable","12":"product-type-simple"},"yoast_head":"<!-- This site is optimized with the Yoast SEO plugin v27.3 - https:\/\/yoast.com\/product\/yoast-seo-wordpress\/ -->\n<title>S\u00e9rie CRS v\u00e9rins pneumatiques compacts - LDA Belgique<\/title>\n<meta name=\"description\" content=\"La s\u00e9rie CRS de PHD inc est une s\u00e9rie de v\u00e9rins compacts avec un al\u00e9sage de 12 \u00e0 63 mm, une course jusqu&#039;\u00e0 175 mm et une pression de service jusqu&#039;\u00e0 10 bars. Autolubrifiants et durables. Disponibles chez LDA\" \/>\n<meta name=\"robots\" content=\"index, follow, max-snippet:-1, max-image-preview:large, max-video-preview:-1\" \/>\n<link rel=\"canonical\" href=\"https:\/\/lda.be\/fr\/produit\/serie-crs-verins-pneumatiques-compacts\/\" \/>\n<meta property=\"og:locale\" content=\"fr_FR\" \/>\n<meta property=\"og:type\" content=\"article\" \/>\n<meta property=\"og:title\" content=\"S\u00e9rie CRS v\u00e9rins pneumatiques compacts - LDA Belgique\" \/>\n<meta property=\"og:description\" content=\"La s\u00e9rie CRS de PHD inc est une s\u00e9rie de v\u00e9rins compacts avec un al\u00e9sage de 12 \u00e0 63 mm, une course jusqu&#039;\u00e0 175 mm et une pression de service jusqu&#039;\u00e0 10 bars. Autolubrifiants et durables. Disponibles chez LDA\" \/>\n<meta property=\"og:url\" content=\"https:\/\/lda.be\/fr\/produit\/serie-crs-verins-pneumatiques-compacts\/\" \/>\n<meta property=\"og:site_name\" content=\"LDA Belgique\" \/>\n<meta property=\"article:modified_time\" content=\"2025-11-04T13:28:39+00:00\" \/>\n<meta property=\"og:image\" content=\"https:\/\/lda.be\/wp-content\/uploads\/2025\/11\/CRS-serie-2.webp\" \/>\n\t<meta property=\"og:image:width\" content=\"1080\" \/>\n\t<meta property=\"og:image:height\" content=\"1080\" \/>\n\t<meta property=\"og:image:type\" content=\"image\/webp\" \/>\n<meta name=\"twitter:card\" content=\"summary_large_image\" \/>\n<meta name=\"twitter:label1\" content=\"Dur\u00e9e de lecture estim\u00e9e\" \/>\n\t<meta name=\"twitter:data1\" content=\"1 minute\" \/>\n<script type=\"application\/ld+json\" class=\"yoast-schema-graph\">{\"@context\":\"https:\\\/\\\/schema.org\",\"@graph\":[{\"@type\":\"WebPage\",\"@id\":\"https:\\\/\\\/lda.be\\\/fr\\\/produit\\\/serie-crs-verins-pneumatiques-compacts\\\/\",\"url\":\"https:\\\/\\\/lda.be\\\/fr\\\/produit\\\/serie-crs-verins-pneumatiques-compacts\\\/\",\"name\":\"S\u00e9rie CRS v\u00e9rins pneumatiques compacts - LDA Belgique\",\"isPartOf\":{\"@id\":\"https:\\\/\\\/lda.be\\\/fr\\\/#website\"},\"primaryImageOfPage\":{\"@id\":\"https:\\\/\\\/lda.be\\\/fr\\\/produit\\\/serie-crs-verins-pneumatiques-compacts\\\/#primaryimage\"},\"image\":{\"@id\":\"https:\\\/\\\/lda.be\\\/fr\\\/produit\\\/serie-crs-verins-pneumatiques-compacts\\\/#primaryimage\"},\"thumbnailUrl\":\"https:\\\/\\\/lda.be\\\/wp-content\\\/uploads\\\/2025\\\/11\\\/CRS-serie-2.webp\",\"datePublished\":\"2025-11-04T13:14:04+00:00\",\"dateModified\":\"2025-11-04T13:28:39+00:00\",\"description\":\"La s\u00e9rie CRS de PHD inc est une s\u00e9rie de v\u00e9rins compacts avec un al\u00e9sage de 12 \u00e0 63 mm, une course jusqu'\u00e0 175 mm et une pression de service jusqu'\u00e0 10 bars. Autolubrifiants et durables. Disponibles chez LDA\",\"breadcrumb\":{\"@id\":\"https:\\\/\\\/lda.be\\\/fr\\\/produit\\\/serie-crs-verins-pneumatiques-compacts\\\/#breadcrumb\"},\"inLanguage\":\"fr-FR\",\"potentialAction\":[{\"@type\":\"ReadAction\",\"target\":[\"https:\\\/\\\/lda.be\\\/fr\\\/produit\\\/serie-crs-verins-pneumatiques-compacts\\\/\"]}]},{\"@type\":\"ImageObject\",\"inLanguage\":\"fr-FR\",\"@id\":\"https:\\\/\\\/lda.be\\\/fr\\\/produit\\\/serie-crs-verins-pneumatiques-compacts\\\/#primaryimage\",\"url\":\"https:\\\/\\\/lda.be\\\/wp-content\\\/uploads\\\/2025\\\/11\\\/CRS-serie-2.webp\",\"contentUrl\":\"https:\\\/\\\/lda.be\\\/wp-content\\\/uploads\\\/2025\\\/11\\\/CRS-serie-2.webp\",\"width\":1080,\"height\":1080,\"caption\":\"CRS serie\"},{\"@type\":\"BreadcrumbList\",\"@id\":\"https:\\\/\\\/lda.be\\\/fr\\\/produit\\\/serie-crs-verins-pneumatiques-compacts\\\/#breadcrumb\",\"itemListElement\":[{\"@type\":\"ListItem\",\"position\":1,\"name\":\"Accueil\",\"item\":\"https:\\\/\\\/lda.be\\\/fr\\\/\"},{\"@type\":\"ListItem\",\"position\":2,\"name\":\"Produits\",\"item\":\"https:\\\/\\\/lda.be\\\/fr\\\/produits\\\/\"},{\"@type\":\"ListItem\",\"position\":3,\"name\":\"S\u00e9rie CRS v\u00e9rins pneumatiques compacts\"}]},{\"@type\":\"WebSite\",\"@id\":\"https:\\\/\\\/lda.be\\\/fr\\\/#website\",\"url\":\"https:\\\/\\\/lda.be\\\/fr\\\/\",\"name\":\"LDA Belgium\",\"description\":\"Solutions For Life\",\"publisher\":{\"@id\":\"https:\\\/\\\/lda.be\\\/fr\\\/#organization\"},\"potentialAction\":[{\"@type\":\"SearchAction\",\"target\":{\"@type\":\"EntryPoint\",\"urlTemplate\":\"https:\\\/\\\/lda.be\\\/fr\\\/?s={search_term_string}\"},\"query-input\":{\"@type\":\"PropertyValueSpecification\",\"valueRequired\":true,\"valueName\":\"search_term_string\"}}],\"inLanguage\":\"fr-FR\"},{\"@type\":\"Organization\",\"@id\":\"https:\\\/\\\/lda.be\\\/fr\\\/#organization\",\"name\":\"LDA Belgium\",\"url\":\"https:\\\/\\\/lda.be\\\/fr\\\/\",\"logo\":{\"@type\":\"ImageObject\",\"inLanguage\":\"fr-FR\",\"@id\":\"https:\\\/\\\/lda.be\\\/fr\\\/#\\\/schema\\\/logo\\\/image\\\/\",\"url\":\"https:\\\/\\\/lda.be\\\/wp-content\\\/uploads\\\/2022\\\/07\\\/Logo-LDA.webp\",\"contentUrl\":\"https:\\\/\\\/lda.be\\\/wp-content\\\/uploads\\\/2022\\\/07\\\/Logo-LDA.webp\",\"width\":311,\"height\":101,\"caption\":\"LDA Belgium\"},\"image\":{\"@id\":\"https:\\\/\\\/lda.be\\\/fr\\\/#\\\/schema\\\/logo\\\/image\\\/\"},\"sameAs\":[\"https:\\\/\\\/www.linkedin.com\\\/company\\\/lda-belgium-nv\"]}]}<\/script>\n<!-- \/ Yoast SEO plugin. -->","yoast_head_json":{"title":"S\u00e9rie CRS v\u00e9rins pneumatiques compacts - LDA Belgique","description":"La s\u00e9rie CRS de PHD inc est une s\u00e9rie de v\u00e9rins compacts avec un al\u00e9sage de 12 \u00e0 63 mm, une course jusqu'\u00e0 175 mm et une pression de service jusqu'\u00e0 10 bars. Autolubrifiants et durables. Disponibles chez LDA","robots":{"index":"index","follow":"follow","max-snippet":"max-snippet:-1","max-image-preview":"max-image-preview:large","max-video-preview":"max-video-preview:-1"},"canonical":"https:\/\/lda.be\/fr\/produit\/serie-crs-verins-pneumatiques-compacts\/","og_locale":"fr_FR","og_type":"article","og_title":"S\u00e9rie CRS v\u00e9rins pneumatiques compacts - LDA Belgique","og_description":"La s\u00e9rie CRS de PHD inc est une s\u00e9rie de v\u00e9rins compacts avec un al\u00e9sage de 12 \u00e0 63 mm, une course jusqu'\u00e0 175 mm et une pression de service jusqu'\u00e0 10 bars. Autolubrifiants et durables. Disponibles chez LDA","og_url":"https:\/\/lda.be\/fr\/produit\/serie-crs-verins-pneumatiques-compacts\/","og_site_name":"LDA Belgique","article_modified_time":"2025-11-04T13:28:39+00:00","og_image":[{"width":1080,"height":1080,"url":"https:\/\/lda.be\/wp-content\/uploads\/2025\/11\/CRS-serie-2.webp","type":"image\/webp"}],"twitter_card":"summary_large_image","twitter_misc":{"Dur\u00e9e de lecture estim\u00e9e":"1 minute"},"schema":{"@context":"https:\/\/schema.org","@graph":[{"@type":"WebPage","@id":"https:\/\/lda.be\/fr\/produit\/serie-crs-verins-pneumatiques-compacts\/","url":"https:\/\/lda.be\/fr\/produit\/serie-crs-verins-pneumatiques-compacts\/","name":"S\u00e9rie CRS v\u00e9rins pneumatiques compacts - LDA Belgique","isPartOf":{"@id":"https:\/\/lda.be\/fr\/#website"},"primaryImageOfPage":{"@id":"https:\/\/lda.be\/fr\/produit\/serie-crs-verins-pneumatiques-compacts\/#primaryimage"},"image":{"@id":"https:\/\/lda.be\/fr\/produit\/serie-crs-verins-pneumatiques-compacts\/#primaryimage"},"thumbnailUrl":"https:\/\/lda.be\/wp-content\/uploads\/2025\/11\/CRS-serie-2.webp","datePublished":"2025-11-04T13:14:04+00:00","dateModified":"2025-11-04T13:28:39+00:00","description":"La s\u00e9rie CRS de PHD inc est une s\u00e9rie de v\u00e9rins compacts avec un al\u00e9sage de 12 \u00e0 63 mm, une course jusqu'\u00e0 175 mm et une pression de service jusqu'\u00e0 10 bars. Autolubrifiants et durables. Disponibles chez LDA","breadcrumb":{"@id":"https:\/\/lda.be\/fr\/produit\/serie-crs-verins-pneumatiques-compacts\/#breadcrumb"},"inLanguage":"fr-FR","potentialAction":[{"@type":"ReadAction","target":["https:\/\/lda.be\/fr\/produit\/serie-crs-verins-pneumatiques-compacts\/"]}]},{"@type":"ImageObject","inLanguage":"fr-FR","@id":"https:\/\/lda.be\/fr\/produit\/serie-crs-verins-pneumatiques-compacts\/#primaryimage","url":"https:\/\/lda.be\/wp-content\/uploads\/2025\/11\/CRS-serie-2.webp","contentUrl":"https:\/\/lda.be\/wp-content\/uploads\/2025\/11\/CRS-serie-2.webp","width":1080,"height":1080,"caption":"CRS serie"},{"@type":"BreadcrumbList","@id":"https:\/\/lda.be\/fr\/produit\/serie-crs-verins-pneumatiques-compacts\/#breadcrumb","itemListElement":[{"@type":"ListItem","position":1,"name":"Accueil","item":"https:\/\/lda.be\/fr\/"},{"@type":"ListItem","position":2,"name":"Produits","item":"https:\/\/lda.be\/fr\/produits\/"},{"@type":"ListItem","position":3,"name":"S\u00e9rie CRS v\u00e9rins pneumatiques compacts"}]},{"@type":"WebSite","@id":"https:\/\/lda.be\/fr\/#website","url":"https:\/\/lda.be\/fr\/","name":"LDA Belgium","description":"Solutions For Life","publisher":{"@id":"https:\/\/lda.be\/fr\/#organization"},"potentialAction":[{"@type":"SearchAction","target":{"@type":"EntryPoint","urlTemplate":"https:\/\/lda.be\/fr\/?s={search_term_string}"},"query-input":{"@type":"PropertyValueSpecification","valueRequired":true,"valueName":"search_term_string"}}],"inLanguage":"fr-FR"},{"@type":"Organization","@id":"https:\/\/lda.be\/fr\/#organization","name":"LDA Belgium","url":"https:\/\/lda.be\/fr\/","logo":{"@type":"ImageObject","inLanguage":"fr-FR","@id":"https:\/\/lda.be\/fr\/#\/schema\/logo\/image\/","url":"https:\/\/lda.be\/wp-content\/uploads\/2022\/07\/Logo-LDA.webp","contentUrl":"https:\/\/lda.be\/wp-content\/uploads\/2022\/07\/Logo-LDA.webp","width":311,"height":101,"caption":"LDA Belgium"},"image":{"@id":"https:\/\/lda.be\/fr\/#\/schema\/logo\/image\/"},"sameAs":["https:\/\/www.linkedin.com\/company\/lda-belgium-nv"]}]}},"_links":{"self":[{"href":"https:\/\/lda.be\/fr\/wp-json\/wp\/v2\/product\/13333","targetHints":{"allow":["GET"]}}],"collection":[{"href":"https:\/\/lda.be\/fr\/wp-json\/wp\/v2\/product"}],"about":[{"href":"https:\/\/lda.be\/fr\/wp-json\/wp\/v2\/types\/product"}],"replies":[{"embeddable":true,"href":"https:\/\/lda.be\/fr\/wp-json\/wp\/v2\/comments?post=13333"}],"wp:featuredmedia":[{"embeddable":true,"href":"https:\/\/lda.be\/fr\/wp-json\/wp\/v2\/media\/13327"}],"wp:attachment":[{"href":"https:\/\/lda.be\/fr\/wp-json\/wp\/v2\/media?parent=13333"}],"wp:term":[{"taxonomy":"product_brand","embeddable":true,"href":"https:\/\/lda.be\/fr\/wp-json\/wp\/v2\/product_brand?post=13333"},{"taxonomy":"product_cat","embeddable":true,"href":"https:\/\/lda.be\/fr\/wp-json\/wp\/v2\/product_cat?post=13333"},{"taxonomy":"product_tag","embeddable":true,"href":"https:\/\/lda.be\/fr\/wp-json\/wp\/v2\/product_tag?post=13333"}],"curies":[{"name":"wp","href":"https:\/\/api.w.org\/{rel}","templated":true}]}}