{"id":13343,"date":"2025-11-04T14:46:45","date_gmt":"2025-11-04T13:46:45","guid":{"rendered":"https:\/\/lda.be\/?post_type=product&#038;p=13343"},"modified":"2025-11-04T15:01:30","modified_gmt":"2025-11-04T14:01:30","slug":"serie-cts-verins-pneumatiques-compacts-guides","status":"publish","type":"product","link":"https:\/\/lda.be\/fr\/produit\/serie-cts-verins-pneumatiques-compacts-guides\/","title":{"rendered":"S\u00e9rie CTS v\u00e9rins pneumatiques compacts guid\u00e9s"},"content":{"rendered":"<p>La s\u00e9rie PHD CTS est con\u00e7ue pour les applications o\u00f9 l&#8217;espace est limit\u00e9 mais o\u00f9 la performance ne doit pas \u00eatre compromise. Gr\u00e2ce \u00e0 son format compact et ses guides int\u00e9gr\u00e9s, ce v\u00e9rin offre une solution pour les environnements exigeants. Il est \u00e9quip\u00e9 d&#8217;un joint de piston nitrile autolubrifiant et de bagues en PTFE qui prolongent la dur\u00e9e de vie. Le rev\u00eatement en chrome dur sur les tiges de guidage et la tige de piston minimise l&#8217;usure et augmente la capacit\u00e9 de charge lat\u00e9rale.<\/p>\n<p>La s\u00e9rie CTS supporte diverses options de montage et est compatible avec d&#8217;autres composants PHD. Avec des options telles que des amortisseurs de choc, des pistons magn\u00e9tiques et des plaques-outils \u00e9tendues, ce v\u00e9rin est adaptable \u00e0 des exigences sp\u00e9cifiques. Le v\u00e9rin est pr\u00e9par\u00e9 pour le montage de jusqu&#8217;\u00e0 six interrupteurs, facilitant l&#8217;int\u00e9gration dans des syst\u00e8mes automatis\u00e9s.<\/p>\n","protected":false},"excerpt":{"rendered":"<p>La s\u00e9rie PHD CTS est con\u00e7ue pour les applications o\u00f9 l&#8217;espace est limit\u00e9 mais o\u00f9 la performance ne doit pas \u00eatre compromise. Gr\u00e2ce \u00e0 son format compact et ses guides int\u00e9gr\u00e9s, ce v\u00e9rin offre une solution pour les environnements exigeants. Il est \u00e9quip\u00e9 d&#8217;un joint de piston nitrile autolubrifiant et de bagues en PTFE qui [&hellip;]<\/p>\n","protected":false},"featured_media":13336,"comment_status":"closed","ping_status":"closed","template":"","meta":[],"product_brand":[1277],"product_cat":[1138],"product_tag":[],"class_list":{"0":"post-13343","1":"product","2":"type-product","3":"status-publish","4":"has-post-thumbnail","6":"product_brand-phd","7":"product_cat-vannes-5-voies-a-grand-debit-1-500nl","9":"first","10":"instock","11":"shipping-taxable","12":"product-type-simple"},"yoast_head":"<!-- This site is optimized with the Yoast SEO plugin v27.3 - https:\/\/yoast.com\/product\/yoast-seo-wordpress\/ -->\n<title>S\u00e9rie CTS v\u00e9rins pneumatiques compacts guid\u00e9s - LDA Belgique<\/title>\n<meta name=\"description\" content=\"PHD CTS : v\u00e9rins compacts guid\u00e9s avec al\u00e9sage de 12 \u00e0 63 mm, course jusqu&#039;\u00e0 150 mm et pression de service jusqu&#039;\u00e0 10 bars. Pr\u00e9cision et durabilit\u00e9. Disponibles en Belgique chez LDA\" \/>\n<meta name=\"robots\" content=\"index, follow, max-snippet:-1, max-image-preview:large, max-video-preview:-1\" \/>\n<link rel=\"canonical\" href=\"https:\/\/lda.be\/fr\/produit\/serie-cts-verins-pneumatiques-compacts-guides\/\" \/>\n<meta property=\"og:locale\" content=\"fr_FR\" \/>\n<meta property=\"og:type\" content=\"article\" \/>\n<meta property=\"og:title\" content=\"S\u00e9rie CTS v\u00e9rins pneumatiques compacts guid\u00e9s - LDA Belgique\" \/>\n<meta property=\"og:description\" content=\"PHD CTS : v\u00e9rins compacts guid\u00e9s avec al\u00e9sage de 12 \u00e0 63 mm, course jusqu&#039;\u00e0 150 mm et pression de service jusqu&#039;\u00e0 10 bars. Pr\u00e9cision et durabilit\u00e9. Disponibles en Belgique chez LDA\" \/>\n<meta property=\"og:url\" content=\"https:\/\/lda.be\/fr\/produit\/serie-cts-verins-pneumatiques-compacts-guides\/\" \/>\n<meta property=\"og:site_name\" content=\"LDA Belgique\" \/>\n<meta property=\"article:modified_time\" content=\"2025-11-04T14:01:30+00:00\" \/>\n<meta property=\"og:image\" content=\"https:\/\/lda.be\/wp-content\/uploads\/2025\/11\/CTS-serie.webp\" \/>\n\t<meta property=\"og:image:width\" content=\"1080\" \/>\n\t<meta property=\"og:image:height\" content=\"1080\" \/>\n\t<meta property=\"og:image:type\" content=\"image\/webp\" \/>\n<meta name=\"twitter:card\" content=\"summary_large_image\" \/>\n<meta name=\"twitter:label1\" content=\"Dur\u00e9e de lecture estim\u00e9e\" \/>\n\t<meta name=\"twitter:data1\" content=\"1 minute\" \/>\n<script type=\"application\/ld+json\" class=\"yoast-schema-graph\">{\"@context\":\"https:\\\/\\\/schema.org\",\"@graph\":[{\"@type\":\"WebPage\",\"@id\":\"https:\\\/\\\/lda.be\\\/fr\\\/produit\\\/serie-cts-verins-pneumatiques-compacts-guides\\\/\",\"url\":\"https:\\\/\\\/lda.be\\\/fr\\\/produit\\\/serie-cts-verins-pneumatiques-compacts-guides\\\/\",\"name\":\"S\u00e9rie CTS v\u00e9rins pneumatiques compacts guid\u00e9s - LDA Belgique\",\"isPartOf\":{\"@id\":\"https:\\\/\\\/lda.be\\\/fr\\\/#website\"},\"primaryImageOfPage\":{\"@id\":\"https:\\\/\\\/lda.be\\\/fr\\\/produit\\\/serie-cts-verins-pneumatiques-compacts-guides\\\/#primaryimage\"},\"image\":{\"@id\":\"https:\\\/\\\/lda.be\\\/fr\\\/produit\\\/serie-cts-verins-pneumatiques-compacts-guides\\\/#primaryimage\"},\"thumbnailUrl\":\"https:\\\/\\\/lda.be\\\/wp-content\\\/uploads\\\/2025\\\/11\\\/CTS-serie.webp\",\"datePublished\":\"2025-11-04T13:46:45+00:00\",\"dateModified\":\"2025-11-04T14:01:30+00:00\",\"description\":\"PHD CTS : v\u00e9rins compacts guid\u00e9s avec al\u00e9sage de 12 \u00e0 63 mm, course jusqu'\u00e0 150 mm et pression de service jusqu'\u00e0 10 bars. Pr\u00e9cision et durabilit\u00e9. Disponibles en Belgique chez LDA\",\"breadcrumb\":{\"@id\":\"https:\\\/\\\/lda.be\\\/fr\\\/produit\\\/serie-cts-verins-pneumatiques-compacts-guides\\\/#breadcrumb\"},\"inLanguage\":\"fr-FR\",\"potentialAction\":[{\"@type\":\"ReadAction\",\"target\":[\"https:\\\/\\\/lda.be\\\/fr\\\/produit\\\/serie-cts-verins-pneumatiques-compacts-guides\\\/\"]}]},{\"@type\":\"ImageObject\",\"inLanguage\":\"fr-FR\",\"@id\":\"https:\\\/\\\/lda.be\\\/fr\\\/produit\\\/serie-cts-verins-pneumatiques-compacts-guides\\\/#primaryimage\",\"url\":\"https:\\\/\\\/lda.be\\\/wp-content\\\/uploads\\\/2025\\\/11\\\/CTS-serie.webp\",\"contentUrl\":\"https:\\\/\\\/lda.be\\\/wp-content\\\/uploads\\\/2025\\\/11\\\/CTS-serie.webp\",\"width\":1080,\"height\":1080,\"caption\":\"CTS serie bij LDA\"},{\"@type\":\"BreadcrumbList\",\"@id\":\"https:\\\/\\\/lda.be\\\/fr\\\/produit\\\/serie-cts-verins-pneumatiques-compacts-guides\\\/#breadcrumb\",\"itemListElement\":[{\"@type\":\"ListItem\",\"position\":1,\"name\":\"Accueil\",\"item\":\"https:\\\/\\\/lda.be\\\/fr\\\/\"},{\"@type\":\"ListItem\",\"position\":2,\"name\":\"Produits\",\"item\":\"https:\\\/\\\/lda.be\\\/fr\\\/produits\\\/\"},{\"@type\":\"ListItem\",\"position\":3,\"name\":\"S\u00e9rie CTS v\u00e9rins pneumatiques compacts guid\u00e9s\"}]},{\"@type\":\"WebSite\",\"@id\":\"https:\\\/\\\/lda.be\\\/fr\\\/#website\",\"url\":\"https:\\\/\\\/lda.be\\\/fr\\\/\",\"name\":\"LDA Belgium\",\"description\":\"Solutions For Life\",\"publisher\":{\"@id\":\"https:\\\/\\\/lda.be\\\/fr\\\/#organization\"},\"potentialAction\":[{\"@type\":\"SearchAction\",\"target\":{\"@type\":\"EntryPoint\",\"urlTemplate\":\"https:\\\/\\\/lda.be\\\/fr\\\/?s={search_term_string}\"},\"query-input\":{\"@type\":\"PropertyValueSpecification\",\"valueRequired\":true,\"valueName\":\"search_term_string\"}}],\"inLanguage\":\"fr-FR\"},{\"@type\":\"Organization\",\"@id\":\"https:\\\/\\\/lda.be\\\/fr\\\/#organization\",\"name\":\"LDA Belgium\",\"url\":\"https:\\\/\\\/lda.be\\\/fr\\\/\",\"logo\":{\"@type\":\"ImageObject\",\"inLanguage\":\"fr-FR\",\"@id\":\"https:\\\/\\\/lda.be\\\/fr\\\/#\\\/schema\\\/logo\\\/image\\\/\",\"url\":\"https:\\\/\\\/lda.be\\\/wp-content\\\/uploads\\\/2022\\\/07\\\/Logo-LDA.webp\",\"contentUrl\":\"https:\\\/\\\/lda.be\\\/wp-content\\\/uploads\\\/2022\\\/07\\\/Logo-LDA.webp\",\"width\":311,\"height\":101,\"caption\":\"LDA Belgium\"},\"image\":{\"@id\":\"https:\\\/\\\/lda.be\\\/fr\\\/#\\\/schema\\\/logo\\\/image\\\/\"},\"sameAs\":[\"https:\\\/\\\/www.linkedin.com\\\/company\\\/lda-belgium-nv\"]}]}<\/script>\n<!-- \/ Yoast SEO plugin. -->","yoast_head_json":{"title":"S\u00e9rie CTS v\u00e9rins pneumatiques compacts guid\u00e9s - LDA Belgique","description":"PHD CTS : v\u00e9rins compacts guid\u00e9s avec al\u00e9sage de 12 \u00e0 63 mm, course jusqu'\u00e0 150 mm et pression de service jusqu'\u00e0 10 bars. Pr\u00e9cision et durabilit\u00e9. Disponibles en Belgique chez LDA","robots":{"index":"index","follow":"follow","max-snippet":"max-snippet:-1","max-image-preview":"max-image-preview:large","max-video-preview":"max-video-preview:-1"},"canonical":"https:\/\/lda.be\/fr\/produit\/serie-cts-verins-pneumatiques-compacts-guides\/","og_locale":"fr_FR","og_type":"article","og_title":"S\u00e9rie CTS v\u00e9rins pneumatiques compacts guid\u00e9s - LDA Belgique","og_description":"PHD CTS : v\u00e9rins compacts guid\u00e9s avec al\u00e9sage de 12 \u00e0 63 mm, course jusqu'\u00e0 150 mm et pression de service jusqu'\u00e0 10 bars. Pr\u00e9cision et durabilit\u00e9. Disponibles en Belgique chez LDA","og_url":"https:\/\/lda.be\/fr\/produit\/serie-cts-verins-pneumatiques-compacts-guides\/","og_site_name":"LDA Belgique","article_modified_time":"2025-11-04T14:01:30+00:00","og_image":[{"width":1080,"height":1080,"url":"https:\/\/lda.be\/wp-content\/uploads\/2025\/11\/CTS-serie.webp","type":"image\/webp"}],"twitter_card":"summary_large_image","twitter_misc":{"Dur\u00e9e de lecture estim\u00e9e":"1 minute"},"schema":{"@context":"https:\/\/schema.org","@graph":[{"@type":"WebPage","@id":"https:\/\/lda.be\/fr\/produit\/serie-cts-verins-pneumatiques-compacts-guides\/","url":"https:\/\/lda.be\/fr\/produit\/serie-cts-verins-pneumatiques-compacts-guides\/","name":"S\u00e9rie CTS v\u00e9rins pneumatiques compacts guid\u00e9s - LDA Belgique","isPartOf":{"@id":"https:\/\/lda.be\/fr\/#website"},"primaryImageOfPage":{"@id":"https:\/\/lda.be\/fr\/produit\/serie-cts-verins-pneumatiques-compacts-guides\/#primaryimage"},"image":{"@id":"https:\/\/lda.be\/fr\/produit\/serie-cts-verins-pneumatiques-compacts-guides\/#primaryimage"},"thumbnailUrl":"https:\/\/lda.be\/wp-content\/uploads\/2025\/11\/CTS-serie.webp","datePublished":"2025-11-04T13:46:45+00:00","dateModified":"2025-11-04T14:01:30+00:00","description":"PHD CTS : v\u00e9rins compacts guid\u00e9s avec al\u00e9sage de 12 \u00e0 63 mm, course jusqu'\u00e0 150 mm et pression de service jusqu'\u00e0 10 bars. Pr\u00e9cision et durabilit\u00e9. Disponibles en Belgique chez LDA","breadcrumb":{"@id":"https:\/\/lda.be\/fr\/produit\/serie-cts-verins-pneumatiques-compacts-guides\/#breadcrumb"},"inLanguage":"fr-FR","potentialAction":[{"@type":"ReadAction","target":["https:\/\/lda.be\/fr\/produit\/serie-cts-verins-pneumatiques-compacts-guides\/"]}]},{"@type":"ImageObject","inLanguage":"fr-FR","@id":"https:\/\/lda.be\/fr\/produit\/serie-cts-verins-pneumatiques-compacts-guides\/#primaryimage","url":"https:\/\/lda.be\/wp-content\/uploads\/2025\/11\/CTS-serie.webp","contentUrl":"https:\/\/lda.be\/wp-content\/uploads\/2025\/11\/CTS-serie.webp","width":1080,"height":1080,"caption":"CTS serie bij LDA"},{"@type":"BreadcrumbList","@id":"https:\/\/lda.be\/fr\/produit\/serie-cts-verins-pneumatiques-compacts-guides\/#breadcrumb","itemListElement":[{"@type":"ListItem","position":1,"name":"Accueil","item":"https:\/\/lda.be\/fr\/"},{"@type":"ListItem","position":2,"name":"Produits","item":"https:\/\/lda.be\/fr\/produits\/"},{"@type":"ListItem","position":3,"name":"S\u00e9rie CTS v\u00e9rins pneumatiques compacts guid\u00e9s"}]},{"@type":"WebSite","@id":"https:\/\/lda.be\/fr\/#website","url":"https:\/\/lda.be\/fr\/","name":"LDA Belgium","description":"Solutions For Life","publisher":{"@id":"https:\/\/lda.be\/fr\/#organization"},"potentialAction":[{"@type":"SearchAction","target":{"@type":"EntryPoint","urlTemplate":"https:\/\/lda.be\/fr\/?s={search_term_string}"},"query-input":{"@type":"PropertyValueSpecification","valueRequired":true,"valueName":"search_term_string"}}],"inLanguage":"fr-FR"},{"@type":"Organization","@id":"https:\/\/lda.be\/fr\/#organization","name":"LDA Belgium","url":"https:\/\/lda.be\/fr\/","logo":{"@type":"ImageObject","inLanguage":"fr-FR","@id":"https:\/\/lda.be\/fr\/#\/schema\/logo\/image\/","url":"https:\/\/lda.be\/wp-content\/uploads\/2022\/07\/Logo-LDA.webp","contentUrl":"https:\/\/lda.be\/wp-content\/uploads\/2022\/07\/Logo-LDA.webp","width":311,"height":101,"caption":"LDA Belgium"},"image":{"@id":"https:\/\/lda.be\/fr\/#\/schema\/logo\/image\/"},"sameAs":["https:\/\/www.linkedin.com\/company\/lda-belgium-nv"]}]}},"_links":{"self":[{"href":"https:\/\/lda.be\/fr\/wp-json\/wp\/v2\/product\/13343","targetHints":{"allow":["GET"]}}],"collection":[{"href":"https:\/\/lda.be\/fr\/wp-json\/wp\/v2\/product"}],"about":[{"href":"https:\/\/lda.be\/fr\/wp-json\/wp\/v2\/types\/product"}],"replies":[{"embeddable":true,"href":"https:\/\/lda.be\/fr\/wp-json\/wp\/v2\/comments?post=13343"}],"wp:featuredmedia":[{"embeddable":true,"href":"https:\/\/lda.be\/fr\/wp-json\/wp\/v2\/media\/13336"}],"wp:attachment":[{"href":"https:\/\/lda.be\/fr\/wp-json\/wp\/v2\/media?parent=13343"}],"wp:term":[{"taxonomy":"product_brand","embeddable":true,"href":"https:\/\/lda.be\/fr\/wp-json\/wp\/v2\/product_brand?post=13343"},{"taxonomy":"product_cat","embeddable":true,"href":"https:\/\/lda.be\/fr\/wp-json\/wp\/v2\/product_cat?post=13343"},{"taxonomy":"product_tag","embeddable":true,"href":"https:\/\/lda.be\/fr\/wp-json\/wp\/v2\/product_tag?post=13343"}],"curies":[{"name":"wp","href":"https:\/\/api.w.org\/{rel}","templated":true}]}}