{"id":13352,"date":"2025-11-04T15:21:52","date_gmt":"2025-11-04T14:21:52","guid":{"rendered":"https:\/\/lda.be\/?post_type=product&#038;p=13352"},"modified":"2025-11-04T15:39:03","modified_gmt":"2025-11-04T14:39:03","slug":"serie-ocq-verin-pneumatique-compact","status":"publish","type":"product","link":"https:\/\/lda.be\/fr\/produit\/serie-ocq-verin-pneumatique-compact\/","title":{"rendered":"S\u00e9rie OCQ V\u00e9rin pneumatique compact"},"content":{"rendered":"<p>La s\u00e9rie OCQ de v\u00e9rins est une solution polyvalente pour les applications industrielles o\u00f9 pr\u00e9cision et efficacit\u00e9 sont essentielles. Avec une large gamme de diam\u00e8tres et de courses, cette s\u00e9rie offre une flexibilit\u00e9 pour divers syst\u00e8mes. Les amortisseurs int\u00e9gr\u00e9s r\u00e9duisent l&#8217;impact en fin de course, tandis que les aimants standard permettent une d\u00e9tection de position. Le v\u00e9rin est con\u00e7u pour une int\u00e9gration facile gr\u00e2ce \u00e0 un montage m\u00e9trique standardis\u00e9.<\/p>\n","protected":false},"excerpt":{"rendered":"<p>La s\u00e9rie OCQ de v\u00e9rins est une solution polyvalente pour les applications industrielles o\u00f9 pr\u00e9cision et efficacit\u00e9 sont essentielles. Avec une large gamme de diam\u00e8tres et de courses, cette s\u00e9rie offre une flexibilit\u00e9 pour divers syst\u00e8mes. Les amortisseurs int\u00e9gr\u00e9s r\u00e9duisent l&#8217;impact en fin de course, tandis que les aimants standard permettent une d\u00e9tection de position. [&hellip;]<\/p>\n","protected":false},"featured_media":13347,"comment_status":"closed","ping_status":"closed","template":"","meta":[],"product_brand":[1277],"product_cat":[1830],"product_tag":[],"class_list":{"0":"post-13352","1":"product","2":"type-product","3":"status-publish","4":"has-post-thumbnail","6":"product_brand-phd","7":"product_cat-verins-compacts","9":"first","10":"instock","11":"shipping-taxable","12":"product-type-simple"},"yoast_head":"<!-- This site is optimized with the Yoast SEO plugin v27.3 - https:\/\/yoast.com\/product\/yoast-seo-wordpress\/ -->\n<title>S\u00e9rie OCQ V\u00e9rin pneumatique compact - LDA Belgique<\/title>\n<meta name=\"description\" content=\"La s\u00e9rie de v\u00e9rins OCQ offre pr\u00e9cision et flexibilit\u00e9 avec des diam\u00e8tres de 12 \u00e0 100 mm et des courses allant jusqu&#039;\u00e0 100 mm. Con\u00e7ue pour l&#039;efficacit\u00e9 et la durabilit\u00e9.\" \/>\n<meta name=\"robots\" content=\"index, follow, max-snippet:-1, max-image-preview:large, max-video-preview:-1\" \/>\n<link rel=\"canonical\" href=\"https:\/\/lda.be\/fr\/produit\/serie-ocq-verin-pneumatique-compact\/\" \/>\n<meta property=\"og:locale\" content=\"fr_FR\" \/>\n<meta property=\"og:type\" content=\"article\" \/>\n<meta property=\"og:title\" content=\"S\u00e9rie OCQ V\u00e9rin pneumatique compact - LDA Belgique\" \/>\n<meta property=\"og:description\" content=\"La s\u00e9rie de v\u00e9rins OCQ offre pr\u00e9cision et flexibilit\u00e9 avec des diam\u00e8tres de 12 \u00e0 100 mm et des courses allant jusqu&#039;\u00e0 100 mm. Con\u00e7ue pour l&#039;efficacit\u00e9 et la durabilit\u00e9.\" \/>\n<meta property=\"og:url\" content=\"https:\/\/lda.be\/fr\/produit\/serie-ocq-verin-pneumatique-compact\/\" \/>\n<meta property=\"og:site_name\" content=\"LDA Belgique\" \/>\n<meta property=\"article:modified_time\" content=\"2025-11-04T14:39:03+00:00\" \/>\n<meta property=\"og:image\" content=\"https:\/\/lda.be\/wp-content\/uploads\/2025\/11\/OCQ-compact-cylinder.webp\" \/>\n\t<meta property=\"og:image:width\" content=\"1080\" \/>\n\t<meta property=\"og:image:height\" content=\"1080\" \/>\n\t<meta property=\"og:image:type\" content=\"image\/webp\" \/>\n<meta name=\"twitter:card\" content=\"summary_large_image\" \/>\n<script type=\"application\/ld+json\" class=\"yoast-schema-graph\">{\"@context\":\"https:\\\/\\\/schema.org\",\"@graph\":[{\"@type\":\"WebPage\",\"@id\":\"https:\\\/\\\/lda.be\\\/fr\\\/produit\\\/serie-ocq-verin-pneumatique-compact\\\/\",\"url\":\"https:\\\/\\\/lda.be\\\/fr\\\/produit\\\/serie-ocq-verin-pneumatique-compact\\\/\",\"name\":\"S\u00e9rie OCQ V\u00e9rin pneumatique compact - LDA Belgique\",\"isPartOf\":{\"@id\":\"https:\\\/\\\/lda.be\\\/fr\\\/#website\"},\"primaryImageOfPage\":{\"@id\":\"https:\\\/\\\/lda.be\\\/fr\\\/produit\\\/serie-ocq-verin-pneumatique-compact\\\/#primaryimage\"},\"image\":{\"@id\":\"https:\\\/\\\/lda.be\\\/fr\\\/produit\\\/serie-ocq-verin-pneumatique-compact\\\/#primaryimage\"},\"thumbnailUrl\":\"https:\\\/\\\/lda.be\\\/wp-content\\\/uploads\\\/2025\\\/11\\\/OCQ-compact-cylinder.webp\",\"datePublished\":\"2025-11-04T14:21:52+00:00\",\"dateModified\":\"2025-11-04T14:39:03+00:00\",\"description\":\"La s\u00e9rie de v\u00e9rins OCQ offre pr\u00e9cision et flexibilit\u00e9 avec des diam\u00e8tres de 12 \u00e0 100 mm et des courses allant jusqu'\u00e0 100 mm. Con\u00e7ue pour l'efficacit\u00e9 et la durabilit\u00e9.\",\"breadcrumb\":{\"@id\":\"https:\\\/\\\/lda.be\\\/fr\\\/produit\\\/serie-ocq-verin-pneumatique-compact\\\/#breadcrumb\"},\"inLanguage\":\"fr-FR\",\"potentialAction\":[{\"@type\":\"ReadAction\",\"target\":[\"https:\\\/\\\/lda.be\\\/fr\\\/produit\\\/serie-ocq-verin-pneumatique-compact\\\/\"]}]},{\"@type\":\"ImageObject\",\"inLanguage\":\"fr-FR\",\"@id\":\"https:\\\/\\\/lda.be\\\/fr\\\/produit\\\/serie-ocq-verin-pneumatique-compact\\\/#primaryimage\",\"url\":\"https:\\\/\\\/lda.be\\\/wp-content\\\/uploads\\\/2025\\\/11\\\/OCQ-compact-cylinder.webp\",\"contentUrl\":\"https:\\\/\\\/lda.be\\\/wp-content\\\/uploads\\\/2025\\\/11\\\/OCQ-compact-cylinder.webp\",\"width\":1080,\"height\":1080},{\"@type\":\"BreadcrumbList\",\"@id\":\"https:\\\/\\\/lda.be\\\/fr\\\/produit\\\/serie-ocq-verin-pneumatique-compact\\\/#breadcrumb\",\"itemListElement\":[{\"@type\":\"ListItem\",\"position\":1,\"name\":\"Accueil\",\"item\":\"https:\\\/\\\/lda.be\\\/fr\\\/\"},{\"@type\":\"ListItem\",\"position\":2,\"name\":\"Produits\",\"item\":\"https:\\\/\\\/lda.be\\\/fr\\\/produits\\\/\"},{\"@type\":\"ListItem\",\"position\":3,\"name\":\"S\u00e9rie OCQ V\u00e9rin pneumatique compact\"}]},{\"@type\":\"WebSite\",\"@id\":\"https:\\\/\\\/lda.be\\\/fr\\\/#website\",\"url\":\"https:\\\/\\\/lda.be\\\/fr\\\/\",\"name\":\"LDA Belgium\",\"description\":\"Solutions For Life\",\"publisher\":{\"@id\":\"https:\\\/\\\/lda.be\\\/fr\\\/#organization\"},\"potentialAction\":[{\"@type\":\"SearchAction\",\"target\":{\"@type\":\"EntryPoint\",\"urlTemplate\":\"https:\\\/\\\/lda.be\\\/fr\\\/?s={search_term_string}\"},\"query-input\":{\"@type\":\"PropertyValueSpecification\",\"valueRequired\":true,\"valueName\":\"search_term_string\"}}],\"inLanguage\":\"fr-FR\"},{\"@type\":\"Organization\",\"@id\":\"https:\\\/\\\/lda.be\\\/fr\\\/#organization\",\"name\":\"LDA Belgium\",\"url\":\"https:\\\/\\\/lda.be\\\/fr\\\/\",\"logo\":{\"@type\":\"ImageObject\",\"inLanguage\":\"fr-FR\",\"@id\":\"https:\\\/\\\/lda.be\\\/fr\\\/#\\\/schema\\\/logo\\\/image\\\/\",\"url\":\"https:\\\/\\\/lda.be\\\/wp-content\\\/uploads\\\/2022\\\/07\\\/Logo-LDA.webp\",\"contentUrl\":\"https:\\\/\\\/lda.be\\\/wp-content\\\/uploads\\\/2022\\\/07\\\/Logo-LDA.webp\",\"width\":311,\"height\":101,\"caption\":\"LDA Belgium\"},\"image\":{\"@id\":\"https:\\\/\\\/lda.be\\\/fr\\\/#\\\/schema\\\/logo\\\/image\\\/\"},\"sameAs\":[\"https:\\\/\\\/www.linkedin.com\\\/company\\\/lda-belgium-nv\"]}]}<\/script>\n<!-- \/ Yoast SEO plugin. -->","yoast_head_json":{"title":"S\u00e9rie OCQ V\u00e9rin pneumatique compact - LDA Belgique","description":"La s\u00e9rie de v\u00e9rins OCQ offre pr\u00e9cision et flexibilit\u00e9 avec des diam\u00e8tres de 12 \u00e0 100 mm et des courses allant jusqu'\u00e0 100 mm. Con\u00e7ue pour l'efficacit\u00e9 et la durabilit\u00e9.","robots":{"index":"index","follow":"follow","max-snippet":"max-snippet:-1","max-image-preview":"max-image-preview:large","max-video-preview":"max-video-preview:-1"},"canonical":"https:\/\/lda.be\/fr\/produit\/serie-ocq-verin-pneumatique-compact\/","og_locale":"fr_FR","og_type":"article","og_title":"S\u00e9rie OCQ V\u00e9rin pneumatique compact - LDA Belgique","og_description":"La s\u00e9rie de v\u00e9rins OCQ offre pr\u00e9cision et flexibilit\u00e9 avec des diam\u00e8tres de 12 \u00e0 100 mm et des courses allant jusqu'\u00e0 100 mm. Con\u00e7ue pour l'efficacit\u00e9 et la durabilit\u00e9.","og_url":"https:\/\/lda.be\/fr\/produit\/serie-ocq-verin-pneumatique-compact\/","og_site_name":"LDA Belgique","article_modified_time":"2025-11-04T14:39:03+00:00","og_image":[{"width":1080,"height":1080,"url":"https:\/\/lda.be\/wp-content\/uploads\/2025\/11\/OCQ-compact-cylinder.webp","type":"image\/webp"}],"twitter_card":"summary_large_image","schema":{"@context":"https:\/\/schema.org","@graph":[{"@type":"WebPage","@id":"https:\/\/lda.be\/fr\/produit\/serie-ocq-verin-pneumatique-compact\/","url":"https:\/\/lda.be\/fr\/produit\/serie-ocq-verin-pneumatique-compact\/","name":"S\u00e9rie OCQ V\u00e9rin pneumatique compact - LDA Belgique","isPartOf":{"@id":"https:\/\/lda.be\/fr\/#website"},"primaryImageOfPage":{"@id":"https:\/\/lda.be\/fr\/produit\/serie-ocq-verin-pneumatique-compact\/#primaryimage"},"image":{"@id":"https:\/\/lda.be\/fr\/produit\/serie-ocq-verin-pneumatique-compact\/#primaryimage"},"thumbnailUrl":"https:\/\/lda.be\/wp-content\/uploads\/2025\/11\/OCQ-compact-cylinder.webp","datePublished":"2025-11-04T14:21:52+00:00","dateModified":"2025-11-04T14:39:03+00:00","description":"La s\u00e9rie de v\u00e9rins OCQ offre pr\u00e9cision et flexibilit\u00e9 avec des diam\u00e8tres de 12 \u00e0 100 mm et des courses allant jusqu'\u00e0 100 mm. Con\u00e7ue pour l'efficacit\u00e9 et la durabilit\u00e9.","breadcrumb":{"@id":"https:\/\/lda.be\/fr\/produit\/serie-ocq-verin-pneumatique-compact\/#breadcrumb"},"inLanguage":"fr-FR","potentialAction":[{"@type":"ReadAction","target":["https:\/\/lda.be\/fr\/produit\/serie-ocq-verin-pneumatique-compact\/"]}]},{"@type":"ImageObject","inLanguage":"fr-FR","@id":"https:\/\/lda.be\/fr\/produit\/serie-ocq-verin-pneumatique-compact\/#primaryimage","url":"https:\/\/lda.be\/wp-content\/uploads\/2025\/11\/OCQ-compact-cylinder.webp","contentUrl":"https:\/\/lda.be\/wp-content\/uploads\/2025\/11\/OCQ-compact-cylinder.webp","width":1080,"height":1080},{"@type":"BreadcrumbList","@id":"https:\/\/lda.be\/fr\/produit\/serie-ocq-verin-pneumatique-compact\/#breadcrumb","itemListElement":[{"@type":"ListItem","position":1,"name":"Accueil","item":"https:\/\/lda.be\/fr\/"},{"@type":"ListItem","position":2,"name":"Produits","item":"https:\/\/lda.be\/fr\/produits\/"},{"@type":"ListItem","position":3,"name":"S\u00e9rie OCQ V\u00e9rin pneumatique compact"}]},{"@type":"WebSite","@id":"https:\/\/lda.be\/fr\/#website","url":"https:\/\/lda.be\/fr\/","name":"LDA Belgium","description":"Solutions For Life","publisher":{"@id":"https:\/\/lda.be\/fr\/#organization"},"potentialAction":[{"@type":"SearchAction","target":{"@type":"EntryPoint","urlTemplate":"https:\/\/lda.be\/fr\/?s={search_term_string}"},"query-input":{"@type":"PropertyValueSpecification","valueRequired":true,"valueName":"search_term_string"}}],"inLanguage":"fr-FR"},{"@type":"Organization","@id":"https:\/\/lda.be\/fr\/#organization","name":"LDA Belgium","url":"https:\/\/lda.be\/fr\/","logo":{"@type":"ImageObject","inLanguage":"fr-FR","@id":"https:\/\/lda.be\/fr\/#\/schema\/logo\/image\/","url":"https:\/\/lda.be\/wp-content\/uploads\/2022\/07\/Logo-LDA.webp","contentUrl":"https:\/\/lda.be\/wp-content\/uploads\/2022\/07\/Logo-LDA.webp","width":311,"height":101,"caption":"LDA Belgium"},"image":{"@id":"https:\/\/lda.be\/fr\/#\/schema\/logo\/image\/"},"sameAs":["https:\/\/www.linkedin.com\/company\/lda-belgium-nv"]}]}},"_links":{"self":[{"href":"https:\/\/lda.be\/fr\/wp-json\/wp\/v2\/product\/13352","targetHints":{"allow":["GET"]}}],"collection":[{"href":"https:\/\/lda.be\/fr\/wp-json\/wp\/v2\/product"}],"about":[{"href":"https:\/\/lda.be\/fr\/wp-json\/wp\/v2\/types\/product"}],"replies":[{"embeddable":true,"href":"https:\/\/lda.be\/fr\/wp-json\/wp\/v2\/comments?post=13352"}],"wp:featuredmedia":[{"embeddable":true,"href":"https:\/\/lda.be\/fr\/wp-json\/wp\/v2\/media\/13347"}],"wp:attachment":[{"href":"https:\/\/lda.be\/fr\/wp-json\/wp\/v2\/media?parent=13352"}],"wp:term":[{"taxonomy":"product_brand","embeddable":true,"href":"https:\/\/lda.be\/fr\/wp-json\/wp\/v2\/product_brand?post=13352"},{"taxonomy":"product_cat","embeddable":true,"href":"https:\/\/lda.be\/fr\/wp-json\/wp\/v2\/product_cat?post=13352"},{"taxonomy":"product_tag","embeddable":true,"href":"https:\/\/lda.be\/fr\/wp-json\/wp\/v2\/product_tag?post=13352"}],"curies":[{"name":"wp","href":"https:\/\/api.w.org\/{rel}","templated":true}]}}