{"id":13362,"date":"2025-11-04T16:36:44","date_gmt":"2025-11-04T15:36:44","guid":{"rendered":"https:\/\/lda.be\/?post_type=product&#038;p=13362"},"modified":"2025-11-05T15:07:25","modified_gmt":"2025-11-05T14:07:25","slug":"verin-iso-6432","status":"publish","type":"product","link":"https:\/\/lda.be\/fr\/produit\/verin-iso-6432\/","title":{"rendered":"V\u00e9rin ISO 6432"},"content":{"rendered":"<p>Le v\u00e9rin ISO 6432 est une solution polyvalente. Cette s\u00e9rie est disponible dans des diam\u00e8tres d&#8217;al\u00e9sage de 8 mm \u00e0 25 mm et peut \u00eatre fournie en version simple effet ou double effet. Les v\u00e9rins sont con\u00e7us selon les normes internationales et offrent une \u00e9tanch\u00e9it\u00e9 parfaite gr\u00e2ce \u00e0 la liaison roul\u00e9e entre les t\u00eates et le tube. Ils sont \u00e9quip\u00e9s de tampons en caoutchouc pour amortir l&#8217;impact du piston.<\/p>\n","protected":false},"excerpt":{"rendered":"<p>Le v\u00e9rin ISO 6432 est une solution polyvalente. Cette s\u00e9rie est disponible dans des diam\u00e8tres d&#8217;al\u00e9sage de 8 mm \u00e0 25 mm et peut \u00eatre fournie en version simple effet ou double effet. Les v\u00e9rins sont con\u00e7us selon les normes internationales et offrent une \u00e9tanch\u00e9it\u00e9 parfaite gr\u00e2ce \u00e0 la liaison roul\u00e9e entre les t\u00eates et [&hellip;]<\/p>\n","protected":false},"featured_media":13357,"comment_status":"closed","ping_status":"closed","template":"","meta":[],"product_brand":[1831,1832],"product_cat":[1826,1815],"product_tag":[],"class_list":{"0":"post-13362","1":"product","2":"type-product","3":"status-publish","4":"has-post-thumbnail","6":"product_brand-api","7":"product_brand-cylinders","8":"product_cat-verins-iso","9":"product_cat-verins-de-type-rond","11":"first","12":"instock","13":"shipping-taxable","14":"product-type-simple"},"yoast_head":"<!-- This site is optimized with the Yoast SEO plugin v27.3 - https:\/\/yoast.com\/product\/yoast-seo-wordpress\/ -->\n<title>V\u00e9rin ISO 6432 - LDA Belgique<\/title>\n<meta name=\"description\" content=\"Le v\u00e9rin ISO 6432 offre pr\u00e9cision et fiabilit\u00e9 avec des al\u00e9sages de 8 mm \u00e0 25 mm et des courses allant jusqu&#039;\u00e0 1 000 mm. Disponible chez LDA Belgique\" \/>\n<meta name=\"robots\" content=\"index, follow, max-snippet:-1, max-image-preview:large, max-video-preview:-1\" \/>\n<link rel=\"canonical\" href=\"https:\/\/lda.be\/fr\/produit\/verin-iso-6432\/\" \/>\n<meta property=\"og:locale\" content=\"fr_FR\" \/>\n<meta property=\"og:type\" content=\"article\" \/>\n<meta property=\"og:title\" content=\"V\u00e9rin ISO 6432 - LDA Belgique\" \/>\n<meta property=\"og:description\" content=\"Le v\u00e9rin ISO 6432 offre pr\u00e9cision et fiabilit\u00e9 avec des al\u00e9sages de 8 mm \u00e0 25 mm et des courses allant jusqu&#039;\u00e0 1 000 mm. Disponible chez LDA Belgique\" \/>\n<meta property=\"og:url\" content=\"https:\/\/lda.be\/fr\/produit\/verin-iso-6432\/\" \/>\n<meta property=\"og:site_name\" content=\"LDA Belgique\" \/>\n<meta property=\"article:modified_time\" content=\"2025-11-05T14:07:25+00:00\" \/>\n<meta property=\"og:image\" content=\"https:\/\/lda.be\/wp-content\/uploads\/2025\/11\/ISO-6432-cylinder.webp\" \/>\n\t<meta property=\"og:image:width\" content=\"1080\" \/>\n\t<meta property=\"og:image:height\" content=\"1080\" \/>\n\t<meta property=\"og:image:type\" content=\"image\/webp\" \/>\n<meta name=\"twitter:card\" content=\"summary_large_image\" \/>\n<meta name=\"twitter:label1\" content=\"Dur\u00e9e de lecture estim\u00e9e\" \/>\n\t<meta name=\"twitter:data1\" content=\"1 minute\" \/>\n<script type=\"application\/ld+json\" class=\"yoast-schema-graph\">{\"@context\":\"https:\\\/\\\/schema.org\",\"@graph\":[{\"@type\":\"WebPage\",\"@id\":\"https:\\\/\\\/lda.be\\\/fr\\\/produit\\\/verin-iso-6432\\\/\",\"url\":\"https:\\\/\\\/lda.be\\\/fr\\\/produit\\\/verin-iso-6432\\\/\",\"name\":\"V\u00e9rin ISO 6432 - LDA Belgique\",\"isPartOf\":{\"@id\":\"https:\\\/\\\/lda.be\\\/fr\\\/#website\"},\"primaryImageOfPage\":{\"@id\":\"https:\\\/\\\/lda.be\\\/fr\\\/produit\\\/verin-iso-6432\\\/#primaryimage\"},\"image\":{\"@id\":\"https:\\\/\\\/lda.be\\\/fr\\\/produit\\\/verin-iso-6432\\\/#primaryimage\"},\"thumbnailUrl\":\"https:\\\/\\\/lda.be\\\/wp-content\\\/uploads\\\/2025\\\/11\\\/ISO-6432-cylinder.webp\",\"datePublished\":\"2025-11-04T15:36:44+00:00\",\"dateModified\":\"2025-11-05T14:07:25+00:00\",\"description\":\"Le v\u00e9rin ISO 6432 offre pr\u00e9cision et fiabilit\u00e9 avec des al\u00e9sages de 8 mm \u00e0 25 mm et des courses allant jusqu'\u00e0 1 000 mm. Disponible chez LDA Belgique\",\"breadcrumb\":{\"@id\":\"https:\\\/\\\/lda.be\\\/fr\\\/produit\\\/verin-iso-6432\\\/#breadcrumb\"},\"inLanguage\":\"fr-FR\",\"potentialAction\":[{\"@type\":\"ReadAction\",\"target\":[\"https:\\\/\\\/lda.be\\\/fr\\\/produit\\\/verin-iso-6432\\\/\"]}]},{\"@type\":\"ImageObject\",\"inLanguage\":\"fr-FR\",\"@id\":\"https:\\\/\\\/lda.be\\\/fr\\\/produit\\\/verin-iso-6432\\\/#primaryimage\",\"url\":\"https:\\\/\\\/lda.be\\\/wp-content\\\/uploads\\\/2025\\\/11\\\/ISO-6432-cylinder.webp\",\"contentUrl\":\"https:\\\/\\\/lda.be\\\/wp-content\\\/uploads\\\/2025\\\/11\\\/ISO-6432-cylinder.webp\",\"width\":1080,\"height\":1080,\"caption\":\"ISO 6432 cylinder\"},{\"@type\":\"BreadcrumbList\",\"@id\":\"https:\\\/\\\/lda.be\\\/fr\\\/produit\\\/verin-iso-6432\\\/#breadcrumb\",\"itemListElement\":[{\"@type\":\"ListItem\",\"position\":1,\"name\":\"Accueil\",\"item\":\"https:\\\/\\\/lda.be\\\/fr\\\/\"},{\"@type\":\"ListItem\",\"position\":2,\"name\":\"Produits\",\"item\":\"https:\\\/\\\/lda.be\\\/fr\\\/produits\\\/\"},{\"@type\":\"ListItem\",\"position\":3,\"name\":\"V\u00e9rin ISO 6432\"}]},{\"@type\":\"WebSite\",\"@id\":\"https:\\\/\\\/lda.be\\\/fr\\\/#website\",\"url\":\"https:\\\/\\\/lda.be\\\/fr\\\/\",\"name\":\"LDA Belgium\",\"description\":\"Solutions For Life\",\"publisher\":{\"@id\":\"https:\\\/\\\/lda.be\\\/fr\\\/#organization\"},\"potentialAction\":[{\"@type\":\"SearchAction\",\"target\":{\"@type\":\"EntryPoint\",\"urlTemplate\":\"https:\\\/\\\/lda.be\\\/fr\\\/?s={search_term_string}\"},\"query-input\":{\"@type\":\"PropertyValueSpecification\",\"valueRequired\":true,\"valueName\":\"search_term_string\"}}],\"inLanguage\":\"fr-FR\"},{\"@type\":\"Organization\",\"@id\":\"https:\\\/\\\/lda.be\\\/fr\\\/#organization\",\"name\":\"LDA Belgium\",\"url\":\"https:\\\/\\\/lda.be\\\/fr\\\/\",\"logo\":{\"@type\":\"ImageObject\",\"inLanguage\":\"fr-FR\",\"@id\":\"https:\\\/\\\/lda.be\\\/fr\\\/#\\\/schema\\\/logo\\\/image\\\/\",\"url\":\"https:\\\/\\\/lda.be\\\/wp-content\\\/uploads\\\/2022\\\/07\\\/Logo-LDA.webp\",\"contentUrl\":\"https:\\\/\\\/lda.be\\\/wp-content\\\/uploads\\\/2022\\\/07\\\/Logo-LDA.webp\",\"width\":311,\"height\":101,\"caption\":\"LDA Belgium\"},\"image\":{\"@id\":\"https:\\\/\\\/lda.be\\\/fr\\\/#\\\/schema\\\/logo\\\/image\\\/\"},\"sameAs\":[\"https:\\\/\\\/www.linkedin.com\\\/company\\\/lda-belgium-nv\"]}]}<\/script>\n<!-- \/ Yoast SEO plugin. -->","yoast_head_json":{"title":"V\u00e9rin ISO 6432 - LDA Belgique","description":"Le v\u00e9rin ISO 6432 offre pr\u00e9cision et fiabilit\u00e9 avec des al\u00e9sages de 8 mm \u00e0 25 mm et des courses allant jusqu'\u00e0 1 000 mm. Disponible chez LDA Belgique","robots":{"index":"index","follow":"follow","max-snippet":"max-snippet:-1","max-image-preview":"max-image-preview:large","max-video-preview":"max-video-preview:-1"},"canonical":"https:\/\/lda.be\/fr\/produit\/verin-iso-6432\/","og_locale":"fr_FR","og_type":"article","og_title":"V\u00e9rin ISO 6432 - LDA Belgique","og_description":"Le v\u00e9rin ISO 6432 offre pr\u00e9cision et fiabilit\u00e9 avec des al\u00e9sages de 8 mm \u00e0 25 mm et des courses allant jusqu'\u00e0 1 000 mm. Disponible chez LDA Belgique","og_url":"https:\/\/lda.be\/fr\/produit\/verin-iso-6432\/","og_site_name":"LDA Belgique","article_modified_time":"2025-11-05T14:07:25+00:00","og_image":[{"width":1080,"height":1080,"url":"https:\/\/lda.be\/wp-content\/uploads\/2025\/11\/ISO-6432-cylinder.webp","type":"image\/webp"}],"twitter_card":"summary_large_image","twitter_misc":{"Dur\u00e9e de lecture estim\u00e9e":"1 minute"},"schema":{"@context":"https:\/\/schema.org","@graph":[{"@type":"WebPage","@id":"https:\/\/lda.be\/fr\/produit\/verin-iso-6432\/","url":"https:\/\/lda.be\/fr\/produit\/verin-iso-6432\/","name":"V\u00e9rin ISO 6432 - LDA Belgique","isPartOf":{"@id":"https:\/\/lda.be\/fr\/#website"},"primaryImageOfPage":{"@id":"https:\/\/lda.be\/fr\/produit\/verin-iso-6432\/#primaryimage"},"image":{"@id":"https:\/\/lda.be\/fr\/produit\/verin-iso-6432\/#primaryimage"},"thumbnailUrl":"https:\/\/lda.be\/wp-content\/uploads\/2025\/11\/ISO-6432-cylinder.webp","datePublished":"2025-11-04T15:36:44+00:00","dateModified":"2025-11-05T14:07:25+00:00","description":"Le v\u00e9rin ISO 6432 offre pr\u00e9cision et fiabilit\u00e9 avec des al\u00e9sages de 8 mm \u00e0 25 mm et des courses allant jusqu'\u00e0 1 000 mm. Disponible chez LDA Belgique","breadcrumb":{"@id":"https:\/\/lda.be\/fr\/produit\/verin-iso-6432\/#breadcrumb"},"inLanguage":"fr-FR","potentialAction":[{"@type":"ReadAction","target":["https:\/\/lda.be\/fr\/produit\/verin-iso-6432\/"]}]},{"@type":"ImageObject","inLanguage":"fr-FR","@id":"https:\/\/lda.be\/fr\/produit\/verin-iso-6432\/#primaryimage","url":"https:\/\/lda.be\/wp-content\/uploads\/2025\/11\/ISO-6432-cylinder.webp","contentUrl":"https:\/\/lda.be\/wp-content\/uploads\/2025\/11\/ISO-6432-cylinder.webp","width":1080,"height":1080,"caption":"ISO 6432 cylinder"},{"@type":"BreadcrumbList","@id":"https:\/\/lda.be\/fr\/produit\/verin-iso-6432\/#breadcrumb","itemListElement":[{"@type":"ListItem","position":1,"name":"Accueil","item":"https:\/\/lda.be\/fr\/"},{"@type":"ListItem","position":2,"name":"Produits","item":"https:\/\/lda.be\/fr\/produits\/"},{"@type":"ListItem","position":3,"name":"V\u00e9rin ISO 6432"}]},{"@type":"WebSite","@id":"https:\/\/lda.be\/fr\/#website","url":"https:\/\/lda.be\/fr\/","name":"LDA Belgium","description":"Solutions For Life","publisher":{"@id":"https:\/\/lda.be\/fr\/#organization"},"potentialAction":[{"@type":"SearchAction","target":{"@type":"EntryPoint","urlTemplate":"https:\/\/lda.be\/fr\/?s={search_term_string}"},"query-input":{"@type":"PropertyValueSpecification","valueRequired":true,"valueName":"search_term_string"}}],"inLanguage":"fr-FR"},{"@type":"Organization","@id":"https:\/\/lda.be\/fr\/#organization","name":"LDA Belgium","url":"https:\/\/lda.be\/fr\/","logo":{"@type":"ImageObject","inLanguage":"fr-FR","@id":"https:\/\/lda.be\/fr\/#\/schema\/logo\/image\/","url":"https:\/\/lda.be\/wp-content\/uploads\/2022\/07\/Logo-LDA.webp","contentUrl":"https:\/\/lda.be\/wp-content\/uploads\/2022\/07\/Logo-LDA.webp","width":311,"height":101,"caption":"LDA Belgium"},"image":{"@id":"https:\/\/lda.be\/fr\/#\/schema\/logo\/image\/"},"sameAs":["https:\/\/www.linkedin.com\/company\/lda-belgium-nv"]}]}},"_links":{"self":[{"href":"https:\/\/lda.be\/fr\/wp-json\/wp\/v2\/product\/13362","targetHints":{"allow":["GET"]}}],"collection":[{"href":"https:\/\/lda.be\/fr\/wp-json\/wp\/v2\/product"}],"about":[{"href":"https:\/\/lda.be\/fr\/wp-json\/wp\/v2\/types\/product"}],"replies":[{"embeddable":true,"href":"https:\/\/lda.be\/fr\/wp-json\/wp\/v2\/comments?post=13362"}],"wp:featuredmedia":[{"embeddable":true,"href":"https:\/\/lda.be\/fr\/wp-json\/wp\/v2\/media\/13357"}],"wp:attachment":[{"href":"https:\/\/lda.be\/fr\/wp-json\/wp\/v2\/media?parent=13362"}],"wp:term":[{"taxonomy":"product_brand","embeddable":true,"href":"https:\/\/lda.be\/fr\/wp-json\/wp\/v2\/product_brand?post=13362"},{"taxonomy":"product_cat","embeddable":true,"href":"https:\/\/lda.be\/fr\/wp-json\/wp\/v2\/product_cat?post=13362"},{"taxonomy":"product_tag","embeddable":true,"href":"https:\/\/lda.be\/fr\/wp-json\/wp\/v2\/product_tag?post=13362"}],"curies":[{"name":"wp","href":"https:\/\/api.w.org\/{rel}","templated":true}]}}