{"id":13371,"date":"2025-11-05T14:14:25","date_gmt":"2025-11-05T13:14:25","guid":{"rendered":"https:\/\/lda.be\/?post_type=product&#038;p=13371"},"modified":"2025-11-05T15:07:39","modified_gmt":"2025-11-05T14:07:39","slug":"verins-iso-15552","status":"publish","type":"product","link":"https:\/\/lda.be\/fr\/produit\/verins-iso-15552\/","title":{"rendered":"V\u00e9rins ISO 15552 1\/8&#8243;, 1\/4&#8243;, 3\/8&#8243;, 1\/2&#8243;"},"content":{"rendered":"<p>Les v\u00e9rins ISO 15552 sont des v\u00e9rins magn\u00e9tiques \u00e0 double effet disponibles avec des al\u00e9sages de \u00d8 32 \u00e0 125 mm et conformes aux normes les plus strictes telles que Reach, RoHS et SIL. Ils conviennent \u00e0 l&#8217;automatisation dans des environnements industriels difficiles. Gr\u00e2ce \u00e0 leur conception moderne et \u00e0 leurs mat\u00e9riaux durables, ils offrent un excellent rapport qualit\u00e9-prix.<\/p>\n<p>TYPE: AMA, BMA, BMT<\/p>\n","protected":false},"excerpt":{"rendered":"<p>Les v\u00e9rins ISO 15552 sont des v\u00e9rins magn\u00e9tiques \u00e0 double effet disponibles avec des al\u00e9sages de \u00d8 32 \u00e0 125 mm et conformes aux normes les plus strictes telles que Reach, RoHS et SIL. Ils conviennent \u00e0 l&#8217;automatisation dans des environnements industriels difficiles. Gr\u00e2ce \u00e0 leur conception moderne et \u00e0 leurs mat\u00e9riaux durables, ils offrent [&hellip;]<\/p>\n","protected":false},"featured_media":13375,"comment_status":"closed","ping_status":"closed","template":"","meta":[],"product_brand":[1831,1832],"product_cat":[1826],"product_tag":[],"class_list":{"0":"post-13371","1":"product","2":"type-product","3":"status-publish","4":"has-post-thumbnail","6":"product_brand-api","7":"product_brand-cylinders","8":"product_cat-verins-iso","10":"first","11":"instock","12":"shipping-taxable","13":"product-type-simple"},"yoast_head":"<!-- This site is optimized with the Yoast SEO plugin v27.3 - https:\/\/yoast.com\/product\/yoast-seo-wordpress\/ -->\n<title>V\u00e9rins ISO 15552 1\/8&quot;, 1\/4&quot;, 3\/8&quot;, 1\/2&quot; - LDA Belgique<\/title>\n<meta name=\"description\" content=\"Les v\u00e9rins ISO 15552 de LDA, TYPE: AMA, BMA, BMT, avec des al\u00e9sages de \u00d8 32 \u00e0 125 mm. V\u00e9rins standard conformes \u00e0 la norme ISO 15552 pour l&#039;industrie.\" \/>\n<meta name=\"robots\" content=\"index, follow, max-snippet:-1, max-image-preview:large, max-video-preview:-1\" \/>\n<link rel=\"canonical\" href=\"https:\/\/lda.be\/fr\/produit\/verins-iso-15552\/\" \/>\n<meta property=\"og:locale\" content=\"fr_FR\" \/>\n<meta property=\"og:type\" content=\"article\" \/>\n<meta property=\"og:title\" content=\"V\u00e9rins ISO 15552 1\/8&quot;, 1\/4&quot;, 3\/8&quot;, 1\/2&quot; - LDA Belgique\" \/>\n<meta property=\"og:description\" content=\"Les v\u00e9rins ISO 15552 de LDA, TYPE: AMA, BMA, BMT, avec des al\u00e9sages de \u00d8 32 \u00e0 125 mm. V\u00e9rins standard conformes \u00e0 la norme ISO 15552 pour l&#039;industrie.\" \/>\n<meta property=\"og:url\" content=\"https:\/\/lda.be\/fr\/produit\/verins-iso-15552\/\" \/>\n<meta property=\"og:site_name\" content=\"LDA Belgique\" \/>\n<meta property=\"article:modified_time\" content=\"2025-11-05T14:07:39+00:00\" \/>\n<meta property=\"og:image\" content=\"https:\/\/lda.be\/wp-content\/uploads\/2025\/11\/ISO-15552-cylinder-1.webp\" \/>\n\t<meta property=\"og:image:width\" content=\"1080\" \/>\n\t<meta property=\"og:image:height\" content=\"1080\" \/>\n\t<meta property=\"og:image:type\" content=\"image\/webp\" \/>\n<meta name=\"twitter:card\" content=\"summary_large_image\" \/>\n<meta name=\"twitter:label1\" content=\"Dur\u00e9e de lecture estim\u00e9e\" \/>\n\t<meta name=\"twitter:data1\" content=\"1 minute\" \/>\n<script type=\"application\/ld+json\" class=\"yoast-schema-graph\">{\"@context\":\"https:\\\/\\\/schema.org\",\"@graph\":[{\"@type\":\"WebPage\",\"@id\":\"https:\\\/\\\/lda.be\\\/fr\\\/produit\\\/verins-iso-15552\\\/\",\"url\":\"https:\\\/\\\/lda.be\\\/fr\\\/produit\\\/verins-iso-15552\\\/\",\"name\":\"V\u00e9rins ISO 15552 1\\\/8\\\", 1\\\/4\\\", 3\\\/8\\\", 1\\\/2\\\" - LDA Belgique\",\"isPartOf\":{\"@id\":\"https:\\\/\\\/lda.be\\\/fr\\\/#website\"},\"primaryImageOfPage\":{\"@id\":\"https:\\\/\\\/lda.be\\\/fr\\\/produit\\\/verins-iso-15552\\\/#primaryimage\"},\"image\":{\"@id\":\"https:\\\/\\\/lda.be\\\/fr\\\/produit\\\/verins-iso-15552\\\/#primaryimage\"},\"thumbnailUrl\":\"https:\\\/\\\/lda.be\\\/wp-content\\\/uploads\\\/2025\\\/11\\\/ISO-15552-cylinder-1.webp\",\"datePublished\":\"2025-11-05T13:14:25+00:00\",\"dateModified\":\"2025-11-05T14:07:39+00:00\",\"description\":\"Les v\u00e9rins ISO 15552 de LDA, TYPE: AMA, BMA, BMT, avec des al\u00e9sages de \u00d8 32 \u00e0 125 mm. V\u00e9rins standard conformes \u00e0 la norme ISO 15552 pour l'industrie.\",\"breadcrumb\":{\"@id\":\"https:\\\/\\\/lda.be\\\/fr\\\/produit\\\/verins-iso-15552\\\/#breadcrumb\"},\"inLanguage\":\"fr-FR\",\"potentialAction\":[{\"@type\":\"ReadAction\",\"target\":[\"https:\\\/\\\/lda.be\\\/fr\\\/produit\\\/verins-iso-15552\\\/\"]}]},{\"@type\":\"ImageObject\",\"inLanguage\":\"fr-FR\",\"@id\":\"https:\\\/\\\/lda.be\\\/fr\\\/produit\\\/verins-iso-15552\\\/#primaryimage\",\"url\":\"https:\\\/\\\/lda.be\\\/wp-content\\\/uploads\\\/2025\\\/11\\\/ISO-15552-cylinder-1.webp\",\"contentUrl\":\"https:\\\/\\\/lda.be\\\/wp-content\\\/uploads\\\/2025\\\/11\\\/ISO-15552-cylinder-1.webp\",\"width\":1080,\"height\":1080,\"caption\":\"ISO 15552 cylinder from API pneumatics\"},{\"@type\":\"BreadcrumbList\",\"@id\":\"https:\\\/\\\/lda.be\\\/fr\\\/produit\\\/verins-iso-15552\\\/#breadcrumb\",\"itemListElement\":[{\"@type\":\"ListItem\",\"position\":1,\"name\":\"Accueil\",\"item\":\"https:\\\/\\\/lda.be\\\/fr\\\/\"},{\"@type\":\"ListItem\",\"position\":2,\"name\":\"Produits\",\"item\":\"https:\\\/\\\/lda.be\\\/fr\\\/produits\\\/\"},{\"@type\":\"ListItem\",\"position\":3,\"name\":\"V\u00e9rins ISO 15552 1\\\/8&#8243;, 1\\\/4&#8243;, 3\\\/8&#8243;, 1\\\/2&#8243;\"}]},{\"@type\":\"WebSite\",\"@id\":\"https:\\\/\\\/lda.be\\\/fr\\\/#website\",\"url\":\"https:\\\/\\\/lda.be\\\/fr\\\/\",\"name\":\"LDA Belgium\",\"description\":\"Solutions For Life\",\"publisher\":{\"@id\":\"https:\\\/\\\/lda.be\\\/fr\\\/#organization\"},\"potentialAction\":[{\"@type\":\"SearchAction\",\"target\":{\"@type\":\"EntryPoint\",\"urlTemplate\":\"https:\\\/\\\/lda.be\\\/fr\\\/?s={search_term_string}\"},\"query-input\":{\"@type\":\"PropertyValueSpecification\",\"valueRequired\":true,\"valueName\":\"search_term_string\"}}],\"inLanguage\":\"fr-FR\"},{\"@type\":\"Organization\",\"@id\":\"https:\\\/\\\/lda.be\\\/fr\\\/#organization\",\"name\":\"LDA Belgium\",\"url\":\"https:\\\/\\\/lda.be\\\/fr\\\/\",\"logo\":{\"@type\":\"ImageObject\",\"inLanguage\":\"fr-FR\",\"@id\":\"https:\\\/\\\/lda.be\\\/fr\\\/#\\\/schema\\\/logo\\\/image\\\/\",\"url\":\"https:\\\/\\\/lda.be\\\/wp-content\\\/uploads\\\/2022\\\/07\\\/Logo-LDA.webp\",\"contentUrl\":\"https:\\\/\\\/lda.be\\\/wp-content\\\/uploads\\\/2022\\\/07\\\/Logo-LDA.webp\",\"width\":311,\"height\":101,\"caption\":\"LDA Belgium\"},\"image\":{\"@id\":\"https:\\\/\\\/lda.be\\\/fr\\\/#\\\/schema\\\/logo\\\/image\\\/\"},\"sameAs\":[\"https:\\\/\\\/www.linkedin.com\\\/company\\\/lda-belgium-nv\"]}]}<\/script>\n<!-- \/ Yoast SEO plugin. -->","yoast_head_json":{"title":"V\u00e9rins ISO 15552 1\/8\", 1\/4\", 3\/8\", 1\/2\" - LDA Belgique","description":"Les v\u00e9rins ISO 15552 de LDA, TYPE: AMA, BMA, BMT, avec des al\u00e9sages de \u00d8 32 \u00e0 125 mm. V\u00e9rins standard conformes \u00e0 la norme ISO 15552 pour l'industrie.","robots":{"index":"index","follow":"follow","max-snippet":"max-snippet:-1","max-image-preview":"max-image-preview:large","max-video-preview":"max-video-preview:-1"},"canonical":"https:\/\/lda.be\/fr\/produit\/verins-iso-15552\/","og_locale":"fr_FR","og_type":"article","og_title":"V\u00e9rins ISO 15552 1\/8\", 1\/4\", 3\/8\", 1\/2\" - LDA Belgique","og_description":"Les v\u00e9rins ISO 15552 de LDA, TYPE: AMA, BMA, BMT, avec des al\u00e9sages de \u00d8 32 \u00e0 125 mm. V\u00e9rins standard conformes \u00e0 la norme ISO 15552 pour l'industrie.","og_url":"https:\/\/lda.be\/fr\/produit\/verins-iso-15552\/","og_site_name":"LDA Belgique","article_modified_time":"2025-11-05T14:07:39+00:00","og_image":[{"width":1080,"height":1080,"url":"https:\/\/lda.be\/wp-content\/uploads\/2025\/11\/ISO-15552-cylinder-1.webp","type":"image\/webp"}],"twitter_card":"summary_large_image","twitter_misc":{"Dur\u00e9e de lecture estim\u00e9e":"1 minute"},"schema":{"@context":"https:\/\/schema.org","@graph":[{"@type":"WebPage","@id":"https:\/\/lda.be\/fr\/produit\/verins-iso-15552\/","url":"https:\/\/lda.be\/fr\/produit\/verins-iso-15552\/","name":"V\u00e9rins ISO 15552 1\/8\", 1\/4\", 3\/8\", 1\/2\" - LDA Belgique","isPartOf":{"@id":"https:\/\/lda.be\/fr\/#website"},"primaryImageOfPage":{"@id":"https:\/\/lda.be\/fr\/produit\/verins-iso-15552\/#primaryimage"},"image":{"@id":"https:\/\/lda.be\/fr\/produit\/verins-iso-15552\/#primaryimage"},"thumbnailUrl":"https:\/\/lda.be\/wp-content\/uploads\/2025\/11\/ISO-15552-cylinder-1.webp","datePublished":"2025-11-05T13:14:25+00:00","dateModified":"2025-11-05T14:07:39+00:00","description":"Les v\u00e9rins ISO 15552 de LDA, TYPE: AMA, BMA, BMT, avec des al\u00e9sages de \u00d8 32 \u00e0 125 mm. V\u00e9rins standard conformes \u00e0 la norme ISO 15552 pour l'industrie.","breadcrumb":{"@id":"https:\/\/lda.be\/fr\/produit\/verins-iso-15552\/#breadcrumb"},"inLanguage":"fr-FR","potentialAction":[{"@type":"ReadAction","target":["https:\/\/lda.be\/fr\/produit\/verins-iso-15552\/"]}]},{"@type":"ImageObject","inLanguage":"fr-FR","@id":"https:\/\/lda.be\/fr\/produit\/verins-iso-15552\/#primaryimage","url":"https:\/\/lda.be\/wp-content\/uploads\/2025\/11\/ISO-15552-cylinder-1.webp","contentUrl":"https:\/\/lda.be\/wp-content\/uploads\/2025\/11\/ISO-15552-cylinder-1.webp","width":1080,"height":1080,"caption":"ISO 15552 cylinder from API pneumatics"},{"@type":"BreadcrumbList","@id":"https:\/\/lda.be\/fr\/produit\/verins-iso-15552\/#breadcrumb","itemListElement":[{"@type":"ListItem","position":1,"name":"Accueil","item":"https:\/\/lda.be\/fr\/"},{"@type":"ListItem","position":2,"name":"Produits","item":"https:\/\/lda.be\/fr\/produits\/"},{"@type":"ListItem","position":3,"name":"V\u00e9rins ISO 15552 1\/8&#8243;, 1\/4&#8243;, 3\/8&#8243;, 1\/2&#8243;"}]},{"@type":"WebSite","@id":"https:\/\/lda.be\/fr\/#website","url":"https:\/\/lda.be\/fr\/","name":"LDA Belgium","description":"Solutions For Life","publisher":{"@id":"https:\/\/lda.be\/fr\/#organization"},"potentialAction":[{"@type":"SearchAction","target":{"@type":"EntryPoint","urlTemplate":"https:\/\/lda.be\/fr\/?s={search_term_string}"},"query-input":{"@type":"PropertyValueSpecification","valueRequired":true,"valueName":"search_term_string"}}],"inLanguage":"fr-FR"},{"@type":"Organization","@id":"https:\/\/lda.be\/fr\/#organization","name":"LDA Belgium","url":"https:\/\/lda.be\/fr\/","logo":{"@type":"ImageObject","inLanguage":"fr-FR","@id":"https:\/\/lda.be\/fr\/#\/schema\/logo\/image\/","url":"https:\/\/lda.be\/wp-content\/uploads\/2022\/07\/Logo-LDA.webp","contentUrl":"https:\/\/lda.be\/wp-content\/uploads\/2022\/07\/Logo-LDA.webp","width":311,"height":101,"caption":"LDA Belgium"},"image":{"@id":"https:\/\/lda.be\/fr\/#\/schema\/logo\/image\/"},"sameAs":["https:\/\/www.linkedin.com\/company\/lda-belgium-nv"]}]}},"_links":{"self":[{"href":"https:\/\/lda.be\/fr\/wp-json\/wp\/v2\/product\/13371","targetHints":{"allow":["GET"]}}],"collection":[{"href":"https:\/\/lda.be\/fr\/wp-json\/wp\/v2\/product"}],"about":[{"href":"https:\/\/lda.be\/fr\/wp-json\/wp\/v2\/types\/product"}],"replies":[{"embeddable":true,"href":"https:\/\/lda.be\/fr\/wp-json\/wp\/v2\/comments?post=13371"}],"wp:featuredmedia":[{"embeddable":true,"href":"https:\/\/lda.be\/fr\/wp-json\/wp\/v2\/media\/13375"}],"wp:attachment":[{"href":"https:\/\/lda.be\/fr\/wp-json\/wp\/v2\/media?parent=13371"}],"wp:term":[{"taxonomy":"product_brand","embeddable":true,"href":"https:\/\/lda.be\/fr\/wp-json\/wp\/v2\/product_brand?post=13371"},{"taxonomy":"product_cat","embeddable":true,"href":"https:\/\/lda.be\/fr\/wp-json\/wp\/v2\/product_cat?post=13371"},{"taxonomy":"product_tag","embeddable":true,"href":"https:\/\/lda.be\/fr\/wp-json\/wp\/v2\/product_tag?post=13371"}],"curies":[{"name":"wp","href":"https:\/\/api.w.org\/{rel}","templated":true}]}}