{"id":13406,"date":"2025-11-05T16:19:47","date_gmt":"2025-11-05T15:19:47","guid":{"rendered":"https:\/\/lda.be\/?post_type=product&#038;p=13406"},"modified":"2025-11-05T16:41:44","modified_gmt":"2025-11-05T15:41:44","slug":"verins-compacts-unitop","status":"publish","type":"product","link":"https:\/\/lda.be\/fr\/produit\/verins-compacts-unitop\/","title":{"rendered":"V\u00e9rins compacts UNITOP"},"content":{"rendered":"<p>Les <strong>v\u00e9rins compacts UNITOP (CS et CD)<\/strong> sont conformes aux normes europ\u00e9ennes UNITOP. Disponibles avec des al\u00e9sages de \u00d8 12 \u00e0 100 mm, ces v\u00e9rins sont propos\u00e9s en version simple effet (CS) ou double effet (CD). Ils sont magn\u00e9tiques et \u00e9quip\u00e9s d&#8217;amortisseurs \u00e9lastiques sur le piston. Gr\u00e2ce au tube rainur\u00e9, les interrupteurs \u00e0 lames souples magn\u00e9tiques peuvent \u00eatre mont\u00e9s directement, sans supports. Les v\u00e9rins sont conformes aux directives Reach, RoHS et certifi\u00e9s SIL, avec des versions ATEX disponibles sur demande.<\/p>\n","protected":false},"excerpt":{"rendered":"<p>Les v\u00e9rins compacts UNITOP (CS et CD) sont conformes aux normes europ\u00e9ennes UNITOP. Disponibles avec des al\u00e9sages de \u00d8 12 \u00e0 100 mm, ces v\u00e9rins sont propos\u00e9s en version simple effet (CS) ou double effet (CD). Ils sont magn\u00e9tiques et \u00e9quip\u00e9s d&#8217;amortisseurs \u00e9lastiques sur le piston. Gr\u00e2ce au tube rainur\u00e9, les interrupteurs \u00e0 lames souples [&hellip;]<\/p>\n","protected":false},"featured_media":13398,"comment_status":"closed","ping_status":"closed","template":"","meta":[],"product_brand":[1831,1832],"product_cat":[1830],"product_tag":[],"class_list":{"0":"post-13406","1":"product","2":"type-product","3":"status-publish","4":"has-post-thumbnail","6":"product_brand-api","7":"product_brand-cylinders","8":"product_cat-verins-compacts","10":"first","11":"instock","12":"shipping-taxable","13":"product-type-simple"},"yoast_head":"<!-- This site is optimized with the Yoast SEO plugin v27.3 - https:\/\/yoast.com\/product\/yoast-seo-wordpress\/ -->\n<title>V\u00e9rins compacts UNITOP - LDA Belgique<\/title>\n<meta name=\"description\" content=\"D\u00e9couvrez les v\u00e9rins compacts UNITOP (CS et CD), magn\u00e9tiques, avec al\u00e9sages de \u00d8 12 \u00e0 100 mm. Id\u00e9al pour l&#039;automatisation industrielle et les applications compactes.\" \/>\n<meta name=\"robots\" content=\"index, follow, max-snippet:-1, max-image-preview:large, max-video-preview:-1\" \/>\n<link rel=\"canonical\" href=\"https:\/\/lda.be\/fr\/produit\/verins-compacts-unitop\/\" \/>\n<meta property=\"og:locale\" content=\"fr_FR\" \/>\n<meta property=\"og:type\" content=\"article\" \/>\n<meta property=\"og:title\" content=\"V\u00e9rins compacts UNITOP - LDA Belgique\" \/>\n<meta property=\"og:description\" content=\"D\u00e9couvrez les v\u00e9rins compacts UNITOP (CS et CD), magn\u00e9tiques, avec al\u00e9sages de \u00d8 12 \u00e0 100 mm. Id\u00e9al pour l&#039;automatisation industrielle et les applications compactes.\" \/>\n<meta property=\"og:url\" content=\"https:\/\/lda.be\/fr\/produit\/verins-compacts-unitop\/\" \/>\n<meta property=\"og:site_name\" content=\"LDA Belgique\" \/>\n<meta property=\"article:modified_time\" content=\"2025-11-05T15:41:44+00:00\" \/>\n<meta property=\"og:image\" content=\"https:\/\/lda.be\/wp-content\/uploads\/2025\/05\/OpenGrap-image-LDA.webp\" \/>\n\t<meta property=\"og:image:width\" content=\"895\" \/>\n\t<meta property=\"og:image:height\" content=\"659\" \/>\n\t<meta property=\"og:image:type\" content=\"image\/webp\" \/>\n<meta name=\"twitter:card\" content=\"summary_large_image\" \/>\n<script type=\"application\/ld+json\" class=\"yoast-schema-graph\">{\"@context\":\"https:\\\/\\\/schema.org\",\"@graph\":[{\"@type\":\"WebPage\",\"@id\":\"https:\\\/\\\/lda.be\\\/fr\\\/produit\\\/verins-compacts-unitop\\\/\",\"url\":\"https:\\\/\\\/lda.be\\\/fr\\\/produit\\\/verins-compacts-unitop\\\/\",\"name\":\"V\u00e9rins compacts UNITOP - LDA Belgique\",\"isPartOf\":{\"@id\":\"https:\\\/\\\/lda.be\\\/fr\\\/#website\"},\"primaryImageOfPage\":{\"@id\":\"https:\\\/\\\/lda.be\\\/fr\\\/produit\\\/verins-compacts-unitop\\\/#primaryimage\"},\"image\":{\"@id\":\"https:\\\/\\\/lda.be\\\/fr\\\/produit\\\/verins-compacts-unitop\\\/#primaryimage\"},\"thumbnailUrl\":\"https:\\\/\\\/lda.be\\\/wp-content\\\/uploads\\\/2025\\\/11\\\/Compact-cylinders-UNITOP.webp\",\"datePublished\":\"2025-11-05T15:19:47+00:00\",\"dateModified\":\"2025-11-05T15:41:44+00:00\",\"description\":\"D\u00e9couvrez les v\u00e9rins compacts UNITOP (CS et CD), magn\u00e9tiques, avec al\u00e9sages de \u00d8 12 \u00e0 100 mm. Id\u00e9al pour l'automatisation industrielle et les applications compactes.\",\"breadcrumb\":{\"@id\":\"https:\\\/\\\/lda.be\\\/fr\\\/produit\\\/verins-compacts-unitop\\\/#breadcrumb\"},\"inLanguage\":\"fr-FR\",\"potentialAction\":[{\"@type\":\"ReadAction\",\"target\":[\"https:\\\/\\\/lda.be\\\/fr\\\/produit\\\/verins-compacts-unitop\\\/\"]}]},{\"@type\":\"ImageObject\",\"inLanguage\":\"fr-FR\",\"@id\":\"https:\\\/\\\/lda.be\\\/fr\\\/produit\\\/verins-compacts-unitop\\\/#primaryimage\",\"url\":\"https:\\\/\\\/lda.be\\\/wp-content\\\/uploads\\\/2025\\\/11\\\/Compact-cylinders-UNITOP.webp\",\"contentUrl\":\"https:\\\/\\\/lda.be\\\/wp-content\\\/uploads\\\/2025\\\/11\\\/Compact-cylinders-UNITOP.webp\",\"width\":1080,\"height\":1080},{\"@type\":\"BreadcrumbList\",\"@id\":\"https:\\\/\\\/lda.be\\\/fr\\\/produit\\\/verins-compacts-unitop\\\/#breadcrumb\",\"itemListElement\":[{\"@type\":\"ListItem\",\"position\":1,\"name\":\"Accueil\",\"item\":\"https:\\\/\\\/lda.be\\\/fr\\\/\"},{\"@type\":\"ListItem\",\"position\":2,\"name\":\"Produits\",\"item\":\"https:\\\/\\\/lda.be\\\/fr\\\/produits\\\/\"},{\"@type\":\"ListItem\",\"position\":3,\"name\":\"V\u00e9rins compacts UNITOP\"}]},{\"@type\":\"WebSite\",\"@id\":\"https:\\\/\\\/lda.be\\\/fr\\\/#website\",\"url\":\"https:\\\/\\\/lda.be\\\/fr\\\/\",\"name\":\"LDA Belgium\",\"description\":\"Solutions For Life\",\"publisher\":{\"@id\":\"https:\\\/\\\/lda.be\\\/fr\\\/#organization\"},\"potentialAction\":[{\"@type\":\"SearchAction\",\"target\":{\"@type\":\"EntryPoint\",\"urlTemplate\":\"https:\\\/\\\/lda.be\\\/fr\\\/?s={search_term_string}\"},\"query-input\":{\"@type\":\"PropertyValueSpecification\",\"valueRequired\":true,\"valueName\":\"search_term_string\"}}],\"inLanguage\":\"fr-FR\"},{\"@type\":\"Organization\",\"@id\":\"https:\\\/\\\/lda.be\\\/fr\\\/#organization\",\"name\":\"LDA Belgium\",\"url\":\"https:\\\/\\\/lda.be\\\/fr\\\/\",\"logo\":{\"@type\":\"ImageObject\",\"inLanguage\":\"fr-FR\",\"@id\":\"https:\\\/\\\/lda.be\\\/fr\\\/#\\\/schema\\\/logo\\\/image\\\/\",\"url\":\"https:\\\/\\\/lda.be\\\/wp-content\\\/uploads\\\/2022\\\/07\\\/Logo-LDA.webp\",\"contentUrl\":\"https:\\\/\\\/lda.be\\\/wp-content\\\/uploads\\\/2022\\\/07\\\/Logo-LDA.webp\",\"width\":311,\"height\":101,\"caption\":\"LDA Belgium\"},\"image\":{\"@id\":\"https:\\\/\\\/lda.be\\\/fr\\\/#\\\/schema\\\/logo\\\/image\\\/\"},\"sameAs\":[\"https:\\\/\\\/www.linkedin.com\\\/company\\\/lda-belgium-nv\"]}]}<\/script>\n<!-- \/ Yoast SEO plugin. -->","yoast_head_json":{"title":"V\u00e9rins compacts UNITOP - LDA Belgique","description":"D\u00e9couvrez les v\u00e9rins compacts UNITOP (CS et CD), magn\u00e9tiques, avec al\u00e9sages de \u00d8 12 \u00e0 100 mm. Id\u00e9al pour l'automatisation industrielle et les applications compactes.","robots":{"index":"index","follow":"follow","max-snippet":"max-snippet:-1","max-image-preview":"max-image-preview:large","max-video-preview":"max-video-preview:-1"},"canonical":"https:\/\/lda.be\/fr\/produit\/verins-compacts-unitop\/","og_locale":"fr_FR","og_type":"article","og_title":"V\u00e9rins compacts UNITOP - LDA Belgique","og_description":"D\u00e9couvrez les v\u00e9rins compacts UNITOP (CS et CD), magn\u00e9tiques, avec al\u00e9sages de \u00d8 12 \u00e0 100 mm. Id\u00e9al pour l'automatisation industrielle et les applications compactes.","og_url":"https:\/\/lda.be\/fr\/produit\/verins-compacts-unitop\/","og_site_name":"LDA Belgique","article_modified_time":"2025-11-05T15:41:44+00:00","og_image":[{"width":895,"height":659,"url":"https:\/\/lda.be\/wp-content\/uploads\/2025\/05\/OpenGrap-image-LDA.webp","type":"image\/webp"}],"twitter_card":"summary_large_image","schema":{"@context":"https:\/\/schema.org","@graph":[{"@type":"WebPage","@id":"https:\/\/lda.be\/fr\/produit\/verins-compacts-unitop\/","url":"https:\/\/lda.be\/fr\/produit\/verins-compacts-unitop\/","name":"V\u00e9rins compacts UNITOP - LDA Belgique","isPartOf":{"@id":"https:\/\/lda.be\/fr\/#website"},"primaryImageOfPage":{"@id":"https:\/\/lda.be\/fr\/produit\/verins-compacts-unitop\/#primaryimage"},"image":{"@id":"https:\/\/lda.be\/fr\/produit\/verins-compacts-unitop\/#primaryimage"},"thumbnailUrl":"https:\/\/lda.be\/wp-content\/uploads\/2025\/11\/Compact-cylinders-UNITOP.webp","datePublished":"2025-11-05T15:19:47+00:00","dateModified":"2025-11-05T15:41:44+00:00","description":"D\u00e9couvrez les v\u00e9rins compacts UNITOP (CS et CD), magn\u00e9tiques, avec al\u00e9sages de \u00d8 12 \u00e0 100 mm. Id\u00e9al pour l'automatisation industrielle et les applications compactes.","breadcrumb":{"@id":"https:\/\/lda.be\/fr\/produit\/verins-compacts-unitop\/#breadcrumb"},"inLanguage":"fr-FR","potentialAction":[{"@type":"ReadAction","target":["https:\/\/lda.be\/fr\/produit\/verins-compacts-unitop\/"]}]},{"@type":"ImageObject","inLanguage":"fr-FR","@id":"https:\/\/lda.be\/fr\/produit\/verins-compacts-unitop\/#primaryimage","url":"https:\/\/lda.be\/wp-content\/uploads\/2025\/11\/Compact-cylinders-UNITOP.webp","contentUrl":"https:\/\/lda.be\/wp-content\/uploads\/2025\/11\/Compact-cylinders-UNITOP.webp","width":1080,"height":1080},{"@type":"BreadcrumbList","@id":"https:\/\/lda.be\/fr\/produit\/verins-compacts-unitop\/#breadcrumb","itemListElement":[{"@type":"ListItem","position":1,"name":"Accueil","item":"https:\/\/lda.be\/fr\/"},{"@type":"ListItem","position":2,"name":"Produits","item":"https:\/\/lda.be\/fr\/produits\/"},{"@type":"ListItem","position":3,"name":"V\u00e9rins compacts UNITOP"}]},{"@type":"WebSite","@id":"https:\/\/lda.be\/fr\/#website","url":"https:\/\/lda.be\/fr\/","name":"LDA Belgium","description":"Solutions For Life","publisher":{"@id":"https:\/\/lda.be\/fr\/#organization"},"potentialAction":[{"@type":"SearchAction","target":{"@type":"EntryPoint","urlTemplate":"https:\/\/lda.be\/fr\/?s={search_term_string}"},"query-input":{"@type":"PropertyValueSpecification","valueRequired":true,"valueName":"search_term_string"}}],"inLanguage":"fr-FR"},{"@type":"Organization","@id":"https:\/\/lda.be\/fr\/#organization","name":"LDA Belgium","url":"https:\/\/lda.be\/fr\/","logo":{"@type":"ImageObject","inLanguage":"fr-FR","@id":"https:\/\/lda.be\/fr\/#\/schema\/logo\/image\/","url":"https:\/\/lda.be\/wp-content\/uploads\/2022\/07\/Logo-LDA.webp","contentUrl":"https:\/\/lda.be\/wp-content\/uploads\/2022\/07\/Logo-LDA.webp","width":311,"height":101,"caption":"LDA Belgium"},"image":{"@id":"https:\/\/lda.be\/fr\/#\/schema\/logo\/image\/"},"sameAs":["https:\/\/www.linkedin.com\/company\/lda-belgium-nv"]}]}},"_links":{"self":[{"href":"https:\/\/lda.be\/fr\/wp-json\/wp\/v2\/product\/13406","targetHints":{"allow":["GET"]}}],"collection":[{"href":"https:\/\/lda.be\/fr\/wp-json\/wp\/v2\/product"}],"about":[{"href":"https:\/\/lda.be\/fr\/wp-json\/wp\/v2\/types\/product"}],"replies":[{"embeddable":true,"href":"https:\/\/lda.be\/fr\/wp-json\/wp\/v2\/comments?post=13406"}],"wp:featuredmedia":[{"embeddable":true,"href":"https:\/\/lda.be\/fr\/wp-json\/wp\/v2\/media\/13398"}],"wp:attachment":[{"href":"https:\/\/lda.be\/fr\/wp-json\/wp\/v2\/media?parent=13406"}],"wp:term":[{"taxonomy":"product_brand","embeddable":true,"href":"https:\/\/lda.be\/fr\/wp-json\/wp\/v2\/product_brand?post=13406"},{"taxonomy":"product_cat","embeddable":true,"href":"https:\/\/lda.be\/fr\/wp-json\/wp\/v2\/product_cat?post=13406"},{"taxonomy":"product_tag","embeddable":true,"href":"https:\/\/lda.be\/fr\/wp-json\/wp\/v2\/product_tag?post=13406"}],"curies":[{"name":"wp","href":"https:\/\/api.w.org\/{rel}","templated":true}]}}