{"id":13423,"date":"2025-11-06T13:41:10","date_gmt":"2025-11-06T12:41:10","guid":{"rendered":"https:\/\/lda.be\/?post_type=product&#038;p=13423"},"modified":"2025-11-06T16:00:59","modified_gmt":"2025-11-06T15:00:59","slug":"verins-compacts-iso-21287","status":"publish","type":"product","link":"https:\/\/lda.be\/fr\/produit\/verins-compacts-iso-21287\/","title":{"rendered":"V\u00e9rins compacts ISO 21287"},"content":{"rendered":"<p>Les <strong>v\u00e9rins compacts ISO 21287 (CIS et CI)<\/strong> sont conformes aux normes ISO 21287. Disponibles avec des al\u00e9sages de \u00d8 16 \u00e0 125 mm, ces v\u00e9rins sont propos\u00e9s en version simple effet (CIS) ou double effet (CI). Ils sont magn\u00e9tiques et \u00e9quip\u00e9s d&#8217;amortisseurs \u00e9lastiques sur le piston. Gr\u00e2ce au tube rainur\u00e9, les interrupteurs \u00e0 lames souples magn\u00e9tiques peuvent \u00eatre mont\u00e9s directement, sans supports. Les v\u00e9rins sont compatibles avec les accessoires de montage ISO 15552 et r\u00e9pondent aux directives Reach, RoHS et sont certifi\u00e9s SIL. Des versions ATEX sont disponibles sur demande.<\/p>\n","protected":false},"excerpt":{"rendered":"<p>Les v\u00e9rins compacts ISO 21287 (CIS et CI) sont conformes aux normes ISO 21287. Disponibles avec des al\u00e9sages de \u00d8 16 \u00e0 125 mm, ces v\u00e9rins sont propos\u00e9s en version simple effet (CIS) ou double effet (CI). Ils sont magn\u00e9tiques et \u00e9quip\u00e9s d&#8217;amortisseurs \u00e9lastiques sur le piston. Gr\u00e2ce au tube rainur\u00e9, les interrupteurs \u00e0 lames [&hellip;]<\/p>\n","protected":false},"featured_media":13421,"comment_status":"closed","ping_status":"closed","template":"","meta":[],"product_brand":[1831,1832],"product_cat":[1830,1826],"product_tag":[],"class_list":{"0":"post-13423","1":"product","2":"type-product","3":"status-publish","4":"has-post-thumbnail","6":"product_brand-api","7":"product_brand-cylinders","8":"product_cat-verins-compacts","9":"product_cat-verins-iso","11":"first","12":"instock","13":"shipping-taxable","14":"product-type-simple"},"yoast_head":"<!-- This site is optimized with the Yoast SEO plugin v27.3 - https:\/\/yoast.com\/product\/yoast-seo-wordpress\/ -->\n<title>V\u00e9rins compacts ISO 21287 - LDA Belgique<\/title>\n<meta name=\"description\" content=\"D\u00e9couvrez les V\u00e9rins compacts ISO 21287 (CIS et CI) d&#039;API, compacts, avec des al\u00e9sages de \u00d8 16 \u00e0 125 mm. Disponible en Belgique chez LDA, le cylindre conforme \u00e0 la norme ISO 21287.\" \/>\n<meta name=\"robots\" content=\"index, follow, max-snippet:-1, max-image-preview:large, max-video-preview:-1\" \/>\n<link rel=\"canonical\" href=\"https:\/\/lda.be\/fr\/produit\/verins-compacts-iso-21287\/\" \/>\n<meta property=\"og:locale\" content=\"fr_FR\" \/>\n<meta property=\"og:type\" content=\"article\" \/>\n<meta property=\"og:title\" content=\"V\u00e9rins compacts ISO 21287 - LDA Belgique\" \/>\n<meta property=\"og:description\" content=\"D\u00e9couvrez les V\u00e9rins compacts ISO 21287 (CIS et CI) d&#039;API, compacts, avec des al\u00e9sages de \u00d8 16 \u00e0 125 mm. Disponible en Belgique chez LDA, le cylindre conforme \u00e0 la norme ISO 21287.\" \/>\n<meta property=\"og:url\" content=\"https:\/\/lda.be\/fr\/produit\/verins-compacts-iso-21287\/\" \/>\n<meta property=\"og:site_name\" content=\"LDA Belgique\" \/>\n<meta property=\"article:modified_time\" content=\"2025-11-06T15:00:59+00:00\" \/>\n<meta property=\"og:image\" content=\"https:\/\/lda.be\/wp-content\/uploads\/2025\/11\/Compact-cylinders-ISO-21287-.webp\" \/>\n\t<meta property=\"og:image:width\" content=\"1080\" \/>\n\t<meta property=\"og:image:height\" content=\"1080\" \/>\n\t<meta property=\"og:image:type\" content=\"image\/webp\" \/>\n<meta name=\"twitter:card\" content=\"summary_large_image\" \/>\n<meta name=\"twitter:label1\" content=\"Dur\u00e9e de lecture estim\u00e9e\" \/>\n\t<meta name=\"twitter:data1\" content=\"1 minute\" \/>\n<script type=\"application\/ld+json\" class=\"yoast-schema-graph\">{\"@context\":\"https:\\\/\\\/schema.org\",\"@graph\":[{\"@type\":\"WebPage\",\"@id\":\"https:\\\/\\\/lda.be\\\/fr\\\/produit\\\/verins-compacts-iso-21287\\\/\",\"url\":\"https:\\\/\\\/lda.be\\\/fr\\\/produit\\\/verins-compacts-iso-21287\\\/\",\"name\":\"V\u00e9rins compacts ISO 21287 - LDA Belgique\",\"isPartOf\":{\"@id\":\"https:\\\/\\\/lda.be\\\/fr\\\/#website\"},\"primaryImageOfPage\":{\"@id\":\"https:\\\/\\\/lda.be\\\/fr\\\/produit\\\/verins-compacts-iso-21287\\\/#primaryimage\"},\"image\":{\"@id\":\"https:\\\/\\\/lda.be\\\/fr\\\/produit\\\/verins-compacts-iso-21287\\\/#primaryimage\"},\"thumbnailUrl\":\"https:\\\/\\\/lda.be\\\/wp-content\\\/uploads\\\/2025\\\/11\\\/Compact-cylinders-ISO-21287-.webp\",\"datePublished\":\"2025-11-06T12:41:10+00:00\",\"dateModified\":\"2025-11-06T15:00:59+00:00\",\"description\":\"D\u00e9couvrez les V\u00e9rins compacts ISO 21287 (CIS et CI) d'API, compacts, avec des al\u00e9sages de \u00d8 16 \u00e0 125 mm. Disponible en Belgique chez LDA, le cylindre conforme \u00e0 la norme ISO 21287.\",\"breadcrumb\":{\"@id\":\"https:\\\/\\\/lda.be\\\/fr\\\/produit\\\/verins-compacts-iso-21287\\\/#breadcrumb\"},\"inLanguage\":\"fr-FR\",\"potentialAction\":[{\"@type\":\"ReadAction\",\"target\":[\"https:\\\/\\\/lda.be\\\/fr\\\/produit\\\/verins-compacts-iso-21287\\\/\"]}]},{\"@type\":\"ImageObject\",\"inLanguage\":\"fr-FR\",\"@id\":\"https:\\\/\\\/lda.be\\\/fr\\\/produit\\\/verins-compacts-iso-21287\\\/#primaryimage\",\"url\":\"https:\\\/\\\/lda.be\\\/wp-content\\\/uploads\\\/2025\\\/11\\\/Compact-cylinders-ISO-21287-.webp\",\"contentUrl\":\"https:\\\/\\\/lda.be\\\/wp-content\\\/uploads\\\/2025\\\/11\\\/Compact-cylinders-ISO-21287-.webp\",\"width\":1080,\"height\":1080,\"caption\":\"Compact cylinders ISO 21287 type CI, CIS van API\"},{\"@type\":\"BreadcrumbList\",\"@id\":\"https:\\\/\\\/lda.be\\\/fr\\\/produit\\\/verins-compacts-iso-21287\\\/#breadcrumb\",\"itemListElement\":[{\"@type\":\"ListItem\",\"position\":1,\"name\":\"Accueil\",\"item\":\"https:\\\/\\\/lda.be\\\/fr\\\/\"},{\"@type\":\"ListItem\",\"position\":2,\"name\":\"Produits\",\"item\":\"https:\\\/\\\/lda.be\\\/fr\\\/produits\\\/\"},{\"@type\":\"ListItem\",\"position\":3,\"name\":\"V\u00e9rins compacts ISO 21287\"}]},{\"@type\":\"WebSite\",\"@id\":\"https:\\\/\\\/lda.be\\\/fr\\\/#website\",\"url\":\"https:\\\/\\\/lda.be\\\/fr\\\/\",\"name\":\"LDA Belgium\",\"description\":\"Solutions For Life\",\"publisher\":{\"@id\":\"https:\\\/\\\/lda.be\\\/fr\\\/#organization\"},\"potentialAction\":[{\"@type\":\"SearchAction\",\"target\":{\"@type\":\"EntryPoint\",\"urlTemplate\":\"https:\\\/\\\/lda.be\\\/fr\\\/?s={search_term_string}\"},\"query-input\":{\"@type\":\"PropertyValueSpecification\",\"valueRequired\":true,\"valueName\":\"search_term_string\"}}],\"inLanguage\":\"fr-FR\"},{\"@type\":\"Organization\",\"@id\":\"https:\\\/\\\/lda.be\\\/fr\\\/#organization\",\"name\":\"LDA Belgium\",\"url\":\"https:\\\/\\\/lda.be\\\/fr\\\/\",\"logo\":{\"@type\":\"ImageObject\",\"inLanguage\":\"fr-FR\",\"@id\":\"https:\\\/\\\/lda.be\\\/fr\\\/#\\\/schema\\\/logo\\\/image\\\/\",\"url\":\"https:\\\/\\\/lda.be\\\/wp-content\\\/uploads\\\/2022\\\/07\\\/Logo-LDA.webp\",\"contentUrl\":\"https:\\\/\\\/lda.be\\\/wp-content\\\/uploads\\\/2022\\\/07\\\/Logo-LDA.webp\",\"width\":311,\"height\":101,\"caption\":\"LDA Belgium\"},\"image\":{\"@id\":\"https:\\\/\\\/lda.be\\\/fr\\\/#\\\/schema\\\/logo\\\/image\\\/\"},\"sameAs\":[\"https:\\\/\\\/www.linkedin.com\\\/company\\\/lda-belgium-nv\"]}]}<\/script>\n<!-- \/ Yoast SEO plugin. -->","yoast_head_json":{"title":"V\u00e9rins compacts ISO 21287 - LDA Belgique","description":"D\u00e9couvrez les V\u00e9rins compacts ISO 21287 (CIS et CI) d'API, compacts, avec des al\u00e9sages de \u00d8 16 \u00e0 125 mm. Disponible en Belgique chez LDA, le cylindre conforme \u00e0 la norme ISO 21287.","robots":{"index":"index","follow":"follow","max-snippet":"max-snippet:-1","max-image-preview":"max-image-preview:large","max-video-preview":"max-video-preview:-1"},"canonical":"https:\/\/lda.be\/fr\/produit\/verins-compacts-iso-21287\/","og_locale":"fr_FR","og_type":"article","og_title":"V\u00e9rins compacts ISO 21287 - LDA Belgique","og_description":"D\u00e9couvrez les V\u00e9rins compacts ISO 21287 (CIS et CI) d'API, compacts, avec des al\u00e9sages de \u00d8 16 \u00e0 125 mm. Disponible en Belgique chez LDA, le cylindre conforme \u00e0 la norme ISO 21287.","og_url":"https:\/\/lda.be\/fr\/produit\/verins-compacts-iso-21287\/","og_site_name":"LDA Belgique","article_modified_time":"2025-11-06T15:00:59+00:00","og_image":[{"width":1080,"height":1080,"url":"https:\/\/lda.be\/wp-content\/uploads\/2025\/11\/Compact-cylinders-ISO-21287-.webp","type":"image\/webp"}],"twitter_card":"summary_large_image","twitter_misc":{"Dur\u00e9e de lecture estim\u00e9e":"1 minute"},"schema":{"@context":"https:\/\/schema.org","@graph":[{"@type":"WebPage","@id":"https:\/\/lda.be\/fr\/produit\/verins-compacts-iso-21287\/","url":"https:\/\/lda.be\/fr\/produit\/verins-compacts-iso-21287\/","name":"V\u00e9rins compacts ISO 21287 - LDA Belgique","isPartOf":{"@id":"https:\/\/lda.be\/fr\/#website"},"primaryImageOfPage":{"@id":"https:\/\/lda.be\/fr\/produit\/verins-compacts-iso-21287\/#primaryimage"},"image":{"@id":"https:\/\/lda.be\/fr\/produit\/verins-compacts-iso-21287\/#primaryimage"},"thumbnailUrl":"https:\/\/lda.be\/wp-content\/uploads\/2025\/11\/Compact-cylinders-ISO-21287-.webp","datePublished":"2025-11-06T12:41:10+00:00","dateModified":"2025-11-06T15:00:59+00:00","description":"D\u00e9couvrez les V\u00e9rins compacts ISO 21287 (CIS et CI) d'API, compacts, avec des al\u00e9sages de \u00d8 16 \u00e0 125 mm. Disponible en Belgique chez LDA, le cylindre conforme \u00e0 la norme ISO 21287.","breadcrumb":{"@id":"https:\/\/lda.be\/fr\/produit\/verins-compacts-iso-21287\/#breadcrumb"},"inLanguage":"fr-FR","potentialAction":[{"@type":"ReadAction","target":["https:\/\/lda.be\/fr\/produit\/verins-compacts-iso-21287\/"]}]},{"@type":"ImageObject","inLanguage":"fr-FR","@id":"https:\/\/lda.be\/fr\/produit\/verins-compacts-iso-21287\/#primaryimage","url":"https:\/\/lda.be\/wp-content\/uploads\/2025\/11\/Compact-cylinders-ISO-21287-.webp","contentUrl":"https:\/\/lda.be\/wp-content\/uploads\/2025\/11\/Compact-cylinders-ISO-21287-.webp","width":1080,"height":1080,"caption":"Compact cylinders ISO 21287 type CI, CIS van API"},{"@type":"BreadcrumbList","@id":"https:\/\/lda.be\/fr\/produit\/verins-compacts-iso-21287\/#breadcrumb","itemListElement":[{"@type":"ListItem","position":1,"name":"Accueil","item":"https:\/\/lda.be\/fr\/"},{"@type":"ListItem","position":2,"name":"Produits","item":"https:\/\/lda.be\/fr\/produits\/"},{"@type":"ListItem","position":3,"name":"V\u00e9rins compacts ISO 21287"}]},{"@type":"WebSite","@id":"https:\/\/lda.be\/fr\/#website","url":"https:\/\/lda.be\/fr\/","name":"LDA Belgium","description":"Solutions For Life","publisher":{"@id":"https:\/\/lda.be\/fr\/#organization"},"potentialAction":[{"@type":"SearchAction","target":{"@type":"EntryPoint","urlTemplate":"https:\/\/lda.be\/fr\/?s={search_term_string}"},"query-input":{"@type":"PropertyValueSpecification","valueRequired":true,"valueName":"search_term_string"}}],"inLanguage":"fr-FR"},{"@type":"Organization","@id":"https:\/\/lda.be\/fr\/#organization","name":"LDA Belgium","url":"https:\/\/lda.be\/fr\/","logo":{"@type":"ImageObject","inLanguage":"fr-FR","@id":"https:\/\/lda.be\/fr\/#\/schema\/logo\/image\/","url":"https:\/\/lda.be\/wp-content\/uploads\/2022\/07\/Logo-LDA.webp","contentUrl":"https:\/\/lda.be\/wp-content\/uploads\/2022\/07\/Logo-LDA.webp","width":311,"height":101,"caption":"LDA Belgium"},"image":{"@id":"https:\/\/lda.be\/fr\/#\/schema\/logo\/image\/"},"sameAs":["https:\/\/www.linkedin.com\/company\/lda-belgium-nv"]}]}},"_links":{"self":[{"href":"https:\/\/lda.be\/fr\/wp-json\/wp\/v2\/product\/13423","targetHints":{"allow":["GET"]}}],"collection":[{"href":"https:\/\/lda.be\/fr\/wp-json\/wp\/v2\/product"}],"about":[{"href":"https:\/\/lda.be\/fr\/wp-json\/wp\/v2\/types\/product"}],"replies":[{"embeddable":true,"href":"https:\/\/lda.be\/fr\/wp-json\/wp\/v2\/comments?post=13423"}],"wp:featuredmedia":[{"embeddable":true,"href":"https:\/\/lda.be\/fr\/wp-json\/wp\/v2\/media\/13421"}],"wp:attachment":[{"href":"https:\/\/lda.be\/fr\/wp-json\/wp\/v2\/media?parent=13423"}],"wp:term":[{"taxonomy":"product_brand","embeddable":true,"href":"https:\/\/lda.be\/fr\/wp-json\/wp\/v2\/product_brand?post=13423"},{"taxonomy":"product_cat","embeddable":true,"href":"https:\/\/lda.be\/fr\/wp-json\/wp\/v2\/product_cat?post=13423"},{"taxonomy":"product_tag","embeddable":true,"href":"https:\/\/lda.be\/fr\/wp-json\/wp\/v2\/product_tag?post=13423"}],"curies":[{"name":"wp","href":"https:\/\/api.w.org\/{rel}","templated":true}]}}