{"id":13448,"date":"2025-11-06T15:45:53","date_gmt":"2025-11-06T14:45:53","guid":{"rendered":"https:\/\/lda.be\/?post_type=product&#038;p=13448"},"modified":"2025-11-06T15:57:48","modified_gmt":"2025-11-06T14:57:48","slug":"verins-ronds-serie-r","status":"publish","type":"product","link":"https:\/\/lda.be\/fr\/produit\/verins-ronds-serie-r\/","title":{"rendered":"V\u00e9rins ronds s\u00e9rie R"},"content":{"rendered":"<p>Les <strong>v\u00e9rins ronds (RS, RD, RDM, RDMA)<\/strong> sont des v\u00e9rins non standardis\u00e9s, disponibles avec des al\u00e9sages de \u00d8 32 \u00e0 63 mm. Ces v\u00e9rins sont propos\u00e9s en version simple effet (RS) ou double effet (RD, RDM, RDMA), magn\u00e9tiques ou non, avec ou sans amortissement. Les t\u00eates sont reli\u00e9es au tube par roulage, assurant une \u00e9tanch\u00e9it\u00e9 parfaite. Ils r\u00e9pondent aux directives Reach, RoHS et sont certifi\u00e9s SIL, avec des versions ATEX disponibles sur demande.<\/p>\n","protected":false},"excerpt":{"rendered":"<p>Les v\u00e9rins ronds (RS, RD, RDM, RDMA) sont des v\u00e9rins non standardis\u00e9s, disponibles avec des al\u00e9sages de \u00d8 32 \u00e0 63 mm. Ces v\u00e9rins sont propos\u00e9s en version simple effet (RS) ou double effet (RD, RDM, RDMA), magn\u00e9tiques ou non, avec ou sans amortissement. Les t\u00eates sont reli\u00e9es au tube par roulage, assurant une \u00e9tanch\u00e9it\u00e9 [&hellip;]<\/p>\n","protected":false},"featured_media":13445,"comment_status":"closed","ping_status":"closed","template":"","meta":[],"product_brand":[1831,1832],"product_cat":[1815],"product_tag":[],"class_list":{"0":"post-13448","1":"product","2":"type-product","3":"status-publish","4":"has-post-thumbnail","6":"product_brand-api","7":"product_brand-cylinders","8":"product_cat-verins-de-type-rond","10":"first","11":"instock","12":"shipping-taxable","13":"product-type-simple"},"yoast_head":"<!-- This site is optimized with the Yoast SEO plugin v27.3 - https:\/\/yoast.com\/product\/yoast-seo-wordpress\/ -->\n<title>V\u00e9rins ronds s\u00e9rie R - LDA Belgique<\/title>\n<meta name=\"description\" content=\"D\u00e9couvrez les v\u00e9rins ronds s\u00e9rie R(RS, RD, RDM, RDMA), non standard et polyvalents, avec des al\u00e9sages de \u00d8 32 \u00e0 63 mm. Maintenant chez LDA Belgique.\" \/>\n<meta name=\"robots\" content=\"index, follow, max-snippet:-1, max-image-preview:large, max-video-preview:-1\" \/>\n<link rel=\"canonical\" href=\"https:\/\/lda.be\/fr\/produit\/verins-ronds-serie-r\/\" \/>\n<meta property=\"og:locale\" content=\"fr_FR\" \/>\n<meta property=\"og:type\" content=\"article\" \/>\n<meta property=\"og:title\" content=\"V\u00e9rins ronds s\u00e9rie R - LDA Belgique\" \/>\n<meta property=\"og:description\" content=\"D\u00e9couvrez les v\u00e9rins ronds s\u00e9rie R(RS, RD, RDM, RDMA), non standard et polyvalents, avec des al\u00e9sages de \u00d8 32 \u00e0 63 mm. Maintenant chez LDA Belgique.\" \/>\n<meta property=\"og:url\" content=\"https:\/\/lda.be\/fr\/produit\/verins-ronds-serie-r\/\" \/>\n<meta property=\"og:site_name\" content=\"LDA Belgique\" \/>\n<meta property=\"article:modified_time\" content=\"2025-11-06T14:57:48+00:00\" \/>\n<meta property=\"og:image\" content=\"https:\/\/lda.be\/wp-content\/uploads\/2025\/11\/Round-cylinder-RS-RD-RDMA-series.webp\" \/>\n\t<meta property=\"og:image:width\" content=\"1080\" \/>\n\t<meta property=\"og:image:height\" content=\"1080\" \/>\n\t<meta property=\"og:image:type\" content=\"image\/webp\" \/>\n<meta name=\"twitter:card\" content=\"summary_large_image\" \/>\n<meta name=\"twitter:label1\" content=\"Dur\u00e9e de lecture estim\u00e9e\" \/>\n\t<meta name=\"twitter:data1\" content=\"1 minute\" \/>\n<script type=\"application\/ld+json\" class=\"yoast-schema-graph\">{\"@context\":\"https:\\\/\\\/schema.org\",\"@graph\":[{\"@type\":\"WebPage\",\"@id\":\"https:\\\/\\\/lda.be\\\/fr\\\/produit\\\/verins-ronds-serie-r\\\/\",\"url\":\"https:\\\/\\\/lda.be\\\/fr\\\/produit\\\/verins-ronds-serie-r\\\/\",\"name\":\"V\u00e9rins ronds s\u00e9rie R - LDA Belgique\",\"isPartOf\":{\"@id\":\"https:\\\/\\\/lda.be\\\/fr\\\/#website\"},\"primaryImageOfPage\":{\"@id\":\"https:\\\/\\\/lda.be\\\/fr\\\/produit\\\/verins-ronds-serie-r\\\/#primaryimage\"},\"image\":{\"@id\":\"https:\\\/\\\/lda.be\\\/fr\\\/produit\\\/verins-ronds-serie-r\\\/#primaryimage\"},\"thumbnailUrl\":\"https:\\\/\\\/lda.be\\\/wp-content\\\/uploads\\\/2025\\\/11\\\/Round-cylinder-RS-RD-RDMA-series.webp\",\"datePublished\":\"2025-11-06T14:45:53+00:00\",\"dateModified\":\"2025-11-06T14:57:48+00:00\",\"description\":\"D\u00e9couvrez les v\u00e9rins ronds s\u00e9rie R(RS, RD, RDM, RDMA), non standard et polyvalents, avec des al\u00e9sages de \u00d8 32 \u00e0 63 mm. Maintenant chez LDA Belgique.\",\"breadcrumb\":{\"@id\":\"https:\\\/\\\/lda.be\\\/fr\\\/produit\\\/verins-ronds-serie-r\\\/#breadcrumb\"},\"inLanguage\":\"fr-FR\",\"potentialAction\":[{\"@type\":\"ReadAction\",\"target\":[\"https:\\\/\\\/lda.be\\\/fr\\\/produit\\\/verins-ronds-serie-r\\\/\"]}]},{\"@type\":\"ImageObject\",\"inLanguage\":\"fr-FR\",\"@id\":\"https:\\\/\\\/lda.be\\\/fr\\\/produit\\\/verins-ronds-serie-r\\\/#primaryimage\",\"url\":\"https:\\\/\\\/lda.be\\\/wp-content\\\/uploads\\\/2025\\\/11\\\/Round-cylinder-RS-RD-RDMA-series.webp\",\"contentUrl\":\"https:\\\/\\\/lda.be\\\/wp-content\\\/uploads\\\/2025\\\/11\\\/Round-cylinder-RS-RD-RDMA-series.webp\",\"width\":1080,\"height\":1080,\"caption\":\"Round cylinder RS, RD, RDMA series van API\"},{\"@type\":\"BreadcrumbList\",\"@id\":\"https:\\\/\\\/lda.be\\\/fr\\\/produit\\\/verins-ronds-serie-r\\\/#breadcrumb\",\"itemListElement\":[{\"@type\":\"ListItem\",\"position\":1,\"name\":\"Accueil\",\"item\":\"https:\\\/\\\/lda.be\\\/fr\\\/\"},{\"@type\":\"ListItem\",\"position\":2,\"name\":\"Produits\",\"item\":\"https:\\\/\\\/lda.be\\\/fr\\\/produits\\\/\"},{\"@type\":\"ListItem\",\"position\":3,\"name\":\"V\u00e9rins ronds s\u00e9rie R\"}]},{\"@type\":\"WebSite\",\"@id\":\"https:\\\/\\\/lda.be\\\/fr\\\/#website\",\"url\":\"https:\\\/\\\/lda.be\\\/fr\\\/\",\"name\":\"LDA Belgium\",\"description\":\"Solutions For Life\",\"publisher\":{\"@id\":\"https:\\\/\\\/lda.be\\\/fr\\\/#organization\"},\"potentialAction\":[{\"@type\":\"SearchAction\",\"target\":{\"@type\":\"EntryPoint\",\"urlTemplate\":\"https:\\\/\\\/lda.be\\\/fr\\\/?s={search_term_string}\"},\"query-input\":{\"@type\":\"PropertyValueSpecification\",\"valueRequired\":true,\"valueName\":\"search_term_string\"}}],\"inLanguage\":\"fr-FR\"},{\"@type\":\"Organization\",\"@id\":\"https:\\\/\\\/lda.be\\\/fr\\\/#organization\",\"name\":\"LDA Belgium\",\"url\":\"https:\\\/\\\/lda.be\\\/fr\\\/\",\"logo\":{\"@type\":\"ImageObject\",\"inLanguage\":\"fr-FR\",\"@id\":\"https:\\\/\\\/lda.be\\\/fr\\\/#\\\/schema\\\/logo\\\/image\\\/\",\"url\":\"https:\\\/\\\/lda.be\\\/wp-content\\\/uploads\\\/2022\\\/07\\\/Logo-LDA.webp\",\"contentUrl\":\"https:\\\/\\\/lda.be\\\/wp-content\\\/uploads\\\/2022\\\/07\\\/Logo-LDA.webp\",\"width\":311,\"height\":101,\"caption\":\"LDA Belgium\"},\"image\":{\"@id\":\"https:\\\/\\\/lda.be\\\/fr\\\/#\\\/schema\\\/logo\\\/image\\\/\"},\"sameAs\":[\"https:\\\/\\\/www.linkedin.com\\\/company\\\/lda-belgium-nv\"]}]}<\/script>\n<!-- \/ Yoast SEO plugin. -->","yoast_head_json":{"title":"V\u00e9rins ronds s\u00e9rie R - LDA Belgique","description":"D\u00e9couvrez les v\u00e9rins ronds s\u00e9rie R(RS, RD, RDM, RDMA), non standard et polyvalents, avec des al\u00e9sages de \u00d8 32 \u00e0 63 mm. Maintenant chez LDA Belgique.","robots":{"index":"index","follow":"follow","max-snippet":"max-snippet:-1","max-image-preview":"max-image-preview:large","max-video-preview":"max-video-preview:-1"},"canonical":"https:\/\/lda.be\/fr\/produit\/verins-ronds-serie-r\/","og_locale":"fr_FR","og_type":"article","og_title":"V\u00e9rins ronds s\u00e9rie R - LDA Belgique","og_description":"D\u00e9couvrez les v\u00e9rins ronds s\u00e9rie R(RS, RD, RDM, RDMA), non standard et polyvalents, avec des al\u00e9sages de \u00d8 32 \u00e0 63 mm. Maintenant chez LDA Belgique.","og_url":"https:\/\/lda.be\/fr\/produit\/verins-ronds-serie-r\/","og_site_name":"LDA Belgique","article_modified_time":"2025-11-06T14:57:48+00:00","og_image":[{"width":1080,"height":1080,"url":"https:\/\/lda.be\/wp-content\/uploads\/2025\/11\/Round-cylinder-RS-RD-RDMA-series.webp","type":"image\/webp"}],"twitter_card":"summary_large_image","twitter_misc":{"Dur\u00e9e de lecture estim\u00e9e":"1 minute"},"schema":{"@context":"https:\/\/schema.org","@graph":[{"@type":"WebPage","@id":"https:\/\/lda.be\/fr\/produit\/verins-ronds-serie-r\/","url":"https:\/\/lda.be\/fr\/produit\/verins-ronds-serie-r\/","name":"V\u00e9rins ronds s\u00e9rie R - LDA Belgique","isPartOf":{"@id":"https:\/\/lda.be\/fr\/#website"},"primaryImageOfPage":{"@id":"https:\/\/lda.be\/fr\/produit\/verins-ronds-serie-r\/#primaryimage"},"image":{"@id":"https:\/\/lda.be\/fr\/produit\/verins-ronds-serie-r\/#primaryimage"},"thumbnailUrl":"https:\/\/lda.be\/wp-content\/uploads\/2025\/11\/Round-cylinder-RS-RD-RDMA-series.webp","datePublished":"2025-11-06T14:45:53+00:00","dateModified":"2025-11-06T14:57:48+00:00","description":"D\u00e9couvrez les v\u00e9rins ronds s\u00e9rie R(RS, RD, RDM, RDMA), non standard et polyvalents, avec des al\u00e9sages de \u00d8 32 \u00e0 63 mm. Maintenant chez LDA Belgique.","breadcrumb":{"@id":"https:\/\/lda.be\/fr\/produit\/verins-ronds-serie-r\/#breadcrumb"},"inLanguage":"fr-FR","potentialAction":[{"@type":"ReadAction","target":["https:\/\/lda.be\/fr\/produit\/verins-ronds-serie-r\/"]}]},{"@type":"ImageObject","inLanguage":"fr-FR","@id":"https:\/\/lda.be\/fr\/produit\/verins-ronds-serie-r\/#primaryimage","url":"https:\/\/lda.be\/wp-content\/uploads\/2025\/11\/Round-cylinder-RS-RD-RDMA-series.webp","contentUrl":"https:\/\/lda.be\/wp-content\/uploads\/2025\/11\/Round-cylinder-RS-RD-RDMA-series.webp","width":1080,"height":1080,"caption":"Round cylinder RS, RD, RDMA series van API"},{"@type":"BreadcrumbList","@id":"https:\/\/lda.be\/fr\/produit\/verins-ronds-serie-r\/#breadcrumb","itemListElement":[{"@type":"ListItem","position":1,"name":"Accueil","item":"https:\/\/lda.be\/fr\/"},{"@type":"ListItem","position":2,"name":"Produits","item":"https:\/\/lda.be\/fr\/produits\/"},{"@type":"ListItem","position":3,"name":"V\u00e9rins ronds s\u00e9rie R"}]},{"@type":"WebSite","@id":"https:\/\/lda.be\/fr\/#website","url":"https:\/\/lda.be\/fr\/","name":"LDA Belgium","description":"Solutions For Life","publisher":{"@id":"https:\/\/lda.be\/fr\/#organization"},"potentialAction":[{"@type":"SearchAction","target":{"@type":"EntryPoint","urlTemplate":"https:\/\/lda.be\/fr\/?s={search_term_string}"},"query-input":{"@type":"PropertyValueSpecification","valueRequired":true,"valueName":"search_term_string"}}],"inLanguage":"fr-FR"},{"@type":"Organization","@id":"https:\/\/lda.be\/fr\/#organization","name":"LDA Belgium","url":"https:\/\/lda.be\/fr\/","logo":{"@type":"ImageObject","inLanguage":"fr-FR","@id":"https:\/\/lda.be\/fr\/#\/schema\/logo\/image\/","url":"https:\/\/lda.be\/wp-content\/uploads\/2022\/07\/Logo-LDA.webp","contentUrl":"https:\/\/lda.be\/wp-content\/uploads\/2022\/07\/Logo-LDA.webp","width":311,"height":101,"caption":"LDA Belgium"},"image":{"@id":"https:\/\/lda.be\/fr\/#\/schema\/logo\/image\/"},"sameAs":["https:\/\/www.linkedin.com\/company\/lda-belgium-nv"]}]}},"_links":{"self":[{"href":"https:\/\/lda.be\/fr\/wp-json\/wp\/v2\/product\/13448","targetHints":{"allow":["GET"]}}],"collection":[{"href":"https:\/\/lda.be\/fr\/wp-json\/wp\/v2\/product"}],"about":[{"href":"https:\/\/lda.be\/fr\/wp-json\/wp\/v2\/types\/product"}],"replies":[{"embeddable":true,"href":"https:\/\/lda.be\/fr\/wp-json\/wp\/v2\/comments?post=13448"}],"wp:featuredmedia":[{"embeddable":true,"href":"https:\/\/lda.be\/fr\/wp-json\/wp\/v2\/media\/13445"}],"wp:attachment":[{"href":"https:\/\/lda.be\/fr\/wp-json\/wp\/v2\/media?parent=13448"}],"wp:term":[{"taxonomy":"product_brand","embeddable":true,"href":"https:\/\/lda.be\/fr\/wp-json\/wp\/v2\/product_brand?post=13448"},{"taxonomy":"product_cat","embeddable":true,"href":"https:\/\/lda.be\/fr\/wp-json\/wp\/v2\/product_cat?post=13448"},{"taxonomy":"product_tag","embeddable":true,"href":"https:\/\/lda.be\/fr\/wp-json\/wp\/v2\/product_tag?post=13448"}],"curies":[{"name":"wp","href":"https:\/\/api.w.org\/{rel}","templated":true}]}}