{"id":13458,"date":"2025-11-06T16:20:21","date_gmt":"2025-11-06T15:20:21","guid":{"rendered":"https:\/\/lda.be\/?post_type=product&#038;p=13458"},"modified":"2025-11-06T16:26:05","modified_gmt":"2025-11-06T15:26:05","slug":"serie-d-verins-compacts","status":"publish","type":"product","link":"https:\/\/lda.be\/fr\/produit\/serie-d-verins-compacts\/","title":{"rendered":"S\u00e9rie D V\u00e9rins compacts"},"content":{"rendered":"<p>Les <strong>v\u00e9rins compacts (DU et DUM)<\/strong> sont des v\u00e9rins non standardis\u00e9s, disponibles avec des al\u00e9sages de \u00d8 6 \u00e0 32 mm. Ces v\u00e9rins sont double effet, propos\u00e9s en version non magn\u00e9tique (DU) ou magn\u00e9tique (DUM). La version magn\u00e9tique dispose de tubes rainur\u00e9s, permettant le montage direct des interrupteurs \u00e0 lames souples magn\u00e9tiques. Ils r\u00e9pondent aux directives Reach et RoHS.<\/p>\n","protected":false},"excerpt":{"rendered":"<p>Les v\u00e9rins compacts (DU et DUM) sont des v\u00e9rins non standardis\u00e9s, disponibles avec des al\u00e9sages de \u00d8 6 \u00e0 32 mm. Ces v\u00e9rins sont double effet, propos\u00e9s en version non magn\u00e9tique (DU) ou magn\u00e9tique (DUM). La version magn\u00e9tique dispose de tubes rainur\u00e9s, permettant le montage direct des interrupteurs \u00e0 lames souples magn\u00e9tiques. Ils r\u00e9pondent aux [&hellip;]<\/p>\n","protected":false},"featured_media":13456,"comment_status":"closed","ping_status":"closed","template":"","meta":[],"product_brand":[1831,1832],"product_cat":[1830],"product_tag":[],"class_list":{"0":"post-13458","1":"product","2":"type-product","3":"status-publish","4":"has-post-thumbnail","6":"product_brand-api","7":"product_brand-cylinders","8":"product_cat-verins-compacts","10":"first","11":"instock","12":"shipping-taxable","13":"product-type-simple"},"yoast_head":"<!-- This site is optimized with the Yoast SEO plugin v27.3 - https:\/\/yoast.com\/product\/yoast-seo-wordpress\/ -->\n<title>S\u00e9rie D V\u00e9rins compacts - LDA Belgique<\/title>\n<meta name=\"description\" content=\"D\u00e9couvrez les v\u00e9rins compacts (DU et DUM), double effet et compacts, avec al\u00e9sages de \u00d8 6 \u00e0 32 mm. Id\u00e9al pour les applications industrielles \u00e9conomes en espace.\" \/>\n<meta name=\"robots\" content=\"index, follow, max-snippet:-1, max-image-preview:large, max-video-preview:-1\" \/>\n<link rel=\"canonical\" href=\"https:\/\/lda.be\/fr\/produit\/serie-d-verins-compacts\/\" \/>\n<meta property=\"og:locale\" content=\"fr_FR\" \/>\n<meta property=\"og:type\" content=\"article\" \/>\n<meta property=\"og:title\" content=\"S\u00e9rie D V\u00e9rins compacts - LDA Belgique\" \/>\n<meta property=\"og:description\" content=\"D\u00e9couvrez les v\u00e9rins compacts (DU et DUM), double effet et compacts, avec al\u00e9sages de \u00d8 6 \u00e0 32 mm. Id\u00e9al pour les applications industrielles \u00e9conomes en espace.\" \/>\n<meta property=\"og:url\" content=\"https:\/\/lda.be\/fr\/produit\/serie-d-verins-compacts\/\" \/>\n<meta property=\"og:site_name\" content=\"LDA Belgique\" \/>\n<meta property=\"article:modified_time\" content=\"2025-11-06T15:26:05+00:00\" \/>\n<meta property=\"og:image\" content=\"https:\/\/lda.be\/wp-content\/uploads\/2025\/11\/Compact-cylinder-D-serie.webp\" \/>\n\t<meta property=\"og:image:width\" content=\"1080\" \/>\n\t<meta property=\"og:image:height\" content=\"1080\" \/>\n\t<meta property=\"og:image:type\" content=\"image\/webp\" \/>\n<meta name=\"twitter:card\" content=\"summary_large_image\" \/>\n<meta name=\"twitter:label1\" content=\"Dur\u00e9e de lecture estim\u00e9e\" \/>\n\t<meta name=\"twitter:data1\" content=\"1 minute\" \/>\n<script type=\"application\/ld+json\" class=\"yoast-schema-graph\">{\"@context\":\"https:\\\/\\\/schema.org\",\"@graph\":[{\"@type\":\"WebPage\",\"@id\":\"https:\\\/\\\/lda.be\\\/fr\\\/produit\\\/serie-d-verins-compacts\\\/\",\"url\":\"https:\\\/\\\/lda.be\\\/fr\\\/produit\\\/serie-d-verins-compacts\\\/\",\"name\":\"S\u00e9rie D V\u00e9rins compacts - LDA Belgique\",\"isPartOf\":{\"@id\":\"https:\\\/\\\/lda.be\\\/fr\\\/#website\"},\"primaryImageOfPage\":{\"@id\":\"https:\\\/\\\/lda.be\\\/fr\\\/produit\\\/serie-d-verins-compacts\\\/#primaryimage\"},\"image\":{\"@id\":\"https:\\\/\\\/lda.be\\\/fr\\\/produit\\\/serie-d-verins-compacts\\\/#primaryimage\"},\"thumbnailUrl\":\"https:\\\/\\\/lda.be\\\/wp-content\\\/uploads\\\/2025\\\/11\\\/Compact-cylinder-D-serie.webp\",\"datePublished\":\"2025-11-06T15:20:21+00:00\",\"dateModified\":\"2025-11-06T15:26:05+00:00\",\"description\":\"D\u00e9couvrez les v\u00e9rins compacts (DU et DUM), double effet et compacts, avec al\u00e9sages de \u00d8 6 \u00e0 32 mm. Id\u00e9al pour les applications industrielles \u00e9conomes en espace.\",\"breadcrumb\":{\"@id\":\"https:\\\/\\\/lda.be\\\/fr\\\/produit\\\/serie-d-verins-compacts\\\/#breadcrumb\"},\"inLanguage\":\"fr-FR\",\"potentialAction\":[{\"@type\":\"ReadAction\",\"target\":[\"https:\\\/\\\/lda.be\\\/fr\\\/produit\\\/serie-d-verins-compacts\\\/\"]}]},{\"@type\":\"ImageObject\",\"inLanguage\":\"fr-FR\",\"@id\":\"https:\\\/\\\/lda.be\\\/fr\\\/produit\\\/serie-d-verins-compacts\\\/#primaryimage\",\"url\":\"https:\\\/\\\/lda.be\\\/wp-content\\\/uploads\\\/2025\\\/11\\\/Compact-cylinder-D-serie.webp\",\"contentUrl\":\"https:\\\/\\\/lda.be\\\/wp-content\\\/uploads\\\/2025\\\/11\\\/Compact-cylinder-D-serie.webp\",\"width\":1080,\"height\":1080,\"caption\":\"Compact cylinder D serie\"},{\"@type\":\"BreadcrumbList\",\"@id\":\"https:\\\/\\\/lda.be\\\/fr\\\/produit\\\/serie-d-verins-compacts\\\/#breadcrumb\",\"itemListElement\":[{\"@type\":\"ListItem\",\"position\":1,\"name\":\"Accueil\",\"item\":\"https:\\\/\\\/lda.be\\\/fr\\\/\"},{\"@type\":\"ListItem\",\"position\":2,\"name\":\"Produits\",\"item\":\"https:\\\/\\\/lda.be\\\/fr\\\/produits\\\/\"},{\"@type\":\"ListItem\",\"position\":3,\"name\":\"S\u00e9rie D V\u00e9rins compacts\"}]},{\"@type\":\"WebSite\",\"@id\":\"https:\\\/\\\/lda.be\\\/fr\\\/#website\",\"url\":\"https:\\\/\\\/lda.be\\\/fr\\\/\",\"name\":\"LDA Belgium\",\"description\":\"Solutions For Life\",\"publisher\":{\"@id\":\"https:\\\/\\\/lda.be\\\/fr\\\/#organization\"},\"potentialAction\":[{\"@type\":\"SearchAction\",\"target\":{\"@type\":\"EntryPoint\",\"urlTemplate\":\"https:\\\/\\\/lda.be\\\/fr\\\/?s={search_term_string}\"},\"query-input\":{\"@type\":\"PropertyValueSpecification\",\"valueRequired\":true,\"valueName\":\"search_term_string\"}}],\"inLanguage\":\"fr-FR\"},{\"@type\":\"Organization\",\"@id\":\"https:\\\/\\\/lda.be\\\/fr\\\/#organization\",\"name\":\"LDA Belgium\",\"url\":\"https:\\\/\\\/lda.be\\\/fr\\\/\",\"logo\":{\"@type\":\"ImageObject\",\"inLanguage\":\"fr-FR\",\"@id\":\"https:\\\/\\\/lda.be\\\/fr\\\/#\\\/schema\\\/logo\\\/image\\\/\",\"url\":\"https:\\\/\\\/lda.be\\\/wp-content\\\/uploads\\\/2022\\\/07\\\/Logo-LDA.webp\",\"contentUrl\":\"https:\\\/\\\/lda.be\\\/wp-content\\\/uploads\\\/2022\\\/07\\\/Logo-LDA.webp\",\"width\":311,\"height\":101,\"caption\":\"LDA Belgium\"},\"image\":{\"@id\":\"https:\\\/\\\/lda.be\\\/fr\\\/#\\\/schema\\\/logo\\\/image\\\/\"},\"sameAs\":[\"https:\\\/\\\/www.linkedin.com\\\/company\\\/lda-belgium-nv\"]}]}<\/script>\n<!-- \/ Yoast SEO plugin. -->","yoast_head_json":{"title":"S\u00e9rie D V\u00e9rins compacts - LDA Belgique","description":"D\u00e9couvrez les v\u00e9rins compacts (DU et DUM), double effet et compacts, avec al\u00e9sages de \u00d8 6 \u00e0 32 mm. Id\u00e9al pour les applications industrielles \u00e9conomes en espace.","robots":{"index":"index","follow":"follow","max-snippet":"max-snippet:-1","max-image-preview":"max-image-preview:large","max-video-preview":"max-video-preview:-1"},"canonical":"https:\/\/lda.be\/fr\/produit\/serie-d-verins-compacts\/","og_locale":"fr_FR","og_type":"article","og_title":"S\u00e9rie D V\u00e9rins compacts - LDA Belgique","og_description":"D\u00e9couvrez les v\u00e9rins compacts (DU et DUM), double effet et compacts, avec al\u00e9sages de \u00d8 6 \u00e0 32 mm. Id\u00e9al pour les applications industrielles \u00e9conomes en espace.","og_url":"https:\/\/lda.be\/fr\/produit\/serie-d-verins-compacts\/","og_site_name":"LDA Belgique","article_modified_time":"2025-11-06T15:26:05+00:00","og_image":[{"width":1080,"height":1080,"url":"https:\/\/lda.be\/wp-content\/uploads\/2025\/11\/Compact-cylinder-D-serie.webp","type":"image\/webp"}],"twitter_card":"summary_large_image","twitter_misc":{"Dur\u00e9e de lecture estim\u00e9e":"1 minute"},"schema":{"@context":"https:\/\/schema.org","@graph":[{"@type":"WebPage","@id":"https:\/\/lda.be\/fr\/produit\/serie-d-verins-compacts\/","url":"https:\/\/lda.be\/fr\/produit\/serie-d-verins-compacts\/","name":"S\u00e9rie D V\u00e9rins compacts - LDA Belgique","isPartOf":{"@id":"https:\/\/lda.be\/fr\/#website"},"primaryImageOfPage":{"@id":"https:\/\/lda.be\/fr\/produit\/serie-d-verins-compacts\/#primaryimage"},"image":{"@id":"https:\/\/lda.be\/fr\/produit\/serie-d-verins-compacts\/#primaryimage"},"thumbnailUrl":"https:\/\/lda.be\/wp-content\/uploads\/2025\/11\/Compact-cylinder-D-serie.webp","datePublished":"2025-11-06T15:20:21+00:00","dateModified":"2025-11-06T15:26:05+00:00","description":"D\u00e9couvrez les v\u00e9rins compacts (DU et DUM), double effet et compacts, avec al\u00e9sages de \u00d8 6 \u00e0 32 mm. Id\u00e9al pour les applications industrielles \u00e9conomes en espace.","breadcrumb":{"@id":"https:\/\/lda.be\/fr\/produit\/serie-d-verins-compacts\/#breadcrumb"},"inLanguage":"fr-FR","potentialAction":[{"@type":"ReadAction","target":["https:\/\/lda.be\/fr\/produit\/serie-d-verins-compacts\/"]}]},{"@type":"ImageObject","inLanguage":"fr-FR","@id":"https:\/\/lda.be\/fr\/produit\/serie-d-verins-compacts\/#primaryimage","url":"https:\/\/lda.be\/wp-content\/uploads\/2025\/11\/Compact-cylinder-D-serie.webp","contentUrl":"https:\/\/lda.be\/wp-content\/uploads\/2025\/11\/Compact-cylinder-D-serie.webp","width":1080,"height":1080,"caption":"Compact cylinder D serie"},{"@type":"BreadcrumbList","@id":"https:\/\/lda.be\/fr\/produit\/serie-d-verins-compacts\/#breadcrumb","itemListElement":[{"@type":"ListItem","position":1,"name":"Accueil","item":"https:\/\/lda.be\/fr\/"},{"@type":"ListItem","position":2,"name":"Produits","item":"https:\/\/lda.be\/fr\/produits\/"},{"@type":"ListItem","position":3,"name":"S\u00e9rie D V\u00e9rins compacts"}]},{"@type":"WebSite","@id":"https:\/\/lda.be\/fr\/#website","url":"https:\/\/lda.be\/fr\/","name":"LDA Belgium","description":"Solutions For Life","publisher":{"@id":"https:\/\/lda.be\/fr\/#organization"},"potentialAction":[{"@type":"SearchAction","target":{"@type":"EntryPoint","urlTemplate":"https:\/\/lda.be\/fr\/?s={search_term_string}"},"query-input":{"@type":"PropertyValueSpecification","valueRequired":true,"valueName":"search_term_string"}}],"inLanguage":"fr-FR"},{"@type":"Organization","@id":"https:\/\/lda.be\/fr\/#organization","name":"LDA Belgium","url":"https:\/\/lda.be\/fr\/","logo":{"@type":"ImageObject","inLanguage":"fr-FR","@id":"https:\/\/lda.be\/fr\/#\/schema\/logo\/image\/","url":"https:\/\/lda.be\/wp-content\/uploads\/2022\/07\/Logo-LDA.webp","contentUrl":"https:\/\/lda.be\/wp-content\/uploads\/2022\/07\/Logo-LDA.webp","width":311,"height":101,"caption":"LDA Belgium"},"image":{"@id":"https:\/\/lda.be\/fr\/#\/schema\/logo\/image\/"},"sameAs":["https:\/\/www.linkedin.com\/company\/lda-belgium-nv"]}]}},"_links":{"self":[{"href":"https:\/\/lda.be\/fr\/wp-json\/wp\/v2\/product\/13458","targetHints":{"allow":["GET"]}}],"collection":[{"href":"https:\/\/lda.be\/fr\/wp-json\/wp\/v2\/product"}],"about":[{"href":"https:\/\/lda.be\/fr\/wp-json\/wp\/v2\/types\/product"}],"replies":[{"embeddable":true,"href":"https:\/\/lda.be\/fr\/wp-json\/wp\/v2\/comments?post=13458"}],"wp:featuredmedia":[{"embeddable":true,"href":"https:\/\/lda.be\/fr\/wp-json\/wp\/v2\/media\/13456"}],"wp:attachment":[{"href":"https:\/\/lda.be\/fr\/wp-json\/wp\/v2\/media?parent=13458"}],"wp:term":[{"taxonomy":"product_brand","embeddable":true,"href":"https:\/\/lda.be\/fr\/wp-json\/wp\/v2\/product_brand?post=13458"},{"taxonomy":"product_cat","embeddable":true,"href":"https:\/\/lda.be\/fr\/wp-json\/wp\/v2\/product_cat?post=13458"},{"taxonomy":"product_tag","embeddable":true,"href":"https:\/\/lda.be\/fr\/wp-json\/wp\/v2\/product_tag?post=13458"}],"curies":[{"name":"wp","href":"https:\/\/api.w.org\/{rel}","templated":true}]}}