{"id":13535,"date":"2025-11-12T14:25:14","date_gmt":"2025-11-12T13:25:14","guid":{"rendered":"https:\/\/lda.be\/?post_type=product&#038;p=13535"},"modified":"2025-11-12T14:37:06","modified_gmt":"2025-11-12T13:37:06","slug":"b-serie-cylindres-a-course-courte-compacts","status":"publish","type":"product","link":"https:\/\/lda.be\/fr\/produit\/b-serie-cylindres-a-course-courte-compacts\/","title":{"rendered":"B s\u00e9rie cylindres \u00e0 course courte compacts"},"content":{"rendered":"<p>Les <strong>v\u00e9rins \u00e0 course courte (BS, BSM, BD, BDM)<\/strong> sont des v\u00e9rins compacts avec des courses courtes, disponibles avec des al\u00e9sages de \u00d8 12 \u00e0 100 mm. Ces v\u00e9rins sont propos\u00e9s en version simple effet (BS, BSM) ou double effet (BD, BDM), magn\u00e9tiques ou non. Les versions magn\u00e9tiques disposent de tubes rainur\u00e9s, permettant le montage direct des interrupteurs \u00e0 lames souples magn\u00e9tiques. Ils r\u00e9pondent aux directives Reach, RoHS et sont certifi\u00e9s SIL, avec des versions ATEX disponibles sur demande.<\/p>\n","protected":false},"excerpt":{"rendered":"<p>Les v\u00e9rins \u00e0 course courte (BS, BSM, BD, BDM) sont des v\u00e9rins compacts avec des courses courtes, disponibles avec des al\u00e9sages de \u00d8 12 \u00e0 100 mm. Ces v\u00e9rins sont propos\u00e9s en version simple effet (BS, BSM) ou double effet (BD, BDM), magn\u00e9tiques ou non. Les versions magn\u00e9tiques disposent de tubes rainur\u00e9s, permettant le montage [&hellip;]<\/p>\n","protected":false},"featured_media":13532,"comment_status":"closed","ping_status":"closed","template":"","meta":[],"product_brand":[1831,1832],"product_cat":[1830],"product_tag":[],"class_list":{"0":"post-13535","1":"product","2":"type-product","3":"status-publish","4":"has-post-thumbnail","6":"product_brand-api","7":"product_brand-cylinders","8":"product_cat-verins-compacts","10":"first","11":"instock","12":"shipping-taxable","13":"product-type-simple"},"yoast_head":"<!-- This site is optimized with the Yoast SEO plugin v27.3 - https:\/\/yoast.com\/product\/yoast-seo-wordpress\/ -->\n<title>B s\u00e9rie cylindres \u00e0 course courte compacts - LDA Belgique<\/title>\n<meta name=\"description\" content=\"D\u00e9couvrez les cylindres \u00e0 course courte (BS, BSM, BD, BDM) d&#039;API, compacts et polyvalents, avec des al\u00e9sages de \u00d8 12 \u00e0 100 mm. Disponibles pour les syst\u00e8mes industriels.\" \/>\n<meta name=\"robots\" content=\"index, follow, max-snippet:-1, max-image-preview:large, max-video-preview:-1\" \/>\n<link rel=\"canonical\" href=\"https:\/\/lda.be\/fr\/produit\/b-serie-cylindres-a-course-courte-compacts\/\" \/>\n<meta property=\"og:locale\" content=\"fr_FR\" \/>\n<meta property=\"og:type\" content=\"article\" \/>\n<meta property=\"og:title\" content=\"B s\u00e9rie cylindres \u00e0 course courte compacts - LDA Belgique\" \/>\n<meta property=\"og:description\" content=\"D\u00e9couvrez les cylindres \u00e0 course courte (BS, BSM, BD, BDM) d&#039;API, compacts et polyvalents, avec des al\u00e9sages de \u00d8 12 \u00e0 100 mm. Disponibles pour les syst\u00e8mes industriels.\" \/>\n<meta property=\"og:url\" content=\"https:\/\/lda.be\/fr\/produit\/b-serie-cylindres-a-course-courte-compacts\/\" \/>\n<meta property=\"og:site_name\" content=\"LDA Belgique\" \/>\n<meta property=\"article:modified_time\" content=\"2025-11-12T13:37:06+00:00\" \/>\n<meta property=\"og:image\" content=\"https:\/\/lda.be\/wp-content\/uploads\/2025\/11\/compact-cylinder-B-se.webp\" \/>\n\t<meta property=\"og:image:width\" content=\"1080\" \/>\n\t<meta property=\"og:image:height\" content=\"1080\" \/>\n\t<meta property=\"og:image:type\" content=\"image\/webp\" \/>\n<meta name=\"twitter:card\" content=\"summary_large_image\" \/>\n<meta name=\"twitter:label1\" content=\"Dur\u00e9e de lecture estim\u00e9e\" \/>\n\t<meta name=\"twitter:data1\" content=\"1 minute\" \/>\n<script type=\"application\/ld+json\" class=\"yoast-schema-graph\">{\"@context\":\"https:\\\/\\\/schema.org\",\"@graph\":[{\"@type\":\"WebPage\",\"@id\":\"https:\\\/\\\/lda.be\\\/fr\\\/produit\\\/b-serie-cylindres-a-course-courte-compacts\\\/\",\"url\":\"https:\\\/\\\/lda.be\\\/fr\\\/produit\\\/b-serie-cylindres-a-course-courte-compacts\\\/\",\"name\":\"B s\u00e9rie cylindres \u00e0 course courte compacts - LDA Belgique\",\"isPartOf\":{\"@id\":\"https:\\\/\\\/lda.be\\\/fr\\\/#website\"},\"primaryImageOfPage\":{\"@id\":\"https:\\\/\\\/lda.be\\\/fr\\\/produit\\\/b-serie-cylindres-a-course-courte-compacts\\\/#primaryimage\"},\"image\":{\"@id\":\"https:\\\/\\\/lda.be\\\/fr\\\/produit\\\/b-serie-cylindres-a-course-courte-compacts\\\/#primaryimage\"},\"thumbnailUrl\":\"https:\\\/\\\/lda.be\\\/wp-content\\\/uploads\\\/2025\\\/11\\\/compact-cylinder-B-se.webp\",\"datePublished\":\"2025-11-12T13:25:14+00:00\",\"dateModified\":\"2025-11-12T13:37:06+00:00\",\"description\":\"D\u00e9couvrez les cylindres \u00e0 course courte (BS, BSM, BD, BDM) d'API, compacts et polyvalents, avec des al\u00e9sages de \u00d8 12 \u00e0 100 mm. Disponibles pour les syst\u00e8mes industriels.\",\"breadcrumb\":{\"@id\":\"https:\\\/\\\/lda.be\\\/fr\\\/produit\\\/b-serie-cylindres-a-course-courte-compacts\\\/#breadcrumb\"},\"inLanguage\":\"fr-FR\",\"potentialAction\":[{\"@type\":\"ReadAction\",\"target\":[\"https:\\\/\\\/lda.be\\\/fr\\\/produit\\\/b-serie-cylindres-a-course-courte-compacts\\\/\"]}]},{\"@type\":\"ImageObject\",\"inLanguage\":\"fr-FR\",\"@id\":\"https:\\\/\\\/lda.be\\\/fr\\\/produit\\\/b-serie-cylindres-a-course-courte-compacts\\\/#primaryimage\",\"url\":\"https:\\\/\\\/lda.be\\\/wp-content\\\/uploads\\\/2025\\\/11\\\/compact-cylinder-B-se.webp\",\"contentUrl\":\"https:\\\/\\\/lda.be\\\/wp-content\\\/uploads\\\/2025\\\/11\\\/compact-cylinder-B-se.webp\",\"width\":1080,\"height\":1080,\"caption\":\"B serie korte compacte slagcilinders van API\"},{\"@type\":\"BreadcrumbList\",\"@id\":\"https:\\\/\\\/lda.be\\\/fr\\\/produit\\\/b-serie-cylindres-a-course-courte-compacts\\\/#breadcrumb\",\"itemListElement\":[{\"@type\":\"ListItem\",\"position\":1,\"name\":\"Accueil\",\"item\":\"https:\\\/\\\/lda.be\\\/fr\\\/\"},{\"@type\":\"ListItem\",\"position\":2,\"name\":\"Produits\",\"item\":\"https:\\\/\\\/lda.be\\\/fr\\\/produits\\\/\"},{\"@type\":\"ListItem\",\"position\":3,\"name\":\"B s\u00e9rie cylindres \u00e0 course courte compacts\"}]},{\"@type\":\"WebSite\",\"@id\":\"https:\\\/\\\/lda.be\\\/fr\\\/#website\",\"url\":\"https:\\\/\\\/lda.be\\\/fr\\\/\",\"name\":\"LDA Belgium\",\"description\":\"Solutions For Life\",\"publisher\":{\"@id\":\"https:\\\/\\\/lda.be\\\/fr\\\/#organization\"},\"potentialAction\":[{\"@type\":\"SearchAction\",\"target\":{\"@type\":\"EntryPoint\",\"urlTemplate\":\"https:\\\/\\\/lda.be\\\/fr\\\/?s={search_term_string}\"},\"query-input\":{\"@type\":\"PropertyValueSpecification\",\"valueRequired\":true,\"valueName\":\"search_term_string\"}}],\"inLanguage\":\"fr-FR\"},{\"@type\":\"Organization\",\"@id\":\"https:\\\/\\\/lda.be\\\/fr\\\/#organization\",\"name\":\"LDA Belgium\",\"url\":\"https:\\\/\\\/lda.be\\\/fr\\\/\",\"logo\":{\"@type\":\"ImageObject\",\"inLanguage\":\"fr-FR\",\"@id\":\"https:\\\/\\\/lda.be\\\/fr\\\/#\\\/schema\\\/logo\\\/image\\\/\",\"url\":\"https:\\\/\\\/lda.be\\\/wp-content\\\/uploads\\\/2022\\\/07\\\/Logo-LDA.webp\",\"contentUrl\":\"https:\\\/\\\/lda.be\\\/wp-content\\\/uploads\\\/2022\\\/07\\\/Logo-LDA.webp\",\"width\":311,\"height\":101,\"caption\":\"LDA Belgium\"},\"image\":{\"@id\":\"https:\\\/\\\/lda.be\\\/fr\\\/#\\\/schema\\\/logo\\\/image\\\/\"},\"sameAs\":[\"https:\\\/\\\/www.linkedin.com\\\/company\\\/lda-belgium-nv\"]}]}<\/script>\n<!-- \/ Yoast SEO plugin. -->","yoast_head_json":{"title":"B s\u00e9rie cylindres \u00e0 course courte compacts - LDA Belgique","description":"D\u00e9couvrez les cylindres \u00e0 course courte (BS, BSM, BD, BDM) d'API, compacts et polyvalents, avec des al\u00e9sages de \u00d8 12 \u00e0 100 mm. Disponibles pour les syst\u00e8mes industriels.","robots":{"index":"index","follow":"follow","max-snippet":"max-snippet:-1","max-image-preview":"max-image-preview:large","max-video-preview":"max-video-preview:-1"},"canonical":"https:\/\/lda.be\/fr\/produit\/b-serie-cylindres-a-course-courte-compacts\/","og_locale":"fr_FR","og_type":"article","og_title":"B s\u00e9rie cylindres \u00e0 course courte compacts - LDA Belgique","og_description":"D\u00e9couvrez les cylindres \u00e0 course courte (BS, BSM, BD, BDM) d'API, compacts et polyvalents, avec des al\u00e9sages de \u00d8 12 \u00e0 100 mm. Disponibles pour les syst\u00e8mes industriels.","og_url":"https:\/\/lda.be\/fr\/produit\/b-serie-cylindres-a-course-courte-compacts\/","og_site_name":"LDA Belgique","article_modified_time":"2025-11-12T13:37:06+00:00","og_image":[{"width":1080,"height":1080,"url":"https:\/\/lda.be\/wp-content\/uploads\/2025\/11\/compact-cylinder-B-se.webp","type":"image\/webp"}],"twitter_card":"summary_large_image","twitter_misc":{"Dur\u00e9e de lecture estim\u00e9e":"1 minute"},"schema":{"@context":"https:\/\/schema.org","@graph":[{"@type":"WebPage","@id":"https:\/\/lda.be\/fr\/produit\/b-serie-cylindres-a-course-courte-compacts\/","url":"https:\/\/lda.be\/fr\/produit\/b-serie-cylindres-a-course-courte-compacts\/","name":"B s\u00e9rie cylindres \u00e0 course courte compacts - LDA Belgique","isPartOf":{"@id":"https:\/\/lda.be\/fr\/#website"},"primaryImageOfPage":{"@id":"https:\/\/lda.be\/fr\/produit\/b-serie-cylindres-a-course-courte-compacts\/#primaryimage"},"image":{"@id":"https:\/\/lda.be\/fr\/produit\/b-serie-cylindres-a-course-courte-compacts\/#primaryimage"},"thumbnailUrl":"https:\/\/lda.be\/wp-content\/uploads\/2025\/11\/compact-cylinder-B-se.webp","datePublished":"2025-11-12T13:25:14+00:00","dateModified":"2025-11-12T13:37:06+00:00","description":"D\u00e9couvrez les cylindres \u00e0 course courte (BS, BSM, BD, BDM) d'API, compacts et polyvalents, avec des al\u00e9sages de \u00d8 12 \u00e0 100 mm. Disponibles pour les syst\u00e8mes industriels.","breadcrumb":{"@id":"https:\/\/lda.be\/fr\/produit\/b-serie-cylindres-a-course-courte-compacts\/#breadcrumb"},"inLanguage":"fr-FR","potentialAction":[{"@type":"ReadAction","target":["https:\/\/lda.be\/fr\/produit\/b-serie-cylindres-a-course-courte-compacts\/"]}]},{"@type":"ImageObject","inLanguage":"fr-FR","@id":"https:\/\/lda.be\/fr\/produit\/b-serie-cylindres-a-course-courte-compacts\/#primaryimage","url":"https:\/\/lda.be\/wp-content\/uploads\/2025\/11\/compact-cylinder-B-se.webp","contentUrl":"https:\/\/lda.be\/wp-content\/uploads\/2025\/11\/compact-cylinder-B-se.webp","width":1080,"height":1080,"caption":"B serie korte compacte slagcilinders van API"},{"@type":"BreadcrumbList","@id":"https:\/\/lda.be\/fr\/produit\/b-serie-cylindres-a-course-courte-compacts\/#breadcrumb","itemListElement":[{"@type":"ListItem","position":1,"name":"Accueil","item":"https:\/\/lda.be\/fr\/"},{"@type":"ListItem","position":2,"name":"Produits","item":"https:\/\/lda.be\/fr\/produits\/"},{"@type":"ListItem","position":3,"name":"B s\u00e9rie cylindres \u00e0 course courte compacts"}]},{"@type":"WebSite","@id":"https:\/\/lda.be\/fr\/#website","url":"https:\/\/lda.be\/fr\/","name":"LDA Belgium","description":"Solutions For Life","publisher":{"@id":"https:\/\/lda.be\/fr\/#organization"},"potentialAction":[{"@type":"SearchAction","target":{"@type":"EntryPoint","urlTemplate":"https:\/\/lda.be\/fr\/?s={search_term_string}"},"query-input":{"@type":"PropertyValueSpecification","valueRequired":true,"valueName":"search_term_string"}}],"inLanguage":"fr-FR"},{"@type":"Organization","@id":"https:\/\/lda.be\/fr\/#organization","name":"LDA Belgium","url":"https:\/\/lda.be\/fr\/","logo":{"@type":"ImageObject","inLanguage":"fr-FR","@id":"https:\/\/lda.be\/fr\/#\/schema\/logo\/image\/","url":"https:\/\/lda.be\/wp-content\/uploads\/2022\/07\/Logo-LDA.webp","contentUrl":"https:\/\/lda.be\/wp-content\/uploads\/2022\/07\/Logo-LDA.webp","width":311,"height":101,"caption":"LDA Belgium"},"image":{"@id":"https:\/\/lda.be\/fr\/#\/schema\/logo\/image\/"},"sameAs":["https:\/\/www.linkedin.com\/company\/lda-belgium-nv"]}]}},"_links":{"self":[{"href":"https:\/\/lda.be\/fr\/wp-json\/wp\/v2\/product\/13535","targetHints":{"allow":["GET"]}}],"collection":[{"href":"https:\/\/lda.be\/fr\/wp-json\/wp\/v2\/product"}],"about":[{"href":"https:\/\/lda.be\/fr\/wp-json\/wp\/v2\/types\/product"}],"replies":[{"embeddable":true,"href":"https:\/\/lda.be\/fr\/wp-json\/wp\/v2\/comments?post=13535"}],"wp:featuredmedia":[{"embeddable":true,"href":"https:\/\/lda.be\/fr\/wp-json\/wp\/v2\/media\/13532"}],"wp:attachment":[{"href":"https:\/\/lda.be\/fr\/wp-json\/wp\/v2\/media?parent=13535"}],"wp:term":[{"taxonomy":"product_brand","embeddable":true,"href":"https:\/\/lda.be\/fr\/wp-json\/wp\/v2\/product_brand?post=13535"},{"taxonomy":"product_cat","embeddable":true,"href":"https:\/\/lda.be\/fr\/wp-json\/wp\/v2\/product_cat?post=13535"},{"taxonomy":"product_tag","embeddable":true,"href":"https:\/\/lda.be\/fr\/wp-json\/wp\/v2\/product_tag?post=13535"}],"curies":[{"name":"wp","href":"https:\/\/api.w.org\/{rel}","templated":true}]}}