{"id":13546,"date":"2025-11-12T15:04:36","date_gmt":"2025-11-12T14:04:36","guid":{"rendered":"https:\/\/lda.be\/?post_type=product&#038;p=13546"},"modified":"2025-11-12T15:09:55","modified_gmt":"2025-11-12T14:09:55","slug":"cl-serie-verins-cylindrique-compacts","status":"publish","type":"product","link":"https:\/\/lda.be\/fr\/produit\/cl-serie-verins-cylindrique-compacts\/","title":{"rendered":"CL s\u00e9rie v\u00e9rins cylindrique compacts"},"content":{"rendered":"<p>Les <strong>v\u00e9rins compacts s\u00e9rie CL (CLS, CLD, CLB)<\/strong> sont des v\u00e9rins aux dimensions r\u00e9duites, disponibles avec des al\u00e9sages de \u00d8 125 \u00e0 250 mm. Ces v\u00e9rins sont propos\u00e9s en version simple effet (CLS) ou double effet (CLD, CLB), magn\u00e9tiques, avec filetage femelle. Les CLS et CLD ont un tube rond avec tirants, tandis que le CLB dispose d&#8217;un tube profil\u00e9 sp\u00e9cial avec tirants internes. Ils r\u00e9pondent aux directives Reach, RoHS et sont certifi\u00e9s SIL, avec des versions ATEX disponibles sur demande.<\/p>\n","protected":false},"excerpt":{"rendered":"<p>Les v\u00e9rins compacts s\u00e9rie CL (CLS, CLD, CLB) sont des v\u00e9rins aux dimensions r\u00e9duites, disponibles avec des al\u00e9sages de \u00d8 125 \u00e0 250 mm. Ces v\u00e9rins sont propos\u00e9s en version simple effet (CLS) ou double effet (CLD, CLB), magn\u00e9tiques, avec filetage femelle. Les CLS et CLD ont un tube rond avec tirants, tandis que le [&hellip;]<\/p>\n","protected":false},"featured_media":13537,"comment_status":"closed","ping_status":"closed","template":"","meta":[],"product_brand":[1831,1832],"product_cat":[1830],"product_tag":[],"class_list":{"0":"post-13546","1":"product","2":"type-product","3":"status-publish","4":"has-post-thumbnail","6":"product_brand-api","7":"product_brand-cylinders","8":"product_cat-verins-compacts","10":"first","11":"instock","12":"shipping-taxable","13":"product-type-simple"},"yoast_head":"<!-- This site is optimized with the Yoast SEO plugin v27.3 - https:\/\/yoast.com\/product\/yoast-seo-wordpress\/ -->\n<title>CL s\u00e9rie v\u00e9rins cylindrique compacts - LDA Belgique<\/title>\n<meta name=\"description\" content=\"D\u00e9couvrez les v\u00e9rins compacts s\u00e9rie CL (CLS, CLD, CLB) d&#039;API, avec des al\u00e9sages de \u00d8 125 \u00e0 250 mm. Id\u00e9aux pour l&#039;automatisation des processus et les applications industrielles.\" \/>\n<meta name=\"robots\" content=\"index, follow, max-snippet:-1, max-image-preview:large, max-video-preview:-1\" \/>\n<link rel=\"canonical\" href=\"https:\/\/lda.be\/fr\/produit\/cl-serie-verins-cylindrique-compacts\/\" \/>\n<meta property=\"og:locale\" content=\"fr_FR\" \/>\n<meta property=\"og:type\" content=\"article\" \/>\n<meta property=\"og:title\" content=\"CL s\u00e9rie v\u00e9rins cylindrique compacts - LDA Belgique\" \/>\n<meta property=\"og:description\" content=\"D\u00e9couvrez les v\u00e9rins compacts s\u00e9rie CL (CLS, CLD, CLB) d&#039;API, avec des al\u00e9sages de \u00d8 125 \u00e0 250 mm. Id\u00e9aux pour l&#039;automatisation des processus et les applications industrielles.\" \/>\n<meta property=\"og:url\" content=\"https:\/\/lda.be\/fr\/produit\/cl-serie-verins-cylindrique-compacts\/\" \/>\n<meta property=\"og:site_name\" content=\"LDA Belgique\" \/>\n<meta property=\"article:modified_time\" content=\"2025-11-12T14:09:55+00:00\" \/>\n<meta property=\"og:image\" content=\"https:\/\/lda.be\/wp-content\/uploads\/2025\/11\/CL-serie-compact-cylinder.webp\" \/>\n\t<meta property=\"og:image:width\" content=\"1080\" \/>\n\t<meta property=\"og:image:height\" content=\"1080\" \/>\n\t<meta property=\"og:image:type\" content=\"image\/webp\" \/>\n<meta name=\"twitter:card\" content=\"summary_large_image\" \/>\n<meta name=\"twitter:label1\" content=\"Dur\u00e9e de lecture estim\u00e9e\" \/>\n\t<meta name=\"twitter:data1\" content=\"1 minute\" \/>\n<script type=\"application\/ld+json\" class=\"yoast-schema-graph\">{\"@context\":\"https:\\\/\\\/schema.org\",\"@graph\":[{\"@type\":\"WebPage\",\"@id\":\"https:\\\/\\\/lda.be\\\/fr\\\/produit\\\/cl-serie-verins-cylindrique-compacts\\\/\",\"url\":\"https:\\\/\\\/lda.be\\\/fr\\\/produit\\\/cl-serie-verins-cylindrique-compacts\\\/\",\"name\":\"CL s\u00e9rie v\u00e9rins cylindrique compacts - LDA Belgique\",\"isPartOf\":{\"@id\":\"https:\\\/\\\/lda.be\\\/fr\\\/#website\"},\"primaryImageOfPage\":{\"@id\":\"https:\\\/\\\/lda.be\\\/fr\\\/produit\\\/cl-serie-verins-cylindrique-compacts\\\/#primaryimage\"},\"image\":{\"@id\":\"https:\\\/\\\/lda.be\\\/fr\\\/produit\\\/cl-serie-verins-cylindrique-compacts\\\/#primaryimage\"},\"thumbnailUrl\":\"https:\\\/\\\/lda.be\\\/wp-content\\\/uploads\\\/2025\\\/11\\\/CL-serie-compact-cylinder.webp\",\"datePublished\":\"2025-11-12T14:04:36+00:00\",\"dateModified\":\"2025-11-12T14:09:55+00:00\",\"description\":\"D\u00e9couvrez les v\u00e9rins compacts s\u00e9rie CL (CLS, CLD, CLB) d'API, avec des al\u00e9sages de \u00d8 125 \u00e0 250 mm. Id\u00e9aux pour l'automatisation des processus et les applications industrielles.\",\"breadcrumb\":{\"@id\":\"https:\\\/\\\/lda.be\\\/fr\\\/produit\\\/cl-serie-verins-cylindrique-compacts\\\/#breadcrumb\"},\"inLanguage\":\"fr-FR\",\"potentialAction\":[{\"@type\":\"ReadAction\",\"target\":[\"https:\\\/\\\/lda.be\\\/fr\\\/produit\\\/cl-serie-verins-cylindrique-compacts\\\/\"]}]},{\"@type\":\"ImageObject\",\"inLanguage\":\"fr-FR\",\"@id\":\"https:\\\/\\\/lda.be\\\/fr\\\/produit\\\/cl-serie-verins-cylindrique-compacts\\\/#primaryimage\",\"url\":\"https:\\\/\\\/lda.be\\\/wp-content\\\/uploads\\\/2025\\\/11\\\/CL-serie-compact-cylinder.webp\",\"contentUrl\":\"https:\\\/\\\/lda.be\\\/wp-content\\\/uploads\\\/2025\\\/11\\\/CL-serie-compact-cylinder.webp\",\"width\":1080,\"height\":1080},{\"@type\":\"BreadcrumbList\",\"@id\":\"https:\\\/\\\/lda.be\\\/fr\\\/produit\\\/cl-serie-verins-cylindrique-compacts\\\/#breadcrumb\",\"itemListElement\":[{\"@type\":\"ListItem\",\"position\":1,\"name\":\"Accueil\",\"item\":\"https:\\\/\\\/lda.be\\\/fr\\\/\"},{\"@type\":\"ListItem\",\"position\":2,\"name\":\"Produits\",\"item\":\"https:\\\/\\\/lda.be\\\/fr\\\/produits\\\/\"},{\"@type\":\"ListItem\",\"position\":3,\"name\":\"CL s\u00e9rie v\u00e9rins cylindrique compacts\"}]},{\"@type\":\"WebSite\",\"@id\":\"https:\\\/\\\/lda.be\\\/fr\\\/#website\",\"url\":\"https:\\\/\\\/lda.be\\\/fr\\\/\",\"name\":\"LDA Belgium\",\"description\":\"Solutions For Life\",\"publisher\":{\"@id\":\"https:\\\/\\\/lda.be\\\/fr\\\/#organization\"},\"potentialAction\":[{\"@type\":\"SearchAction\",\"target\":{\"@type\":\"EntryPoint\",\"urlTemplate\":\"https:\\\/\\\/lda.be\\\/fr\\\/?s={search_term_string}\"},\"query-input\":{\"@type\":\"PropertyValueSpecification\",\"valueRequired\":true,\"valueName\":\"search_term_string\"}}],\"inLanguage\":\"fr-FR\"},{\"@type\":\"Organization\",\"@id\":\"https:\\\/\\\/lda.be\\\/fr\\\/#organization\",\"name\":\"LDA Belgium\",\"url\":\"https:\\\/\\\/lda.be\\\/fr\\\/\",\"logo\":{\"@type\":\"ImageObject\",\"inLanguage\":\"fr-FR\",\"@id\":\"https:\\\/\\\/lda.be\\\/fr\\\/#\\\/schema\\\/logo\\\/image\\\/\",\"url\":\"https:\\\/\\\/lda.be\\\/wp-content\\\/uploads\\\/2022\\\/07\\\/Logo-LDA.webp\",\"contentUrl\":\"https:\\\/\\\/lda.be\\\/wp-content\\\/uploads\\\/2022\\\/07\\\/Logo-LDA.webp\",\"width\":311,\"height\":101,\"caption\":\"LDA Belgium\"},\"image\":{\"@id\":\"https:\\\/\\\/lda.be\\\/fr\\\/#\\\/schema\\\/logo\\\/image\\\/\"},\"sameAs\":[\"https:\\\/\\\/www.linkedin.com\\\/company\\\/lda-belgium-nv\"]}]}<\/script>\n<!-- \/ Yoast SEO plugin. -->","yoast_head_json":{"title":"CL s\u00e9rie v\u00e9rins cylindrique compacts - LDA Belgique","description":"D\u00e9couvrez les v\u00e9rins compacts s\u00e9rie CL (CLS, CLD, CLB) d'API, avec des al\u00e9sages de \u00d8 125 \u00e0 250 mm. Id\u00e9aux pour l'automatisation des processus et les applications industrielles.","robots":{"index":"index","follow":"follow","max-snippet":"max-snippet:-1","max-image-preview":"max-image-preview:large","max-video-preview":"max-video-preview:-1"},"canonical":"https:\/\/lda.be\/fr\/produit\/cl-serie-verins-cylindrique-compacts\/","og_locale":"fr_FR","og_type":"article","og_title":"CL s\u00e9rie v\u00e9rins cylindrique compacts - LDA Belgique","og_description":"D\u00e9couvrez les v\u00e9rins compacts s\u00e9rie CL (CLS, CLD, CLB) d'API, avec des al\u00e9sages de \u00d8 125 \u00e0 250 mm. Id\u00e9aux pour l'automatisation des processus et les applications industrielles.","og_url":"https:\/\/lda.be\/fr\/produit\/cl-serie-verins-cylindrique-compacts\/","og_site_name":"LDA Belgique","article_modified_time":"2025-11-12T14:09:55+00:00","og_image":[{"width":1080,"height":1080,"url":"https:\/\/lda.be\/wp-content\/uploads\/2025\/11\/CL-serie-compact-cylinder.webp","type":"image\/webp"}],"twitter_card":"summary_large_image","twitter_misc":{"Dur\u00e9e de lecture estim\u00e9e":"1 minute"},"schema":{"@context":"https:\/\/schema.org","@graph":[{"@type":"WebPage","@id":"https:\/\/lda.be\/fr\/produit\/cl-serie-verins-cylindrique-compacts\/","url":"https:\/\/lda.be\/fr\/produit\/cl-serie-verins-cylindrique-compacts\/","name":"CL s\u00e9rie v\u00e9rins cylindrique compacts - LDA Belgique","isPartOf":{"@id":"https:\/\/lda.be\/fr\/#website"},"primaryImageOfPage":{"@id":"https:\/\/lda.be\/fr\/produit\/cl-serie-verins-cylindrique-compacts\/#primaryimage"},"image":{"@id":"https:\/\/lda.be\/fr\/produit\/cl-serie-verins-cylindrique-compacts\/#primaryimage"},"thumbnailUrl":"https:\/\/lda.be\/wp-content\/uploads\/2025\/11\/CL-serie-compact-cylinder.webp","datePublished":"2025-11-12T14:04:36+00:00","dateModified":"2025-11-12T14:09:55+00:00","description":"D\u00e9couvrez les v\u00e9rins compacts s\u00e9rie CL (CLS, CLD, CLB) d'API, avec des al\u00e9sages de \u00d8 125 \u00e0 250 mm. Id\u00e9aux pour l'automatisation des processus et les applications industrielles.","breadcrumb":{"@id":"https:\/\/lda.be\/fr\/produit\/cl-serie-verins-cylindrique-compacts\/#breadcrumb"},"inLanguage":"fr-FR","potentialAction":[{"@type":"ReadAction","target":["https:\/\/lda.be\/fr\/produit\/cl-serie-verins-cylindrique-compacts\/"]}]},{"@type":"ImageObject","inLanguage":"fr-FR","@id":"https:\/\/lda.be\/fr\/produit\/cl-serie-verins-cylindrique-compacts\/#primaryimage","url":"https:\/\/lda.be\/wp-content\/uploads\/2025\/11\/CL-serie-compact-cylinder.webp","contentUrl":"https:\/\/lda.be\/wp-content\/uploads\/2025\/11\/CL-serie-compact-cylinder.webp","width":1080,"height":1080},{"@type":"BreadcrumbList","@id":"https:\/\/lda.be\/fr\/produit\/cl-serie-verins-cylindrique-compacts\/#breadcrumb","itemListElement":[{"@type":"ListItem","position":1,"name":"Accueil","item":"https:\/\/lda.be\/fr\/"},{"@type":"ListItem","position":2,"name":"Produits","item":"https:\/\/lda.be\/fr\/produits\/"},{"@type":"ListItem","position":3,"name":"CL s\u00e9rie v\u00e9rins cylindrique compacts"}]},{"@type":"WebSite","@id":"https:\/\/lda.be\/fr\/#website","url":"https:\/\/lda.be\/fr\/","name":"LDA Belgium","description":"Solutions For Life","publisher":{"@id":"https:\/\/lda.be\/fr\/#organization"},"potentialAction":[{"@type":"SearchAction","target":{"@type":"EntryPoint","urlTemplate":"https:\/\/lda.be\/fr\/?s={search_term_string}"},"query-input":{"@type":"PropertyValueSpecification","valueRequired":true,"valueName":"search_term_string"}}],"inLanguage":"fr-FR"},{"@type":"Organization","@id":"https:\/\/lda.be\/fr\/#organization","name":"LDA Belgium","url":"https:\/\/lda.be\/fr\/","logo":{"@type":"ImageObject","inLanguage":"fr-FR","@id":"https:\/\/lda.be\/fr\/#\/schema\/logo\/image\/","url":"https:\/\/lda.be\/wp-content\/uploads\/2022\/07\/Logo-LDA.webp","contentUrl":"https:\/\/lda.be\/wp-content\/uploads\/2022\/07\/Logo-LDA.webp","width":311,"height":101,"caption":"LDA Belgium"},"image":{"@id":"https:\/\/lda.be\/fr\/#\/schema\/logo\/image\/"},"sameAs":["https:\/\/www.linkedin.com\/company\/lda-belgium-nv"]}]}},"_links":{"self":[{"href":"https:\/\/lda.be\/fr\/wp-json\/wp\/v2\/product\/13546","targetHints":{"allow":["GET"]}}],"collection":[{"href":"https:\/\/lda.be\/fr\/wp-json\/wp\/v2\/product"}],"about":[{"href":"https:\/\/lda.be\/fr\/wp-json\/wp\/v2\/types\/product"}],"replies":[{"embeddable":true,"href":"https:\/\/lda.be\/fr\/wp-json\/wp\/v2\/comments?post=13546"}],"wp:featuredmedia":[{"embeddable":true,"href":"https:\/\/lda.be\/fr\/wp-json\/wp\/v2\/media\/13537"}],"wp:attachment":[{"href":"https:\/\/lda.be\/fr\/wp-json\/wp\/v2\/media?parent=13546"}],"wp:term":[{"taxonomy":"product_brand","embeddable":true,"href":"https:\/\/lda.be\/fr\/wp-json\/wp\/v2\/product_brand?post=13546"},{"taxonomy":"product_cat","embeddable":true,"href":"https:\/\/lda.be\/fr\/wp-json\/wp\/v2\/product_cat?post=13546"},{"taxonomy":"product_tag","embeddable":true,"href":"https:\/\/lda.be\/fr\/wp-json\/wp\/v2\/product_tag?post=13546"}],"curies":[{"name":"wp","href":"https:\/\/api.w.org\/{rel}","templated":true}]}}