{"id":13555,"date":"2025-11-12T16:07:33","date_gmt":"2025-11-12T15:07:33","guid":{"rendered":"https:\/\/lda.be\/?post_type=product&#038;p=13555"},"modified":"2025-11-12T16:43:42","modified_gmt":"2025-11-12T15:43:42","slug":"cylindres-compacts-guides-serie-ge","status":"publish","type":"product","link":"https:\/\/lda.be\/fr\/produit\/cylindres-compacts-guides-serie-ge\/","title":{"rendered":"Cylindres compacts guid\u00e9s s\u00e9rie GE"},"content":{"rendered":"<p>Les <strong>v\u00e9rins compacts guid\u00e9s s\u00e9rie GE (GEDB, GEDS, GPB, GPS)<\/strong> sont des v\u00e9rins guid\u00e9s compacts, disponibles avec des al\u00e9sages de \u00d8 6 \u00e0 100 mm. Ces v\u00e9rins sont double effet, magn\u00e9tiques et \u00e9quip\u00e9s de paliers autolubrifiants (GEDB, GPB) ou de paliers sph\u00e9riques (GEDS, GPS). Les GEDB et GEDS disposent de tubes rainur\u00e9s pour le montage direct des interrupteurs \u00e0 lames souples magn\u00e9tiques. Ils r\u00e9pondent aux directives Reach et RoHS et sont disponibles sur demande selon la directive ATEX.<\/p>\n","protected":false},"excerpt":{"rendered":"<p>Les v\u00e9rins compacts guid\u00e9s s\u00e9rie GE (GEDB, GEDS, GPB, GPS) sont des v\u00e9rins guid\u00e9s compacts, disponibles avec des al\u00e9sages de \u00d8 6 \u00e0 100 mm. Ces v\u00e9rins sont double effet, magn\u00e9tiques et \u00e9quip\u00e9s de paliers autolubrifiants (GEDB, GPB) ou de paliers sph\u00e9riques (GEDS, GPS). Les GEDB et GEDS disposent de tubes rainur\u00e9s pour le montage [&hellip;]<\/p>\n","protected":false},"featured_media":13553,"comment_status":"closed","ping_status":"closed","template":"","meta":[],"product_brand":[1831,1832],"product_cat":[1830,1050],"product_tag":[],"class_list":{"0":"post-13555","1":"product","2":"type-product","3":"status-publish","4":"has-post-thumbnail","6":"product_brand-api","7":"product_brand-cylinders","8":"product_cat-verins-compacts","9":"product_cat-verins-guides","11":"first","12":"instock","13":"shipping-taxable","14":"product-type-simple"},"yoast_head":"<!-- This site is optimized with the Yoast SEO plugin v27.3 - https:\/\/yoast.com\/product\/yoast-seo-wordpress\/ -->\n<title>Cylindres compacts guid\u00e9s s\u00e9rie GE - LDA Belgique<\/title>\n<meta name=\"description\" content=\"D\u00e9couvrez les cylindres compacts guid\u00e9s s\u00e9rie GE (GEDB, GEDS, GPB, GPS), avec des al\u00e9sages de \u00d8 6 \u00e0 100 mm. Id\u00e9aux pour un guidage pr\u00e9cis et des charges lourdes.\" \/>\n<meta name=\"robots\" content=\"index, follow, max-snippet:-1, max-image-preview:large, max-video-preview:-1\" \/>\n<link rel=\"canonical\" href=\"https:\/\/lda.be\/fr\/produit\/cylindres-compacts-guides-serie-ge\/\" \/>\n<meta property=\"og:locale\" content=\"fr_FR\" \/>\n<meta property=\"og:type\" content=\"article\" \/>\n<meta property=\"og:title\" content=\"Cylindres compacts guid\u00e9s s\u00e9rie GE - LDA Belgique\" \/>\n<meta property=\"og:description\" content=\"D\u00e9couvrez les cylindres compacts guid\u00e9s s\u00e9rie GE (GEDB, GEDS, GPB, GPS), avec des al\u00e9sages de \u00d8 6 \u00e0 100 mm. Id\u00e9aux pour un guidage pr\u00e9cis et des charges lourdes.\" \/>\n<meta property=\"og:url\" content=\"https:\/\/lda.be\/fr\/produit\/cylindres-compacts-guides-serie-ge\/\" \/>\n<meta property=\"og:site_name\" content=\"LDA Belgique\" \/>\n<meta property=\"article:modified_time\" content=\"2025-11-12T15:43:42+00:00\" \/>\n<meta property=\"og:image\" content=\"https:\/\/lda.be\/wp-content\/uploads\/2025\/11\/GE-compact-cilinder.webp\" \/>\n\t<meta property=\"og:image:width\" content=\"1080\" \/>\n\t<meta property=\"og:image:height\" content=\"1080\" \/>\n\t<meta property=\"og:image:type\" content=\"image\/webp\" \/>\n<meta name=\"twitter:card\" content=\"summary_large_image\" \/>\n<meta name=\"twitter:label1\" content=\"Dur\u00e9e de lecture estim\u00e9e\" \/>\n\t<meta name=\"twitter:data1\" content=\"1 minute\" \/>\n<script type=\"application\/ld+json\" class=\"yoast-schema-graph\">{\"@context\":\"https:\\\/\\\/schema.org\",\"@graph\":[{\"@type\":\"WebPage\",\"@id\":\"https:\\\/\\\/lda.be\\\/fr\\\/produit\\\/cylindres-compacts-guides-serie-ge\\\/\",\"url\":\"https:\\\/\\\/lda.be\\\/fr\\\/produit\\\/cylindres-compacts-guides-serie-ge\\\/\",\"name\":\"Cylindres compacts guid\u00e9s s\u00e9rie GE - LDA Belgique\",\"isPartOf\":{\"@id\":\"https:\\\/\\\/lda.be\\\/fr\\\/#website\"},\"primaryImageOfPage\":{\"@id\":\"https:\\\/\\\/lda.be\\\/fr\\\/produit\\\/cylindres-compacts-guides-serie-ge\\\/#primaryimage\"},\"image\":{\"@id\":\"https:\\\/\\\/lda.be\\\/fr\\\/produit\\\/cylindres-compacts-guides-serie-ge\\\/#primaryimage\"},\"thumbnailUrl\":\"https:\\\/\\\/lda.be\\\/wp-content\\\/uploads\\\/2025\\\/11\\\/GE-compact-cilinder.webp\",\"datePublished\":\"2025-11-12T15:07:33+00:00\",\"dateModified\":\"2025-11-12T15:43:42+00:00\",\"description\":\"D\u00e9couvrez les cylindres compacts guid\u00e9s s\u00e9rie GE (GEDB, GEDS, GPB, GPS), avec des al\u00e9sages de \u00d8 6 \u00e0 100 mm. Id\u00e9aux pour un guidage pr\u00e9cis et des charges lourdes.\",\"breadcrumb\":{\"@id\":\"https:\\\/\\\/lda.be\\\/fr\\\/produit\\\/cylindres-compacts-guides-serie-ge\\\/#breadcrumb\"},\"inLanguage\":\"fr-FR\",\"potentialAction\":[{\"@type\":\"ReadAction\",\"target\":[\"https:\\\/\\\/lda.be\\\/fr\\\/produit\\\/cylindres-compacts-guides-serie-ge\\\/\"]}]},{\"@type\":\"ImageObject\",\"inLanguage\":\"fr-FR\",\"@id\":\"https:\\\/\\\/lda.be\\\/fr\\\/produit\\\/cylindres-compacts-guides-serie-ge\\\/#primaryimage\",\"url\":\"https:\\\/\\\/lda.be\\\/wp-content\\\/uploads\\\/2025\\\/11\\\/GE-compact-cilinder.webp\",\"contentUrl\":\"https:\\\/\\\/lda.be\\\/wp-content\\\/uploads\\\/2025\\\/11\\\/GE-compact-cilinder.webp\",\"width\":1080,\"height\":1080,\"caption\":\"GE compact cilinder\"},{\"@type\":\"BreadcrumbList\",\"@id\":\"https:\\\/\\\/lda.be\\\/fr\\\/produit\\\/cylindres-compacts-guides-serie-ge\\\/#breadcrumb\",\"itemListElement\":[{\"@type\":\"ListItem\",\"position\":1,\"name\":\"Accueil\",\"item\":\"https:\\\/\\\/lda.be\\\/fr\\\/\"},{\"@type\":\"ListItem\",\"position\":2,\"name\":\"Produits\",\"item\":\"https:\\\/\\\/lda.be\\\/fr\\\/produits\\\/\"},{\"@type\":\"ListItem\",\"position\":3,\"name\":\"Cylindres compacts guid\u00e9s s\u00e9rie GE\"}]},{\"@type\":\"WebSite\",\"@id\":\"https:\\\/\\\/lda.be\\\/fr\\\/#website\",\"url\":\"https:\\\/\\\/lda.be\\\/fr\\\/\",\"name\":\"LDA Belgium\",\"description\":\"Solutions For Life\",\"publisher\":{\"@id\":\"https:\\\/\\\/lda.be\\\/fr\\\/#organization\"},\"potentialAction\":[{\"@type\":\"SearchAction\",\"target\":{\"@type\":\"EntryPoint\",\"urlTemplate\":\"https:\\\/\\\/lda.be\\\/fr\\\/?s={search_term_string}\"},\"query-input\":{\"@type\":\"PropertyValueSpecification\",\"valueRequired\":true,\"valueName\":\"search_term_string\"}}],\"inLanguage\":\"fr-FR\"},{\"@type\":\"Organization\",\"@id\":\"https:\\\/\\\/lda.be\\\/fr\\\/#organization\",\"name\":\"LDA Belgium\",\"url\":\"https:\\\/\\\/lda.be\\\/fr\\\/\",\"logo\":{\"@type\":\"ImageObject\",\"inLanguage\":\"fr-FR\",\"@id\":\"https:\\\/\\\/lda.be\\\/fr\\\/#\\\/schema\\\/logo\\\/image\\\/\",\"url\":\"https:\\\/\\\/lda.be\\\/wp-content\\\/uploads\\\/2022\\\/07\\\/Logo-LDA.webp\",\"contentUrl\":\"https:\\\/\\\/lda.be\\\/wp-content\\\/uploads\\\/2022\\\/07\\\/Logo-LDA.webp\",\"width\":311,\"height\":101,\"caption\":\"LDA Belgium\"},\"image\":{\"@id\":\"https:\\\/\\\/lda.be\\\/fr\\\/#\\\/schema\\\/logo\\\/image\\\/\"},\"sameAs\":[\"https:\\\/\\\/www.linkedin.com\\\/company\\\/lda-belgium-nv\"]}]}<\/script>\n<!-- \/ Yoast SEO plugin. -->","yoast_head_json":{"title":"Cylindres compacts guid\u00e9s s\u00e9rie GE - LDA Belgique","description":"D\u00e9couvrez les cylindres compacts guid\u00e9s s\u00e9rie GE (GEDB, GEDS, GPB, GPS), avec des al\u00e9sages de \u00d8 6 \u00e0 100 mm. Id\u00e9aux pour un guidage pr\u00e9cis et des charges lourdes.","robots":{"index":"index","follow":"follow","max-snippet":"max-snippet:-1","max-image-preview":"max-image-preview:large","max-video-preview":"max-video-preview:-1"},"canonical":"https:\/\/lda.be\/fr\/produit\/cylindres-compacts-guides-serie-ge\/","og_locale":"fr_FR","og_type":"article","og_title":"Cylindres compacts guid\u00e9s s\u00e9rie GE - LDA Belgique","og_description":"D\u00e9couvrez les cylindres compacts guid\u00e9s s\u00e9rie GE (GEDB, GEDS, GPB, GPS), avec des al\u00e9sages de \u00d8 6 \u00e0 100 mm. Id\u00e9aux pour un guidage pr\u00e9cis et des charges lourdes.","og_url":"https:\/\/lda.be\/fr\/produit\/cylindres-compacts-guides-serie-ge\/","og_site_name":"LDA Belgique","article_modified_time":"2025-11-12T15:43:42+00:00","og_image":[{"width":1080,"height":1080,"url":"https:\/\/lda.be\/wp-content\/uploads\/2025\/11\/GE-compact-cilinder.webp","type":"image\/webp"}],"twitter_card":"summary_large_image","twitter_misc":{"Dur\u00e9e de lecture estim\u00e9e":"1 minute"},"schema":{"@context":"https:\/\/schema.org","@graph":[{"@type":"WebPage","@id":"https:\/\/lda.be\/fr\/produit\/cylindres-compacts-guides-serie-ge\/","url":"https:\/\/lda.be\/fr\/produit\/cylindres-compacts-guides-serie-ge\/","name":"Cylindres compacts guid\u00e9s s\u00e9rie GE - LDA Belgique","isPartOf":{"@id":"https:\/\/lda.be\/fr\/#website"},"primaryImageOfPage":{"@id":"https:\/\/lda.be\/fr\/produit\/cylindres-compacts-guides-serie-ge\/#primaryimage"},"image":{"@id":"https:\/\/lda.be\/fr\/produit\/cylindres-compacts-guides-serie-ge\/#primaryimage"},"thumbnailUrl":"https:\/\/lda.be\/wp-content\/uploads\/2025\/11\/GE-compact-cilinder.webp","datePublished":"2025-11-12T15:07:33+00:00","dateModified":"2025-11-12T15:43:42+00:00","description":"D\u00e9couvrez les cylindres compacts guid\u00e9s s\u00e9rie GE (GEDB, GEDS, GPB, GPS), avec des al\u00e9sages de \u00d8 6 \u00e0 100 mm. Id\u00e9aux pour un guidage pr\u00e9cis et des charges lourdes.","breadcrumb":{"@id":"https:\/\/lda.be\/fr\/produit\/cylindres-compacts-guides-serie-ge\/#breadcrumb"},"inLanguage":"fr-FR","potentialAction":[{"@type":"ReadAction","target":["https:\/\/lda.be\/fr\/produit\/cylindres-compacts-guides-serie-ge\/"]}]},{"@type":"ImageObject","inLanguage":"fr-FR","@id":"https:\/\/lda.be\/fr\/produit\/cylindres-compacts-guides-serie-ge\/#primaryimage","url":"https:\/\/lda.be\/wp-content\/uploads\/2025\/11\/GE-compact-cilinder.webp","contentUrl":"https:\/\/lda.be\/wp-content\/uploads\/2025\/11\/GE-compact-cilinder.webp","width":1080,"height":1080,"caption":"GE compact cilinder"},{"@type":"BreadcrumbList","@id":"https:\/\/lda.be\/fr\/produit\/cylindres-compacts-guides-serie-ge\/#breadcrumb","itemListElement":[{"@type":"ListItem","position":1,"name":"Accueil","item":"https:\/\/lda.be\/fr\/"},{"@type":"ListItem","position":2,"name":"Produits","item":"https:\/\/lda.be\/fr\/produits\/"},{"@type":"ListItem","position":3,"name":"Cylindres compacts guid\u00e9s s\u00e9rie GE"}]},{"@type":"WebSite","@id":"https:\/\/lda.be\/fr\/#website","url":"https:\/\/lda.be\/fr\/","name":"LDA Belgium","description":"Solutions For Life","publisher":{"@id":"https:\/\/lda.be\/fr\/#organization"},"potentialAction":[{"@type":"SearchAction","target":{"@type":"EntryPoint","urlTemplate":"https:\/\/lda.be\/fr\/?s={search_term_string}"},"query-input":{"@type":"PropertyValueSpecification","valueRequired":true,"valueName":"search_term_string"}}],"inLanguage":"fr-FR"},{"@type":"Organization","@id":"https:\/\/lda.be\/fr\/#organization","name":"LDA Belgium","url":"https:\/\/lda.be\/fr\/","logo":{"@type":"ImageObject","inLanguage":"fr-FR","@id":"https:\/\/lda.be\/fr\/#\/schema\/logo\/image\/","url":"https:\/\/lda.be\/wp-content\/uploads\/2022\/07\/Logo-LDA.webp","contentUrl":"https:\/\/lda.be\/wp-content\/uploads\/2022\/07\/Logo-LDA.webp","width":311,"height":101,"caption":"LDA Belgium"},"image":{"@id":"https:\/\/lda.be\/fr\/#\/schema\/logo\/image\/"},"sameAs":["https:\/\/www.linkedin.com\/company\/lda-belgium-nv"]}]}},"_links":{"self":[{"href":"https:\/\/lda.be\/fr\/wp-json\/wp\/v2\/product\/13555","targetHints":{"allow":["GET"]}}],"collection":[{"href":"https:\/\/lda.be\/fr\/wp-json\/wp\/v2\/product"}],"about":[{"href":"https:\/\/lda.be\/fr\/wp-json\/wp\/v2\/types\/product"}],"replies":[{"embeddable":true,"href":"https:\/\/lda.be\/fr\/wp-json\/wp\/v2\/comments?post=13555"}],"wp:featuredmedia":[{"embeddable":true,"href":"https:\/\/lda.be\/fr\/wp-json\/wp\/v2\/media\/13553"}],"wp:attachment":[{"href":"https:\/\/lda.be\/fr\/wp-json\/wp\/v2\/media?parent=13555"}],"wp:term":[{"taxonomy":"product_brand","embeddable":true,"href":"https:\/\/lda.be\/fr\/wp-json\/wp\/v2\/product_brand?post=13555"},{"taxonomy":"product_cat","embeddable":true,"href":"https:\/\/lda.be\/fr\/wp-json\/wp\/v2\/product_cat?post=13555"},{"taxonomy":"product_tag","embeddable":true,"href":"https:\/\/lda.be\/fr\/wp-json\/wp\/v2\/product_tag?post=13555"}],"curies":[{"name":"wp","href":"https:\/\/api.w.org\/{rel}","templated":true}]}}