{"id":13567,"date":"2025-11-13T14:16:54","date_gmt":"2025-11-13T13:16:54","guid":{"rendered":"https:\/\/lda.be\/?post_type=product&#038;p=13567"},"modified":"2025-11-13T14:22:54","modified_gmt":"2025-11-13T13:22:54","slug":"gp-serie-cylindres-compacts-guides","status":"publish","type":"product","link":"https:\/\/lda.be\/fr\/produit\/gp-serie-cylindres-compacts-guides\/","title":{"rendered":"GP s\u00e9rie cylindres compacts guid\u00e9s"},"content":{"rendered":"<p>Les v\u00e9rins compacts guid\u00e9s s\u00e9rie GP (GPB et GPS)\u00a0sont des v\u00e9rins double effet, disponibles avec des al\u00e9sages de \u00d8 12 \u00e0 63 mm. Ces v\u00e9rins sont magn\u00e9tiques et con\u00e7us pour des applications n\u00e9cessitant une r\u00e9sistance \u00e9lev\u00e9e \u00e0 la torsion et aux charges lat\u00e9rales. Le GPB est \u00e9quip\u00e9 de paliers autolubrifiants, tandis que le GPS dispose de paliers sph\u00e9riques. Les deux types sont fabriqu\u00e9s en aluminium massif, offrant une solution robuste pour un guidage pr\u00e9cis dans les environnements industriels.<\/p>\n","protected":false},"excerpt":{"rendered":"<p>Les v\u00e9rins compacts guid\u00e9s s\u00e9rie GP (GPB et GPS)\u00a0sont des v\u00e9rins double effet, disponibles avec des al\u00e9sages de \u00d8 12 \u00e0 63 mm. Ces v\u00e9rins sont magn\u00e9tiques et con\u00e7us pour des applications n\u00e9cessitant une r\u00e9sistance \u00e9lev\u00e9e \u00e0 la torsion et aux charges lat\u00e9rales. Le GPB est \u00e9quip\u00e9 de paliers autolubrifiants, tandis que le GPS dispose [&hellip;]<\/p>\n","protected":false},"featured_media":13565,"comment_status":"closed","ping_status":"closed","template":"","meta":[],"product_brand":[1831,1832],"product_cat":[1830,1050],"product_tag":[],"class_list":{"0":"post-13567","1":"product","2":"type-product","3":"status-publish","4":"has-post-thumbnail","6":"product_brand-api","7":"product_brand-cylinders","8":"product_cat-verins-compacts","9":"product_cat-verins-guides","11":"first","12":"instock","13":"shipping-taxable","14":"product-type-simple"},"yoast_head":"<!-- This site is optimized with the Yoast SEO plugin v27.3 - https:\/\/yoast.com\/product\/yoast-seo-wordpress\/ -->\n<title>GP s\u00e9rie cylindres compacts guid\u00e9s - LDA Belgique<\/title>\n<meta name=\"description\" content=\"D\u00e9couvrez les cylindres compacts guid\u00e9s s\u00e9rie GP (GPB et GPS), avec des al\u00e9sages de \u00d8 12 \u00e0 63 mm. Id\u00e9aux pour la pr\u00e9cision et les charges lourdes dans les syst\u00e8mes industriels.\" \/>\n<meta name=\"robots\" content=\"index, follow, max-snippet:-1, max-image-preview:large, max-video-preview:-1\" \/>\n<link rel=\"canonical\" href=\"https:\/\/lda.be\/fr\/produit\/gp-serie-cylindres-compacts-guides\/\" \/>\n<meta property=\"og:locale\" content=\"fr_FR\" \/>\n<meta property=\"og:type\" content=\"article\" \/>\n<meta property=\"og:title\" content=\"GP s\u00e9rie cylindres compacts guid\u00e9s - LDA Belgique\" \/>\n<meta property=\"og:description\" content=\"D\u00e9couvrez les cylindres compacts guid\u00e9s s\u00e9rie GP (GPB et GPS), avec des al\u00e9sages de \u00d8 12 \u00e0 63 mm. Id\u00e9aux pour la pr\u00e9cision et les charges lourdes dans les syst\u00e8mes industriels.\" \/>\n<meta property=\"og:url\" content=\"https:\/\/lda.be\/fr\/produit\/gp-serie-cylindres-compacts-guides\/\" \/>\n<meta property=\"og:site_name\" content=\"LDA Belgique\" \/>\n<meta property=\"article:modified_time\" content=\"2025-11-13T13:22:54+00:00\" \/>\n<meta property=\"og:image\" content=\"https:\/\/lda.be\/wp-content\/uploads\/2025\/11\/GPS-guided-cylinder.webp\" \/>\n\t<meta property=\"og:image:width\" content=\"1080\" \/>\n\t<meta property=\"og:image:height\" content=\"1080\" \/>\n\t<meta property=\"og:image:type\" content=\"image\/webp\" \/>\n<meta name=\"twitter:card\" content=\"summary_large_image\" \/>\n<meta name=\"twitter:label1\" content=\"Dur\u00e9e de lecture estim\u00e9e\" \/>\n\t<meta name=\"twitter:data1\" content=\"1 minute\" \/>\n<script type=\"application\/ld+json\" class=\"yoast-schema-graph\">{\"@context\":\"https:\\\/\\\/schema.org\",\"@graph\":[{\"@type\":\"WebPage\",\"@id\":\"https:\\\/\\\/lda.be\\\/fr\\\/produit\\\/gp-serie-cylindres-compacts-guides\\\/\",\"url\":\"https:\\\/\\\/lda.be\\\/fr\\\/produit\\\/gp-serie-cylindres-compacts-guides\\\/\",\"name\":\"GP s\u00e9rie cylindres compacts guid\u00e9s - LDA Belgique\",\"isPartOf\":{\"@id\":\"https:\\\/\\\/lda.be\\\/fr\\\/#website\"},\"primaryImageOfPage\":{\"@id\":\"https:\\\/\\\/lda.be\\\/fr\\\/produit\\\/gp-serie-cylindres-compacts-guides\\\/#primaryimage\"},\"image\":{\"@id\":\"https:\\\/\\\/lda.be\\\/fr\\\/produit\\\/gp-serie-cylindres-compacts-guides\\\/#primaryimage\"},\"thumbnailUrl\":\"https:\\\/\\\/lda.be\\\/wp-content\\\/uploads\\\/2025\\\/11\\\/GPS-guided-cylinder.webp\",\"datePublished\":\"2025-11-13T13:16:54+00:00\",\"dateModified\":\"2025-11-13T13:22:54+00:00\",\"description\":\"D\u00e9couvrez les cylindres compacts guid\u00e9s s\u00e9rie GP (GPB et GPS), avec des al\u00e9sages de \u00d8 12 \u00e0 63 mm. Id\u00e9aux pour la pr\u00e9cision et les charges lourdes dans les syst\u00e8mes industriels.\",\"breadcrumb\":{\"@id\":\"https:\\\/\\\/lda.be\\\/fr\\\/produit\\\/gp-serie-cylindres-compacts-guides\\\/#breadcrumb\"},\"inLanguage\":\"fr-FR\",\"potentialAction\":[{\"@type\":\"ReadAction\",\"target\":[\"https:\\\/\\\/lda.be\\\/fr\\\/produit\\\/gp-serie-cylindres-compacts-guides\\\/\"]}]},{\"@type\":\"ImageObject\",\"inLanguage\":\"fr-FR\",\"@id\":\"https:\\\/\\\/lda.be\\\/fr\\\/produit\\\/gp-serie-cylindres-compacts-guides\\\/#primaryimage\",\"url\":\"https:\\\/\\\/lda.be\\\/wp-content\\\/uploads\\\/2025\\\/11\\\/GPS-guided-cylinder.webp\",\"contentUrl\":\"https:\\\/\\\/lda.be\\\/wp-content\\\/uploads\\\/2025\\\/11\\\/GPS-guided-cylinder.webp\",\"width\":1080,\"height\":1080,\"caption\":\"GPS guided cylinder van API\"},{\"@type\":\"BreadcrumbList\",\"@id\":\"https:\\\/\\\/lda.be\\\/fr\\\/produit\\\/gp-serie-cylindres-compacts-guides\\\/#breadcrumb\",\"itemListElement\":[{\"@type\":\"ListItem\",\"position\":1,\"name\":\"Accueil\",\"item\":\"https:\\\/\\\/lda.be\\\/fr\\\/\"},{\"@type\":\"ListItem\",\"position\":2,\"name\":\"Produits\",\"item\":\"https:\\\/\\\/lda.be\\\/fr\\\/produits\\\/\"},{\"@type\":\"ListItem\",\"position\":3,\"name\":\"GP s\u00e9rie cylindres compacts guid\u00e9s\"}]},{\"@type\":\"WebSite\",\"@id\":\"https:\\\/\\\/lda.be\\\/fr\\\/#website\",\"url\":\"https:\\\/\\\/lda.be\\\/fr\\\/\",\"name\":\"LDA Belgium\",\"description\":\"Solutions For Life\",\"publisher\":{\"@id\":\"https:\\\/\\\/lda.be\\\/fr\\\/#organization\"},\"potentialAction\":[{\"@type\":\"SearchAction\",\"target\":{\"@type\":\"EntryPoint\",\"urlTemplate\":\"https:\\\/\\\/lda.be\\\/fr\\\/?s={search_term_string}\"},\"query-input\":{\"@type\":\"PropertyValueSpecification\",\"valueRequired\":true,\"valueName\":\"search_term_string\"}}],\"inLanguage\":\"fr-FR\"},{\"@type\":\"Organization\",\"@id\":\"https:\\\/\\\/lda.be\\\/fr\\\/#organization\",\"name\":\"LDA Belgium\",\"url\":\"https:\\\/\\\/lda.be\\\/fr\\\/\",\"logo\":{\"@type\":\"ImageObject\",\"inLanguage\":\"fr-FR\",\"@id\":\"https:\\\/\\\/lda.be\\\/fr\\\/#\\\/schema\\\/logo\\\/image\\\/\",\"url\":\"https:\\\/\\\/lda.be\\\/wp-content\\\/uploads\\\/2022\\\/07\\\/Logo-LDA.webp\",\"contentUrl\":\"https:\\\/\\\/lda.be\\\/wp-content\\\/uploads\\\/2022\\\/07\\\/Logo-LDA.webp\",\"width\":311,\"height\":101,\"caption\":\"LDA Belgium\"},\"image\":{\"@id\":\"https:\\\/\\\/lda.be\\\/fr\\\/#\\\/schema\\\/logo\\\/image\\\/\"},\"sameAs\":[\"https:\\\/\\\/www.linkedin.com\\\/company\\\/lda-belgium-nv\"]}]}<\/script>\n<!-- \/ Yoast SEO plugin. -->","yoast_head_json":{"title":"GP s\u00e9rie cylindres compacts guid\u00e9s - LDA Belgique","description":"D\u00e9couvrez les cylindres compacts guid\u00e9s s\u00e9rie GP (GPB et GPS), avec des al\u00e9sages de \u00d8 12 \u00e0 63 mm. Id\u00e9aux pour la pr\u00e9cision et les charges lourdes dans les syst\u00e8mes industriels.","robots":{"index":"index","follow":"follow","max-snippet":"max-snippet:-1","max-image-preview":"max-image-preview:large","max-video-preview":"max-video-preview:-1"},"canonical":"https:\/\/lda.be\/fr\/produit\/gp-serie-cylindres-compacts-guides\/","og_locale":"fr_FR","og_type":"article","og_title":"GP s\u00e9rie cylindres compacts guid\u00e9s - LDA Belgique","og_description":"D\u00e9couvrez les cylindres compacts guid\u00e9s s\u00e9rie GP (GPB et GPS), avec des al\u00e9sages de \u00d8 12 \u00e0 63 mm. Id\u00e9aux pour la pr\u00e9cision et les charges lourdes dans les syst\u00e8mes industriels.","og_url":"https:\/\/lda.be\/fr\/produit\/gp-serie-cylindres-compacts-guides\/","og_site_name":"LDA Belgique","article_modified_time":"2025-11-13T13:22:54+00:00","og_image":[{"width":1080,"height":1080,"url":"https:\/\/lda.be\/wp-content\/uploads\/2025\/11\/GPS-guided-cylinder.webp","type":"image\/webp"}],"twitter_card":"summary_large_image","twitter_misc":{"Dur\u00e9e de lecture estim\u00e9e":"1 minute"},"schema":{"@context":"https:\/\/schema.org","@graph":[{"@type":"WebPage","@id":"https:\/\/lda.be\/fr\/produit\/gp-serie-cylindres-compacts-guides\/","url":"https:\/\/lda.be\/fr\/produit\/gp-serie-cylindres-compacts-guides\/","name":"GP s\u00e9rie cylindres compacts guid\u00e9s - LDA Belgique","isPartOf":{"@id":"https:\/\/lda.be\/fr\/#website"},"primaryImageOfPage":{"@id":"https:\/\/lda.be\/fr\/produit\/gp-serie-cylindres-compacts-guides\/#primaryimage"},"image":{"@id":"https:\/\/lda.be\/fr\/produit\/gp-serie-cylindres-compacts-guides\/#primaryimage"},"thumbnailUrl":"https:\/\/lda.be\/wp-content\/uploads\/2025\/11\/GPS-guided-cylinder.webp","datePublished":"2025-11-13T13:16:54+00:00","dateModified":"2025-11-13T13:22:54+00:00","description":"D\u00e9couvrez les cylindres compacts guid\u00e9s s\u00e9rie GP (GPB et GPS), avec des al\u00e9sages de \u00d8 12 \u00e0 63 mm. Id\u00e9aux pour la pr\u00e9cision et les charges lourdes dans les syst\u00e8mes industriels.","breadcrumb":{"@id":"https:\/\/lda.be\/fr\/produit\/gp-serie-cylindres-compacts-guides\/#breadcrumb"},"inLanguage":"fr-FR","potentialAction":[{"@type":"ReadAction","target":["https:\/\/lda.be\/fr\/produit\/gp-serie-cylindres-compacts-guides\/"]}]},{"@type":"ImageObject","inLanguage":"fr-FR","@id":"https:\/\/lda.be\/fr\/produit\/gp-serie-cylindres-compacts-guides\/#primaryimage","url":"https:\/\/lda.be\/wp-content\/uploads\/2025\/11\/GPS-guided-cylinder.webp","contentUrl":"https:\/\/lda.be\/wp-content\/uploads\/2025\/11\/GPS-guided-cylinder.webp","width":1080,"height":1080,"caption":"GPS guided cylinder van API"},{"@type":"BreadcrumbList","@id":"https:\/\/lda.be\/fr\/produit\/gp-serie-cylindres-compacts-guides\/#breadcrumb","itemListElement":[{"@type":"ListItem","position":1,"name":"Accueil","item":"https:\/\/lda.be\/fr\/"},{"@type":"ListItem","position":2,"name":"Produits","item":"https:\/\/lda.be\/fr\/produits\/"},{"@type":"ListItem","position":3,"name":"GP s\u00e9rie cylindres compacts guid\u00e9s"}]},{"@type":"WebSite","@id":"https:\/\/lda.be\/fr\/#website","url":"https:\/\/lda.be\/fr\/","name":"LDA Belgium","description":"Solutions For Life","publisher":{"@id":"https:\/\/lda.be\/fr\/#organization"},"potentialAction":[{"@type":"SearchAction","target":{"@type":"EntryPoint","urlTemplate":"https:\/\/lda.be\/fr\/?s={search_term_string}"},"query-input":{"@type":"PropertyValueSpecification","valueRequired":true,"valueName":"search_term_string"}}],"inLanguage":"fr-FR"},{"@type":"Organization","@id":"https:\/\/lda.be\/fr\/#organization","name":"LDA Belgium","url":"https:\/\/lda.be\/fr\/","logo":{"@type":"ImageObject","inLanguage":"fr-FR","@id":"https:\/\/lda.be\/fr\/#\/schema\/logo\/image\/","url":"https:\/\/lda.be\/wp-content\/uploads\/2022\/07\/Logo-LDA.webp","contentUrl":"https:\/\/lda.be\/wp-content\/uploads\/2022\/07\/Logo-LDA.webp","width":311,"height":101,"caption":"LDA Belgium"},"image":{"@id":"https:\/\/lda.be\/fr\/#\/schema\/logo\/image\/"},"sameAs":["https:\/\/www.linkedin.com\/company\/lda-belgium-nv"]}]}},"_links":{"self":[{"href":"https:\/\/lda.be\/fr\/wp-json\/wp\/v2\/product\/13567","targetHints":{"allow":["GET"]}}],"collection":[{"href":"https:\/\/lda.be\/fr\/wp-json\/wp\/v2\/product"}],"about":[{"href":"https:\/\/lda.be\/fr\/wp-json\/wp\/v2\/types\/product"}],"replies":[{"embeddable":true,"href":"https:\/\/lda.be\/fr\/wp-json\/wp\/v2\/comments?post=13567"}],"wp:featuredmedia":[{"embeddable":true,"href":"https:\/\/lda.be\/fr\/wp-json\/wp\/v2\/media\/13565"}],"wp:attachment":[{"href":"https:\/\/lda.be\/fr\/wp-json\/wp\/v2\/media?parent=13567"}],"wp:term":[{"taxonomy":"product_brand","embeddable":true,"href":"https:\/\/lda.be\/fr\/wp-json\/wp\/v2\/product_brand?post=13567"},{"taxonomy":"product_cat","embeddable":true,"href":"https:\/\/lda.be\/fr\/wp-json\/wp\/v2\/product_cat?post=13567"},{"taxonomy":"product_tag","embeddable":true,"href":"https:\/\/lda.be\/fr\/wp-json\/wp\/v2\/product_tag?post=13567"}],"curies":[{"name":"wp","href":"https:\/\/api.w.org\/{rel}","templated":true}]}}