{"id":13577,"date":"2025-11-13T14:51:46","date_gmt":"2025-11-13T13:51:46","guid":{"rendered":"https:\/\/lda.be\/?post_type=product&#038;p=13577"},"modified":"2025-11-13T15:18:05","modified_gmt":"2025-11-13T14:18:05","slug":"gs-serie-cylindres-a-double-tige","status":"publish","type":"product","link":"https:\/\/lda.be\/fr\/produit\/gs-serie-cylindres-a-double-tige\/","title":{"rendered":"GS s\u00e9rie Cylindres \u00e0 double tige"},"content":{"rendered":"<p>Les v\u00e9rins \u00e0 double tige s\u00e9rie GS (GSB et GSS) sont des v\u00e9rins double effet compacts, disponibles avec des al\u00e9sages de \u00d8 6 \u00e0 32 mm. Ces v\u00e9rins sont magn\u00e9tiques et \u00e9quip\u00e9s de deux tiges de piston, offrant une double force de pouss\u00e9e et des mouvements fluides et pr\u00e9cis. Le GSB dispose de paliers autolubrifiants, tandis que le GSS est \u00e9quip\u00e9 de paliers sph\u00e9riques. Les deux types ont des tubes rainur\u00e9s pour le montage direct des interrupteurs \u00e0 lames souples magn\u00e9tiques et des amortisseurs \u00e9lastiques sur les couvercles avant et arri\u00e8re. Ils r\u00e9pondent aux directives Reach et RoHS.<\/p>\n","protected":false},"excerpt":{"rendered":"<p>Les v\u00e9rins \u00e0 double tige s\u00e9rie GS (GSB et GSS) sont des v\u00e9rins double effet compacts, disponibles avec des al\u00e9sages de \u00d8 6 \u00e0 32 mm. Ces v\u00e9rins sont magn\u00e9tiques et \u00e9quip\u00e9s de deux tiges de piston, offrant une double force de pouss\u00e9e et des mouvements fluides et pr\u00e9cis. Le GSB dispose de paliers autolubrifiants, [&hellip;]<\/p>\n","protected":false},"featured_media":13576,"comment_status":"closed","ping_status":"closed","template":"","meta":[],"product_brand":[1831,1832],"product_cat":[1830],"product_tag":[],"class_list":{"0":"post-13577","1":"product","2":"type-product","3":"status-publish","4":"has-post-thumbnail","6":"product_brand-api","7":"product_brand-cylinders","8":"product_cat-verins-compacts","10":"first","11":"instock","12":"shipping-taxable","13":"product-type-simple"},"yoast_head":"<!-- This site is optimized with the Yoast SEO plugin v27.3 - https:\/\/yoast.com\/product\/yoast-seo-wordpress\/ -->\n<title>GS s\u00e9rie Cylindres \u00e0 double tige - LDA Belgique<\/title>\n<meta name=\"description\" content=\"D\u00e9couvrez les cylindres compacts guid\u00e9s s\u00e9rie GP (GPB et GPS), avec des al\u00e9sages de \u00d8 12 \u00e0 63 mm. Id\u00e9aux pour la pr\u00e9cision et les charges lourdes dans les syst\u00e8mes industriels.\" \/>\n<meta name=\"robots\" content=\"index, follow, max-snippet:-1, max-image-preview:large, max-video-preview:-1\" \/>\n<link rel=\"canonical\" href=\"https:\/\/lda.be\/fr\/produit\/gs-serie-cylindres-a-double-tige\/\" \/>\n<meta property=\"og:locale\" content=\"fr_FR\" \/>\n<meta property=\"og:type\" content=\"article\" \/>\n<meta property=\"og:title\" content=\"GS s\u00e9rie Cylindres \u00e0 double tige - LDA Belgique\" \/>\n<meta property=\"og:description\" content=\"D\u00e9couvrez les cylindres compacts guid\u00e9s s\u00e9rie GP (GPB et GPS), avec des al\u00e9sages de \u00d8 12 \u00e0 63 mm. Id\u00e9aux pour la pr\u00e9cision et les charges lourdes dans les syst\u00e8mes industriels.\" \/>\n<meta property=\"og:url\" content=\"https:\/\/lda.be\/fr\/produit\/gs-serie-cylindres-a-double-tige\/\" \/>\n<meta property=\"og:site_name\" content=\"LDA Belgique\" \/>\n<meta property=\"article:modified_time\" content=\"2025-11-13T14:18:05+00:00\" \/>\n<meta property=\"og:image\" content=\"https:\/\/lda.be\/wp-content\/uploads\/2025\/11\/GS-twin-rod-cylinder.webp\" \/>\n\t<meta property=\"og:image:width\" content=\"1080\" \/>\n\t<meta property=\"og:image:height\" content=\"1080\" \/>\n\t<meta property=\"og:image:type\" content=\"image\/webp\" \/>\n<meta name=\"twitter:card\" content=\"summary_large_image\" \/>\n<meta name=\"twitter:label1\" content=\"Dur\u00e9e de lecture estim\u00e9e\" \/>\n\t<meta name=\"twitter:data1\" content=\"1 minute\" \/>\n<script type=\"application\/ld+json\" class=\"yoast-schema-graph\">{\"@context\":\"https:\\\/\\\/schema.org\",\"@graph\":[{\"@type\":\"WebPage\",\"@id\":\"https:\\\/\\\/lda.be\\\/fr\\\/produit\\\/gs-serie-cylindres-a-double-tige\\\/\",\"url\":\"https:\\\/\\\/lda.be\\\/fr\\\/produit\\\/gs-serie-cylindres-a-double-tige\\\/\",\"name\":\"GS s\u00e9rie Cylindres \u00e0 double tige - LDA Belgique\",\"isPartOf\":{\"@id\":\"https:\\\/\\\/lda.be\\\/fr\\\/#website\"},\"primaryImageOfPage\":{\"@id\":\"https:\\\/\\\/lda.be\\\/fr\\\/produit\\\/gs-serie-cylindres-a-double-tige\\\/#primaryimage\"},\"image\":{\"@id\":\"https:\\\/\\\/lda.be\\\/fr\\\/produit\\\/gs-serie-cylindres-a-double-tige\\\/#primaryimage\"},\"thumbnailUrl\":\"https:\\\/\\\/lda.be\\\/wp-content\\\/uploads\\\/2025\\\/11\\\/GS-twin-rod-cylinder.webp\",\"datePublished\":\"2025-11-13T13:51:46+00:00\",\"dateModified\":\"2025-11-13T14:18:05+00:00\",\"description\":\"D\u00e9couvrez les cylindres compacts guid\u00e9s s\u00e9rie GP (GPB et GPS), avec des al\u00e9sages de \u00d8 12 \u00e0 63 mm. Id\u00e9aux pour la pr\u00e9cision et les charges lourdes dans les syst\u00e8mes industriels.\",\"breadcrumb\":{\"@id\":\"https:\\\/\\\/lda.be\\\/fr\\\/produit\\\/gs-serie-cylindres-a-double-tige\\\/#breadcrumb\"},\"inLanguage\":\"fr-FR\",\"potentialAction\":[{\"@type\":\"ReadAction\",\"target\":[\"https:\\\/\\\/lda.be\\\/fr\\\/produit\\\/gs-serie-cylindres-a-double-tige\\\/\"]}]},{\"@type\":\"ImageObject\",\"inLanguage\":\"fr-FR\",\"@id\":\"https:\\\/\\\/lda.be\\\/fr\\\/produit\\\/gs-serie-cylindres-a-double-tige\\\/#primaryimage\",\"url\":\"https:\\\/\\\/lda.be\\\/wp-content\\\/uploads\\\/2025\\\/11\\\/GS-twin-rod-cylinder.webp\",\"contentUrl\":\"https:\\\/\\\/lda.be\\\/wp-content\\\/uploads\\\/2025\\\/11\\\/GS-twin-rod-cylinder.webp\",\"width\":1080,\"height\":1080,\"caption\":\"GS twin rod cylinder\"},{\"@type\":\"BreadcrumbList\",\"@id\":\"https:\\\/\\\/lda.be\\\/fr\\\/produit\\\/gs-serie-cylindres-a-double-tige\\\/#breadcrumb\",\"itemListElement\":[{\"@type\":\"ListItem\",\"position\":1,\"name\":\"Accueil\",\"item\":\"https:\\\/\\\/lda.be\\\/fr\\\/\"},{\"@type\":\"ListItem\",\"position\":2,\"name\":\"Produits\",\"item\":\"https:\\\/\\\/lda.be\\\/fr\\\/produits\\\/\"},{\"@type\":\"ListItem\",\"position\":3,\"name\":\"GS s\u00e9rie Cylindres \u00e0 double tige\"}]},{\"@type\":\"WebSite\",\"@id\":\"https:\\\/\\\/lda.be\\\/fr\\\/#website\",\"url\":\"https:\\\/\\\/lda.be\\\/fr\\\/\",\"name\":\"LDA Belgium\",\"description\":\"Solutions For Life\",\"publisher\":{\"@id\":\"https:\\\/\\\/lda.be\\\/fr\\\/#organization\"},\"potentialAction\":[{\"@type\":\"SearchAction\",\"target\":{\"@type\":\"EntryPoint\",\"urlTemplate\":\"https:\\\/\\\/lda.be\\\/fr\\\/?s={search_term_string}\"},\"query-input\":{\"@type\":\"PropertyValueSpecification\",\"valueRequired\":true,\"valueName\":\"search_term_string\"}}],\"inLanguage\":\"fr-FR\"},{\"@type\":\"Organization\",\"@id\":\"https:\\\/\\\/lda.be\\\/fr\\\/#organization\",\"name\":\"LDA Belgium\",\"url\":\"https:\\\/\\\/lda.be\\\/fr\\\/\",\"logo\":{\"@type\":\"ImageObject\",\"inLanguage\":\"fr-FR\",\"@id\":\"https:\\\/\\\/lda.be\\\/fr\\\/#\\\/schema\\\/logo\\\/image\\\/\",\"url\":\"https:\\\/\\\/lda.be\\\/wp-content\\\/uploads\\\/2022\\\/07\\\/Logo-LDA.webp\",\"contentUrl\":\"https:\\\/\\\/lda.be\\\/wp-content\\\/uploads\\\/2022\\\/07\\\/Logo-LDA.webp\",\"width\":311,\"height\":101,\"caption\":\"LDA Belgium\"},\"image\":{\"@id\":\"https:\\\/\\\/lda.be\\\/fr\\\/#\\\/schema\\\/logo\\\/image\\\/\"},\"sameAs\":[\"https:\\\/\\\/www.linkedin.com\\\/company\\\/lda-belgium-nv\"]}]}<\/script>\n<!-- \/ Yoast SEO plugin. -->","yoast_head_json":{"title":"GS s\u00e9rie Cylindres \u00e0 double tige - LDA Belgique","description":"D\u00e9couvrez les cylindres compacts guid\u00e9s s\u00e9rie GP (GPB et GPS), avec des al\u00e9sages de \u00d8 12 \u00e0 63 mm. Id\u00e9aux pour la pr\u00e9cision et les charges lourdes dans les syst\u00e8mes industriels.","robots":{"index":"index","follow":"follow","max-snippet":"max-snippet:-1","max-image-preview":"max-image-preview:large","max-video-preview":"max-video-preview:-1"},"canonical":"https:\/\/lda.be\/fr\/produit\/gs-serie-cylindres-a-double-tige\/","og_locale":"fr_FR","og_type":"article","og_title":"GS s\u00e9rie Cylindres \u00e0 double tige - LDA Belgique","og_description":"D\u00e9couvrez les cylindres compacts guid\u00e9s s\u00e9rie GP (GPB et GPS), avec des al\u00e9sages de \u00d8 12 \u00e0 63 mm. Id\u00e9aux pour la pr\u00e9cision et les charges lourdes dans les syst\u00e8mes industriels.","og_url":"https:\/\/lda.be\/fr\/produit\/gs-serie-cylindres-a-double-tige\/","og_site_name":"LDA Belgique","article_modified_time":"2025-11-13T14:18:05+00:00","og_image":[{"width":1080,"height":1080,"url":"https:\/\/lda.be\/wp-content\/uploads\/2025\/11\/GS-twin-rod-cylinder.webp","type":"image\/webp"}],"twitter_card":"summary_large_image","twitter_misc":{"Dur\u00e9e de lecture estim\u00e9e":"1 minute"},"schema":{"@context":"https:\/\/schema.org","@graph":[{"@type":"WebPage","@id":"https:\/\/lda.be\/fr\/produit\/gs-serie-cylindres-a-double-tige\/","url":"https:\/\/lda.be\/fr\/produit\/gs-serie-cylindres-a-double-tige\/","name":"GS s\u00e9rie Cylindres \u00e0 double tige - LDA Belgique","isPartOf":{"@id":"https:\/\/lda.be\/fr\/#website"},"primaryImageOfPage":{"@id":"https:\/\/lda.be\/fr\/produit\/gs-serie-cylindres-a-double-tige\/#primaryimage"},"image":{"@id":"https:\/\/lda.be\/fr\/produit\/gs-serie-cylindres-a-double-tige\/#primaryimage"},"thumbnailUrl":"https:\/\/lda.be\/wp-content\/uploads\/2025\/11\/GS-twin-rod-cylinder.webp","datePublished":"2025-11-13T13:51:46+00:00","dateModified":"2025-11-13T14:18:05+00:00","description":"D\u00e9couvrez les cylindres compacts guid\u00e9s s\u00e9rie GP (GPB et GPS), avec des al\u00e9sages de \u00d8 12 \u00e0 63 mm. Id\u00e9aux pour la pr\u00e9cision et les charges lourdes dans les syst\u00e8mes industriels.","breadcrumb":{"@id":"https:\/\/lda.be\/fr\/produit\/gs-serie-cylindres-a-double-tige\/#breadcrumb"},"inLanguage":"fr-FR","potentialAction":[{"@type":"ReadAction","target":["https:\/\/lda.be\/fr\/produit\/gs-serie-cylindres-a-double-tige\/"]}]},{"@type":"ImageObject","inLanguage":"fr-FR","@id":"https:\/\/lda.be\/fr\/produit\/gs-serie-cylindres-a-double-tige\/#primaryimage","url":"https:\/\/lda.be\/wp-content\/uploads\/2025\/11\/GS-twin-rod-cylinder.webp","contentUrl":"https:\/\/lda.be\/wp-content\/uploads\/2025\/11\/GS-twin-rod-cylinder.webp","width":1080,"height":1080,"caption":"GS twin rod cylinder"},{"@type":"BreadcrumbList","@id":"https:\/\/lda.be\/fr\/produit\/gs-serie-cylindres-a-double-tige\/#breadcrumb","itemListElement":[{"@type":"ListItem","position":1,"name":"Accueil","item":"https:\/\/lda.be\/fr\/"},{"@type":"ListItem","position":2,"name":"Produits","item":"https:\/\/lda.be\/fr\/produits\/"},{"@type":"ListItem","position":3,"name":"GS s\u00e9rie Cylindres \u00e0 double tige"}]},{"@type":"WebSite","@id":"https:\/\/lda.be\/fr\/#website","url":"https:\/\/lda.be\/fr\/","name":"LDA Belgium","description":"Solutions For Life","publisher":{"@id":"https:\/\/lda.be\/fr\/#organization"},"potentialAction":[{"@type":"SearchAction","target":{"@type":"EntryPoint","urlTemplate":"https:\/\/lda.be\/fr\/?s={search_term_string}"},"query-input":{"@type":"PropertyValueSpecification","valueRequired":true,"valueName":"search_term_string"}}],"inLanguage":"fr-FR"},{"@type":"Organization","@id":"https:\/\/lda.be\/fr\/#organization","name":"LDA Belgium","url":"https:\/\/lda.be\/fr\/","logo":{"@type":"ImageObject","inLanguage":"fr-FR","@id":"https:\/\/lda.be\/fr\/#\/schema\/logo\/image\/","url":"https:\/\/lda.be\/wp-content\/uploads\/2022\/07\/Logo-LDA.webp","contentUrl":"https:\/\/lda.be\/wp-content\/uploads\/2022\/07\/Logo-LDA.webp","width":311,"height":101,"caption":"LDA Belgium"},"image":{"@id":"https:\/\/lda.be\/fr\/#\/schema\/logo\/image\/"},"sameAs":["https:\/\/www.linkedin.com\/company\/lda-belgium-nv"]}]}},"_links":{"self":[{"href":"https:\/\/lda.be\/fr\/wp-json\/wp\/v2\/product\/13577","targetHints":{"allow":["GET"]}}],"collection":[{"href":"https:\/\/lda.be\/fr\/wp-json\/wp\/v2\/product"}],"about":[{"href":"https:\/\/lda.be\/fr\/wp-json\/wp\/v2\/types\/product"}],"replies":[{"embeddable":true,"href":"https:\/\/lda.be\/fr\/wp-json\/wp\/v2\/comments?post=13577"}],"wp:featuredmedia":[{"embeddable":true,"href":"https:\/\/lda.be\/fr\/wp-json\/wp\/v2\/media\/13576"}],"wp:attachment":[{"href":"https:\/\/lda.be\/fr\/wp-json\/wp\/v2\/media?parent=13577"}],"wp:term":[{"taxonomy":"product_brand","embeddable":true,"href":"https:\/\/lda.be\/fr\/wp-json\/wp\/v2\/product_brand?post=13577"},{"taxonomy":"product_cat","embeddable":true,"href":"https:\/\/lda.be\/fr\/wp-json\/wp\/v2\/product_cat?post=13577"},{"taxonomy":"product_tag","embeddable":true,"href":"https:\/\/lda.be\/fr\/wp-json\/wp\/v2\/product_tag?post=13577"}],"curies":[{"name":"wp","href":"https:\/\/api.w.org\/{rel}","templated":true}]}}