{"id":13625,"date":"2025-11-17T14:40:21","date_gmt":"2025-11-17T13:40:21","guid":{"rendered":"https:\/\/lda.be\/?post_type=product&#038;p=13625"},"modified":"2025-11-17T14:53:50","modified_gmt":"2025-11-17T13:53:50","slug":"sd-se-serie-verins-guides","status":"publish","type":"product","link":"https:\/\/lda.be\/fr\/produit\/sd-se-serie-verins-guides\/","title":{"rendered":"SD\/SE s\u00e9rie v\u00e9rins guid\u00e9s"},"content":{"rendered":"<p>Les SD\/SE s\u00e9rie v\u00e9rins guid\u00e9ssont con\u00e7us pour des mouvements de pr\u00e9cision et des charges lourdes dans les applications industrielles. La s\u00e9rie SD est compacte et id\u00e9ale pour les courses courtes dans des applications horizontales ou verticales, tandis que la s\u00e9rie SE offre une plus grande distance entre les paliers pour des courses plus longues et une meilleure stabilit\u00e9. Les deux s\u00e9ries proposent des arbres standard ou surdimensionn\u00e9s, plusieurs options de commutation et cinq tailles d&#8217;al\u00e9sage.<\/p>\n","protected":false},"excerpt":{"rendered":"<p>Les SD\/SE s\u00e9rie v\u00e9rins guid\u00e9ssont con\u00e7us pour des mouvements de pr\u00e9cision et des charges lourdes dans les applications industrielles. La s\u00e9rie SD est compacte et id\u00e9ale pour les courses courtes dans des applications horizontales ou verticales, tandis que la s\u00e9rie SE offre une plus grande distance entre les paliers pour des courses plus longues et [&hellip;]<\/p>\n","protected":false},"featured_media":13623,"comment_status":"closed","ping_status":"closed","template":"","meta":[],"product_brand":[1840,1277],"product_cat":[1050],"product_tag":[],"class_list":{"0":"post-13625","1":"product","2":"type-product","3":"status-publish","4":"has-post-thumbnail","6":"product_brand-guided","7":"product_brand-phd","8":"product_cat-verins-guides","10":"first","11":"instock","12":"shipping-taxable","13":"product-type-simple"},"yoast_head":"<!-- This site is optimized with the Yoast SEO plugin v27.3 - https:\/\/yoast.com\/product\/yoast-seo-wordpress\/ -->\n<title>SD\/SE s\u00e9rie v\u00e9rins guid\u00e9s - LDA Belgique<\/title>\n<meta name=\"description\" content=\"D\u00e9couvrez les v\u00e9rins guid\u00e9s s\u00e9ries SD et SE, id\u00e9aux pour les mouvements pr\u00e9cis et les charges lourdes dans l&#039;automatisation industrielle.\" \/>\n<meta name=\"robots\" content=\"index, follow, max-snippet:-1, max-image-preview:large, max-video-preview:-1\" \/>\n<link rel=\"canonical\" href=\"https:\/\/lda.be\/fr\/produit\/sd-se-serie-verins-guides\/\" \/>\n<meta property=\"og:locale\" content=\"fr_FR\" \/>\n<meta property=\"og:type\" content=\"article\" \/>\n<meta property=\"og:title\" content=\"SD\/SE s\u00e9rie v\u00e9rins guid\u00e9s - LDA Belgique\" \/>\n<meta property=\"og:description\" content=\"D\u00e9couvrez les v\u00e9rins guid\u00e9s s\u00e9ries SD et SE, id\u00e9aux pour les mouvements pr\u00e9cis et les charges lourdes dans l&#039;automatisation industrielle.\" \/>\n<meta property=\"og:url\" content=\"https:\/\/lda.be\/fr\/produit\/sd-se-serie-verins-guides\/\" \/>\n<meta property=\"og:site_name\" content=\"LDA Belgique\" \/>\n<meta property=\"article:modified_time\" content=\"2025-11-17T13:53:50+00:00\" \/>\n<meta property=\"og:image\" content=\"https:\/\/lda.be\/wp-content\/uploads\/2025\/11\/series-SD-and-SE-slides.webp\" \/>\n\t<meta property=\"og:image:width\" content=\"1080\" \/>\n\t<meta property=\"og:image:height\" content=\"1080\" \/>\n\t<meta property=\"og:image:type\" content=\"image\/webp\" \/>\n<meta name=\"twitter:card\" content=\"summary_large_image\" \/>\n<meta name=\"twitter:label1\" content=\"Dur\u00e9e de lecture estim\u00e9e\" \/>\n\t<meta name=\"twitter:data1\" content=\"1 minute\" \/>\n<script type=\"application\/ld+json\" class=\"yoast-schema-graph\">{\"@context\":\"https:\\\/\\\/schema.org\",\"@graph\":[{\"@type\":\"WebPage\",\"@id\":\"https:\\\/\\\/lda.be\\\/fr\\\/produit\\\/sd-se-serie-verins-guides\\\/\",\"url\":\"https:\\\/\\\/lda.be\\\/fr\\\/produit\\\/sd-se-serie-verins-guides\\\/\",\"name\":\"SD\\\/SE s\u00e9rie v\u00e9rins guid\u00e9s - LDA Belgique\",\"isPartOf\":{\"@id\":\"https:\\\/\\\/lda.be\\\/fr\\\/#website\"},\"primaryImageOfPage\":{\"@id\":\"https:\\\/\\\/lda.be\\\/fr\\\/produit\\\/sd-se-serie-verins-guides\\\/#primaryimage\"},\"image\":{\"@id\":\"https:\\\/\\\/lda.be\\\/fr\\\/produit\\\/sd-se-serie-verins-guides\\\/#primaryimage\"},\"thumbnailUrl\":\"https:\\\/\\\/lda.be\\\/wp-content\\\/uploads\\\/2025\\\/11\\\/series-SD-and-SE-slides.webp\",\"datePublished\":\"2025-11-17T13:40:21+00:00\",\"dateModified\":\"2025-11-17T13:53:50+00:00\",\"description\":\"D\u00e9couvrez les v\u00e9rins guid\u00e9s s\u00e9ries SD et SE, id\u00e9aux pour les mouvements pr\u00e9cis et les charges lourdes dans l'automatisation industrielle.\",\"breadcrumb\":{\"@id\":\"https:\\\/\\\/lda.be\\\/fr\\\/produit\\\/sd-se-serie-verins-guides\\\/#breadcrumb\"},\"inLanguage\":\"fr-FR\",\"potentialAction\":[{\"@type\":\"ReadAction\",\"target\":[\"https:\\\/\\\/lda.be\\\/fr\\\/produit\\\/sd-se-serie-verins-guides\\\/\"]}]},{\"@type\":\"ImageObject\",\"inLanguage\":\"fr-FR\",\"@id\":\"https:\\\/\\\/lda.be\\\/fr\\\/produit\\\/sd-se-serie-verins-guides\\\/#primaryimage\",\"url\":\"https:\\\/\\\/lda.be\\\/wp-content\\\/uploads\\\/2025\\\/11\\\/series-SD-and-SE-slides.webp\",\"contentUrl\":\"https:\\\/\\\/lda.be\\\/wp-content\\\/uploads\\\/2025\\\/11\\\/series-SD-and-SE-slides.webp\",\"width\":1080,\"height\":1080,\"caption\":\"series SD and SE thruster slides\"},{\"@type\":\"BreadcrumbList\",\"@id\":\"https:\\\/\\\/lda.be\\\/fr\\\/produit\\\/sd-se-serie-verins-guides\\\/#breadcrumb\",\"itemListElement\":[{\"@type\":\"ListItem\",\"position\":1,\"name\":\"Accueil\",\"item\":\"https:\\\/\\\/lda.be\\\/fr\\\/\"},{\"@type\":\"ListItem\",\"position\":2,\"name\":\"Produits\",\"item\":\"https:\\\/\\\/lda.be\\\/fr\\\/produits\\\/\"},{\"@type\":\"ListItem\",\"position\":3,\"name\":\"SD\\\/SE s\u00e9rie v\u00e9rins guid\u00e9s\"}]},{\"@type\":\"WebSite\",\"@id\":\"https:\\\/\\\/lda.be\\\/fr\\\/#website\",\"url\":\"https:\\\/\\\/lda.be\\\/fr\\\/\",\"name\":\"LDA Belgium\",\"description\":\"Solutions For Life\",\"publisher\":{\"@id\":\"https:\\\/\\\/lda.be\\\/fr\\\/#organization\"},\"potentialAction\":[{\"@type\":\"SearchAction\",\"target\":{\"@type\":\"EntryPoint\",\"urlTemplate\":\"https:\\\/\\\/lda.be\\\/fr\\\/?s={search_term_string}\"},\"query-input\":{\"@type\":\"PropertyValueSpecification\",\"valueRequired\":true,\"valueName\":\"search_term_string\"}}],\"inLanguage\":\"fr-FR\"},{\"@type\":\"Organization\",\"@id\":\"https:\\\/\\\/lda.be\\\/fr\\\/#organization\",\"name\":\"LDA Belgium\",\"url\":\"https:\\\/\\\/lda.be\\\/fr\\\/\",\"logo\":{\"@type\":\"ImageObject\",\"inLanguage\":\"fr-FR\",\"@id\":\"https:\\\/\\\/lda.be\\\/fr\\\/#\\\/schema\\\/logo\\\/image\\\/\",\"url\":\"https:\\\/\\\/lda.be\\\/wp-content\\\/uploads\\\/2022\\\/07\\\/Logo-LDA.webp\",\"contentUrl\":\"https:\\\/\\\/lda.be\\\/wp-content\\\/uploads\\\/2022\\\/07\\\/Logo-LDA.webp\",\"width\":311,\"height\":101,\"caption\":\"LDA Belgium\"},\"image\":{\"@id\":\"https:\\\/\\\/lda.be\\\/fr\\\/#\\\/schema\\\/logo\\\/image\\\/\"},\"sameAs\":[\"https:\\\/\\\/www.linkedin.com\\\/company\\\/lda-belgium-nv\"]}]}<\/script>\n<!-- \/ Yoast SEO plugin. -->","yoast_head_json":{"title":"SD\/SE s\u00e9rie v\u00e9rins guid\u00e9s - LDA Belgique","description":"D\u00e9couvrez les v\u00e9rins guid\u00e9s s\u00e9ries SD et SE, id\u00e9aux pour les mouvements pr\u00e9cis et les charges lourdes dans l'automatisation industrielle.","robots":{"index":"index","follow":"follow","max-snippet":"max-snippet:-1","max-image-preview":"max-image-preview:large","max-video-preview":"max-video-preview:-1"},"canonical":"https:\/\/lda.be\/fr\/produit\/sd-se-serie-verins-guides\/","og_locale":"fr_FR","og_type":"article","og_title":"SD\/SE s\u00e9rie v\u00e9rins guid\u00e9s - LDA Belgique","og_description":"D\u00e9couvrez les v\u00e9rins guid\u00e9s s\u00e9ries SD et SE, id\u00e9aux pour les mouvements pr\u00e9cis et les charges lourdes dans l'automatisation industrielle.","og_url":"https:\/\/lda.be\/fr\/produit\/sd-se-serie-verins-guides\/","og_site_name":"LDA Belgique","article_modified_time":"2025-11-17T13:53:50+00:00","og_image":[{"width":1080,"height":1080,"url":"https:\/\/lda.be\/wp-content\/uploads\/2025\/11\/series-SD-and-SE-slides.webp","type":"image\/webp"}],"twitter_card":"summary_large_image","twitter_misc":{"Dur\u00e9e de lecture estim\u00e9e":"1 minute"},"schema":{"@context":"https:\/\/schema.org","@graph":[{"@type":"WebPage","@id":"https:\/\/lda.be\/fr\/produit\/sd-se-serie-verins-guides\/","url":"https:\/\/lda.be\/fr\/produit\/sd-se-serie-verins-guides\/","name":"SD\/SE s\u00e9rie v\u00e9rins guid\u00e9s - LDA Belgique","isPartOf":{"@id":"https:\/\/lda.be\/fr\/#website"},"primaryImageOfPage":{"@id":"https:\/\/lda.be\/fr\/produit\/sd-se-serie-verins-guides\/#primaryimage"},"image":{"@id":"https:\/\/lda.be\/fr\/produit\/sd-se-serie-verins-guides\/#primaryimage"},"thumbnailUrl":"https:\/\/lda.be\/wp-content\/uploads\/2025\/11\/series-SD-and-SE-slides.webp","datePublished":"2025-11-17T13:40:21+00:00","dateModified":"2025-11-17T13:53:50+00:00","description":"D\u00e9couvrez les v\u00e9rins guid\u00e9s s\u00e9ries SD et SE, id\u00e9aux pour les mouvements pr\u00e9cis et les charges lourdes dans l'automatisation industrielle.","breadcrumb":{"@id":"https:\/\/lda.be\/fr\/produit\/sd-se-serie-verins-guides\/#breadcrumb"},"inLanguage":"fr-FR","potentialAction":[{"@type":"ReadAction","target":["https:\/\/lda.be\/fr\/produit\/sd-se-serie-verins-guides\/"]}]},{"@type":"ImageObject","inLanguage":"fr-FR","@id":"https:\/\/lda.be\/fr\/produit\/sd-se-serie-verins-guides\/#primaryimage","url":"https:\/\/lda.be\/wp-content\/uploads\/2025\/11\/series-SD-and-SE-slides.webp","contentUrl":"https:\/\/lda.be\/wp-content\/uploads\/2025\/11\/series-SD-and-SE-slides.webp","width":1080,"height":1080,"caption":"series SD and SE thruster slides"},{"@type":"BreadcrumbList","@id":"https:\/\/lda.be\/fr\/produit\/sd-se-serie-verins-guides\/#breadcrumb","itemListElement":[{"@type":"ListItem","position":1,"name":"Accueil","item":"https:\/\/lda.be\/fr\/"},{"@type":"ListItem","position":2,"name":"Produits","item":"https:\/\/lda.be\/fr\/produits\/"},{"@type":"ListItem","position":3,"name":"SD\/SE s\u00e9rie v\u00e9rins guid\u00e9s"}]},{"@type":"WebSite","@id":"https:\/\/lda.be\/fr\/#website","url":"https:\/\/lda.be\/fr\/","name":"LDA Belgium","description":"Solutions For Life","publisher":{"@id":"https:\/\/lda.be\/fr\/#organization"},"potentialAction":[{"@type":"SearchAction","target":{"@type":"EntryPoint","urlTemplate":"https:\/\/lda.be\/fr\/?s={search_term_string}"},"query-input":{"@type":"PropertyValueSpecification","valueRequired":true,"valueName":"search_term_string"}}],"inLanguage":"fr-FR"},{"@type":"Organization","@id":"https:\/\/lda.be\/fr\/#organization","name":"LDA Belgium","url":"https:\/\/lda.be\/fr\/","logo":{"@type":"ImageObject","inLanguage":"fr-FR","@id":"https:\/\/lda.be\/fr\/#\/schema\/logo\/image\/","url":"https:\/\/lda.be\/wp-content\/uploads\/2022\/07\/Logo-LDA.webp","contentUrl":"https:\/\/lda.be\/wp-content\/uploads\/2022\/07\/Logo-LDA.webp","width":311,"height":101,"caption":"LDA Belgium"},"image":{"@id":"https:\/\/lda.be\/fr\/#\/schema\/logo\/image\/"},"sameAs":["https:\/\/www.linkedin.com\/company\/lda-belgium-nv"]}]}},"_links":{"self":[{"href":"https:\/\/lda.be\/fr\/wp-json\/wp\/v2\/product\/13625","targetHints":{"allow":["GET"]}}],"collection":[{"href":"https:\/\/lda.be\/fr\/wp-json\/wp\/v2\/product"}],"about":[{"href":"https:\/\/lda.be\/fr\/wp-json\/wp\/v2\/types\/product"}],"replies":[{"embeddable":true,"href":"https:\/\/lda.be\/fr\/wp-json\/wp\/v2\/comments?post=13625"}],"wp:featuredmedia":[{"embeddable":true,"href":"https:\/\/lda.be\/fr\/wp-json\/wp\/v2\/media\/13623"}],"wp:attachment":[{"href":"https:\/\/lda.be\/fr\/wp-json\/wp\/v2\/media?parent=13625"}],"wp:term":[{"taxonomy":"product_brand","embeddable":true,"href":"https:\/\/lda.be\/fr\/wp-json\/wp\/v2\/product_brand?post=13625"},{"taxonomy":"product_cat","embeddable":true,"href":"https:\/\/lda.be\/fr\/wp-json\/wp\/v2\/product_cat?post=13625"},{"taxonomy":"product_tag","embeddable":true,"href":"https:\/\/lda.be\/fr\/wp-json\/wp\/v2\/product_tag?post=13625"}],"curies":[{"name":"wp","href":"https:\/\/api.w.org\/{rel}","templated":true}]}}