{"id":13656,"date":"2025-11-18T14:38:13","date_gmt":"2025-11-18T13:38:13","guid":{"rendered":"https:\/\/lda.be\/?post_type=product&#038;p=13656"},"modified":"2025-11-18T15:06:33","modified_gmt":"2025-11-18T14:06:33","slug":"cylindres-guides-serie-sxl-sxh","status":"publish","type":"product","link":"https:\/\/lda.be\/fr\/produit\/cylindres-guides-serie-sxl-sxh\/","title":{"rendered":"Cylindres guid\u00e9s s\u00e9rie SxL\/SxH"},"content":{"rendered":"<p>Les SxL\/SxH s\u00e9rie cylindres guid\u00e9s de PHD inc. sont \u00e9quip\u00e9s de tampons antichocs internes et externes qui viennent compl\u00e9ter leur conception robuste capable de supporter des charges \u00e9lev\u00e9es. Les unit\u00e9s SxH comprennent des roulements composites TC haute capacit\u00e9 et les unit\u00e9s SxL sont \u00e9quip\u00e9es de roulements en polym\u00e8re pour les utilisations moins exigeantes. Les glissi\u00e8res des s\u00e9ries SxL\/SxH sont con\u00e7ues pour les applications hautes performances o\u00f9 la longueur de la glissi\u00e8re est un facteur important.<\/p>\n","protected":false},"excerpt":{"rendered":"<p>Les SxL\/SxH s\u00e9rie cylindres guid\u00e9s de PHD inc. sont \u00e9quip\u00e9s de tampons antichocs internes et externes qui viennent compl\u00e9ter leur conception robuste capable de supporter des charges \u00e9lev\u00e9es. Les unit\u00e9s SxH comprennent des roulements composites TC haute capacit\u00e9 et les unit\u00e9s SxL sont \u00e9quip\u00e9es de roulements en polym\u00e8re pour les utilisations moins exigeantes. Les glissi\u00e8res [&hellip;]<\/p>\n","protected":false},"featured_media":13652,"comment_status":"closed","ping_status":"closed","template":"","meta":[],"product_brand":[1840,1277],"product_cat":[1050],"product_tag":[],"class_list":{"0":"post-13656","1":"product","2":"type-product","3":"status-publish","4":"has-post-thumbnail","6":"product_brand-guided","7":"product_brand-phd","8":"product_cat-verins-guides","10":"first","11":"instock","12":"shipping-taxable","13":"product-type-simple"},"yoast_head":"<!-- This site is optimized with the Yoast SEO plugin v27.3 - https:\/\/yoast.com\/product\/yoast-seo-wordpress\/ -->\n<title>Cylindres guid\u00e9s s\u00e9rie SxL\/SxH - LDA Belgique<\/title>\n<meta name=\"description\" content=\"D\u00e9couvrez les cylindres guid\u00e9s s\u00e9rie SxL\/SxH de PHD Inc ! Ce cylindre exceptionnel est parfait pour les machines avec un al\u00e9sage de 8 mm \u00e0 63 mm. LDA Belgique\" \/>\n<meta name=\"robots\" content=\"index, follow, max-snippet:-1, max-image-preview:large, max-video-preview:-1\" \/>\n<link rel=\"canonical\" href=\"https:\/\/lda.be\/fr\/produit\/cylindres-guides-serie-sxl-sxh\/\" \/>\n<meta property=\"og:locale\" content=\"fr_FR\" \/>\n<meta property=\"og:type\" content=\"article\" \/>\n<meta property=\"og:title\" content=\"Cylindres guid\u00e9s s\u00e9rie SxL\/SxH - LDA Belgique\" \/>\n<meta property=\"og:description\" content=\"D\u00e9couvrez les cylindres guid\u00e9s s\u00e9rie SxL\/SxH de PHD Inc ! Ce cylindre exceptionnel est parfait pour les machines avec un al\u00e9sage de 8 mm \u00e0 63 mm. LDA Belgique\" \/>\n<meta property=\"og:url\" content=\"https:\/\/lda.be\/fr\/produit\/cylindres-guides-serie-sxl-sxh\/\" \/>\n<meta property=\"og:site_name\" content=\"LDA Belgique\" \/>\n<meta property=\"article:modified_time\" content=\"2025-11-18T14:06:33+00:00\" \/>\n<meta property=\"og:image\" content=\"https:\/\/lda.be\/wp-content\/uploads\/2025\/11\/Series-SxL_SxH.webp\" \/>\n\t<meta property=\"og:image:width\" content=\"1080\" \/>\n\t<meta property=\"og:image:height\" content=\"1080\" \/>\n\t<meta property=\"og:image:type\" content=\"image\/webp\" \/>\n<meta name=\"twitter:card\" content=\"summary_large_image\" \/>\n<meta name=\"twitter:label1\" content=\"Dur\u00e9e de lecture estim\u00e9e\" \/>\n\t<meta name=\"twitter:data1\" content=\"1 minute\" \/>\n<script type=\"application\/ld+json\" class=\"yoast-schema-graph\">{\"@context\":\"https:\\\/\\\/schema.org\",\"@graph\":[{\"@type\":\"WebPage\",\"@id\":\"https:\\\/\\\/lda.be\\\/fr\\\/produit\\\/cylindres-guides-serie-sxl-sxh\\\/\",\"url\":\"https:\\\/\\\/lda.be\\\/fr\\\/produit\\\/cylindres-guides-serie-sxl-sxh\\\/\",\"name\":\"Cylindres guid\u00e9s s\u00e9rie SxL\\\/SxH - LDA Belgique\",\"isPartOf\":{\"@id\":\"https:\\\/\\\/lda.be\\\/fr\\\/#website\"},\"primaryImageOfPage\":{\"@id\":\"https:\\\/\\\/lda.be\\\/fr\\\/produit\\\/cylindres-guides-serie-sxl-sxh\\\/#primaryimage\"},\"image\":{\"@id\":\"https:\\\/\\\/lda.be\\\/fr\\\/produit\\\/cylindres-guides-serie-sxl-sxh\\\/#primaryimage\"},\"thumbnailUrl\":\"https:\\\/\\\/lda.be\\\/wp-content\\\/uploads\\\/2025\\\/11\\\/Series-SxL_SxH.webp\",\"datePublished\":\"2025-11-18T13:38:13+00:00\",\"dateModified\":\"2025-11-18T14:06:33+00:00\",\"description\":\"D\u00e9couvrez les cylindres guid\u00e9s s\u00e9rie SxL\\\/SxH de PHD Inc ! Ce cylindre exceptionnel est parfait pour les machines avec un al\u00e9sage de 8 mm \u00e0 63 mm. LDA Belgique\",\"breadcrumb\":{\"@id\":\"https:\\\/\\\/lda.be\\\/fr\\\/produit\\\/cylindres-guides-serie-sxl-sxh\\\/#breadcrumb\"},\"inLanguage\":\"fr-FR\",\"potentialAction\":[{\"@type\":\"ReadAction\",\"target\":[\"https:\\\/\\\/lda.be\\\/fr\\\/produit\\\/cylindres-guides-serie-sxl-sxh\\\/\"]}]},{\"@type\":\"ImageObject\",\"inLanguage\":\"fr-FR\",\"@id\":\"https:\\\/\\\/lda.be\\\/fr\\\/produit\\\/cylindres-guides-serie-sxl-sxh\\\/#primaryimage\",\"url\":\"https:\\\/\\\/lda.be\\\/wp-content\\\/uploads\\\/2025\\\/11\\\/Series-SxL_SxH.webp\",\"contentUrl\":\"https:\\\/\\\/lda.be\\\/wp-content\\\/uploads\\\/2025\\\/11\\\/Series-SxL_SxH.webp\",\"width\":1080,\"height\":1080,\"caption\":\"de SxL\\\/SxH serie geleide cilinders van PHD Inc\"},{\"@type\":\"BreadcrumbList\",\"@id\":\"https:\\\/\\\/lda.be\\\/fr\\\/produit\\\/cylindres-guides-serie-sxl-sxh\\\/#breadcrumb\",\"itemListElement\":[{\"@type\":\"ListItem\",\"position\":1,\"name\":\"Accueil\",\"item\":\"https:\\\/\\\/lda.be\\\/fr\\\/\"},{\"@type\":\"ListItem\",\"position\":2,\"name\":\"Produits\",\"item\":\"https:\\\/\\\/lda.be\\\/fr\\\/produits\\\/\"},{\"@type\":\"ListItem\",\"position\":3,\"name\":\"Cylindres guid\u00e9s s\u00e9rie SxL\\\/SxH\"}]},{\"@type\":\"WebSite\",\"@id\":\"https:\\\/\\\/lda.be\\\/fr\\\/#website\",\"url\":\"https:\\\/\\\/lda.be\\\/fr\\\/\",\"name\":\"LDA Belgium\",\"description\":\"Solutions For Life\",\"publisher\":{\"@id\":\"https:\\\/\\\/lda.be\\\/fr\\\/#organization\"},\"potentialAction\":[{\"@type\":\"SearchAction\",\"target\":{\"@type\":\"EntryPoint\",\"urlTemplate\":\"https:\\\/\\\/lda.be\\\/fr\\\/?s={search_term_string}\"},\"query-input\":{\"@type\":\"PropertyValueSpecification\",\"valueRequired\":true,\"valueName\":\"search_term_string\"}}],\"inLanguage\":\"fr-FR\"},{\"@type\":\"Organization\",\"@id\":\"https:\\\/\\\/lda.be\\\/fr\\\/#organization\",\"name\":\"LDA Belgium\",\"url\":\"https:\\\/\\\/lda.be\\\/fr\\\/\",\"logo\":{\"@type\":\"ImageObject\",\"inLanguage\":\"fr-FR\",\"@id\":\"https:\\\/\\\/lda.be\\\/fr\\\/#\\\/schema\\\/logo\\\/image\\\/\",\"url\":\"https:\\\/\\\/lda.be\\\/wp-content\\\/uploads\\\/2022\\\/07\\\/Logo-LDA.webp\",\"contentUrl\":\"https:\\\/\\\/lda.be\\\/wp-content\\\/uploads\\\/2022\\\/07\\\/Logo-LDA.webp\",\"width\":311,\"height\":101,\"caption\":\"LDA Belgium\"},\"image\":{\"@id\":\"https:\\\/\\\/lda.be\\\/fr\\\/#\\\/schema\\\/logo\\\/image\\\/\"},\"sameAs\":[\"https:\\\/\\\/www.linkedin.com\\\/company\\\/lda-belgium-nv\"]}]}<\/script>\n<!-- \/ Yoast SEO plugin. -->","yoast_head_json":{"title":"Cylindres guid\u00e9s s\u00e9rie SxL\/SxH - LDA Belgique","description":"D\u00e9couvrez les cylindres guid\u00e9s s\u00e9rie SxL\/SxH de PHD Inc ! Ce cylindre exceptionnel est parfait pour les machines avec un al\u00e9sage de 8 mm \u00e0 63 mm. LDA Belgique","robots":{"index":"index","follow":"follow","max-snippet":"max-snippet:-1","max-image-preview":"max-image-preview:large","max-video-preview":"max-video-preview:-1"},"canonical":"https:\/\/lda.be\/fr\/produit\/cylindres-guides-serie-sxl-sxh\/","og_locale":"fr_FR","og_type":"article","og_title":"Cylindres guid\u00e9s s\u00e9rie SxL\/SxH - LDA Belgique","og_description":"D\u00e9couvrez les cylindres guid\u00e9s s\u00e9rie SxL\/SxH de PHD Inc ! Ce cylindre exceptionnel est parfait pour les machines avec un al\u00e9sage de 8 mm \u00e0 63 mm. LDA Belgique","og_url":"https:\/\/lda.be\/fr\/produit\/cylindres-guides-serie-sxl-sxh\/","og_site_name":"LDA Belgique","article_modified_time":"2025-11-18T14:06:33+00:00","og_image":[{"width":1080,"height":1080,"url":"https:\/\/lda.be\/wp-content\/uploads\/2025\/11\/Series-SxL_SxH.webp","type":"image\/webp"}],"twitter_card":"summary_large_image","twitter_misc":{"Dur\u00e9e de lecture estim\u00e9e":"1 minute"},"schema":{"@context":"https:\/\/schema.org","@graph":[{"@type":"WebPage","@id":"https:\/\/lda.be\/fr\/produit\/cylindres-guides-serie-sxl-sxh\/","url":"https:\/\/lda.be\/fr\/produit\/cylindres-guides-serie-sxl-sxh\/","name":"Cylindres guid\u00e9s s\u00e9rie SxL\/SxH - LDA Belgique","isPartOf":{"@id":"https:\/\/lda.be\/fr\/#website"},"primaryImageOfPage":{"@id":"https:\/\/lda.be\/fr\/produit\/cylindres-guides-serie-sxl-sxh\/#primaryimage"},"image":{"@id":"https:\/\/lda.be\/fr\/produit\/cylindres-guides-serie-sxl-sxh\/#primaryimage"},"thumbnailUrl":"https:\/\/lda.be\/wp-content\/uploads\/2025\/11\/Series-SxL_SxH.webp","datePublished":"2025-11-18T13:38:13+00:00","dateModified":"2025-11-18T14:06:33+00:00","description":"D\u00e9couvrez les cylindres guid\u00e9s s\u00e9rie SxL\/SxH de PHD Inc ! Ce cylindre exceptionnel est parfait pour les machines avec un al\u00e9sage de 8 mm \u00e0 63 mm. LDA Belgique","breadcrumb":{"@id":"https:\/\/lda.be\/fr\/produit\/cylindres-guides-serie-sxl-sxh\/#breadcrumb"},"inLanguage":"fr-FR","potentialAction":[{"@type":"ReadAction","target":["https:\/\/lda.be\/fr\/produit\/cylindres-guides-serie-sxl-sxh\/"]}]},{"@type":"ImageObject","inLanguage":"fr-FR","@id":"https:\/\/lda.be\/fr\/produit\/cylindres-guides-serie-sxl-sxh\/#primaryimage","url":"https:\/\/lda.be\/wp-content\/uploads\/2025\/11\/Series-SxL_SxH.webp","contentUrl":"https:\/\/lda.be\/wp-content\/uploads\/2025\/11\/Series-SxL_SxH.webp","width":1080,"height":1080,"caption":"de SxL\/SxH serie geleide cilinders van PHD Inc"},{"@type":"BreadcrumbList","@id":"https:\/\/lda.be\/fr\/produit\/cylindres-guides-serie-sxl-sxh\/#breadcrumb","itemListElement":[{"@type":"ListItem","position":1,"name":"Accueil","item":"https:\/\/lda.be\/fr\/"},{"@type":"ListItem","position":2,"name":"Produits","item":"https:\/\/lda.be\/fr\/produits\/"},{"@type":"ListItem","position":3,"name":"Cylindres guid\u00e9s s\u00e9rie SxL\/SxH"}]},{"@type":"WebSite","@id":"https:\/\/lda.be\/fr\/#website","url":"https:\/\/lda.be\/fr\/","name":"LDA Belgium","description":"Solutions For Life","publisher":{"@id":"https:\/\/lda.be\/fr\/#organization"},"potentialAction":[{"@type":"SearchAction","target":{"@type":"EntryPoint","urlTemplate":"https:\/\/lda.be\/fr\/?s={search_term_string}"},"query-input":{"@type":"PropertyValueSpecification","valueRequired":true,"valueName":"search_term_string"}}],"inLanguage":"fr-FR"},{"@type":"Organization","@id":"https:\/\/lda.be\/fr\/#organization","name":"LDA Belgium","url":"https:\/\/lda.be\/fr\/","logo":{"@type":"ImageObject","inLanguage":"fr-FR","@id":"https:\/\/lda.be\/fr\/#\/schema\/logo\/image\/","url":"https:\/\/lda.be\/wp-content\/uploads\/2022\/07\/Logo-LDA.webp","contentUrl":"https:\/\/lda.be\/wp-content\/uploads\/2022\/07\/Logo-LDA.webp","width":311,"height":101,"caption":"LDA Belgium"},"image":{"@id":"https:\/\/lda.be\/fr\/#\/schema\/logo\/image\/"},"sameAs":["https:\/\/www.linkedin.com\/company\/lda-belgium-nv"]}]}},"_links":{"self":[{"href":"https:\/\/lda.be\/fr\/wp-json\/wp\/v2\/product\/13656","targetHints":{"allow":["GET"]}}],"collection":[{"href":"https:\/\/lda.be\/fr\/wp-json\/wp\/v2\/product"}],"about":[{"href":"https:\/\/lda.be\/fr\/wp-json\/wp\/v2\/types\/product"}],"replies":[{"embeddable":true,"href":"https:\/\/lda.be\/fr\/wp-json\/wp\/v2\/comments?post=13656"}],"wp:featuredmedia":[{"embeddable":true,"href":"https:\/\/lda.be\/fr\/wp-json\/wp\/v2\/media\/13652"}],"wp:attachment":[{"href":"https:\/\/lda.be\/fr\/wp-json\/wp\/v2\/media?parent=13656"}],"wp:term":[{"taxonomy":"product_brand","embeddable":true,"href":"https:\/\/lda.be\/fr\/wp-json\/wp\/v2\/product_brand?post=13656"},{"taxonomy":"product_cat","embeddable":true,"href":"https:\/\/lda.be\/fr\/wp-json\/wp\/v2\/product_cat?post=13656"},{"taxonomy":"product_tag","embeddable":true,"href":"https:\/\/lda.be\/fr\/wp-json\/wp\/v2\/product_tag?post=13656"}],"curies":[{"name":"wp","href":"https:\/\/api.w.org\/{rel}","templated":true}]}}