{"id":13665,"date":"2025-11-18T15:33:51","date_gmt":"2025-11-18T14:33:51","guid":{"rendered":"https:\/\/lda.be\/?post_type=product&#038;p=13665"},"modified":"2025-11-18T15:44:26","modified_gmt":"2025-11-18T14:44:26","slug":"serie-stp-de-verins-guides","status":"publish","type":"product","link":"https:\/\/lda.be\/fr\/produit\/serie-stp-de-verins-guides\/","title":{"rendered":"S\u00e9rie STP de v\u00e9rins guid\u00e9s"},"content":{"rendered":"<p>Les v\u00e9rins guid\u00e9s de la s\u00e9rie STP sont \u00e9quip\u00e9s de roulements \u00e0 rail en acier inoxydable avec un double al\u00e9sage pour une puissance accrue. Le r\u00e9glage optionnel de la course augmente la pr\u00e9cision des mouvements et permet des arr\u00eats r\u00e9guliers afin de maximiser la dur\u00e9e de vie de l&#8217;actionneur. Les amortisseurs standard r\u00e9duisent les chocs et le bruit. Les glissi\u00e8res de la s\u00e9rie STP sont con\u00e7ues pour les applications \u00e0 grande vitesse, haute pr\u00e9cision et charge \u00e9lev\u00e9e o\u00f9 l&#8217;espace est limit\u00e9.<\/p>\n","protected":false},"excerpt":{"rendered":"<p>Les v\u00e9rins guid\u00e9s de la s\u00e9rie STP sont \u00e9quip\u00e9s de roulements \u00e0 rail en acier inoxydable avec un double al\u00e9sage pour une puissance accrue. Le r\u00e9glage optionnel de la course augmente la pr\u00e9cision des mouvements et permet des arr\u00eats r\u00e9guliers afin de maximiser la dur\u00e9e de vie de l&#8217;actionneur. Les amortisseurs standard r\u00e9duisent les chocs [&hellip;]<\/p>\n","protected":false},"featured_media":13660,"comment_status":"closed","ping_status":"closed","template":"","meta":[],"product_brand":[1840,1277],"product_cat":[1050],"product_tag":[],"class_list":{"0":"post-13665","1":"product","2":"type-product","3":"status-publish","4":"has-post-thumbnail","6":"product_brand-guided","7":"product_brand-phd","8":"product_cat-verins-guides","10":"first","11":"instock","12":"shipping-taxable","13":"product-type-simple"},"yoast_head":"<!-- This site is optimized with the Yoast SEO plugin v27.3 - https:\/\/yoast.com\/product\/yoast-seo-wordpress\/ -->\n<title>S\u00e9rie STP de v\u00e9rins guid\u00e9s - LDA Belgique<\/title>\n<meta name=\"description\" content=\"La s\u00e9rie STP de v\u00e9rins guid\u00e9s de PHD inc est con\u00e7ue pour des mouvements pr\u00e9cis et construite pour des applications \u00e0 grande vitesse et haute pr\u00e9cision.\" \/>\n<meta name=\"robots\" content=\"index, follow, max-snippet:-1, max-image-preview:large, max-video-preview:-1\" \/>\n<link rel=\"canonical\" href=\"https:\/\/lda.be\/fr\/produit\/serie-stp-de-verins-guides\/\" \/>\n<meta property=\"og:locale\" content=\"fr_FR\" \/>\n<meta property=\"og:type\" content=\"article\" \/>\n<meta property=\"og:title\" content=\"S\u00e9rie STP de v\u00e9rins guid\u00e9s - LDA Belgique\" \/>\n<meta property=\"og:description\" content=\"La s\u00e9rie STP de v\u00e9rins guid\u00e9s de PHD inc est con\u00e7ue pour des mouvements pr\u00e9cis et construite pour des applications \u00e0 grande vitesse et haute pr\u00e9cision.\" \/>\n<meta property=\"og:url\" content=\"https:\/\/lda.be\/fr\/produit\/serie-stp-de-verins-guides\/\" \/>\n<meta property=\"og:site_name\" content=\"LDA Belgique\" \/>\n<meta property=\"article:modified_time\" content=\"2025-11-18T14:44:26+00:00\" \/>\n<meta property=\"og:image\" content=\"https:\/\/lda.be\/wp-content\/uploads\/2025\/11\/Series-STP-guided-cylinders.webp\" \/>\n\t<meta property=\"og:image:width\" content=\"1080\" \/>\n\t<meta property=\"og:image:height\" content=\"1080\" \/>\n\t<meta property=\"og:image:type\" content=\"image\/webp\" \/>\n<meta name=\"twitter:card\" content=\"summary_large_image\" \/>\n<meta name=\"twitter:label1\" content=\"Dur\u00e9e de lecture estim\u00e9e\" \/>\n\t<meta name=\"twitter:data1\" content=\"1 minute\" \/>\n<script type=\"application\/ld+json\" class=\"yoast-schema-graph\">{\"@context\":\"https:\\\/\\\/schema.org\",\"@graph\":[{\"@type\":\"WebPage\",\"@id\":\"https:\\\/\\\/lda.be\\\/fr\\\/produit\\\/serie-stp-de-verins-guides\\\/\",\"url\":\"https:\\\/\\\/lda.be\\\/fr\\\/produit\\\/serie-stp-de-verins-guides\\\/\",\"name\":\"S\u00e9rie STP de v\u00e9rins guid\u00e9s - LDA Belgique\",\"isPartOf\":{\"@id\":\"https:\\\/\\\/lda.be\\\/fr\\\/#website\"},\"primaryImageOfPage\":{\"@id\":\"https:\\\/\\\/lda.be\\\/fr\\\/produit\\\/serie-stp-de-verins-guides\\\/#primaryimage\"},\"image\":{\"@id\":\"https:\\\/\\\/lda.be\\\/fr\\\/produit\\\/serie-stp-de-verins-guides\\\/#primaryimage\"},\"thumbnailUrl\":\"https:\\\/\\\/lda.be\\\/wp-content\\\/uploads\\\/2025\\\/11\\\/Series-STP-guided-cylinders.webp\",\"datePublished\":\"2025-11-18T14:33:51+00:00\",\"dateModified\":\"2025-11-18T14:44:26+00:00\",\"description\":\"La s\u00e9rie STP de v\u00e9rins guid\u00e9s de PHD inc est con\u00e7ue pour des mouvements pr\u00e9cis et construite pour des applications \u00e0 grande vitesse et haute pr\u00e9cision.\",\"breadcrumb\":{\"@id\":\"https:\\\/\\\/lda.be\\\/fr\\\/produit\\\/serie-stp-de-verins-guides\\\/#breadcrumb\"},\"inLanguage\":\"fr-FR\",\"potentialAction\":[{\"@type\":\"ReadAction\",\"target\":[\"https:\\\/\\\/lda.be\\\/fr\\\/produit\\\/serie-stp-de-verins-guides\\\/\"]}]},{\"@type\":\"ImageObject\",\"inLanguage\":\"fr-FR\",\"@id\":\"https:\\\/\\\/lda.be\\\/fr\\\/produit\\\/serie-stp-de-verins-guides\\\/#primaryimage\",\"url\":\"https:\\\/\\\/lda.be\\\/wp-content\\\/uploads\\\/2025\\\/11\\\/Series-STP-guided-cylinders.webp\",\"contentUrl\":\"https:\\\/\\\/lda.be\\\/wp-content\\\/uploads\\\/2025\\\/11\\\/Series-STP-guided-cylinders.webp\",\"width\":1080,\"height\":1080},{\"@type\":\"BreadcrumbList\",\"@id\":\"https:\\\/\\\/lda.be\\\/fr\\\/produit\\\/serie-stp-de-verins-guides\\\/#breadcrumb\",\"itemListElement\":[{\"@type\":\"ListItem\",\"position\":1,\"name\":\"Accueil\",\"item\":\"https:\\\/\\\/lda.be\\\/fr\\\/\"},{\"@type\":\"ListItem\",\"position\":2,\"name\":\"Produits\",\"item\":\"https:\\\/\\\/lda.be\\\/fr\\\/produits\\\/\"},{\"@type\":\"ListItem\",\"position\":3,\"name\":\"S\u00e9rie STP de v\u00e9rins guid\u00e9s\"}]},{\"@type\":\"WebSite\",\"@id\":\"https:\\\/\\\/lda.be\\\/fr\\\/#website\",\"url\":\"https:\\\/\\\/lda.be\\\/fr\\\/\",\"name\":\"LDA Belgium\",\"description\":\"Solutions For Life\",\"publisher\":{\"@id\":\"https:\\\/\\\/lda.be\\\/fr\\\/#organization\"},\"potentialAction\":[{\"@type\":\"SearchAction\",\"target\":{\"@type\":\"EntryPoint\",\"urlTemplate\":\"https:\\\/\\\/lda.be\\\/fr\\\/?s={search_term_string}\"},\"query-input\":{\"@type\":\"PropertyValueSpecification\",\"valueRequired\":true,\"valueName\":\"search_term_string\"}}],\"inLanguage\":\"fr-FR\"},{\"@type\":\"Organization\",\"@id\":\"https:\\\/\\\/lda.be\\\/fr\\\/#organization\",\"name\":\"LDA Belgium\",\"url\":\"https:\\\/\\\/lda.be\\\/fr\\\/\",\"logo\":{\"@type\":\"ImageObject\",\"inLanguage\":\"fr-FR\",\"@id\":\"https:\\\/\\\/lda.be\\\/fr\\\/#\\\/schema\\\/logo\\\/image\\\/\",\"url\":\"https:\\\/\\\/lda.be\\\/wp-content\\\/uploads\\\/2022\\\/07\\\/Logo-LDA.webp\",\"contentUrl\":\"https:\\\/\\\/lda.be\\\/wp-content\\\/uploads\\\/2022\\\/07\\\/Logo-LDA.webp\",\"width\":311,\"height\":101,\"caption\":\"LDA Belgium\"},\"image\":{\"@id\":\"https:\\\/\\\/lda.be\\\/fr\\\/#\\\/schema\\\/logo\\\/image\\\/\"},\"sameAs\":[\"https:\\\/\\\/www.linkedin.com\\\/company\\\/lda-belgium-nv\"]}]}<\/script>\n<!-- \/ Yoast SEO plugin. -->","yoast_head_json":{"title":"S\u00e9rie STP de v\u00e9rins guid\u00e9s - LDA Belgique","description":"La s\u00e9rie STP de v\u00e9rins guid\u00e9s de PHD inc est con\u00e7ue pour des mouvements pr\u00e9cis et construite pour des applications \u00e0 grande vitesse et haute pr\u00e9cision.","robots":{"index":"index","follow":"follow","max-snippet":"max-snippet:-1","max-image-preview":"max-image-preview:large","max-video-preview":"max-video-preview:-1"},"canonical":"https:\/\/lda.be\/fr\/produit\/serie-stp-de-verins-guides\/","og_locale":"fr_FR","og_type":"article","og_title":"S\u00e9rie STP de v\u00e9rins guid\u00e9s - LDA Belgique","og_description":"La s\u00e9rie STP de v\u00e9rins guid\u00e9s de PHD inc est con\u00e7ue pour des mouvements pr\u00e9cis et construite pour des applications \u00e0 grande vitesse et haute pr\u00e9cision.","og_url":"https:\/\/lda.be\/fr\/produit\/serie-stp-de-verins-guides\/","og_site_name":"LDA Belgique","article_modified_time":"2025-11-18T14:44:26+00:00","og_image":[{"width":1080,"height":1080,"url":"https:\/\/lda.be\/wp-content\/uploads\/2025\/11\/Series-STP-guided-cylinders.webp","type":"image\/webp"}],"twitter_card":"summary_large_image","twitter_misc":{"Dur\u00e9e de lecture estim\u00e9e":"1 minute"},"schema":{"@context":"https:\/\/schema.org","@graph":[{"@type":"WebPage","@id":"https:\/\/lda.be\/fr\/produit\/serie-stp-de-verins-guides\/","url":"https:\/\/lda.be\/fr\/produit\/serie-stp-de-verins-guides\/","name":"S\u00e9rie STP de v\u00e9rins guid\u00e9s - LDA Belgique","isPartOf":{"@id":"https:\/\/lda.be\/fr\/#website"},"primaryImageOfPage":{"@id":"https:\/\/lda.be\/fr\/produit\/serie-stp-de-verins-guides\/#primaryimage"},"image":{"@id":"https:\/\/lda.be\/fr\/produit\/serie-stp-de-verins-guides\/#primaryimage"},"thumbnailUrl":"https:\/\/lda.be\/wp-content\/uploads\/2025\/11\/Series-STP-guided-cylinders.webp","datePublished":"2025-11-18T14:33:51+00:00","dateModified":"2025-11-18T14:44:26+00:00","description":"La s\u00e9rie STP de v\u00e9rins guid\u00e9s de PHD inc est con\u00e7ue pour des mouvements pr\u00e9cis et construite pour des applications \u00e0 grande vitesse et haute pr\u00e9cision.","breadcrumb":{"@id":"https:\/\/lda.be\/fr\/produit\/serie-stp-de-verins-guides\/#breadcrumb"},"inLanguage":"fr-FR","potentialAction":[{"@type":"ReadAction","target":["https:\/\/lda.be\/fr\/produit\/serie-stp-de-verins-guides\/"]}]},{"@type":"ImageObject","inLanguage":"fr-FR","@id":"https:\/\/lda.be\/fr\/produit\/serie-stp-de-verins-guides\/#primaryimage","url":"https:\/\/lda.be\/wp-content\/uploads\/2025\/11\/Series-STP-guided-cylinders.webp","contentUrl":"https:\/\/lda.be\/wp-content\/uploads\/2025\/11\/Series-STP-guided-cylinders.webp","width":1080,"height":1080},{"@type":"BreadcrumbList","@id":"https:\/\/lda.be\/fr\/produit\/serie-stp-de-verins-guides\/#breadcrumb","itemListElement":[{"@type":"ListItem","position":1,"name":"Accueil","item":"https:\/\/lda.be\/fr\/"},{"@type":"ListItem","position":2,"name":"Produits","item":"https:\/\/lda.be\/fr\/produits\/"},{"@type":"ListItem","position":3,"name":"S\u00e9rie STP de v\u00e9rins guid\u00e9s"}]},{"@type":"WebSite","@id":"https:\/\/lda.be\/fr\/#website","url":"https:\/\/lda.be\/fr\/","name":"LDA Belgium","description":"Solutions For Life","publisher":{"@id":"https:\/\/lda.be\/fr\/#organization"},"potentialAction":[{"@type":"SearchAction","target":{"@type":"EntryPoint","urlTemplate":"https:\/\/lda.be\/fr\/?s={search_term_string}"},"query-input":{"@type":"PropertyValueSpecification","valueRequired":true,"valueName":"search_term_string"}}],"inLanguage":"fr-FR"},{"@type":"Organization","@id":"https:\/\/lda.be\/fr\/#organization","name":"LDA Belgium","url":"https:\/\/lda.be\/fr\/","logo":{"@type":"ImageObject","inLanguage":"fr-FR","@id":"https:\/\/lda.be\/fr\/#\/schema\/logo\/image\/","url":"https:\/\/lda.be\/wp-content\/uploads\/2022\/07\/Logo-LDA.webp","contentUrl":"https:\/\/lda.be\/wp-content\/uploads\/2022\/07\/Logo-LDA.webp","width":311,"height":101,"caption":"LDA Belgium"},"image":{"@id":"https:\/\/lda.be\/fr\/#\/schema\/logo\/image\/"},"sameAs":["https:\/\/www.linkedin.com\/company\/lda-belgium-nv"]}]}},"_links":{"self":[{"href":"https:\/\/lda.be\/fr\/wp-json\/wp\/v2\/product\/13665","targetHints":{"allow":["GET"]}}],"collection":[{"href":"https:\/\/lda.be\/fr\/wp-json\/wp\/v2\/product"}],"about":[{"href":"https:\/\/lda.be\/fr\/wp-json\/wp\/v2\/types\/product"}],"replies":[{"embeddable":true,"href":"https:\/\/lda.be\/fr\/wp-json\/wp\/v2\/comments?post=13665"}],"wp:featuredmedia":[{"embeddable":true,"href":"https:\/\/lda.be\/fr\/wp-json\/wp\/v2\/media\/13660"}],"wp:attachment":[{"href":"https:\/\/lda.be\/fr\/wp-json\/wp\/v2\/media?parent=13665"}],"wp:term":[{"taxonomy":"product_brand","embeddable":true,"href":"https:\/\/lda.be\/fr\/wp-json\/wp\/v2\/product_brand?post=13665"},{"taxonomy":"product_cat","embeddable":true,"href":"https:\/\/lda.be\/fr\/wp-json\/wp\/v2\/product_cat?post=13665"},{"taxonomy":"product_tag","embeddable":true,"href":"https:\/\/lda.be\/fr\/wp-json\/wp\/v2\/product_tag?post=13665"}],"curies":[{"name":"wp","href":"https:\/\/api.w.org\/{rel}","templated":true}]}}