{"id":13718,"date":"2025-11-20T16:32:04","date_gmt":"2025-11-20T15:32:04","guid":{"rendered":"https:\/\/lda.be\/?post_type=product&#038;p=13718"},"modified":"2025-11-20T16:47:56","modified_gmt":"2025-11-20T15:47:56","slug":"serie-sg-tables-a-glissiere-portique","status":"publish","type":"product","link":"https:\/\/lda.be\/fr\/produit\/serie-sg-tables-a-glissiere-portique\/","title":{"rendered":"S\u00e9rie SG Tables \u00e0 Glissi\u00e8re Portique"},"content":{"rendered":"<p><strong>S\u00e9rie SG Tables \u00e0 Glissi\u00e8re Portique \u00e0 Charge Lourde<\/strong> offre des courses longues et une capacit\u00e9 de charge \u00e9lev\u00e9e. Courses standard jusqu&#8217;\u00e0 914 mm et r\u00e9glage de course. Aliment\u00e9 par le v\u00e9rin robuste de la s\u00e9rie CV de PHD avec \u00e9tanch\u00e9it\u00e9 et support de palier am\u00e9lior\u00e9s. V\u00e9rin \u00e0 trois positions disponible en option standard.<\/p>\n","protected":false},"excerpt":{"rendered":"<p>S\u00e9rie SG Tables \u00e0 Glissi\u00e8re Portique \u00e0 Charge Lourde offre des courses longues et une capacit\u00e9 de charge \u00e9lev\u00e9e. Courses standard jusqu&#8217;\u00e0 914 mm et r\u00e9glage de course. Aliment\u00e9 par le v\u00e9rin robuste de la s\u00e9rie CV de PHD avec \u00e9tanch\u00e9it\u00e9 et support de palier am\u00e9lior\u00e9s. V\u00e9rin \u00e0 trois positions disponible en option standard.<\/p>\n","protected":false},"featured_media":13716,"comment_status":"closed","ping_status":"closed","template":"","meta":[],"product_brand":[1840,1277],"product_cat":[1050],"product_tag":[],"class_list":{"0":"post-13718","1":"product","2":"type-product","3":"status-publish","4":"has-post-thumbnail","6":"product_brand-guided","7":"product_brand-phd","8":"product_cat-verins-guides","10":"first","11":"instock","12":"shipping-taxable","13":"product-type-simple"},"yoast_head":"<!-- This site is optimized with the Yoast SEO plugin v27.3 - https:\/\/yoast.com\/product\/yoast-seo-wordpress\/ -->\n<title>S\u00e9rie SG Tables \u00e0 Glissi\u00e8re Portique - LDA Belgique<\/title>\n<meta name=\"description\" content=\"S\u00e9rie SG Tables \u00e0 Glissi\u00e8re Portique \u00e0 Charge Lourde avec al\u00e9sages de \u00d8 19 \u00e0 50 mm pour courses longues et capacit\u00e9 de charge \u00e9lev\u00e9e en automatisation industrielle.\" \/>\n<meta name=\"robots\" content=\"index, follow, max-snippet:-1, max-image-preview:large, max-video-preview:-1\" \/>\n<link rel=\"canonical\" href=\"https:\/\/lda.be\/fr\/produit\/serie-sg-tables-a-glissiere-portique\/\" \/>\n<meta property=\"og:locale\" content=\"fr_FR\" \/>\n<meta property=\"og:type\" content=\"article\" \/>\n<meta property=\"og:title\" content=\"S\u00e9rie SG Tables \u00e0 Glissi\u00e8re Portique - LDA Belgique\" \/>\n<meta property=\"og:description\" content=\"S\u00e9rie SG Tables \u00e0 Glissi\u00e8re Portique \u00e0 Charge Lourde avec al\u00e9sages de \u00d8 19 \u00e0 50 mm pour courses longues et capacit\u00e9 de charge \u00e9lev\u00e9e en automatisation industrielle.\" \/>\n<meta property=\"og:url\" content=\"https:\/\/lda.be\/fr\/produit\/serie-sg-tables-a-glissiere-portique\/\" \/>\n<meta property=\"og:site_name\" content=\"LDA Belgique\" \/>\n<meta property=\"article:modified_time\" content=\"2025-11-20T15:47:56+00:00\" \/>\n<meta property=\"og:image\" content=\"https:\/\/lda.be\/wp-content\/uploads\/2025\/11\/Series-SG-linear-slides.webp\" \/>\n\t<meta property=\"og:image:width\" content=\"1080\" \/>\n\t<meta property=\"og:image:height\" content=\"1080\" \/>\n\t<meta property=\"og:image:type\" content=\"image\/webp\" \/>\n<meta name=\"twitter:card\" content=\"summary_large_image\" \/>\n<meta name=\"twitter:label1\" content=\"Dur\u00e9e de lecture estim\u00e9e\" \/>\n\t<meta name=\"twitter:data1\" content=\"1 minute\" \/>\n<script type=\"application\/ld+json\" class=\"yoast-schema-graph\">{\"@context\":\"https:\\\/\\\/schema.org\",\"@graph\":[{\"@type\":\"WebPage\",\"@id\":\"https:\\\/\\\/lda.be\\\/fr\\\/produit\\\/serie-sg-tables-a-glissiere-portique\\\/\",\"url\":\"https:\\\/\\\/lda.be\\\/fr\\\/produit\\\/serie-sg-tables-a-glissiere-portique\\\/\",\"name\":\"S\u00e9rie SG Tables \u00e0 Glissi\u00e8re Portique - LDA Belgique\",\"isPartOf\":{\"@id\":\"https:\\\/\\\/lda.be\\\/fr\\\/#website\"},\"primaryImageOfPage\":{\"@id\":\"https:\\\/\\\/lda.be\\\/fr\\\/produit\\\/serie-sg-tables-a-glissiere-portique\\\/#primaryimage\"},\"image\":{\"@id\":\"https:\\\/\\\/lda.be\\\/fr\\\/produit\\\/serie-sg-tables-a-glissiere-portique\\\/#primaryimage\"},\"thumbnailUrl\":\"https:\\\/\\\/lda.be\\\/wp-content\\\/uploads\\\/2025\\\/11\\\/Series-SG-linear-slides.webp\",\"datePublished\":\"2025-11-20T15:32:04+00:00\",\"dateModified\":\"2025-11-20T15:47:56+00:00\",\"description\":\"S\u00e9rie SG Tables \u00e0 Glissi\u00e8re Portique \u00e0 Charge Lourde avec al\u00e9sages de \u00d8 19 \u00e0 50 mm pour courses longues et capacit\u00e9 de charge \u00e9lev\u00e9e en automatisation industrielle.\",\"breadcrumb\":{\"@id\":\"https:\\\/\\\/lda.be\\\/fr\\\/produit\\\/serie-sg-tables-a-glissiere-portique\\\/#breadcrumb\"},\"inLanguage\":\"fr-FR\",\"potentialAction\":[{\"@type\":\"ReadAction\",\"target\":[\"https:\\\/\\\/lda.be\\\/fr\\\/produit\\\/serie-sg-tables-a-glissiere-portique\\\/\"]}]},{\"@type\":\"ImageObject\",\"inLanguage\":\"fr-FR\",\"@id\":\"https:\\\/\\\/lda.be\\\/fr\\\/produit\\\/serie-sg-tables-a-glissiere-portique\\\/#primaryimage\",\"url\":\"https:\\\/\\\/lda.be\\\/wp-content\\\/uploads\\\/2025\\\/11\\\/Series-SG-linear-slides.webp\",\"contentUrl\":\"https:\\\/\\\/lda.be\\\/wp-content\\\/uploads\\\/2025\\\/11\\\/Series-SG-linear-slides.webp\",\"width\":1080,\"height\":1080,\"caption\":\"Series SG linear-slides\"},{\"@type\":\"BreadcrumbList\",\"@id\":\"https:\\\/\\\/lda.be\\\/fr\\\/produit\\\/serie-sg-tables-a-glissiere-portique\\\/#breadcrumb\",\"itemListElement\":[{\"@type\":\"ListItem\",\"position\":1,\"name\":\"Accueil\",\"item\":\"https:\\\/\\\/lda.be\\\/fr\\\/\"},{\"@type\":\"ListItem\",\"position\":2,\"name\":\"Produits\",\"item\":\"https:\\\/\\\/lda.be\\\/fr\\\/produits\\\/\"},{\"@type\":\"ListItem\",\"position\":3,\"name\":\"S\u00e9rie SG Tables \u00e0 Glissi\u00e8re Portique\"}]},{\"@type\":\"WebSite\",\"@id\":\"https:\\\/\\\/lda.be\\\/fr\\\/#website\",\"url\":\"https:\\\/\\\/lda.be\\\/fr\\\/\",\"name\":\"LDA Belgium\",\"description\":\"Solutions For Life\",\"publisher\":{\"@id\":\"https:\\\/\\\/lda.be\\\/fr\\\/#organization\"},\"potentialAction\":[{\"@type\":\"SearchAction\",\"target\":{\"@type\":\"EntryPoint\",\"urlTemplate\":\"https:\\\/\\\/lda.be\\\/fr\\\/?s={search_term_string}\"},\"query-input\":{\"@type\":\"PropertyValueSpecification\",\"valueRequired\":true,\"valueName\":\"search_term_string\"}}],\"inLanguage\":\"fr-FR\"},{\"@type\":\"Organization\",\"@id\":\"https:\\\/\\\/lda.be\\\/fr\\\/#organization\",\"name\":\"LDA Belgium\",\"url\":\"https:\\\/\\\/lda.be\\\/fr\\\/\",\"logo\":{\"@type\":\"ImageObject\",\"inLanguage\":\"fr-FR\",\"@id\":\"https:\\\/\\\/lda.be\\\/fr\\\/#\\\/schema\\\/logo\\\/image\\\/\",\"url\":\"https:\\\/\\\/lda.be\\\/wp-content\\\/uploads\\\/2022\\\/07\\\/Logo-LDA.webp\",\"contentUrl\":\"https:\\\/\\\/lda.be\\\/wp-content\\\/uploads\\\/2022\\\/07\\\/Logo-LDA.webp\",\"width\":311,\"height\":101,\"caption\":\"LDA Belgium\"},\"image\":{\"@id\":\"https:\\\/\\\/lda.be\\\/fr\\\/#\\\/schema\\\/logo\\\/image\\\/\"},\"sameAs\":[\"https:\\\/\\\/www.linkedin.com\\\/company\\\/lda-belgium-nv\"]}]}<\/script>\n<!-- \/ Yoast SEO plugin. -->","yoast_head_json":{"title":"S\u00e9rie SG Tables \u00e0 Glissi\u00e8re Portique - LDA Belgique","description":"S\u00e9rie SG Tables \u00e0 Glissi\u00e8re Portique \u00e0 Charge Lourde avec al\u00e9sages de \u00d8 19 \u00e0 50 mm pour courses longues et capacit\u00e9 de charge \u00e9lev\u00e9e en automatisation industrielle.","robots":{"index":"index","follow":"follow","max-snippet":"max-snippet:-1","max-image-preview":"max-image-preview:large","max-video-preview":"max-video-preview:-1"},"canonical":"https:\/\/lda.be\/fr\/produit\/serie-sg-tables-a-glissiere-portique\/","og_locale":"fr_FR","og_type":"article","og_title":"S\u00e9rie SG Tables \u00e0 Glissi\u00e8re Portique - LDA Belgique","og_description":"S\u00e9rie SG Tables \u00e0 Glissi\u00e8re Portique \u00e0 Charge Lourde avec al\u00e9sages de \u00d8 19 \u00e0 50 mm pour courses longues et capacit\u00e9 de charge \u00e9lev\u00e9e en automatisation industrielle.","og_url":"https:\/\/lda.be\/fr\/produit\/serie-sg-tables-a-glissiere-portique\/","og_site_name":"LDA Belgique","article_modified_time":"2025-11-20T15:47:56+00:00","og_image":[{"width":1080,"height":1080,"url":"https:\/\/lda.be\/wp-content\/uploads\/2025\/11\/Series-SG-linear-slides.webp","type":"image\/webp"}],"twitter_card":"summary_large_image","twitter_misc":{"Dur\u00e9e de lecture estim\u00e9e":"1 minute"},"schema":{"@context":"https:\/\/schema.org","@graph":[{"@type":"WebPage","@id":"https:\/\/lda.be\/fr\/produit\/serie-sg-tables-a-glissiere-portique\/","url":"https:\/\/lda.be\/fr\/produit\/serie-sg-tables-a-glissiere-portique\/","name":"S\u00e9rie SG Tables \u00e0 Glissi\u00e8re Portique - LDA Belgique","isPartOf":{"@id":"https:\/\/lda.be\/fr\/#website"},"primaryImageOfPage":{"@id":"https:\/\/lda.be\/fr\/produit\/serie-sg-tables-a-glissiere-portique\/#primaryimage"},"image":{"@id":"https:\/\/lda.be\/fr\/produit\/serie-sg-tables-a-glissiere-portique\/#primaryimage"},"thumbnailUrl":"https:\/\/lda.be\/wp-content\/uploads\/2025\/11\/Series-SG-linear-slides.webp","datePublished":"2025-11-20T15:32:04+00:00","dateModified":"2025-11-20T15:47:56+00:00","description":"S\u00e9rie SG Tables \u00e0 Glissi\u00e8re Portique \u00e0 Charge Lourde avec al\u00e9sages de \u00d8 19 \u00e0 50 mm pour courses longues et capacit\u00e9 de charge \u00e9lev\u00e9e en automatisation industrielle.","breadcrumb":{"@id":"https:\/\/lda.be\/fr\/produit\/serie-sg-tables-a-glissiere-portique\/#breadcrumb"},"inLanguage":"fr-FR","potentialAction":[{"@type":"ReadAction","target":["https:\/\/lda.be\/fr\/produit\/serie-sg-tables-a-glissiere-portique\/"]}]},{"@type":"ImageObject","inLanguage":"fr-FR","@id":"https:\/\/lda.be\/fr\/produit\/serie-sg-tables-a-glissiere-portique\/#primaryimage","url":"https:\/\/lda.be\/wp-content\/uploads\/2025\/11\/Series-SG-linear-slides.webp","contentUrl":"https:\/\/lda.be\/wp-content\/uploads\/2025\/11\/Series-SG-linear-slides.webp","width":1080,"height":1080,"caption":"Series SG linear-slides"},{"@type":"BreadcrumbList","@id":"https:\/\/lda.be\/fr\/produit\/serie-sg-tables-a-glissiere-portique\/#breadcrumb","itemListElement":[{"@type":"ListItem","position":1,"name":"Accueil","item":"https:\/\/lda.be\/fr\/"},{"@type":"ListItem","position":2,"name":"Produits","item":"https:\/\/lda.be\/fr\/produits\/"},{"@type":"ListItem","position":3,"name":"S\u00e9rie SG Tables \u00e0 Glissi\u00e8re Portique"}]},{"@type":"WebSite","@id":"https:\/\/lda.be\/fr\/#website","url":"https:\/\/lda.be\/fr\/","name":"LDA Belgium","description":"Solutions For Life","publisher":{"@id":"https:\/\/lda.be\/fr\/#organization"},"potentialAction":[{"@type":"SearchAction","target":{"@type":"EntryPoint","urlTemplate":"https:\/\/lda.be\/fr\/?s={search_term_string}"},"query-input":{"@type":"PropertyValueSpecification","valueRequired":true,"valueName":"search_term_string"}}],"inLanguage":"fr-FR"},{"@type":"Organization","@id":"https:\/\/lda.be\/fr\/#organization","name":"LDA Belgium","url":"https:\/\/lda.be\/fr\/","logo":{"@type":"ImageObject","inLanguage":"fr-FR","@id":"https:\/\/lda.be\/fr\/#\/schema\/logo\/image\/","url":"https:\/\/lda.be\/wp-content\/uploads\/2022\/07\/Logo-LDA.webp","contentUrl":"https:\/\/lda.be\/wp-content\/uploads\/2022\/07\/Logo-LDA.webp","width":311,"height":101,"caption":"LDA Belgium"},"image":{"@id":"https:\/\/lda.be\/fr\/#\/schema\/logo\/image\/"},"sameAs":["https:\/\/www.linkedin.com\/company\/lda-belgium-nv"]}]}},"_links":{"self":[{"href":"https:\/\/lda.be\/fr\/wp-json\/wp\/v2\/product\/13718","targetHints":{"allow":["GET"]}}],"collection":[{"href":"https:\/\/lda.be\/fr\/wp-json\/wp\/v2\/product"}],"about":[{"href":"https:\/\/lda.be\/fr\/wp-json\/wp\/v2\/types\/product"}],"replies":[{"embeddable":true,"href":"https:\/\/lda.be\/fr\/wp-json\/wp\/v2\/comments?post=13718"}],"wp:featuredmedia":[{"embeddable":true,"href":"https:\/\/lda.be\/fr\/wp-json\/wp\/v2\/media\/13716"}],"wp:attachment":[{"href":"https:\/\/lda.be\/fr\/wp-json\/wp\/v2\/media?parent=13718"}],"wp:term":[{"taxonomy":"product_brand","embeddable":true,"href":"https:\/\/lda.be\/fr\/wp-json\/wp\/v2\/product_brand?post=13718"},{"taxonomy":"product_cat","embeddable":true,"href":"https:\/\/lda.be\/fr\/wp-json\/wp\/v2\/product_cat?post=13718"},{"taxonomy":"product_tag","embeddable":true,"href":"https:\/\/lda.be\/fr\/wp-json\/wp\/v2\/product_tag?post=13718"}],"curies":[{"name":"wp","href":"https:\/\/api.w.org\/{rel}","templated":true}]}}