{"id":13827,"date":"2025-11-24T16:21:11","date_gmt":"2025-11-24T15:21:11","guid":{"rendered":"https:\/\/lda.be\/?post_type=product&#038;p=13827"},"modified":"2025-11-24T16:31:07","modified_gmt":"2025-11-24T15:31:07","slug":"serie-mg-mgs-verins-et-tables-a-glissiere","status":"publish","type":"product","link":"https:\/\/lda.be\/fr\/produit\/serie-mg-mgs-verins-et-tables-a-glissiere\/","title":{"rendered":"S\u00e9rie MG\/MGS v\u00e9rins et tables \u00e0 glissi\u00e8re"},"content":{"rendered":"<p>S\u00e9rie MG\/MGS V\u00e9rins et Tables \u00e0 Glissi\u00e8re \u00e0 Couplage Magn\u00e9tique offrent un bo\u00eetier enti\u00e8rement ferm\u00e9 emp\u00eachant les contaminants d&#8217;entrer ou de sortir. Id\u00e9al pour les applications o\u00f9 les pr\u00e9occupations environnementales sont pr\u00e9sentes. Amortisseurs internes en polyur\u00e9thane pour un impact d&#8217;arr\u00eat amorti. T\u00eates et bloc d&#8217;actionneur en aluminium anodis\u00e9. Conception r\u00e9parable sur le terrain pour minimiser les temps d&#8217;arr\u00eat.<\/p>\n","protected":false},"excerpt":{"rendered":"<p>S\u00e9rie MG\/MGS V\u00e9rins et Tables \u00e0 Glissi\u00e8re \u00e0 Couplage Magn\u00e9tique offrent un bo\u00eetier enti\u00e8rement ferm\u00e9 emp\u00eachant les contaminants d&#8217;entrer ou de sortir. Id\u00e9al pour les applications o\u00f9 les pr\u00e9occupations environnementales sont pr\u00e9sentes. Amortisseurs internes en polyur\u00e9thane pour un impact d&#8217;arr\u00eat amorti. T\u00eates et bloc d&#8217;actionneur en aluminium anodis\u00e9. Conception r\u00e9parable sur le terrain pour minimiser [&hellip;]<\/p>\n","protected":false},"featured_media":13825,"comment_status":"closed","ping_status":"closed","template":"","meta":[],"product_brand":[1841],"product_cat":[1050],"product_tag":[],"class_list":{"0":"post-13827","1":"product","2":"type-product","3":"status-publish","4":"has-post-thumbnail","6":"product_brand-guided-cylinders","7":"product_cat-verins-guides","9":"first","10":"instock","11":"shipping-taxable","12":"product-type-simple"},"yoast_head":"<!-- This site is optimized with the Yoast SEO plugin v27.3 - https:\/\/yoast.com\/product\/yoast-seo-wordpress\/ -->\n<title>S\u00e9rie MG\/MGS v\u00e9rins et tables \u00e0 glissi\u00e8re - LDA Belgique<\/title>\n<meta name=\"description\" content=\"S\u00e9rie MG\/MGS V\u00e9rins et Tables \u00e0 Glissi\u00e8re \u00e0 Couplage Magn\u00e9tique avec al\u00e9sage de \u00d8 25 mm pour applications respectueuses de l&#039;environnement et sans entretien en automatisation industrielle.\" \/>\n<meta name=\"robots\" content=\"index, follow, max-snippet:-1, max-image-preview:large, max-video-preview:-1\" \/>\n<link rel=\"canonical\" href=\"https:\/\/lda.be\/fr\/produit\/serie-mg-mgs-verins-et-tables-a-glissiere\/\" \/>\n<meta property=\"og:locale\" content=\"fr_FR\" \/>\n<meta property=\"og:type\" content=\"article\" \/>\n<meta property=\"og:title\" content=\"S\u00e9rie MG\/MGS v\u00e9rins et tables \u00e0 glissi\u00e8re - LDA Belgique\" \/>\n<meta property=\"og:description\" content=\"S\u00e9rie MG\/MGS V\u00e9rins et Tables \u00e0 Glissi\u00e8re \u00e0 Couplage Magn\u00e9tique avec al\u00e9sage de \u00d8 25 mm pour applications respectueuses de l&#039;environnement et sans entretien en automatisation industrielle.\" \/>\n<meta property=\"og:url\" content=\"https:\/\/lda.be\/fr\/produit\/serie-mg-mgs-verins-et-tables-a-glissiere\/\" \/>\n<meta property=\"og:site_name\" content=\"LDA Belgique\" \/>\n<meta property=\"article:modified_time\" content=\"2025-11-24T15:31:07+00:00\" \/>\n<meta property=\"og:image\" content=\"https:\/\/lda.be\/wp-content\/uploads\/2025\/11\/MGS-Magnetic-Linear-Slides.webp\" \/>\n\t<meta property=\"og:image:width\" content=\"1080\" \/>\n\t<meta property=\"og:image:height\" content=\"1080\" \/>\n\t<meta property=\"og:image:type\" content=\"image\/webp\" \/>\n<meta name=\"twitter:card\" content=\"summary_large_image\" \/>\n<meta name=\"twitter:label1\" content=\"Dur\u00e9e de lecture estim\u00e9e\" \/>\n\t<meta name=\"twitter:data1\" content=\"1 minute\" \/>\n<script type=\"application\/ld+json\" class=\"yoast-schema-graph\">{\"@context\":\"https:\\\/\\\/schema.org\",\"@graph\":[{\"@type\":\"WebPage\",\"@id\":\"https:\\\/\\\/lda.be\\\/fr\\\/produit\\\/serie-mg-mgs-verins-et-tables-a-glissiere\\\/\",\"url\":\"https:\\\/\\\/lda.be\\\/fr\\\/produit\\\/serie-mg-mgs-verins-et-tables-a-glissiere\\\/\",\"name\":\"S\u00e9rie MG\\\/MGS v\u00e9rins et tables \u00e0 glissi\u00e8re - LDA Belgique\",\"isPartOf\":{\"@id\":\"https:\\\/\\\/lda.be\\\/fr\\\/#website\"},\"primaryImageOfPage\":{\"@id\":\"https:\\\/\\\/lda.be\\\/fr\\\/produit\\\/serie-mg-mgs-verins-et-tables-a-glissiere\\\/#primaryimage\"},\"image\":{\"@id\":\"https:\\\/\\\/lda.be\\\/fr\\\/produit\\\/serie-mg-mgs-verins-et-tables-a-glissiere\\\/#primaryimage\"},\"thumbnailUrl\":\"https:\\\/\\\/lda.be\\\/wp-content\\\/uploads\\\/2025\\\/11\\\/MGS-Magnetic-Linear-Slides.webp\",\"datePublished\":\"2025-11-24T15:21:11+00:00\",\"dateModified\":\"2025-11-24T15:31:07+00:00\",\"description\":\"S\u00e9rie MG\\\/MGS V\u00e9rins et Tables \u00e0 Glissi\u00e8re \u00e0 Couplage Magn\u00e9tique avec al\u00e9sage de \u00d8 25 mm pour applications respectueuses de l'environnement et sans entretien en automatisation industrielle.\",\"breadcrumb\":{\"@id\":\"https:\\\/\\\/lda.be\\\/fr\\\/produit\\\/serie-mg-mgs-verins-et-tables-a-glissiere\\\/#breadcrumb\"},\"inLanguage\":\"fr-FR\",\"potentialAction\":[{\"@type\":\"ReadAction\",\"target\":[\"https:\\\/\\\/lda.be\\\/fr\\\/produit\\\/serie-mg-mgs-verins-et-tables-a-glissiere\\\/\"]}]},{\"@type\":\"ImageObject\",\"inLanguage\":\"fr-FR\",\"@id\":\"https:\\\/\\\/lda.be\\\/fr\\\/produit\\\/serie-mg-mgs-verins-et-tables-a-glissiere\\\/#primaryimage\",\"url\":\"https:\\\/\\\/lda.be\\\/wp-content\\\/uploads\\\/2025\\\/11\\\/MGS-Magnetic-Linear-Slides.webp\",\"contentUrl\":\"https:\\\/\\\/lda.be\\\/wp-content\\\/uploads\\\/2025\\\/11\\\/MGS-Magnetic-Linear-Slides.webp\",\"width\":1080,\"height\":1080,\"caption\":\"MGS Magnetic Linear Slides van tolomatic\"},{\"@type\":\"BreadcrumbList\",\"@id\":\"https:\\\/\\\/lda.be\\\/fr\\\/produit\\\/serie-mg-mgs-verins-et-tables-a-glissiere\\\/#breadcrumb\",\"itemListElement\":[{\"@type\":\"ListItem\",\"position\":1,\"name\":\"Accueil\",\"item\":\"https:\\\/\\\/lda.be\\\/fr\\\/\"},{\"@type\":\"ListItem\",\"position\":2,\"name\":\"Produits\",\"item\":\"https:\\\/\\\/lda.be\\\/fr\\\/produits\\\/\"},{\"@type\":\"ListItem\",\"position\":3,\"name\":\"S\u00e9rie MG\\\/MGS v\u00e9rins et tables \u00e0 glissi\u00e8re\"}]},{\"@type\":\"WebSite\",\"@id\":\"https:\\\/\\\/lda.be\\\/fr\\\/#website\",\"url\":\"https:\\\/\\\/lda.be\\\/fr\\\/\",\"name\":\"LDA Belgium\",\"description\":\"Solutions For Life\",\"publisher\":{\"@id\":\"https:\\\/\\\/lda.be\\\/fr\\\/#organization\"},\"potentialAction\":[{\"@type\":\"SearchAction\",\"target\":{\"@type\":\"EntryPoint\",\"urlTemplate\":\"https:\\\/\\\/lda.be\\\/fr\\\/?s={search_term_string}\"},\"query-input\":{\"@type\":\"PropertyValueSpecification\",\"valueRequired\":true,\"valueName\":\"search_term_string\"}}],\"inLanguage\":\"fr-FR\"},{\"@type\":\"Organization\",\"@id\":\"https:\\\/\\\/lda.be\\\/fr\\\/#organization\",\"name\":\"LDA Belgium\",\"url\":\"https:\\\/\\\/lda.be\\\/fr\\\/\",\"logo\":{\"@type\":\"ImageObject\",\"inLanguage\":\"fr-FR\",\"@id\":\"https:\\\/\\\/lda.be\\\/fr\\\/#\\\/schema\\\/logo\\\/image\\\/\",\"url\":\"https:\\\/\\\/lda.be\\\/wp-content\\\/uploads\\\/2022\\\/07\\\/Logo-LDA.webp\",\"contentUrl\":\"https:\\\/\\\/lda.be\\\/wp-content\\\/uploads\\\/2022\\\/07\\\/Logo-LDA.webp\",\"width\":311,\"height\":101,\"caption\":\"LDA Belgium\"},\"image\":{\"@id\":\"https:\\\/\\\/lda.be\\\/fr\\\/#\\\/schema\\\/logo\\\/image\\\/\"},\"sameAs\":[\"https:\\\/\\\/www.linkedin.com\\\/company\\\/lda-belgium-nv\"]}]}<\/script>\n<!-- \/ Yoast SEO plugin. -->","yoast_head_json":{"title":"S\u00e9rie MG\/MGS v\u00e9rins et tables \u00e0 glissi\u00e8re - LDA Belgique","description":"S\u00e9rie MG\/MGS V\u00e9rins et Tables \u00e0 Glissi\u00e8re \u00e0 Couplage Magn\u00e9tique avec al\u00e9sage de \u00d8 25 mm pour applications respectueuses de l'environnement et sans entretien en automatisation industrielle.","robots":{"index":"index","follow":"follow","max-snippet":"max-snippet:-1","max-image-preview":"max-image-preview:large","max-video-preview":"max-video-preview:-1"},"canonical":"https:\/\/lda.be\/fr\/produit\/serie-mg-mgs-verins-et-tables-a-glissiere\/","og_locale":"fr_FR","og_type":"article","og_title":"S\u00e9rie MG\/MGS v\u00e9rins et tables \u00e0 glissi\u00e8re - LDA Belgique","og_description":"S\u00e9rie MG\/MGS V\u00e9rins et Tables \u00e0 Glissi\u00e8re \u00e0 Couplage Magn\u00e9tique avec al\u00e9sage de \u00d8 25 mm pour applications respectueuses de l'environnement et sans entretien en automatisation industrielle.","og_url":"https:\/\/lda.be\/fr\/produit\/serie-mg-mgs-verins-et-tables-a-glissiere\/","og_site_name":"LDA Belgique","article_modified_time":"2025-11-24T15:31:07+00:00","og_image":[{"width":1080,"height":1080,"url":"https:\/\/lda.be\/wp-content\/uploads\/2025\/11\/MGS-Magnetic-Linear-Slides.webp","type":"image\/webp"}],"twitter_card":"summary_large_image","twitter_misc":{"Dur\u00e9e de lecture estim\u00e9e":"1 minute"},"schema":{"@context":"https:\/\/schema.org","@graph":[{"@type":"WebPage","@id":"https:\/\/lda.be\/fr\/produit\/serie-mg-mgs-verins-et-tables-a-glissiere\/","url":"https:\/\/lda.be\/fr\/produit\/serie-mg-mgs-verins-et-tables-a-glissiere\/","name":"S\u00e9rie MG\/MGS v\u00e9rins et tables \u00e0 glissi\u00e8re - LDA Belgique","isPartOf":{"@id":"https:\/\/lda.be\/fr\/#website"},"primaryImageOfPage":{"@id":"https:\/\/lda.be\/fr\/produit\/serie-mg-mgs-verins-et-tables-a-glissiere\/#primaryimage"},"image":{"@id":"https:\/\/lda.be\/fr\/produit\/serie-mg-mgs-verins-et-tables-a-glissiere\/#primaryimage"},"thumbnailUrl":"https:\/\/lda.be\/wp-content\/uploads\/2025\/11\/MGS-Magnetic-Linear-Slides.webp","datePublished":"2025-11-24T15:21:11+00:00","dateModified":"2025-11-24T15:31:07+00:00","description":"S\u00e9rie MG\/MGS V\u00e9rins et Tables \u00e0 Glissi\u00e8re \u00e0 Couplage Magn\u00e9tique avec al\u00e9sage de \u00d8 25 mm pour applications respectueuses de l'environnement et sans entretien en automatisation industrielle.","breadcrumb":{"@id":"https:\/\/lda.be\/fr\/produit\/serie-mg-mgs-verins-et-tables-a-glissiere\/#breadcrumb"},"inLanguage":"fr-FR","potentialAction":[{"@type":"ReadAction","target":["https:\/\/lda.be\/fr\/produit\/serie-mg-mgs-verins-et-tables-a-glissiere\/"]}]},{"@type":"ImageObject","inLanguage":"fr-FR","@id":"https:\/\/lda.be\/fr\/produit\/serie-mg-mgs-verins-et-tables-a-glissiere\/#primaryimage","url":"https:\/\/lda.be\/wp-content\/uploads\/2025\/11\/MGS-Magnetic-Linear-Slides.webp","contentUrl":"https:\/\/lda.be\/wp-content\/uploads\/2025\/11\/MGS-Magnetic-Linear-Slides.webp","width":1080,"height":1080,"caption":"MGS Magnetic Linear Slides van tolomatic"},{"@type":"BreadcrumbList","@id":"https:\/\/lda.be\/fr\/produit\/serie-mg-mgs-verins-et-tables-a-glissiere\/#breadcrumb","itemListElement":[{"@type":"ListItem","position":1,"name":"Accueil","item":"https:\/\/lda.be\/fr\/"},{"@type":"ListItem","position":2,"name":"Produits","item":"https:\/\/lda.be\/fr\/produits\/"},{"@type":"ListItem","position":3,"name":"S\u00e9rie MG\/MGS v\u00e9rins et tables \u00e0 glissi\u00e8re"}]},{"@type":"WebSite","@id":"https:\/\/lda.be\/fr\/#website","url":"https:\/\/lda.be\/fr\/","name":"LDA Belgium","description":"Solutions For Life","publisher":{"@id":"https:\/\/lda.be\/fr\/#organization"},"potentialAction":[{"@type":"SearchAction","target":{"@type":"EntryPoint","urlTemplate":"https:\/\/lda.be\/fr\/?s={search_term_string}"},"query-input":{"@type":"PropertyValueSpecification","valueRequired":true,"valueName":"search_term_string"}}],"inLanguage":"fr-FR"},{"@type":"Organization","@id":"https:\/\/lda.be\/fr\/#organization","name":"LDA Belgium","url":"https:\/\/lda.be\/fr\/","logo":{"@type":"ImageObject","inLanguage":"fr-FR","@id":"https:\/\/lda.be\/fr\/#\/schema\/logo\/image\/","url":"https:\/\/lda.be\/wp-content\/uploads\/2022\/07\/Logo-LDA.webp","contentUrl":"https:\/\/lda.be\/wp-content\/uploads\/2022\/07\/Logo-LDA.webp","width":311,"height":101,"caption":"LDA Belgium"},"image":{"@id":"https:\/\/lda.be\/fr\/#\/schema\/logo\/image\/"},"sameAs":["https:\/\/www.linkedin.com\/company\/lda-belgium-nv"]}]}},"_links":{"self":[{"href":"https:\/\/lda.be\/fr\/wp-json\/wp\/v2\/product\/13827","targetHints":{"allow":["GET"]}}],"collection":[{"href":"https:\/\/lda.be\/fr\/wp-json\/wp\/v2\/product"}],"about":[{"href":"https:\/\/lda.be\/fr\/wp-json\/wp\/v2\/types\/product"}],"replies":[{"embeddable":true,"href":"https:\/\/lda.be\/fr\/wp-json\/wp\/v2\/comments?post=13827"}],"wp:featuredmedia":[{"embeddable":true,"href":"https:\/\/lda.be\/fr\/wp-json\/wp\/v2\/media\/13825"}],"wp:attachment":[{"href":"https:\/\/lda.be\/fr\/wp-json\/wp\/v2\/media?parent=13827"}],"wp:term":[{"taxonomy":"product_brand","embeddable":true,"href":"https:\/\/lda.be\/fr\/wp-json\/wp\/v2\/product_brand?post=13827"},{"taxonomy":"product_cat","embeddable":true,"href":"https:\/\/lda.be\/fr\/wp-json\/wp\/v2\/product_cat?post=13827"},{"taxonomy":"product_tag","embeddable":true,"href":"https:\/\/lda.be\/fr\/wp-json\/wp\/v2\/product_tag?post=13827"}],"curies":[{"name":"wp","href":"https:\/\/api.w.org\/{rel}","templated":true}]}}