{"id":13883,"date":"2025-11-25T15:07:56","date_gmt":"2025-11-25T14:07:56","guid":{"rendered":"https:\/\/lda.be\/?post_type=product&#038;p=13883"},"modified":"2025-11-25T15:19:12","modified_gmt":"2025-11-25T14:19:12","slug":"actionneurs-rotatifs-compacts-serie-orq","status":"publish","type":"product","link":"https:\/\/lda.be\/fr\/produit\/actionneurs-rotatifs-compacts-serie-orq\/","title":{"rendered":"Actionneurs rotatifs compacts s\u00e9rie ORQ"},"content":{"rendered":"<p>La table rotative compacte pneumatique ORQ de la s\u00e9rie Optimax\u00ae de PHD est \u00e9quip\u00e9e d&#8217;un syst\u00e8me \u00e0 double cr\u00e9maill\u00e8re et pignon qui offre un couple de sortie accru tout en \u00e9liminant le jeu en fin de rotation. La s\u00e9rie ORQ est dot\u00e9e d&#8217;un syst\u00e8me de montage m\u00e9trique pr\u00eat \u00e0 l&#8217;emploi conforme \u00e0 la norme internationale et est disponible en 6 tailles d&#8217;al\u00e9sage.<\/p>\n","protected":false},"excerpt":{"rendered":"<p>La table rotative compacte pneumatique ORQ de la s\u00e9rie Optimax\u00ae de PHD est \u00e9quip\u00e9e d&#8217;un syst\u00e8me \u00e0 double cr\u00e9maill\u00e8re et pignon qui offre un couple de sortie accru tout en \u00e9liminant le jeu en fin de rotation. La s\u00e9rie ORQ est dot\u00e9e d&#8217;un syst\u00e8me de montage m\u00e9trique pr\u00eat \u00e0 l&#8217;emploi conforme \u00e0 la norme internationale [&hellip;]<\/p>\n","protected":false},"featured_media":13877,"comment_status":"closed","ping_status":"closed","template":"","meta":[],"product_brand":[1277,1852],"product_cat":[1847],"product_tag":[],"class_list":{"0":"post-13883","1":"product","2":"type-product","3":"status-publish","4":"has-post-thumbnail","6":"product_brand-phd","7":"product_brand-rotary-actuators","8":"product_cat-verins-rotatifs-a-cremaillere-et-pignon","10":"first","11":"instock","12":"shipping-taxable","13":"product-type-simple"},"yoast_head":"<!-- This site is optimized with the Yoast SEO plugin v27.3 - https:\/\/yoast.com\/product\/yoast-seo-wordpress\/ -->\n<title>Actionneurs rotatifs compacts s\u00e9rie ORQ - LDA Belgique<\/title>\n<meta name=\"description\" content=\"Les actionneurs rotatifs compacts \u00e0 cr\u00e9maill\u00e8re et pignon de la s\u00e9rie ORQ de PHD sont dot\u00e9s d&#039;al\u00e9sages de 0,47 \u00e0 1,57 pouce pour un positionnement pr\u00e9cis et une rotation sans jeu dans les applications industrielles.\" \/>\n<meta name=\"robots\" content=\"index, follow, max-snippet:-1, max-image-preview:large, max-video-preview:-1\" \/>\n<link rel=\"canonical\" href=\"https:\/\/lda.be\/fr\/produit\/actionneurs-rotatifs-compacts-serie-orq\/\" \/>\n<meta property=\"og:locale\" content=\"fr_FR\" \/>\n<meta property=\"og:type\" content=\"article\" \/>\n<meta property=\"og:title\" content=\"Actionneurs rotatifs compacts s\u00e9rie ORQ - LDA Belgique\" \/>\n<meta property=\"og:description\" content=\"Les actionneurs rotatifs compacts \u00e0 cr\u00e9maill\u00e8re et pignon de la s\u00e9rie ORQ de PHD sont dot\u00e9s d&#039;al\u00e9sages de 0,47 \u00e0 1,57 pouce pour un positionnement pr\u00e9cis et une rotation sans jeu dans les applications industrielles.\" \/>\n<meta property=\"og:url\" content=\"https:\/\/lda.be\/fr\/produit\/actionneurs-rotatifs-compacts-serie-orq\/\" \/>\n<meta property=\"og:site_name\" content=\"LDA Belgique\" \/>\n<meta property=\"article:modified_time\" content=\"2025-11-25T14:19:12+00:00\" \/>\n<meta property=\"og:image\" content=\"https:\/\/lda.be\/wp-content\/uploads\/2025\/11\/Series-ORQ-Pneumatic-Compact-Rotary-Table.webp\" \/>\n\t<meta property=\"og:image:width\" content=\"1280\" \/>\n\t<meta property=\"og:image:height\" content=\"1280\" \/>\n\t<meta property=\"og:image:type\" content=\"image\/webp\" \/>\n<meta name=\"twitter:card\" content=\"summary_large_image\" \/>\n<meta name=\"twitter:label1\" content=\"Dur\u00e9e de lecture estim\u00e9e\" \/>\n\t<meta name=\"twitter:data1\" content=\"1 minute\" \/>\n<script type=\"application\/ld+json\" class=\"yoast-schema-graph\">{\"@context\":\"https:\\\/\\\/schema.org\",\"@graph\":[{\"@type\":\"WebPage\",\"@id\":\"https:\\\/\\\/lda.be\\\/fr\\\/produit\\\/actionneurs-rotatifs-compacts-serie-orq\\\/\",\"url\":\"https:\\\/\\\/lda.be\\\/fr\\\/produit\\\/actionneurs-rotatifs-compacts-serie-orq\\\/\",\"name\":\"Actionneurs rotatifs compacts s\u00e9rie ORQ - LDA Belgique\",\"isPartOf\":{\"@id\":\"https:\\\/\\\/lda.be\\\/fr\\\/#website\"},\"primaryImageOfPage\":{\"@id\":\"https:\\\/\\\/lda.be\\\/fr\\\/produit\\\/actionneurs-rotatifs-compacts-serie-orq\\\/#primaryimage\"},\"image\":{\"@id\":\"https:\\\/\\\/lda.be\\\/fr\\\/produit\\\/actionneurs-rotatifs-compacts-serie-orq\\\/#primaryimage\"},\"thumbnailUrl\":\"https:\\\/\\\/lda.be\\\/wp-content\\\/uploads\\\/2025\\\/11\\\/Series-ORQ-Pneumatic-Compact-Rotary-Table.webp\",\"datePublished\":\"2025-11-25T14:07:56+00:00\",\"dateModified\":\"2025-11-25T14:19:12+00:00\",\"description\":\"Les actionneurs rotatifs compacts \u00e0 cr\u00e9maill\u00e8re et pignon de la s\u00e9rie ORQ de PHD sont dot\u00e9s d'al\u00e9sages de 0,47 \u00e0 1,57 pouce pour un positionnement pr\u00e9cis et une rotation sans jeu dans les applications industrielles.\",\"breadcrumb\":{\"@id\":\"https:\\\/\\\/lda.be\\\/fr\\\/produit\\\/actionneurs-rotatifs-compacts-serie-orq\\\/#breadcrumb\"},\"inLanguage\":\"fr-FR\",\"potentialAction\":[{\"@type\":\"ReadAction\",\"target\":[\"https:\\\/\\\/lda.be\\\/fr\\\/produit\\\/actionneurs-rotatifs-compacts-serie-orq\\\/\"]}]},{\"@type\":\"ImageObject\",\"inLanguage\":\"fr-FR\",\"@id\":\"https:\\\/\\\/lda.be\\\/fr\\\/produit\\\/actionneurs-rotatifs-compacts-serie-orq\\\/#primaryimage\",\"url\":\"https:\\\/\\\/lda.be\\\/wp-content\\\/uploads\\\/2025\\\/11\\\/Series-ORQ-Pneumatic-Compact-Rotary-Table.webp\",\"contentUrl\":\"https:\\\/\\\/lda.be\\\/wp-content\\\/uploads\\\/2025\\\/11\\\/Series-ORQ-Pneumatic-Compact-Rotary-Table.webp\",\"width\":1280,\"height\":1280,\"caption\":\"Series ORQ Pneumatic Compact Rotary Table from PHD inc\"},{\"@type\":\"BreadcrumbList\",\"@id\":\"https:\\\/\\\/lda.be\\\/fr\\\/produit\\\/actionneurs-rotatifs-compacts-serie-orq\\\/#breadcrumb\",\"itemListElement\":[{\"@type\":\"ListItem\",\"position\":1,\"name\":\"Accueil\",\"item\":\"https:\\\/\\\/lda.be\\\/fr\\\/\"},{\"@type\":\"ListItem\",\"position\":2,\"name\":\"Produits\",\"item\":\"https:\\\/\\\/lda.be\\\/fr\\\/produits\\\/\"},{\"@type\":\"ListItem\",\"position\":3,\"name\":\"Actionneurs rotatifs compacts s\u00e9rie ORQ\"}]},{\"@type\":\"WebSite\",\"@id\":\"https:\\\/\\\/lda.be\\\/fr\\\/#website\",\"url\":\"https:\\\/\\\/lda.be\\\/fr\\\/\",\"name\":\"LDA Belgium\",\"description\":\"Solutions For Life\",\"publisher\":{\"@id\":\"https:\\\/\\\/lda.be\\\/fr\\\/#organization\"},\"potentialAction\":[{\"@type\":\"SearchAction\",\"target\":{\"@type\":\"EntryPoint\",\"urlTemplate\":\"https:\\\/\\\/lda.be\\\/fr\\\/?s={search_term_string}\"},\"query-input\":{\"@type\":\"PropertyValueSpecification\",\"valueRequired\":true,\"valueName\":\"search_term_string\"}}],\"inLanguage\":\"fr-FR\"},{\"@type\":\"Organization\",\"@id\":\"https:\\\/\\\/lda.be\\\/fr\\\/#organization\",\"name\":\"LDA Belgium\",\"url\":\"https:\\\/\\\/lda.be\\\/fr\\\/\",\"logo\":{\"@type\":\"ImageObject\",\"inLanguage\":\"fr-FR\",\"@id\":\"https:\\\/\\\/lda.be\\\/fr\\\/#\\\/schema\\\/logo\\\/image\\\/\",\"url\":\"https:\\\/\\\/lda.be\\\/wp-content\\\/uploads\\\/2022\\\/07\\\/Logo-LDA.webp\",\"contentUrl\":\"https:\\\/\\\/lda.be\\\/wp-content\\\/uploads\\\/2022\\\/07\\\/Logo-LDA.webp\",\"width\":311,\"height\":101,\"caption\":\"LDA Belgium\"},\"image\":{\"@id\":\"https:\\\/\\\/lda.be\\\/fr\\\/#\\\/schema\\\/logo\\\/image\\\/\"},\"sameAs\":[\"https:\\\/\\\/www.linkedin.com\\\/company\\\/lda-belgium-nv\"]}]}<\/script>\n<!-- \/ Yoast SEO plugin. -->","yoast_head_json":{"title":"Actionneurs rotatifs compacts s\u00e9rie ORQ - LDA Belgique","description":"Les actionneurs rotatifs compacts \u00e0 cr\u00e9maill\u00e8re et pignon de la s\u00e9rie ORQ de PHD sont dot\u00e9s d'al\u00e9sages de 0,47 \u00e0 1,57 pouce pour un positionnement pr\u00e9cis et une rotation sans jeu dans les applications industrielles.","robots":{"index":"index","follow":"follow","max-snippet":"max-snippet:-1","max-image-preview":"max-image-preview:large","max-video-preview":"max-video-preview:-1"},"canonical":"https:\/\/lda.be\/fr\/produit\/actionneurs-rotatifs-compacts-serie-orq\/","og_locale":"fr_FR","og_type":"article","og_title":"Actionneurs rotatifs compacts s\u00e9rie ORQ - LDA Belgique","og_description":"Les actionneurs rotatifs compacts \u00e0 cr\u00e9maill\u00e8re et pignon de la s\u00e9rie ORQ de PHD sont dot\u00e9s d'al\u00e9sages de 0,47 \u00e0 1,57 pouce pour un positionnement pr\u00e9cis et une rotation sans jeu dans les applications industrielles.","og_url":"https:\/\/lda.be\/fr\/produit\/actionneurs-rotatifs-compacts-serie-orq\/","og_site_name":"LDA Belgique","article_modified_time":"2025-11-25T14:19:12+00:00","og_image":[{"width":1280,"height":1280,"url":"https:\/\/lda.be\/wp-content\/uploads\/2025\/11\/Series-ORQ-Pneumatic-Compact-Rotary-Table.webp","type":"image\/webp"}],"twitter_card":"summary_large_image","twitter_misc":{"Dur\u00e9e de lecture estim\u00e9e":"1 minute"},"schema":{"@context":"https:\/\/schema.org","@graph":[{"@type":"WebPage","@id":"https:\/\/lda.be\/fr\/produit\/actionneurs-rotatifs-compacts-serie-orq\/","url":"https:\/\/lda.be\/fr\/produit\/actionneurs-rotatifs-compacts-serie-orq\/","name":"Actionneurs rotatifs compacts s\u00e9rie ORQ - LDA Belgique","isPartOf":{"@id":"https:\/\/lda.be\/fr\/#website"},"primaryImageOfPage":{"@id":"https:\/\/lda.be\/fr\/produit\/actionneurs-rotatifs-compacts-serie-orq\/#primaryimage"},"image":{"@id":"https:\/\/lda.be\/fr\/produit\/actionneurs-rotatifs-compacts-serie-orq\/#primaryimage"},"thumbnailUrl":"https:\/\/lda.be\/wp-content\/uploads\/2025\/11\/Series-ORQ-Pneumatic-Compact-Rotary-Table.webp","datePublished":"2025-11-25T14:07:56+00:00","dateModified":"2025-11-25T14:19:12+00:00","description":"Les actionneurs rotatifs compacts \u00e0 cr\u00e9maill\u00e8re et pignon de la s\u00e9rie ORQ de PHD sont dot\u00e9s d'al\u00e9sages de 0,47 \u00e0 1,57 pouce pour un positionnement pr\u00e9cis et une rotation sans jeu dans les applications industrielles.","breadcrumb":{"@id":"https:\/\/lda.be\/fr\/produit\/actionneurs-rotatifs-compacts-serie-orq\/#breadcrumb"},"inLanguage":"fr-FR","potentialAction":[{"@type":"ReadAction","target":["https:\/\/lda.be\/fr\/produit\/actionneurs-rotatifs-compacts-serie-orq\/"]}]},{"@type":"ImageObject","inLanguage":"fr-FR","@id":"https:\/\/lda.be\/fr\/produit\/actionneurs-rotatifs-compacts-serie-orq\/#primaryimage","url":"https:\/\/lda.be\/wp-content\/uploads\/2025\/11\/Series-ORQ-Pneumatic-Compact-Rotary-Table.webp","contentUrl":"https:\/\/lda.be\/wp-content\/uploads\/2025\/11\/Series-ORQ-Pneumatic-Compact-Rotary-Table.webp","width":1280,"height":1280,"caption":"Series ORQ Pneumatic Compact Rotary Table from PHD inc"},{"@type":"BreadcrumbList","@id":"https:\/\/lda.be\/fr\/produit\/actionneurs-rotatifs-compacts-serie-orq\/#breadcrumb","itemListElement":[{"@type":"ListItem","position":1,"name":"Accueil","item":"https:\/\/lda.be\/fr\/"},{"@type":"ListItem","position":2,"name":"Produits","item":"https:\/\/lda.be\/fr\/produits\/"},{"@type":"ListItem","position":3,"name":"Actionneurs rotatifs compacts s\u00e9rie ORQ"}]},{"@type":"WebSite","@id":"https:\/\/lda.be\/fr\/#website","url":"https:\/\/lda.be\/fr\/","name":"LDA Belgium","description":"Solutions For Life","publisher":{"@id":"https:\/\/lda.be\/fr\/#organization"},"potentialAction":[{"@type":"SearchAction","target":{"@type":"EntryPoint","urlTemplate":"https:\/\/lda.be\/fr\/?s={search_term_string}"},"query-input":{"@type":"PropertyValueSpecification","valueRequired":true,"valueName":"search_term_string"}}],"inLanguage":"fr-FR"},{"@type":"Organization","@id":"https:\/\/lda.be\/fr\/#organization","name":"LDA Belgium","url":"https:\/\/lda.be\/fr\/","logo":{"@type":"ImageObject","inLanguage":"fr-FR","@id":"https:\/\/lda.be\/fr\/#\/schema\/logo\/image\/","url":"https:\/\/lda.be\/wp-content\/uploads\/2022\/07\/Logo-LDA.webp","contentUrl":"https:\/\/lda.be\/wp-content\/uploads\/2022\/07\/Logo-LDA.webp","width":311,"height":101,"caption":"LDA Belgium"},"image":{"@id":"https:\/\/lda.be\/fr\/#\/schema\/logo\/image\/"},"sameAs":["https:\/\/www.linkedin.com\/company\/lda-belgium-nv"]}]}},"_links":{"self":[{"href":"https:\/\/lda.be\/fr\/wp-json\/wp\/v2\/product\/13883","targetHints":{"allow":["GET"]}}],"collection":[{"href":"https:\/\/lda.be\/fr\/wp-json\/wp\/v2\/product"}],"about":[{"href":"https:\/\/lda.be\/fr\/wp-json\/wp\/v2\/types\/product"}],"replies":[{"embeddable":true,"href":"https:\/\/lda.be\/fr\/wp-json\/wp\/v2\/comments?post=13883"}],"wp:featuredmedia":[{"embeddable":true,"href":"https:\/\/lda.be\/fr\/wp-json\/wp\/v2\/media\/13877"}],"wp:attachment":[{"href":"https:\/\/lda.be\/fr\/wp-json\/wp\/v2\/media?parent=13883"}],"wp:term":[{"taxonomy":"product_brand","embeddable":true,"href":"https:\/\/lda.be\/fr\/wp-json\/wp\/v2\/product_brand?post=13883"},{"taxonomy":"product_cat","embeddable":true,"href":"https:\/\/lda.be\/fr\/wp-json\/wp\/v2\/product_cat?post=13883"},{"taxonomy":"product_tag","embeddable":true,"href":"https:\/\/lda.be\/fr\/wp-json\/wp\/v2\/product_tag?post=13883"}],"curies":[{"name":"wp","href":"https:\/\/api.w.org\/{rel}","templated":true}]}}