{"id":13921,"date":"2025-11-26T14:45:25","date_gmt":"2025-11-26T13:45:25","guid":{"rendered":"https:\/\/lda.be\/?post_type=product&#038;p=13921"},"modified":"2025-11-26T14:54:00","modified_gmt":"2025-11-26T13:54:00","slug":"serie-ra-de-verins-rotatifs-a-cremaillere","status":"publish","type":"product","link":"https:\/\/lda.be\/fr\/produit\/serie-ra-de-verins-rotatifs-a-cremaillere\/","title":{"rendered":"s\u00e9rie RA de v\u00e9rins rotatifs \u00e0 cr\u00e9maill\u00e8re"},"content":{"rendered":"<p>La s\u00e9rie RA de v\u00e9rins rotatifs \u00e0 cr\u00e9maill\u00e8re de PHD. Ils offrent des charges radiales et axiales exceptionnelles et une capacit\u00e9 d&#8217;arr\u00eat \u00e9lev\u00e9e. Le grand arbre de pignon, les roulements et la cr\u00e9maill\u00e8re assurent des performances \u00e9lev\u00e9es, et les amortisseurs en option contribuent \u00e0 la longue dur\u00e9e de vie de l&#8217;actionneur. Les vis de r\u00e9glage permettent un r\u00e9glage de +10\u00b0 \u00e0 -45\u00b0 sur chaque rotation nominale pour toutes les unit\u00e9s de 180\u00b0 ou moins. Les actionneurs rotatifs de la s\u00e9rie RA sont con\u00e7us comme des actionneurs rotatifs complets avec une grande vari\u00e9t\u00e9 d&#8217;options et d&#8217;accessoires.<\/p>\n","protected":false},"excerpt":{"rendered":"<p>La s\u00e9rie RA de v\u00e9rins rotatifs \u00e0 cr\u00e9maill\u00e8re de PHD. Ils offrent des charges radiales et axiales exceptionnelles et une capacit\u00e9 d&#8217;arr\u00eat \u00e9lev\u00e9e. Le grand arbre de pignon, les roulements et la cr\u00e9maill\u00e8re assurent des performances \u00e9lev\u00e9es, et les amortisseurs en option contribuent \u00e0 la longue dur\u00e9e de vie de l&#8217;actionneur. Les vis de r\u00e9glage [&hellip;]<\/p>\n","protected":false},"featured_media":13919,"comment_status":"closed","ping_status":"closed","template":"","meta":[],"product_brand":[1277,1852],"product_cat":[1847],"product_tag":[],"class_list":{"0":"post-13921","1":"product","2":"type-product","3":"status-publish","4":"has-post-thumbnail","6":"product_brand-phd","7":"product_brand-rotary-actuators","8":"product_cat-verins-rotatifs-a-cremaillere-et-pignon","10":"first","11":"instock","12":"shipping-taxable","13":"product-type-simple"},"yoast_head":"<!-- This site is optimized with the Yoast SEO plugin v27.3 - https:\/\/yoast.com\/product\/yoast-seo-wordpress\/ -->\n<title>s\u00e9rie RA de v\u00e9rins rotatifs \u00e0 cr\u00e9maill\u00e8re - LDA Belgique<\/title>\n<meta name=\"description\" content=\"S\u00e9rie RA de v\u00e9rins rotatifs \u00e0 cr\u00e9maill\u00e8re de PHD pour charges \u00e9lev\u00e9es. Rotation r\u00e9glable, amortissement et pr\u00e9cision pour applications industrielles.\" \/>\n<meta name=\"robots\" content=\"index, follow, max-snippet:-1, max-image-preview:large, max-video-preview:-1\" \/>\n<link rel=\"canonical\" href=\"https:\/\/lda.be\/fr\/produit\/serie-ra-de-verins-rotatifs-a-cremaillere\/\" \/>\n<meta property=\"og:locale\" content=\"fr_FR\" \/>\n<meta property=\"og:type\" content=\"article\" \/>\n<meta property=\"og:title\" content=\"s\u00e9rie RA de v\u00e9rins rotatifs \u00e0 cr\u00e9maill\u00e8re - LDA Belgique\" \/>\n<meta property=\"og:description\" content=\"S\u00e9rie RA de v\u00e9rins rotatifs \u00e0 cr\u00e9maill\u00e8re de PHD pour charges \u00e9lev\u00e9es. Rotation r\u00e9glable, amortissement et pr\u00e9cision pour applications industrielles.\" \/>\n<meta property=\"og:url\" content=\"https:\/\/lda.be\/fr\/produit\/serie-ra-de-verins-rotatifs-a-cremaillere\/\" \/>\n<meta property=\"og:site_name\" content=\"LDA Belgique\" \/>\n<meta property=\"article:modified_time\" content=\"2025-11-26T13:54:00+00:00\" \/>\n<meta property=\"og:image\" content=\"https:\/\/lda.be\/wp-content\/uploads\/2025\/11\/Series-RA-rotary-actuators.webp\" \/>\n\t<meta property=\"og:image:width\" content=\"1280\" \/>\n\t<meta property=\"og:image:height\" content=\"1280\" \/>\n\t<meta property=\"og:image:type\" content=\"image\/webp\" \/>\n<meta name=\"twitter:card\" content=\"summary_large_image\" \/>\n<meta name=\"twitter:label1\" content=\"Dur\u00e9e de lecture estim\u00e9e\" \/>\n\t<meta name=\"twitter:data1\" content=\"1 minute\" \/>\n<script type=\"application\/ld+json\" class=\"yoast-schema-graph\">{\"@context\":\"https:\\\/\\\/schema.org\",\"@graph\":[{\"@type\":\"WebPage\",\"@id\":\"https:\\\/\\\/lda.be\\\/fr\\\/produit\\\/serie-ra-de-verins-rotatifs-a-cremaillere\\\/\",\"url\":\"https:\\\/\\\/lda.be\\\/fr\\\/produit\\\/serie-ra-de-verins-rotatifs-a-cremaillere\\\/\",\"name\":\"s\u00e9rie RA de v\u00e9rins rotatifs \u00e0 cr\u00e9maill\u00e8re - LDA Belgique\",\"isPartOf\":{\"@id\":\"https:\\\/\\\/lda.be\\\/fr\\\/#website\"},\"primaryImageOfPage\":{\"@id\":\"https:\\\/\\\/lda.be\\\/fr\\\/produit\\\/serie-ra-de-verins-rotatifs-a-cremaillere\\\/#primaryimage\"},\"image\":{\"@id\":\"https:\\\/\\\/lda.be\\\/fr\\\/produit\\\/serie-ra-de-verins-rotatifs-a-cremaillere\\\/#primaryimage\"},\"thumbnailUrl\":\"https:\\\/\\\/lda.be\\\/wp-content\\\/uploads\\\/2025\\\/11\\\/Series-RA-rotary-actuators.webp\",\"datePublished\":\"2025-11-26T13:45:25+00:00\",\"dateModified\":\"2025-11-26T13:54:00+00:00\",\"description\":\"S\u00e9rie RA de v\u00e9rins rotatifs \u00e0 cr\u00e9maill\u00e8re de PHD pour charges \u00e9lev\u00e9es. Rotation r\u00e9glable, amortissement et pr\u00e9cision pour applications industrielles.\",\"breadcrumb\":{\"@id\":\"https:\\\/\\\/lda.be\\\/fr\\\/produit\\\/serie-ra-de-verins-rotatifs-a-cremaillere\\\/#breadcrumb\"},\"inLanguage\":\"fr-FR\",\"potentialAction\":[{\"@type\":\"ReadAction\",\"target\":[\"https:\\\/\\\/lda.be\\\/fr\\\/produit\\\/serie-ra-de-verins-rotatifs-a-cremaillere\\\/\"]}]},{\"@type\":\"ImageObject\",\"inLanguage\":\"fr-FR\",\"@id\":\"https:\\\/\\\/lda.be\\\/fr\\\/produit\\\/serie-ra-de-verins-rotatifs-a-cremaillere\\\/#primaryimage\",\"url\":\"https:\\\/\\\/lda.be\\\/wp-content\\\/uploads\\\/2025\\\/11\\\/Series-RA-rotary-actuators.webp\",\"contentUrl\":\"https:\\\/\\\/lda.be\\\/wp-content\\\/uploads\\\/2025\\\/11\\\/Series-RA-rotary-actuators.webp\",\"width\":1280,\"height\":1280,\"caption\":\"Series RA rotary-actuators from PHD inc\"},{\"@type\":\"BreadcrumbList\",\"@id\":\"https:\\\/\\\/lda.be\\\/fr\\\/produit\\\/serie-ra-de-verins-rotatifs-a-cremaillere\\\/#breadcrumb\",\"itemListElement\":[{\"@type\":\"ListItem\",\"position\":1,\"name\":\"Accueil\",\"item\":\"https:\\\/\\\/lda.be\\\/fr\\\/\"},{\"@type\":\"ListItem\",\"position\":2,\"name\":\"Produits\",\"item\":\"https:\\\/\\\/lda.be\\\/fr\\\/produits\\\/\"},{\"@type\":\"ListItem\",\"position\":3,\"name\":\"s\u00e9rie RA de v\u00e9rins rotatifs \u00e0 cr\u00e9maill\u00e8re\"}]},{\"@type\":\"WebSite\",\"@id\":\"https:\\\/\\\/lda.be\\\/fr\\\/#website\",\"url\":\"https:\\\/\\\/lda.be\\\/fr\\\/\",\"name\":\"LDA Belgium\",\"description\":\"Solutions For Life\",\"publisher\":{\"@id\":\"https:\\\/\\\/lda.be\\\/fr\\\/#organization\"},\"potentialAction\":[{\"@type\":\"SearchAction\",\"target\":{\"@type\":\"EntryPoint\",\"urlTemplate\":\"https:\\\/\\\/lda.be\\\/fr\\\/?s={search_term_string}\"},\"query-input\":{\"@type\":\"PropertyValueSpecification\",\"valueRequired\":true,\"valueName\":\"search_term_string\"}}],\"inLanguage\":\"fr-FR\"},{\"@type\":\"Organization\",\"@id\":\"https:\\\/\\\/lda.be\\\/fr\\\/#organization\",\"name\":\"LDA Belgium\",\"url\":\"https:\\\/\\\/lda.be\\\/fr\\\/\",\"logo\":{\"@type\":\"ImageObject\",\"inLanguage\":\"fr-FR\",\"@id\":\"https:\\\/\\\/lda.be\\\/fr\\\/#\\\/schema\\\/logo\\\/image\\\/\",\"url\":\"https:\\\/\\\/lda.be\\\/wp-content\\\/uploads\\\/2022\\\/07\\\/Logo-LDA.webp\",\"contentUrl\":\"https:\\\/\\\/lda.be\\\/wp-content\\\/uploads\\\/2022\\\/07\\\/Logo-LDA.webp\",\"width\":311,\"height\":101,\"caption\":\"LDA Belgium\"},\"image\":{\"@id\":\"https:\\\/\\\/lda.be\\\/fr\\\/#\\\/schema\\\/logo\\\/image\\\/\"},\"sameAs\":[\"https:\\\/\\\/www.linkedin.com\\\/company\\\/lda-belgium-nv\"]}]}<\/script>\n<!-- \/ Yoast SEO plugin. -->","yoast_head_json":{"title":"s\u00e9rie RA de v\u00e9rins rotatifs \u00e0 cr\u00e9maill\u00e8re - LDA Belgique","description":"S\u00e9rie RA de v\u00e9rins rotatifs \u00e0 cr\u00e9maill\u00e8re de PHD pour charges \u00e9lev\u00e9es. Rotation r\u00e9glable, amortissement et pr\u00e9cision pour applications industrielles.","robots":{"index":"index","follow":"follow","max-snippet":"max-snippet:-1","max-image-preview":"max-image-preview:large","max-video-preview":"max-video-preview:-1"},"canonical":"https:\/\/lda.be\/fr\/produit\/serie-ra-de-verins-rotatifs-a-cremaillere\/","og_locale":"fr_FR","og_type":"article","og_title":"s\u00e9rie RA de v\u00e9rins rotatifs \u00e0 cr\u00e9maill\u00e8re - LDA Belgique","og_description":"S\u00e9rie RA de v\u00e9rins rotatifs \u00e0 cr\u00e9maill\u00e8re de PHD pour charges \u00e9lev\u00e9es. Rotation r\u00e9glable, amortissement et pr\u00e9cision pour applications industrielles.","og_url":"https:\/\/lda.be\/fr\/produit\/serie-ra-de-verins-rotatifs-a-cremaillere\/","og_site_name":"LDA Belgique","article_modified_time":"2025-11-26T13:54:00+00:00","og_image":[{"width":1280,"height":1280,"url":"https:\/\/lda.be\/wp-content\/uploads\/2025\/11\/Series-RA-rotary-actuators.webp","type":"image\/webp"}],"twitter_card":"summary_large_image","twitter_misc":{"Dur\u00e9e de lecture estim\u00e9e":"1 minute"},"schema":{"@context":"https:\/\/schema.org","@graph":[{"@type":"WebPage","@id":"https:\/\/lda.be\/fr\/produit\/serie-ra-de-verins-rotatifs-a-cremaillere\/","url":"https:\/\/lda.be\/fr\/produit\/serie-ra-de-verins-rotatifs-a-cremaillere\/","name":"s\u00e9rie RA de v\u00e9rins rotatifs \u00e0 cr\u00e9maill\u00e8re - LDA Belgique","isPartOf":{"@id":"https:\/\/lda.be\/fr\/#website"},"primaryImageOfPage":{"@id":"https:\/\/lda.be\/fr\/produit\/serie-ra-de-verins-rotatifs-a-cremaillere\/#primaryimage"},"image":{"@id":"https:\/\/lda.be\/fr\/produit\/serie-ra-de-verins-rotatifs-a-cremaillere\/#primaryimage"},"thumbnailUrl":"https:\/\/lda.be\/wp-content\/uploads\/2025\/11\/Series-RA-rotary-actuators.webp","datePublished":"2025-11-26T13:45:25+00:00","dateModified":"2025-11-26T13:54:00+00:00","description":"S\u00e9rie RA de v\u00e9rins rotatifs \u00e0 cr\u00e9maill\u00e8re de PHD pour charges \u00e9lev\u00e9es. Rotation r\u00e9glable, amortissement et pr\u00e9cision pour applications industrielles.","breadcrumb":{"@id":"https:\/\/lda.be\/fr\/produit\/serie-ra-de-verins-rotatifs-a-cremaillere\/#breadcrumb"},"inLanguage":"fr-FR","potentialAction":[{"@type":"ReadAction","target":["https:\/\/lda.be\/fr\/produit\/serie-ra-de-verins-rotatifs-a-cremaillere\/"]}]},{"@type":"ImageObject","inLanguage":"fr-FR","@id":"https:\/\/lda.be\/fr\/produit\/serie-ra-de-verins-rotatifs-a-cremaillere\/#primaryimage","url":"https:\/\/lda.be\/wp-content\/uploads\/2025\/11\/Series-RA-rotary-actuators.webp","contentUrl":"https:\/\/lda.be\/wp-content\/uploads\/2025\/11\/Series-RA-rotary-actuators.webp","width":1280,"height":1280,"caption":"Series RA rotary-actuators from PHD inc"},{"@type":"BreadcrumbList","@id":"https:\/\/lda.be\/fr\/produit\/serie-ra-de-verins-rotatifs-a-cremaillere\/#breadcrumb","itemListElement":[{"@type":"ListItem","position":1,"name":"Accueil","item":"https:\/\/lda.be\/fr\/"},{"@type":"ListItem","position":2,"name":"Produits","item":"https:\/\/lda.be\/fr\/produits\/"},{"@type":"ListItem","position":3,"name":"s\u00e9rie RA de v\u00e9rins rotatifs \u00e0 cr\u00e9maill\u00e8re"}]},{"@type":"WebSite","@id":"https:\/\/lda.be\/fr\/#website","url":"https:\/\/lda.be\/fr\/","name":"LDA Belgium","description":"Solutions For Life","publisher":{"@id":"https:\/\/lda.be\/fr\/#organization"},"potentialAction":[{"@type":"SearchAction","target":{"@type":"EntryPoint","urlTemplate":"https:\/\/lda.be\/fr\/?s={search_term_string}"},"query-input":{"@type":"PropertyValueSpecification","valueRequired":true,"valueName":"search_term_string"}}],"inLanguage":"fr-FR"},{"@type":"Organization","@id":"https:\/\/lda.be\/fr\/#organization","name":"LDA Belgium","url":"https:\/\/lda.be\/fr\/","logo":{"@type":"ImageObject","inLanguage":"fr-FR","@id":"https:\/\/lda.be\/fr\/#\/schema\/logo\/image\/","url":"https:\/\/lda.be\/wp-content\/uploads\/2022\/07\/Logo-LDA.webp","contentUrl":"https:\/\/lda.be\/wp-content\/uploads\/2022\/07\/Logo-LDA.webp","width":311,"height":101,"caption":"LDA Belgium"},"image":{"@id":"https:\/\/lda.be\/fr\/#\/schema\/logo\/image\/"},"sameAs":["https:\/\/www.linkedin.com\/company\/lda-belgium-nv"]}]}},"_links":{"self":[{"href":"https:\/\/lda.be\/fr\/wp-json\/wp\/v2\/product\/13921","targetHints":{"allow":["GET"]}}],"collection":[{"href":"https:\/\/lda.be\/fr\/wp-json\/wp\/v2\/product"}],"about":[{"href":"https:\/\/lda.be\/fr\/wp-json\/wp\/v2\/types\/product"}],"replies":[{"embeddable":true,"href":"https:\/\/lda.be\/fr\/wp-json\/wp\/v2\/comments?post=13921"}],"wp:featuredmedia":[{"embeddable":true,"href":"https:\/\/lda.be\/fr\/wp-json\/wp\/v2\/media\/13919"}],"wp:attachment":[{"href":"https:\/\/lda.be\/fr\/wp-json\/wp\/v2\/media?parent=13921"}],"wp:term":[{"taxonomy":"product_brand","embeddable":true,"href":"https:\/\/lda.be\/fr\/wp-json\/wp\/v2\/product_brand?post=13921"},{"taxonomy":"product_cat","embeddable":true,"href":"https:\/\/lda.be\/fr\/wp-json\/wp\/v2\/product_cat?post=13921"},{"taxonomy":"product_tag","embeddable":true,"href":"https:\/\/lda.be\/fr\/wp-json\/wp\/v2\/product_tag?post=13921"}],"curies":[{"name":"wp","href":"https:\/\/api.w.org\/{rel}","templated":true}]}}