{"id":13964,"date":"2025-11-27T14:33:15","date_gmt":"2025-11-27T13:33:15","guid":{"rendered":"https:\/\/lda.be\/?post_type=product&#038;p=13964"},"modified":"2025-11-27T14:42:31","modified_gmt":"2025-11-27T13:42:31","slug":"2000-8000-dactionneurs-rotatifs-tandem-a-cremaillere","status":"publish","type":"product","link":"https:\/\/lda.be\/fr\/produit\/2000-8000-dactionneurs-rotatifs-tandem-a-cremaillere\/","title":{"rendered":"2000-8000 d&#8217;actionneurs rotatifs tandem \u00e0 cr\u00e9maill\u00e8re"},"content":{"rendered":"<p>La s\u00e9rie 2000-8000 d&#8217;actionneurs rotatifs tandem \u00e0 cr\u00e9maill\u00e8re remplis d&#8217;huile de PHD est con\u00e7ue pour des applications n\u00e9cessitant une rotation fluide et contr\u00f4l\u00e9e. Ces actionneurs combinent un syst\u00e8me tandem air\/huile pour une pression positive dans la section remplie d&#8217;huile, un bo\u00eetier en aluminium anodis\u00e9 dur impr\u00e9gn\u00e9 de PTFE pour la r\u00e9sistance \u00e0 l&#8217;usure et une friction r\u00e9duite, ainsi que des cr\u00e9maill\u00e8res et pignons de haute qualit\u00e9 pour une longue dur\u00e9e de vie.<\/p>\n","protected":false},"excerpt":{"rendered":"<p>La s\u00e9rie 2000-8000 d&#8217;actionneurs rotatifs tandem \u00e0 cr\u00e9maill\u00e8re remplis d&#8217;huile de PHD est con\u00e7ue pour des applications n\u00e9cessitant une rotation fluide et contr\u00f4l\u00e9e. Ces actionneurs combinent un syst\u00e8me tandem air\/huile pour une pression positive dans la section remplie d&#8217;huile, un bo\u00eetier en aluminium anodis\u00e9 dur impr\u00e9gn\u00e9 de PTFE pour la r\u00e9sistance \u00e0 l&#8217;usure et une [&hellip;]<\/p>\n","protected":false},"featured_media":13958,"comment_status":"closed","ping_status":"closed","template":"","meta":[],"product_brand":[1277,1852],"product_cat":[1847],"product_tag":[],"class_list":{"0":"post-13964","1":"product","2":"type-product","3":"status-publish","4":"has-post-thumbnail","6":"product_brand-phd","7":"product_brand-rotary-actuators","8":"product_cat-verins-rotatifs-a-cremaillere-et-pignon","10":"first","11":"instock","12":"shipping-taxable","13":"product-type-simple"},"yoast_head":"<!-- This site is optimized with the Yoast SEO plugin v27.3 - https:\/\/yoast.com\/product\/yoast-seo-wordpress\/ -->\n<title>2000-8000 d&#039;actionneurs rotatifs tandem \u00e0 cr\u00e9maill\u00e8re - LDA Belgique<\/title>\n<meta name=\"description\" content=\"S\u00e9rie 2000-8000 d&#039;actionneurs rotatifs tandem \u00e0 cr\u00e9maill\u00e8re remplis d&#039;huile de PHD. Id\u00e9al pour applications industrielles avec rotation fluide, contr\u00f4l\u00e9e et haute pr\u00e9cision.\" \/>\n<meta name=\"robots\" content=\"index, follow, max-snippet:-1, max-image-preview:large, max-video-preview:-1\" \/>\n<link rel=\"canonical\" href=\"https:\/\/lda.be\/fr\/produit\/2000-8000-dactionneurs-rotatifs-tandem-a-cremaillere\/\" \/>\n<meta property=\"og:locale\" content=\"fr_FR\" \/>\n<meta property=\"og:type\" content=\"article\" \/>\n<meta property=\"og:title\" content=\"2000-8000 d&#039;actionneurs rotatifs tandem \u00e0 cr\u00e9maill\u00e8re - LDA Belgique\" \/>\n<meta property=\"og:description\" content=\"S\u00e9rie 2000-8000 d&#039;actionneurs rotatifs tandem \u00e0 cr\u00e9maill\u00e8re remplis d&#039;huile de PHD. Id\u00e9al pour applications industrielles avec rotation fluide, contr\u00f4l\u00e9e et haute pr\u00e9cision.\" \/>\n<meta property=\"og:url\" content=\"https:\/\/lda.be\/fr\/produit\/2000-8000-dactionneurs-rotatifs-tandem-a-cremaillere\/\" \/>\n<meta property=\"og:site_name\" content=\"LDA Belgique\" \/>\n<meta property=\"article:modified_time\" content=\"2025-11-27T13:42:31+00:00\" \/>\n<meta property=\"og:image\" content=\"https:\/\/lda.be\/wp-content\/uploads\/2025\/11\/2000-8000-AirOil-rotary-actuators.webp\" \/>\n\t<meta property=\"og:image:width\" content=\"1280\" \/>\n\t<meta property=\"og:image:height\" content=\"1280\" \/>\n\t<meta property=\"og:image:type\" content=\"image\/webp\" \/>\n<meta name=\"twitter:card\" content=\"summary_large_image\" \/>\n<meta name=\"twitter:label1\" content=\"Dur\u00e9e de lecture estim\u00e9e\" \/>\n\t<meta name=\"twitter:data1\" content=\"1 minute\" \/>\n<script type=\"application\/ld+json\" class=\"yoast-schema-graph\">{\"@context\":\"https:\\\/\\\/schema.org\",\"@graph\":[{\"@type\":\"WebPage\",\"@id\":\"https:\\\/\\\/lda.be\\\/fr\\\/produit\\\/2000-8000-dactionneurs-rotatifs-tandem-a-cremaillere\\\/\",\"url\":\"https:\\\/\\\/lda.be\\\/fr\\\/produit\\\/2000-8000-dactionneurs-rotatifs-tandem-a-cremaillere\\\/\",\"name\":\"2000-8000 d'actionneurs rotatifs tandem \u00e0 cr\u00e9maill\u00e8re - LDA Belgique\",\"isPartOf\":{\"@id\":\"https:\\\/\\\/lda.be\\\/fr\\\/#website\"},\"primaryImageOfPage\":{\"@id\":\"https:\\\/\\\/lda.be\\\/fr\\\/produit\\\/2000-8000-dactionneurs-rotatifs-tandem-a-cremaillere\\\/#primaryimage\"},\"image\":{\"@id\":\"https:\\\/\\\/lda.be\\\/fr\\\/produit\\\/2000-8000-dactionneurs-rotatifs-tandem-a-cremaillere\\\/#primaryimage\"},\"thumbnailUrl\":\"https:\\\/\\\/lda.be\\\/wp-content\\\/uploads\\\/2025\\\/11\\\/2000-8000-AirOil-rotary-actuators.webp\",\"datePublished\":\"2025-11-27T13:33:15+00:00\",\"dateModified\":\"2025-11-27T13:42:31+00:00\",\"description\":\"S\u00e9rie 2000-8000 d'actionneurs rotatifs tandem \u00e0 cr\u00e9maill\u00e8re remplis d'huile de PHD. Id\u00e9al pour applications industrielles avec rotation fluide, contr\u00f4l\u00e9e et haute pr\u00e9cision.\",\"breadcrumb\":{\"@id\":\"https:\\\/\\\/lda.be\\\/fr\\\/produit\\\/2000-8000-dactionneurs-rotatifs-tandem-a-cremaillere\\\/#breadcrumb\"},\"inLanguage\":\"fr-FR\",\"potentialAction\":[{\"@type\":\"ReadAction\",\"target\":[\"https:\\\/\\\/lda.be\\\/fr\\\/produit\\\/2000-8000-dactionneurs-rotatifs-tandem-a-cremaillere\\\/\"]}]},{\"@type\":\"ImageObject\",\"inLanguage\":\"fr-FR\",\"@id\":\"https:\\\/\\\/lda.be\\\/fr\\\/produit\\\/2000-8000-dactionneurs-rotatifs-tandem-a-cremaillere\\\/#primaryimage\",\"url\":\"https:\\\/\\\/lda.be\\\/wp-content\\\/uploads\\\/2025\\\/11\\\/2000-8000-AirOil-rotary-actuators.webp\",\"contentUrl\":\"https:\\\/\\\/lda.be\\\/wp-content\\\/uploads\\\/2025\\\/11\\\/2000-8000-AirOil-rotary-actuators.webp\",\"width\":1280,\"height\":1280,\"caption\":\"2000-8000 AirOil rotary-actuators\"},{\"@type\":\"BreadcrumbList\",\"@id\":\"https:\\\/\\\/lda.be\\\/fr\\\/produit\\\/2000-8000-dactionneurs-rotatifs-tandem-a-cremaillere\\\/#breadcrumb\",\"itemListElement\":[{\"@type\":\"ListItem\",\"position\":1,\"name\":\"Accueil\",\"item\":\"https:\\\/\\\/lda.be\\\/fr\\\/\"},{\"@type\":\"ListItem\",\"position\":2,\"name\":\"Produits\",\"item\":\"https:\\\/\\\/lda.be\\\/fr\\\/produits\\\/\"},{\"@type\":\"ListItem\",\"position\":3,\"name\":\"2000-8000 d&#8217;actionneurs rotatifs tandem \u00e0 cr\u00e9maill\u00e8re\"}]},{\"@type\":\"WebSite\",\"@id\":\"https:\\\/\\\/lda.be\\\/fr\\\/#website\",\"url\":\"https:\\\/\\\/lda.be\\\/fr\\\/\",\"name\":\"LDA Belgium\",\"description\":\"Solutions For Life\",\"publisher\":{\"@id\":\"https:\\\/\\\/lda.be\\\/fr\\\/#organization\"},\"potentialAction\":[{\"@type\":\"SearchAction\",\"target\":{\"@type\":\"EntryPoint\",\"urlTemplate\":\"https:\\\/\\\/lda.be\\\/fr\\\/?s={search_term_string}\"},\"query-input\":{\"@type\":\"PropertyValueSpecification\",\"valueRequired\":true,\"valueName\":\"search_term_string\"}}],\"inLanguage\":\"fr-FR\"},{\"@type\":\"Organization\",\"@id\":\"https:\\\/\\\/lda.be\\\/fr\\\/#organization\",\"name\":\"LDA Belgium\",\"url\":\"https:\\\/\\\/lda.be\\\/fr\\\/\",\"logo\":{\"@type\":\"ImageObject\",\"inLanguage\":\"fr-FR\",\"@id\":\"https:\\\/\\\/lda.be\\\/fr\\\/#\\\/schema\\\/logo\\\/image\\\/\",\"url\":\"https:\\\/\\\/lda.be\\\/wp-content\\\/uploads\\\/2022\\\/07\\\/Logo-LDA.webp\",\"contentUrl\":\"https:\\\/\\\/lda.be\\\/wp-content\\\/uploads\\\/2022\\\/07\\\/Logo-LDA.webp\",\"width\":311,\"height\":101,\"caption\":\"LDA Belgium\"},\"image\":{\"@id\":\"https:\\\/\\\/lda.be\\\/fr\\\/#\\\/schema\\\/logo\\\/image\\\/\"},\"sameAs\":[\"https:\\\/\\\/www.linkedin.com\\\/company\\\/lda-belgium-nv\"]}]}<\/script>\n<!-- \/ Yoast SEO plugin. -->","yoast_head_json":{"title":"2000-8000 d'actionneurs rotatifs tandem \u00e0 cr\u00e9maill\u00e8re - LDA Belgique","description":"S\u00e9rie 2000-8000 d'actionneurs rotatifs tandem \u00e0 cr\u00e9maill\u00e8re remplis d'huile de PHD. Id\u00e9al pour applications industrielles avec rotation fluide, contr\u00f4l\u00e9e et haute pr\u00e9cision.","robots":{"index":"index","follow":"follow","max-snippet":"max-snippet:-1","max-image-preview":"max-image-preview:large","max-video-preview":"max-video-preview:-1"},"canonical":"https:\/\/lda.be\/fr\/produit\/2000-8000-dactionneurs-rotatifs-tandem-a-cremaillere\/","og_locale":"fr_FR","og_type":"article","og_title":"2000-8000 d'actionneurs rotatifs tandem \u00e0 cr\u00e9maill\u00e8re - LDA Belgique","og_description":"S\u00e9rie 2000-8000 d'actionneurs rotatifs tandem \u00e0 cr\u00e9maill\u00e8re remplis d'huile de PHD. Id\u00e9al pour applications industrielles avec rotation fluide, contr\u00f4l\u00e9e et haute pr\u00e9cision.","og_url":"https:\/\/lda.be\/fr\/produit\/2000-8000-dactionneurs-rotatifs-tandem-a-cremaillere\/","og_site_name":"LDA Belgique","article_modified_time":"2025-11-27T13:42:31+00:00","og_image":[{"width":1280,"height":1280,"url":"https:\/\/lda.be\/wp-content\/uploads\/2025\/11\/2000-8000-AirOil-rotary-actuators.webp","type":"image\/webp"}],"twitter_card":"summary_large_image","twitter_misc":{"Dur\u00e9e de lecture estim\u00e9e":"1 minute"},"schema":{"@context":"https:\/\/schema.org","@graph":[{"@type":"WebPage","@id":"https:\/\/lda.be\/fr\/produit\/2000-8000-dactionneurs-rotatifs-tandem-a-cremaillere\/","url":"https:\/\/lda.be\/fr\/produit\/2000-8000-dactionneurs-rotatifs-tandem-a-cremaillere\/","name":"2000-8000 d'actionneurs rotatifs tandem \u00e0 cr\u00e9maill\u00e8re - LDA Belgique","isPartOf":{"@id":"https:\/\/lda.be\/fr\/#website"},"primaryImageOfPage":{"@id":"https:\/\/lda.be\/fr\/produit\/2000-8000-dactionneurs-rotatifs-tandem-a-cremaillere\/#primaryimage"},"image":{"@id":"https:\/\/lda.be\/fr\/produit\/2000-8000-dactionneurs-rotatifs-tandem-a-cremaillere\/#primaryimage"},"thumbnailUrl":"https:\/\/lda.be\/wp-content\/uploads\/2025\/11\/2000-8000-AirOil-rotary-actuators.webp","datePublished":"2025-11-27T13:33:15+00:00","dateModified":"2025-11-27T13:42:31+00:00","description":"S\u00e9rie 2000-8000 d'actionneurs rotatifs tandem \u00e0 cr\u00e9maill\u00e8re remplis d'huile de PHD. Id\u00e9al pour applications industrielles avec rotation fluide, contr\u00f4l\u00e9e et haute pr\u00e9cision.","breadcrumb":{"@id":"https:\/\/lda.be\/fr\/produit\/2000-8000-dactionneurs-rotatifs-tandem-a-cremaillere\/#breadcrumb"},"inLanguage":"fr-FR","potentialAction":[{"@type":"ReadAction","target":["https:\/\/lda.be\/fr\/produit\/2000-8000-dactionneurs-rotatifs-tandem-a-cremaillere\/"]}]},{"@type":"ImageObject","inLanguage":"fr-FR","@id":"https:\/\/lda.be\/fr\/produit\/2000-8000-dactionneurs-rotatifs-tandem-a-cremaillere\/#primaryimage","url":"https:\/\/lda.be\/wp-content\/uploads\/2025\/11\/2000-8000-AirOil-rotary-actuators.webp","contentUrl":"https:\/\/lda.be\/wp-content\/uploads\/2025\/11\/2000-8000-AirOil-rotary-actuators.webp","width":1280,"height":1280,"caption":"2000-8000 AirOil rotary-actuators"},{"@type":"BreadcrumbList","@id":"https:\/\/lda.be\/fr\/produit\/2000-8000-dactionneurs-rotatifs-tandem-a-cremaillere\/#breadcrumb","itemListElement":[{"@type":"ListItem","position":1,"name":"Accueil","item":"https:\/\/lda.be\/fr\/"},{"@type":"ListItem","position":2,"name":"Produits","item":"https:\/\/lda.be\/fr\/produits\/"},{"@type":"ListItem","position":3,"name":"2000-8000 d&#8217;actionneurs rotatifs tandem \u00e0 cr\u00e9maill\u00e8re"}]},{"@type":"WebSite","@id":"https:\/\/lda.be\/fr\/#website","url":"https:\/\/lda.be\/fr\/","name":"LDA Belgium","description":"Solutions For Life","publisher":{"@id":"https:\/\/lda.be\/fr\/#organization"},"potentialAction":[{"@type":"SearchAction","target":{"@type":"EntryPoint","urlTemplate":"https:\/\/lda.be\/fr\/?s={search_term_string}"},"query-input":{"@type":"PropertyValueSpecification","valueRequired":true,"valueName":"search_term_string"}}],"inLanguage":"fr-FR"},{"@type":"Organization","@id":"https:\/\/lda.be\/fr\/#organization","name":"LDA Belgium","url":"https:\/\/lda.be\/fr\/","logo":{"@type":"ImageObject","inLanguage":"fr-FR","@id":"https:\/\/lda.be\/fr\/#\/schema\/logo\/image\/","url":"https:\/\/lda.be\/wp-content\/uploads\/2022\/07\/Logo-LDA.webp","contentUrl":"https:\/\/lda.be\/wp-content\/uploads\/2022\/07\/Logo-LDA.webp","width":311,"height":101,"caption":"LDA Belgium"},"image":{"@id":"https:\/\/lda.be\/fr\/#\/schema\/logo\/image\/"},"sameAs":["https:\/\/www.linkedin.com\/company\/lda-belgium-nv"]}]}},"_links":{"self":[{"href":"https:\/\/lda.be\/fr\/wp-json\/wp\/v2\/product\/13964","targetHints":{"allow":["GET"]}}],"collection":[{"href":"https:\/\/lda.be\/fr\/wp-json\/wp\/v2\/product"}],"about":[{"href":"https:\/\/lda.be\/fr\/wp-json\/wp\/v2\/types\/product"}],"replies":[{"embeddable":true,"href":"https:\/\/lda.be\/fr\/wp-json\/wp\/v2\/comments?post=13964"}],"wp:featuredmedia":[{"embeddable":true,"href":"https:\/\/lda.be\/fr\/wp-json\/wp\/v2\/media\/13958"}],"wp:attachment":[{"href":"https:\/\/lda.be\/fr\/wp-json\/wp\/v2\/media?parent=13964"}],"wp:term":[{"taxonomy":"product_brand","embeddable":true,"href":"https:\/\/lda.be\/fr\/wp-json\/wp\/v2\/product_brand?post=13964"},{"taxonomy":"product_cat","embeddable":true,"href":"https:\/\/lda.be\/fr\/wp-json\/wp\/v2\/product_cat?post=13964"},{"taxonomy":"product_tag","embeddable":true,"href":"https:\/\/lda.be\/fr\/wp-json\/wp\/v2\/product_tag?post=13964"}],"curies":[{"name":"wp","href":"https:\/\/api.w.org\/{rel}","templated":true}]}}