{"id":14001,"date":"2025-12-01T15:48:01","date_gmt":"2025-12-01T14:48:01","guid":{"rendered":"https:\/\/lda.be\/?post_type=product&#038;p=14001"},"modified":"2025-12-01T15:52:23","modified_gmt":"2025-12-01T14:52:23","slug":"art-de-verins-rotatifs-a-palette-de-phd","status":"publish","type":"product","link":"https:\/\/lda.be\/fr\/produit\/art-de-verins-rotatifs-a-palette-de-phd\/","title":{"rendered":"ART de v\u00e9rins rotatifs \u00e0 palette de PHD"},"content":{"rendered":"<p>La s\u00e9rie ART de v\u00e9rins rotatifs \u00e0 palette de PHD est con\u00e7ue pour des applications n\u00e9cessitant un actionneur compact et double effet avec des angles de rotation de 90\u00b0, 180\u00b0 ou 270\u00b0. Cette s\u00e9rie est disponible en versions magn\u00e9tiques et non magn\u00e9tiques, avec des angles de rotation fixes ou r\u00e9glables, et \u00e9quip\u00e9e d&#8217;amortisseurs \u00e9lastiques ou d&#8217;amortisseurs hydrauliques. Les v\u00e9rins sont adapt\u00e9s pour des al\u00e9sages de 4 mm \u00e0 25 mm.<\/p>\n","protected":false},"excerpt":{"rendered":"<p>La s\u00e9rie ART de v\u00e9rins rotatifs \u00e0 palette de PHD est con\u00e7ue pour des applications n\u00e9cessitant un actionneur compact et double effet avec des angles de rotation de 90\u00b0, 180\u00b0 ou 270\u00b0. Cette s\u00e9rie est disponible en versions magn\u00e9tiques et non magn\u00e9tiques, avec des angles de rotation fixes ou r\u00e9glables, et \u00e9quip\u00e9e d&#8217;amortisseurs \u00e9lastiques ou [&hellip;]<\/p>\n","protected":false},"featured_media":13992,"comment_status":"closed","ping_status":"closed","template":"","meta":[],"product_brand":[1277],"product_cat":[1851],"product_tag":[],"class_list":{"0":"post-14001","1":"product","2":"type-product","3":"status-publish","4":"has-post-thumbnail","6":"product_brand-phd","7":"product_cat-actionneurs-rotatifs-a-palettes","9":"first","10":"instock","11":"shipping-taxable","12":"product-type-simple"},"yoast_head":"<!-- This site is optimized with the Yoast SEO plugin v27.3 - https:\/\/yoast.com\/product\/yoast-seo-wordpress\/ -->\n<title>ART de v\u00e9rins rotatifs \u00e0 palette de PHD - LDA Belgique<\/title>\n<meta name=\"description\" content=\"S\u00e9rie ART de v\u00e9rins rotatifs \u00e0 palette de PHD. Compact, double effet et adapt\u00e9 pour des rotations de 90\u00b0, 180\u00b0 ou 270\u00b0 avec options d&#039;amortissement.\" \/>\n<meta name=\"robots\" content=\"index, follow, max-snippet:-1, max-image-preview:large, max-video-preview:-1\" \/>\n<link rel=\"canonical\" href=\"https:\/\/lda.be\/fr\/produit\/art-de-verins-rotatifs-a-palette-de-phd\/\" \/>\n<meta property=\"og:locale\" content=\"fr_FR\" \/>\n<meta property=\"og:type\" content=\"article\" \/>\n<meta property=\"og:title\" content=\"ART de v\u00e9rins rotatifs \u00e0 palette de PHD - LDA Belgique\" \/>\n<meta property=\"og:description\" content=\"S\u00e9rie ART de v\u00e9rins rotatifs \u00e0 palette de PHD. Compact, double effet et adapt\u00e9 pour des rotations de 90\u00b0, 180\u00b0 ou 270\u00b0 avec options d&#039;amortissement.\" \/>\n<meta property=\"og:url\" content=\"https:\/\/lda.be\/fr\/produit\/art-de-verins-rotatifs-a-palette-de-phd\/\" \/>\n<meta property=\"og:site_name\" content=\"LDA Belgique\" \/>\n<meta property=\"article:modified_time\" content=\"2025-12-01T14:52:23+00:00\" \/>\n<meta property=\"og:image\" content=\"https:\/\/lda.be\/wp-content\/uploads\/2025\/12\/Serie-ART-roterende-vane-cylinder.webp\" \/>\n\t<meta property=\"og:image:width\" content=\"1280\" \/>\n\t<meta property=\"og:image:height\" content=\"1280\" \/>\n\t<meta property=\"og:image:type\" content=\"image\/webp\" \/>\n<meta name=\"twitter:card\" content=\"summary_large_image\" \/>\n<meta name=\"twitter:label1\" content=\"Dur\u00e9e de lecture estim\u00e9e\" \/>\n\t<meta name=\"twitter:data1\" content=\"1 minute\" \/>\n<script type=\"application\/ld+json\" class=\"yoast-schema-graph\">{\"@context\":\"https:\\\/\\\/schema.org\",\"@graph\":[{\"@type\":\"WebPage\",\"@id\":\"https:\\\/\\\/lda.be\\\/fr\\\/produit\\\/art-de-verins-rotatifs-a-palette-de-phd\\\/\",\"url\":\"https:\\\/\\\/lda.be\\\/fr\\\/produit\\\/art-de-verins-rotatifs-a-palette-de-phd\\\/\",\"name\":\"ART de v\u00e9rins rotatifs \u00e0 palette de PHD - LDA Belgique\",\"isPartOf\":{\"@id\":\"https:\\\/\\\/lda.be\\\/fr\\\/#website\"},\"primaryImageOfPage\":{\"@id\":\"https:\\\/\\\/lda.be\\\/fr\\\/produit\\\/art-de-verins-rotatifs-a-palette-de-phd\\\/#primaryimage\"},\"image\":{\"@id\":\"https:\\\/\\\/lda.be\\\/fr\\\/produit\\\/art-de-verins-rotatifs-a-palette-de-phd\\\/#primaryimage\"},\"thumbnailUrl\":\"https:\\\/\\\/lda.be\\\/wp-content\\\/uploads\\\/2025\\\/12\\\/Serie-ART-roterende-vane-cylinder.webp\",\"datePublished\":\"2025-12-01T14:48:01+00:00\",\"dateModified\":\"2025-12-01T14:52:23+00:00\",\"description\":\"S\u00e9rie ART de v\u00e9rins rotatifs \u00e0 palette de PHD. Compact, double effet et adapt\u00e9 pour des rotations de 90\u00b0, 180\u00b0 ou 270\u00b0 avec options d'amortissement.\",\"breadcrumb\":{\"@id\":\"https:\\\/\\\/lda.be\\\/fr\\\/produit\\\/art-de-verins-rotatifs-a-palette-de-phd\\\/#breadcrumb\"},\"inLanguage\":\"fr-FR\",\"potentialAction\":[{\"@type\":\"ReadAction\",\"target\":[\"https:\\\/\\\/lda.be\\\/fr\\\/produit\\\/art-de-verins-rotatifs-a-palette-de-phd\\\/\"]}]},{\"@type\":\"ImageObject\",\"inLanguage\":\"fr-FR\",\"@id\":\"https:\\\/\\\/lda.be\\\/fr\\\/produit\\\/art-de-verins-rotatifs-a-palette-de-phd\\\/#primaryimage\",\"url\":\"https:\\\/\\\/lda.be\\\/wp-content\\\/uploads\\\/2025\\\/12\\\/Serie-ART-roterende-vane-cylinder.webp\",\"contentUrl\":\"https:\\\/\\\/lda.be\\\/wp-content\\\/uploads\\\/2025\\\/12\\\/Serie-ART-roterende-vane-cylinder.webp\",\"width\":1280,\"height\":1280},{\"@type\":\"BreadcrumbList\",\"@id\":\"https:\\\/\\\/lda.be\\\/fr\\\/produit\\\/art-de-verins-rotatifs-a-palette-de-phd\\\/#breadcrumb\",\"itemListElement\":[{\"@type\":\"ListItem\",\"position\":1,\"name\":\"Accueil\",\"item\":\"https:\\\/\\\/lda.be\\\/fr\\\/\"},{\"@type\":\"ListItem\",\"position\":2,\"name\":\"Produits\",\"item\":\"https:\\\/\\\/lda.be\\\/fr\\\/produits\\\/\"},{\"@type\":\"ListItem\",\"position\":3,\"name\":\"ART de v\u00e9rins rotatifs \u00e0 palette de PHD\"}]},{\"@type\":\"WebSite\",\"@id\":\"https:\\\/\\\/lda.be\\\/fr\\\/#website\",\"url\":\"https:\\\/\\\/lda.be\\\/fr\\\/\",\"name\":\"LDA Belgium\",\"description\":\"Solutions For Life\",\"publisher\":{\"@id\":\"https:\\\/\\\/lda.be\\\/fr\\\/#organization\"},\"potentialAction\":[{\"@type\":\"SearchAction\",\"target\":{\"@type\":\"EntryPoint\",\"urlTemplate\":\"https:\\\/\\\/lda.be\\\/fr\\\/?s={search_term_string}\"},\"query-input\":{\"@type\":\"PropertyValueSpecification\",\"valueRequired\":true,\"valueName\":\"search_term_string\"}}],\"inLanguage\":\"fr-FR\"},{\"@type\":\"Organization\",\"@id\":\"https:\\\/\\\/lda.be\\\/fr\\\/#organization\",\"name\":\"LDA Belgium\",\"url\":\"https:\\\/\\\/lda.be\\\/fr\\\/\",\"logo\":{\"@type\":\"ImageObject\",\"inLanguage\":\"fr-FR\",\"@id\":\"https:\\\/\\\/lda.be\\\/fr\\\/#\\\/schema\\\/logo\\\/image\\\/\",\"url\":\"https:\\\/\\\/lda.be\\\/wp-content\\\/uploads\\\/2022\\\/07\\\/Logo-LDA.webp\",\"contentUrl\":\"https:\\\/\\\/lda.be\\\/wp-content\\\/uploads\\\/2022\\\/07\\\/Logo-LDA.webp\",\"width\":311,\"height\":101,\"caption\":\"LDA Belgium\"},\"image\":{\"@id\":\"https:\\\/\\\/lda.be\\\/fr\\\/#\\\/schema\\\/logo\\\/image\\\/\"},\"sameAs\":[\"https:\\\/\\\/www.linkedin.com\\\/company\\\/lda-belgium-nv\"]}]}<\/script>\n<!-- \/ Yoast SEO plugin. -->","yoast_head_json":{"title":"ART de v\u00e9rins rotatifs \u00e0 palette de PHD - LDA Belgique","description":"S\u00e9rie ART de v\u00e9rins rotatifs \u00e0 palette de PHD. Compact, double effet et adapt\u00e9 pour des rotations de 90\u00b0, 180\u00b0 ou 270\u00b0 avec options d'amortissement.","robots":{"index":"index","follow":"follow","max-snippet":"max-snippet:-1","max-image-preview":"max-image-preview:large","max-video-preview":"max-video-preview:-1"},"canonical":"https:\/\/lda.be\/fr\/produit\/art-de-verins-rotatifs-a-palette-de-phd\/","og_locale":"fr_FR","og_type":"article","og_title":"ART de v\u00e9rins rotatifs \u00e0 palette de PHD - LDA Belgique","og_description":"S\u00e9rie ART de v\u00e9rins rotatifs \u00e0 palette de PHD. Compact, double effet et adapt\u00e9 pour des rotations de 90\u00b0, 180\u00b0 ou 270\u00b0 avec options d'amortissement.","og_url":"https:\/\/lda.be\/fr\/produit\/art-de-verins-rotatifs-a-palette-de-phd\/","og_site_name":"LDA Belgique","article_modified_time":"2025-12-01T14:52:23+00:00","og_image":[{"width":1280,"height":1280,"url":"https:\/\/lda.be\/wp-content\/uploads\/2025\/12\/Serie-ART-roterende-vane-cylinder.webp","type":"image\/webp"}],"twitter_card":"summary_large_image","twitter_misc":{"Dur\u00e9e de lecture estim\u00e9e":"1 minute"},"schema":{"@context":"https:\/\/schema.org","@graph":[{"@type":"WebPage","@id":"https:\/\/lda.be\/fr\/produit\/art-de-verins-rotatifs-a-palette-de-phd\/","url":"https:\/\/lda.be\/fr\/produit\/art-de-verins-rotatifs-a-palette-de-phd\/","name":"ART de v\u00e9rins rotatifs \u00e0 palette de PHD - LDA Belgique","isPartOf":{"@id":"https:\/\/lda.be\/fr\/#website"},"primaryImageOfPage":{"@id":"https:\/\/lda.be\/fr\/produit\/art-de-verins-rotatifs-a-palette-de-phd\/#primaryimage"},"image":{"@id":"https:\/\/lda.be\/fr\/produit\/art-de-verins-rotatifs-a-palette-de-phd\/#primaryimage"},"thumbnailUrl":"https:\/\/lda.be\/wp-content\/uploads\/2025\/12\/Serie-ART-roterende-vane-cylinder.webp","datePublished":"2025-12-01T14:48:01+00:00","dateModified":"2025-12-01T14:52:23+00:00","description":"S\u00e9rie ART de v\u00e9rins rotatifs \u00e0 palette de PHD. Compact, double effet et adapt\u00e9 pour des rotations de 90\u00b0, 180\u00b0 ou 270\u00b0 avec options d'amortissement.","breadcrumb":{"@id":"https:\/\/lda.be\/fr\/produit\/art-de-verins-rotatifs-a-palette-de-phd\/#breadcrumb"},"inLanguage":"fr-FR","potentialAction":[{"@type":"ReadAction","target":["https:\/\/lda.be\/fr\/produit\/art-de-verins-rotatifs-a-palette-de-phd\/"]}]},{"@type":"ImageObject","inLanguage":"fr-FR","@id":"https:\/\/lda.be\/fr\/produit\/art-de-verins-rotatifs-a-palette-de-phd\/#primaryimage","url":"https:\/\/lda.be\/wp-content\/uploads\/2025\/12\/Serie-ART-roterende-vane-cylinder.webp","contentUrl":"https:\/\/lda.be\/wp-content\/uploads\/2025\/12\/Serie-ART-roterende-vane-cylinder.webp","width":1280,"height":1280},{"@type":"BreadcrumbList","@id":"https:\/\/lda.be\/fr\/produit\/art-de-verins-rotatifs-a-palette-de-phd\/#breadcrumb","itemListElement":[{"@type":"ListItem","position":1,"name":"Accueil","item":"https:\/\/lda.be\/fr\/"},{"@type":"ListItem","position":2,"name":"Produits","item":"https:\/\/lda.be\/fr\/produits\/"},{"@type":"ListItem","position":3,"name":"ART de v\u00e9rins rotatifs \u00e0 palette de PHD"}]},{"@type":"WebSite","@id":"https:\/\/lda.be\/fr\/#website","url":"https:\/\/lda.be\/fr\/","name":"LDA Belgium","description":"Solutions For Life","publisher":{"@id":"https:\/\/lda.be\/fr\/#organization"},"potentialAction":[{"@type":"SearchAction","target":{"@type":"EntryPoint","urlTemplate":"https:\/\/lda.be\/fr\/?s={search_term_string}"},"query-input":{"@type":"PropertyValueSpecification","valueRequired":true,"valueName":"search_term_string"}}],"inLanguage":"fr-FR"},{"@type":"Organization","@id":"https:\/\/lda.be\/fr\/#organization","name":"LDA Belgium","url":"https:\/\/lda.be\/fr\/","logo":{"@type":"ImageObject","inLanguage":"fr-FR","@id":"https:\/\/lda.be\/fr\/#\/schema\/logo\/image\/","url":"https:\/\/lda.be\/wp-content\/uploads\/2022\/07\/Logo-LDA.webp","contentUrl":"https:\/\/lda.be\/wp-content\/uploads\/2022\/07\/Logo-LDA.webp","width":311,"height":101,"caption":"LDA Belgium"},"image":{"@id":"https:\/\/lda.be\/fr\/#\/schema\/logo\/image\/"},"sameAs":["https:\/\/www.linkedin.com\/company\/lda-belgium-nv"]}]}},"_links":{"self":[{"href":"https:\/\/lda.be\/fr\/wp-json\/wp\/v2\/product\/14001","targetHints":{"allow":["GET"]}}],"collection":[{"href":"https:\/\/lda.be\/fr\/wp-json\/wp\/v2\/product"}],"about":[{"href":"https:\/\/lda.be\/fr\/wp-json\/wp\/v2\/types\/product"}],"replies":[{"embeddable":true,"href":"https:\/\/lda.be\/fr\/wp-json\/wp\/v2\/comments?post=14001"}],"wp:featuredmedia":[{"embeddable":true,"href":"https:\/\/lda.be\/fr\/wp-json\/wp\/v2\/media\/13992"}],"wp:attachment":[{"href":"https:\/\/lda.be\/fr\/wp-json\/wp\/v2\/media?parent=14001"}],"wp:term":[{"taxonomy":"product_brand","embeddable":true,"href":"https:\/\/lda.be\/fr\/wp-json\/wp\/v2\/product_brand?post=14001"},{"taxonomy":"product_cat","embeddable":true,"href":"https:\/\/lda.be\/fr\/wp-json\/wp\/v2\/product_cat?post=14001"},{"taxonomy":"product_tag","embeddable":true,"href":"https:\/\/lda.be\/fr\/wp-json\/wp\/v2\/product_tag?post=14001"}],"curies":[{"name":"wp","href":"https:\/\/api.w.org\/{rel}","templated":true}]}}