{"id":14032,"date":"2025-12-02T16:27:50","date_gmt":"2025-12-02T15:27:50","guid":{"rendered":"https:\/\/lda.be\/?post_type=product&#038;p=14032"},"modified":"2025-12-02T16:38:54","modified_gmt":"2025-12-02T15:38:54","slug":"serie-inch-verins-de-type-rond","status":"publish","type":"product","link":"https:\/\/lda.be\/fr\/produit\/serie-inch-verins-de-type-rond\/","title":{"rendered":"S\u00e9rie Inch v\u00e9rins de type rond"},"content":{"rendered":"<p>Les v\u00e9rins Inch de COMPACT sont con\u00e7us pour des applications n\u00e9cessitant un actionneur lin\u00e9aire compact, fiable et polyvalent. Cette s\u00e9rie est disponible en plusieurs configurations, telles que le montage d&#8217;extr\u00e9mit\u00e9 carr\u00e9, rond, lat\u00e9ral et mince. Les v\u00e9rins sont disponibles avec des al\u00e9sages de 12,7 mm \u00e0 203,2 mm et offrent une large gamme de courses, d&#8217;options de montage et de joints pour diverses applications industrielles.<\/p>\n","protected":false},"excerpt":{"rendered":"<p>Les v\u00e9rins Inch de COMPACT sont con\u00e7us pour des applications n\u00e9cessitant un actionneur lin\u00e9aire compact, fiable et polyvalent. Cette s\u00e9rie est disponible en plusieurs configurations, telles que le montage d&#8217;extr\u00e9mit\u00e9 carr\u00e9, rond, lat\u00e9ral et mince. Les v\u00e9rins sont disponibles avec des al\u00e9sages de 12,7 mm \u00e0 203,2 mm et offrent une large gamme de courses, [&hellip;]<\/p>\n","protected":false},"featured_media":14029,"comment_status":"closed","ping_status":"closed","template":"","meta":[],"product_brand":[1856],"product_cat":[1815],"product_tag":[],"class_list":{"0":"post-14032","1":"product","2":"type-product","3":"status-publish","4":"has-post-thumbnail","6":"product_brand-cap","7":"product_cat-verins-de-type-rond","9":"first","10":"instock","11":"shipping-taxable","12":"product-type-simple"},"yoast_head":"<!-- This site is optimized with the Yoast SEO plugin v27.3 - https:\/\/yoast.com\/product\/yoast-seo-wordpress\/ -->\n<title>S\u00e9rie Inch v\u00e9rins de type rond - LDA Belgique<\/title>\n<meta name=\"description\" content=\"V\u00e9rins Inch de COMPACT. Actionneurs lin\u00e9aires compacts et polyvalents avec des al\u00e9sages de 12,7 mm \u00e0 203,2 mm et diverses options de montage.\" \/>\n<meta name=\"robots\" content=\"index, follow, max-snippet:-1, max-image-preview:large, max-video-preview:-1\" \/>\n<link rel=\"canonical\" href=\"https:\/\/lda.be\/fr\/produit\/serie-inch-verins-de-type-rond\/\" \/>\n<meta property=\"og:locale\" content=\"fr_FR\" \/>\n<meta property=\"og:type\" content=\"article\" \/>\n<meta property=\"og:title\" content=\"S\u00e9rie Inch v\u00e9rins de type rond - LDA Belgique\" \/>\n<meta property=\"og:description\" content=\"V\u00e9rins Inch de COMPACT. Actionneurs lin\u00e9aires compacts et polyvalents avec des al\u00e9sages de 12,7 mm \u00e0 203,2 mm et diverses options de montage.\" \/>\n<meta property=\"og:url\" content=\"https:\/\/lda.be\/fr\/produit\/serie-inch-verins-de-type-rond\/\" \/>\n<meta property=\"og:site_name\" content=\"LDA Belgique\" \/>\n<meta property=\"article:modified_time\" content=\"2025-12-02T15:38:54+00:00\" \/>\n<meta property=\"og:image\" content=\"https:\/\/lda.be\/wp-content\/uploads\/2025\/12\/Inch-round-cylinder.webp\" \/>\n\t<meta property=\"og:image:width\" content=\"1280\" \/>\n\t<meta property=\"og:image:height\" content=\"1280\" \/>\n\t<meta property=\"og:image:type\" content=\"image\/webp\" \/>\n<meta name=\"twitter:card\" content=\"summary_large_image\" \/>\n<meta name=\"twitter:label1\" content=\"Dur\u00e9e de lecture estim\u00e9e\" \/>\n\t<meta name=\"twitter:data1\" content=\"1 minute\" \/>\n<script type=\"application\/ld+json\" class=\"yoast-schema-graph\">{\"@context\":\"https:\\\/\\\/schema.org\",\"@graph\":[{\"@type\":\"WebPage\",\"@id\":\"https:\\\/\\\/lda.be\\\/fr\\\/produit\\\/serie-inch-verins-de-type-rond\\\/\",\"url\":\"https:\\\/\\\/lda.be\\\/fr\\\/produit\\\/serie-inch-verins-de-type-rond\\\/\",\"name\":\"S\u00e9rie Inch v\u00e9rins de type rond - LDA Belgique\",\"isPartOf\":{\"@id\":\"https:\\\/\\\/lda.be\\\/fr\\\/#website\"},\"primaryImageOfPage\":{\"@id\":\"https:\\\/\\\/lda.be\\\/fr\\\/produit\\\/serie-inch-verins-de-type-rond\\\/#primaryimage\"},\"image\":{\"@id\":\"https:\\\/\\\/lda.be\\\/fr\\\/produit\\\/serie-inch-verins-de-type-rond\\\/#primaryimage\"},\"thumbnailUrl\":\"https:\\\/\\\/lda.be\\\/wp-content\\\/uploads\\\/2025\\\/12\\\/Inch-round-cylinder.webp\",\"datePublished\":\"2025-12-02T15:27:50+00:00\",\"dateModified\":\"2025-12-02T15:38:54+00:00\",\"description\":\"V\u00e9rins Inch de COMPACT. Actionneurs lin\u00e9aires compacts et polyvalents avec des al\u00e9sages de 12,7 mm \u00e0 203,2 mm et diverses options de montage.\",\"breadcrumb\":{\"@id\":\"https:\\\/\\\/lda.be\\\/fr\\\/produit\\\/serie-inch-verins-de-type-rond\\\/#breadcrumb\"},\"inLanguage\":\"fr-FR\",\"potentialAction\":[{\"@type\":\"ReadAction\",\"target\":[\"https:\\\/\\\/lda.be\\\/fr\\\/produit\\\/serie-inch-verins-de-type-rond\\\/\"]}]},{\"@type\":\"ImageObject\",\"inLanguage\":\"fr-FR\",\"@id\":\"https:\\\/\\\/lda.be\\\/fr\\\/produit\\\/serie-inch-verins-de-type-rond\\\/#primaryimage\",\"url\":\"https:\\\/\\\/lda.be\\\/wp-content\\\/uploads\\\/2025\\\/12\\\/Inch-round-cylinder.webp\",\"contentUrl\":\"https:\\\/\\\/lda.be\\\/wp-content\\\/uploads\\\/2025\\\/12\\\/Inch-round-cylinder.webp\",\"width\":1280,\"height\":1280,\"caption\":\"Inch round cylinder\"},{\"@type\":\"BreadcrumbList\",\"@id\":\"https:\\\/\\\/lda.be\\\/fr\\\/produit\\\/serie-inch-verins-de-type-rond\\\/#breadcrumb\",\"itemListElement\":[{\"@type\":\"ListItem\",\"position\":1,\"name\":\"Accueil\",\"item\":\"https:\\\/\\\/lda.be\\\/fr\\\/\"},{\"@type\":\"ListItem\",\"position\":2,\"name\":\"Produits\",\"item\":\"https:\\\/\\\/lda.be\\\/fr\\\/produits\\\/\"},{\"@type\":\"ListItem\",\"position\":3,\"name\":\"S\u00e9rie Inch v\u00e9rins de type rond\"}]},{\"@type\":\"WebSite\",\"@id\":\"https:\\\/\\\/lda.be\\\/fr\\\/#website\",\"url\":\"https:\\\/\\\/lda.be\\\/fr\\\/\",\"name\":\"LDA Belgium\",\"description\":\"Solutions For Life\",\"publisher\":{\"@id\":\"https:\\\/\\\/lda.be\\\/fr\\\/#organization\"},\"potentialAction\":[{\"@type\":\"SearchAction\",\"target\":{\"@type\":\"EntryPoint\",\"urlTemplate\":\"https:\\\/\\\/lda.be\\\/fr\\\/?s={search_term_string}\"},\"query-input\":{\"@type\":\"PropertyValueSpecification\",\"valueRequired\":true,\"valueName\":\"search_term_string\"}}],\"inLanguage\":\"fr-FR\"},{\"@type\":\"Organization\",\"@id\":\"https:\\\/\\\/lda.be\\\/fr\\\/#organization\",\"name\":\"LDA Belgium\",\"url\":\"https:\\\/\\\/lda.be\\\/fr\\\/\",\"logo\":{\"@type\":\"ImageObject\",\"inLanguage\":\"fr-FR\",\"@id\":\"https:\\\/\\\/lda.be\\\/fr\\\/#\\\/schema\\\/logo\\\/image\\\/\",\"url\":\"https:\\\/\\\/lda.be\\\/wp-content\\\/uploads\\\/2022\\\/07\\\/Logo-LDA.webp\",\"contentUrl\":\"https:\\\/\\\/lda.be\\\/wp-content\\\/uploads\\\/2022\\\/07\\\/Logo-LDA.webp\",\"width\":311,\"height\":101,\"caption\":\"LDA Belgium\"},\"image\":{\"@id\":\"https:\\\/\\\/lda.be\\\/fr\\\/#\\\/schema\\\/logo\\\/image\\\/\"},\"sameAs\":[\"https:\\\/\\\/www.linkedin.com\\\/company\\\/lda-belgium-nv\"]}]}<\/script>\n<!-- \/ Yoast SEO plugin. -->","yoast_head_json":{"title":"S\u00e9rie Inch v\u00e9rins de type rond - LDA Belgique","description":"V\u00e9rins Inch de COMPACT. Actionneurs lin\u00e9aires compacts et polyvalents avec des al\u00e9sages de 12,7 mm \u00e0 203,2 mm et diverses options de montage.","robots":{"index":"index","follow":"follow","max-snippet":"max-snippet:-1","max-image-preview":"max-image-preview:large","max-video-preview":"max-video-preview:-1"},"canonical":"https:\/\/lda.be\/fr\/produit\/serie-inch-verins-de-type-rond\/","og_locale":"fr_FR","og_type":"article","og_title":"S\u00e9rie Inch v\u00e9rins de type rond - LDA Belgique","og_description":"V\u00e9rins Inch de COMPACT. Actionneurs lin\u00e9aires compacts et polyvalents avec des al\u00e9sages de 12,7 mm \u00e0 203,2 mm et diverses options de montage.","og_url":"https:\/\/lda.be\/fr\/produit\/serie-inch-verins-de-type-rond\/","og_site_name":"LDA Belgique","article_modified_time":"2025-12-02T15:38:54+00:00","og_image":[{"width":1280,"height":1280,"url":"https:\/\/lda.be\/wp-content\/uploads\/2025\/12\/Inch-round-cylinder.webp","type":"image\/webp"}],"twitter_card":"summary_large_image","twitter_misc":{"Dur\u00e9e de lecture estim\u00e9e":"1 minute"},"schema":{"@context":"https:\/\/schema.org","@graph":[{"@type":"WebPage","@id":"https:\/\/lda.be\/fr\/produit\/serie-inch-verins-de-type-rond\/","url":"https:\/\/lda.be\/fr\/produit\/serie-inch-verins-de-type-rond\/","name":"S\u00e9rie Inch v\u00e9rins de type rond - LDA Belgique","isPartOf":{"@id":"https:\/\/lda.be\/fr\/#website"},"primaryImageOfPage":{"@id":"https:\/\/lda.be\/fr\/produit\/serie-inch-verins-de-type-rond\/#primaryimage"},"image":{"@id":"https:\/\/lda.be\/fr\/produit\/serie-inch-verins-de-type-rond\/#primaryimage"},"thumbnailUrl":"https:\/\/lda.be\/wp-content\/uploads\/2025\/12\/Inch-round-cylinder.webp","datePublished":"2025-12-02T15:27:50+00:00","dateModified":"2025-12-02T15:38:54+00:00","description":"V\u00e9rins Inch de COMPACT. Actionneurs lin\u00e9aires compacts et polyvalents avec des al\u00e9sages de 12,7 mm \u00e0 203,2 mm et diverses options de montage.","breadcrumb":{"@id":"https:\/\/lda.be\/fr\/produit\/serie-inch-verins-de-type-rond\/#breadcrumb"},"inLanguage":"fr-FR","potentialAction":[{"@type":"ReadAction","target":["https:\/\/lda.be\/fr\/produit\/serie-inch-verins-de-type-rond\/"]}]},{"@type":"ImageObject","inLanguage":"fr-FR","@id":"https:\/\/lda.be\/fr\/produit\/serie-inch-verins-de-type-rond\/#primaryimage","url":"https:\/\/lda.be\/wp-content\/uploads\/2025\/12\/Inch-round-cylinder.webp","contentUrl":"https:\/\/lda.be\/wp-content\/uploads\/2025\/12\/Inch-round-cylinder.webp","width":1280,"height":1280,"caption":"Inch round cylinder"},{"@type":"BreadcrumbList","@id":"https:\/\/lda.be\/fr\/produit\/serie-inch-verins-de-type-rond\/#breadcrumb","itemListElement":[{"@type":"ListItem","position":1,"name":"Accueil","item":"https:\/\/lda.be\/fr\/"},{"@type":"ListItem","position":2,"name":"Produits","item":"https:\/\/lda.be\/fr\/produits\/"},{"@type":"ListItem","position":3,"name":"S\u00e9rie Inch v\u00e9rins de type rond"}]},{"@type":"WebSite","@id":"https:\/\/lda.be\/fr\/#website","url":"https:\/\/lda.be\/fr\/","name":"LDA Belgium","description":"Solutions For Life","publisher":{"@id":"https:\/\/lda.be\/fr\/#organization"},"potentialAction":[{"@type":"SearchAction","target":{"@type":"EntryPoint","urlTemplate":"https:\/\/lda.be\/fr\/?s={search_term_string}"},"query-input":{"@type":"PropertyValueSpecification","valueRequired":true,"valueName":"search_term_string"}}],"inLanguage":"fr-FR"},{"@type":"Organization","@id":"https:\/\/lda.be\/fr\/#organization","name":"LDA Belgium","url":"https:\/\/lda.be\/fr\/","logo":{"@type":"ImageObject","inLanguage":"fr-FR","@id":"https:\/\/lda.be\/fr\/#\/schema\/logo\/image\/","url":"https:\/\/lda.be\/wp-content\/uploads\/2022\/07\/Logo-LDA.webp","contentUrl":"https:\/\/lda.be\/wp-content\/uploads\/2022\/07\/Logo-LDA.webp","width":311,"height":101,"caption":"LDA Belgium"},"image":{"@id":"https:\/\/lda.be\/fr\/#\/schema\/logo\/image\/"},"sameAs":["https:\/\/www.linkedin.com\/company\/lda-belgium-nv"]}]}},"_links":{"self":[{"href":"https:\/\/lda.be\/fr\/wp-json\/wp\/v2\/product\/14032","targetHints":{"allow":["GET"]}}],"collection":[{"href":"https:\/\/lda.be\/fr\/wp-json\/wp\/v2\/product"}],"about":[{"href":"https:\/\/lda.be\/fr\/wp-json\/wp\/v2\/types\/product"}],"replies":[{"embeddable":true,"href":"https:\/\/lda.be\/fr\/wp-json\/wp\/v2\/comments?post=14032"}],"wp:featuredmedia":[{"embeddable":true,"href":"https:\/\/lda.be\/fr\/wp-json\/wp\/v2\/media\/14029"}],"wp:attachment":[{"href":"https:\/\/lda.be\/fr\/wp-json\/wp\/v2\/media?parent=14032"}],"wp:term":[{"taxonomy":"product_brand","embeddable":true,"href":"https:\/\/lda.be\/fr\/wp-json\/wp\/v2\/product_brand?post=14032"},{"taxonomy":"product_cat","embeddable":true,"href":"https:\/\/lda.be\/fr\/wp-json\/wp\/v2\/product_cat?post=14032"},{"taxonomy":"product_tag","embeddable":true,"href":"https:\/\/lda.be\/fr\/wp-json\/wp\/v2\/product_tag?post=14032"}],"curies":[{"name":"wp","href":"https:\/\/api.w.org\/{rel}","templated":true}]}}