{"id":14059,"date":"2025-12-03T14:23:49","date_gmt":"2025-12-03T13:23:49","guid":{"rendered":"https:\/\/lda.be\/?post_type=product&#038;p=14059"},"modified":"2025-12-03T14:33:28","modified_gmt":"2025-12-03T13:33:28","slug":"verins-pneumatiques-compacts-metriques","status":"publish","type":"product","link":"https:\/\/lda.be\/fr\/produit\/verins-pneumatiques-compacts-metriques\/","title":{"rendered":"V\u00e9rins pneumatiques compacts m\u00e9triques"},"content":{"rendered":"<p>Les v\u00e9rins Compact Automation Products sont con\u00e7us pour les applications o\u00f9 l&#8217;espace et le poids sont limit\u00e9s.<\/p>\n<p>Ils sont jusqu&#8217;\u00e0 60 % plus petits que les mod\u00e8les conventionnels et sont id\u00e9aux pour les dispositifs de serrage, la robotique, les alimentateurs de pi\u00e8ces et les appareils m\u00e9dicaux.<\/p>\n<p>Gr\u00e2ce \u00e0 leur conception unique, brevet\u00e9e et peu encombrante, les produits Compact Automation sont parfaits pour les industries des semi-conducteurs, de l&#8217;emballage, du m\u00e9dical et de l&#8217;automatisation industrielle.<\/p>\n<p>Service standard<\/p>\n<ul>\n<li>Notre service le plus compact<\/li>\n<li>Conception \u00e0 palier de tige court et piston mince<\/li>\n<li>Disponible avec une ou deux extr\u00e9mit\u00e9s de tige<\/li>\n<\/ul>\n<p>Service interm\u00e9diaire (Half Husky\u00ae)<\/p>\n<ul>\n<li>Une combinaison de notre palier de tige long standard et renforc\u00e9 et de notre piston mince, con\u00e7ue pour un service moyen<\/li>\n<li>Disponible avec une seule extr\u00e9mit\u00e9 de tige<\/li>\n<\/ul>\n<p>Service intensif (Full Husky)<\/p>\n<ul>\n<li>Palier \u00e0 tige plus long et piston plus long<\/li>\n<li>Con\u00e7u pour les services intensifs<\/li>\n<\/ul>\n","protected":false},"excerpt":{"rendered":"<p>Les v\u00e9rins Compact Automation Products sont con\u00e7us pour les applications o\u00f9 l&#8217;espace et le poids sont limit\u00e9s. Ils sont jusqu&#8217;\u00e0 60 % plus petits que les mod\u00e8les conventionnels et sont id\u00e9aux pour les dispositifs de serrage, la robotique, les alimentateurs de pi\u00e8ces et les appareils m\u00e9dicaux. Gr\u00e2ce \u00e0 leur conception unique, brevet\u00e9e et peu encombrante, [&hellip;]<\/p>\n","protected":false},"featured_media":14051,"comment_status":"closed","ping_status":"closed","template":"","meta":[],"product_brand":[1856],"product_cat":[1830],"product_tag":[],"class_list":{"0":"post-14059","1":"product","2":"type-product","3":"status-publish","4":"has-post-thumbnail","6":"product_brand-cap","7":"product_cat-verins-compacts","9":"first","10":"instock","11":"shipping-taxable","12":"product-type-simple"},"yoast_head":"<!-- This site is optimized with the Yoast SEO plugin v27.3 - https:\/\/yoast.com\/product\/yoast-seo-wordpress\/ -->\n<title>V\u00e9rins pneumatiques compacts m\u00e9triques - LDA Belgique<\/title>\n<meta name=\"description\" content=\"V\u00e9rins pneumatiques m\u00e9triques avec tube de pr\u00e9cision et mat\u00e9riaux durables pour applications industrielles. Configurables et adapt\u00e9s \u00e0 divers montages et plages de pression.\" \/>\n<meta name=\"robots\" content=\"index, follow, max-snippet:-1, max-image-preview:large, max-video-preview:-1\" \/>\n<link rel=\"canonical\" href=\"https:\/\/lda.be\/fr\/produit\/verins-pneumatiques-compacts-metriques\/\" \/>\n<meta property=\"og:locale\" content=\"fr_FR\" \/>\n<meta property=\"og:type\" content=\"article\" \/>\n<meta property=\"og:title\" content=\"V\u00e9rins pneumatiques compacts m\u00e9triques - LDA Belgique\" \/>\n<meta property=\"og:description\" content=\"V\u00e9rins pneumatiques m\u00e9triques avec tube de pr\u00e9cision et mat\u00e9riaux durables pour applications industrielles. Configurables et adapt\u00e9s \u00e0 divers montages et plages de pression.\" \/>\n<meta property=\"og:url\" content=\"https:\/\/lda.be\/fr\/produit\/verins-pneumatiques-compacts-metriques\/\" \/>\n<meta property=\"og:site_name\" content=\"LDA Belgique\" \/>\n<meta property=\"article:modified_time\" content=\"2025-12-03T13:33:28+00:00\" \/>\n<meta property=\"og:image\" content=\"https:\/\/lda.be\/wp-content\/uploads\/2025\/12\/Metric-Pneumatic-Cylinders.webp\" \/>\n\t<meta property=\"og:image:width\" content=\"1080\" \/>\n\t<meta property=\"og:image:height\" content=\"1080\" \/>\n\t<meta property=\"og:image:type\" content=\"image\/webp\" \/>\n<meta name=\"twitter:card\" content=\"summary_large_image\" \/>\n<meta name=\"twitter:label1\" content=\"Dur\u00e9e de lecture estim\u00e9e\" \/>\n\t<meta name=\"twitter:data1\" content=\"1 minute\" \/>\n<script type=\"application\/ld+json\" class=\"yoast-schema-graph\">{\"@context\":\"https:\\\/\\\/schema.org\",\"@graph\":[{\"@type\":\"WebPage\",\"@id\":\"https:\\\/\\\/lda.be\\\/fr\\\/produit\\\/verins-pneumatiques-compacts-metriques\\\/\",\"url\":\"https:\\\/\\\/lda.be\\\/fr\\\/produit\\\/verins-pneumatiques-compacts-metriques\\\/\",\"name\":\"V\u00e9rins pneumatiques compacts m\u00e9triques - LDA Belgique\",\"isPartOf\":{\"@id\":\"https:\\\/\\\/lda.be\\\/fr\\\/#website\"},\"primaryImageOfPage\":{\"@id\":\"https:\\\/\\\/lda.be\\\/fr\\\/produit\\\/verins-pneumatiques-compacts-metriques\\\/#primaryimage\"},\"image\":{\"@id\":\"https:\\\/\\\/lda.be\\\/fr\\\/produit\\\/verins-pneumatiques-compacts-metriques\\\/#primaryimage\"},\"thumbnailUrl\":\"https:\\\/\\\/lda.be\\\/wp-content\\\/uploads\\\/2025\\\/12\\\/Metric-Pneumatic-Cylinders.webp\",\"datePublished\":\"2025-12-03T13:23:49+00:00\",\"dateModified\":\"2025-12-03T13:33:28+00:00\",\"description\":\"V\u00e9rins pneumatiques m\u00e9triques avec tube de pr\u00e9cision et mat\u00e9riaux durables pour applications industrielles. Configurables et adapt\u00e9s \u00e0 divers montages et plages de pression.\",\"breadcrumb\":{\"@id\":\"https:\\\/\\\/lda.be\\\/fr\\\/produit\\\/verins-pneumatiques-compacts-metriques\\\/#breadcrumb\"},\"inLanguage\":\"fr-FR\",\"potentialAction\":[{\"@type\":\"ReadAction\",\"target\":[\"https:\\\/\\\/lda.be\\\/fr\\\/produit\\\/verins-pneumatiques-compacts-metriques\\\/\"]}]},{\"@type\":\"ImageObject\",\"inLanguage\":\"fr-FR\",\"@id\":\"https:\\\/\\\/lda.be\\\/fr\\\/produit\\\/verins-pneumatiques-compacts-metriques\\\/#primaryimage\",\"url\":\"https:\\\/\\\/lda.be\\\/wp-content\\\/uploads\\\/2025\\\/12\\\/Metric-Pneumatic-Cylinders.webp\",\"contentUrl\":\"https:\\\/\\\/lda.be\\\/wp-content\\\/uploads\\\/2025\\\/12\\\/Metric-Pneumatic-Cylinders.webp\",\"width\":1080,\"height\":1080,\"caption\":\"Metric Pneumatic Cylinders\"},{\"@type\":\"BreadcrumbList\",\"@id\":\"https:\\\/\\\/lda.be\\\/fr\\\/produit\\\/verins-pneumatiques-compacts-metriques\\\/#breadcrumb\",\"itemListElement\":[{\"@type\":\"ListItem\",\"position\":1,\"name\":\"Accueil\",\"item\":\"https:\\\/\\\/lda.be\\\/fr\\\/\"},{\"@type\":\"ListItem\",\"position\":2,\"name\":\"Produits\",\"item\":\"https:\\\/\\\/lda.be\\\/fr\\\/produits\\\/\"},{\"@type\":\"ListItem\",\"position\":3,\"name\":\"V\u00e9rins pneumatiques compacts m\u00e9triques\"}]},{\"@type\":\"WebSite\",\"@id\":\"https:\\\/\\\/lda.be\\\/fr\\\/#website\",\"url\":\"https:\\\/\\\/lda.be\\\/fr\\\/\",\"name\":\"LDA Belgium\",\"description\":\"Solutions For Life\",\"publisher\":{\"@id\":\"https:\\\/\\\/lda.be\\\/fr\\\/#organization\"},\"potentialAction\":[{\"@type\":\"SearchAction\",\"target\":{\"@type\":\"EntryPoint\",\"urlTemplate\":\"https:\\\/\\\/lda.be\\\/fr\\\/?s={search_term_string}\"},\"query-input\":{\"@type\":\"PropertyValueSpecification\",\"valueRequired\":true,\"valueName\":\"search_term_string\"}}],\"inLanguage\":\"fr-FR\"},{\"@type\":\"Organization\",\"@id\":\"https:\\\/\\\/lda.be\\\/fr\\\/#organization\",\"name\":\"LDA Belgium\",\"url\":\"https:\\\/\\\/lda.be\\\/fr\\\/\",\"logo\":{\"@type\":\"ImageObject\",\"inLanguage\":\"fr-FR\",\"@id\":\"https:\\\/\\\/lda.be\\\/fr\\\/#\\\/schema\\\/logo\\\/image\\\/\",\"url\":\"https:\\\/\\\/lda.be\\\/wp-content\\\/uploads\\\/2022\\\/07\\\/Logo-LDA.webp\",\"contentUrl\":\"https:\\\/\\\/lda.be\\\/wp-content\\\/uploads\\\/2022\\\/07\\\/Logo-LDA.webp\",\"width\":311,\"height\":101,\"caption\":\"LDA Belgium\"},\"image\":{\"@id\":\"https:\\\/\\\/lda.be\\\/fr\\\/#\\\/schema\\\/logo\\\/image\\\/\"},\"sameAs\":[\"https:\\\/\\\/www.linkedin.com\\\/company\\\/lda-belgium-nv\"]}]}<\/script>\n<!-- \/ Yoast SEO plugin. -->","yoast_head_json":{"title":"V\u00e9rins pneumatiques compacts m\u00e9triques - LDA Belgique","description":"V\u00e9rins pneumatiques m\u00e9triques avec tube de pr\u00e9cision et mat\u00e9riaux durables pour applications industrielles. Configurables et adapt\u00e9s \u00e0 divers montages et plages de pression.","robots":{"index":"index","follow":"follow","max-snippet":"max-snippet:-1","max-image-preview":"max-image-preview:large","max-video-preview":"max-video-preview:-1"},"canonical":"https:\/\/lda.be\/fr\/produit\/verins-pneumatiques-compacts-metriques\/","og_locale":"fr_FR","og_type":"article","og_title":"V\u00e9rins pneumatiques compacts m\u00e9triques - LDA Belgique","og_description":"V\u00e9rins pneumatiques m\u00e9triques avec tube de pr\u00e9cision et mat\u00e9riaux durables pour applications industrielles. Configurables et adapt\u00e9s \u00e0 divers montages et plages de pression.","og_url":"https:\/\/lda.be\/fr\/produit\/verins-pneumatiques-compacts-metriques\/","og_site_name":"LDA Belgique","article_modified_time":"2025-12-03T13:33:28+00:00","og_image":[{"width":1080,"height":1080,"url":"https:\/\/lda.be\/wp-content\/uploads\/2025\/12\/Metric-Pneumatic-Cylinders.webp","type":"image\/webp"}],"twitter_card":"summary_large_image","twitter_misc":{"Dur\u00e9e de lecture estim\u00e9e":"1 minute"},"schema":{"@context":"https:\/\/schema.org","@graph":[{"@type":"WebPage","@id":"https:\/\/lda.be\/fr\/produit\/verins-pneumatiques-compacts-metriques\/","url":"https:\/\/lda.be\/fr\/produit\/verins-pneumatiques-compacts-metriques\/","name":"V\u00e9rins pneumatiques compacts m\u00e9triques - LDA Belgique","isPartOf":{"@id":"https:\/\/lda.be\/fr\/#website"},"primaryImageOfPage":{"@id":"https:\/\/lda.be\/fr\/produit\/verins-pneumatiques-compacts-metriques\/#primaryimage"},"image":{"@id":"https:\/\/lda.be\/fr\/produit\/verins-pneumatiques-compacts-metriques\/#primaryimage"},"thumbnailUrl":"https:\/\/lda.be\/wp-content\/uploads\/2025\/12\/Metric-Pneumatic-Cylinders.webp","datePublished":"2025-12-03T13:23:49+00:00","dateModified":"2025-12-03T13:33:28+00:00","description":"V\u00e9rins pneumatiques m\u00e9triques avec tube de pr\u00e9cision et mat\u00e9riaux durables pour applications industrielles. Configurables et adapt\u00e9s \u00e0 divers montages et plages de pression.","breadcrumb":{"@id":"https:\/\/lda.be\/fr\/produit\/verins-pneumatiques-compacts-metriques\/#breadcrumb"},"inLanguage":"fr-FR","potentialAction":[{"@type":"ReadAction","target":["https:\/\/lda.be\/fr\/produit\/verins-pneumatiques-compacts-metriques\/"]}]},{"@type":"ImageObject","inLanguage":"fr-FR","@id":"https:\/\/lda.be\/fr\/produit\/verins-pneumatiques-compacts-metriques\/#primaryimage","url":"https:\/\/lda.be\/wp-content\/uploads\/2025\/12\/Metric-Pneumatic-Cylinders.webp","contentUrl":"https:\/\/lda.be\/wp-content\/uploads\/2025\/12\/Metric-Pneumatic-Cylinders.webp","width":1080,"height":1080,"caption":"Metric Pneumatic Cylinders"},{"@type":"BreadcrumbList","@id":"https:\/\/lda.be\/fr\/produit\/verins-pneumatiques-compacts-metriques\/#breadcrumb","itemListElement":[{"@type":"ListItem","position":1,"name":"Accueil","item":"https:\/\/lda.be\/fr\/"},{"@type":"ListItem","position":2,"name":"Produits","item":"https:\/\/lda.be\/fr\/produits\/"},{"@type":"ListItem","position":3,"name":"V\u00e9rins pneumatiques compacts m\u00e9triques"}]},{"@type":"WebSite","@id":"https:\/\/lda.be\/fr\/#website","url":"https:\/\/lda.be\/fr\/","name":"LDA Belgium","description":"Solutions For Life","publisher":{"@id":"https:\/\/lda.be\/fr\/#organization"},"potentialAction":[{"@type":"SearchAction","target":{"@type":"EntryPoint","urlTemplate":"https:\/\/lda.be\/fr\/?s={search_term_string}"},"query-input":{"@type":"PropertyValueSpecification","valueRequired":true,"valueName":"search_term_string"}}],"inLanguage":"fr-FR"},{"@type":"Organization","@id":"https:\/\/lda.be\/fr\/#organization","name":"LDA Belgium","url":"https:\/\/lda.be\/fr\/","logo":{"@type":"ImageObject","inLanguage":"fr-FR","@id":"https:\/\/lda.be\/fr\/#\/schema\/logo\/image\/","url":"https:\/\/lda.be\/wp-content\/uploads\/2022\/07\/Logo-LDA.webp","contentUrl":"https:\/\/lda.be\/wp-content\/uploads\/2022\/07\/Logo-LDA.webp","width":311,"height":101,"caption":"LDA Belgium"},"image":{"@id":"https:\/\/lda.be\/fr\/#\/schema\/logo\/image\/"},"sameAs":["https:\/\/www.linkedin.com\/company\/lda-belgium-nv"]}]}},"_links":{"self":[{"href":"https:\/\/lda.be\/fr\/wp-json\/wp\/v2\/product\/14059","targetHints":{"allow":["GET"]}}],"collection":[{"href":"https:\/\/lda.be\/fr\/wp-json\/wp\/v2\/product"}],"about":[{"href":"https:\/\/lda.be\/fr\/wp-json\/wp\/v2\/types\/product"}],"replies":[{"embeddable":true,"href":"https:\/\/lda.be\/fr\/wp-json\/wp\/v2\/comments?post=14059"}],"wp:featuredmedia":[{"embeddable":true,"href":"https:\/\/lda.be\/fr\/wp-json\/wp\/v2\/media\/14051"}],"wp:attachment":[{"href":"https:\/\/lda.be\/fr\/wp-json\/wp\/v2\/media?parent=14059"}],"wp:term":[{"taxonomy":"product_brand","embeddable":true,"href":"https:\/\/lda.be\/fr\/wp-json\/wp\/v2\/product_brand?post=14059"},{"taxonomy":"product_cat","embeddable":true,"href":"https:\/\/lda.be\/fr\/wp-json\/wp\/v2\/product_cat?post=14059"},{"taxonomy":"product_tag","embeddable":true,"href":"https:\/\/lda.be\/fr\/wp-json\/wp\/v2\/product_tag?post=14059"}],"curies":[{"name":"wp","href":"https:\/\/api.w.org\/{rel}","templated":true}]}}