{"id":14083,"date":"2025-12-03T16:32:12","date_gmt":"2025-12-03T15:32:12","guid":{"rendered":"https:\/\/lda.be\/?post_type=product&#038;p=14083"},"modified":"2025-12-03T16:50:05","modified_gmt":"2025-12-03T15:50:05","slug":"serie-comp-act-dactionneurs-rotatifs-a-palettes","status":"publish","type":"product","link":"https:\/\/lda.be\/fr\/produit\/serie-comp-act-dactionneurs-rotatifs-a-palettes\/","title":{"rendered":"S\u00e9rie Comp-act d&#8217;actionneurs rotatifs \u00e0 palettes"},"content":{"rendered":"<p>Les S\u00e9rie Comp-act d&#8217;actionneurs rotatifs \u00e0 palettes sont con\u00e7us pour des applications o\u00f9 pr\u00e9cision et fiabilit\u00e9 sont essentielles, comme dans les syst\u00e8mes d&#8217;automatisation et de positionnement. Ces actionneurs offrent une large gamme de couples et d&#8217;angles de rotation, avec une seule pi\u00e8ce mobile pour un mouvement fluide et pr\u00e9cis. Ils conviennent \u00e0 divers environnements industriels gr\u00e2ce \u00e0 leur construction durable et leurs options de montage flexibles.<\/p>\n","protected":false},"excerpt":{"rendered":"<p>Les S\u00e9rie Comp-act d&#8217;actionneurs rotatifs \u00e0 palettes sont con\u00e7us pour des applications o\u00f9 pr\u00e9cision et fiabilit\u00e9 sont essentielles, comme dans les syst\u00e8mes d&#8217;automatisation et de positionnement. Ces actionneurs offrent une large gamme de couples et d&#8217;angles de rotation, avec une seule pi\u00e8ce mobile pour un mouvement fluide et pr\u00e9cis. Ils conviennent \u00e0 divers environnements industriels [&hellip;]<\/p>\n","protected":false},"featured_media":14081,"comment_status":"closed","ping_status":"closed","template":"","meta":[],"product_brand":[1856],"product_cat":[1851],"product_tag":[],"class_list":{"0":"post-14083","1":"product","2":"type-product","3":"status-publish","4":"has-post-thumbnail","6":"product_brand-cap","7":"product_cat-actionneurs-rotatifs-a-palettes","9":"first","10":"instock","11":"shipping-taxable","12":"product-type-simple"},"yoast_head":"<!-- This site is optimized with the Yoast SEO plugin v27.3 - https:\/\/yoast.com\/product\/yoast-seo-wordpress\/ -->\n<title>S\u00e9rie Comp-act d&#039;actionneurs rotatifs \u00e0 palettes - LDA Belgique<\/title>\n<meta name=\"description\" content=\"Actionneurs rotatifs \u00e0 palette pour pr\u00e9cision et fiabilit\u00e9 dans l&#039;automatisation industrielle. Options de montage flexibles et diverses gammes de couple.\" \/>\n<meta name=\"robots\" content=\"index, follow, max-snippet:-1, max-image-preview:large, max-video-preview:-1\" \/>\n<link rel=\"canonical\" href=\"https:\/\/lda.be\/fr\/produit\/serie-comp-act-dactionneurs-rotatifs-a-palettes\/\" \/>\n<meta property=\"og:locale\" content=\"fr_FR\" \/>\n<meta property=\"og:type\" content=\"article\" \/>\n<meta property=\"og:title\" content=\"S\u00e9rie Comp-act d&#039;actionneurs rotatifs \u00e0 palettes - LDA Belgique\" \/>\n<meta property=\"og:description\" content=\"Actionneurs rotatifs \u00e0 palette pour pr\u00e9cision et fiabilit\u00e9 dans l&#039;automatisation industrielle. Options de montage flexibles et diverses gammes de couple.\" \/>\n<meta property=\"og:url\" content=\"https:\/\/lda.be\/fr\/produit\/serie-comp-act-dactionneurs-rotatifs-a-palettes\/\" \/>\n<meta property=\"og:site_name\" content=\"LDA Belgique\" \/>\n<meta property=\"article:modified_time\" content=\"2025-12-03T15:50:05+00:00\" \/>\n<meta property=\"og:image\" content=\"https:\/\/lda.be\/wp-content\/uploads\/2025\/12\/Comp-Act-Series.webp\" \/>\n\t<meta property=\"og:image:width\" content=\"1080\" \/>\n\t<meta property=\"og:image:height\" content=\"1080\" \/>\n\t<meta property=\"og:image:type\" content=\"image\/webp\" \/>\n<meta name=\"twitter:card\" content=\"summary_large_image\" \/>\n<meta name=\"twitter:label1\" content=\"Dur\u00e9e de lecture estim\u00e9e\" \/>\n\t<meta name=\"twitter:data1\" content=\"1 minute\" \/>\n<script type=\"application\/ld+json\" class=\"yoast-schema-graph\">{\"@context\":\"https:\\\/\\\/schema.org\",\"@graph\":[{\"@type\":\"WebPage\",\"@id\":\"https:\\\/\\\/lda.be\\\/fr\\\/produit\\\/serie-comp-act-dactionneurs-rotatifs-a-palettes\\\/\",\"url\":\"https:\\\/\\\/lda.be\\\/fr\\\/produit\\\/serie-comp-act-dactionneurs-rotatifs-a-palettes\\\/\",\"name\":\"S\u00e9rie Comp-act d'actionneurs rotatifs \u00e0 palettes - LDA Belgique\",\"isPartOf\":{\"@id\":\"https:\\\/\\\/lda.be\\\/fr\\\/#website\"},\"primaryImageOfPage\":{\"@id\":\"https:\\\/\\\/lda.be\\\/fr\\\/produit\\\/serie-comp-act-dactionneurs-rotatifs-a-palettes\\\/#primaryimage\"},\"image\":{\"@id\":\"https:\\\/\\\/lda.be\\\/fr\\\/produit\\\/serie-comp-act-dactionneurs-rotatifs-a-palettes\\\/#primaryimage\"},\"thumbnailUrl\":\"https:\\\/\\\/lda.be\\\/wp-content\\\/uploads\\\/2025\\\/12\\\/Comp-Act-Series.webp\",\"datePublished\":\"2025-12-03T15:32:12+00:00\",\"dateModified\":\"2025-12-03T15:50:05+00:00\",\"description\":\"Actionneurs rotatifs \u00e0 palette pour pr\u00e9cision et fiabilit\u00e9 dans l'automatisation industrielle. Options de montage flexibles et diverses gammes de couple.\",\"breadcrumb\":{\"@id\":\"https:\\\/\\\/lda.be\\\/fr\\\/produit\\\/serie-comp-act-dactionneurs-rotatifs-a-palettes\\\/#breadcrumb\"},\"inLanguage\":\"fr-FR\",\"potentialAction\":[{\"@type\":\"ReadAction\",\"target\":[\"https:\\\/\\\/lda.be\\\/fr\\\/produit\\\/serie-comp-act-dactionneurs-rotatifs-a-palettes\\\/\"]}]},{\"@type\":\"ImageObject\",\"inLanguage\":\"fr-FR\",\"@id\":\"https:\\\/\\\/lda.be\\\/fr\\\/produit\\\/serie-comp-act-dactionneurs-rotatifs-a-palettes\\\/#primaryimage\",\"url\":\"https:\\\/\\\/lda.be\\\/wp-content\\\/uploads\\\/2025\\\/12\\\/Comp-Act-Series.webp\",\"contentUrl\":\"https:\\\/\\\/lda.be\\\/wp-content\\\/uploads\\\/2025\\\/12\\\/Comp-Act-Series.webp\",\"width\":1080,\"height\":1080,\"caption\":\"Comp-act serie roterende vane type schuifactuatoren\"},{\"@type\":\"BreadcrumbList\",\"@id\":\"https:\\\/\\\/lda.be\\\/fr\\\/produit\\\/serie-comp-act-dactionneurs-rotatifs-a-palettes\\\/#breadcrumb\",\"itemListElement\":[{\"@type\":\"ListItem\",\"position\":1,\"name\":\"Accueil\",\"item\":\"https:\\\/\\\/lda.be\\\/fr\\\/\"},{\"@type\":\"ListItem\",\"position\":2,\"name\":\"Produits\",\"item\":\"https:\\\/\\\/lda.be\\\/fr\\\/produits\\\/\"},{\"@type\":\"ListItem\",\"position\":3,\"name\":\"S\u00e9rie Comp-act d&#8217;actionneurs rotatifs \u00e0 palettes\"}]},{\"@type\":\"WebSite\",\"@id\":\"https:\\\/\\\/lda.be\\\/fr\\\/#website\",\"url\":\"https:\\\/\\\/lda.be\\\/fr\\\/\",\"name\":\"LDA Belgium\",\"description\":\"Solutions For Life\",\"publisher\":{\"@id\":\"https:\\\/\\\/lda.be\\\/fr\\\/#organization\"},\"potentialAction\":[{\"@type\":\"SearchAction\",\"target\":{\"@type\":\"EntryPoint\",\"urlTemplate\":\"https:\\\/\\\/lda.be\\\/fr\\\/?s={search_term_string}\"},\"query-input\":{\"@type\":\"PropertyValueSpecification\",\"valueRequired\":true,\"valueName\":\"search_term_string\"}}],\"inLanguage\":\"fr-FR\"},{\"@type\":\"Organization\",\"@id\":\"https:\\\/\\\/lda.be\\\/fr\\\/#organization\",\"name\":\"LDA Belgium\",\"url\":\"https:\\\/\\\/lda.be\\\/fr\\\/\",\"logo\":{\"@type\":\"ImageObject\",\"inLanguage\":\"fr-FR\",\"@id\":\"https:\\\/\\\/lda.be\\\/fr\\\/#\\\/schema\\\/logo\\\/image\\\/\",\"url\":\"https:\\\/\\\/lda.be\\\/wp-content\\\/uploads\\\/2022\\\/07\\\/Logo-LDA.webp\",\"contentUrl\":\"https:\\\/\\\/lda.be\\\/wp-content\\\/uploads\\\/2022\\\/07\\\/Logo-LDA.webp\",\"width\":311,\"height\":101,\"caption\":\"LDA Belgium\"},\"image\":{\"@id\":\"https:\\\/\\\/lda.be\\\/fr\\\/#\\\/schema\\\/logo\\\/image\\\/\"},\"sameAs\":[\"https:\\\/\\\/www.linkedin.com\\\/company\\\/lda-belgium-nv\"]}]}<\/script>\n<!-- \/ Yoast SEO plugin. -->","yoast_head_json":{"title":"S\u00e9rie Comp-act d'actionneurs rotatifs \u00e0 palettes - LDA Belgique","description":"Actionneurs rotatifs \u00e0 palette pour pr\u00e9cision et fiabilit\u00e9 dans l'automatisation industrielle. Options de montage flexibles et diverses gammes de couple.","robots":{"index":"index","follow":"follow","max-snippet":"max-snippet:-1","max-image-preview":"max-image-preview:large","max-video-preview":"max-video-preview:-1"},"canonical":"https:\/\/lda.be\/fr\/produit\/serie-comp-act-dactionneurs-rotatifs-a-palettes\/","og_locale":"fr_FR","og_type":"article","og_title":"S\u00e9rie Comp-act d'actionneurs rotatifs \u00e0 palettes - LDA Belgique","og_description":"Actionneurs rotatifs \u00e0 palette pour pr\u00e9cision et fiabilit\u00e9 dans l'automatisation industrielle. Options de montage flexibles et diverses gammes de couple.","og_url":"https:\/\/lda.be\/fr\/produit\/serie-comp-act-dactionneurs-rotatifs-a-palettes\/","og_site_name":"LDA Belgique","article_modified_time":"2025-12-03T15:50:05+00:00","og_image":[{"width":1080,"height":1080,"url":"https:\/\/lda.be\/wp-content\/uploads\/2025\/12\/Comp-Act-Series.webp","type":"image\/webp"}],"twitter_card":"summary_large_image","twitter_misc":{"Dur\u00e9e de lecture estim\u00e9e":"1 minute"},"schema":{"@context":"https:\/\/schema.org","@graph":[{"@type":"WebPage","@id":"https:\/\/lda.be\/fr\/produit\/serie-comp-act-dactionneurs-rotatifs-a-palettes\/","url":"https:\/\/lda.be\/fr\/produit\/serie-comp-act-dactionneurs-rotatifs-a-palettes\/","name":"S\u00e9rie Comp-act d'actionneurs rotatifs \u00e0 palettes - LDA Belgique","isPartOf":{"@id":"https:\/\/lda.be\/fr\/#website"},"primaryImageOfPage":{"@id":"https:\/\/lda.be\/fr\/produit\/serie-comp-act-dactionneurs-rotatifs-a-palettes\/#primaryimage"},"image":{"@id":"https:\/\/lda.be\/fr\/produit\/serie-comp-act-dactionneurs-rotatifs-a-palettes\/#primaryimage"},"thumbnailUrl":"https:\/\/lda.be\/wp-content\/uploads\/2025\/12\/Comp-Act-Series.webp","datePublished":"2025-12-03T15:32:12+00:00","dateModified":"2025-12-03T15:50:05+00:00","description":"Actionneurs rotatifs \u00e0 palette pour pr\u00e9cision et fiabilit\u00e9 dans l'automatisation industrielle. Options de montage flexibles et diverses gammes de couple.","breadcrumb":{"@id":"https:\/\/lda.be\/fr\/produit\/serie-comp-act-dactionneurs-rotatifs-a-palettes\/#breadcrumb"},"inLanguage":"fr-FR","potentialAction":[{"@type":"ReadAction","target":["https:\/\/lda.be\/fr\/produit\/serie-comp-act-dactionneurs-rotatifs-a-palettes\/"]}]},{"@type":"ImageObject","inLanguage":"fr-FR","@id":"https:\/\/lda.be\/fr\/produit\/serie-comp-act-dactionneurs-rotatifs-a-palettes\/#primaryimage","url":"https:\/\/lda.be\/wp-content\/uploads\/2025\/12\/Comp-Act-Series.webp","contentUrl":"https:\/\/lda.be\/wp-content\/uploads\/2025\/12\/Comp-Act-Series.webp","width":1080,"height":1080,"caption":"Comp-act serie roterende vane type schuifactuatoren"},{"@type":"BreadcrumbList","@id":"https:\/\/lda.be\/fr\/produit\/serie-comp-act-dactionneurs-rotatifs-a-palettes\/#breadcrumb","itemListElement":[{"@type":"ListItem","position":1,"name":"Accueil","item":"https:\/\/lda.be\/fr\/"},{"@type":"ListItem","position":2,"name":"Produits","item":"https:\/\/lda.be\/fr\/produits\/"},{"@type":"ListItem","position":3,"name":"S\u00e9rie Comp-act d&#8217;actionneurs rotatifs \u00e0 palettes"}]},{"@type":"WebSite","@id":"https:\/\/lda.be\/fr\/#website","url":"https:\/\/lda.be\/fr\/","name":"LDA Belgium","description":"Solutions For Life","publisher":{"@id":"https:\/\/lda.be\/fr\/#organization"},"potentialAction":[{"@type":"SearchAction","target":{"@type":"EntryPoint","urlTemplate":"https:\/\/lda.be\/fr\/?s={search_term_string}"},"query-input":{"@type":"PropertyValueSpecification","valueRequired":true,"valueName":"search_term_string"}}],"inLanguage":"fr-FR"},{"@type":"Organization","@id":"https:\/\/lda.be\/fr\/#organization","name":"LDA Belgium","url":"https:\/\/lda.be\/fr\/","logo":{"@type":"ImageObject","inLanguage":"fr-FR","@id":"https:\/\/lda.be\/fr\/#\/schema\/logo\/image\/","url":"https:\/\/lda.be\/wp-content\/uploads\/2022\/07\/Logo-LDA.webp","contentUrl":"https:\/\/lda.be\/wp-content\/uploads\/2022\/07\/Logo-LDA.webp","width":311,"height":101,"caption":"LDA Belgium"},"image":{"@id":"https:\/\/lda.be\/fr\/#\/schema\/logo\/image\/"},"sameAs":["https:\/\/www.linkedin.com\/company\/lda-belgium-nv"]}]}},"_links":{"self":[{"href":"https:\/\/lda.be\/fr\/wp-json\/wp\/v2\/product\/14083","targetHints":{"allow":["GET"]}}],"collection":[{"href":"https:\/\/lda.be\/fr\/wp-json\/wp\/v2\/product"}],"about":[{"href":"https:\/\/lda.be\/fr\/wp-json\/wp\/v2\/types\/product"}],"replies":[{"embeddable":true,"href":"https:\/\/lda.be\/fr\/wp-json\/wp\/v2\/comments?post=14083"}],"wp:featuredmedia":[{"embeddable":true,"href":"https:\/\/lda.be\/fr\/wp-json\/wp\/v2\/media\/14081"}],"wp:attachment":[{"href":"https:\/\/lda.be\/fr\/wp-json\/wp\/v2\/media?parent=14083"}],"wp:term":[{"taxonomy":"product_brand","embeddable":true,"href":"https:\/\/lda.be\/fr\/wp-json\/wp\/v2\/product_brand?post=14083"},{"taxonomy":"product_cat","embeddable":true,"href":"https:\/\/lda.be\/fr\/wp-json\/wp\/v2\/product_cat?post=14083"},{"taxonomy":"product_tag","embeddable":true,"href":"https:\/\/lda.be\/fr\/wp-json\/wp\/v2\/product_tag?post=14083"}],"curies":[{"name":"wp","href":"https:\/\/api.w.org\/{rel}","templated":true}]}}