{"id":14118,"date":"2025-12-08T14:10:04","date_gmt":"2025-12-08T13:10:04","guid":{"rendered":"https:\/\/lda.be\/?post_type=product&#038;p=14118"},"modified":"2025-12-08T14:23:58","modified_gmt":"2025-12-08T13:23:58","slug":"actionneurs-a-ailettes-rotatives-de-la-serie-turn-act","status":"publish","type":"product","link":"https:\/\/lda.be\/fr\/produit\/actionneurs-a-ailettes-rotatives-de-la-serie-turn-act\/","title":{"rendered":"actionneurs \u00e0 ailettes rotatives de la s\u00e9rie Turn Act"},"content":{"rendered":"<p>Les actionneurs rotatifs \u00e0 palette de la s\u00e9rie Turn Act de la marque Compact ne comportent qu&#8217;une seule pi\u00e8ce mobile qui produit un mouvement rotatif sans jeu, avec une r\u00e9p\u00e9tabilit\u00e9 de 100 % et un couple continu complet. L&#8217;entra\u00eenement utilise des joints en ur\u00e9thane brevet\u00e9s qui garantissent une longue dur\u00e9e de vie et un entretien sans lubrification. De nombreux commutateurs et capteurs de course, un contr\u00f4le de course r\u00e9glable, des rotations fixes sp\u00e9ciales, diff\u00e9rentes versions d&#8217;arbres et de mat\u00e9riaux et de nombreuses autres options sont disponibles pour r\u00e9pondre \u00e0 vos exigences sp\u00e9cifiques en mati\u00e8re d&#8217;actionneurs pneumatiques.<\/p>\n","protected":false},"excerpt":{"rendered":"<p>Les actionneurs rotatifs \u00e0 palette de la s\u00e9rie Turn Act de la marque Compact ne comportent qu&#8217;une seule pi\u00e8ce mobile qui produit un mouvement rotatif sans jeu, avec une r\u00e9p\u00e9tabilit\u00e9 de 100 % et un couple continu complet. L&#8217;entra\u00eenement utilise des joints en ur\u00e9thane brevet\u00e9s qui garantissent une longue dur\u00e9e de vie et un entretien [&hellip;]<\/p>\n","protected":false},"featured_media":14112,"comment_status":"closed","ping_status":"closed","template":"","meta":[],"product_brand":[1856],"product_cat":[1851],"product_tag":[],"class_list":{"0":"post-14118","1":"product","2":"type-product","3":"status-publish","4":"has-post-thumbnail","6":"product_brand-cap","7":"product_cat-actionneurs-rotatifs-a-palettes","9":"first","10":"instock","11":"shipping-taxable","12":"product-type-simple"},"yoast_head":"<!-- This site is optimized with the Yoast SEO plugin v27.3 - https:\/\/yoast.com\/product\/yoast-seo-wordpress\/ -->\n<title>actionneurs \u00e0 ailettes rotatives de la s\u00e9rie Turn Act - LDA Belgique<\/title>\n<meta name=\"description\" content=\"Actionneurs rotatifs \u00e0 palette pour pr\u00e9cision et durabilit\u00e9 dans l&#039;automatisation industrielle. Options de montage flexibles et diverses gammes de couple.\" \/>\n<meta name=\"robots\" content=\"index, follow, max-snippet:-1, max-image-preview:large, max-video-preview:-1\" \/>\n<link rel=\"canonical\" href=\"https:\/\/lda.be\/fr\/produit\/actionneurs-a-ailettes-rotatives-de-la-serie-turn-act\/\" \/>\n<meta property=\"og:locale\" content=\"fr_FR\" \/>\n<meta property=\"og:type\" content=\"article\" \/>\n<meta property=\"og:title\" content=\"actionneurs \u00e0 ailettes rotatives de la s\u00e9rie Turn Act - LDA Belgique\" \/>\n<meta property=\"og:description\" content=\"Actionneurs rotatifs \u00e0 palette pour pr\u00e9cision et durabilit\u00e9 dans l&#039;automatisation industrielle. Options de montage flexibles et diverses gammes de couple.\" \/>\n<meta property=\"og:url\" content=\"https:\/\/lda.be\/fr\/produit\/actionneurs-a-ailettes-rotatives-de-la-serie-turn-act\/\" \/>\n<meta property=\"og:site_name\" content=\"LDA Belgique\" \/>\n<meta property=\"article:modified_time\" content=\"2025-12-08T13:23:58+00:00\" \/>\n<meta property=\"og:image\" content=\"https:\/\/lda.be\/wp-content\/uploads\/2025\/12\/Turn-act-vane-type-rotary-actuator.webp\" \/>\n\t<meta property=\"og:image:width\" content=\"1080\" \/>\n\t<meta property=\"og:image:height\" content=\"1080\" \/>\n\t<meta property=\"og:image:type\" content=\"image\/webp\" \/>\n<meta name=\"twitter:card\" content=\"summary_large_image\" \/>\n<meta name=\"twitter:label1\" content=\"Dur\u00e9e de lecture estim\u00e9e\" \/>\n\t<meta name=\"twitter:data1\" content=\"1 minute\" \/>\n<script type=\"application\/ld+json\" class=\"yoast-schema-graph\">{\"@context\":\"https:\\\/\\\/schema.org\",\"@graph\":[{\"@type\":\"WebPage\",\"@id\":\"https:\\\/\\\/lda.be\\\/fr\\\/produit\\\/actionneurs-a-ailettes-rotatives-de-la-serie-turn-act\\\/\",\"url\":\"https:\\\/\\\/lda.be\\\/fr\\\/produit\\\/actionneurs-a-ailettes-rotatives-de-la-serie-turn-act\\\/\",\"name\":\"actionneurs \u00e0 ailettes rotatives de la s\u00e9rie Turn Act - LDA Belgique\",\"isPartOf\":{\"@id\":\"https:\\\/\\\/lda.be\\\/fr\\\/#website\"},\"primaryImageOfPage\":{\"@id\":\"https:\\\/\\\/lda.be\\\/fr\\\/produit\\\/actionneurs-a-ailettes-rotatives-de-la-serie-turn-act\\\/#primaryimage\"},\"image\":{\"@id\":\"https:\\\/\\\/lda.be\\\/fr\\\/produit\\\/actionneurs-a-ailettes-rotatives-de-la-serie-turn-act\\\/#primaryimage\"},\"thumbnailUrl\":\"https:\\\/\\\/lda.be\\\/wp-content\\\/uploads\\\/2025\\\/12\\\/Turn-act-vane-type-rotary-actuator.webp\",\"datePublished\":\"2025-12-08T13:10:04+00:00\",\"dateModified\":\"2025-12-08T13:23:58+00:00\",\"description\":\"Actionneurs rotatifs \u00e0 palette pour pr\u00e9cision et durabilit\u00e9 dans l'automatisation industrielle. Options de montage flexibles et diverses gammes de couple.\",\"breadcrumb\":{\"@id\":\"https:\\\/\\\/lda.be\\\/fr\\\/produit\\\/actionneurs-a-ailettes-rotatives-de-la-serie-turn-act\\\/#breadcrumb\"},\"inLanguage\":\"fr-FR\",\"potentialAction\":[{\"@type\":\"ReadAction\",\"target\":[\"https:\\\/\\\/lda.be\\\/fr\\\/produit\\\/actionneurs-a-ailettes-rotatives-de-la-serie-turn-act\\\/\"]}]},{\"@type\":\"ImageObject\",\"inLanguage\":\"fr-FR\",\"@id\":\"https:\\\/\\\/lda.be\\\/fr\\\/produit\\\/actionneurs-a-ailettes-rotatives-de-la-serie-turn-act\\\/#primaryimage\",\"url\":\"https:\\\/\\\/lda.be\\\/wp-content\\\/uploads\\\/2025\\\/12\\\/Turn-act-vane-type-rotary-actuator.webp\",\"contentUrl\":\"https:\\\/\\\/lda.be\\\/wp-content\\\/uploads\\\/2025\\\/12\\\/Turn-act-vane-type-rotary-actuator.webp\",\"width\":1080,\"height\":1080,\"caption\":\"Turn act vane type rotary actuator\"},{\"@type\":\"BreadcrumbList\",\"@id\":\"https:\\\/\\\/lda.be\\\/fr\\\/produit\\\/actionneurs-a-ailettes-rotatives-de-la-serie-turn-act\\\/#breadcrumb\",\"itemListElement\":[{\"@type\":\"ListItem\",\"position\":1,\"name\":\"Accueil\",\"item\":\"https:\\\/\\\/lda.be\\\/fr\\\/\"},{\"@type\":\"ListItem\",\"position\":2,\"name\":\"Produits\",\"item\":\"https:\\\/\\\/lda.be\\\/fr\\\/produits\\\/\"},{\"@type\":\"ListItem\",\"position\":3,\"name\":\"actionneurs \u00e0 ailettes rotatives de la s\u00e9rie Turn Act\"}]},{\"@type\":\"WebSite\",\"@id\":\"https:\\\/\\\/lda.be\\\/fr\\\/#website\",\"url\":\"https:\\\/\\\/lda.be\\\/fr\\\/\",\"name\":\"LDA Belgium\",\"description\":\"Solutions For Life\",\"publisher\":{\"@id\":\"https:\\\/\\\/lda.be\\\/fr\\\/#organization\"},\"potentialAction\":[{\"@type\":\"SearchAction\",\"target\":{\"@type\":\"EntryPoint\",\"urlTemplate\":\"https:\\\/\\\/lda.be\\\/fr\\\/?s={search_term_string}\"},\"query-input\":{\"@type\":\"PropertyValueSpecification\",\"valueRequired\":true,\"valueName\":\"search_term_string\"}}],\"inLanguage\":\"fr-FR\"},{\"@type\":\"Organization\",\"@id\":\"https:\\\/\\\/lda.be\\\/fr\\\/#organization\",\"name\":\"LDA Belgium\",\"url\":\"https:\\\/\\\/lda.be\\\/fr\\\/\",\"logo\":{\"@type\":\"ImageObject\",\"inLanguage\":\"fr-FR\",\"@id\":\"https:\\\/\\\/lda.be\\\/fr\\\/#\\\/schema\\\/logo\\\/image\\\/\",\"url\":\"https:\\\/\\\/lda.be\\\/wp-content\\\/uploads\\\/2022\\\/07\\\/Logo-LDA.webp\",\"contentUrl\":\"https:\\\/\\\/lda.be\\\/wp-content\\\/uploads\\\/2022\\\/07\\\/Logo-LDA.webp\",\"width\":311,\"height\":101,\"caption\":\"LDA Belgium\"},\"image\":{\"@id\":\"https:\\\/\\\/lda.be\\\/fr\\\/#\\\/schema\\\/logo\\\/image\\\/\"},\"sameAs\":[\"https:\\\/\\\/www.linkedin.com\\\/company\\\/lda-belgium-nv\"]}]}<\/script>\n<!-- \/ Yoast SEO plugin. -->","yoast_head_json":{"title":"actionneurs \u00e0 ailettes rotatives de la s\u00e9rie Turn Act - LDA Belgique","description":"Actionneurs rotatifs \u00e0 palette pour pr\u00e9cision et durabilit\u00e9 dans l'automatisation industrielle. Options de montage flexibles et diverses gammes de couple.","robots":{"index":"index","follow":"follow","max-snippet":"max-snippet:-1","max-image-preview":"max-image-preview:large","max-video-preview":"max-video-preview:-1"},"canonical":"https:\/\/lda.be\/fr\/produit\/actionneurs-a-ailettes-rotatives-de-la-serie-turn-act\/","og_locale":"fr_FR","og_type":"article","og_title":"actionneurs \u00e0 ailettes rotatives de la s\u00e9rie Turn Act - LDA Belgique","og_description":"Actionneurs rotatifs \u00e0 palette pour pr\u00e9cision et durabilit\u00e9 dans l'automatisation industrielle. Options de montage flexibles et diverses gammes de couple.","og_url":"https:\/\/lda.be\/fr\/produit\/actionneurs-a-ailettes-rotatives-de-la-serie-turn-act\/","og_site_name":"LDA Belgique","article_modified_time":"2025-12-08T13:23:58+00:00","og_image":[{"width":1080,"height":1080,"url":"https:\/\/lda.be\/wp-content\/uploads\/2025\/12\/Turn-act-vane-type-rotary-actuator.webp","type":"image\/webp"}],"twitter_card":"summary_large_image","twitter_misc":{"Dur\u00e9e de lecture estim\u00e9e":"1 minute"},"schema":{"@context":"https:\/\/schema.org","@graph":[{"@type":"WebPage","@id":"https:\/\/lda.be\/fr\/produit\/actionneurs-a-ailettes-rotatives-de-la-serie-turn-act\/","url":"https:\/\/lda.be\/fr\/produit\/actionneurs-a-ailettes-rotatives-de-la-serie-turn-act\/","name":"actionneurs \u00e0 ailettes rotatives de la s\u00e9rie Turn Act - LDA Belgique","isPartOf":{"@id":"https:\/\/lda.be\/fr\/#website"},"primaryImageOfPage":{"@id":"https:\/\/lda.be\/fr\/produit\/actionneurs-a-ailettes-rotatives-de-la-serie-turn-act\/#primaryimage"},"image":{"@id":"https:\/\/lda.be\/fr\/produit\/actionneurs-a-ailettes-rotatives-de-la-serie-turn-act\/#primaryimage"},"thumbnailUrl":"https:\/\/lda.be\/wp-content\/uploads\/2025\/12\/Turn-act-vane-type-rotary-actuator.webp","datePublished":"2025-12-08T13:10:04+00:00","dateModified":"2025-12-08T13:23:58+00:00","description":"Actionneurs rotatifs \u00e0 palette pour pr\u00e9cision et durabilit\u00e9 dans l'automatisation industrielle. Options de montage flexibles et diverses gammes de couple.","breadcrumb":{"@id":"https:\/\/lda.be\/fr\/produit\/actionneurs-a-ailettes-rotatives-de-la-serie-turn-act\/#breadcrumb"},"inLanguage":"fr-FR","potentialAction":[{"@type":"ReadAction","target":["https:\/\/lda.be\/fr\/produit\/actionneurs-a-ailettes-rotatives-de-la-serie-turn-act\/"]}]},{"@type":"ImageObject","inLanguage":"fr-FR","@id":"https:\/\/lda.be\/fr\/produit\/actionneurs-a-ailettes-rotatives-de-la-serie-turn-act\/#primaryimage","url":"https:\/\/lda.be\/wp-content\/uploads\/2025\/12\/Turn-act-vane-type-rotary-actuator.webp","contentUrl":"https:\/\/lda.be\/wp-content\/uploads\/2025\/12\/Turn-act-vane-type-rotary-actuator.webp","width":1080,"height":1080,"caption":"Turn act vane type rotary actuator"},{"@type":"BreadcrumbList","@id":"https:\/\/lda.be\/fr\/produit\/actionneurs-a-ailettes-rotatives-de-la-serie-turn-act\/#breadcrumb","itemListElement":[{"@type":"ListItem","position":1,"name":"Accueil","item":"https:\/\/lda.be\/fr\/"},{"@type":"ListItem","position":2,"name":"Produits","item":"https:\/\/lda.be\/fr\/produits\/"},{"@type":"ListItem","position":3,"name":"actionneurs \u00e0 ailettes rotatives de la s\u00e9rie Turn Act"}]},{"@type":"WebSite","@id":"https:\/\/lda.be\/fr\/#website","url":"https:\/\/lda.be\/fr\/","name":"LDA Belgium","description":"Solutions For Life","publisher":{"@id":"https:\/\/lda.be\/fr\/#organization"},"potentialAction":[{"@type":"SearchAction","target":{"@type":"EntryPoint","urlTemplate":"https:\/\/lda.be\/fr\/?s={search_term_string}"},"query-input":{"@type":"PropertyValueSpecification","valueRequired":true,"valueName":"search_term_string"}}],"inLanguage":"fr-FR"},{"@type":"Organization","@id":"https:\/\/lda.be\/fr\/#organization","name":"LDA Belgium","url":"https:\/\/lda.be\/fr\/","logo":{"@type":"ImageObject","inLanguage":"fr-FR","@id":"https:\/\/lda.be\/fr\/#\/schema\/logo\/image\/","url":"https:\/\/lda.be\/wp-content\/uploads\/2022\/07\/Logo-LDA.webp","contentUrl":"https:\/\/lda.be\/wp-content\/uploads\/2022\/07\/Logo-LDA.webp","width":311,"height":101,"caption":"LDA Belgium"},"image":{"@id":"https:\/\/lda.be\/fr\/#\/schema\/logo\/image\/"},"sameAs":["https:\/\/www.linkedin.com\/company\/lda-belgium-nv"]}]}},"_links":{"self":[{"href":"https:\/\/lda.be\/fr\/wp-json\/wp\/v2\/product\/14118","targetHints":{"allow":["GET"]}}],"collection":[{"href":"https:\/\/lda.be\/fr\/wp-json\/wp\/v2\/product"}],"about":[{"href":"https:\/\/lda.be\/fr\/wp-json\/wp\/v2\/types\/product"}],"replies":[{"embeddable":true,"href":"https:\/\/lda.be\/fr\/wp-json\/wp\/v2\/comments?post=14118"}],"wp:featuredmedia":[{"embeddable":true,"href":"https:\/\/lda.be\/fr\/wp-json\/wp\/v2\/media\/14112"}],"wp:attachment":[{"href":"https:\/\/lda.be\/fr\/wp-json\/wp\/v2\/media?parent=14118"}],"wp:term":[{"taxonomy":"product_brand","embeddable":true,"href":"https:\/\/lda.be\/fr\/wp-json\/wp\/v2\/product_brand?post=14118"},{"taxonomy":"product_cat","embeddable":true,"href":"https:\/\/lda.be\/fr\/wp-json\/wp\/v2\/product_cat?post=14118"},{"taxonomy":"product_tag","embeddable":true,"href":"https:\/\/lda.be\/fr\/wp-json\/wp\/v2\/product_tag?post=14118"}],"curies":[{"name":"wp","href":"https:\/\/api.w.org\/{rel}","templated":true}]}}