{"id":14129,"date":"2025-12-08T14:52:31","date_gmt":"2025-12-08T13:52:31","guid":{"rendered":"https:\/\/lda.be\/?post_type=product&#038;p=14129"},"modified":"2025-12-08T15:20:29","modified_gmt":"2025-12-08T14:20:29","slug":"14129","status":"publish","type":"product","link":"https:\/\/lda.be\/fr\/produit\/14129\/","title":{"rendered":"s\u00e9rie Brute (BR) d&#8217;actionneurs rotatifs \u00e0 palette"},"content":{"rendered":"<p>La s\u00e9rie Brute (BR) d&#8217;actionneurs rotatifs \u00e0 palette est con\u00e7ue pour des applications industrielles o\u00f9 puissance, pr\u00e9cision et durabilit\u00e9 sont n\u00e9cessaires. Ces actionneurs offrent un couple \u00e9lev\u00e9 et conviennent \u00e0 divers angles de rotation. Leur conception avec des joints en ur\u00e9thane et un corps extrud\u00e9 assure des performances fiables, m\u00eame sous charge lourde.<\/p>\n","protected":false},"excerpt":{"rendered":"<p>La s\u00e9rie Brute (BR) d&#8217;actionneurs rotatifs \u00e0 palette est con\u00e7ue pour des applications industrielles o\u00f9 puissance, pr\u00e9cision et durabilit\u00e9 sont n\u00e9cessaires. Ces actionneurs offrent un couple \u00e9lev\u00e9 et conviennent \u00e0 divers angles de rotation. Leur conception avec des joints en ur\u00e9thane et un corps extrud\u00e9 assure des performances fiables, m\u00eame sous charge lourde.<\/p>\n","protected":false},"featured_media":14119,"comment_status":"closed","ping_status":"closed","template":"","meta":[],"product_brand":[1856],"product_cat":[1851],"product_tag":[],"class_list":{"0":"post-14129","1":"product","2":"type-product","3":"status-publish","4":"has-post-thumbnail","6":"product_brand-cap","7":"product_cat-actionneurs-rotatifs-a-palettes","9":"first","10":"instock","11":"shipping-taxable","12":"product-type-simple"},"yoast_head":"<!-- This site is optimized with the Yoast SEO plugin v27.3 - https:\/\/yoast.com\/product\/yoast-seo-wordpress\/ -->\n<title>s\u00e9rie Brute (BR) d&#039;actionneurs rotatifs \u00e0 palette - LDA Belgique<\/title>\n<meta name=\"description\" content=\"Actionneurs rotatifs \u00e0 palette \u00e0 haut couple pour applications industrielles. Options de montage flexibles et diverses gammes de couple.\" \/>\n<meta name=\"robots\" content=\"index, follow, max-snippet:-1, max-image-preview:large, max-video-preview:-1\" \/>\n<link rel=\"canonical\" href=\"https:\/\/lda.be\/fr\/produit\/14129\/\" \/>\n<meta property=\"og:locale\" content=\"fr_FR\" \/>\n<meta property=\"og:type\" content=\"article\" \/>\n<meta property=\"og:title\" content=\"s\u00e9rie Brute (BR) d&#039;actionneurs rotatifs \u00e0 palette - LDA Belgique\" \/>\n<meta property=\"og:description\" content=\"Actionneurs rotatifs \u00e0 palette \u00e0 haut couple pour applications industrielles. Options de montage flexibles et diverses gammes de couple.\" \/>\n<meta property=\"og:url\" content=\"https:\/\/lda.be\/fr\/produit\/14129\/\" \/>\n<meta property=\"og:site_name\" content=\"LDA Belgique\" \/>\n<meta property=\"article:modified_time\" content=\"2025-12-08T14:20:29+00:00\" \/>\n<meta property=\"og:image\" content=\"https:\/\/lda.be\/wp-content\/uploads\/2025\/12\/Brute-rotary-vane-actuator.webp\" \/>\n\t<meta property=\"og:image:width\" content=\"1080\" \/>\n\t<meta property=\"og:image:height\" content=\"1080\" \/>\n\t<meta property=\"og:image:type\" content=\"image\/webp\" \/>\n<meta name=\"twitter:card\" content=\"summary_large_image\" \/>\n<meta name=\"twitter:label1\" content=\"Dur\u00e9e de lecture estim\u00e9e\" \/>\n\t<meta name=\"twitter:data1\" content=\"1 minute\" \/>\n<script type=\"application\/ld+json\" class=\"yoast-schema-graph\">{\"@context\":\"https:\\\/\\\/schema.org\",\"@graph\":[{\"@type\":\"WebPage\",\"@id\":\"https:\\\/\\\/lda.be\\\/fr\\\/produit\\\/14129\\\/\",\"url\":\"https:\\\/\\\/lda.be\\\/fr\\\/produit\\\/14129\\\/\",\"name\":\"s\u00e9rie Brute (BR) d'actionneurs rotatifs \u00e0 palette - LDA Belgique\",\"isPartOf\":{\"@id\":\"https:\\\/\\\/lda.be\\\/fr\\\/#website\"},\"primaryImageOfPage\":{\"@id\":\"https:\\\/\\\/lda.be\\\/fr\\\/produit\\\/14129\\\/#primaryimage\"},\"image\":{\"@id\":\"https:\\\/\\\/lda.be\\\/fr\\\/produit\\\/14129\\\/#primaryimage\"},\"thumbnailUrl\":\"https:\\\/\\\/lda.be\\\/wp-content\\\/uploads\\\/2025\\\/12\\\/Brute-rotary-vane-actuator.webp\",\"datePublished\":\"2025-12-08T13:52:31+00:00\",\"dateModified\":\"2025-12-08T14:20:29+00:00\",\"description\":\"Actionneurs rotatifs \u00e0 palette \u00e0 haut couple pour applications industrielles. Options de montage flexibles et diverses gammes de couple.\",\"breadcrumb\":{\"@id\":\"https:\\\/\\\/lda.be\\\/fr\\\/produit\\\/14129\\\/#breadcrumb\"},\"inLanguage\":\"fr-FR\",\"potentialAction\":[{\"@type\":\"ReadAction\",\"target\":[\"https:\\\/\\\/lda.be\\\/fr\\\/produit\\\/14129\\\/\"]}]},{\"@type\":\"ImageObject\",\"inLanguage\":\"fr-FR\",\"@id\":\"https:\\\/\\\/lda.be\\\/fr\\\/produit\\\/14129\\\/#primaryimage\",\"url\":\"https:\\\/\\\/lda.be\\\/wp-content\\\/uploads\\\/2025\\\/12\\\/Brute-rotary-vane-actuator.webp\",\"contentUrl\":\"https:\\\/\\\/lda.be\\\/wp-content\\\/uploads\\\/2025\\\/12\\\/Brute-rotary-vane-actuator.webp\",\"width\":1080,\"height\":1080,\"caption\":\"Brute rotary vane actuator\"},{\"@type\":\"BreadcrumbList\",\"@id\":\"https:\\\/\\\/lda.be\\\/fr\\\/produit\\\/14129\\\/#breadcrumb\",\"itemListElement\":[{\"@type\":\"ListItem\",\"position\":1,\"name\":\"Accueil\",\"item\":\"https:\\\/\\\/lda.be\\\/fr\\\/\"},{\"@type\":\"ListItem\",\"position\":2,\"name\":\"Produits\",\"item\":\"https:\\\/\\\/lda.be\\\/fr\\\/produits\\\/\"},{\"@type\":\"ListItem\",\"position\":3,\"name\":\"s\u00e9rie Brute (BR) d&#8217;actionneurs rotatifs \u00e0 palette\"}]},{\"@type\":\"WebSite\",\"@id\":\"https:\\\/\\\/lda.be\\\/fr\\\/#website\",\"url\":\"https:\\\/\\\/lda.be\\\/fr\\\/\",\"name\":\"LDA Belgium\",\"description\":\"Solutions For Life\",\"publisher\":{\"@id\":\"https:\\\/\\\/lda.be\\\/fr\\\/#organization\"},\"potentialAction\":[{\"@type\":\"SearchAction\",\"target\":{\"@type\":\"EntryPoint\",\"urlTemplate\":\"https:\\\/\\\/lda.be\\\/fr\\\/?s={search_term_string}\"},\"query-input\":{\"@type\":\"PropertyValueSpecification\",\"valueRequired\":true,\"valueName\":\"search_term_string\"}}],\"inLanguage\":\"fr-FR\"},{\"@type\":\"Organization\",\"@id\":\"https:\\\/\\\/lda.be\\\/fr\\\/#organization\",\"name\":\"LDA Belgium\",\"url\":\"https:\\\/\\\/lda.be\\\/fr\\\/\",\"logo\":{\"@type\":\"ImageObject\",\"inLanguage\":\"fr-FR\",\"@id\":\"https:\\\/\\\/lda.be\\\/fr\\\/#\\\/schema\\\/logo\\\/image\\\/\",\"url\":\"https:\\\/\\\/lda.be\\\/wp-content\\\/uploads\\\/2022\\\/07\\\/Logo-LDA.webp\",\"contentUrl\":\"https:\\\/\\\/lda.be\\\/wp-content\\\/uploads\\\/2022\\\/07\\\/Logo-LDA.webp\",\"width\":311,\"height\":101,\"caption\":\"LDA Belgium\"},\"image\":{\"@id\":\"https:\\\/\\\/lda.be\\\/fr\\\/#\\\/schema\\\/logo\\\/image\\\/\"},\"sameAs\":[\"https:\\\/\\\/www.linkedin.com\\\/company\\\/lda-belgium-nv\"]}]}<\/script>\n<!-- \/ Yoast SEO plugin. -->","yoast_head_json":{"title":"s\u00e9rie Brute (BR) d'actionneurs rotatifs \u00e0 palette - LDA Belgique","description":"Actionneurs rotatifs \u00e0 palette \u00e0 haut couple pour applications industrielles. Options de montage flexibles et diverses gammes de couple.","robots":{"index":"index","follow":"follow","max-snippet":"max-snippet:-1","max-image-preview":"max-image-preview:large","max-video-preview":"max-video-preview:-1"},"canonical":"https:\/\/lda.be\/fr\/produit\/14129\/","og_locale":"fr_FR","og_type":"article","og_title":"s\u00e9rie Brute (BR) d'actionneurs rotatifs \u00e0 palette - LDA Belgique","og_description":"Actionneurs rotatifs \u00e0 palette \u00e0 haut couple pour applications industrielles. Options de montage flexibles et diverses gammes de couple.","og_url":"https:\/\/lda.be\/fr\/produit\/14129\/","og_site_name":"LDA Belgique","article_modified_time":"2025-12-08T14:20:29+00:00","og_image":[{"width":1080,"height":1080,"url":"https:\/\/lda.be\/wp-content\/uploads\/2025\/12\/Brute-rotary-vane-actuator.webp","type":"image\/webp"}],"twitter_card":"summary_large_image","twitter_misc":{"Dur\u00e9e de lecture estim\u00e9e":"1 minute"},"schema":{"@context":"https:\/\/schema.org","@graph":[{"@type":"WebPage","@id":"https:\/\/lda.be\/fr\/produit\/14129\/","url":"https:\/\/lda.be\/fr\/produit\/14129\/","name":"s\u00e9rie Brute (BR) d'actionneurs rotatifs \u00e0 palette - LDA Belgique","isPartOf":{"@id":"https:\/\/lda.be\/fr\/#website"},"primaryImageOfPage":{"@id":"https:\/\/lda.be\/fr\/produit\/14129\/#primaryimage"},"image":{"@id":"https:\/\/lda.be\/fr\/produit\/14129\/#primaryimage"},"thumbnailUrl":"https:\/\/lda.be\/wp-content\/uploads\/2025\/12\/Brute-rotary-vane-actuator.webp","datePublished":"2025-12-08T13:52:31+00:00","dateModified":"2025-12-08T14:20:29+00:00","description":"Actionneurs rotatifs \u00e0 palette \u00e0 haut couple pour applications industrielles. Options de montage flexibles et diverses gammes de couple.","breadcrumb":{"@id":"https:\/\/lda.be\/fr\/produit\/14129\/#breadcrumb"},"inLanguage":"fr-FR","potentialAction":[{"@type":"ReadAction","target":["https:\/\/lda.be\/fr\/produit\/14129\/"]}]},{"@type":"ImageObject","inLanguage":"fr-FR","@id":"https:\/\/lda.be\/fr\/produit\/14129\/#primaryimage","url":"https:\/\/lda.be\/wp-content\/uploads\/2025\/12\/Brute-rotary-vane-actuator.webp","contentUrl":"https:\/\/lda.be\/wp-content\/uploads\/2025\/12\/Brute-rotary-vane-actuator.webp","width":1080,"height":1080,"caption":"Brute rotary vane actuator"},{"@type":"BreadcrumbList","@id":"https:\/\/lda.be\/fr\/produit\/14129\/#breadcrumb","itemListElement":[{"@type":"ListItem","position":1,"name":"Accueil","item":"https:\/\/lda.be\/fr\/"},{"@type":"ListItem","position":2,"name":"Produits","item":"https:\/\/lda.be\/fr\/produits\/"},{"@type":"ListItem","position":3,"name":"s\u00e9rie Brute (BR) d&#8217;actionneurs rotatifs \u00e0 palette"}]},{"@type":"WebSite","@id":"https:\/\/lda.be\/fr\/#website","url":"https:\/\/lda.be\/fr\/","name":"LDA Belgium","description":"Solutions For Life","publisher":{"@id":"https:\/\/lda.be\/fr\/#organization"},"potentialAction":[{"@type":"SearchAction","target":{"@type":"EntryPoint","urlTemplate":"https:\/\/lda.be\/fr\/?s={search_term_string}"},"query-input":{"@type":"PropertyValueSpecification","valueRequired":true,"valueName":"search_term_string"}}],"inLanguage":"fr-FR"},{"@type":"Organization","@id":"https:\/\/lda.be\/fr\/#organization","name":"LDA Belgium","url":"https:\/\/lda.be\/fr\/","logo":{"@type":"ImageObject","inLanguage":"fr-FR","@id":"https:\/\/lda.be\/fr\/#\/schema\/logo\/image\/","url":"https:\/\/lda.be\/wp-content\/uploads\/2022\/07\/Logo-LDA.webp","contentUrl":"https:\/\/lda.be\/wp-content\/uploads\/2022\/07\/Logo-LDA.webp","width":311,"height":101,"caption":"LDA Belgium"},"image":{"@id":"https:\/\/lda.be\/fr\/#\/schema\/logo\/image\/"},"sameAs":["https:\/\/www.linkedin.com\/company\/lda-belgium-nv"]}]}},"_links":{"self":[{"href":"https:\/\/lda.be\/fr\/wp-json\/wp\/v2\/product\/14129","targetHints":{"allow":["GET"]}}],"collection":[{"href":"https:\/\/lda.be\/fr\/wp-json\/wp\/v2\/product"}],"about":[{"href":"https:\/\/lda.be\/fr\/wp-json\/wp\/v2\/types\/product"}],"replies":[{"embeddable":true,"href":"https:\/\/lda.be\/fr\/wp-json\/wp\/v2\/comments?post=14129"}],"wp:featuredmedia":[{"embeddable":true,"href":"https:\/\/lda.be\/fr\/wp-json\/wp\/v2\/media\/14119"}],"wp:attachment":[{"href":"https:\/\/lda.be\/fr\/wp-json\/wp\/v2\/media?parent=14129"}],"wp:term":[{"taxonomy":"product_brand","embeddable":true,"href":"https:\/\/lda.be\/fr\/wp-json\/wp\/v2\/product_brand?post=14129"},{"taxonomy":"product_cat","embeddable":true,"href":"https:\/\/lda.be\/fr\/wp-json\/wp\/v2\/product_cat?post=14129"},{"taxonomy":"product_tag","embeddable":true,"href":"https:\/\/lda.be\/fr\/wp-json\/wp\/v2\/product_tag?post=14129"}],"curies":[{"name":"wp","href":"https:\/\/api.w.org\/{rel}","templated":true}]}}