{"id":14140,"date":"2025-12-08T15:49:22","date_gmt":"2025-12-08T14:49:22","guid":{"rendered":"https:\/\/lda.be\/?post_type=product&#038;p=14140"},"modified":"2025-12-08T15:58:56","modified_gmt":"2025-12-08T14:58:56","slug":"actionneurs-rotatifs-oem-serie","status":"publish","type":"product","link":"https:\/\/lda.be\/fr\/produit\/actionneurs-rotatifs-oem-serie\/","title":{"rendered":"actionneurs rotatifs OEM s\u00e9rie"},"content":{"rendered":"<p>Les actionneurs rotatifs OEM de Compact Automation offrent une rotation pr\u00e9cise dans un format compact. Ils fournissent un couple constant et fonctionnent de mani\u00e8re fiable dans les applications o\u00f9 l&#8217;espace disponible est limit\u00e9. Les actionneurs sont faciles \u00e0 configurer pour diff\u00e9rents angles de rotation et options d&#8217;arbre, ce qui les rend adapt\u00e9s \u00e0 une utilisation dans une grande vari\u00e9t\u00e9 de machines. Ils n\u00e9cessitent peu d&#8217;entretien et conviennent \u00e0 une utilisation prolong\u00e9e. Les \u00e9quipementiers peuvent demander des modifications sp\u00e9cifiques afin que l&#8217;actionneur s&#8217;int\u00e8gre parfaitement dans la conception.<\/p>\n","protected":false},"excerpt":{"rendered":"<p>Les actionneurs rotatifs OEM de Compact Automation offrent une rotation pr\u00e9cise dans un format compact. Ils fournissent un couple constant et fonctionnent de mani\u00e8re fiable dans les applications o\u00f9 l&#8217;espace disponible est limit\u00e9. Les actionneurs sont faciles \u00e0 configurer pour diff\u00e9rents angles de rotation et options d&#8217;arbre, ce qui les rend adapt\u00e9s \u00e0 une utilisation [&hellip;]<\/p>\n","protected":false},"featured_media":14138,"comment_status":"closed","ping_status":"closed","template":"","meta":[],"product_brand":[1856],"product_cat":[1851],"product_tag":[],"class_list":{"0":"post-14140","1":"product","2":"type-product","3":"status-publish","4":"has-post-thumbnail","6":"product_brand-cap","7":"product_cat-actionneurs-rotatifs-a-palettes","9":"first","10":"instock","11":"shipping-taxable","12":"product-type-simple"},"yoast_head":"<!-- This site is optimized with the Yoast SEO plugin v27.3 - https:\/\/yoast.com\/product\/yoast-seo-wordpress\/ -->\n<title>actionneurs rotatifs OEM s\u00e9rie - LDA Belgique<\/title>\n<meta name=\"description\" content=\"actionneurs rotatifs OEM s\u00e9rie pour pr\u00e9cision et fiabilit\u00e9 dans les applications industrielles. Options de montage flexibles et diverses gammes de couple.\" \/>\n<meta name=\"robots\" content=\"index, follow, max-snippet:-1, max-image-preview:large, max-video-preview:-1\" \/>\n<link rel=\"canonical\" href=\"https:\/\/lda.be\/fr\/produit\/actionneurs-rotatifs-oem-serie\/\" \/>\n<meta property=\"og:locale\" content=\"fr_FR\" \/>\n<meta property=\"og:type\" content=\"article\" \/>\n<meta property=\"og:title\" content=\"actionneurs rotatifs OEM s\u00e9rie - LDA Belgique\" \/>\n<meta property=\"og:description\" content=\"actionneurs rotatifs OEM s\u00e9rie pour pr\u00e9cision et fiabilit\u00e9 dans les applications industrielles. Options de montage flexibles et diverses gammes de couple.\" \/>\n<meta property=\"og:url\" content=\"https:\/\/lda.be\/fr\/produit\/actionneurs-rotatifs-oem-serie\/\" \/>\n<meta property=\"og:site_name\" content=\"LDA Belgique\" \/>\n<meta property=\"article:modified_time\" content=\"2025-12-08T14:58:56+00:00\" \/>\n<meta property=\"og:image\" content=\"https:\/\/lda.be\/wp-content\/uploads\/2025\/12\/oem-sERIES-ROTARY-AIR-ACTUATOR.webp\" \/>\n\t<meta property=\"og:image:width\" content=\"1080\" \/>\n\t<meta property=\"og:image:height\" content=\"1080\" \/>\n\t<meta property=\"og:image:type\" content=\"image\/webp\" \/>\n<meta name=\"twitter:card\" content=\"summary_large_image\" \/>\n<meta name=\"twitter:label1\" content=\"Dur\u00e9e de lecture estim\u00e9e\" \/>\n\t<meta name=\"twitter:data1\" content=\"1 minute\" \/>\n<script type=\"application\/ld+json\" class=\"yoast-schema-graph\">{\"@context\":\"https:\\\/\\\/schema.org\",\"@graph\":[{\"@type\":\"WebPage\",\"@id\":\"https:\\\/\\\/lda.be\\\/fr\\\/produit\\\/actionneurs-rotatifs-oem-serie\\\/\",\"url\":\"https:\\\/\\\/lda.be\\\/fr\\\/produit\\\/actionneurs-rotatifs-oem-serie\\\/\",\"name\":\"actionneurs rotatifs OEM s\u00e9rie - LDA Belgique\",\"isPartOf\":{\"@id\":\"https:\\\/\\\/lda.be\\\/fr\\\/#website\"},\"primaryImageOfPage\":{\"@id\":\"https:\\\/\\\/lda.be\\\/fr\\\/produit\\\/actionneurs-rotatifs-oem-serie\\\/#primaryimage\"},\"image\":{\"@id\":\"https:\\\/\\\/lda.be\\\/fr\\\/produit\\\/actionneurs-rotatifs-oem-serie\\\/#primaryimage\"},\"thumbnailUrl\":\"https:\\\/\\\/lda.be\\\/wp-content\\\/uploads\\\/2025\\\/12\\\/oem-sERIES-ROTARY-AIR-ACTUATOR.webp\",\"datePublished\":\"2025-12-08T14:49:22+00:00\",\"dateModified\":\"2025-12-08T14:58:56+00:00\",\"description\":\"actionneurs rotatifs OEM s\u00e9rie pour pr\u00e9cision et fiabilit\u00e9 dans les applications industrielles. Options de montage flexibles et diverses gammes de couple.\",\"breadcrumb\":{\"@id\":\"https:\\\/\\\/lda.be\\\/fr\\\/produit\\\/actionneurs-rotatifs-oem-serie\\\/#breadcrumb\"},\"inLanguage\":\"fr-FR\",\"potentialAction\":[{\"@type\":\"ReadAction\",\"target\":[\"https:\\\/\\\/lda.be\\\/fr\\\/produit\\\/actionneurs-rotatifs-oem-serie\\\/\"]}]},{\"@type\":\"ImageObject\",\"inLanguage\":\"fr-FR\",\"@id\":\"https:\\\/\\\/lda.be\\\/fr\\\/produit\\\/actionneurs-rotatifs-oem-serie\\\/#primaryimage\",\"url\":\"https:\\\/\\\/lda.be\\\/wp-content\\\/uploads\\\/2025\\\/12\\\/oem-sERIES-ROTARY-AIR-ACTUATOR.webp\",\"contentUrl\":\"https:\\\/\\\/lda.be\\\/wp-content\\\/uploads\\\/2025\\\/12\\\/oem-sERIES-ROTARY-AIR-ACTUATOR.webp\",\"width\":1080,\"height\":1080,\"caption\":\"OEM serie roterende actuators\"},{\"@type\":\"BreadcrumbList\",\"@id\":\"https:\\\/\\\/lda.be\\\/fr\\\/produit\\\/actionneurs-rotatifs-oem-serie\\\/#breadcrumb\",\"itemListElement\":[{\"@type\":\"ListItem\",\"position\":1,\"name\":\"Accueil\",\"item\":\"https:\\\/\\\/lda.be\\\/fr\\\/\"},{\"@type\":\"ListItem\",\"position\":2,\"name\":\"Produits\",\"item\":\"https:\\\/\\\/lda.be\\\/fr\\\/produits\\\/\"},{\"@type\":\"ListItem\",\"position\":3,\"name\":\"actionneurs rotatifs OEM s\u00e9rie\"}]},{\"@type\":\"WebSite\",\"@id\":\"https:\\\/\\\/lda.be\\\/fr\\\/#website\",\"url\":\"https:\\\/\\\/lda.be\\\/fr\\\/\",\"name\":\"LDA Belgium\",\"description\":\"Solutions For Life\",\"publisher\":{\"@id\":\"https:\\\/\\\/lda.be\\\/fr\\\/#organization\"},\"potentialAction\":[{\"@type\":\"SearchAction\",\"target\":{\"@type\":\"EntryPoint\",\"urlTemplate\":\"https:\\\/\\\/lda.be\\\/fr\\\/?s={search_term_string}\"},\"query-input\":{\"@type\":\"PropertyValueSpecification\",\"valueRequired\":true,\"valueName\":\"search_term_string\"}}],\"inLanguage\":\"fr-FR\"},{\"@type\":\"Organization\",\"@id\":\"https:\\\/\\\/lda.be\\\/fr\\\/#organization\",\"name\":\"LDA Belgium\",\"url\":\"https:\\\/\\\/lda.be\\\/fr\\\/\",\"logo\":{\"@type\":\"ImageObject\",\"inLanguage\":\"fr-FR\",\"@id\":\"https:\\\/\\\/lda.be\\\/fr\\\/#\\\/schema\\\/logo\\\/image\\\/\",\"url\":\"https:\\\/\\\/lda.be\\\/wp-content\\\/uploads\\\/2022\\\/07\\\/Logo-LDA.webp\",\"contentUrl\":\"https:\\\/\\\/lda.be\\\/wp-content\\\/uploads\\\/2022\\\/07\\\/Logo-LDA.webp\",\"width\":311,\"height\":101,\"caption\":\"LDA Belgium\"},\"image\":{\"@id\":\"https:\\\/\\\/lda.be\\\/fr\\\/#\\\/schema\\\/logo\\\/image\\\/\"},\"sameAs\":[\"https:\\\/\\\/www.linkedin.com\\\/company\\\/lda-belgium-nv\"]}]}<\/script>\n<!-- \/ Yoast SEO plugin. -->","yoast_head_json":{"title":"actionneurs rotatifs OEM s\u00e9rie - LDA Belgique","description":"actionneurs rotatifs OEM s\u00e9rie pour pr\u00e9cision et fiabilit\u00e9 dans les applications industrielles. Options de montage flexibles et diverses gammes de couple.","robots":{"index":"index","follow":"follow","max-snippet":"max-snippet:-1","max-image-preview":"max-image-preview:large","max-video-preview":"max-video-preview:-1"},"canonical":"https:\/\/lda.be\/fr\/produit\/actionneurs-rotatifs-oem-serie\/","og_locale":"fr_FR","og_type":"article","og_title":"actionneurs rotatifs OEM s\u00e9rie - LDA Belgique","og_description":"actionneurs rotatifs OEM s\u00e9rie pour pr\u00e9cision et fiabilit\u00e9 dans les applications industrielles. Options de montage flexibles et diverses gammes de couple.","og_url":"https:\/\/lda.be\/fr\/produit\/actionneurs-rotatifs-oem-serie\/","og_site_name":"LDA Belgique","article_modified_time":"2025-12-08T14:58:56+00:00","og_image":[{"width":1080,"height":1080,"url":"https:\/\/lda.be\/wp-content\/uploads\/2025\/12\/oem-sERIES-ROTARY-AIR-ACTUATOR.webp","type":"image\/webp"}],"twitter_card":"summary_large_image","twitter_misc":{"Dur\u00e9e de lecture estim\u00e9e":"1 minute"},"schema":{"@context":"https:\/\/schema.org","@graph":[{"@type":"WebPage","@id":"https:\/\/lda.be\/fr\/produit\/actionneurs-rotatifs-oem-serie\/","url":"https:\/\/lda.be\/fr\/produit\/actionneurs-rotatifs-oem-serie\/","name":"actionneurs rotatifs OEM s\u00e9rie - LDA Belgique","isPartOf":{"@id":"https:\/\/lda.be\/fr\/#website"},"primaryImageOfPage":{"@id":"https:\/\/lda.be\/fr\/produit\/actionneurs-rotatifs-oem-serie\/#primaryimage"},"image":{"@id":"https:\/\/lda.be\/fr\/produit\/actionneurs-rotatifs-oem-serie\/#primaryimage"},"thumbnailUrl":"https:\/\/lda.be\/wp-content\/uploads\/2025\/12\/oem-sERIES-ROTARY-AIR-ACTUATOR.webp","datePublished":"2025-12-08T14:49:22+00:00","dateModified":"2025-12-08T14:58:56+00:00","description":"actionneurs rotatifs OEM s\u00e9rie pour pr\u00e9cision et fiabilit\u00e9 dans les applications industrielles. Options de montage flexibles et diverses gammes de couple.","breadcrumb":{"@id":"https:\/\/lda.be\/fr\/produit\/actionneurs-rotatifs-oem-serie\/#breadcrumb"},"inLanguage":"fr-FR","potentialAction":[{"@type":"ReadAction","target":["https:\/\/lda.be\/fr\/produit\/actionneurs-rotatifs-oem-serie\/"]}]},{"@type":"ImageObject","inLanguage":"fr-FR","@id":"https:\/\/lda.be\/fr\/produit\/actionneurs-rotatifs-oem-serie\/#primaryimage","url":"https:\/\/lda.be\/wp-content\/uploads\/2025\/12\/oem-sERIES-ROTARY-AIR-ACTUATOR.webp","contentUrl":"https:\/\/lda.be\/wp-content\/uploads\/2025\/12\/oem-sERIES-ROTARY-AIR-ACTUATOR.webp","width":1080,"height":1080,"caption":"OEM serie roterende actuators"},{"@type":"BreadcrumbList","@id":"https:\/\/lda.be\/fr\/produit\/actionneurs-rotatifs-oem-serie\/#breadcrumb","itemListElement":[{"@type":"ListItem","position":1,"name":"Accueil","item":"https:\/\/lda.be\/fr\/"},{"@type":"ListItem","position":2,"name":"Produits","item":"https:\/\/lda.be\/fr\/produits\/"},{"@type":"ListItem","position":3,"name":"actionneurs rotatifs OEM s\u00e9rie"}]},{"@type":"WebSite","@id":"https:\/\/lda.be\/fr\/#website","url":"https:\/\/lda.be\/fr\/","name":"LDA Belgium","description":"Solutions For Life","publisher":{"@id":"https:\/\/lda.be\/fr\/#organization"},"potentialAction":[{"@type":"SearchAction","target":{"@type":"EntryPoint","urlTemplate":"https:\/\/lda.be\/fr\/?s={search_term_string}"},"query-input":{"@type":"PropertyValueSpecification","valueRequired":true,"valueName":"search_term_string"}}],"inLanguage":"fr-FR"},{"@type":"Organization","@id":"https:\/\/lda.be\/fr\/#organization","name":"LDA Belgium","url":"https:\/\/lda.be\/fr\/","logo":{"@type":"ImageObject","inLanguage":"fr-FR","@id":"https:\/\/lda.be\/fr\/#\/schema\/logo\/image\/","url":"https:\/\/lda.be\/wp-content\/uploads\/2022\/07\/Logo-LDA.webp","contentUrl":"https:\/\/lda.be\/wp-content\/uploads\/2022\/07\/Logo-LDA.webp","width":311,"height":101,"caption":"LDA Belgium"},"image":{"@id":"https:\/\/lda.be\/fr\/#\/schema\/logo\/image\/"},"sameAs":["https:\/\/www.linkedin.com\/company\/lda-belgium-nv"]}]}},"_links":{"self":[{"href":"https:\/\/lda.be\/fr\/wp-json\/wp\/v2\/product\/14140","targetHints":{"allow":["GET"]}}],"collection":[{"href":"https:\/\/lda.be\/fr\/wp-json\/wp\/v2\/product"}],"about":[{"href":"https:\/\/lda.be\/fr\/wp-json\/wp\/v2\/types\/product"}],"replies":[{"embeddable":true,"href":"https:\/\/lda.be\/fr\/wp-json\/wp\/v2\/comments?post=14140"}],"wp:featuredmedia":[{"embeddable":true,"href":"https:\/\/lda.be\/fr\/wp-json\/wp\/v2\/media\/14138"}],"wp:attachment":[{"href":"https:\/\/lda.be\/fr\/wp-json\/wp\/v2\/media?parent=14140"}],"wp:term":[{"taxonomy":"product_brand","embeddable":true,"href":"https:\/\/lda.be\/fr\/wp-json\/wp\/v2\/product_brand?post=14140"},{"taxonomy":"product_cat","embeddable":true,"href":"https:\/\/lda.be\/fr\/wp-json\/wp\/v2\/product_cat?post=14140"},{"taxonomy":"product_tag","embeddable":true,"href":"https:\/\/lda.be\/fr\/wp-json\/wp\/v2\/product_tag?post=14140"}],"curies":[{"name":"wp","href":"https:\/\/api.w.org\/{rel}","templated":true}]}}