{"id":14150,"date":"2025-12-08T16:28:20","date_gmt":"2025-12-08T15:28:20","guid":{"rendered":"https:\/\/lda.be\/?post_type=product&#038;p=14150"},"modified":"2025-12-08T16:42:57","modified_gmt":"2025-12-08T15:42:57","slug":"actionneurs-rotatifs-de-turn-dex-serie","status":"publish","type":"product","link":"https:\/\/lda.be\/fr\/produit\/actionneurs-rotatifs-de-turn-dex-serie\/","title":{"rendered":"actionneurs rotatifs de Turn-Dex s\u00e9rie"},"content":{"rendered":"<p>Les actionneurs rotatifs Turn-Dex sont \u00e9quip\u00e9s d&#8217;un embrayage unidirectionnel int\u00e9gr\u00e9 et con\u00e7us pour des applications o\u00f9 pr\u00e9cision et fiabilit\u00e9 sont essentielles. Ces actionneurs offrent une rotation progressive dans le sens horaire ou antihoraire et conviennent \u00e0 diverses applications industrielles. Gr\u00e2ce \u00e0 leur conception brevet\u00e9e avec des joints en ur\u00e9thane et une construction compacte, ils offrent une longue dur\u00e9e de vie et des performances efficaces.<\/p>\n","protected":false},"excerpt":{"rendered":"<p>Les actionneurs rotatifs Turn-Dex sont \u00e9quip\u00e9s d&#8217;un embrayage unidirectionnel int\u00e9gr\u00e9 et con\u00e7us pour des applications o\u00f9 pr\u00e9cision et fiabilit\u00e9 sont essentielles. Ces actionneurs offrent une rotation progressive dans le sens horaire ou antihoraire et conviennent \u00e0 diverses applications industrielles. Gr\u00e2ce \u00e0 leur conception brevet\u00e9e avec des joints en ur\u00e9thane et une construction compacte, ils offrent [&hellip;]<\/p>\n","protected":false},"featured_media":14148,"comment_status":"closed","ping_status":"closed","template":"","meta":[],"product_brand":[1856],"product_cat":[1851],"product_tag":[],"class_list":{"0":"post-14150","1":"product","2":"type-product","3":"status-publish","4":"has-post-thumbnail","6":"product_brand-cap","7":"product_cat-actionneurs-rotatifs-a-palettes","9":"first","10":"instock","11":"shipping-taxable","12":"product-type-simple"},"yoast_head":"<!-- This site is optimized with the Yoast SEO plugin v27.3 - https:\/\/yoast.com\/product\/yoast-seo-wordpress\/ -->\n<title>actionneurs rotatifs de Turn-Dex s\u00e9rie - LDA Belgique<\/title>\n<meta name=\"description\" content=\"Actionneurs rotatifs \u00e0 palettes unidirectionnel pour pr\u00e9cision et fiabilit\u00e9 dans l&#039;automatisation industrielle. Options de montage flexibles et diverses gammes de couple.\" \/>\n<meta name=\"robots\" content=\"index, follow, max-snippet:-1, max-image-preview:large, max-video-preview:-1\" \/>\n<link rel=\"canonical\" href=\"https:\/\/lda.be\/fr\/produit\/actionneurs-rotatifs-de-turn-dex-serie\/\" \/>\n<meta property=\"og:locale\" content=\"fr_FR\" \/>\n<meta property=\"og:type\" content=\"article\" \/>\n<meta property=\"og:title\" content=\"actionneurs rotatifs de Turn-Dex s\u00e9rie - LDA Belgique\" \/>\n<meta property=\"og:description\" content=\"Actionneurs rotatifs \u00e0 palettes unidirectionnel pour pr\u00e9cision et fiabilit\u00e9 dans l&#039;automatisation industrielle. Options de montage flexibles et diverses gammes de couple.\" \/>\n<meta property=\"og:url\" content=\"https:\/\/lda.be\/fr\/produit\/actionneurs-rotatifs-de-turn-dex-serie\/\" \/>\n<meta property=\"og:site_name\" content=\"LDA Belgique\" \/>\n<meta property=\"article:modified_time\" content=\"2025-12-08T15:42:57+00:00\" \/>\n<meta property=\"og:image\" content=\"https:\/\/lda.be\/wp-content\/uploads\/2025\/12\/Turn-dex-roterende-actuator.webp\" \/>\n\t<meta property=\"og:image:width\" content=\"1080\" \/>\n\t<meta property=\"og:image:height\" content=\"1080\" \/>\n\t<meta property=\"og:image:type\" content=\"image\/webp\" \/>\n<meta name=\"twitter:card\" content=\"summary_large_image\" \/>\n<meta name=\"twitter:label1\" content=\"Dur\u00e9e de lecture estim\u00e9e\" \/>\n\t<meta name=\"twitter:data1\" content=\"1 minute\" \/>\n<script type=\"application\/ld+json\" class=\"yoast-schema-graph\">{\"@context\":\"https:\\\/\\\/schema.org\",\"@graph\":[{\"@type\":\"WebPage\",\"@id\":\"https:\\\/\\\/lda.be\\\/fr\\\/produit\\\/actionneurs-rotatifs-de-turn-dex-serie\\\/\",\"url\":\"https:\\\/\\\/lda.be\\\/fr\\\/produit\\\/actionneurs-rotatifs-de-turn-dex-serie\\\/\",\"name\":\"actionneurs rotatifs de Turn-Dex s\u00e9rie - LDA Belgique\",\"isPartOf\":{\"@id\":\"https:\\\/\\\/lda.be\\\/fr\\\/#website\"},\"primaryImageOfPage\":{\"@id\":\"https:\\\/\\\/lda.be\\\/fr\\\/produit\\\/actionneurs-rotatifs-de-turn-dex-serie\\\/#primaryimage\"},\"image\":{\"@id\":\"https:\\\/\\\/lda.be\\\/fr\\\/produit\\\/actionneurs-rotatifs-de-turn-dex-serie\\\/#primaryimage\"},\"thumbnailUrl\":\"https:\\\/\\\/lda.be\\\/wp-content\\\/uploads\\\/2025\\\/12\\\/Turn-dex-roterende-actuator.webp\",\"datePublished\":\"2025-12-08T15:28:20+00:00\",\"dateModified\":\"2025-12-08T15:42:57+00:00\",\"description\":\"Actionneurs rotatifs \u00e0 palettes unidirectionnel pour pr\u00e9cision et fiabilit\u00e9 dans l'automatisation industrielle. Options de montage flexibles et diverses gammes de couple.\",\"breadcrumb\":{\"@id\":\"https:\\\/\\\/lda.be\\\/fr\\\/produit\\\/actionneurs-rotatifs-de-turn-dex-serie\\\/#breadcrumb\"},\"inLanguage\":\"fr-FR\",\"potentialAction\":[{\"@type\":\"ReadAction\",\"target\":[\"https:\\\/\\\/lda.be\\\/fr\\\/produit\\\/actionneurs-rotatifs-de-turn-dex-serie\\\/\"]}]},{\"@type\":\"ImageObject\",\"inLanguage\":\"fr-FR\",\"@id\":\"https:\\\/\\\/lda.be\\\/fr\\\/produit\\\/actionneurs-rotatifs-de-turn-dex-serie\\\/#primaryimage\",\"url\":\"https:\\\/\\\/lda.be\\\/wp-content\\\/uploads\\\/2025\\\/12\\\/Turn-dex-roterende-actuator.webp\",\"contentUrl\":\"https:\\\/\\\/lda.be\\\/wp-content\\\/uploads\\\/2025\\\/12\\\/Turn-dex-roterende-actuator.webp\",\"width\":1080,\"height\":1080,\"caption\":\"Turn dex roterende actuator\"},{\"@type\":\"BreadcrumbList\",\"@id\":\"https:\\\/\\\/lda.be\\\/fr\\\/produit\\\/actionneurs-rotatifs-de-turn-dex-serie\\\/#breadcrumb\",\"itemListElement\":[{\"@type\":\"ListItem\",\"position\":1,\"name\":\"Accueil\",\"item\":\"https:\\\/\\\/lda.be\\\/fr\\\/\"},{\"@type\":\"ListItem\",\"position\":2,\"name\":\"Produits\",\"item\":\"https:\\\/\\\/lda.be\\\/fr\\\/produits\\\/\"},{\"@type\":\"ListItem\",\"position\":3,\"name\":\"actionneurs rotatifs de Turn-Dex s\u00e9rie\"}]},{\"@type\":\"WebSite\",\"@id\":\"https:\\\/\\\/lda.be\\\/fr\\\/#website\",\"url\":\"https:\\\/\\\/lda.be\\\/fr\\\/\",\"name\":\"LDA Belgium\",\"description\":\"Solutions For Life\",\"publisher\":{\"@id\":\"https:\\\/\\\/lda.be\\\/fr\\\/#organization\"},\"potentialAction\":[{\"@type\":\"SearchAction\",\"target\":{\"@type\":\"EntryPoint\",\"urlTemplate\":\"https:\\\/\\\/lda.be\\\/fr\\\/?s={search_term_string}\"},\"query-input\":{\"@type\":\"PropertyValueSpecification\",\"valueRequired\":true,\"valueName\":\"search_term_string\"}}],\"inLanguage\":\"fr-FR\"},{\"@type\":\"Organization\",\"@id\":\"https:\\\/\\\/lda.be\\\/fr\\\/#organization\",\"name\":\"LDA Belgium\",\"url\":\"https:\\\/\\\/lda.be\\\/fr\\\/\",\"logo\":{\"@type\":\"ImageObject\",\"inLanguage\":\"fr-FR\",\"@id\":\"https:\\\/\\\/lda.be\\\/fr\\\/#\\\/schema\\\/logo\\\/image\\\/\",\"url\":\"https:\\\/\\\/lda.be\\\/wp-content\\\/uploads\\\/2022\\\/07\\\/Logo-LDA.webp\",\"contentUrl\":\"https:\\\/\\\/lda.be\\\/wp-content\\\/uploads\\\/2022\\\/07\\\/Logo-LDA.webp\",\"width\":311,\"height\":101,\"caption\":\"LDA Belgium\"},\"image\":{\"@id\":\"https:\\\/\\\/lda.be\\\/fr\\\/#\\\/schema\\\/logo\\\/image\\\/\"},\"sameAs\":[\"https:\\\/\\\/www.linkedin.com\\\/company\\\/lda-belgium-nv\"]}]}<\/script>\n<!-- \/ Yoast SEO plugin. -->","yoast_head_json":{"title":"actionneurs rotatifs de Turn-Dex s\u00e9rie - LDA Belgique","description":"Actionneurs rotatifs \u00e0 palettes unidirectionnel pour pr\u00e9cision et fiabilit\u00e9 dans l'automatisation industrielle. Options de montage flexibles et diverses gammes de couple.","robots":{"index":"index","follow":"follow","max-snippet":"max-snippet:-1","max-image-preview":"max-image-preview:large","max-video-preview":"max-video-preview:-1"},"canonical":"https:\/\/lda.be\/fr\/produit\/actionneurs-rotatifs-de-turn-dex-serie\/","og_locale":"fr_FR","og_type":"article","og_title":"actionneurs rotatifs de Turn-Dex s\u00e9rie - LDA Belgique","og_description":"Actionneurs rotatifs \u00e0 palettes unidirectionnel pour pr\u00e9cision et fiabilit\u00e9 dans l'automatisation industrielle. Options de montage flexibles et diverses gammes de couple.","og_url":"https:\/\/lda.be\/fr\/produit\/actionneurs-rotatifs-de-turn-dex-serie\/","og_site_name":"LDA Belgique","article_modified_time":"2025-12-08T15:42:57+00:00","og_image":[{"width":1080,"height":1080,"url":"https:\/\/lda.be\/wp-content\/uploads\/2025\/12\/Turn-dex-roterende-actuator.webp","type":"image\/webp"}],"twitter_card":"summary_large_image","twitter_misc":{"Dur\u00e9e de lecture estim\u00e9e":"1 minute"},"schema":{"@context":"https:\/\/schema.org","@graph":[{"@type":"WebPage","@id":"https:\/\/lda.be\/fr\/produit\/actionneurs-rotatifs-de-turn-dex-serie\/","url":"https:\/\/lda.be\/fr\/produit\/actionneurs-rotatifs-de-turn-dex-serie\/","name":"actionneurs rotatifs de Turn-Dex s\u00e9rie - LDA Belgique","isPartOf":{"@id":"https:\/\/lda.be\/fr\/#website"},"primaryImageOfPage":{"@id":"https:\/\/lda.be\/fr\/produit\/actionneurs-rotatifs-de-turn-dex-serie\/#primaryimage"},"image":{"@id":"https:\/\/lda.be\/fr\/produit\/actionneurs-rotatifs-de-turn-dex-serie\/#primaryimage"},"thumbnailUrl":"https:\/\/lda.be\/wp-content\/uploads\/2025\/12\/Turn-dex-roterende-actuator.webp","datePublished":"2025-12-08T15:28:20+00:00","dateModified":"2025-12-08T15:42:57+00:00","description":"Actionneurs rotatifs \u00e0 palettes unidirectionnel pour pr\u00e9cision et fiabilit\u00e9 dans l'automatisation industrielle. Options de montage flexibles et diverses gammes de couple.","breadcrumb":{"@id":"https:\/\/lda.be\/fr\/produit\/actionneurs-rotatifs-de-turn-dex-serie\/#breadcrumb"},"inLanguage":"fr-FR","potentialAction":[{"@type":"ReadAction","target":["https:\/\/lda.be\/fr\/produit\/actionneurs-rotatifs-de-turn-dex-serie\/"]}]},{"@type":"ImageObject","inLanguage":"fr-FR","@id":"https:\/\/lda.be\/fr\/produit\/actionneurs-rotatifs-de-turn-dex-serie\/#primaryimage","url":"https:\/\/lda.be\/wp-content\/uploads\/2025\/12\/Turn-dex-roterende-actuator.webp","contentUrl":"https:\/\/lda.be\/wp-content\/uploads\/2025\/12\/Turn-dex-roterende-actuator.webp","width":1080,"height":1080,"caption":"Turn dex roterende actuator"},{"@type":"BreadcrumbList","@id":"https:\/\/lda.be\/fr\/produit\/actionneurs-rotatifs-de-turn-dex-serie\/#breadcrumb","itemListElement":[{"@type":"ListItem","position":1,"name":"Accueil","item":"https:\/\/lda.be\/fr\/"},{"@type":"ListItem","position":2,"name":"Produits","item":"https:\/\/lda.be\/fr\/produits\/"},{"@type":"ListItem","position":3,"name":"actionneurs rotatifs de Turn-Dex s\u00e9rie"}]},{"@type":"WebSite","@id":"https:\/\/lda.be\/fr\/#website","url":"https:\/\/lda.be\/fr\/","name":"LDA Belgium","description":"Solutions For Life","publisher":{"@id":"https:\/\/lda.be\/fr\/#organization"},"potentialAction":[{"@type":"SearchAction","target":{"@type":"EntryPoint","urlTemplate":"https:\/\/lda.be\/fr\/?s={search_term_string}"},"query-input":{"@type":"PropertyValueSpecification","valueRequired":true,"valueName":"search_term_string"}}],"inLanguage":"fr-FR"},{"@type":"Organization","@id":"https:\/\/lda.be\/fr\/#organization","name":"LDA Belgium","url":"https:\/\/lda.be\/fr\/","logo":{"@type":"ImageObject","inLanguage":"fr-FR","@id":"https:\/\/lda.be\/fr\/#\/schema\/logo\/image\/","url":"https:\/\/lda.be\/wp-content\/uploads\/2022\/07\/Logo-LDA.webp","contentUrl":"https:\/\/lda.be\/wp-content\/uploads\/2022\/07\/Logo-LDA.webp","width":311,"height":101,"caption":"LDA Belgium"},"image":{"@id":"https:\/\/lda.be\/fr\/#\/schema\/logo\/image\/"},"sameAs":["https:\/\/www.linkedin.com\/company\/lda-belgium-nv"]}]}},"_links":{"self":[{"href":"https:\/\/lda.be\/fr\/wp-json\/wp\/v2\/product\/14150","targetHints":{"allow":["GET"]}}],"collection":[{"href":"https:\/\/lda.be\/fr\/wp-json\/wp\/v2\/product"}],"about":[{"href":"https:\/\/lda.be\/fr\/wp-json\/wp\/v2\/types\/product"}],"replies":[{"embeddable":true,"href":"https:\/\/lda.be\/fr\/wp-json\/wp\/v2\/comments?post=14150"}],"wp:featuredmedia":[{"embeddable":true,"href":"https:\/\/lda.be\/fr\/wp-json\/wp\/v2\/media\/14148"}],"wp:attachment":[{"href":"https:\/\/lda.be\/fr\/wp-json\/wp\/v2\/media?parent=14150"}],"wp:term":[{"taxonomy":"product_brand","embeddable":true,"href":"https:\/\/lda.be\/fr\/wp-json\/wp\/v2\/product_brand?post=14150"},{"taxonomy":"product_cat","embeddable":true,"href":"https:\/\/lda.be\/fr\/wp-json\/wp\/v2\/product_cat?post=14150"},{"taxonomy":"product_tag","embeddable":true,"href":"https:\/\/lda.be\/fr\/wp-json\/wp\/v2\/product_tag?post=14150"}],"curies":[{"name":"wp","href":"https:\/\/api.w.org\/{rel}","templated":true}]}}