{"id":14183,"date":"2025-12-10T15:20:24","date_gmt":"2025-12-10T14:20:24","guid":{"rendered":"https:\/\/lda.be\/?post_type=product&#038;p=14183"},"modified":"2025-12-10T15:29:23","modified_gmt":"2025-12-10T14:29:23","slug":"serie-val-u-act-operateur-a-ressort-de-rappel","status":"publish","type":"product","link":"https:\/\/lda.be\/fr\/produit\/serie-val-u-act-operateur-a-ressort-de-rappel\/","title":{"rendered":"S\u00e9rie Val-U-Act Op\u00e9rateur \u00e0 ressort de rappel"},"content":{"rendered":"<p>Les syst\u00e8mes d&#8217;actionneurs de vannes Val-U-Act et Class-Act sont con\u00e7us pour une commande pr\u00e9cise et fiable des vannes dans les applications industrielles. Ces syst\u00e8mes offrent des options \u00e0 double effet et \u00e0 rappel par ressort, et conviennent aux tailles de vannes de 6 mm \u00e0 76 mm. Gr\u00e2ce \u00e0 l&#8217;utilisation de joints en ur\u00e9thane et \u00e0 un design simple avec une seule pi\u00e8ce mobile, ils offrent une longue dur\u00e9e de vie et des mouvements fluides.<\/p>\n","protected":false},"excerpt":{"rendered":"<p>Les syst\u00e8mes d&#8217;actionneurs de vannes Val-U-Act et Class-Act sont con\u00e7us pour une commande pr\u00e9cise et fiable des vannes dans les applications industrielles. Ces syst\u00e8mes offrent des options \u00e0 double effet et \u00e0 rappel par ressort, et conviennent aux tailles de vannes de 6 mm \u00e0 76 mm. Gr\u00e2ce \u00e0 l&#8217;utilisation de joints en ur\u00e9thane et [&hellip;]<\/p>\n","protected":false},"featured_media":14181,"comment_status":"closed","ping_status":"closed","template":"","meta":[],"product_brand":[1856],"product_cat":[1851],"product_tag":[],"class_list":{"0":"post-14183","1":"product","2":"type-product","3":"status-publish","4":"has-post-thumbnail","6":"product_brand-cap","7":"product_cat-actionneurs-rotatifs-a-palettes","9":"first","10":"instock","11":"shipping-taxable","12":"product-type-simple"},"yoast_head":"<!-- This site is optimized with the Yoast SEO plugin v27.3 - https:\/\/yoast.com\/product\/yoast-seo-wordpress\/ -->\n<title>S\u00e9rie Val-U-Act Op\u00e9rateur \u00e0 ressort de rappel - LDA Belgique<\/title>\n<meta name=\"description\" content=\"Syst\u00e8mes d&#039;actionneurs de vannes pour une commande pr\u00e9cise et fiable des vannes industrielles. Convient \u00e0 diverses tailles de vannes et applications.\" \/>\n<meta name=\"robots\" content=\"index, follow, max-snippet:-1, max-image-preview:large, max-video-preview:-1\" \/>\n<link rel=\"canonical\" href=\"https:\/\/lda.be\/fr\/produit\/serie-val-u-act-operateur-a-ressort-de-rappel\/\" \/>\n<meta property=\"og:locale\" content=\"fr_FR\" \/>\n<meta property=\"og:type\" content=\"article\" \/>\n<meta property=\"og:title\" content=\"S\u00e9rie Val-U-Act Op\u00e9rateur \u00e0 ressort de rappel - LDA Belgique\" \/>\n<meta property=\"og:description\" content=\"Syst\u00e8mes d&#039;actionneurs de vannes pour une commande pr\u00e9cise et fiable des vannes industrielles. Convient \u00e0 diverses tailles de vannes et applications.\" \/>\n<meta property=\"og:url\" content=\"https:\/\/lda.be\/fr\/produit\/serie-val-u-act-operateur-a-ressort-de-rappel\/\" \/>\n<meta property=\"og:site_name\" content=\"LDA Belgique\" \/>\n<meta property=\"article:modified_time\" content=\"2025-12-10T14:29:23+00:00\" \/>\n<meta property=\"og:image\" content=\"https:\/\/lda.be\/wp-content\/uploads\/2025\/12\/Val-U-Act-Series-Spring-Return-Operator.webp\" \/>\n\t<meta property=\"og:image:width\" content=\"1080\" \/>\n\t<meta property=\"og:image:height\" content=\"1080\" \/>\n\t<meta property=\"og:image:type\" content=\"image\/webp\" \/>\n<meta name=\"twitter:card\" content=\"summary_large_image\" \/>\n<meta name=\"twitter:label1\" content=\"Dur\u00e9e de lecture estim\u00e9e\" \/>\n\t<meta name=\"twitter:data1\" content=\"1 minute\" \/>\n<script type=\"application\/ld+json\" class=\"yoast-schema-graph\">{\"@context\":\"https:\\\/\\\/schema.org\",\"@graph\":[{\"@type\":\"WebPage\",\"@id\":\"https:\\\/\\\/lda.be\\\/fr\\\/produit\\\/serie-val-u-act-operateur-a-ressort-de-rappel\\\/\",\"url\":\"https:\\\/\\\/lda.be\\\/fr\\\/produit\\\/serie-val-u-act-operateur-a-ressort-de-rappel\\\/\",\"name\":\"S\u00e9rie Val-U-Act Op\u00e9rateur \u00e0 ressort de rappel - LDA Belgique\",\"isPartOf\":{\"@id\":\"https:\\\/\\\/lda.be\\\/fr\\\/#website\"},\"primaryImageOfPage\":{\"@id\":\"https:\\\/\\\/lda.be\\\/fr\\\/produit\\\/serie-val-u-act-operateur-a-ressort-de-rappel\\\/#primaryimage\"},\"image\":{\"@id\":\"https:\\\/\\\/lda.be\\\/fr\\\/produit\\\/serie-val-u-act-operateur-a-ressort-de-rappel\\\/#primaryimage\"},\"thumbnailUrl\":\"https:\\\/\\\/lda.be\\\/wp-content\\\/uploads\\\/2025\\\/12\\\/Val-U-Act-Series-Spring-Return-Operator.webp\",\"datePublished\":\"2025-12-10T14:20:24+00:00\",\"dateModified\":\"2025-12-10T14:29:23+00:00\",\"description\":\"Syst\u00e8mes d'actionneurs de vannes pour une commande pr\u00e9cise et fiable des vannes industrielles. Convient \u00e0 diverses tailles de vannes et applications.\",\"breadcrumb\":{\"@id\":\"https:\\\/\\\/lda.be\\\/fr\\\/produit\\\/serie-val-u-act-operateur-a-ressort-de-rappel\\\/#breadcrumb\"},\"inLanguage\":\"fr-FR\",\"potentialAction\":[{\"@type\":\"ReadAction\",\"target\":[\"https:\\\/\\\/lda.be\\\/fr\\\/produit\\\/serie-val-u-act-operateur-a-ressort-de-rappel\\\/\"]}]},{\"@type\":\"ImageObject\",\"inLanguage\":\"fr-FR\",\"@id\":\"https:\\\/\\\/lda.be\\\/fr\\\/produit\\\/serie-val-u-act-operateur-a-ressort-de-rappel\\\/#primaryimage\",\"url\":\"https:\\\/\\\/lda.be\\\/wp-content\\\/uploads\\\/2025\\\/12\\\/Val-U-Act-Series-Spring-Return-Operator.webp\",\"contentUrl\":\"https:\\\/\\\/lda.be\\\/wp-content\\\/uploads\\\/2025\\\/12\\\/Val-U-Act-Series-Spring-Return-Operator.webp\",\"width\":1080,\"height\":1080,\"caption\":\"Val-U-Act Series Spring Return Operator\"},{\"@type\":\"BreadcrumbList\",\"@id\":\"https:\\\/\\\/lda.be\\\/fr\\\/produit\\\/serie-val-u-act-operateur-a-ressort-de-rappel\\\/#breadcrumb\",\"itemListElement\":[{\"@type\":\"ListItem\",\"position\":1,\"name\":\"Accueil\",\"item\":\"https:\\\/\\\/lda.be\\\/fr\\\/\"},{\"@type\":\"ListItem\",\"position\":2,\"name\":\"Produits\",\"item\":\"https:\\\/\\\/lda.be\\\/fr\\\/produits\\\/\"},{\"@type\":\"ListItem\",\"position\":3,\"name\":\"S\u00e9rie Val-U-Act Op\u00e9rateur \u00e0 ressort de rappel\"}]},{\"@type\":\"WebSite\",\"@id\":\"https:\\\/\\\/lda.be\\\/fr\\\/#website\",\"url\":\"https:\\\/\\\/lda.be\\\/fr\\\/\",\"name\":\"LDA Belgium\",\"description\":\"Solutions For Life\",\"publisher\":{\"@id\":\"https:\\\/\\\/lda.be\\\/fr\\\/#organization\"},\"potentialAction\":[{\"@type\":\"SearchAction\",\"target\":{\"@type\":\"EntryPoint\",\"urlTemplate\":\"https:\\\/\\\/lda.be\\\/fr\\\/?s={search_term_string}\"},\"query-input\":{\"@type\":\"PropertyValueSpecification\",\"valueRequired\":true,\"valueName\":\"search_term_string\"}}],\"inLanguage\":\"fr-FR\"},{\"@type\":\"Organization\",\"@id\":\"https:\\\/\\\/lda.be\\\/fr\\\/#organization\",\"name\":\"LDA Belgium\",\"url\":\"https:\\\/\\\/lda.be\\\/fr\\\/\",\"logo\":{\"@type\":\"ImageObject\",\"inLanguage\":\"fr-FR\",\"@id\":\"https:\\\/\\\/lda.be\\\/fr\\\/#\\\/schema\\\/logo\\\/image\\\/\",\"url\":\"https:\\\/\\\/lda.be\\\/wp-content\\\/uploads\\\/2022\\\/07\\\/Logo-LDA.webp\",\"contentUrl\":\"https:\\\/\\\/lda.be\\\/wp-content\\\/uploads\\\/2022\\\/07\\\/Logo-LDA.webp\",\"width\":311,\"height\":101,\"caption\":\"LDA Belgium\"},\"image\":{\"@id\":\"https:\\\/\\\/lda.be\\\/fr\\\/#\\\/schema\\\/logo\\\/image\\\/\"},\"sameAs\":[\"https:\\\/\\\/www.linkedin.com\\\/company\\\/lda-belgium-nv\"]}]}<\/script>\n<!-- \/ Yoast SEO plugin. -->","yoast_head_json":{"title":"S\u00e9rie Val-U-Act Op\u00e9rateur \u00e0 ressort de rappel - LDA Belgique","description":"Syst\u00e8mes d'actionneurs de vannes pour une commande pr\u00e9cise et fiable des vannes industrielles. Convient \u00e0 diverses tailles de vannes et applications.","robots":{"index":"index","follow":"follow","max-snippet":"max-snippet:-1","max-image-preview":"max-image-preview:large","max-video-preview":"max-video-preview:-1"},"canonical":"https:\/\/lda.be\/fr\/produit\/serie-val-u-act-operateur-a-ressort-de-rappel\/","og_locale":"fr_FR","og_type":"article","og_title":"S\u00e9rie Val-U-Act Op\u00e9rateur \u00e0 ressort de rappel - LDA Belgique","og_description":"Syst\u00e8mes d'actionneurs de vannes pour une commande pr\u00e9cise et fiable des vannes industrielles. Convient \u00e0 diverses tailles de vannes et applications.","og_url":"https:\/\/lda.be\/fr\/produit\/serie-val-u-act-operateur-a-ressort-de-rappel\/","og_site_name":"LDA Belgique","article_modified_time":"2025-12-10T14:29:23+00:00","og_image":[{"width":1080,"height":1080,"url":"https:\/\/lda.be\/wp-content\/uploads\/2025\/12\/Val-U-Act-Series-Spring-Return-Operator.webp","type":"image\/webp"}],"twitter_card":"summary_large_image","twitter_misc":{"Dur\u00e9e de lecture estim\u00e9e":"1 minute"},"schema":{"@context":"https:\/\/schema.org","@graph":[{"@type":"WebPage","@id":"https:\/\/lda.be\/fr\/produit\/serie-val-u-act-operateur-a-ressort-de-rappel\/","url":"https:\/\/lda.be\/fr\/produit\/serie-val-u-act-operateur-a-ressort-de-rappel\/","name":"S\u00e9rie Val-U-Act Op\u00e9rateur \u00e0 ressort de rappel - LDA Belgique","isPartOf":{"@id":"https:\/\/lda.be\/fr\/#website"},"primaryImageOfPage":{"@id":"https:\/\/lda.be\/fr\/produit\/serie-val-u-act-operateur-a-ressort-de-rappel\/#primaryimage"},"image":{"@id":"https:\/\/lda.be\/fr\/produit\/serie-val-u-act-operateur-a-ressort-de-rappel\/#primaryimage"},"thumbnailUrl":"https:\/\/lda.be\/wp-content\/uploads\/2025\/12\/Val-U-Act-Series-Spring-Return-Operator.webp","datePublished":"2025-12-10T14:20:24+00:00","dateModified":"2025-12-10T14:29:23+00:00","description":"Syst\u00e8mes d'actionneurs de vannes pour une commande pr\u00e9cise et fiable des vannes industrielles. Convient \u00e0 diverses tailles de vannes et applications.","breadcrumb":{"@id":"https:\/\/lda.be\/fr\/produit\/serie-val-u-act-operateur-a-ressort-de-rappel\/#breadcrumb"},"inLanguage":"fr-FR","potentialAction":[{"@type":"ReadAction","target":["https:\/\/lda.be\/fr\/produit\/serie-val-u-act-operateur-a-ressort-de-rappel\/"]}]},{"@type":"ImageObject","inLanguage":"fr-FR","@id":"https:\/\/lda.be\/fr\/produit\/serie-val-u-act-operateur-a-ressort-de-rappel\/#primaryimage","url":"https:\/\/lda.be\/wp-content\/uploads\/2025\/12\/Val-U-Act-Series-Spring-Return-Operator.webp","contentUrl":"https:\/\/lda.be\/wp-content\/uploads\/2025\/12\/Val-U-Act-Series-Spring-Return-Operator.webp","width":1080,"height":1080,"caption":"Val-U-Act Series Spring Return Operator"},{"@type":"BreadcrumbList","@id":"https:\/\/lda.be\/fr\/produit\/serie-val-u-act-operateur-a-ressort-de-rappel\/#breadcrumb","itemListElement":[{"@type":"ListItem","position":1,"name":"Accueil","item":"https:\/\/lda.be\/fr\/"},{"@type":"ListItem","position":2,"name":"Produits","item":"https:\/\/lda.be\/fr\/produits\/"},{"@type":"ListItem","position":3,"name":"S\u00e9rie Val-U-Act Op\u00e9rateur \u00e0 ressort de rappel"}]},{"@type":"WebSite","@id":"https:\/\/lda.be\/fr\/#website","url":"https:\/\/lda.be\/fr\/","name":"LDA Belgium","description":"Solutions For Life","publisher":{"@id":"https:\/\/lda.be\/fr\/#organization"},"potentialAction":[{"@type":"SearchAction","target":{"@type":"EntryPoint","urlTemplate":"https:\/\/lda.be\/fr\/?s={search_term_string}"},"query-input":{"@type":"PropertyValueSpecification","valueRequired":true,"valueName":"search_term_string"}}],"inLanguage":"fr-FR"},{"@type":"Organization","@id":"https:\/\/lda.be\/fr\/#organization","name":"LDA Belgium","url":"https:\/\/lda.be\/fr\/","logo":{"@type":"ImageObject","inLanguage":"fr-FR","@id":"https:\/\/lda.be\/fr\/#\/schema\/logo\/image\/","url":"https:\/\/lda.be\/wp-content\/uploads\/2022\/07\/Logo-LDA.webp","contentUrl":"https:\/\/lda.be\/wp-content\/uploads\/2022\/07\/Logo-LDA.webp","width":311,"height":101,"caption":"LDA Belgium"},"image":{"@id":"https:\/\/lda.be\/fr\/#\/schema\/logo\/image\/"},"sameAs":["https:\/\/www.linkedin.com\/company\/lda-belgium-nv"]}]}},"_links":{"self":[{"href":"https:\/\/lda.be\/fr\/wp-json\/wp\/v2\/product\/14183","targetHints":{"allow":["GET"]}}],"collection":[{"href":"https:\/\/lda.be\/fr\/wp-json\/wp\/v2\/product"}],"about":[{"href":"https:\/\/lda.be\/fr\/wp-json\/wp\/v2\/types\/product"}],"replies":[{"embeddable":true,"href":"https:\/\/lda.be\/fr\/wp-json\/wp\/v2\/comments?post=14183"}],"wp:featuredmedia":[{"embeddable":true,"href":"https:\/\/lda.be\/fr\/wp-json\/wp\/v2\/media\/14181"}],"wp:attachment":[{"href":"https:\/\/lda.be\/fr\/wp-json\/wp\/v2\/media?parent=14183"}],"wp:term":[{"taxonomy":"product_brand","embeddable":true,"href":"https:\/\/lda.be\/fr\/wp-json\/wp\/v2\/product_brand?post=14183"},{"taxonomy":"product_cat","embeddable":true,"href":"https:\/\/lda.be\/fr\/wp-json\/wp\/v2\/product_cat?post=14183"},{"taxonomy":"product_tag","embeddable":true,"href":"https:\/\/lda.be\/fr\/wp-json\/wp\/v2\/product_tag?post=14183"}],"curies":[{"name":"wp","href":"https:\/\/api.w.org\/{rel}","templated":true}]}}