{"id":14194,"date":"2025-12-10T16:07:50","date_gmt":"2025-12-10T15:07:50","guid":{"rendered":"https:\/\/lda.be\/?post_type=product&#038;p=14194"},"modified":"2025-12-10T16:34:50","modified_gmt":"2025-12-10T15:34:50","slug":"verins-a-glissiere-a-billes-guides-bsc","status":"publish","type":"product","link":"https:\/\/lda.be\/fr\/produit\/verins-a-glissiere-a-billes-guides-bsc\/","title":{"rendered":"V\u00e9rins \u00e0 glissi\u00e8re \u00e0 billes guid\u00e9s BSC"},"content":{"rendered":"<p>Les v\u00e9rins BSC Ball Slide sont des v\u00e9rins pneumatiques avec des guidages \u00e0 billes int\u00e9gr\u00e9s, con\u00e7us pour des mouvements lin\u00e9aires pr\u00e9cis dans l&#8217;automatisation industrielle. Ces v\u00e9rins offrent un design compact, une capacit\u00e9 de charge \u00e9lev\u00e9e et des mouvements fluides gr\u00e2ce \u00e0 des guidages \u00e0 billes \u00e0 recirculation. Ils sont disponibles en s\u00e9ries BSC1000 et BSC2000, avec diverses options de montage et longueurs de course.<\/p>\n","protected":false},"excerpt":{"rendered":"<p>Les v\u00e9rins BSC Ball Slide sont des v\u00e9rins pneumatiques avec des guidages \u00e0 billes int\u00e9gr\u00e9s, con\u00e7us pour des mouvements lin\u00e9aires pr\u00e9cis dans l&#8217;automatisation industrielle. Ces v\u00e9rins offrent un design compact, une capacit\u00e9 de charge \u00e9lev\u00e9e et des mouvements fluides gr\u00e2ce \u00e0 des guidages \u00e0 billes \u00e0 recirculation. Ils sont disponibles en s\u00e9ries BSC1000 et BSC2000, [&hellip;]<\/p>\n","protected":false},"featured_media":14191,"comment_status":"closed","ping_status":"closed","template":"","meta":[],"product_brand":[1856],"product_cat":[1050],"product_tag":[],"class_list":{"0":"post-14194","1":"product","2":"type-product","3":"status-publish","4":"has-post-thumbnail","6":"product_brand-cap","7":"product_cat-verins-guides","9":"first","10":"instock","11":"shipping-taxable","12":"product-type-simple"},"yoast_head":"<!-- This site is optimized with the Yoast SEO plugin v27.3 - https:\/\/yoast.com\/product\/yoast-seo-wordpress\/ -->\n<title>V\u00e9rins \u00e0 glissi\u00e8re \u00e0 billes guid\u00e9s BSC - LDA Belgique<\/title>\n<meta name=\"description\" content=\"V\u00e9rins pneumatiques \u00e0 guidage \u00e0 billes pour des mouvements lin\u00e9aires pr\u00e9cis. Id\u00e9al pour l&#039;automatisation industrielle avec une capacit\u00e9 de charge \u00e9lev\u00e9e et des options de montage flexibles.\" \/>\n<meta name=\"robots\" content=\"index, follow, max-snippet:-1, max-image-preview:large, max-video-preview:-1\" \/>\n<link rel=\"canonical\" href=\"https:\/\/lda.be\/fr\/produit\/verins-a-glissiere-a-billes-guides-bsc\/\" \/>\n<meta property=\"og:locale\" content=\"fr_FR\" \/>\n<meta property=\"og:type\" content=\"article\" \/>\n<meta property=\"og:title\" content=\"V\u00e9rins \u00e0 glissi\u00e8re \u00e0 billes guid\u00e9s BSC - LDA Belgique\" \/>\n<meta property=\"og:description\" content=\"V\u00e9rins pneumatiques \u00e0 guidage \u00e0 billes pour des mouvements lin\u00e9aires pr\u00e9cis. Id\u00e9al pour l&#039;automatisation industrielle avec une capacit\u00e9 de charge \u00e9lev\u00e9e et des options de montage flexibles.\" \/>\n<meta property=\"og:url\" content=\"https:\/\/lda.be\/fr\/produit\/verins-a-glissiere-a-billes-guides-bsc\/\" \/>\n<meta property=\"og:site_name\" content=\"LDA Belgique\" \/>\n<meta property=\"article:modified_time\" content=\"2025-12-10T15:34:50+00:00\" \/>\n<meta property=\"og:image\" content=\"https:\/\/lda.be\/wp-content\/uploads\/2025\/12\/BSC-serie.webp\" \/>\n\t<meta property=\"og:image:width\" content=\"1080\" \/>\n\t<meta property=\"og:image:height\" content=\"1080\" \/>\n\t<meta property=\"og:image:type\" content=\"image\/webp\" \/>\n<meta name=\"twitter:card\" content=\"summary_large_image\" \/>\n<meta name=\"twitter:label1\" content=\"Dur\u00e9e de lecture estim\u00e9e\" \/>\n\t<meta name=\"twitter:data1\" content=\"1 minute\" \/>\n<script type=\"application\/ld+json\" class=\"yoast-schema-graph\">{\"@context\":\"https:\\\/\\\/schema.org\",\"@graph\":[{\"@type\":\"WebPage\",\"@id\":\"https:\\\/\\\/lda.be\\\/fr\\\/produit\\\/verins-a-glissiere-a-billes-guides-bsc\\\/\",\"url\":\"https:\\\/\\\/lda.be\\\/fr\\\/produit\\\/verins-a-glissiere-a-billes-guides-bsc\\\/\",\"name\":\"V\u00e9rins \u00e0 glissi\u00e8re \u00e0 billes guid\u00e9s BSC - LDA Belgique\",\"isPartOf\":{\"@id\":\"https:\\\/\\\/lda.be\\\/fr\\\/#website\"},\"primaryImageOfPage\":{\"@id\":\"https:\\\/\\\/lda.be\\\/fr\\\/produit\\\/verins-a-glissiere-a-billes-guides-bsc\\\/#primaryimage\"},\"image\":{\"@id\":\"https:\\\/\\\/lda.be\\\/fr\\\/produit\\\/verins-a-glissiere-a-billes-guides-bsc\\\/#primaryimage\"},\"thumbnailUrl\":\"https:\\\/\\\/lda.be\\\/wp-content\\\/uploads\\\/2025\\\/12\\\/BSC-serie.webp\",\"datePublished\":\"2025-12-10T15:07:50+00:00\",\"dateModified\":\"2025-12-10T15:34:50+00:00\",\"description\":\"V\u00e9rins pneumatiques \u00e0 guidage \u00e0 billes pour des mouvements lin\u00e9aires pr\u00e9cis. Id\u00e9al pour l'automatisation industrielle avec une capacit\u00e9 de charge \u00e9lev\u00e9e et des options de montage flexibles.\",\"breadcrumb\":{\"@id\":\"https:\\\/\\\/lda.be\\\/fr\\\/produit\\\/verins-a-glissiere-a-billes-guides-bsc\\\/#breadcrumb\"},\"inLanguage\":\"fr-FR\",\"potentialAction\":[{\"@type\":\"ReadAction\",\"target\":[\"https:\\\/\\\/lda.be\\\/fr\\\/produit\\\/verins-a-glissiere-a-billes-guides-bsc\\\/\"]}]},{\"@type\":\"ImageObject\",\"inLanguage\":\"fr-FR\",\"@id\":\"https:\\\/\\\/lda.be\\\/fr\\\/produit\\\/verins-a-glissiere-a-billes-guides-bsc\\\/#primaryimage\",\"url\":\"https:\\\/\\\/lda.be\\\/wp-content\\\/uploads\\\/2025\\\/12\\\/BSC-serie.webp\",\"contentUrl\":\"https:\\\/\\\/lda.be\\\/wp-content\\\/uploads\\\/2025\\\/12\\\/BSC-serie.webp\",\"width\":1080,\"height\":1080},{\"@type\":\"BreadcrumbList\",\"@id\":\"https:\\\/\\\/lda.be\\\/fr\\\/produit\\\/verins-a-glissiere-a-billes-guides-bsc\\\/#breadcrumb\",\"itemListElement\":[{\"@type\":\"ListItem\",\"position\":1,\"name\":\"Accueil\",\"item\":\"https:\\\/\\\/lda.be\\\/fr\\\/\"},{\"@type\":\"ListItem\",\"position\":2,\"name\":\"Produits\",\"item\":\"https:\\\/\\\/lda.be\\\/fr\\\/produits\\\/\"},{\"@type\":\"ListItem\",\"position\":3,\"name\":\"V\u00e9rins \u00e0 glissi\u00e8re \u00e0 billes guid\u00e9s BSC\"}]},{\"@type\":\"WebSite\",\"@id\":\"https:\\\/\\\/lda.be\\\/fr\\\/#website\",\"url\":\"https:\\\/\\\/lda.be\\\/fr\\\/\",\"name\":\"LDA Belgium\",\"description\":\"Solutions For Life\",\"publisher\":{\"@id\":\"https:\\\/\\\/lda.be\\\/fr\\\/#organization\"},\"potentialAction\":[{\"@type\":\"SearchAction\",\"target\":{\"@type\":\"EntryPoint\",\"urlTemplate\":\"https:\\\/\\\/lda.be\\\/fr\\\/?s={search_term_string}\"},\"query-input\":{\"@type\":\"PropertyValueSpecification\",\"valueRequired\":true,\"valueName\":\"search_term_string\"}}],\"inLanguage\":\"fr-FR\"},{\"@type\":\"Organization\",\"@id\":\"https:\\\/\\\/lda.be\\\/fr\\\/#organization\",\"name\":\"LDA Belgium\",\"url\":\"https:\\\/\\\/lda.be\\\/fr\\\/\",\"logo\":{\"@type\":\"ImageObject\",\"inLanguage\":\"fr-FR\",\"@id\":\"https:\\\/\\\/lda.be\\\/fr\\\/#\\\/schema\\\/logo\\\/image\\\/\",\"url\":\"https:\\\/\\\/lda.be\\\/wp-content\\\/uploads\\\/2022\\\/07\\\/Logo-LDA.webp\",\"contentUrl\":\"https:\\\/\\\/lda.be\\\/wp-content\\\/uploads\\\/2022\\\/07\\\/Logo-LDA.webp\",\"width\":311,\"height\":101,\"caption\":\"LDA Belgium\"},\"image\":{\"@id\":\"https:\\\/\\\/lda.be\\\/fr\\\/#\\\/schema\\\/logo\\\/image\\\/\"},\"sameAs\":[\"https:\\\/\\\/www.linkedin.com\\\/company\\\/lda-belgium-nv\"]}]}<\/script>\n<!-- \/ Yoast SEO plugin. -->","yoast_head_json":{"title":"V\u00e9rins \u00e0 glissi\u00e8re \u00e0 billes guid\u00e9s BSC - LDA Belgique","description":"V\u00e9rins pneumatiques \u00e0 guidage \u00e0 billes pour des mouvements lin\u00e9aires pr\u00e9cis. Id\u00e9al pour l'automatisation industrielle avec une capacit\u00e9 de charge \u00e9lev\u00e9e et des options de montage flexibles.","robots":{"index":"index","follow":"follow","max-snippet":"max-snippet:-1","max-image-preview":"max-image-preview:large","max-video-preview":"max-video-preview:-1"},"canonical":"https:\/\/lda.be\/fr\/produit\/verins-a-glissiere-a-billes-guides-bsc\/","og_locale":"fr_FR","og_type":"article","og_title":"V\u00e9rins \u00e0 glissi\u00e8re \u00e0 billes guid\u00e9s BSC - LDA Belgique","og_description":"V\u00e9rins pneumatiques \u00e0 guidage \u00e0 billes pour des mouvements lin\u00e9aires pr\u00e9cis. Id\u00e9al pour l'automatisation industrielle avec une capacit\u00e9 de charge \u00e9lev\u00e9e et des options de montage flexibles.","og_url":"https:\/\/lda.be\/fr\/produit\/verins-a-glissiere-a-billes-guides-bsc\/","og_site_name":"LDA Belgique","article_modified_time":"2025-12-10T15:34:50+00:00","og_image":[{"width":1080,"height":1080,"url":"https:\/\/lda.be\/wp-content\/uploads\/2025\/12\/BSC-serie.webp","type":"image\/webp"}],"twitter_card":"summary_large_image","twitter_misc":{"Dur\u00e9e de lecture estim\u00e9e":"1 minute"},"schema":{"@context":"https:\/\/schema.org","@graph":[{"@type":"WebPage","@id":"https:\/\/lda.be\/fr\/produit\/verins-a-glissiere-a-billes-guides-bsc\/","url":"https:\/\/lda.be\/fr\/produit\/verins-a-glissiere-a-billes-guides-bsc\/","name":"V\u00e9rins \u00e0 glissi\u00e8re \u00e0 billes guid\u00e9s BSC - LDA Belgique","isPartOf":{"@id":"https:\/\/lda.be\/fr\/#website"},"primaryImageOfPage":{"@id":"https:\/\/lda.be\/fr\/produit\/verins-a-glissiere-a-billes-guides-bsc\/#primaryimage"},"image":{"@id":"https:\/\/lda.be\/fr\/produit\/verins-a-glissiere-a-billes-guides-bsc\/#primaryimage"},"thumbnailUrl":"https:\/\/lda.be\/wp-content\/uploads\/2025\/12\/BSC-serie.webp","datePublished":"2025-12-10T15:07:50+00:00","dateModified":"2025-12-10T15:34:50+00:00","description":"V\u00e9rins pneumatiques \u00e0 guidage \u00e0 billes pour des mouvements lin\u00e9aires pr\u00e9cis. Id\u00e9al pour l'automatisation industrielle avec une capacit\u00e9 de charge \u00e9lev\u00e9e et des options de montage flexibles.","breadcrumb":{"@id":"https:\/\/lda.be\/fr\/produit\/verins-a-glissiere-a-billes-guides-bsc\/#breadcrumb"},"inLanguage":"fr-FR","potentialAction":[{"@type":"ReadAction","target":["https:\/\/lda.be\/fr\/produit\/verins-a-glissiere-a-billes-guides-bsc\/"]}]},{"@type":"ImageObject","inLanguage":"fr-FR","@id":"https:\/\/lda.be\/fr\/produit\/verins-a-glissiere-a-billes-guides-bsc\/#primaryimage","url":"https:\/\/lda.be\/wp-content\/uploads\/2025\/12\/BSC-serie.webp","contentUrl":"https:\/\/lda.be\/wp-content\/uploads\/2025\/12\/BSC-serie.webp","width":1080,"height":1080},{"@type":"BreadcrumbList","@id":"https:\/\/lda.be\/fr\/produit\/verins-a-glissiere-a-billes-guides-bsc\/#breadcrumb","itemListElement":[{"@type":"ListItem","position":1,"name":"Accueil","item":"https:\/\/lda.be\/fr\/"},{"@type":"ListItem","position":2,"name":"Produits","item":"https:\/\/lda.be\/fr\/produits\/"},{"@type":"ListItem","position":3,"name":"V\u00e9rins \u00e0 glissi\u00e8re \u00e0 billes guid\u00e9s BSC"}]},{"@type":"WebSite","@id":"https:\/\/lda.be\/fr\/#website","url":"https:\/\/lda.be\/fr\/","name":"LDA Belgium","description":"Solutions For Life","publisher":{"@id":"https:\/\/lda.be\/fr\/#organization"},"potentialAction":[{"@type":"SearchAction","target":{"@type":"EntryPoint","urlTemplate":"https:\/\/lda.be\/fr\/?s={search_term_string}"},"query-input":{"@type":"PropertyValueSpecification","valueRequired":true,"valueName":"search_term_string"}}],"inLanguage":"fr-FR"},{"@type":"Organization","@id":"https:\/\/lda.be\/fr\/#organization","name":"LDA Belgium","url":"https:\/\/lda.be\/fr\/","logo":{"@type":"ImageObject","inLanguage":"fr-FR","@id":"https:\/\/lda.be\/fr\/#\/schema\/logo\/image\/","url":"https:\/\/lda.be\/wp-content\/uploads\/2022\/07\/Logo-LDA.webp","contentUrl":"https:\/\/lda.be\/wp-content\/uploads\/2022\/07\/Logo-LDA.webp","width":311,"height":101,"caption":"LDA Belgium"},"image":{"@id":"https:\/\/lda.be\/fr\/#\/schema\/logo\/image\/"},"sameAs":["https:\/\/www.linkedin.com\/company\/lda-belgium-nv"]}]}},"_links":{"self":[{"href":"https:\/\/lda.be\/fr\/wp-json\/wp\/v2\/product\/14194","targetHints":{"allow":["GET"]}}],"collection":[{"href":"https:\/\/lda.be\/fr\/wp-json\/wp\/v2\/product"}],"about":[{"href":"https:\/\/lda.be\/fr\/wp-json\/wp\/v2\/types\/product"}],"replies":[{"embeddable":true,"href":"https:\/\/lda.be\/fr\/wp-json\/wp\/v2\/comments?post=14194"}],"wp:featuredmedia":[{"embeddable":true,"href":"https:\/\/lda.be\/fr\/wp-json\/wp\/v2\/media\/14191"}],"wp:attachment":[{"href":"https:\/\/lda.be\/fr\/wp-json\/wp\/v2\/media?parent=14194"}],"wp:term":[{"taxonomy":"product_brand","embeddable":true,"href":"https:\/\/lda.be\/fr\/wp-json\/wp\/v2\/product_brand?post=14194"},{"taxonomy":"product_cat","embeddable":true,"href":"https:\/\/lda.be\/fr\/wp-json\/wp\/v2\/product_cat?post=14194"},{"taxonomy":"product_tag","embeddable":true,"href":"https:\/\/lda.be\/fr\/wp-json\/wp\/v2\/product_tag?post=14194"}],"curies":[{"name":"wp","href":"https:\/\/api.w.org\/{rel}","templated":true}]}}