{"id":14205,"date":"2025-12-11T14:48:12","date_gmt":"2025-12-11T13:48:12","guid":{"rendered":"https:\/\/lda.be\/?post_type=product&#038;p=14205"},"modified":"2025-12-11T15:00:45","modified_gmt":"2025-12-11T14:00:45","slug":"verin-a-tige-guidee-grc-serie","status":"publish","type":"product","link":"https:\/\/lda.be\/fr\/produit\/verin-a-tige-guidee-grc-serie\/","title":{"rendered":"v\u00e9rin \u00e0 tige guid\u00e9e GRC s\u00e9rie"},"content":{"rendered":"<p>Le v\u00e9rin \u00e0 tige guid\u00e9e GRC s\u00e9rie allie l&#8217;aluminium l\u00e9ger \u00e0 un piston ENERSORB\u2122 autolubrifiant, r\u00e9duisant le bruit de 50 % et garantissant une course r\u00e9p\u00e9table. Con\u00e7u pour la pr\u00e9cision et la durabilit\u00e9 dans les syst\u00e8mes automatis\u00e9s.<\/p>\n","protected":false},"excerpt":{"rendered":"<p>Le v\u00e9rin \u00e0 tige guid\u00e9e GRC s\u00e9rie allie l&#8217;aluminium l\u00e9ger \u00e0 un piston ENERSORB\u2122 autolubrifiant, r\u00e9duisant le bruit de 50 % et garantissant une course r\u00e9p\u00e9table. Con\u00e7u pour la pr\u00e9cision et la durabilit\u00e9 dans les syst\u00e8mes automatis\u00e9s.<\/p>\n","protected":false},"featured_media":14202,"comment_status":"closed","ping_status":"closed","template":"","meta":[],"product_brand":[1856],"product_cat":[1050],"product_tag":[],"class_list":{"0":"post-14205","1":"product","2":"type-product","3":"status-publish","4":"has-post-thumbnail","6":"product_brand-cap","7":"product_cat-verins-guides","9":"first","10":"instock","11":"shipping-taxable","12":"product-type-simple"},"yoast_head":"<!-- This site is optimized with the Yoast SEO plugin v27.3 - https:\/\/yoast.com\/product\/yoast-seo-wordpress\/ -->\n<title>v\u00e9rin \u00e0 tige guid\u00e9e GRC s\u00e9rie - LDA Belgique<\/title>\n<meta name=\"description\" content=\"V\u00e9rin \u00e0 tige guid\u00e9e (GRC) avec piston ENERSORB\u2122 pour une automatisation silencieuse et pr\u00e9cise. L\u00e9ger, durable et adaptable.\" \/>\n<meta name=\"robots\" content=\"index, follow, max-snippet:-1, max-image-preview:large, max-video-preview:-1\" \/>\n<link rel=\"canonical\" href=\"https:\/\/lda.be\/fr\/produit\/verin-a-tige-guidee-grc-serie\/\" \/>\n<meta property=\"og:locale\" content=\"fr_FR\" \/>\n<meta property=\"og:type\" content=\"article\" \/>\n<meta property=\"og:title\" content=\"v\u00e9rin \u00e0 tige guid\u00e9e GRC s\u00e9rie - LDA Belgique\" \/>\n<meta property=\"og:description\" content=\"V\u00e9rin \u00e0 tige guid\u00e9e (GRC) avec piston ENERSORB\u2122 pour une automatisation silencieuse et pr\u00e9cise. L\u00e9ger, durable et adaptable.\" \/>\n<meta property=\"og:url\" content=\"https:\/\/lda.be\/fr\/produit\/verin-a-tige-guidee-grc-serie\/\" \/>\n<meta property=\"og:site_name\" content=\"LDA Belgique\" \/>\n<meta property=\"article:modified_time\" content=\"2025-12-11T14:00:45+00:00\" \/>\n<meta property=\"og:image\" content=\"https:\/\/lda.be\/wp-content\/uploads\/2025\/12\/GRC-serie-guided-cylinder.webp\" \/>\n\t<meta property=\"og:image:width\" content=\"1080\" \/>\n\t<meta property=\"og:image:height\" content=\"1080\" \/>\n\t<meta property=\"og:image:type\" content=\"image\/webp\" \/>\n<meta name=\"twitter:card\" content=\"summary_large_image\" \/>\n<meta name=\"twitter:label1\" content=\"Dur\u00e9e de lecture estim\u00e9e\" \/>\n\t<meta name=\"twitter:data1\" content=\"1 minute\" \/>\n<script type=\"application\/ld+json\" class=\"yoast-schema-graph\">{\"@context\":\"https:\\\/\\\/schema.org\",\"@graph\":[{\"@type\":\"WebPage\",\"@id\":\"https:\\\/\\\/lda.be\\\/fr\\\/produit\\\/verin-a-tige-guidee-grc-serie\\\/\",\"url\":\"https:\\\/\\\/lda.be\\\/fr\\\/produit\\\/verin-a-tige-guidee-grc-serie\\\/\",\"name\":\"v\u00e9rin \u00e0 tige guid\u00e9e GRC s\u00e9rie - LDA Belgique\",\"isPartOf\":{\"@id\":\"https:\\\/\\\/lda.be\\\/fr\\\/#website\"},\"primaryImageOfPage\":{\"@id\":\"https:\\\/\\\/lda.be\\\/fr\\\/produit\\\/verin-a-tige-guidee-grc-serie\\\/#primaryimage\"},\"image\":{\"@id\":\"https:\\\/\\\/lda.be\\\/fr\\\/produit\\\/verin-a-tige-guidee-grc-serie\\\/#primaryimage\"},\"thumbnailUrl\":\"https:\\\/\\\/lda.be\\\/wp-content\\\/uploads\\\/2025\\\/12\\\/GRC-serie-guided-cylinder.webp\",\"datePublished\":\"2025-12-11T13:48:12+00:00\",\"dateModified\":\"2025-12-11T14:00:45+00:00\",\"description\":\"V\u00e9rin \u00e0 tige guid\u00e9e (GRC) avec piston ENERSORB\u2122 pour une automatisation silencieuse et pr\u00e9cise. L\u00e9ger, durable et adaptable.\",\"breadcrumb\":{\"@id\":\"https:\\\/\\\/lda.be\\\/fr\\\/produit\\\/verin-a-tige-guidee-grc-serie\\\/#breadcrumb\"},\"inLanguage\":\"fr-FR\",\"potentialAction\":[{\"@type\":\"ReadAction\",\"target\":[\"https:\\\/\\\/lda.be\\\/fr\\\/produit\\\/verin-a-tige-guidee-grc-serie\\\/\"]}]},{\"@type\":\"ImageObject\",\"inLanguage\":\"fr-FR\",\"@id\":\"https:\\\/\\\/lda.be\\\/fr\\\/produit\\\/verin-a-tige-guidee-grc-serie\\\/#primaryimage\",\"url\":\"https:\\\/\\\/lda.be\\\/wp-content\\\/uploads\\\/2025\\\/12\\\/GRC-serie-guided-cylinder.webp\",\"contentUrl\":\"https:\\\/\\\/lda.be\\\/wp-content\\\/uploads\\\/2025\\\/12\\\/GRC-serie-guided-cylinder.webp\",\"width\":1080,\"height\":1080,\"caption\":\"GRC serie guided cylinder\"},{\"@type\":\"BreadcrumbList\",\"@id\":\"https:\\\/\\\/lda.be\\\/fr\\\/produit\\\/verin-a-tige-guidee-grc-serie\\\/#breadcrumb\",\"itemListElement\":[{\"@type\":\"ListItem\",\"position\":1,\"name\":\"Accueil\",\"item\":\"https:\\\/\\\/lda.be\\\/fr\\\/\"},{\"@type\":\"ListItem\",\"position\":2,\"name\":\"Produits\",\"item\":\"https:\\\/\\\/lda.be\\\/fr\\\/produits\\\/\"},{\"@type\":\"ListItem\",\"position\":3,\"name\":\"v\u00e9rin \u00e0 tige guid\u00e9e GRC s\u00e9rie\"}]},{\"@type\":\"WebSite\",\"@id\":\"https:\\\/\\\/lda.be\\\/fr\\\/#website\",\"url\":\"https:\\\/\\\/lda.be\\\/fr\\\/\",\"name\":\"LDA Belgium\",\"description\":\"Solutions For Life\",\"publisher\":{\"@id\":\"https:\\\/\\\/lda.be\\\/fr\\\/#organization\"},\"potentialAction\":[{\"@type\":\"SearchAction\",\"target\":{\"@type\":\"EntryPoint\",\"urlTemplate\":\"https:\\\/\\\/lda.be\\\/fr\\\/?s={search_term_string}\"},\"query-input\":{\"@type\":\"PropertyValueSpecification\",\"valueRequired\":true,\"valueName\":\"search_term_string\"}}],\"inLanguage\":\"fr-FR\"},{\"@type\":\"Organization\",\"@id\":\"https:\\\/\\\/lda.be\\\/fr\\\/#organization\",\"name\":\"LDA Belgium\",\"url\":\"https:\\\/\\\/lda.be\\\/fr\\\/\",\"logo\":{\"@type\":\"ImageObject\",\"inLanguage\":\"fr-FR\",\"@id\":\"https:\\\/\\\/lda.be\\\/fr\\\/#\\\/schema\\\/logo\\\/image\\\/\",\"url\":\"https:\\\/\\\/lda.be\\\/wp-content\\\/uploads\\\/2022\\\/07\\\/Logo-LDA.webp\",\"contentUrl\":\"https:\\\/\\\/lda.be\\\/wp-content\\\/uploads\\\/2022\\\/07\\\/Logo-LDA.webp\",\"width\":311,\"height\":101,\"caption\":\"LDA Belgium\"},\"image\":{\"@id\":\"https:\\\/\\\/lda.be\\\/fr\\\/#\\\/schema\\\/logo\\\/image\\\/\"},\"sameAs\":[\"https:\\\/\\\/www.linkedin.com\\\/company\\\/lda-belgium-nv\"]}]}<\/script>\n<!-- \/ Yoast SEO plugin. -->","yoast_head_json":{"title":"v\u00e9rin \u00e0 tige guid\u00e9e GRC s\u00e9rie - LDA Belgique","description":"V\u00e9rin \u00e0 tige guid\u00e9e (GRC) avec piston ENERSORB\u2122 pour une automatisation silencieuse et pr\u00e9cise. L\u00e9ger, durable et adaptable.","robots":{"index":"index","follow":"follow","max-snippet":"max-snippet:-1","max-image-preview":"max-image-preview:large","max-video-preview":"max-video-preview:-1"},"canonical":"https:\/\/lda.be\/fr\/produit\/verin-a-tige-guidee-grc-serie\/","og_locale":"fr_FR","og_type":"article","og_title":"v\u00e9rin \u00e0 tige guid\u00e9e GRC s\u00e9rie - LDA Belgique","og_description":"V\u00e9rin \u00e0 tige guid\u00e9e (GRC) avec piston ENERSORB\u2122 pour une automatisation silencieuse et pr\u00e9cise. L\u00e9ger, durable et adaptable.","og_url":"https:\/\/lda.be\/fr\/produit\/verin-a-tige-guidee-grc-serie\/","og_site_name":"LDA Belgique","article_modified_time":"2025-12-11T14:00:45+00:00","og_image":[{"width":1080,"height":1080,"url":"https:\/\/lda.be\/wp-content\/uploads\/2025\/12\/GRC-serie-guided-cylinder.webp","type":"image\/webp"}],"twitter_card":"summary_large_image","twitter_misc":{"Dur\u00e9e de lecture estim\u00e9e":"1 minute"},"schema":{"@context":"https:\/\/schema.org","@graph":[{"@type":"WebPage","@id":"https:\/\/lda.be\/fr\/produit\/verin-a-tige-guidee-grc-serie\/","url":"https:\/\/lda.be\/fr\/produit\/verin-a-tige-guidee-grc-serie\/","name":"v\u00e9rin \u00e0 tige guid\u00e9e GRC s\u00e9rie - LDA Belgique","isPartOf":{"@id":"https:\/\/lda.be\/fr\/#website"},"primaryImageOfPage":{"@id":"https:\/\/lda.be\/fr\/produit\/verin-a-tige-guidee-grc-serie\/#primaryimage"},"image":{"@id":"https:\/\/lda.be\/fr\/produit\/verin-a-tige-guidee-grc-serie\/#primaryimage"},"thumbnailUrl":"https:\/\/lda.be\/wp-content\/uploads\/2025\/12\/GRC-serie-guided-cylinder.webp","datePublished":"2025-12-11T13:48:12+00:00","dateModified":"2025-12-11T14:00:45+00:00","description":"V\u00e9rin \u00e0 tige guid\u00e9e (GRC) avec piston ENERSORB\u2122 pour une automatisation silencieuse et pr\u00e9cise. L\u00e9ger, durable et adaptable.","breadcrumb":{"@id":"https:\/\/lda.be\/fr\/produit\/verin-a-tige-guidee-grc-serie\/#breadcrumb"},"inLanguage":"fr-FR","potentialAction":[{"@type":"ReadAction","target":["https:\/\/lda.be\/fr\/produit\/verin-a-tige-guidee-grc-serie\/"]}]},{"@type":"ImageObject","inLanguage":"fr-FR","@id":"https:\/\/lda.be\/fr\/produit\/verin-a-tige-guidee-grc-serie\/#primaryimage","url":"https:\/\/lda.be\/wp-content\/uploads\/2025\/12\/GRC-serie-guided-cylinder.webp","contentUrl":"https:\/\/lda.be\/wp-content\/uploads\/2025\/12\/GRC-serie-guided-cylinder.webp","width":1080,"height":1080,"caption":"GRC serie guided cylinder"},{"@type":"BreadcrumbList","@id":"https:\/\/lda.be\/fr\/produit\/verin-a-tige-guidee-grc-serie\/#breadcrumb","itemListElement":[{"@type":"ListItem","position":1,"name":"Accueil","item":"https:\/\/lda.be\/fr\/"},{"@type":"ListItem","position":2,"name":"Produits","item":"https:\/\/lda.be\/fr\/produits\/"},{"@type":"ListItem","position":3,"name":"v\u00e9rin \u00e0 tige guid\u00e9e GRC s\u00e9rie"}]},{"@type":"WebSite","@id":"https:\/\/lda.be\/fr\/#website","url":"https:\/\/lda.be\/fr\/","name":"LDA Belgium","description":"Solutions For Life","publisher":{"@id":"https:\/\/lda.be\/fr\/#organization"},"potentialAction":[{"@type":"SearchAction","target":{"@type":"EntryPoint","urlTemplate":"https:\/\/lda.be\/fr\/?s={search_term_string}"},"query-input":{"@type":"PropertyValueSpecification","valueRequired":true,"valueName":"search_term_string"}}],"inLanguage":"fr-FR"},{"@type":"Organization","@id":"https:\/\/lda.be\/fr\/#organization","name":"LDA Belgium","url":"https:\/\/lda.be\/fr\/","logo":{"@type":"ImageObject","inLanguage":"fr-FR","@id":"https:\/\/lda.be\/fr\/#\/schema\/logo\/image\/","url":"https:\/\/lda.be\/wp-content\/uploads\/2022\/07\/Logo-LDA.webp","contentUrl":"https:\/\/lda.be\/wp-content\/uploads\/2022\/07\/Logo-LDA.webp","width":311,"height":101,"caption":"LDA Belgium"},"image":{"@id":"https:\/\/lda.be\/fr\/#\/schema\/logo\/image\/"},"sameAs":["https:\/\/www.linkedin.com\/company\/lda-belgium-nv"]}]}},"_links":{"self":[{"href":"https:\/\/lda.be\/fr\/wp-json\/wp\/v2\/product\/14205","targetHints":{"allow":["GET"]}}],"collection":[{"href":"https:\/\/lda.be\/fr\/wp-json\/wp\/v2\/product"}],"about":[{"href":"https:\/\/lda.be\/fr\/wp-json\/wp\/v2\/types\/product"}],"replies":[{"embeddable":true,"href":"https:\/\/lda.be\/fr\/wp-json\/wp\/v2\/comments?post=14205"}],"wp:featuredmedia":[{"embeddable":true,"href":"https:\/\/lda.be\/fr\/wp-json\/wp\/v2\/media\/14202"}],"wp:attachment":[{"href":"https:\/\/lda.be\/fr\/wp-json\/wp\/v2\/media?parent=14205"}],"wp:term":[{"taxonomy":"product_brand","embeddable":true,"href":"https:\/\/lda.be\/fr\/wp-json\/wp\/v2\/product_brand?post=14205"},{"taxonomy":"product_cat","embeddable":true,"href":"https:\/\/lda.be\/fr\/wp-json\/wp\/v2\/product_cat?post=14205"},{"taxonomy":"product_tag","embeddable":true,"href":"https:\/\/lda.be\/fr\/wp-json\/wp\/v2\/product_tag?post=14205"}],"curies":[{"name":"wp","href":"https:\/\/api.w.org\/{rel}","templated":true}]}}