{"id":14217,"date":"2025-12-11T15:49:21","date_gmt":"2025-12-11T14:49:21","guid":{"rendered":"https:\/\/lda.be\/?post_type=product&#038;p=14217"},"modified":"2025-12-11T15:59:58","modified_gmt":"2025-12-11T14:59:58","slug":"glissieres-guidees-de-la-serie-gs","status":"publish","type":"product","link":"https:\/\/lda.be\/fr\/produit\/glissieres-guidees-de-la-serie-gs\/","title":{"rendered":"glissi\u00e8res guid\u00e9es de la s\u00e9rie GS"},"content":{"rendered":"<p>Les glissi\u00e8res guid\u00e9es de la s\u00e9rie GS offrent un design compact et \u00e9lanc\u00e9 avec une capacit\u00e9 de charge \u00e9lev\u00e9e et une longue dur\u00e9e de vie. Ces glissi\u00e8res sont disponibles en cinq tailles d&#8217;al\u00e9sage et des courses jusqu&#8217;\u00e0 75 mm. Elles sont \u00e9quip\u00e9es de paliers composites auto-lubrifiants et de coussinets en ur\u00e9thane pour un fonctionnement fluide et silencieux. Convient \u00e0 diverses applications industrielles.<\/p>\n","protected":false},"excerpt":{"rendered":"<p>Les glissi\u00e8res guid\u00e9es de la s\u00e9rie GS offrent un design compact et \u00e9lanc\u00e9 avec une capacit\u00e9 de charge \u00e9lev\u00e9e et une longue dur\u00e9e de vie. Ces glissi\u00e8res sont disponibles en cinq tailles d&#8217;al\u00e9sage et des courses jusqu&#8217;\u00e0 75 mm. Elles sont \u00e9quip\u00e9es de paliers composites auto-lubrifiants et de coussinets en ur\u00e9thane pour un fonctionnement fluide [&hellip;]<\/p>\n","protected":false},"featured_media":14213,"comment_status":"closed","ping_status":"closed","template":"","meta":[],"product_brand":[1856],"product_cat":[1050],"product_tag":[],"class_list":{"0":"post-14217","1":"product","2":"type-product","3":"status-publish","4":"has-post-thumbnail","6":"product_brand-cap","7":"product_cat-verins-guides","9":"first","10":"instock","11":"shipping-taxable","12":"product-type-simple"},"yoast_head":"<!-- This site is optimized with the Yoast SEO plugin v27.3 - https:\/\/yoast.com\/product\/yoast-seo-wordpress\/ -->\n<title>glissi\u00e8res guid\u00e9es de la s\u00e9rie GS - LDA Belgique<\/title>\n<meta name=\"description\" content=\"S\u00e9rie GS de glissi\u00e8res guid\u00e9es pour des mouvements lin\u00e9aires pr\u00e9cis dans l&#039;automatisation industrielle. Design compact, capacit\u00e9 de charge \u00e9lev\u00e9e et paliers auto-lubrifiants.\" \/>\n<meta name=\"robots\" content=\"index, follow, max-snippet:-1, max-image-preview:large, max-video-preview:-1\" \/>\n<link rel=\"canonical\" href=\"https:\/\/lda.be\/fr\/produit\/glissieres-guidees-de-la-serie-gs\/\" \/>\n<meta property=\"og:locale\" content=\"fr_FR\" \/>\n<meta property=\"og:type\" content=\"article\" \/>\n<meta property=\"og:title\" content=\"glissi\u00e8res guid\u00e9es de la s\u00e9rie GS - LDA Belgique\" \/>\n<meta property=\"og:description\" content=\"S\u00e9rie GS de glissi\u00e8res guid\u00e9es pour des mouvements lin\u00e9aires pr\u00e9cis dans l&#039;automatisation industrielle. Design compact, capacit\u00e9 de charge \u00e9lev\u00e9e et paliers auto-lubrifiants.\" \/>\n<meta property=\"og:url\" content=\"https:\/\/lda.be\/fr\/produit\/glissieres-guidees-de-la-serie-gs\/\" \/>\n<meta property=\"og:site_name\" content=\"LDA Belgique\" \/>\n<meta property=\"article:modified_time\" content=\"2025-12-11T14:59:58+00:00\" \/>\n<meta property=\"og:image\" content=\"https:\/\/lda.be\/wp-content\/uploads\/2025\/12\/Linear-Slides-and-Guided-Slides.webp\" \/>\n\t<meta property=\"og:image:width\" content=\"1080\" \/>\n\t<meta property=\"og:image:height\" content=\"1080\" \/>\n\t<meta property=\"og:image:type\" content=\"image\/webp\" \/>\n<meta name=\"twitter:card\" content=\"summary_large_image\" \/>\n<meta name=\"twitter:label1\" content=\"Dur\u00e9e de lecture estim\u00e9e\" \/>\n\t<meta name=\"twitter:data1\" content=\"1 minute\" \/>\n<script type=\"application\/ld+json\" class=\"yoast-schema-graph\">{\"@context\":\"https:\\\/\\\/schema.org\",\"@graph\":[{\"@type\":\"WebPage\",\"@id\":\"https:\\\/\\\/lda.be\\\/fr\\\/produit\\\/glissieres-guidees-de-la-serie-gs\\\/\",\"url\":\"https:\\\/\\\/lda.be\\\/fr\\\/produit\\\/glissieres-guidees-de-la-serie-gs\\\/\",\"name\":\"glissi\u00e8res guid\u00e9es de la s\u00e9rie GS - LDA Belgique\",\"isPartOf\":{\"@id\":\"https:\\\/\\\/lda.be\\\/fr\\\/#website\"},\"primaryImageOfPage\":{\"@id\":\"https:\\\/\\\/lda.be\\\/fr\\\/produit\\\/glissieres-guidees-de-la-serie-gs\\\/#primaryimage\"},\"image\":{\"@id\":\"https:\\\/\\\/lda.be\\\/fr\\\/produit\\\/glissieres-guidees-de-la-serie-gs\\\/#primaryimage\"},\"thumbnailUrl\":\"https:\\\/\\\/lda.be\\\/wp-content\\\/uploads\\\/2025\\\/12\\\/Linear-Slides-and-Guided-Slides.webp\",\"datePublished\":\"2025-12-11T14:49:21+00:00\",\"dateModified\":\"2025-12-11T14:59:58+00:00\",\"description\":\"S\u00e9rie GS de glissi\u00e8res guid\u00e9es pour des mouvements lin\u00e9aires pr\u00e9cis dans l'automatisation industrielle. Design compact, capacit\u00e9 de charge \u00e9lev\u00e9e et paliers auto-lubrifiants.\",\"breadcrumb\":{\"@id\":\"https:\\\/\\\/lda.be\\\/fr\\\/produit\\\/glissieres-guidees-de-la-serie-gs\\\/#breadcrumb\"},\"inLanguage\":\"fr-FR\",\"potentialAction\":[{\"@type\":\"ReadAction\",\"target\":[\"https:\\\/\\\/lda.be\\\/fr\\\/produit\\\/glissieres-guidees-de-la-serie-gs\\\/\"]}]},{\"@type\":\"ImageObject\",\"inLanguage\":\"fr-FR\",\"@id\":\"https:\\\/\\\/lda.be\\\/fr\\\/produit\\\/glissieres-guidees-de-la-serie-gs\\\/#primaryimage\",\"url\":\"https:\\\/\\\/lda.be\\\/wp-content\\\/uploads\\\/2025\\\/12\\\/Linear-Slides-and-Guided-Slides.webp\",\"contentUrl\":\"https:\\\/\\\/lda.be\\\/wp-content\\\/uploads\\\/2025\\\/12\\\/Linear-Slides-and-Guided-Slides.webp\",\"width\":1080,\"height\":1080,\"caption\":\"Linear Slides and Guided Slides\"},{\"@type\":\"BreadcrumbList\",\"@id\":\"https:\\\/\\\/lda.be\\\/fr\\\/produit\\\/glissieres-guidees-de-la-serie-gs\\\/#breadcrumb\",\"itemListElement\":[{\"@type\":\"ListItem\",\"position\":1,\"name\":\"Accueil\",\"item\":\"https:\\\/\\\/lda.be\\\/fr\\\/\"},{\"@type\":\"ListItem\",\"position\":2,\"name\":\"Produits\",\"item\":\"https:\\\/\\\/lda.be\\\/fr\\\/produits\\\/\"},{\"@type\":\"ListItem\",\"position\":3,\"name\":\"glissi\u00e8res guid\u00e9es de la s\u00e9rie GS\"}]},{\"@type\":\"WebSite\",\"@id\":\"https:\\\/\\\/lda.be\\\/fr\\\/#website\",\"url\":\"https:\\\/\\\/lda.be\\\/fr\\\/\",\"name\":\"LDA Belgium\",\"description\":\"Solutions For Life\",\"publisher\":{\"@id\":\"https:\\\/\\\/lda.be\\\/fr\\\/#organization\"},\"potentialAction\":[{\"@type\":\"SearchAction\",\"target\":{\"@type\":\"EntryPoint\",\"urlTemplate\":\"https:\\\/\\\/lda.be\\\/fr\\\/?s={search_term_string}\"},\"query-input\":{\"@type\":\"PropertyValueSpecification\",\"valueRequired\":true,\"valueName\":\"search_term_string\"}}],\"inLanguage\":\"fr-FR\"},{\"@type\":\"Organization\",\"@id\":\"https:\\\/\\\/lda.be\\\/fr\\\/#organization\",\"name\":\"LDA Belgium\",\"url\":\"https:\\\/\\\/lda.be\\\/fr\\\/\",\"logo\":{\"@type\":\"ImageObject\",\"inLanguage\":\"fr-FR\",\"@id\":\"https:\\\/\\\/lda.be\\\/fr\\\/#\\\/schema\\\/logo\\\/image\\\/\",\"url\":\"https:\\\/\\\/lda.be\\\/wp-content\\\/uploads\\\/2022\\\/07\\\/Logo-LDA.webp\",\"contentUrl\":\"https:\\\/\\\/lda.be\\\/wp-content\\\/uploads\\\/2022\\\/07\\\/Logo-LDA.webp\",\"width\":311,\"height\":101,\"caption\":\"LDA Belgium\"},\"image\":{\"@id\":\"https:\\\/\\\/lda.be\\\/fr\\\/#\\\/schema\\\/logo\\\/image\\\/\"},\"sameAs\":[\"https:\\\/\\\/www.linkedin.com\\\/company\\\/lda-belgium-nv\"]}]}<\/script>\n<!-- \/ Yoast SEO plugin. -->","yoast_head_json":{"title":"glissi\u00e8res guid\u00e9es de la s\u00e9rie GS - LDA Belgique","description":"S\u00e9rie GS de glissi\u00e8res guid\u00e9es pour des mouvements lin\u00e9aires pr\u00e9cis dans l'automatisation industrielle. Design compact, capacit\u00e9 de charge \u00e9lev\u00e9e et paliers auto-lubrifiants.","robots":{"index":"index","follow":"follow","max-snippet":"max-snippet:-1","max-image-preview":"max-image-preview:large","max-video-preview":"max-video-preview:-1"},"canonical":"https:\/\/lda.be\/fr\/produit\/glissieres-guidees-de-la-serie-gs\/","og_locale":"fr_FR","og_type":"article","og_title":"glissi\u00e8res guid\u00e9es de la s\u00e9rie GS - LDA Belgique","og_description":"S\u00e9rie GS de glissi\u00e8res guid\u00e9es pour des mouvements lin\u00e9aires pr\u00e9cis dans l'automatisation industrielle. Design compact, capacit\u00e9 de charge \u00e9lev\u00e9e et paliers auto-lubrifiants.","og_url":"https:\/\/lda.be\/fr\/produit\/glissieres-guidees-de-la-serie-gs\/","og_site_name":"LDA Belgique","article_modified_time":"2025-12-11T14:59:58+00:00","og_image":[{"width":1080,"height":1080,"url":"https:\/\/lda.be\/wp-content\/uploads\/2025\/12\/Linear-Slides-and-Guided-Slides.webp","type":"image\/webp"}],"twitter_card":"summary_large_image","twitter_misc":{"Dur\u00e9e de lecture estim\u00e9e":"1 minute"},"schema":{"@context":"https:\/\/schema.org","@graph":[{"@type":"WebPage","@id":"https:\/\/lda.be\/fr\/produit\/glissieres-guidees-de-la-serie-gs\/","url":"https:\/\/lda.be\/fr\/produit\/glissieres-guidees-de-la-serie-gs\/","name":"glissi\u00e8res guid\u00e9es de la s\u00e9rie GS - LDA Belgique","isPartOf":{"@id":"https:\/\/lda.be\/fr\/#website"},"primaryImageOfPage":{"@id":"https:\/\/lda.be\/fr\/produit\/glissieres-guidees-de-la-serie-gs\/#primaryimage"},"image":{"@id":"https:\/\/lda.be\/fr\/produit\/glissieres-guidees-de-la-serie-gs\/#primaryimage"},"thumbnailUrl":"https:\/\/lda.be\/wp-content\/uploads\/2025\/12\/Linear-Slides-and-Guided-Slides.webp","datePublished":"2025-12-11T14:49:21+00:00","dateModified":"2025-12-11T14:59:58+00:00","description":"S\u00e9rie GS de glissi\u00e8res guid\u00e9es pour des mouvements lin\u00e9aires pr\u00e9cis dans l'automatisation industrielle. Design compact, capacit\u00e9 de charge \u00e9lev\u00e9e et paliers auto-lubrifiants.","breadcrumb":{"@id":"https:\/\/lda.be\/fr\/produit\/glissieres-guidees-de-la-serie-gs\/#breadcrumb"},"inLanguage":"fr-FR","potentialAction":[{"@type":"ReadAction","target":["https:\/\/lda.be\/fr\/produit\/glissieres-guidees-de-la-serie-gs\/"]}]},{"@type":"ImageObject","inLanguage":"fr-FR","@id":"https:\/\/lda.be\/fr\/produit\/glissieres-guidees-de-la-serie-gs\/#primaryimage","url":"https:\/\/lda.be\/wp-content\/uploads\/2025\/12\/Linear-Slides-and-Guided-Slides.webp","contentUrl":"https:\/\/lda.be\/wp-content\/uploads\/2025\/12\/Linear-Slides-and-Guided-Slides.webp","width":1080,"height":1080,"caption":"Linear Slides and Guided Slides"},{"@type":"BreadcrumbList","@id":"https:\/\/lda.be\/fr\/produit\/glissieres-guidees-de-la-serie-gs\/#breadcrumb","itemListElement":[{"@type":"ListItem","position":1,"name":"Accueil","item":"https:\/\/lda.be\/fr\/"},{"@type":"ListItem","position":2,"name":"Produits","item":"https:\/\/lda.be\/fr\/produits\/"},{"@type":"ListItem","position":3,"name":"glissi\u00e8res guid\u00e9es de la s\u00e9rie GS"}]},{"@type":"WebSite","@id":"https:\/\/lda.be\/fr\/#website","url":"https:\/\/lda.be\/fr\/","name":"LDA Belgium","description":"Solutions For Life","publisher":{"@id":"https:\/\/lda.be\/fr\/#organization"},"potentialAction":[{"@type":"SearchAction","target":{"@type":"EntryPoint","urlTemplate":"https:\/\/lda.be\/fr\/?s={search_term_string}"},"query-input":{"@type":"PropertyValueSpecification","valueRequired":true,"valueName":"search_term_string"}}],"inLanguage":"fr-FR"},{"@type":"Organization","@id":"https:\/\/lda.be\/fr\/#organization","name":"LDA Belgium","url":"https:\/\/lda.be\/fr\/","logo":{"@type":"ImageObject","inLanguage":"fr-FR","@id":"https:\/\/lda.be\/fr\/#\/schema\/logo\/image\/","url":"https:\/\/lda.be\/wp-content\/uploads\/2022\/07\/Logo-LDA.webp","contentUrl":"https:\/\/lda.be\/wp-content\/uploads\/2022\/07\/Logo-LDA.webp","width":311,"height":101,"caption":"LDA Belgium"},"image":{"@id":"https:\/\/lda.be\/fr\/#\/schema\/logo\/image\/"},"sameAs":["https:\/\/www.linkedin.com\/company\/lda-belgium-nv"]}]}},"_links":{"self":[{"href":"https:\/\/lda.be\/fr\/wp-json\/wp\/v2\/product\/14217","targetHints":{"allow":["GET"]}}],"collection":[{"href":"https:\/\/lda.be\/fr\/wp-json\/wp\/v2\/product"}],"about":[{"href":"https:\/\/lda.be\/fr\/wp-json\/wp\/v2\/types\/product"}],"replies":[{"embeddable":true,"href":"https:\/\/lda.be\/fr\/wp-json\/wp\/v2\/comments?post=14217"}],"wp:featuredmedia":[{"embeddable":true,"href":"https:\/\/lda.be\/fr\/wp-json\/wp\/v2\/media\/14213"}],"wp:attachment":[{"href":"https:\/\/lda.be\/fr\/wp-json\/wp\/v2\/media?parent=14217"}],"wp:term":[{"taxonomy":"product_brand","embeddable":true,"href":"https:\/\/lda.be\/fr\/wp-json\/wp\/v2\/product_brand?post=14217"},{"taxonomy":"product_cat","embeddable":true,"href":"https:\/\/lda.be\/fr\/wp-json\/wp\/v2\/product_cat?post=14217"},{"taxonomy":"product_tag","embeddable":true,"href":"https:\/\/lda.be\/fr\/wp-json\/wp\/v2\/product_tag?post=14217"}],"curies":[{"name":"wp","href":"https:\/\/api.w.org\/{rel}","templated":true}]}}