{"id":14263,"date":"2025-12-16T14:19:20","date_gmt":"2025-12-16T13:19:20","guid":{"rendered":"https:\/\/lda.be\/?post_type=product&#038;p=14263"},"modified":"2025-12-16T14:28:39","modified_gmt":"2025-12-16T13:28:39","slug":"airstroke-soufflet-a-simple-convolut","status":"publish","type":"product","link":"https:\/\/lda.be\/fr\/produit\/airstroke-soufflet-a-simple-convolut\/","title":{"rendered":"AIRSTROKE : Soufflet \u00e0 simple convolut"},"content":{"rendered":"<p>Les soufflets Firestone simple convolut sont des syst\u00e8mes \u00e9lastom\u00e8res pour l&#8217;actionnement et l&#8217;isolation des vibrations. Ils fournissent force et rigidit\u00e9 \u00e0 diff\u00e9rentes pressions et conviennent aux applications industrielles comme le positionnement et la compensation de charge.<\/p>\n","protected":false},"excerpt":{"rendered":"<p>Les soufflets Firestone simple convolut sont des syst\u00e8mes \u00e9lastom\u00e8res pour l&#8217;actionnement et l&#8217;isolation des vibrations. Ils fournissent force et rigidit\u00e9 \u00e0 diff\u00e9rentes pressions et conviennent aux applications industrielles comme le positionnement et la compensation de charge.<\/p>\n","protected":false},"featured_media":14258,"comment_status":"closed","ping_status":"closed","template":"","meta":[],"product_brand":[],"product_cat":[1042],"product_tag":[],"class_list":{"0":"post-14263","1":"product","2":"type-product","3":"status-publish","4":"has-post-thumbnail","6":"product_cat-actuateurs-coussins-dair-fr","8":"first","9":"instock","10":"shipping-taxable","11":"product-type-simple"},"yoast_head":"<!-- This site is optimized with the Yoast SEO plugin v27.3 - https:\/\/yoast.com\/product\/yoast-seo-wordpress\/ -->\n<title>AIRSTROKE : Soufflet \u00e0 simple convolut - LDA Belgique<\/title>\n<meta name=\"description\" content=\"AIRSTROKE : Soufflet \u00e0 simple convolut pour actionnement et isolation des vibrations. Adapt\u00e9s aux applications industrielles avec force et rigidit\u00e9 variables.\" \/>\n<meta name=\"robots\" content=\"index, follow, max-snippet:-1, max-image-preview:large, max-video-preview:-1\" \/>\n<link rel=\"canonical\" href=\"https:\/\/lda.be\/fr\/produit\/airstroke-soufflet-a-simple-convolut\/\" \/>\n<meta property=\"og:locale\" content=\"fr_FR\" \/>\n<meta property=\"og:type\" content=\"article\" \/>\n<meta property=\"og:title\" content=\"AIRSTROKE : Soufflet \u00e0 simple convolut - LDA Belgique\" \/>\n<meta property=\"og:description\" content=\"AIRSTROKE : Soufflet \u00e0 simple convolut pour actionnement et isolation des vibrations. Adapt\u00e9s aux applications industrielles avec force et rigidit\u00e9 variables.\" \/>\n<meta property=\"og:url\" content=\"https:\/\/lda.be\/fr\/produit\/airstroke-soufflet-a-simple-convolut\/\" \/>\n<meta property=\"og:site_name\" content=\"LDA Belgique\" \/>\n<meta property=\"article:modified_time\" content=\"2025-12-16T13:28:39+00:00\" \/>\n<meta property=\"og:image\" content=\"https:\/\/lda.be\/wp-content\/uploads\/2025\/12\/AIRSTROKE-Luchtbalg-enkele-convolutie-Project.webp\" \/>\n\t<meta property=\"og:image:width\" content=\"1080\" \/>\n\t<meta property=\"og:image:height\" content=\"1080\" \/>\n\t<meta property=\"og:image:type\" content=\"image\/webp\" \/>\n<meta name=\"twitter:card\" content=\"summary_large_image\" \/>\n<meta name=\"twitter:label1\" content=\"Dur\u00e9e de lecture estim\u00e9e\" \/>\n\t<meta name=\"twitter:data1\" content=\"1 minute\" \/>\n<script type=\"application\/ld+json\" class=\"yoast-schema-graph\">{\"@context\":\"https:\\\/\\\/schema.org\",\"@graph\":[{\"@type\":\"WebPage\",\"@id\":\"https:\\\/\\\/lda.be\\\/fr\\\/produit\\\/airstroke-soufflet-a-simple-convolut\\\/\",\"url\":\"https:\\\/\\\/lda.be\\\/fr\\\/produit\\\/airstroke-soufflet-a-simple-convolut\\\/\",\"name\":\"AIRSTROKE : Soufflet \u00e0 simple convolut - LDA Belgique\",\"isPartOf\":{\"@id\":\"https:\\\/\\\/lda.be\\\/fr\\\/#website\"},\"primaryImageOfPage\":{\"@id\":\"https:\\\/\\\/lda.be\\\/fr\\\/produit\\\/airstroke-soufflet-a-simple-convolut\\\/#primaryimage\"},\"image\":{\"@id\":\"https:\\\/\\\/lda.be\\\/fr\\\/produit\\\/airstroke-soufflet-a-simple-convolut\\\/#primaryimage\"},\"thumbnailUrl\":\"https:\\\/\\\/lda.be\\\/wp-content\\\/uploads\\\/2025\\\/12\\\/AIRSTROKE-Luchtbalg-enkele-convolutie-Project.webp\",\"datePublished\":\"2025-12-16T13:19:20+00:00\",\"dateModified\":\"2025-12-16T13:28:39+00:00\",\"description\":\"AIRSTROKE : Soufflet \u00e0 simple convolut pour actionnement et isolation des vibrations. Adapt\u00e9s aux applications industrielles avec force et rigidit\u00e9 variables.\",\"breadcrumb\":{\"@id\":\"https:\\\/\\\/lda.be\\\/fr\\\/produit\\\/airstroke-soufflet-a-simple-convolut\\\/#breadcrumb\"},\"inLanguage\":\"fr-FR\",\"potentialAction\":[{\"@type\":\"ReadAction\",\"target\":[\"https:\\\/\\\/lda.be\\\/fr\\\/produit\\\/airstroke-soufflet-a-simple-convolut\\\/\"]}]},{\"@type\":\"ImageObject\",\"inLanguage\":\"fr-FR\",\"@id\":\"https:\\\/\\\/lda.be\\\/fr\\\/produit\\\/airstroke-soufflet-a-simple-convolut\\\/#primaryimage\",\"url\":\"https:\\\/\\\/lda.be\\\/wp-content\\\/uploads\\\/2025\\\/12\\\/AIRSTROKE-Luchtbalg-enkele-convolutie-Project.webp\",\"contentUrl\":\"https:\\\/\\\/lda.be\\\/wp-content\\\/uploads\\\/2025\\\/12\\\/AIRSTROKE-Luchtbalg-enkele-convolutie-Project.webp\",\"width\":1080,\"height\":1080,\"caption\":\"AIRSTROKE Luchtbalg enkele convolutie van Firestone\"},{\"@type\":\"BreadcrumbList\",\"@id\":\"https:\\\/\\\/lda.be\\\/fr\\\/produit\\\/airstroke-soufflet-a-simple-convolut\\\/#breadcrumb\",\"itemListElement\":[{\"@type\":\"ListItem\",\"position\":1,\"name\":\"Accueil\",\"item\":\"https:\\\/\\\/lda.be\\\/fr\\\/\"},{\"@type\":\"ListItem\",\"position\":2,\"name\":\"Produits\",\"item\":\"https:\\\/\\\/lda.be\\\/fr\\\/produits\\\/\"},{\"@type\":\"ListItem\",\"position\":3,\"name\":\"AIRSTROKE : Soufflet \u00e0 simple convolut\"}]},{\"@type\":\"WebSite\",\"@id\":\"https:\\\/\\\/lda.be\\\/fr\\\/#website\",\"url\":\"https:\\\/\\\/lda.be\\\/fr\\\/\",\"name\":\"LDA Belgium\",\"description\":\"Solutions For Life\",\"publisher\":{\"@id\":\"https:\\\/\\\/lda.be\\\/fr\\\/#organization\"},\"potentialAction\":[{\"@type\":\"SearchAction\",\"target\":{\"@type\":\"EntryPoint\",\"urlTemplate\":\"https:\\\/\\\/lda.be\\\/fr\\\/?s={search_term_string}\"},\"query-input\":{\"@type\":\"PropertyValueSpecification\",\"valueRequired\":true,\"valueName\":\"search_term_string\"}}],\"inLanguage\":\"fr-FR\"},{\"@type\":\"Organization\",\"@id\":\"https:\\\/\\\/lda.be\\\/fr\\\/#organization\",\"name\":\"LDA Belgium\",\"url\":\"https:\\\/\\\/lda.be\\\/fr\\\/\",\"logo\":{\"@type\":\"ImageObject\",\"inLanguage\":\"fr-FR\",\"@id\":\"https:\\\/\\\/lda.be\\\/fr\\\/#\\\/schema\\\/logo\\\/image\\\/\",\"url\":\"https:\\\/\\\/lda.be\\\/wp-content\\\/uploads\\\/2022\\\/07\\\/Logo-LDA.webp\",\"contentUrl\":\"https:\\\/\\\/lda.be\\\/wp-content\\\/uploads\\\/2022\\\/07\\\/Logo-LDA.webp\",\"width\":311,\"height\":101,\"caption\":\"LDA Belgium\"},\"image\":{\"@id\":\"https:\\\/\\\/lda.be\\\/fr\\\/#\\\/schema\\\/logo\\\/image\\\/\"},\"sameAs\":[\"https:\\\/\\\/www.linkedin.com\\\/company\\\/lda-belgium-nv\"]}]}<\/script>\n<!-- \/ Yoast SEO plugin. -->","yoast_head_json":{"title":"AIRSTROKE : Soufflet \u00e0 simple convolut - LDA Belgique","description":"AIRSTROKE : Soufflet \u00e0 simple convolut pour actionnement et isolation des vibrations. Adapt\u00e9s aux applications industrielles avec force et rigidit\u00e9 variables.","robots":{"index":"index","follow":"follow","max-snippet":"max-snippet:-1","max-image-preview":"max-image-preview:large","max-video-preview":"max-video-preview:-1"},"canonical":"https:\/\/lda.be\/fr\/produit\/airstroke-soufflet-a-simple-convolut\/","og_locale":"fr_FR","og_type":"article","og_title":"AIRSTROKE : Soufflet \u00e0 simple convolut - LDA Belgique","og_description":"AIRSTROKE : Soufflet \u00e0 simple convolut pour actionnement et isolation des vibrations. Adapt\u00e9s aux applications industrielles avec force et rigidit\u00e9 variables.","og_url":"https:\/\/lda.be\/fr\/produit\/airstroke-soufflet-a-simple-convolut\/","og_site_name":"LDA Belgique","article_modified_time":"2025-12-16T13:28:39+00:00","og_image":[{"width":1080,"height":1080,"url":"https:\/\/lda.be\/wp-content\/uploads\/2025\/12\/AIRSTROKE-Luchtbalg-enkele-convolutie-Project.webp","type":"image\/webp"}],"twitter_card":"summary_large_image","twitter_misc":{"Dur\u00e9e de lecture estim\u00e9e":"1 minute"},"schema":{"@context":"https:\/\/schema.org","@graph":[{"@type":"WebPage","@id":"https:\/\/lda.be\/fr\/produit\/airstroke-soufflet-a-simple-convolut\/","url":"https:\/\/lda.be\/fr\/produit\/airstroke-soufflet-a-simple-convolut\/","name":"AIRSTROKE : Soufflet \u00e0 simple convolut - LDA Belgique","isPartOf":{"@id":"https:\/\/lda.be\/fr\/#website"},"primaryImageOfPage":{"@id":"https:\/\/lda.be\/fr\/produit\/airstroke-soufflet-a-simple-convolut\/#primaryimage"},"image":{"@id":"https:\/\/lda.be\/fr\/produit\/airstroke-soufflet-a-simple-convolut\/#primaryimage"},"thumbnailUrl":"https:\/\/lda.be\/wp-content\/uploads\/2025\/12\/AIRSTROKE-Luchtbalg-enkele-convolutie-Project.webp","datePublished":"2025-12-16T13:19:20+00:00","dateModified":"2025-12-16T13:28:39+00:00","description":"AIRSTROKE : Soufflet \u00e0 simple convolut pour actionnement et isolation des vibrations. Adapt\u00e9s aux applications industrielles avec force et rigidit\u00e9 variables.","breadcrumb":{"@id":"https:\/\/lda.be\/fr\/produit\/airstroke-soufflet-a-simple-convolut\/#breadcrumb"},"inLanguage":"fr-FR","potentialAction":[{"@type":"ReadAction","target":["https:\/\/lda.be\/fr\/produit\/airstroke-soufflet-a-simple-convolut\/"]}]},{"@type":"ImageObject","inLanguage":"fr-FR","@id":"https:\/\/lda.be\/fr\/produit\/airstroke-soufflet-a-simple-convolut\/#primaryimage","url":"https:\/\/lda.be\/wp-content\/uploads\/2025\/12\/AIRSTROKE-Luchtbalg-enkele-convolutie-Project.webp","contentUrl":"https:\/\/lda.be\/wp-content\/uploads\/2025\/12\/AIRSTROKE-Luchtbalg-enkele-convolutie-Project.webp","width":1080,"height":1080,"caption":"AIRSTROKE Luchtbalg enkele convolutie van Firestone"},{"@type":"BreadcrumbList","@id":"https:\/\/lda.be\/fr\/produit\/airstroke-soufflet-a-simple-convolut\/#breadcrumb","itemListElement":[{"@type":"ListItem","position":1,"name":"Accueil","item":"https:\/\/lda.be\/fr\/"},{"@type":"ListItem","position":2,"name":"Produits","item":"https:\/\/lda.be\/fr\/produits\/"},{"@type":"ListItem","position":3,"name":"AIRSTROKE : Soufflet \u00e0 simple convolut"}]},{"@type":"WebSite","@id":"https:\/\/lda.be\/fr\/#website","url":"https:\/\/lda.be\/fr\/","name":"LDA Belgium","description":"Solutions For Life","publisher":{"@id":"https:\/\/lda.be\/fr\/#organization"},"potentialAction":[{"@type":"SearchAction","target":{"@type":"EntryPoint","urlTemplate":"https:\/\/lda.be\/fr\/?s={search_term_string}"},"query-input":{"@type":"PropertyValueSpecification","valueRequired":true,"valueName":"search_term_string"}}],"inLanguage":"fr-FR"},{"@type":"Organization","@id":"https:\/\/lda.be\/fr\/#organization","name":"LDA Belgium","url":"https:\/\/lda.be\/fr\/","logo":{"@type":"ImageObject","inLanguage":"fr-FR","@id":"https:\/\/lda.be\/fr\/#\/schema\/logo\/image\/","url":"https:\/\/lda.be\/wp-content\/uploads\/2022\/07\/Logo-LDA.webp","contentUrl":"https:\/\/lda.be\/wp-content\/uploads\/2022\/07\/Logo-LDA.webp","width":311,"height":101,"caption":"LDA Belgium"},"image":{"@id":"https:\/\/lda.be\/fr\/#\/schema\/logo\/image\/"},"sameAs":["https:\/\/www.linkedin.com\/company\/lda-belgium-nv"]}]}},"_links":{"self":[{"href":"https:\/\/lda.be\/fr\/wp-json\/wp\/v2\/product\/14263","targetHints":{"allow":["GET"]}}],"collection":[{"href":"https:\/\/lda.be\/fr\/wp-json\/wp\/v2\/product"}],"about":[{"href":"https:\/\/lda.be\/fr\/wp-json\/wp\/v2\/types\/product"}],"replies":[{"embeddable":true,"href":"https:\/\/lda.be\/fr\/wp-json\/wp\/v2\/comments?post=14263"}],"wp:featuredmedia":[{"embeddable":true,"href":"https:\/\/lda.be\/fr\/wp-json\/wp\/v2\/media\/14258"}],"wp:attachment":[{"href":"https:\/\/lda.be\/fr\/wp-json\/wp\/v2\/media?parent=14263"}],"wp:term":[{"taxonomy":"product_brand","embeddable":true,"href":"https:\/\/lda.be\/fr\/wp-json\/wp\/v2\/product_brand?post=14263"},{"taxonomy":"product_cat","embeddable":true,"href":"https:\/\/lda.be\/fr\/wp-json\/wp\/v2\/product_cat?post=14263"},{"taxonomy":"product_tag","embeddable":true,"href":"https:\/\/lda.be\/fr\/wp-json\/wp\/v2\/product_tag?post=14263"}],"curies":[{"name":"wp","href":"https:\/\/api.w.org\/{rel}","templated":true}]}}