{"id":14293,"date":"2025-12-16T16:10:38","date_gmt":"2025-12-16T15:10:38","guid":{"rendered":"https:\/\/lda.be\/?post_type=product&#038;p=14293"},"modified":"2025-12-16T16:27:38","modified_gmt":"2025-12-16T15:27:38","slug":"airstroke-manchon-reversible","status":"publish","type":"product","link":"https:\/\/lda.be\/fr\/produit\/airstroke-manchon-reversible\/","title":{"rendered":"AIRSTROKE : Manchon r\u00e9versible"},"content":{"rendered":"<p>Les manchons r\u00e9versibles Firestone sont des soufflets con\u00e7us pour l&#8217;isolation des vibrations dans des applications industrielles. Ils offrent une force et une rigidit\u00e9 variables \u00e0 diff\u00e9rentes pressions et conviennent aux charges statiques et dynamiques. La construction r\u00e9versible permet une utilisation flexible dans diverses situations de montage.<\/p>\n","protected":false},"excerpt":{"rendered":"<p>Les manchons r\u00e9versibles Firestone sont des soufflets con\u00e7us pour l&#8217;isolation des vibrations dans des applications industrielles. Ils offrent une force et une rigidit\u00e9 variables \u00e0 diff\u00e9rentes pressions et conviennent aux charges statiques et dynamiques. La construction r\u00e9versible permet une utilisation flexible dans diverses situations de montage.<\/p>\n","protected":false},"featured_media":14287,"comment_status":"closed","ping_status":"closed","template":"","meta":[],"product_brand":[],"product_cat":[1042],"product_tag":[],"class_list":{"0":"post-14293","1":"product","2":"type-product","3":"status-publish","4":"has-post-thumbnail","6":"product_cat-actuateurs-coussins-dair-fr","8":"first","9":"instock","10":"shipping-taxable","11":"product-type-simple"},"yoast_head":"<!-- This site is optimized with the Yoast SEO plugin v27.3 - https:\/\/yoast.com\/product\/yoast-seo-wordpress\/ -->\n<title>AIRSTROKE : Manchon r\u00e9versible - LDA Belgique<\/title>\n<meta name=\"description\" content=\"Manchons r\u00e9versibles Firestone pour isolation des vibrations. Force et rigidit\u00e9 variables \u00e0 diff\u00e9rentes pressions pour applications industrielles.\" \/>\n<meta name=\"robots\" content=\"index, follow, max-snippet:-1, max-image-preview:large, max-video-preview:-1\" \/>\n<link rel=\"canonical\" href=\"https:\/\/lda.be\/fr\/produit\/airstroke-manchon-reversible\/\" \/>\n<meta property=\"og:locale\" content=\"fr_FR\" \/>\n<meta property=\"og:type\" content=\"article\" \/>\n<meta property=\"og:title\" content=\"AIRSTROKE : Manchon r\u00e9versible - LDA Belgique\" \/>\n<meta property=\"og:description\" content=\"Manchons r\u00e9versibles Firestone pour isolation des vibrations. Force et rigidit\u00e9 variables \u00e0 diff\u00e9rentes pressions pour applications industrielles.\" \/>\n<meta property=\"og:url\" content=\"https:\/\/lda.be\/fr\/produit\/airstroke-manchon-reversible\/\" \/>\n<meta property=\"og:site_name\" content=\"LDA Belgique\" \/>\n<meta property=\"article:modified_time\" content=\"2025-12-16T15:27:38+00:00\" \/>\n<meta property=\"og:image\" content=\"https:\/\/lda.be\/wp-content\/uploads\/2025\/12\/AIRSTROKE_-Reversible-Sleeve.webp\" \/>\n\t<meta property=\"og:image:width\" content=\"1080\" \/>\n\t<meta property=\"og:image:height\" content=\"1080\" \/>\n\t<meta property=\"og:image:type\" content=\"image\/webp\" \/>\n<meta name=\"twitter:card\" content=\"summary_large_image\" \/>\n<meta name=\"twitter:label1\" content=\"Dur\u00e9e de lecture estim\u00e9e\" \/>\n\t<meta name=\"twitter:data1\" content=\"1 minute\" \/>\n<script type=\"application\/ld+json\" class=\"yoast-schema-graph\">{\"@context\":\"https:\\\/\\\/schema.org\",\"@graph\":[{\"@type\":\"WebPage\",\"@id\":\"https:\\\/\\\/lda.be\\\/fr\\\/produit\\\/airstroke-manchon-reversible\\\/\",\"url\":\"https:\\\/\\\/lda.be\\\/fr\\\/produit\\\/airstroke-manchon-reversible\\\/\",\"name\":\"AIRSTROKE : Manchon r\u00e9versible - LDA Belgique\",\"isPartOf\":{\"@id\":\"https:\\\/\\\/lda.be\\\/fr\\\/#website\"},\"primaryImageOfPage\":{\"@id\":\"https:\\\/\\\/lda.be\\\/fr\\\/produit\\\/airstroke-manchon-reversible\\\/#primaryimage\"},\"image\":{\"@id\":\"https:\\\/\\\/lda.be\\\/fr\\\/produit\\\/airstroke-manchon-reversible\\\/#primaryimage\"},\"thumbnailUrl\":\"https:\\\/\\\/lda.be\\\/wp-content\\\/uploads\\\/2025\\\/12\\\/AIRSTROKE_-Reversible-Sleeve.webp\",\"datePublished\":\"2025-12-16T15:10:38+00:00\",\"dateModified\":\"2025-12-16T15:27:38+00:00\",\"description\":\"Manchons r\u00e9versibles Firestone pour isolation des vibrations. Force et rigidit\u00e9 variables \u00e0 diff\u00e9rentes pressions pour applications industrielles.\",\"breadcrumb\":{\"@id\":\"https:\\\/\\\/lda.be\\\/fr\\\/produit\\\/airstroke-manchon-reversible\\\/#breadcrumb\"},\"inLanguage\":\"fr-FR\",\"potentialAction\":[{\"@type\":\"ReadAction\",\"target\":[\"https:\\\/\\\/lda.be\\\/fr\\\/produit\\\/airstroke-manchon-reversible\\\/\"]}]},{\"@type\":\"ImageObject\",\"inLanguage\":\"fr-FR\",\"@id\":\"https:\\\/\\\/lda.be\\\/fr\\\/produit\\\/airstroke-manchon-reversible\\\/#primaryimage\",\"url\":\"https:\\\/\\\/lda.be\\\/wp-content\\\/uploads\\\/2025\\\/12\\\/AIRSTROKE_-Reversible-Sleeve.webp\",\"contentUrl\":\"https:\\\/\\\/lda.be\\\/wp-content\\\/uploads\\\/2025\\\/12\\\/AIRSTROKE_-Reversible-Sleeve.webp\",\"width\":1080,\"height\":1080},{\"@type\":\"BreadcrumbList\",\"@id\":\"https:\\\/\\\/lda.be\\\/fr\\\/produit\\\/airstroke-manchon-reversible\\\/#breadcrumb\",\"itemListElement\":[{\"@type\":\"ListItem\",\"position\":1,\"name\":\"Accueil\",\"item\":\"https:\\\/\\\/lda.be\\\/fr\\\/\"},{\"@type\":\"ListItem\",\"position\":2,\"name\":\"Produits\",\"item\":\"https:\\\/\\\/lda.be\\\/fr\\\/produits\\\/\"},{\"@type\":\"ListItem\",\"position\":3,\"name\":\"AIRSTROKE : Manchon r\u00e9versible\"}]},{\"@type\":\"WebSite\",\"@id\":\"https:\\\/\\\/lda.be\\\/fr\\\/#website\",\"url\":\"https:\\\/\\\/lda.be\\\/fr\\\/\",\"name\":\"LDA Belgium\",\"description\":\"Solutions For Life\",\"publisher\":{\"@id\":\"https:\\\/\\\/lda.be\\\/fr\\\/#organization\"},\"potentialAction\":[{\"@type\":\"SearchAction\",\"target\":{\"@type\":\"EntryPoint\",\"urlTemplate\":\"https:\\\/\\\/lda.be\\\/fr\\\/?s={search_term_string}\"},\"query-input\":{\"@type\":\"PropertyValueSpecification\",\"valueRequired\":true,\"valueName\":\"search_term_string\"}}],\"inLanguage\":\"fr-FR\"},{\"@type\":\"Organization\",\"@id\":\"https:\\\/\\\/lda.be\\\/fr\\\/#organization\",\"name\":\"LDA Belgium\",\"url\":\"https:\\\/\\\/lda.be\\\/fr\\\/\",\"logo\":{\"@type\":\"ImageObject\",\"inLanguage\":\"fr-FR\",\"@id\":\"https:\\\/\\\/lda.be\\\/fr\\\/#\\\/schema\\\/logo\\\/image\\\/\",\"url\":\"https:\\\/\\\/lda.be\\\/wp-content\\\/uploads\\\/2022\\\/07\\\/Logo-LDA.webp\",\"contentUrl\":\"https:\\\/\\\/lda.be\\\/wp-content\\\/uploads\\\/2022\\\/07\\\/Logo-LDA.webp\",\"width\":311,\"height\":101,\"caption\":\"LDA Belgium\"},\"image\":{\"@id\":\"https:\\\/\\\/lda.be\\\/fr\\\/#\\\/schema\\\/logo\\\/image\\\/\"},\"sameAs\":[\"https:\\\/\\\/www.linkedin.com\\\/company\\\/lda-belgium-nv\"]}]}<\/script>\n<!-- \/ Yoast SEO plugin. -->","yoast_head_json":{"title":"AIRSTROKE : Manchon r\u00e9versible - LDA Belgique","description":"Manchons r\u00e9versibles Firestone pour isolation des vibrations. Force et rigidit\u00e9 variables \u00e0 diff\u00e9rentes pressions pour applications industrielles.","robots":{"index":"index","follow":"follow","max-snippet":"max-snippet:-1","max-image-preview":"max-image-preview:large","max-video-preview":"max-video-preview:-1"},"canonical":"https:\/\/lda.be\/fr\/produit\/airstroke-manchon-reversible\/","og_locale":"fr_FR","og_type":"article","og_title":"AIRSTROKE : Manchon r\u00e9versible - LDA Belgique","og_description":"Manchons r\u00e9versibles Firestone pour isolation des vibrations. Force et rigidit\u00e9 variables \u00e0 diff\u00e9rentes pressions pour applications industrielles.","og_url":"https:\/\/lda.be\/fr\/produit\/airstroke-manchon-reversible\/","og_site_name":"LDA Belgique","article_modified_time":"2025-12-16T15:27:38+00:00","og_image":[{"width":1080,"height":1080,"url":"https:\/\/lda.be\/wp-content\/uploads\/2025\/12\/AIRSTROKE_-Reversible-Sleeve.webp","type":"image\/webp"}],"twitter_card":"summary_large_image","twitter_misc":{"Dur\u00e9e de lecture estim\u00e9e":"1 minute"},"schema":{"@context":"https:\/\/schema.org","@graph":[{"@type":"WebPage","@id":"https:\/\/lda.be\/fr\/produit\/airstroke-manchon-reversible\/","url":"https:\/\/lda.be\/fr\/produit\/airstroke-manchon-reversible\/","name":"AIRSTROKE : Manchon r\u00e9versible - LDA Belgique","isPartOf":{"@id":"https:\/\/lda.be\/fr\/#website"},"primaryImageOfPage":{"@id":"https:\/\/lda.be\/fr\/produit\/airstroke-manchon-reversible\/#primaryimage"},"image":{"@id":"https:\/\/lda.be\/fr\/produit\/airstroke-manchon-reversible\/#primaryimage"},"thumbnailUrl":"https:\/\/lda.be\/wp-content\/uploads\/2025\/12\/AIRSTROKE_-Reversible-Sleeve.webp","datePublished":"2025-12-16T15:10:38+00:00","dateModified":"2025-12-16T15:27:38+00:00","description":"Manchons r\u00e9versibles Firestone pour isolation des vibrations. Force et rigidit\u00e9 variables \u00e0 diff\u00e9rentes pressions pour applications industrielles.","breadcrumb":{"@id":"https:\/\/lda.be\/fr\/produit\/airstroke-manchon-reversible\/#breadcrumb"},"inLanguage":"fr-FR","potentialAction":[{"@type":"ReadAction","target":["https:\/\/lda.be\/fr\/produit\/airstroke-manchon-reversible\/"]}]},{"@type":"ImageObject","inLanguage":"fr-FR","@id":"https:\/\/lda.be\/fr\/produit\/airstroke-manchon-reversible\/#primaryimage","url":"https:\/\/lda.be\/wp-content\/uploads\/2025\/12\/AIRSTROKE_-Reversible-Sleeve.webp","contentUrl":"https:\/\/lda.be\/wp-content\/uploads\/2025\/12\/AIRSTROKE_-Reversible-Sleeve.webp","width":1080,"height":1080},{"@type":"BreadcrumbList","@id":"https:\/\/lda.be\/fr\/produit\/airstroke-manchon-reversible\/#breadcrumb","itemListElement":[{"@type":"ListItem","position":1,"name":"Accueil","item":"https:\/\/lda.be\/fr\/"},{"@type":"ListItem","position":2,"name":"Produits","item":"https:\/\/lda.be\/fr\/produits\/"},{"@type":"ListItem","position":3,"name":"AIRSTROKE : Manchon r\u00e9versible"}]},{"@type":"WebSite","@id":"https:\/\/lda.be\/fr\/#website","url":"https:\/\/lda.be\/fr\/","name":"LDA Belgium","description":"Solutions For Life","publisher":{"@id":"https:\/\/lda.be\/fr\/#organization"},"potentialAction":[{"@type":"SearchAction","target":{"@type":"EntryPoint","urlTemplate":"https:\/\/lda.be\/fr\/?s={search_term_string}"},"query-input":{"@type":"PropertyValueSpecification","valueRequired":true,"valueName":"search_term_string"}}],"inLanguage":"fr-FR"},{"@type":"Organization","@id":"https:\/\/lda.be\/fr\/#organization","name":"LDA Belgium","url":"https:\/\/lda.be\/fr\/","logo":{"@type":"ImageObject","inLanguage":"fr-FR","@id":"https:\/\/lda.be\/fr\/#\/schema\/logo\/image\/","url":"https:\/\/lda.be\/wp-content\/uploads\/2022\/07\/Logo-LDA.webp","contentUrl":"https:\/\/lda.be\/wp-content\/uploads\/2022\/07\/Logo-LDA.webp","width":311,"height":101,"caption":"LDA Belgium"},"image":{"@id":"https:\/\/lda.be\/fr\/#\/schema\/logo\/image\/"},"sameAs":["https:\/\/www.linkedin.com\/company\/lda-belgium-nv"]}]}},"_links":{"self":[{"href":"https:\/\/lda.be\/fr\/wp-json\/wp\/v2\/product\/14293","targetHints":{"allow":["GET"]}}],"collection":[{"href":"https:\/\/lda.be\/fr\/wp-json\/wp\/v2\/product"}],"about":[{"href":"https:\/\/lda.be\/fr\/wp-json\/wp\/v2\/types\/product"}],"replies":[{"embeddable":true,"href":"https:\/\/lda.be\/fr\/wp-json\/wp\/v2\/comments?post=14293"}],"wp:featuredmedia":[{"embeddable":true,"href":"https:\/\/lda.be\/fr\/wp-json\/wp\/v2\/media\/14287"}],"wp:attachment":[{"href":"https:\/\/lda.be\/fr\/wp-json\/wp\/v2\/media?parent=14293"}],"wp:term":[{"taxonomy":"product_brand","embeddable":true,"href":"https:\/\/lda.be\/fr\/wp-json\/wp\/v2\/product_brand?post=14293"},{"taxonomy":"product_cat","embeddable":true,"href":"https:\/\/lda.be\/fr\/wp-json\/wp\/v2\/product_cat?post=14293"},{"taxonomy":"product_tag","embeddable":true,"href":"https:\/\/lda.be\/fr\/wp-json\/wp\/v2\/product_tag?post=14293"}],"curies":[{"name":"wp","href":"https:\/\/api.w.org\/{rel}","templated":true}]}}