{"id":14319,"date":"2025-12-17T14:27:14","date_gmt":"2025-12-17T13:27:14","guid":{"rendered":"https:\/\/lda.be\/?post_type=product&#038;p=14319"},"modified":"2025-12-17T14:45:33","modified_gmt":"2025-12-17T13:45:33","slug":"pince-de-la-serie-grr","status":"publish","type":"product","link":"https:\/\/lda.be\/fr\/produit\/pince-de-la-serie-grr\/","title":{"rendered":"Pince de la s\u00e9rie GRR"},"content":{"rendered":"<p>Les Pr\u00e9henseur de la s\u00e9rie GRR sont des pinces parall\u00e8les pneumatiques \u00e0 haute capacit\u00e9. Elles offrent une largeur \u00e9troite et une large gamme de d\u00e9placements de m\u00e2choires. Leur conception compacte assure une force de pr\u00e9hension \u00e9lev\u00e9e et des capacit\u00e9s de moment importantes avec un faible poids global. Les pinces sont \u00e0 double effet pour des fonctions de pr\u00e9hension internes et externes.<\/p>\n<p><strong>Options<\/strong><\/p>\n<ul>\n<li><strong>Z1:<\/strong> Rev\u00eatement anti-corrosion sur les parties externes expos\u00e9es<\/li>\n<li><strong>L9:<\/strong> Unit\u00e9 m\u00e9trique avec ports NPT<\/li>\n<li><strong>V1:<\/strong> Joints en fluoro\u00e9lastom\u00e8re<\/li>\n<li><strong>H47:<\/strong> M\u00e9canisme Rodlok pour verrouillage des m\u00e2choires en position statique<\/li>\n<li><strong>SPP99:<\/strong> Capteur de position de m\u00e2choire rotatif<\/li>\n<li><strong>STT99:<\/strong> Capteur de position de m\u00e2choire rotatif coupl\u00e9<\/li>\n<\/ul>\n","protected":false},"excerpt":{"rendered":"<p>Les Pr\u00e9henseur de la s\u00e9rie GRR sont des pinces parall\u00e8les pneumatiques \u00e0 haute capacit\u00e9. Elles offrent une largeur \u00e9troite et une large gamme de d\u00e9placements de m\u00e2choires. Leur conception compacte assure une force de pr\u00e9hension \u00e9lev\u00e9e et des capacit\u00e9s de moment importantes avec un faible poids global. Les pinces sont \u00e0 double effet pour des [&hellip;]<\/p>\n","protected":false},"featured_media":14313,"comment_status":"closed","ping_status":"closed","template":"","meta":[],"product_brand":[1858],"product_cat":[1084],"product_tag":[],"class_list":{"0":"post-14319","1":"product","2":"type-product","3":"status-publish","4":"has-post-thumbnail","6":"product_brand-grippers","7":"product_cat-pinces-a-serrage-parallele","9":"first","10":"instock","11":"shipping-taxable","12":"product-type-simple"},"yoast_head":"<!-- This site is optimized with the Yoast SEO plugin v27.3 - https:\/\/yoast.com\/product\/yoast-seo-wordpress\/ -->\n<title>Pince de la s\u00e9rie GRR - LDA Belgique<\/title>\n<meta name=\"description\" content=\"Pinces parall\u00e8les pneumatiques s\u00e9rie GRR \u00e0 haute capacit\u00e9. Conception \u00e9troite, force de pr\u00e9hension \u00e9lev\u00e9e et grandes capacit\u00e9s de moment pour applications industrielles.\" \/>\n<meta name=\"robots\" content=\"index, follow, max-snippet:-1, max-image-preview:large, max-video-preview:-1\" \/>\n<link rel=\"canonical\" href=\"https:\/\/lda.be\/fr\/produit\/pince-de-la-serie-grr\/\" \/>\n<meta property=\"og:locale\" content=\"fr_FR\" \/>\n<meta property=\"og:type\" content=\"article\" \/>\n<meta property=\"og:title\" content=\"Pince de la s\u00e9rie GRR - LDA Belgique\" \/>\n<meta property=\"og:description\" content=\"Pinces parall\u00e8les pneumatiques s\u00e9rie GRR \u00e0 haute capacit\u00e9. Conception \u00e9troite, force de pr\u00e9hension \u00e9lev\u00e9e et grandes capacit\u00e9s de moment pour applications industrielles.\" \/>\n<meta property=\"og:url\" content=\"https:\/\/lda.be\/fr\/produit\/pince-de-la-serie-grr\/\" \/>\n<meta property=\"og:site_name\" content=\"LDA Belgique\" \/>\n<meta property=\"article:modified_time\" content=\"2025-12-17T13:45:33+00:00\" \/>\n<meta property=\"og:image\" content=\"https:\/\/lda.be\/wp-content\/uploads\/2025\/12\/Series-GRR-Guardian\u00ae-High-Capacity-Pneumatic-Parallel-Gripper.webp\" \/>\n\t<meta property=\"og:image:width\" content=\"1080\" \/>\n\t<meta property=\"og:image:height\" content=\"1080\" \/>\n\t<meta property=\"og:image:type\" content=\"image\/webp\" \/>\n<meta name=\"twitter:card\" content=\"summary_large_image\" \/>\n<meta name=\"twitter:label1\" content=\"Dur\u00e9e de lecture estim\u00e9e\" \/>\n\t<meta name=\"twitter:data1\" content=\"1 minute\" \/>\n<script type=\"application\/ld+json\" class=\"yoast-schema-graph\">{\"@context\":\"https:\\\/\\\/schema.org\",\"@graph\":[{\"@type\":\"WebPage\",\"@id\":\"https:\\\/\\\/lda.be\\\/fr\\\/produit\\\/pince-de-la-serie-grr\\\/\",\"url\":\"https:\\\/\\\/lda.be\\\/fr\\\/produit\\\/pince-de-la-serie-grr\\\/\",\"name\":\"Pince de la s\u00e9rie GRR - LDA Belgique\",\"isPartOf\":{\"@id\":\"https:\\\/\\\/lda.be\\\/fr\\\/#website\"},\"primaryImageOfPage\":{\"@id\":\"https:\\\/\\\/lda.be\\\/fr\\\/produit\\\/pince-de-la-serie-grr\\\/#primaryimage\"},\"image\":{\"@id\":\"https:\\\/\\\/lda.be\\\/fr\\\/produit\\\/pince-de-la-serie-grr\\\/#primaryimage\"},\"thumbnailUrl\":\"https:\\\/\\\/lda.be\\\/wp-content\\\/uploads\\\/2025\\\/12\\\/Series-GRR-Guardian\u00ae-High-Capacity-Pneumatic-Parallel-Gripper.webp\",\"datePublished\":\"2025-12-17T13:27:14+00:00\",\"dateModified\":\"2025-12-17T13:45:33+00:00\",\"description\":\"Pinces parall\u00e8les pneumatiques s\u00e9rie GRR \u00e0 haute capacit\u00e9. Conception \u00e9troite, force de pr\u00e9hension \u00e9lev\u00e9e et grandes capacit\u00e9s de moment pour applications industrielles.\",\"breadcrumb\":{\"@id\":\"https:\\\/\\\/lda.be\\\/fr\\\/produit\\\/pince-de-la-serie-grr\\\/#breadcrumb\"},\"inLanguage\":\"fr-FR\",\"potentialAction\":[{\"@type\":\"ReadAction\",\"target\":[\"https:\\\/\\\/lda.be\\\/fr\\\/produit\\\/pince-de-la-serie-grr\\\/\"]}]},{\"@type\":\"ImageObject\",\"inLanguage\":\"fr-FR\",\"@id\":\"https:\\\/\\\/lda.be\\\/fr\\\/produit\\\/pince-de-la-serie-grr\\\/#primaryimage\",\"url\":\"https:\\\/\\\/lda.be\\\/wp-content\\\/uploads\\\/2025\\\/12\\\/Series-GRR-Guardian\u00ae-High-Capacity-Pneumatic-Parallel-Gripper.webp\",\"contentUrl\":\"https:\\\/\\\/lda.be\\\/wp-content\\\/uploads\\\/2025\\\/12\\\/Series-GRR-Guardian\u00ae-High-Capacity-Pneumatic-Parallel-Gripper.webp\",\"width\":1080,\"height\":1080,\"caption\":\"Series GRR Guardian\u00ae High Capacity Pneumatic Parallel Gripper\"},{\"@type\":\"BreadcrumbList\",\"@id\":\"https:\\\/\\\/lda.be\\\/fr\\\/produit\\\/pince-de-la-serie-grr\\\/#breadcrumb\",\"itemListElement\":[{\"@type\":\"ListItem\",\"position\":1,\"name\":\"Accueil\",\"item\":\"https:\\\/\\\/lda.be\\\/fr\\\/\"},{\"@type\":\"ListItem\",\"position\":2,\"name\":\"Produits\",\"item\":\"https:\\\/\\\/lda.be\\\/fr\\\/produits\\\/\"},{\"@type\":\"ListItem\",\"position\":3,\"name\":\"Pince de la s\u00e9rie GRR\"}]},{\"@type\":\"WebSite\",\"@id\":\"https:\\\/\\\/lda.be\\\/fr\\\/#website\",\"url\":\"https:\\\/\\\/lda.be\\\/fr\\\/\",\"name\":\"LDA Belgium\",\"description\":\"Solutions For Life\",\"publisher\":{\"@id\":\"https:\\\/\\\/lda.be\\\/fr\\\/#organization\"},\"potentialAction\":[{\"@type\":\"SearchAction\",\"target\":{\"@type\":\"EntryPoint\",\"urlTemplate\":\"https:\\\/\\\/lda.be\\\/fr\\\/?s={search_term_string}\"},\"query-input\":{\"@type\":\"PropertyValueSpecification\",\"valueRequired\":true,\"valueName\":\"search_term_string\"}}],\"inLanguage\":\"fr-FR\"},{\"@type\":\"Organization\",\"@id\":\"https:\\\/\\\/lda.be\\\/fr\\\/#organization\",\"name\":\"LDA Belgium\",\"url\":\"https:\\\/\\\/lda.be\\\/fr\\\/\",\"logo\":{\"@type\":\"ImageObject\",\"inLanguage\":\"fr-FR\",\"@id\":\"https:\\\/\\\/lda.be\\\/fr\\\/#\\\/schema\\\/logo\\\/image\\\/\",\"url\":\"https:\\\/\\\/lda.be\\\/wp-content\\\/uploads\\\/2022\\\/07\\\/Logo-LDA.webp\",\"contentUrl\":\"https:\\\/\\\/lda.be\\\/wp-content\\\/uploads\\\/2022\\\/07\\\/Logo-LDA.webp\",\"width\":311,\"height\":101,\"caption\":\"LDA Belgium\"},\"image\":{\"@id\":\"https:\\\/\\\/lda.be\\\/fr\\\/#\\\/schema\\\/logo\\\/image\\\/\"},\"sameAs\":[\"https:\\\/\\\/www.linkedin.com\\\/company\\\/lda-belgium-nv\"]}]}<\/script>\n<!-- \/ Yoast SEO plugin. -->","yoast_head_json":{"title":"Pince de la s\u00e9rie GRR - LDA Belgique","description":"Pinces parall\u00e8les pneumatiques s\u00e9rie GRR \u00e0 haute capacit\u00e9. Conception \u00e9troite, force de pr\u00e9hension \u00e9lev\u00e9e et grandes capacit\u00e9s de moment pour applications industrielles.","robots":{"index":"index","follow":"follow","max-snippet":"max-snippet:-1","max-image-preview":"max-image-preview:large","max-video-preview":"max-video-preview:-1"},"canonical":"https:\/\/lda.be\/fr\/produit\/pince-de-la-serie-grr\/","og_locale":"fr_FR","og_type":"article","og_title":"Pince de la s\u00e9rie GRR - LDA Belgique","og_description":"Pinces parall\u00e8les pneumatiques s\u00e9rie GRR \u00e0 haute capacit\u00e9. Conception \u00e9troite, force de pr\u00e9hension \u00e9lev\u00e9e et grandes capacit\u00e9s de moment pour applications industrielles.","og_url":"https:\/\/lda.be\/fr\/produit\/pince-de-la-serie-grr\/","og_site_name":"LDA Belgique","article_modified_time":"2025-12-17T13:45:33+00:00","og_image":[{"width":1080,"height":1080,"url":"https:\/\/lda.be\/wp-content\/uploads\/2025\/12\/Series-GRR-Guardian\u00ae-High-Capacity-Pneumatic-Parallel-Gripper.webp","type":"image\/webp"}],"twitter_card":"summary_large_image","twitter_misc":{"Dur\u00e9e de lecture estim\u00e9e":"1 minute"},"schema":{"@context":"https:\/\/schema.org","@graph":[{"@type":"WebPage","@id":"https:\/\/lda.be\/fr\/produit\/pince-de-la-serie-grr\/","url":"https:\/\/lda.be\/fr\/produit\/pince-de-la-serie-grr\/","name":"Pince de la s\u00e9rie GRR - LDA Belgique","isPartOf":{"@id":"https:\/\/lda.be\/fr\/#website"},"primaryImageOfPage":{"@id":"https:\/\/lda.be\/fr\/produit\/pince-de-la-serie-grr\/#primaryimage"},"image":{"@id":"https:\/\/lda.be\/fr\/produit\/pince-de-la-serie-grr\/#primaryimage"},"thumbnailUrl":"https:\/\/lda.be\/wp-content\/uploads\/2025\/12\/Series-GRR-Guardian\u00ae-High-Capacity-Pneumatic-Parallel-Gripper.webp","datePublished":"2025-12-17T13:27:14+00:00","dateModified":"2025-12-17T13:45:33+00:00","description":"Pinces parall\u00e8les pneumatiques s\u00e9rie GRR \u00e0 haute capacit\u00e9. Conception \u00e9troite, force de pr\u00e9hension \u00e9lev\u00e9e et grandes capacit\u00e9s de moment pour applications industrielles.","breadcrumb":{"@id":"https:\/\/lda.be\/fr\/produit\/pince-de-la-serie-grr\/#breadcrumb"},"inLanguage":"fr-FR","potentialAction":[{"@type":"ReadAction","target":["https:\/\/lda.be\/fr\/produit\/pince-de-la-serie-grr\/"]}]},{"@type":"ImageObject","inLanguage":"fr-FR","@id":"https:\/\/lda.be\/fr\/produit\/pince-de-la-serie-grr\/#primaryimage","url":"https:\/\/lda.be\/wp-content\/uploads\/2025\/12\/Series-GRR-Guardian\u00ae-High-Capacity-Pneumatic-Parallel-Gripper.webp","contentUrl":"https:\/\/lda.be\/wp-content\/uploads\/2025\/12\/Series-GRR-Guardian\u00ae-High-Capacity-Pneumatic-Parallel-Gripper.webp","width":1080,"height":1080,"caption":"Series GRR Guardian\u00ae High Capacity Pneumatic Parallel Gripper"},{"@type":"BreadcrumbList","@id":"https:\/\/lda.be\/fr\/produit\/pince-de-la-serie-grr\/#breadcrumb","itemListElement":[{"@type":"ListItem","position":1,"name":"Accueil","item":"https:\/\/lda.be\/fr\/"},{"@type":"ListItem","position":2,"name":"Produits","item":"https:\/\/lda.be\/fr\/produits\/"},{"@type":"ListItem","position":3,"name":"Pince de la s\u00e9rie GRR"}]},{"@type":"WebSite","@id":"https:\/\/lda.be\/fr\/#website","url":"https:\/\/lda.be\/fr\/","name":"LDA Belgium","description":"Solutions For Life","publisher":{"@id":"https:\/\/lda.be\/fr\/#organization"},"potentialAction":[{"@type":"SearchAction","target":{"@type":"EntryPoint","urlTemplate":"https:\/\/lda.be\/fr\/?s={search_term_string}"},"query-input":{"@type":"PropertyValueSpecification","valueRequired":true,"valueName":"search_term_string"}}],"inLanguage":"fr-FR"},{"@type":"Organization","@id":"https:\/\/lda.be\/fr\/#organization","name":"LDA Belgium","url":"https:\/\/lda.be\/fr\/","logo":{"@type":"ImageObject","inLanguage":"fr-FR","@id":"https:\/\/lda.be\/fr\/#\/schema\/logo\/image\/","url":"https:\/\/lda.be\/wp-content\/uploads\/2022\/07\/Logo-LDA.webp","contentUrl":"https:\/\/lda.be\/wp-content\/uploads\/2022\/07\/Logo-LDA.webp","width":311,"height":101,"caption":"LDA Belgium"},"image":{"@id":"https:\/\/lda.be\/fr\/#\/schema\/logo\/image\/"},"sameAs":["https:\/\/www.linkedin.com\/company\/lda-belgium-nv"]}]}},"_links":{"self":[{"href":"https:\/\/lda.be\/fr\/wp-json\/wp\/v2\/product\/14319","targetHints":{"allow":["GET"]}}],"collection":[{"href":"https:\/\/lda.be\/fr\/wp-json\/wp\/v2\/product"}],"about":[{"href":"https:\/\/lda.be\/fr\/wp-json\/wp\/v2\/types\/product"}],"replies":[{"embeddable":true,"href":"https:\/\/lda.be\/fr\/wp-json\/wp\/v2\/comments?post=14319"}],"wp:featuredmedia":[{"embeddable":true,"href":"https:\/\/lda.be\/fr\/wp-json\/wp\/v2\/media\/14313"}],"wp:attachment":[{"href":"https:\/\/lda.be\/fr\/wp-json\/wp\/v2\/media?parent=14319"}],"wp:term":[{"taxonomy":"product_brand","embeddable":true,"href":"https:\/\/lda.be\/fr\/wp-json\/wp\/v2\/product_brand?post=14319"},{"taxonomy":"product_cat","embeddable":true,"href":"https:\/\/lda.be\/fr\/wp-json\/wp\/v2\/product_cat?post=14319"},{"taxonomy":"product_tag","embeddable":true,"href":"https:\/\/lda.be\/fr\/wp-json\/wp\/v2\/product_tag?post=14319"}],"curies":[{"name":"wp","href":"https:\/\/api.w.org\/{rel}","templated":true}]}}