{"id":14329,"date":"2025-12-17T15:14:08","date_gmt":"2025-12-17T14:14:08","guid":{"rendered":"https:\/\/lda.be\/?post_type=product&#038;p=14329"},"modified":"2025-12-17T15:44:03","modified_gmt":"2025-12-17T14:44:03","slug":"serie-de-pinces-egrr","status":"publish","type":"product","link":"https:\/\/lda.be\/fr\/produit\/serie-de-pinces-egrr\/","title":{"rendered":"S\u00e9rie de pinces EGRR"},"content":{"rendered":"<p>La pince parall\u00e8le robuste de la s\u00e9rie EGRR est une pince command\u00e9e par servomoteur pour applications industrielles. Elle offre un contr\u00f4le pr\u00e9cis de l&#8217;acc\u00e9l\u00e9ration, de la vitesse et de la position. Le design compact assure une force de pr\u00e9hension \u00e9lev\u00e9e, de grandes capacit\u00e9s de moment, un long d\u00e9placement des m\u00e2choires et un faible poids.<\/p>\n<p><strong>Options<\/strong><\/p>\n<ul>\n<li><strong>Z1:<\/strong> Rev\u00eatement anti-corrosion sur les parties externes expos\u00e9es<\/li>\n<li><strong>V1:<\/strong> Joints en fluoro\u00e9lastom\u00e8re<\/li>\n<li><strong>RW151:<\/strong> R\u00e9ducteur de vitesse de moteur pour adapter le couple et la vitesse de l&#8217;arbre<\/li>\n<li><strong>Wxxxx:<\/strong> Montage de moteur personnalis\u00e9 via configurateur en ligne<\/li>\n<\/ul>\n","protected":false},"excerpt":{"rendered":"<p>La pince parall\u00e8le robuste de la s\u00e9rie EGRR est une pince command\u00e9e par servomoteur pour applications industrielles. Elle offre un contr\u00f4le pr\u00e9cis de l&#8217;acc\u00e9l\u00e9ration, de la vitesse et de la position. Le design compact assure une force de pr\u00e9hension \u00e9lev\u00e9e, de grandes capacit\u00e9s de moment, un long d\u00e9placement des m\u00e2choires et un faible poids. Options [&hellip;]<\/p>\n","protected":false},"featured_media":14325,"comment_status":"closed","ping_status":"closed","template":"","meta":[],"product_brand":[1858,1277],"product_cat":[1084],"product_tag":[],"class_list":{"0":"post-14329","1":"product","2":"type-product","3":"status-publish","4":"has-post-thumbnail","6":"product_brand-grippers","7":"product_brand-phd","8":"product_cat-pinces-a-serrage-parallele","10":"first","11":"instock","12":"shipping-taxable","13":"product-type-simple"},"yoast_head":"<!-- This site is optimized with the Yoast SEO plugin v27.3 - https:\/\/yoast.com\/product\/yoast-seo-wordpress\/ -->\n<title>S\u00e9rie de pinces EGRR - LDA Belgique<\/title>\n<meta name=\"description\" content=\"Pince parall\u00e8le robuste s\u00e9rie EGRR: pince command\u00e9e par servomoteur avec force de pr\u00e9hension \u00e9lev\u00e9e et contr\u00f4le pr\u00e9cis pour applications industrielles.\" \/>\n<meta name=\"robots\" content=\"index, follow, max-snippet:-1, max-image-preview:large, max-video-preview:-1\" \/>\n<link rel=\"canonical\" href=\"https:\/\/lda.be\/fr\/produit\/serie-de-pinces-egrr\/\" \/>\n<meta property=\"og:locale\" content=\"fr_FR\" \/>\n<meta property=\"og:type\" content=\"article\" \/>\n<meta property=\"og:title\" content=\"S\u00e9rie de pinces EGRR - LDA Belgique\" \/>\n<meta property=\"og:description\" content=\"Pince parall\u00e8le robuste s\u00e9rie EGRR: pince command\u00e9e par servomoteur avec force de pr\u00e9hension \u00e9lev\u00e9e et contr\u00f4le pr\u00e9cis pour applications industrielles.\" \/>\n<meta property=\"og:url\" content=\"https:\/\/lda.be\/fr\/produit\/serie-de-pinces-egrr\/\" \/>\n<meta property=\"og:site_name\" content=\"LDA Belgique\" \/>\n<meta property=\"article:modified_time\" content=\"2025-12-17T14:44:03+00:00\" \/>\n<meta property=\"og:image\" content=\"https:\/\/lda.be\/wp-content\/uploads\/2025\/12\/Series-EGRR-High-Capacity-Electric-Parallel-Gripper-1.webp\" \/>\n\t<meta property=\"og:image:width\" content=\"1080\" \/>\n\t<meta property=\"og:image:height\" content=\"1080\" \/>\n\t<meta property=\"og:image:type\" content=\"image\/webp\" \/>\n<meta name=\"twitter:card\" content=\"summary_large_image\" \/>\n<meta name=\"twitter:label1\" content=\"Dur\u00e9e de lecture estim\u00e9e\" \/>\n\t<meta name=\"twitter:data1\" content=\"1 minute\" \/>\n<script type=\"application\/ld+json\" class=\"yoast-schema-graph\">{\"@context\":\"https:\\\/\\\/schema.org\",\"@graph\":[{\"@type\":\"WebPage\",\"@id\":\"https:\\\/\\\/lda.be\\\/fr\\\/produit\\\/serie-de-pinces-egrr\\\/\",\"url\":\"https:\\\/\\\/lda.be\\\/fr\\\/produit\\\/serie-de-pinces-egrr\\\/\",\"name\":\"S\u00e9rie de pinces EGRR - LDA Belgique\",\"isPartOf\":{\"@id\":\"https:\\\/\\\/lda.be\\\/fr\\\/#website\"},\"primaryImageOfPage\":{\"@id\":\"https:\\\/\\\/lda.be\\\/fr\\\/produit\\\/serie-de-pinces-egrr\\\/#primaryimage\"},\"image\":{\"@id\":\"https:\\\/\\\/lda.be\\\/fr\\\/produit\\\/serie-de-pinces-egrr\\\/#primaryimage\"},\"thumbnailUrl\":\"https:\\\/\\\/lda.be\\\/wp-content\\\/uploads\\\/2025\\\/12\\\/Series-EGRR-High-Capacity-Electric-Parallel-Gripper-1.webp\",\"datePublished\":\"2025-12-17T14:14:08+00:00\",\"dateModified\":\"2025-12-17T14:44:03+00:00\",\"description\":\"Pince parall\u00e8le robuste s\u00e9rie EGRR: pince command\u00e9e par servomoteur avec force de pr\u00e9hension \u00e9lev\u00e9e et contr\u00f4le pr\u00e9cis pour applications industrielles.\",\"breadcrumb\":{\"@id\":\"https:\\\/\\\/lda.be\\\/fr\\\/produit\\\/serie-de-pinces-egrr\\\/#breadcrumb\"},\"inLanguage\":\"fr-FR\",\"potentialAction\":[{\"@type\":\"ReadAction\",\"target\":[\"https:\\\/\\\/lda.be\\\/fr\\\/produit\\\/serie-de-pinces-egrr\\\/\"]}]},{\"@type\":\"ImageObject\",\"inLanguage\":\"fr-FR\",\"@id\":\"https:\\\/\\\/lda.be\\\/fr\\\/produit\\\/serie-de-pinces-egrr\\\/#primaryimage\",\"url\":\"https:\\\/\\\/lda.be\\\/wp-content\\\/uploads\\\/2025\\\/12\\\/Series-EGRR-High-Capacity-Electric-Parallel-Gripper-1.webp\",\"contentUrl\":\"https:\\\/\\\/lda.be\\\/wp-content\\\/uploads\\\/2025\\\/12\\\/Series-EGRR-High-Capacity-Electric-Parallel-Gripper-1.webp\",\"width\":1080,\"height\":1080,\"caption\":\"Series EGRR High Capacity Electric Parallel Gripper van PHD\"},{\"@type\":\"BreadcrumbList\",\"@id\":\"https:\\\/\\\/lda.be\\\/fr\\\/produit\\\/serie-de-pinces-egrr\\\/#breadcrumb\",\"itemListElement\":[{\"@type\":\"ListItem\",\"position\":1,\"name\":\"Accueil\",\"item\":\"https:\\\/\\\/lda.be\\\/fr\\\/\"},{\"@type\":\"ListItem\",\"position\":2,\"name\":\"Produits\",\"item\":\"https:\\\/\\\/lda.be\\\/fr\\\/produits\\\/\"},{\"@type\":\"ListItem\",\"position\":3,\"name\":\"S\u00e9rie de pinces EGRR\"}]},{\"@type\":\"WebSite\",\"@id\":\"https:\\\/\\\/lda.be\\\/fr\\\/#website\",\"url\":\"https:\\\/\\\/lda.be\\\/fr\\\/\",\"name\":\"LDA Belgium\",\"description\":\"Solutions For Life\",\"publisher\":{\"@id\":\"https:\\\/\\\/lda.be\\\/fr\\\/#organization\"},\"potentialAction\":[{\"@type\":\"SearchAction\",\"target\":{\"@type\":\"EntryPoint\",\"urlTemplate\":\"https:\\\/\\\/lda.be\\\/fr\\\/?s={search_term_string}\"},\"query-input\":{\"@type\":\"PropertyValueSpecification\",\"valueRequired\":true,\"valueName\":\"search_term_string\"}}],\"inLanguage\":\"fr-FR\"},{\"@type\":\"Organization\",\"@id\":\"https:\\\/\\\/lda.be\\\/fr\\\/#organization\",\"name\":\"LDA Belgium\",\"url\":\"https:\\\/\\\/lda.be\\\/fr\\\/\",\"logo\":{\"@type\":\"ImageObject\",\"inLanguage\":\"fr-FR\",\"@id\":\"https:\\\/\\\/lda.be\\\/fr\\\/#\\\/schema\\\/logo\\\/image\\\/\",\"url\":\"https:\\\/\\\/lda.be\\\/wp-content\\\/uploads\\\/2022\\\/07\\\/Logo-LDA.webp\",\"contentUrl\":\"https:\\\/\\\/lda.be\\\/wp-content\\\/uploads\\\/2022\\\/07\\\/Logo-LDA.webp\",\"width\":311,\"height\":101,\"caption\":\"LDA Belgium\"},\"image\":{\"@id\":\"https:\\\/\\\/lda.be\\\/fr\\\/#\\\/schema\\\/logo\\\/image\\\/\"},\"sameAs\":[\"https:\\\/\\\/www.linkedin.com\\\/company\\\/lda-belgium-nv\"]}]}<\/script>\n<!-- \/ Yoast SEO plugin. -->","yoast_head_json":{"title":"S\u00e9rie de pinces EGRR - LDA Belgique","description":"Pince parall\u00e8le robuste s\u00e9rie EGRR: pince command\u00e9e par servomoteur avec force de pr\u00e9hension \u00e9lev\u00e9e et contr\u00f4le pr\u00e9cis pour applications industrielles.","robots":{"index":"index","follow":"follow","max-snippet":"max-snippet:-1","max-image-preview":"max-image-preview:large","max-video-preview":"max-video-preview:-1"},"canonical":"https:\/\/lda.be\/fr\/produit\/serie-de-pinces-egrr\/","og_locale":"fr_FR","og_type":"article","og_title":"S\u00e9rie de pinces EGRR - LDA Belgique","og_description":"Pince parall\u00e8le robuste s\u00e9rie EGRR: pince command\u00e9e par servomoteur avec force de pr\u00e9hension \u00e9lev\u00e9e et contr\u00f4le pr\u00e9cis pour applications industrielles.","og_url":"https:\/\/lda.be\/fr\/produit\/serie-de-pinces-egrr\/","og_site_name":"LDA Belgique","article_modified_time":"2025-12-17T14:44:03+00:00","og_image":[{"width":1080,"height":1080,"url":"https:\/\/lda.be\/wp-content\/uploads\/2025\/12\/Series-EGRR-High-Capacity-Electric-Parallel-Gripper-1.webp","type":"image\/webp"}],"twitter_card":"summary_large_image","twitter_misc":{"Dur\u00e9e de lecture estim\u00e9e":"1 minute"},"schema":{"@context":"https:\/\/schema.org","@graph":[{"@type":"WebPage","@id":"https:\/\/lda.be\/fr\/produit\/serie-de-pinces-egrr\/","url":"https:\/\/lda.be\/fr\/produit\/serie-de-pinces-egrr\/","name":"S\u00e9rie de pinces EGRR - LDA Belgique","isPartOf":{"@id":"https:\/\/lda.be\/fr\/#website"},"primaryImageOfPage":{"@id":"https:\/\/lda.be\/fr\/produit\/serie-de-pinces-egrr\/#primaryimage"},"image":{"@id":"https:\/\/lda.be\/fr\/produit\/serie-de-pinces-egrr\/#primaryimage"},"thumbnailUrl":"https:\/\/lda.be\/wp-content\/uploads\/2025\/12\/Series-EGRR-High-Capacity-Electric-Parallel-Gripper-1.webp","datePublished":"2025-12-17T14:14:08+00:00","dateModified":"2025-12-17T14:44:03+00:00","description":"Pince parall\u00e8le robuste s\u00e9rie EGRR: pince command\u00e9e par servomoteur avec force de pr\u00e9hension \u00e9lev\u00e9e et contr\u00f4le pr\u00e9cis pour applications industrielles.","breadcrumb":{"@id":"https:\/\/lda.be\/fr\/produit\/serie-de-pinces-egrr\/#breadcrumb"},"inLanguage":"fr-FR","potentialAction":[{"@type":"ReadAction","target":["https:\/\/lda.be\/fr\/produit\/serie-de-pinces-egrr\/"]}]},{"@type":"ImageObject","inLanguage":"fr-FR","@id":"https:\/\/lda.be\/fr\/produit\/serie-de-pinces-egrr\/#primaryimage","url":"https:\/\/lda.be\/wp-content\/uploads\/2025\/12\/Series-EGRR-High-Capacity-Electric-Parallel-Gripper-1.webp","contentUrl":"https:\/\/lda.be\/wp-content\/uploads\/2025\/12\/Series-EGRR-High-Capacity-Electric-Parallel-Gripper-1.webp","width":1080,"height":1080,"caption":"Series EGRR High Capacity Electric Parallel Gripper van PHD"},{"@type":"BreadcrumbList","@id":"https:\/\/lda.be\/fr\/produit\/serie-de-pinces-egrr\/#breadcrumb","itemListElement":[{"@type":"ListItem","position":1,"name":"Accueil","item":"https:\/\/lda.be\/fr\/"},{"@type":"ListItem","position":2,"name":"Produits","item":"https:\/\/lda.be\/fr\/produits\/"},{"@type":"ListItem","position":3,"name":"S\u00e9rie de pinces EGRR"}]},{"@type":"WebSite","@id":"https:\/\/lda.be\/fr\/#website","url":"https:\/\/lda.be\/fr\/","name":"LDA Belgium","description":"Solutions For Life","publisher":{"@id":"https:\/\/lda.be\/fr\/#organization"},"potentialAction":[{"@type":"SearchAction","target":{"@type":"EntryPoint","urlTemplate":"https:\/\/lda.be\/fr\/?s={search_term_string}"},"query-input":{"@type":"PropertyValueSpecification","valueRequired":true,"valueName":"search_term_string"}}],"inLanguage":"fr-FR"},{"@type":"Organization","@id":"https:\/\/lda.be\/fr\/#organization","name":"LDA Belgium","url":"https:\/\/lda.be\/fr\/","logo":{"@type":"ImageObject","inLanguage":"fr-FR","@id":"https:\/\/lda.be\/fr\/#\/schema\/logo\/image\/","url":"https:\/\/lda.be\/wp-content\/uploads\/2022\/07\/Logo-LDA.webp","contentUrl":"https:\/\/lda.be\/wp-content\/uploads\/2022\/07\/Logo-LDA.webp","width":311,"height":101,"caption":"LDA Belgium"},"image":{"@id":"https:\/\/lda.be\/fr\/#\/schema\/logo\/image\/"},"sameAs":["https:\/\/www.linkedin.com\/company\/lda-belgium-nv"]}]}},"_links":{"self":[{"href":"https:\/\/lda.be\/fr\/wp-json\/wp\/v2\/product\/14329","targetHints":{"allow":["GET"]}}],"collection":[{"href":"https:\/\/lda.be\/fr\/wp-json\/wp\/v2\/product"}],"about":[{"href":"https:\/\/lda.be\/fr\/wp-json\/wp\/v2\/types\/product"}],"replies":[{"embeddable":true,"href":"https:\/\/lda.be\/fr\/wp-json\/wp\/v2\/comments?post=14329"}],"wp:featuredmedia":[{"embeddable":true,"href":"https:\/\/lda.be\/fr\/wp-json\/wp\/v2\/media\/14325"}],"wp:attachment":[{"href":"https:\/\/lda.be\/fr\/wp-json\/wp\/v2\/media?parent=14329"}],"wp:term":[{"taxonomy":"product_brand","embeddable":true,"href":"https:\/\/lda.be\/fr\/wp-json\/wp\/v2\/product_brand?post=14329"},{"taxonomy":"product_cat","embeddable":true,"href":"https:\/\/lda.be\/fr\/wp-json\/wp\/v2\/product_cat?post=14329"},{"taxonomy":"product_tag","embeddable":true,"href":"https:\/\/lda.be\/fr\/wp-json\/wp\/v2\/product_tag?post=14329"}],"curies":[{"name":"wp","href":"https:\/\/api.w.org\/{rel}","templated":true}]}}